{"id":36721,"date":"2024-10-15T12:27:30","date_gmt":"2024-10-16T12:50:59","guid":{"rendered":"https:\/\/naturalpoland.com\/produkty\/Ei-luokiteltu\/oljypihlajaoljy\/"},"modified":"2024-10-16T14:50:59","modified_gmt":"2024-10-16T12:50:59","slug":"oljypihlajaoljy","status":"publish","type":"product","link":"https:\/\/naturalpoland.com\/fi\/tuotteet\/kosmetiikkateollisuuden-tuotteet\/eteeriset-oljyt\/oljypihlajaoljy\/","title":{"rendered":"Kataja\u00f6ljy"},"content":{"rendered":"<h2>Ominaisuudet ja sovellukset<\/h2>\n<p>Kataja\u00f6ljyll\u00e4 on antiseptisi\u00e4, antibakteerisia ja sienil\u00e4\u00e4kkeit\u00e4 sis\u00e4lt\u00e4vi\u00e4 ominaisuuksia. <strong>Kosmetiikassa<\/strong> k\u00e4ytettyn\u00e4 se auttaa puhdistamaan ihoa ja lievitt\u00e4\u00e4 ekseeman ja psoriaasin oireita. Se sopii erinomaisesti akneen ja iho-ongelmiin k\u00e4ytett\u00e4v\u00e4\u00e4n kosmetiikkaan; sit\u00e4 voidaan k\u00e4ytt\u00e4\u00e4 voiteissa, kasvovoiteissa tai naamioissa. Detoksifioivien ja verenkiertoa parantavien ominaisuuksiensa ansiosta se sopii selluliittia ehk\u00e4isevien <strong>hierontojen<\/strong> ainesosaksi. Sit\u00e4 k\u00e4ytet\u00e4\u00e4n my\u00f6s lihaskipujen, nivelkipujen, reuman ja niveltulehduksen lievitt\u00e4miseen, sill\u00e4 sill\u00e4 on tulehdusta ja kipua lievitt\u00e4vi\u00e4 vaikutuksia. <strong>Aromaterapiassa<\/strong> katajanmarja\u00f6ljy puolestaan auttaa puhdistamaan ilmaa. Flunssan ja flunssan hoitoon tehdyiss\u00e4 inhalaatioissa se helpottaa hengitt\u00e4mist\u00e4 ja auttaa puhdistamaan hengitysteit\u00e4. Se lievitt\u00e4\u00e4 my\u00f6s v\u00e4symyst\u00e4, stressi\u00e4 ja j\u00e4nnityst\u00e4. Sill\u00e4 on rauhoittava vaikutus samalla kun se parantaa keskittymiskyky\u00e4. Kataja\u00f6ljy\u00e4 tulee k\u00e4ytt\u00e4\u00e4 varoen. On aina suositeltavaa laimentaa kantaja\u00f6ljyll\u00e4 ja tehd\u00e4 allergiatesti ennen iholle levitt\u00e4mist\u00e4.  <\/p>\n","protected":false},"excerpt":{"rendered":"<p>Luonnollinen Juniperus communis eteerinen \u00f6ljy uutetaan h\u00f6yrytislaamalla katajanmarjoista. Sen tuoksu on voimakas, raikas, puumainen ja mausteinen, ja siin\u00e4 on hento makeuden vivahde. <\/p>\n<h3><\/h3>\n","protected":false},"featured_media":36563,"template":"","meta":{"_acf_changed":false},"product_brand":[],"product_cat":[6264],"product_tag":[],"class_list":{"0":"post-36721","1":"product","2":"type-product","3":"status-publish","4":"has-post-thumbnail","6":"product_cat-eteeriset-oljyt","8":"first","9":"instock","10":"shipping-taxable","11":"product-type-simple"},"acf":[],"yoast_head":"<!-- This site is optimized with the Yoast SEO plugin v27.4 - https:\/\/yoast.com\/product\/yoast-seo-wordpress\/ -->\n<title>Kataja\u00f6ljy - NATURAL POLAND - RAAKA-AINEIDEN TUKKUJAKELIJA<\/title>\n<meta name=\"description\" content=\"Luonnollinen katajanmarjan (Juniperus communis) eteerinen \u00f6ljy uutetaan katajanmarjoista h\u00f6yrytislaamalla.\" \/>\n<meta name=\"robots\" content=\"index, follow, max-snippet:-1, max-image-preview:large, max-video-preview:-1\" \/>\n<link rel=\"canonical\" href=\"https:\/\/naturalpoland.com\/fi\/tuotteet\/kosmetiikkateollisuuden-tuotteet\/eteeriset-oljyt\/oljypihlajaoljy\/\" \/>\n<meta property=\"og:locale\" content=\"fi_FI\" \/>\n<meta property=\"og:type\" content=\"article\" \/>\n<meta property=\"og:title\" content=\"Kataja\u00f6ljy - NATURAL POLAND - RAAKA-AINEIDEN TUKKUJAKELIJA\" \/>\n<meta property=\"og:description\" content=\"Luonnollinen katajanmarjan (Juniperus communis) eteerinen \u00f6ljy uutetaan katajanmarjoista h\u00f6yrytislaamalla.\" \/>\n<meta property=\"og:url\" content=\"https:\/\/naturalpoland.com\/fi\/tuotteet\/kosmetiikkateollisuuden-tuotteet\/eteeriset-oljyt\/oljypihlajaoljy\/\" \/>\n<meta property=\"og:site_name\" content=\"NATURAL POLAND - RAAKA-AINEIDEN TUKKUJAKELIJA\" \/>\n<meta property=\"article:publisher\" content=\"https:\/\/www.facebook.com\/naturalpoland.b2b\" \/>\n<meta property=\"og:image\" content=\"https:\/\/naturalpoland.com\/wp-content\/uploads\/olejek-z-jalowca.webp\" \/>\n\t<meta property=\"og:image:width\" content=\"610\" \/>\n\t<meta property=\"og:image:height\" content=\"610\" \/>\n\t<meta property=\"og:image:type\" content=\"image\/webp\" \/>\n<script type=\"application\/ld+json\" class=\"yoast-schema-graph\">{\"@context\":\"https:\\\/\\\/schema.org\",\"@graph\":[{\"@type\":\"WebPage\",\"@id\":\"https:\\\/\\\/naturalpoland.com\\\/fi\\\/tuotteet\\\/kosmetiikkateollisuuden-tuotteet\\\/eteeriset-oljyt\\\/oljypihlajaoljy\\\/\",\"url\":\"https:\\\/\\\/naturalpoland.com\\\/fi\\\/tuotteet\\\/kosmetiikkateollisuuden-tuotteet\\\/eteeriset-oljyt\\\/oljypihlajaoljy\\\/\",\"name\":\"Kataja\u00f6ljy - NATURAL POLAND - RAAKA-AINEIDEN TUKKUJAKELIJA\",\"isPartOf\":{\"@id\":\"https:\\\/\\\/naturalpoland.com\\\/fi\\\/#website\"},\"primaryImageOfPage\":{\"@id\":\"https:\\\/\\\/naturalpoland.com\\\/fi\\\/tuotteet\\\/kosmetiikkateollisuuden-tuotteet\\\/eteeriset-oljyt\\\/oljypihlajaoljy\\\/#primaryimage\"},\"image\":{\"@id\":\"https:\\\/\\\/naturalpoland.com\\\/fi\\\/tuotteet\\\/kosmetiikkateollisuuden-tuotteet\\\/eteeriset-oljyt\\\/oljypihlajaoljy\\\/#primaryimage\"},\"thumbnailUrl\":\"https:\\\/\\\/naturalpoland.com\\\/wp-content\\\/uploads\\\/olejek-z-jalowca.webp\",\"datePublished\":\"2024-10-16T12:50:59+00:00\",\"description\":\"Luonnollinen katajanmarjan (Juniperus communis) eteerinen \u00f6ljy uutetaan katajanmarjoista h\u00f6yrytislaamalla.\",\"breadcrumb\":{\"@id\":\"https:\\\/\\\/naturalpoland.com\\\/fi\\\/tuotteet\\\/kosmetiikkateollisuuden-tuotteet\\\/eteeriset-oljyt\\\/oljypihlajaoljy\\\/#breadcrumb\"},\"inLanguage\":\"fi\",\"potentialAction\":[{\"@type\":\"ReadAction\",\"target\":[\"https:\\\/\\\/naturalpoland.com\\\/fi\\\/tuotteet\\\/kosmetiikkateollisuuden-tuotteet\\\/eteeriset-oljyt\\\/oljypihlajaoljy\\\/\"]}]},{\"@type\":\"ImageObject\",\"inLanguage\":\"fi\",\"@id\":\"https:\\\/\\\/naturalpoland.com\\\/fi\\\/tuotteet\\\/kosmetiikkateollisuuden-tuotteet\\\/eteeriset-oljyt\\\/oljypihlajaoljy\\\/#primaryimage\",\"url\":\"https:\\\/\\\/naturalpoland.com\\\/wp-content\\\/uploads\\\/olejek-z-jalowca.webp\",\"contentUrl\":\"https:\\\/\\\/naturalpoland.com\\\/wp-content\\\/uploads\\\/olejek-z-jalowca.webp\",\"width\":610,\"height\":610,\"caption\":\"Naturalny olejek eteryczny z ja\u0142owca pospolitego\"},{\"@type\":\"BreadcrumbList\",\"@id\":\"https:\\\/\\\/naturalpoland.com\\\/fi\\\/tuotteet\\\/kosmetiikkateollisuuden-tuotteet\\\/eteeriset-oljyt\\\/oljypihlajaoljy\\\/#breadcrumb\",\"itemListElement\":[{\"@type\":\"ListItem\",\"position\":1,\"name\":\"Etusivu\",\"item\":\"https:\\\/\\\/naturalpoland.com\\\/fi\\\/\"},{\"@type\":\"ListItem\",\"position\":2,\"name\":\"Tuotteet\",\"item\":\"https:\\\/\\\/naturalpoland.com\\\/fi\\\/tuotteet\\\/\"},{\"@type\":\"ListItem\",\"position\":3,\"name\":\"Kataja\u00f6ljy\"}]},{\"@type\":\"WebSite\",\"@id\":\"https:\\\/\\\/naturalpoland.com\\\/fi\\\/#website\",\"url\":\"https:\\\/\\\/naturalpoland.com\\\/fi\\\/\",\"name\":\"NATURAL POLAND - RAAKA-AINEIDEN TUKKUJAKELIJA\",\"description\":\"Surowce dla przemys\u0142u spo\u017cywczego, kosmetycznego i farmaceutycznego\",\"publisher\":{\"@id\":\"https:\\\/\\\/naturalpoland.com\\\/fi\\\/#organization\"},\"potentialAction\":[{\"@type\":\"SearchAction\",\"target\":{\"@type\":\"EntryPoint\",\"urlTemplate\":\"https:\\\/\\\/naturalpoland.com\\\/fi\\\/?s={search_term_string}\"},\"query-input\":{\"@type\":\"PropertyValueSpecification\",\"valueRequired\":true,\"valueName\":\"search_term_string\"}}],\"inLanguage\":\"fi\"},{\"@type\":\"Organization\",\"@id\":\"https:\\\/\\\/naturalpoland.com\\\/fi\\\/#organization\",\"name\":\"Natural Poland\",\"url\":\"https:\\\/\\\/naturalpoland.com\\\/fi\\\/\",\"logo\":{\"@type\":\"ImageObject\",\"inLanguage\":\"fi\",\"@id\":\"https:\\\/\\\/naturalpoland.com\\\/fi\\\/#\\\/schema\\\/logo\\\/image\\\/\",\"url\":\"https:\\\/\\\/naturalpoland.com\\\/wp-content\\\/uploads\\\/2021\\\/05\\\/natural-poland-icon.png\",\"contentUrl\":\"https:\\\/\\\/naturalpoland.com\\\/wp-content\\\/uploads\\\/2021\\\/05\\\/natural-poland-icon.png\",\"width\":512,\"height\":512,\"caption\":\"Natural Poland\"},\"image\":{\"@id\":\"https:\\\/\\\/naturalpoland.com\\\/fi\\\/#\\\/schema\\\/logo\\\/image\\\/\"},\"sameAs\":[\"https:\\\/\\\/www.facebook.com\\\/naturalpoland.b2b\",\"https:\\\/\\\/pl.linkedin.com\\\/company\\\/natural-poland\",\"https:\\\/\\\/www.youtube.com\\\/channel\\\/UCgeGGkvOMahZo-xu_MSEWxg\"]}]}<\/script>\n<!-- \/ Yoast SEO plugin. -->","yoast_head_json":{"title":"Kataja\u00f6ljy - NATURAL POLAND - RAAKA-AINEIDEN TUKKUJAKELIJA","description":"Luonnollinen katajanmarjan (Juniperus communis) eteerinen \u00f6ljy uutetaan katajanmarjoista h\u00f6yrytislaamalla.","robots":{"index":"index","follow":"follow","max-snippet":"max-snippet:-1","max-image-preview":"max-image-preview:large","max-video-preview":"max-video-preview:-1"},"canonical":"https:\/\/naturalpoland.com\/fi\/tuotteet\/kosmetiikkateollisuuden-tuotteet\/eteeriset-oljyt\/oljypihlajaoljy\/","og_locale":"fi_FI","og_type":"article","og_title":"Kataja\u00f6ljy - NATURAL POLAND - RAAKA-AINEIDEN TUKKUJAKELIJA","og_description":"Luonnollinen katajanmarjan (Juniperus communis) eteerinen \u00f6ljy uutetaan katajanmarjoista h\u00f6yrytislaamalla.","og_url":"https:\/\/naturalpoland.com\/fi\/tuotteet\/kosmetiikkateollisuuden-tuotteet\/eteeriset-oljyt\/oljypihlajaoljy\/","og_site_name":"NATURAL POLAND - RAAKA-AINEIDEN TUKKUJAKELIJA","article_publisher":"https:\/\/www.facebook.com\/naturalpoland.b2b","og_image":[{"width":610,"height":610,"url":"https:\/\/naturalpoland.com\/wp-content\/uploads\/olejek-z-jalowca.webp","type":"image\/webp"}],"schema":{"@context":"https:\/\/schema.org","@graph":[{"@type":"WebPage","@id":"https:\/\/naturalpoland.com\/fi\/tuotteet\/kosmetiikkateollisuuden-tuotteet\/eteeriset-oljyt\/oljypihlajaoljy\/","url":"https:\/\/naturalpoland.com\/fi\/tuotteet\/kosmetiikkateollisuuden-tuotteet\/eteeriset-oljyt\/oljypihlajaoljy\/","name":"Kataja\u00f6ljy - NATURAL POLAND - RAAKA-AINEIDEN TUKKUJAKELIJA","isPartOf":{"@id":"https:\/\/naturalpoland.com\/fi\/#website"},"primaryImageOfPage":{"@id":"https:\/\/naturalpoland.com\/fi\/tuotteet\/kosmetiikkateollisuuden-tuotteet\/eteeriset-oljyt\/oljypihlajaoljy\/#primaryimage"},"image":{"@id":"https:\/\/naturalpoland.com\/fi\/tuotteet\/kosmetiikkateollisuuden-tuotteet\/eteeriset-oljyt\/oljypihlajaoljy\/#primaryimage"},"thumbnailUrl":"https:\/\/naturalpoland.com\/wp-content\/uploads\/olejek-z-jalowca.webp","datePublished":"2024-10-16T12:50:59+00:00","description":"Luonnollinen katajanmarjan (Juniperus communis) eteerinen \u00f6ljy uutetaan katajanmarjoista h\u00f6yrytislaamalla.","breadcrumb":{"@id":"https:\/\/naturalpoland.com\/fi\/tuotteet\/kosmetiikkateollisuuden-tuotteet\/eteeriset-oljyt\/oljypihlajaoljy\/#breadcrumb"},"inLanguage":"fi","potentialAction":[{"@type":"ReadAction","target":["https:\/\/naturalpoland.com\/fi\/tuotteet\/kosmetiikkateollisuuden-tuotteet\/eteeriset-oljyt\/oljypihlajaoljy\/"]}]},{"@type":"ImageObject","inLanguage":"fi","@id":"https:\/\/naturalpoland.com\/fi\/tuotteet\/kosmetiikkateollisuuden-tuotteet\/eteeriset-oljyt\/oljypihlajaoljy\/#primaryimage","url":"https:\/\/naturalpoland.com\/wp-content\/uploads\/olejek-z-jalowca.webp","contentUrl":"https:\/\/naturalpoland.com\/wp-content\/uploads\/olejek-z-jalowca.webp","width":610,"height":610,"caption":"Naturalny olejek eteryczny z ja\u0142owca pospolitego"},{"@type":"BreadcrumbList","@id":"https:\/\/naturalpoland.com\/fi\/tuotteet\/kosmetiikkateollisuuden-tuotteet\/eteeriset-oljyt\/oljypihlajaoljy\/#breadcrumb","itemListElement":[{"@type":"ListItem","position":1,"name":"Etusivu","item":"https:\/\/naturalpoland.com\/fi\/"},{"@type":"ListItem","position":2,"name":"Tuotteet","item":"https:\/\/naturalpoland.com\/fi\/tuotteet\/"},{"@type":"ListItem","position":3,"name":"Kataja\u00f6ljy"}]},{"@type":"WebSite","@id":"https:\/\/naturalpoland.com\/fi\/#website","url":"https:\/\/naturalpoland.com\/fi\/","name":"NATURAL POLAND - RAAKA-AINEIDEN TUKKUJAKELIJA","description":"Surowce dla przemys\u0142u spo\u017cywczego, kosmetycznego i farmaceutycznego","publisher":{"@id":"https:\/\/naturalpoland.com\/fi\/#organization"},"potentialAction":[{"@type":"SearchAction","target":{"@type":"EntryPoint","urlTemplate":"https:\/\/naturalpoland.com\/fi\/?s={search_term_string}"},"query-input":{"@type":"PropertyValueSpecification","valueRequired":true,"valueName":"search_term_string"}}],"inLanguage":"fi"},{"@type":"Organization","@id":"https:\/\/naturalpoland.com\/fi\/#organization","name":"Natural Poland","url":"https:\/\/naturalpoland.com\/fi\/","logo":{"@type":"ImageObject","inLanguage":"fi","@id":"https:\/\/naturalpoland.com\/fi\/#\/schema\/logo\/image\/","url":"https:\/\/naturalpoland.com\/wp-content\/uploads\/2021\/05\/natural-poland-icon.png","contentUrl":"https:\/\/naturalpoland.com\/wp-content\/uploads\/2021\/05\/natural-poland-icon.png","width":512,"height":512,"caption":"Natural Poland"},"image":{"@id":"https:\/\/naturalpoland.com\/fi\/#\/schema\/logo\/image\/"},"sameAs":["https:\/\/www.facebook.com\/naturalpoland.b2b","https:\/\/pl.linkedin.com\/company\/natural-poland","https:\/\/www.youtube.com\/channel\/UCgeGGkvOMahZo-xu_MSEWxg"]}]}},"_links":{"self":[{"href":"https:\/\/naturalpoland.com\/fi\/wp-json\/wp\/v2\/product\/36721","targetHints":{"allow":["GET"]}}],"collection":[{"href":"https:\/\/naturalpoland.com\/fi\/wp-json\/wp\/v2\/product"}],"about":[{"href":"https:\/\/naturalpoland.com\/fi\/wp-json\/wp\/v2\/types\/product"}],"wp:featuredmedia":[{"embeddable":true,"href":"https:\/\/naturalpoland.com\/fi\/wp-json\/wp\/v2\/media\/36563"}],"wp:attachment":[{"href":"https:\/\/naturalpoland.com\/fi\/wp-json\/wp\/v2\/media?parent=36721"}],"wp:term":[{"taxonomy":"product_brand","embeddable":true,"href":"https:\/\/naturalpoland.com\/fi\/wp-json\/wp\/v2\/product_brand?post=36721"},{"taxonomy":"product_cat","embeddable":true,"href":"https:\/\/naturalpoland.com\/fi\/wp-json\/wp\/v2\/product_cat?post=36721"},{"taxonomy":"product_tag","embeddable":true,"href":"https:\/\/naturalpoland.com\/fi\/wp-json\/wp\/v2\/product_tag?post=36721"}],"curies":[{"name":"wp","href":"https:\/\/api.w.org\/{rel}","templated":true}]}}