{"id":36954,"date":"2024-10-21T14:02:07","date_gmt":"2024-10-21T12:02:07","guid":{"rendered":"https:\/\/naturalpoland.com\/produkty\/Ei-luokiteltu\/ruusuoljy-damaskiini\/"},"modified":"2024-10-21T14:48:17","modified_gmt":"2024-10-21T12:48:17","slug":"ruusuoljy-damaskiini","status":"publish","type":"product","link":"https:\/\/naturalpoland.com\/fi\/tuotteet\/kosmetiikkateollisuuden-tuotteet\/eteeriset-oljyt\/ruusuoljy-damaskiini\/","title":{"rendered":"Damaskin ruusu\u00f6ljy"},"content":{"rendered":"<h2>\u00d6ljyn uuttaminen<\/h2>\n<p>Ruusu\u00f6ljy saadaan k\u00e4sin poimituista damaskinruusun kukista, jotka tislataan niiden lyhyen t\u00e4yden kukinnan aikana, jolloin kukkien tuoksu on voimakkaimmillaan. Eritt\u00e4in monimutkaisen tuotantoprosessin vuoksi ruusu\u00f6ljy on yksi kalleimmista eteerisist\u00e4 \u00f6ljyist\u00e4 &#8211; 1 kilon \u00f6ljyn tuottamiseen tarvitaan jopa 5 tonnia ter\u00e4lehti\u00e4. <\/p>\n<h2>Ominaisuudet<\/h2>\n<p><strong>Aromaterapiassa<\/strong> ruusu\u00f6ljy on tunnettu keino parantaa mielialaa ja v\u00e4hent\u00e4\u00e4 stressi\u00e4. Sen herkk\u00e4, kukkainen tuoksu vaikuttaa rauhoittavasti hermostoon, lievitt\u00e4\u00e4 j\u00e4nnityst\u00e4 ja auttaa torjumaan masennusta, ahdistusta ja unettomuutta. Se on my\u00f6s aphrodisiac, joka edist\u00e4\u00e4 romanttista ilmapiiri\u00e4 ja vahvistaa tunnesiteit\u00e4. Ruusu\u00f6ljy\u00e4 arvostetaan sen kyvyst\u00e4 vaikuttaa limbiseen j\u00e4rjestelm\u00e4\u00e4n, joka vastaa tunteista ja muistista. Sen tuoksu auttaa v\u00e4hent\u00e4m\u00e4\u00e4n stressi\u00e4, ahdistusta ja surun tunteita. <strong>Kosmetiikassa<\/strong> damaskinruusu\u00f6ljy sopii erinomaisesti ihonhoitoon, erityisesti kyps\u00e4lle, herk\u00e4lle ja kuivalle iholle. Sill\u00e4 on uudistava vaikutus, se ehk\u00e4isee ihon ik\u00e4\u00e4ntymist\u00e4, vahvistaa verisuonia ja auttaa v\u00e4hent\u00e4m\u00e4\u00e4n punoitusta ja \u00e4rsytyst\u00e4. Sen sis\u00e4lt\u00e4m\u00e4t yhdisteet, kuten C-vitamiini ja rasvahapot, auttavat uudistamaan epidermist\u00e4, vaalentamaan v\u00e4rimuutoksia ja tasoittamaan ihon s\u00e4vy\u00e4. Se on my\u00f6s ihanteellinen ainesosa kosmetiikassa akneen taipuvaiselle ongelmalliselle iholle. Hell\u00e4varaisen mutta tehokkaan vaikutuksensa ansiosta se rauhoittaa tulehdusta, v\u00e4hent\u00e4\u00e4 talintuotantoa ja edist\u00e4\u00e4 paranemista. Damaskinruusu\u00f6ljy on yksi t\u00e4rkeimmist\u00e4 ainesosista ylellisess\u00e4 ihon- ja hiustenhoitokosmetiikassa.  <\/p>\n","protected":false},"excerpt":{"rendered":"<p><strong>Damaskinruusun eteerinen \u00f6ljy (<em>Rosa damascena<\/em><\/strong> ) on yksi maailman arvostetuimmista ja ylellisimmist\u00e4 eteerisist\u00e4 \u00f6ljyist\u00e4. Se uutetaan p\u00e4\u00e4asiassa Bulgariassa kuuluisassa ruusulaaksossa kasvatetun damaskiruusun ter\u00e4lehdist\u00e4, ja \u00f6ljy tislataan h\u00f6yrytislaamalla. <\/p>\n","protected":false},"featured_media":36921,"template":"","meta":{"_acf_changed":false},"product_brand":[],"product_cat":[6264],"product_tag":[],"class_list":{"0":"post-36954","1":"product","2":"type-product","3":"status-publish","4":"has-post-thumbnail","6":"product_cat-eteeriset-oljyt","7":"pa_metoda-pozyskiwania-tislaus","9":"first","10":"instock","11":"shipping-taxable","12":"product-type-simple"},"acf":[],"yoast_head":"<!-- This site is optimized with the Yoast SEO plugin v27.4 - https:\/\/yoast.com\/product\/yoast-seo-wordpress\/ -->\n<title>Damaskin ruusu\u00f6ljy - NATURAL POLAND - RAAKA-AINEIDEN TUKKUJAKELIJA<\/title>\n<meta name=\"description\" content=\"Damaskinruusun eteerinen \u00f6ljy (Rosa damascena) on ainutlaatuisen tuoksunsa vuoksi todellinen ylellisyys aromaterapian ja kosmetiikan maailmassa.\" \/>\n<meta name=\"robots\" content=\"index, follow, max-snippet:-1, max-image-preview:large, max-video-preview:-1\" \/>\n<link rel=\"canonical\" href=\"https:\/\/naturalpoland.com\/fi\/tuotteet\/kosmetiikkateollisuuden-tuotteet\/eteeriset-oljyt\/ruusuoljy-damaskiini\/\" \/>\n<meta property=\"og:locale\" content=\"fi_FI\" \/>\n<meta property=\"og:type\" content=\"article\" \/>\n<meta property=\"og:title\" content=\"Damaskin ruusu\u00f6ljy - NATURAL POLAND - RAAKA-AINEIDEN TUKKUJAKELIJA\" \/>\n<meta property=\"og:description\" content=\"Damaskinruusun eteerinen \u00f6ljy (Rosa damascena) on ainutlaatuisen tuoksunsa vuoksi todellinen ylellisyys aromaterapian ja kosmetiikan maailmassa.\" \/>\n<meta property=\"og:url\" content=\"https:\/\/naturalpoland.com\/fi\/tuotteet\/kosmetiikkateollisuuden-tuotteet\/eteeriset-oljyt\/ruusuoljy-damaskiini\/\" \/>\n<meta property=\"og:site_name\" content=\"NATURAL POLAND - RAAKA-AINEIDEN TUKKUJAKELIJA\" \/>\n<meta property=\"article:publisher\" content=\"https:\/\/www.facebook.com\/naturalpoland.b2b\" \/>\n<meta property=\"article:modified_time\" content=\"2024-10-21T12:48:17+00:00\" \/>\n<meta property=\"og:image\" content=\"https:\/\/naturalpoland.com\/wp-content\/uploads\/olejek-z-rozy-damascenskiej.webp\" \/>\n\t<meta property=\"og:image:width\" content=\"426\" \/>\n\t<meta property=\"og:image:height\" content=\"426\" \/>\n\t<meta property=\"og:image:type\" content=\"image\/webp\" \/>\n<script type=\"application\/ld+json\" class=\"yoast-schema-graph\">{\"@context\":\"https:\\\/\\\/schema.org\",\"@graph\":[{\"@type\":\"WebPage\",\"@id\":\"https:\\\/\\\/naturalpoland.com\\\/fi\\\/tuotteet\\\/kosmetiikkateollisuuden-tuotteet\\\/eteeriset-oljyt\\\/ruusuoljy-damaskiini\\\/\",\"url\":\"https:\\\/\\\/naturalpoland.com\\\/fi\\\/tuotteet\\\/kosmetiikkateollisuuden-tuotteet\\\/eteeriset-oljyt\\\/ruusuoljy-damaskiini\\\/\",\"name\":\"Damaskin ruusu\u00f6ljy - NATURAL POLAND - RAAKA-AINEIDEN TUKKUJAKELIJA\",\"isPartOf\":{\"@id\":\"https:\\\/\\\/naturalpoland.com\\\/fi\\\/#website\"},\"primaryImageOfPage\":{\"@id\":\"https:\\\/\\\/naturalpoland.com\\\/fi\\\/tuotteet\\\/kosmetiikkateollisuuden-tuotteet\\\/eteeriset-oljyt\\\/ruusuoljy-damaskiini\\\/#primaryimage\"},\"image\":{\"@id\":\"https:\\\/\\\/naturalpoland.com\\\/fi\\\/tuotteet\\\/kosmetiikkateollisuuden-tuotteet\\\/eteeriset-oljyt\\\/ruusuoljy-damaskiini\\\/#primaryimage\"},\"thumbnailUrl\":\"https:\\\/\\\/naturalpoland.com\\\/wp-content\\\/uploads\\\/olejek-z-rozy-damascenskiej.webp\",\"datePublished\":\"2024-10-21T12:02:07+00:00\",\"dateModified\":\"2024-10-21T12:48:17+00:00\",\"description\":\"Damaskinruusun eteerinen \u00f6ljy (Rosa damascena) on ainutlaatuisen tuoksunsa vuoksi todellinen ylellisyys aromaterapian ja kosmetiikan maailmassa.\",\"breadcrumb\":{\"@id\":\"https:\\\/\\\/naturalpoland.com\\\/fi\\\/tuotteet\\\/kosmetiikkateollisuuden-tuotteet\\\/eteeriset-oljyt\\\/ruusuoljy-damaskiini\\\/#breadcrumb\"},\"inLanguage\":\"fi\",\"potentialAction\":[{\"@type\":\"ReadAction\",\"target\":[\"https:\\\/\\\/naturalpoland.com\\\/fi\\\/tuotteet\\\/kosmetiikkateollisuuden-tuotteet\\\/eteeriset-oljyt\\\/ruusuoljy-damaskiini\\\/\"]}]},{\"@type\":\"ImageObject\",\"inLanguage\":\"fi\",\"@id\":\"https:\\\/\\\/naturalpoland.com\\\/fi\\\/tuotteet\\\/kosmetiikkateollisuuden-tuotteet\\\/eteeriset-oljyt\\\/ruusuoljy-damaskiini\\\/#primaryimage\",\"url\":\"https:\\\/\\\/naturalpoland.com\\\/wp-content\\\/uploads\\\/olejek-z-rozy-damascenskiej.webp\",\"contentUrl\":\"https:\\\/\\\/naturalpoland.com\\\/wp-content\\\/uploads\\\/olejek-z-rozy-damascenskiej.webp\",\"width\":426,\"height\":426,\"caption\":\"Olejek eteryczny z r\u00f3\u017cy damasce\u0144skiej (Rosa damascena)\"},{\"@type\":\"BreadcrumbList\",\"@id\":\"https:\\\/\\\/naturalpoland.com\\\/fi\\\/tuotteet\\\/kosmetiikkateollisuuden-tuotteet\\\/eteeriset-oljyt\\\/ruusuoljy-damaskiini\\\/#breadcrumb\",\"itemListElement\":[{\"@type\":\"ListItem\",\"position\":1,\"name\":\"Etusivu\",\"item\":\"https:\\\/\\\/naturalpoland.com\\\/fi\\\/\"},{\"@type\":\"ListItem\",\"position\":2,\"name\":\"Tuotteet\",\"item\":\"https:\\\/\\\/naturalpoland.com\\\/fi\\\/tuotteet\\\/\"},{\"@type\":\"ListItem\",\"position\":3,\"name\":\"Damaskin ruusu\u00f6ljy\"}]},{\"@type\":\"WebSite\",\"@id\":\"https:\\\/\\\/naturalpoland.com\\\/fi\\\/#website\",\"url\":\"https:\\\/\\\/naturalpoland.com\\\/fi\\\/\",\"name\":\"NATURAL POLAND - RAAKA-AINEIDEN TUKKUJAKELIJA\",\"description\":\"Surowce dla przemys\u0142u spo\u017cywczego, kosmetycznego i farmaceutycznego\",\"publisher\":{\"@id\":\"https:\\\/\\\/naturalpoland.com\\\/fi\\\/#organization\"},\"potentialAction\":[{\"@type\":\"SearchAction\",\"target\":{\"@type\":\"EntryPoint\",\"urlTemplate\":\"https:\\\/\\\/naturalpoland.com\\\/fi\\\/?s={search_term_string}\"},\"query-input\":{\"@type\":\"PropertyValueSpecification\",\"valueRequired\":true,\"valueName\":\"search_term_string\"}}],\"inLanguage\":\"fi\"},{\"@type\":\"Organization\",\"@id\":\"https:\\\/\\\/naturalpoland.com\\\/fi\\\/#organization\",\"name\":\"Natural Poland\",\"url\":\"https:\\\/\\\/naturalpoland.com\\\/fi\\\/\",\"logo\":{\"@type\":\"ImageObject\",\"inLanguage\":\"fi\",\"@id\":\"https:\\\/\\\/naturalpoland.com\\\/fi\\\/#\\\/schema\\\/logo\\\/image\\\/\",\"url\":\"https:\\\/\\\/naturalpoland.com\\\/wp-content\\\/uploads\\\/2021\\\/05\\\/natural-poland-icon.png\",\"contentUrl\":\"https:\\\/\\\/naturalpoland.com\\\/wp-content\\\/uploads\\\/2021\\\/05\\\/natural-poland-icon.png\",\"width\":512,\"height\":512,\"caption\":\"Natural Poland\"},\"image\":{\"@id\":\"https:\\\/\\\/naturalpoland.com\\\/fi\\\/#\\\/schema\\\/logo\\\/image\\\/\"},\"sameAs\":[\"https:\\\/\\\/www.facebook.com\\\/naturalpoland.b2b\",\"https:\\\/\\\/pl.linkedin.com\\\/company\\\/natural-poland\",\"https:\\\/\\\/www.youtube.com\\\/channel\\\/UCgeGGkvOMahZo-xu_MSEWxg\"]}]}<\/script>\n<!-- \/ Yoast SEO plugin. -->","yoast_head_json":{"title":"Damaskin ruusu\u00f6ljy - NATURAL POLAND - RAAKA-AINEIDEN TUKKUJAKELIJA","description":"Damaskinruusun eteerinen \u00f6ljy (Rosa damascena) on ainutlaatuisen tuoksunsa vuoksi todellinen ylellisyys aromaterapian ja kosmetiikan maailmassa.","robots":{"index":"index","follow":"follow","max-snippet":"max-snippet:-1","max-image-preview":"max-image-preview:large","max-video-preview":"max-video-preview:-1"},"canonical":"https:\/\/naturalpoland.com\/fi\/tuotteet\/kosmetiikkateollisuuden-tuotteet\/eteeriset-oljyt\/ruusuoljy-damaskiini\/","og_locale":"fi_FI","og_type":"article","og_title":"Damaskin ruusu\u00f6ljy - NATURAL POLAND - RAAKA-AINEIDEN TUKKUJAKELIJA","og_description":"Damaskinruusun eteerinen \u00f6ljy (Rosa damascena) on ainutlaatuisen tuoksunsa vuoksi todellinen ylellisyys aromaterapian ja kosmetiikan maailmassa.","og_url":"https:\/\/naturalpoland.com\/fi\/tuotteet\/kosmetiikkateollisuuden-tuotteet\/eteeriset-oljyt\/ruusuoljy-damaskiini\/","og_site_name":"NATURAL POLAND - RAAKA-AINEIDEN TUKKUJAKELIJA","article_publisher":"https:\/\/www.facebook.com\/naturalpoland.b2b","article_modified_time":"2024-10-21T12:48:17+00:00","og_image":[{"width":426,"height":426,"url":"https:\/\/naturalpoland.com\/wp-content\/uploads\/olejek-z-rozy-damascenskiej.webp","type":"image\/webp"}],"schema":{"@context":"https:\/\/schema.org","@graph":[{"@type":"WebPage","@id":"https:\/\/naturalpoland.com\/fi\/tuotteet\/kosmetiikkateollisuuden-tuotteet\/eteeriset-oljyt\/ruusuoljy-damaskiini\/","url":"https:\/\/naturalpoland.com\/fi\/tuotteet\/kosmetiikkateollisuuden-tuotteet\/eteeriset-oljyt\/ruusuoljy-damaskiini\/","name":"Damaskin ruusu\u00f6ljy - NATURAL POLAND - RAAKA-AINEIDEN TUKKUJAKELIJA","isPartOf":{"@id":"https:\/\/naturalpoland.com\/fi\/#website"},"primaryImageOfPage":{"@id":"https:\/\/naturalpoland.com\/fi\/tuotteet\/kosmetiikkateollisuuden-tuotteet\/eteeriset-oljyt\/ruusuoljy-damaskiini\/#primaryimage"},"image":{"@id":"https:\/\/naturalpoland.com\/fi\/tuotteet\/kosmetiikkateollisuuden-tuotteet\/eteeriset-oljyt\/ruusuoljy-damaskiini\/#primaryimage"},"thumbnailUrl":"https:\/\/naturalpoland.com\/wp-content\/uploads\/olejek-z-rozy-damascenskiej.webp","datePublished":"2024-10-21T12:02:07+00:00","dateModified":"2024-10-21T12:48:17+00:00","description":"Damaskinruusun eteerinen \u00f6ljy (Rosa damascena) on ainutlaatuisen tuoksunsa vuoksi todellinen ylellisyys aromaterapian ja kosmetiikan maailmassa.","breadcrumb":{"@id":"https:\/\/naturalpoland.com\/fi\/tuotteet\/kosmetiikkateollisuuden-tuotteet\/eteeriset-oljyt\/ruusuoljy-damaskiini\/#breadcrumb"},"inLanguage":"fi","potentialAction":[{"@type":"ReadAction","target":["https:\/\/naturalpoland.com\/fi\/tuotteet\/kosmetiikkateollisuuden-tuotteet\/eteeriset-oljyt\/ruusuoljy-damaskiini\/"]}]},{"@type":"ImageObject","inLanguage":"fi","@id":"https:\/\/naturalpoland.com\/fi\/tuotteet\/kosmetiikkateollisuuden-tuotteet\/eteeriset-oljyt\/ruusuoljy-damaskiini\/#primaryimage","url":"https:\/\/naturalpoland.com\/wp-content\/uploads\/olejek-z-rozy-damascenskiej.webp","contentUrl":"https:\/\/naturalpoland.com\/wp-content\/uploads\/olejek-z-rozy-damascenskiej.webp","width":426,"height":426,"caption":"Olejek eteryczny z r\u00f3\u017cy damasce\u0144skiej (Rosa damascena)"},{"@type":"BreadcrumbList","@id":"https:\/\/naturalpoland.com\/fi\/tuotteet\/kosmetiikkateollisuuden-tuotteet\/eteeriset-oljyt\/ruusuoljy-damaskiini\/#breadcrumb","itemListElement":[{"@type":"ListItem","position":1,"name":"Etusivu","item":"https:\/\/naturalpoland.com\/fi\/"},{"@type":"ListItem","position":2,"name":"Tuotteet","item":"https:\/\/naturalpoland.com\/fi\/tuotteet\/"},{"@type":"ListItem","position":3,"name":"Damaskin ruusu\u00f6ljy"}]},{"@type":"WebSite","@id":"https:\/\/naturalpoland.com\/fi\/#website","url":"https:\/\/naturalpoland.com\/fi\/","name":"NATURAL POLAND - RAAKA-AINEIDEN TUKKUJAKELIJA","description":"Surowce dla przemys\u0142u spo\u017cywczego, kosmetycznego i farmaceutycznego","publisher":{"@id":"https:\/\/naturalpoland.com\/fi\/#organization"},"potentialAction":[{"@type":"SearchAction","target":{"@type":"EntryPoint","urlTemplate":"https:\/\/naturalpoland.com\/fi\/?s={search_term_string}"},"query-input":{"@type":"PropertyValueSpecification","valueRequired":true,"valueName":"search_term_string"}}],"inLanguage":"fi"},{"@type":"Organization","@id":"https:\/\/naturalpoland.com\/fi\/#organization","name":"Natural Poland","url":"https:\/\/naturalpoland.com\/fi\/","logo":{"@type":"ImageObject","inLanguage":"fi","@id":"https:\/\/naturalpoland.com\/fi\/#\/schema\/logo\/image\/","url":"https:\/\/naturalpoland.com\/wp-content\/uploads\/2021\/05\/natural-poland-icon.png","contentUrl":"https:\/\/naturalpoland.com\/wp-content\/uploads\/2021\/05\/natural-poland-icon.png","width":512,"height":512,"caption":"Natural Poland"},"image":{"@id":"https:\/\/naturalpoland.com\/fi\/#\/schema\/logo\/image\/"},"sameAs":["https:\/\/www.facebook.com\/naturalpoland.b2b","https:\/\/pl.linkedin.com\/company\/natural-poland","https:\/\/www.youtube.com\/channel\/UCgeGGkvOMahZo-xu_MSEWxg"]}]}},"_links":{"self":[{"href":"https:\/\/naturalpoland.com\/fi\/wp-json\/wp\/v2\/product\/36954","targetHints":{"allow":["GET"]}}],"collection":[{"href":"https:\/\/naturalpoland.com\/fi\/wp-json\/wp\/v2\/product"}],"about":[{"href":"https:\/\/naturalpoland.com\/fi\/wp-json\/wp\/v2\/types\/product"}],"wp:featuredmedia":[{"embeddable":true,"href":"https:\/\/naturalpoland.com\/fi\/wp-json\/wp\/v2\/media\/36921"}],"wp:attachment":[{"href":"https:\/\/naturalpoland.com\/fi\/wp-json\/wp\/v2\/media?parent=36954"}],"wp:term":[{"taxonomy":"product_brand","embeddable":true,"href":"https:\/\/naturalpoland.com\/fi\/wp-json\/wp\/v2\/product_brand?post=36954"},{"taxonomy":"product_cat","embeddable":true,"href":"https:\/\/naturalpoland.com\/fi\/wp-json\/wp\/v2\/product_cat?post=36954"},{"taxonomy":"product_tag","embeddable":true,"href":"https:\/\/naturalpoland.com\/fi\/wp-json\/wp\/v2\/product_tag?post=36954"}],"curies":[{"name":"wp","href":"https:\/\/api.w.org\/{rel}","templated":true}]}}