{"id":37013,"date":"2024-10-17T15:31:29","date_gmt":"2024-10-21T12:52:55","guid":{"rendered":"https:\/\/naturalpoland.com\/produkty\/Ei-luokiteltu\/patchoulioljy\/"},"modified":"2024-10-21T14:52:55","modified_gmt":"2024-10-21T12:52:55","slug":"patchoulioljy","status":"publish","type":"product","link":"https:\/\/naturalpoland.com\/fi\/tuotteet\/kosmetiikkateollisuuden-tuotteet\/eteeriset-oljyt\/patchoulioljy\/","title":{"rendered":"Patchouli\u00f6ljy"},"content":{"rendered":"<h2>K\u00e4ytt\u00f6 aromaterapiassa:<\/h2>\n<p>Patchoulia pidet\u00e4\u00e4n luonnollisena aphrodisiacina. Sen tuoksu stimuloi aisteja ja parantaa mielialaa sek\u00e4 lievitt\u00e4\u00e4 hermostollista j\u00e4nnityst\u00e4 ja tuo rauhallisuuden ja emotionaalisen tasapainon tunteen. Hajuvesiss\u00e4 patsuli\u00f6ljy on luonnollinen kiinnitysaine, joka lis\u00e4\u00e4 muiden tuoksujen syvyytt\u00e4 ja pitk\u00e4ik\u00e4isyytt\u00e4. Se on erityisen suosittu santelipuun, bergamotin ja ruusun kanssa k\u00e4ytett\u00e4viss\u00e4 tuoksuissa. Se sekoittuu t\u00e4ydellisesti mausteisten, maanl\u00e4heisten ja kukkaisten s\u00e4vyjen kanssa. \u00d6ljy on v\u00e4ltt\u00e4m\u00e4t\u00f6n eksklusiivisten hajuvesien ja kosmetiikan, kuten saippuoiden, voiteiden ja deodoranttien valmistuksessa. Sen tuoksu on hyvin pitk\u00e4kestoinen. <\/p>\n","protected":false},"excerpt":{"rendered":"<p><strong>Patchouli eteerinen \u00f6ljy<\/strong> uutetaan <em>Pogostemon cablin<\/em>-kasvin lehdist\u00e4, jotka tunnetaan sen paksuista varsista ja pienist\u00e4, vaaleanpunaisista kukista. Sille on ominaista myskinen ja lumoava tuoksu. Patchouli on kotoisin Kaakkois-Aasian trooppisilta alueilta, ja sit\u00e4 k\u00e4ytet\u00e4\u00e4n aromaterapiassa ja hajusteollisuudessa.  <\/p>\n","protected":false},"featured_media":36812,"template":"","meta":{"_acf_changed":false},"product_brand":[],"product_cat":[6264],"product_tag":[],"class_list":{"0":"post-37013","1":"product","2":"type-product","3":"status-publish","4":"has-post-thumbnail","6":"product_cat-eteeriset-oljyt","8":"first","9":"instock","10":"shipping-taxable","11":"product-type-simple"},"acf":[],"yoast_head":"<!-- This site is optimized with the Yoast SEO plugin v27.4 - https:\/\/yoast.com\/product\/yoast-seo-wordpress\/ -->\n<title>Patchouli\u00f6ljy - NATURAL POLAND - RAAKA-AINEIDEN TUKKUJAKELIJA<\/title>\n<meta name=\"description\" content=\"Patchouli\u00f6ljy on laaja-alainen tuote iholle, tunteille ja aisteille. Se on yksi luonnollisista keinoista parantaa mielialaa ja kauneutta.\" \/>\n<meta name=\"robots\" content=\"index, follow, max-snippet:-1, max-image-preview:large, max-video-preview:-1\" \/>\n<link rel=\"canonical\" href=\"https:\/\/naturalpoland.com\/fi\/tuotteet\/kosmetiikkateollisuuden-tuotteet\/eteeriset-oljyt\/patchoulioljy\/\" \/>\n<meta property=\"og:locale\" content=\"fi_FI\" \/>\n<meta property=\"og:type\" content=\"article\" \/>\n<meta property=\"og:title\" content=\"Patchouli\u00f6ljy - NATURAL POLAND - RAAKA-AINEIDEN TUKKUJAKELIJA\" \/>\n<meta property=\"og:description\" content=\"Patchouli\u00f6ljy on laaja-alainen tuote iholle, tunteille ja aisteille. Se on yksi luonnollisista keinoista parantaa mielialaa ja kauneutta.\" \/>\n<meta property=\"og:url\" content=\"https:\/\/naturalpoland.com\/fi\/tuotteet\/kosmetiikkateollisuuden-tuotteet\/eteeriset-oljyt\/patchoulioljy\/\" \/>\n<meta property=\"og:site_name\" content=\"NATURAL POLAND - RAAKA-AINEIDEN TUKKUJAKELIJA\" \/>\n<meta property=\"article:publisher\" content=\"https:\/\/www.facebook.com\/naturalpoland.b2b\" \/>\n<meta property=\"og:image\" content=\"https:\/\/naturalpoland.com\/wp-content\/uploads\/olejek-eteryczny-z-paczuli.webp\" \/>\n\t<meta property=\"og:image:width\" content=\"619\" \/>\n\t<meta property=\"og:image:height\" content=\"619\" \/>\n\t<meta property=\"og:image:type\" content=\"image\/webp\" \/>\n<script type=\"application\/ld+json\" class=\"yoast-schema-graph\">{\"@context\":\"https:\\\/\\\/schema.org\",\"@graph\":[{\"@type\":\"WebPage\",\"@id\":\"https:\\\/\\\/naturalpoland.com\\\/fi\\\/tuotteet\\\/kosmetiikkateollisuuden-tuotteet\\\/eteeriset-oljyt\\\/patchoulioljy\\\/\",\"url\":\"https:\\\/\\\/naturalpoland.com\\\/fi\\\/tuotteet\\\/kosmetiikkateollisuuden-tuotteet\\\/eteeriset-oljyt\\\/patchoulioljy\\\/\",\"name\":\"Patchouli\u00f6ljy - NATURAL POLAND - RAAKA-AINEIDEN TUKKUJAKELIJA\",\"isPartOf\":{\"@id\":\"https:\\\/\\\/naturalpoland.com\\\/fi\\\/#website\"},\"primaryImageOfPage\":{\"@id\":\"https:\\\/\\\/naturalpoland.com\\\/fi\\\/tuotteet\\\/kosmetiikkateollisuuden-tuotteet\\\/eteeriset-oljyt\\\/patchoulioljy\\\/#primaryimage\"},\"image\":{\"@id\":\"https:\\\/\\\/naturalpoland.com\\\/fi\\\/tuotteet\\\/kosmetiikkateollisuuden-tuotteet\\\/eteeriset-oljyt\\\/patchoulioljy\\\/#primaryimage\"},\"thumbnailUrl\":\"https:\\\/\\\/naturalpoland.com\\\/wp-content\\\/uploads\\\/olejek-eteryczny-z-paczuli.webp\",\"datePublished\":\"2024-10-21T12:52:55+00:00\",\"description\":\"Patchouli\u00f6ljy on laaja-alainen tuote iholle, tunteille ja aisteille. Se on yksi luonnollisista keinoista parantaa mielialaa ja kauneutta.\",\"breadcrumb\":{\"@id\":\"https:\\\/\\\/naturalpoland.com\\\/fi\\\/tuotteet\\\/kosmetiikkateollisuuden-tuotteet\\\/eteeriset-oljyt\\\/patchoulioljy\\\/#breadcrumb\"},\"inLanguage\":\"fi\",\"potentialAction\":[{\"@type\":\"ReadAction\",\"target\":[\"https:\\\/\\\/naturalpoland.com\\\/fi\\\/tuotteet\\\/kosmetiikkateollisuuden-tuotteet\\\/eteeriset-oljyt\\\/patchoulioljy\\\/\"]}]},{\"@type\":\"ImageObject\",\"inLanguage\":\"fi\",\"@id\":\"https:\\\/\\\/naturalpoland.com\\\/fi\\\/tuotteet\\\/kosmetiikkateollisuuden-tuotteet\\\/eteeriset-oljyt\\\/patchoulioljy\\\/#primaryimage\",\"url\":\"https:\\\/\\\/naturalpoland.com\\\/wp-content\\\/uploads\\\/olejek-eteryczny-z-paczuli.webp\",\"contentUrl\":\"https:\\\/\\\/naturalpoland.com\\\/wp-content\\\/uploads\\\/olejek-eteryczny-z-paczuli.webp\",\"width\":619,\"height\":619,\"caption\":\"olejek\"},{\"@type\":\"BreadcrumbList\",\"@id\":\"https:\\\/\\\/naturalpoland.com\\\/fi\\\/tuotteet\\\/kosmetiikkateollisuuden-tuotteet\\\/eteeriset-oljyt\\\/patchoulioljy\\\/#breadcrumb\",\"itemListElement\":[{\"@type\":\"ListItem\",\"position\":1,\"name\":\"Etusivu\",\"item\":\"https:\\\/\\\/naturalpoland.com\\\/fi\\\/\"},{\"@type\":\"ListItem\",\"position\":2,\"name\":\"Tuotteet\",\"item\":\"https:\\\/\\\/naturalpoland.com\\\/fi\\\/tuotteet\\\/\"},{\"@type\":\"ListItem\",\"position\":3,\"name\":\"Patchouli\u00f6ljy\"}]},{\"@type\":\"WebSite\",\"@id\":\"https:\\\/\\\/naturalpoland.com\\\/fi\\\/#website\",\"url\":\"https:\\\/\\\/naturalpoland.com\\\/fi\\\/\",\"name\":\"NATURAL POLAND - RAAKA-AINEIDEN TUKKUJAKELIJA\",\"description\":\"Surowce dla przemys\u0142u spo\u017cywczego, kosmetycznego i farmaceutycznego\",\"publisher\":{\"@id\":\"https:\\\/\\\/naturalpoland.com\\\/fi\\\/#organization\"},\"potentialAction\":[{\"@type\":\"SearchAction\",\"target\":{\"@type\":\"EntryPoint\",\"urlTemplate\":\"https:\\\/\\\/naturalpoland.com\\\/fi\\\/?s={search_term_string}\"},\"query-input\":{\"@type\":\"PropertyValueSpecification\",\"valueRequired\":true,\"valueName\":\"search_term_string\"}}],\"inLanguage\":\"fi\"},{\"@type\":\"Organization\",\"@id\":\"https:\\\/\\\/naturalpoland.com\\\/fi\\\/#organization\",\"name\":\"Natural Poland\",\"url\":\"https:\\\/\\\/naturalpoland.com\\\/fi\\\/\",\"logo\":{\"@type\":\"ImageObject\",\"inLanguage\":\"fi\",\"@id\":\"https:\\\/\\\/naturalpoland.com\\\/fi\\\/#\\\/schema\\\/logo\\\/image\\\/\",\"url\":\"https:\\\/\\\/naturalpoland.com\\\/wp-content\\\/uploads\\\/2021\\\/05\\\/natural-poland-icon.png\",\"contentUrl\":\"https:\\\/\\\/naturalpoland.com\\\/wp-content\\\/uploads\\\/2021\\\/05\\\/natural-poland-icon.png\",\"width\":512,\"height\":512,\"caption\":\"Natural Poland\"},\"image\":{\"@id\":\"https:\\\/\\\/naturalpoland.com\\\/fi\\\/#\\\/schema\\\/logo\\\/image\\\/\"},\"sameAs\":[\"https:\\\/\\\/www.facebook.com\\\/naturalpoland.b2b\",\"https:\\\/\\\/pl.linkedin.com\\\/company\\\/natural-poland\",\"https:\\\/\\\/www.youtube.com\\\/channel\\\/UCgeGGkvOMahZo-xu_MSEWxg\"]}]}<\/script>\n<!-- \/ Yoast SEO plugin. -->","yoast_head_json":{"title":"Patchouli\u00f6ljy - NATURAL POLAND - RAAKA-AINEIDEN TUKKUJAKELIJA","description":"Patchouli\u00f6ljy on laaja-alainen tuote iholle, tunteille ja aisteille. Se on yksi luonnollisista keinoista parantaa mielialaa ja kauneutta.","robots":{"index":"index","follow":"follow","max-snippet":"max-snippet:-1","max-image-preview":"max-image-preview:large","max-video-preview":"max-video-preview:-1"},"canonical":"https:\/\/naturalpoland.com\/fi\/tuotteet\/kosmetiikkateollisuuden-tuotteet\/eteeriset-oljyt\/patchoulioljy\/","og_locale":"fi_FI","og_type":"article","og_title":"Patchouli\u00f6ljy - NATURAL POLAND - RAAKA-AINEIDEN TUKKUJAKELIJA","og_description":"Patchouli\u00f6ljy on laaja-alainen tuote iholle, tunteille ja aisteille. Se on yksi luonnollisista keinoista parantaa mielialaa ja kauneutta.","og_url":"https:\/\/naturalpoland.com\/fi\/tuotteet\/kosmetiikkateollisuuden-tuotteet\/eteeriset-oljyt\/patchoulioljy\/","og_site_name":"NATURAL POLAND - RAAKA-AINEIDEN TUKKUJAKELIJA","article_publisher":"https:\/\/www.facebook.com\/naturalpoland.b2b","og_image":[{"width":619,"height":619,"url":"https:\/\/naturalpoland.com\/wp-content\/uploads\/olejek-eteryczny-z-paczuli.webp","type":"image\/webp"}],"schema":{"@context":"https:\/\/schema.org","@graph":[{"@type":"WebPage","@id":"https:\/\/naturalpoland.com\/fi\/tuotteet\/kosmetiikkateollisuuden-tuotteet\/eteeriset-oljyt\/patchoulioljy\/","url":"https:\/\/naturalpoland.com\/fi\/tuotteet\/kosmetiikkateollisuuden-tuotteet\/eteeriset-oljyt\/patchoulioljy\/","name":"Patchouli\u00f6ljy - NATURAL POLAND - RAAKA-AINEIDEN TUKKUJAKELIJA","isPartOf":{"@id":"https:\/\/naturalpoland.com\/fi\/#website"},"primaryImageOfPage":{"@id":"https:\/\/naturalpoland.com\/fi\/tuotteet\/kosmetiikkateollisuuden-tuotteet\/eteeriset-oljyt\/patchoulioljy\/#primaryimage"},"image":{"@id":"https:\/\/naturalpoland.com\/fi\/tuotteet\/kosmetiikkateollisuuden-tuotteet\/eteeriset-oljyt\/patchoulioljy\/#primaryimage"},"thumbnailUrl":"https:\/\/naturalpoland.com\/wp-content\/uploads\/olejek-eteryczny-z-paczuli.webp","datePublished":"2024-10-21T12:52:55+00:00","description":"Patchouli\u00f6ljy on laaja-alainen tuote iholle, tunteille ja aisteille. Se on yksi luonnollisista keinoista parantaa mielialaa ja kauneutta.","breadcrumb":{"@id":"https:\/\/naturalpoland.com\/fi\/tuotteet\/kosmetiikkateollisuuden-tuotteet\/eteeriset-oljyt\/patchoulioljy\/#breadcrumb"},"inLanguage":"fi","potentialAction":[{"@type":"ReadAction","target":["https:\/\/naturalpoland.com\/fi\/tuotteet\/kosmetiikkateollisuuden-tuotteet\/eteeriset-oljyt\/patchoulioljy\/"]}]},{"@type":"ImageObject","inLanguage":"fi","@id":"https:\/\/naturalpoland.com\/fi\/tuotteet\/kosmetiikkateollisuuden-tuotteet\/eteeriset-oljyt\/patchoulioljy\/#primaryimage","url":"https:\/\/naturalpoland.com\/wp-content\/uploads\/olejek-eteryczny-z-paczuli.webp","contentUrl":"https:\/\/naturalpoland.com\/wp-content\/uploads\/olejek-eteryczny-z-paczuli.webp","width":619,"height":619,"caption":"olejek"},{"@type":"BreadcrumbList","@id":"https:\/\/naturalpoland.com\/fi\/tuotteet\/kosmetiikkateollisuuden-tuotteet\/eteeriset-oljyt\/patchoulioljy\/#breadcrumb","itemListElement":[{"@type":"ListItem","position":1,"name":"Etusivu","item":"https:\/\/naturalpoland.com\/fi\/"},{"@type":"ListItem","position":2,"name":"Tuotteet","item":"https:\/\/naturalpoland.com\/fi\/tuotteet\/"},{"@type":"ListItem","position":3,"name":"Patchouli\u00f6ljy"}]},{"@type":"WebSite","@id":"https:\/\/naturalpoland.com\/fi\/#website","url":"https:\/\/naturalpoland.com\/fi\/","name":"NATURAL POLAND - RAAKA-AINEIDEN TUKKUJAKELIJA","description":"Surowce dla przemys\u0142u spo\u017cywczego, kosmetycznego i farmaceutycznego","publisher":{"@id":"https:\/\/naturalpoland.com\/fi\/#organization"},"potentialAction":[{"@type":"SearchAction","target":{"@type":"EntryPoint","urlTemplate":"https:\/\/naturalpoland.com\/fi\/?s={search_term_string}"},"query-input":{"@type":"PropertyValueSpecification","valueRequired":true,"valueName":"search_term_string"}}],"inLanguage":"fi"},{"@type":"Organization","@id":"https:\/\/naturalpoland.com\/fi\/#organization","name":"Natural Poland","url":"https:\/\/naturalpoland.com\/fi\/","logo":{"@type":"ImageObject","inLanguage":"fi","@id":"https:\/\/naturalpoland.com\/fi\/#\/schema\/logo\/image\/","url":"https:\/\/naturalpoland.com\/wp-content\/uploads\/2021\/05\/natural-poland-icon.png","contentUrl":"https:\/\/naturalpoland.com\/wp-content\/uploads\/2021\/05\/natural-poland-icon.png","width":512,"height":512,"caption":"Natural Poland"},"image":{"@id":"https:\/\/naturalpoland.com\/fi\/#\/schema\/logo\/image\/"},"sameAs":["https:\/\/www.facebook.com\/naturalpoland.b2b","https:\/\/pl.linkedin.com\/company\/natural-poland","https:\/\/www.youtube.com\/channel\/UCgeGGkvOMahZo-xu_MSEWxg"]}]}},"_links":{"self":[{"href":"https:\/\/naturalpoland.com\/fi\/wp-json\/wp\/v2\/product\/37013","targetHints":{"allow":["GET"]}}],"collection":[{"href":"https:\/\/naturalpoland.com\/fi\/wp-json\/wp\/v2\/product"}],"about":[{"href":"https:\/\/naturalpoland.com\/fi\/wp-json\/wp\/v2\/types\/product"}],"wp:featuredmedia":[{"embeddable":true,"href":"https:\/\/naturalpoland.com\/fi\/wp-json\/wp\/v2\/media\/36812"}],"wp:attachment":[{"href":"https:\/\/naturalpoland.com\/fi\/wp-json\/wp\/v2\/media?parent=37013"}],"wp:term":[{"taxonomy":"product_brand","embeddable":true,"href":"https:\/\/naturalpoland.com\/fi\/wp-json\/wp\/v2\/product_brand?post=37013"},{"taxonomy":"product_cat","embeddable":true,"href":"https:\/\/naturalpoland.com\/fi\/wp-json\/wp\/v2\/product_cat?post=37013"},{"taxonomy":"product_tag","embeddable":true,"href":"https:\/\/naturalpoland.com\/fi\/wp-json\/wp\/v2\/product_tag?post=37013"}],"curies":[{"name":"wp","href":"https:\/\/api.w.org\/{rel}","templated":true}]}}