{"id":37044,"date":"2024-10-17T14:56:25","date_gmt":"2024-10-21T12:54:04","guid":{"rendered":"https:\/\/naturalpoland.com\/produkty\/Ei-luokiteltu\/oljy-paprikanminttu-oljysta\/"},"modified":"2024-10-21T14:54:04","modified_gmt":"2024-10-21T12:54:04","slug":"oljy-paprikanminttu-oljysta","status":"publish","type":"product","link":"https:\/\/naturalpoland.com\/fi\/tuotteet\/kosmetiikkateollisuuden-tuotteet\/eteeriset-oljyt\/oljy-paprikanminttu-oljysta\/","title":{"rendered":"Piparminttu\u00f6ljy"},"content":{"rendered":"<h2>Ominaisuudet ja sovellukset<\/h2>\n<p><strong>Rasvoittuvan ja akneen taipuvaisen ihon hoidossa<\/strong> k\u00e4ytetyll\u00e4 piparminttu\u00f6ljyll\u00e4 on virkist\u00e4v\u00e4 ja puhdistava vaikutus. Se auttaa v\u00e4hent\u00e4m\u00e4\u00e4n ylim\u00e4\u00e4r\u00e4ist\u00e4 talia ja hoitamaan aknea ja mustap\u00e4it\u00e4. Sit\u00e4 voidaan k\u00e4ytt\u00e4\u00e4 voiteiden, kasvoveden ja kasvogeelien lis\u00e4aineena. <strong>Hiuksiin<\/strong> levitettyn\u00e4 \u00f6ljyll\u00e4 on puolestaan hiusten kasvua edist\u00e4vi\u00e4 ominaisuuksia stimuloimalla hiusjuuria. Koska se s\u00e4\u00e4telee talinerityst\u00e4, se on sopiva ainesosa hilseily\u00e4 ehk\u00e4iseviss\u00e4 shampoissa. Piparminttu\u00f6ljy sopii my\u00f6s erinomaisesti k\u00e4ytett\u00e4v\u00e4ksi <strong>auringonoton j\u00e4lkeisess\u00e4 kosmetiikassa ja karvanpoiston j\u00e4lkeen<\/strong>, sill\u00e4 se viilent\u00e4\u00e4 ihoa. Sit\u00e4 k\u00e4ytet\u00e4\u00e4n usein my\u00f6s hierontavoiteissa ja -geeleiss\u00e4 helpottamaan v\u00e4syneit\u00e4 lihaksia. <strong>Aromaterapiassa<\/strong> \u00f6ljyll\u00e4 on voimakkaan tuoksunsa ansiosta stimuloiva ja energisoiva vaikutus. Se sekoittuu hyvin appelsiini- ja rosmariini\u00f6ljyjen kanssa. <strong>Sis\u00e4\u00e4nhengitettyn\u00e4<\/strong> \u00f6ljy puhdistaa <strong>hengitysteit\u00e4<\/strong> ja auttaa my\u00f6s vilustumiseen, katarriin ja p\u00e4\u00e4ns\u00e4rkyyn. Migreeniin ja j\u00e4nnitysp\u00e4\u00e4ns\u00e4rkyyn ohimoille levitett\u00e4v\u00e4ll\u00e4 \u00f6ljyll\u00e4 voi olla viilent\u00e4v\u00e4 ja rentouttava vaikutus. Piparminttu\u00f6ljy on my\u00f6s luonnollinen karkotin <strong>, joka karkottaa hyttysi\u00e4<\/strong>, muurahaisia ja h\u00e4m\u00e4h\u00e4kkej\u00e4. Sit\u00e4 voidaan k\u00e4ytt\u00e4\u00e4 hy\u00f6nteiskarkotteena lis\u00e4\u00e4m\u00e4ll\u00e4 muutama tippa diffuusoriin tai veteen ja suihkuttamalla sit\u00e4 ymp\u00e4ri taloa.  <\/p>\n<p>&nbsp;<\/p>\n","protected":false},"excerpt":{"rendered":"<p>Eteerinen piparminttu\u00f6ljy uutetaan Mentha piperita -lehtien h\u00f6yrytislauksella. \u00d6ljyn t\u00e4rkeimm\u00e4t ainesosat ovat mentoli, mentoni ja 1,8-sykneoli. \u00d6ljyll\u00e4 on voimakas, virkist\u00e4v\u00e4 tuoksu sek\u00e4 viilent\u00e4vi\u00e4, antiseptisi\u00e4 ja rauhoittavia ominaisuuksia.  <\/p>\n","protected":false},"featured_media":36786,"template":"","meta":{"_acf_changed":false},"product_brand":[],"product_cat":[6264],"product_tag":[],"class_list":{"0":"post-37044","1":"product","2":"type-product","3":"status-publish","4":"has-post-thumbnail","6":"product_cat-eteeriset-oljyt","8":"first","9":"instock","10":"shipping-taxable","11":"product-type-simple"},"acf":[],"yoast_head":"<!-- This site is optimized with the Yoast SEO plugin v27.4 - https:\/\/yoast.com\/product\/yoast-seo-wordpress\/ -->\n<title>Piparminttu\u00f6ljy - NATURAL POLAND - RAAKA-AINEIDEN TUKKUJAKELIJA<\/title>\n<meta name=\"description\" content=\"Mentha piperita -kasvin lehdist\u00e4 h\u00f6yrytislaamalla uutettu eteerinen piparminttu\u00f6ljy on ihonhoidossa ja aromaterapiassa k\u00e4ytetty raaka-aine.\" \/>\n<meta name=\"robots\" content=\"index, follow, max-snippet:-1, max-image-preview:large, max-video-preview:-1\" \/>\n<link rel=\"canonical\" href=\"https:\/\/naturalpoland.com\/fi\/tuotteet\/kosmetiikkateollisuuden-tuotteet\/eteeriset-oljyt\/oljy-paprikanminttu-oljysta\/\" \/>\n<meta property=\"og:locale\" content=\"fi_FI\" \/>\n<meta property=\"og:type\" content=\"article\" \/>\n<meta property=\"og:title\" content=\"Piparminttu\u00f6ljy - NATURAL POLAND - RAAKA-AINEIDEN TUKKUJAKELIJA\" \/>\n<meta property=\"og:description\" content=\"Mentha piperita -kasvin lehdist\u00e4 h\u00f6yrytislaamalla uutettu eteerinen piparminttu\u00f6ljy on ihonhoidossa ja aromaterapiassa k\u00e4ytetty raaka-aine.\" \/>\n<meta property=\"og:url\" content=\"https:\/\/naturalpoland.com\/fi\/tuotteet\/kosmetiikkateollisuuden-tuotteet\/eteeriset-oljyt\/oljy-paprikanminttu-oljysta\/\" \/>\n<meta property=\"og:site_name\" content=\"NATURAL POLAND - RAAKA-AINEIDEN TUKKUJAKELIJA\" \/>\n<meta property=\"article:publisher\" content=\"https:\/\/www.facebook.com\/naturalpoland.b2b\" \/>\n<meta property=\"og:image\" content=\"https:\/\/naturalpoland.com\/wp-content\/uploads\/olejek-eteryczny-z-miety-pieprzowej.webp\" \/>\n\t<meta property=\"og:image:width\" content=\"619\" \/>\n\t<meta property=\"og:image:height\" content=\"619\" \/>\n\t<meta property=\"og:image:type\" content=\"image\/webp\" \/>\n<script type=\"application\/ld+json\" class=\"yoast-schema-graph\">{\"@context\":\"https:\\\/\\\/schema.org\",\"@graph\":[{\"@type\":\"WebPage\",\"@id\":\"https:\\\/\\\/naturalpoland.com\\\/fi\\\/tuotteet\\\/kosmetiikkateollisuuden-tuotteet\\\/eteeriset-oljyt\\\/oljy-paprikanminttu-oljysta\\\/\",\"url\":\"https:\\\/\\\/naturalpoland.com\\\/fi\\\/tuotteet\\\/kosmetiikkateollisuuden-tuotteet\\\/eteeriset-oljyt\\\/oljy-paprikanminttu-oljysta\\\/\",\"name\":\"Piparminttu\u00f6ljy - NATURAL POLAND - RAAKA-AINEIDEN TUKKUJAKELIJA\",\"isPartOf\":{\"@id\":\"https:\\\/\\\/naturalpoland.com\\\/fi\\\/#website\"},\"primaryImageOfPage\":{\"@id\":\"https:\\\/\\\/naturalpoland.com\\\/fi\\\/tuotteet\\\/kosmetiikkateollisuuden-tuotteet\\\/eteeriset-oljyt\\\/oljy-paprikanminttu-oljysta\\\/#primaryimage\"},\"image\":{\"@id\":\"https:\\\/\\\/naturalpoland.com\\\/fi\\\/tuotteet\\\/kosmetiikkateollisuuden-tuotteet\\\/eteeriset-oljyt\\\/oljy-paprikanminttu-oljysta\\\/#primaryimage\"},\"thumbnailUrl\":\"https:\\\/\\\/naturalpoland.com\\\/wp-content\\\/uploads\\\/olejek-eteryczny-z-miety-pieprzowej.webp\",\"datePublished\":\"2024-10-21T12:54:04+00:00\",\"description\":\"Mentha piperita -kasvin lehdist\u00e4 h\u00f6yrytislaamalla uutettu eteerinen piparminttu\u00f6ljy on ihonhoidossa ja aromaterapiassa k\u00e4ytetty raaka-aine.\",\"breadcrumb\":{\"@id\":\"https:\\\/\\\/naturalpoland.com\\\/fi\\\/tuotteet\\\/kosmetiikkateollisuuden-tuotteet\\\/eteeriset-oljyt\\\/oljy-paprikanminttu-oljysta\\\/#breadcrumb\"},\"inLanguage\":\"fi\",\"potentialAction\":[{\"@type\":\"ReadAction\",\"target\":[\"https:\\\/\\\/naturalpoland.com\\\/fi\\\/tuotteet\\\/kosmetiikkateollisuuden-tuotteet\\\/eteeriset-oljyt\\\/oljy-paprikanminttu-oljysta\\\/\"]}]},{\"@type\":\"ImageObject\",\"inLanguage\":\"fi\",\"@id\":\"https:\\\/\\\/naturalpoland.com\\\/fi\\\/tuotteet\\\/kosmetiikkateollisuuden-tuotteet\\\/eteeriset-oljyt\\\/oljy-paprikanminttu-oljysta\\\/#primaryimage\",\"url\":\"https:\\\/\\\/naturalpoland.com\\\/wp-content\\\/uploads\\\/olejek-eteryczny-z-miety-pieprzowej.webp\",\"contentUrl\":\"https:\\\/\\\/naturalpoland.com\\\/wp-content\\\/uploads\\\/olejek-eteryczny-z-miety-pieprzowej.webp\",\"width\":619,\"height\":619,\"caption\":\"Olejek eteryczny z mi\u0119ty pieprzowej\"},{\"@type\":\"BreadcrumbList\",\"@id\":\"https:\\\/\\\/naturalpoland.com\\\/fi\\\/tuotteet\\\/kosmetiikkateollisuuden-tuotteet\\\/eteeriset-oljyt\\\/oljy-paprikanminttu-oljysta\\\/#breadcrumb\",\"itemListElement\":[{\"@type\":\"ListItem\",\"position\":1,\"name\":\"Etusivu\",\"item\":\"https:\\\/\\\/naturalpoland.com\\\/fi\\\/\"},{\"@type\":\"ListItem\",\"position\":2,\"name\":\"Tuotteet\",\"item\":\"https:\\\/\\\/naturalpoland.com\\\/fi\\\/tuotteet\\\/\"},{\"@type\":\"ListItem\",\"position\":3,\"name\":\"Piparminttu\u00f6ljy\"}]},{\"@type\":\"WebSite\",\"@id\":\"https:\\\/\\\/naturalpoland.com\\\/fi\\\/#website\",\"url\":\"https:\\\/\\\/naturalpoland.com\\\/fi\\\/\",\"name\":\"NATURAL POLAND - RAAKA-AINEIDEN TUKKUJAKELIJA\",\"description\":\"Surowce dla przemys\u0142u spo\u017cywczego, kosmetycznego i farmaceutycznego\",\"publisher\":{\"@id\":\"https:\\\/\\\/naturalpoland.com\\\/fi\\\/#organization\"},\"potentialAction\":[{\"@type\":\"SearchAction\",\"target\":{\"@type\":\"EntryPoint\",\"urlTemplate\":\"https:\\\/\\\/naturalpoland.com\\\/fi\\\/?s={search_term_string}\"},\"query-input\":{\"@type\":\"PropertyValueSpecification\",\"valueRequired\":true,\"valueName\":\"search_term_string\"}}],\"inLanguage\":\"fi\"},{\"@type\":\"Organization\",\"@id\":\"https:\\\/\\\/naturalpoland.com\\\/fi\\\/#organization\",\"name\":\"Natural Poland\",\"url\":\"https:\\\/\\\/naturalpoland.com\\\/fi\\\/\",\"logo\":{\"@type\":\"ImageObject\",\"inLanguage\":\"fi\",\"@id\":\"https:\\\/\\\/naturalpoland.com\\\/fi\\\/#\\\/schema\\\/logo\\\/image\\\/\",\"url\":\"https:\\\/\\\/naturalpoland.com\\\/wp-content\\\/uploads\\\/2021\\\/05\\\/natural-poland-icon.png\",\"contentUrl\":\"https:\\\/\\\/naturalpoland.com\\\/wp-content\\\/uploads\\\/2021\\\/05\\\/natural-poland-icon.png\",\"width\":512,\"height\":512,\"caption\":\"Natural Poland\"},\"image\":{\"@id\":\"https:\\\/\\\/naturalpoland.com\\\/fi\\\/#\\\/schema\\\/logo\\\/image\\\/\"},\"sameAs\":[\"https:\\\/\\\/www.facebook.com\\\/naturalpoland.b2b\",\"https:\\\/\\\/pl.linkedin.com\\\/company\\\/natural-poland\",\"https:\\\/\\\/www.youtube.com\\\/channel\\\/UCgeGGkvOMahZo-xu_MSEWxg\"]}]}<\/script>\n<!-- \/ Yoast SEO plugin. -->","yoast_head_json":{"title":"Piparminttu\u00f6ljy - NATURAL POLAND - RAAKA-AINEIDEN TUKKUJAKELIJA","description":"Mentha piperita -kasvin lehdist\u00e4 h\u00f6yrytislaamalla uutettu eteerinen piparminttu\u00f6ljy on ihonhoidossa ja aromaterapiassa k\u00e4ytetty raaka-aine.","robots":{"index":"index","follow":"follow","max-snippet":"max-snippet:-1","max-image-preview":"max-image-preview:large","max-video-preview":"max-video-preview:-1"},"canonical":"https:\/\/naturalpoland.com\/fi\/tuotteet\/kosmetiikkateollisuuden-tuotteet\/eteeriset-oljyt\/oljy-paprikanminttu-oljysta\/","og_locale":"fi_FI","og_type":"article","og_title":"Piparminttu\u00f6ljy - NATURAL POLAND - RAAKA-AINEIDEN TUKKUJAKELIJA","og_description":"Mentha piperita -kasvin lehdist\u00e4 h\u00f6yrytislaamalla uutettu eteerinen piparminttu\u00f6ljy on ihonhoidossa ja aromaterapiassa k\u00e4ytetty raaka-aine.","og_url":"https:\/\/naturalpoland.com\/fi\/tuotteet\/kosmetiikkateollisuuden-tuotteet\/eteeriset-oljyt\/oljy-paprikanminttu-oljysta\/","og_site_name":"NATURAL POLAND - RAAKA-AINEIDEN TUKKUJAKELIJA","article_publisher":"https:\/\/www.facebook.com\/naturalpoland.b2b","og_image":[{"width":619,"height":619,"url":"https:\/\/naturalpoland.com\/wp-content\/uploads\/olejek-eteryczny-z-miety-pieprzowej.webp","type":"image\/webp"}],"schema":{"@context":"https:\/\/schema.org","@graph":[{"@type":"WebPage","@id":"https:\/\/naturalpoland.com\/fi\/tuotteet\/kosmetiikkateollisuuden-tuotteet\/eteeriset-oljyt\/oljy-paprikanminttu-oljysta\/","url":"https:\/\/naturalpoland.com\/fi\/tuotteet\/kosmetiikkateollisuuden-tuotteet\/eteeriset-oljyt\/oljy-paprikanminttu-oljysta\/","name":"Piparminttu\u00f6ljy - NATURAL POLAND - RAAKA-AINEIDEN TUKKUJAKELIJA","isPartOf":{"@id":"https:\/\/naturalpoland.com\/fi\/#website"},"primaryImageOfPage":{"@id":"https:\/\/naturalpoland.com\/fi\/tuotteet\/kosmetiikkateollisuuden-tuotteet\/eteeriset-oljyt\/oljy-paprikanminttu-oljysta\/#primaryimage"},"image":{"@id":"https:\/\/naturalpoland.com\/fi\/tuotteet\/kosmetiikkateollisuuden-tuotteet\/eteeriset-oljyt\/oljy-paprikanminttu-oljysta\/#primaryimage"},"thumbnailUrl":"https:\/\/naturalpoland.com\/wp-content\/uploads\/olejek-eteryczny-z-miety-pieprzowej.webp","datePublished":"2024-10-21T12:54:04+00:00","description":"Mentha piperita -kasvin lehdist\u00e4 h\u00f6yrytislaamalla uutettu eteerinen piparminttu\u00f6ljy on ihonhoidossa ja aromaterapiassa k\u00e4ytetty raaka-aine.","breadcrumb":{"@id":"https:\/\/naturalpoland.com\/fi\/tuotteet\/kosmetiikkateollisuuden-tuotteet\/eteeriset-oljyt\/oljy-paprikanminttu-oljysta\/#breadcrumb"},"inLanguage":"fi","potentialAction":[{"@type":"ReadAction","target":["https:\/\/naturalpoland.com\/fi\/tuotteet\/kosmetiikkateollisuuden-tuotteet\/eteeriset-oljyt\/oljy-paprikanminttu-oljysta\/"]}]},{"@type":"ImageObject","inLanguage":"fi","@id":"https:\/\/naturalpoland.com\/fi\/tuotteet\/kosmetiikkateollisuuden-tuotteet\/eteeriset-oljyt\/oljy-paprikanminttu-oljysta\/#primaryimage","url":"https:\/\/naturalpoland.com\/wp-content\/uploads\/olejek-eteryczny-z-miety-pieprzowej.webp","contentUrl":"https:\/\/naturalpoland.com\/wp-content\/uploads\/olejek-eteryczny-z-miety-pieprzowej.webp","width":619,"height":619,"caption":"Olejek eteryczny z mi\u0119ty pieprzowej"},{"@type":"BreadcrumbList","@id":"https:\/\/naturalpoland.com\/fi\/tuotteet\/kosmetiikkateollisuuden-tuotteet\/eteeriset-oljyt\/oljy-paprikanminttu-oljysta\/#breadcrumb","itemListElement":[{"@type":"ListItem","position":1,"name":"Etusivu","item":"https:\/\/naturalpoland.com\/fi\/"},{"@type":"ListItem","position":2,"name":"Tuotteet","item":"https:\/\/naturalpoland.com\/fi\/tuotteet\/"},{"@type":"ListItem","position":3,"name":"Piparminttu\u00f6ljy"}]},{"@type":"WebSite","@id":"https:\/\/naturalpoland.com\/fi\/#website","url":"https:\/\/naturalpoland.com\/fi\/","name":"NATURAL POLAND - RAAKA-AINEIDEN TUKKUJAKELIJA","description":"Surowce dla przemys\u0142u spo\u017cywczego, kosmetycznego i farmaceutycznego","publisher":{"@id":"https:\/\/naturalpoland.com\/fi\/#organization"},"potentialAction":[{"@type":"SearchAction","target":{"@type":"EntryPoint","urlTemplate":"https:\/\/naturalpoland.com\/fi\/?s={search_term_string}"},"query-input":{"@type":"PropertyValueSpecification","valueRequired":true,"valueName":"search_term_string"}}],"inLanguage":"fi"},{"@type":"Organization","@id":"https:\/\/naturalpoland.com\/fi\/#organization","name":"Natural Poland","url":"https:\/\/naturalpoland.com\/fi\/","logo":{"@type":"ImageObject","inLanguage":"fi","@id":"https:\/\/naturalpoland.com\/fi\/#\/schema\/logo\/image\/","url":"https:\/\/naturalpoland.com\/wp-content\/uploads\/2021\/05\/natural-poland-icon.png","contentUrl":"https:\/\/naturalpoland.com\/wp-content\/uploads\/2021\/05\/natural-poland-icon.png","width":512,"height":512,"caption":"Natural Poland"},"image":{"@id":"https:\/\/naturalpoland.com\/fi\/#\/schema\/logo\/image\/"},"sameAs":["https:\/\/www.facebook.com\/naturalpoland.b2b","https:\/\/pl.linkedin.com\/company\/natural-poland","https:\/\/www.youtube.com\/channel\/UCgeGGkvOMahZo-xu_MSEWxg"]}]}},"_links":{"self":[{"href":"https:\/\/naturalpoland.com\/fi\/wp-json\/wp\/v2\/product\/37044","targetHints":{"allow":["GET"]}}],"collection":[{"href":"https:\/\/naturalpoland.com\/fi\/wp-json\/wp\/v2\/product"}],"about":[{"href":"https:\/\/naturalpoland.com\/fi\/wp-json\/wp\/v2\/types\/product"}],"wp:featuredmedia":[{"embeddable":true,"href":"https:\/\/naturalpoland.com\/fi\/wp-json\/wp\/v2\/media\/36786"}],"wp:attachment":[{"href":"https:\/\/naturalpoland.com\/fi\/wp-json\/wp\/v2\/media?parent=37044"}],"wp:term":[{"taxonomy":"product_brand","embeddable":true,"href":"https:\/\/naturalpoland.com\/fi\/wp-json\/wp\/v2\/product_brand?post=37044"},{"taxonomy":"product_cat","embeddable":true,"href":"https:\/\/naturalpoland.com\/fi\/wp-json\/wp\/v2\/product_cat?post=37044"},{"taxonomy":"product_tag","embeddable":true,"href":"https:\/\/naturalpoland.com\/fi\/wp-json\/wp\/v2\/product_tag?post=37044"}],"curies":[{"name":"wp","href":"https:\/\/api.w.org\/{rel}","templated":true}]}}