{"id":37122,"date":"2024-10-23T14:01:26","date_gmt":"2024-10-24T07:59:06","guid":{"rendered":"https:\/\/naturalpoland.com\/produkty\/Ei-luokiteltu\/kapryyli-kapriittinen-triglyseridi\/"},"modified":"2024-10-24T09:59:06","modified_gmt":"2024-10-24T07:59:06","slug":"kapryyli-kapriittinen-triglyseridi","status":"publish","type":"product","link":"https:\/\/naturalpoland.com\/fi\/tuotteet\/kosmetiikkateollisuuden-tuotteet\/kosmetiikan-raaka-aineet\/kapryyli-kapriittinen-triglyseridi\/","title":{"rendered":"Kapryyli\/Kapriinitriglyseridit"},"content":{"rendered":"<h2>Ominaisuudet:<\/h2>\n<p>Kapryyli-kapriittinen triglyseridi on kosmeettinen ainesosa, joka toimii reologian modifioijana, mik\u00e4 tarkoittaa, ett\u00e4 se parantaa tuotteen koostumusta lis\u00e4\u00e4m\u00e4ll\u00e4 sen viskositeettia. \u00d6ljym\u00e4isen rakenteensa ansiosta t\u00e4m\u00e4 aine helpottaa kosmetiikan levitt\u00e4mist\u00e4 ja antaa sille paremman liukuvuuden. Kapryyli-kapriittiset triglyseridit toimivat \u00f6ljym\u00e4isen\u00e4 <strong>pehment\u00e4v\u00e4n\u00e4 aineena<\/strong>, joka muodostaa ihon ja hiusten pinnalle suojaavan peitt\u00e4v\u00e4n kerroksen (kalvon). T\u00e4m\u00e4 kerros est\u00e4\u00e4 veden liiallista haihtumista. Aine hoitaa ihoa pehment\u00e4en ja silottaen sit\u00e4 ja parantaa hiusten rakennetta tehden niist\u00e4 pehme\u00e4t ja sile\u00e4t. Puhtaassa muodossaan tuote voi edist\u00e4\u00e4 mustap\u00e4iden muodostumista (komedogeenisuus), mink\u00e4 vuoksi sit\u00e4 k\u00e4ytet\u00e4\u00e4n parhaiten kosmeettisissa valmisteissa. <\/p>\n<h2>Sovellus:<\/h2>\n<ul>\n<li>Ihonhoitotuotteet: voiteet, voiteet, seerumit.<\/li>\n<li>Hiuskosmetiikka: hoitoaineet, naamiot, \u00f6ljyt.<\/li>\n<li>Kylpy- ja pesutuotteet<\/li>\n<li>Valmisteet herk\u00e4lle ja kuivalle iholle<\/li>\n<\/ul>\n<p>&nbsp;<\/p>\n","protected":false},"excerpt":{"rendered":"<p><strong>Kapryyli-kapriinitriglyseridit (MCT)<\/strong> ovat keskipitk\u00e4ketjuisten rasvahappojen, p\u00e4\u00e4asiassa kapryyli- (C8) ja kapriinihapon (C10), seos. Ne ovat per\u00e4isin kasvi\u00f6ljyist\u00e4, kuten <a href=\"https:\/\/naturalpoland.com\/produkty\/oleje-spozywcze-i-kosmetyczne\/olej-kokosowy\/\"><strong>kookos\u00f6ljy<\/strong><\/a>. Ne ovat v\u00e4rit\u00f6nt\u00e4, kirkasta nestett\u00e4, jonka viskositeetti on hyvin alhainen, joten ne levi\u00e4v\u00e4t helposti iholle ja imeytyv\u00e4t nopeasti.  <\/p>\n","protected":false},"featured_media":37083,"template":"","meta":[],"product_brand":[],"product_cat":[544],"product_tag":[],"class_list":{"0":"post-37122","1":"product","2":"type-product","3":"status-publish","4":"has-post-thumbnail","6":"product_cat-kosmetiikan-raaka-aineet","7":"pa_grupa-substancji-pehmentavat-aineet","9":"first","10":"instock","11":"shipping-taxable","12":"product-type-simple"},"yoast_head":"<!-- This site is optimized with the Yoast SEO plugin v27.3 - https:\/\/yoast.com\/product\/yoast-seo-wordpress\/ -->\n<title>Kapryyli\/Kapriinitriglyseridit - NATURAL POLAND - RAAKA-AINEIDEN TUKKUJAKELIJA<\/title>\n<meta name=\"description\" content=\"Kapryyli-kapriittinen triglyseridi on kosmeettinen ainesosa, joka parantaa tuotteiden levittymist\u00e4 sek\u00e4 ihon ja hiusten kuntoa.\" \/>\n<meta name=\"robots\" content=\"index, follow, max-snippet:-1, max-image-preview:large, max-video-preview:-1\" \/>\n<link rel=\"canonical\" href=\"https:\/\/naturalpoland.com\/fi\/tuotteet\/kosmetiikkateollisuuden-tuotteet\/kosmetiikan-raaka-aineet\/kapryyli-kapriittinen-triglyseridi\/\" \/>\n<meta property=\"og:locale\" content=\"fi_FI\" \/>\n<meta property=\"og:type\" content=\"article\" \/>\n<meta property=\"og:title\" content=\"Kapryyli\/Kapriinitriglyseridit - NATURAL POLAND - RAAKA-AINEIDEN TUKKUJAKELIJA\" \/>\n<meta property=\"og:description\" content=\"Kapryyli-kapriittinen triglyseridi on kosmeettinen ainesosa, joka parantaa tuotteiden levittymist\u00e4 sek\u00e4 ihon ja hiusten kuntoa.\" \/>\n<meta property=\"og:url\" content=\"https:\/\/naturalpoland.com\/fi\/tuotteet\/kosmetiikkateollisuuden-tuotteet\/kosmetiikan-raaka-aineet\/kapryyli-kapriittinen-triglyseridi\/\" \/>\n<meta property=\"og:site_name\" content=\"NATURAL POLAND - RAAKA-AINEIDEN TUKKUJAKELIJA\" \/>\n<meta property=\"article:publisher\" content=\"https:\/\/www.facebook.com\/naturalpoland.b2b\" \/>\n<meta property=\"og:image\" content=\"https:\/\/naturalpoland.com\/wp-content\/uploads\/caprylic-capric-triglyceride-.webp\" \/>\n\t<meta property=\"og:image:width\" content=\"426\" \/>\n\t<meta property=\"og:image:height\" content=\"426\" \/>\n\t<meta property=\"og:image:type\" content=\"image\/webp\" \/>\n<script type=\"application\/ld+json\" class=\"yoast-schema-graph\">{\"@context\":\"https:\\\/\\\/schema.org\",\"@graph\":[{\"@type\":\"WebPage\",\"@id\":\"https:\\\/\\\/naturalpoland.com\\\/fi\\\/tuotteet\\\/kosmetiikkateollisuuden-tuotteet\\\/kosmetiikan-raaka-aineet\\\/kapryyli-kapriittinen-triglyseridi\\\/\",\"url\":\"https:\\\/\\\/naturalpoland.com\\\/fi\\\/tuotteet\\\/kosmetiikkateollisuuden-tuotteet\\\/kosmetiikan-raaka-aineet\\\/kapryyli-kapriittinen-triglyseridi\\\/\",\"name\":\"Kapryyli\\\/Kapriinitriglyseridit - NATURAL POLAND - RAAKA-AINEIDEN TUKKUJAKELIJA\",\"isPartOf\":{\"@id\":\"https:\\\/\\\/naturalpoland.com\\\/fi\\\/#website\"},\"primaryImageOfPage\":{\"@id\":\"https:\\\/\\\/naturalpoland.com\\\/fi\\\/tuotteet\\\/kosmetiikkateollisuuden-tuotteet\\\/kosmetiikan-raaka-aineet\\\/kapryyli-kapriittinen-triglyseridi\\\/#primaryimage\"},\"image\":{\"@id\":\"https:\\\/\\\/naturalpoland.com\\\/fi\\\/tuotteet\\\/kosmetiikkateollisuuden-tuotteet\\\/kosmetiikan-raaka-aineet\\\/kapryyli-kapriittinen-triglyseridi\\\/#primaryimage\"},\"thumbnailUrl\":\"https:\\\/\\\/naturalpoland.com\\\/wp-content\\\/uploads\\\/caprylic-capric-triglyceride-.webp\",\"datePublished\":\"2024-10-24T07:59:06+00:00\",\"description\":\"Kapryyli-kapriittinen triglyseridi on kosmeettinen ainesosa, joka parantaa tuotteiden levittymist\u00e4 sek\u00e4 ihon ja hiusten kuntoa.\",\"breadcrumb\":{\"@id\":\"https:\\\/\\\/naturalpoland.com\\\/fi\\\/tuotteet\\\/kosmetiikkateollisuuden-tuotteet\\\/kosmetiikan-raaka-aineet\\\/kapryyli-kapriittinen-triglyseridi\\\/#breadcrumb\"},\"inLanguage\":\"fi\",\"potentialAction\":[{\"@type\":\"ReadAction\",\"target\":[\"https:\\\/\\\/naturalpoland.com\\\/fi\\\/tuotteet\\\/kosmetiikkateollisuuden-tuotteet\\\/kosmetiikan-raaka-aineet\\\/kapryyli-kapriittinen-triglyseridi\\\/\"]}]},{\"@type\":\"ImageObject\",\"inLanguage\":\"fi\",\"@id\":\"https:\\\/\\\/naturalpoland.com\\\/fi\\\/tuotteet\\\/kosmetiikkateollisuuden-tuotteet\\\/kosmetiikan-raaka-aineet\\\/kapryyli-kapriittinen-triglyseridi\\\/#primaryimage\",\"url\":\"https:\\\/\\\/naturalpoland.com\\\/wp-content\\\/uploads\\\/caprylic-capric-triglyceride-.webp\",\"contentUrl\":\"https:\\\/\\\/naturalpoland.com\\\/wp-content\\\/uploads\\\/caprylic-capric-triglyceride-.webp\",\"width\":426,\"height\":426,\"caption\":\"Caprylic\\\/Capric Triglyceride\"},{\"@type\":\"BreadcrumbList\",\"@id\":\"https:\\\/\\\/naturalpoland.com\\\/fi\\\/tuotteet\\\/kosmetiikkateollisuuden-tuotteet\\\/kosmetiikan-raaka-aineet\\\/kapryyli-kapriittinen-triglyseridi\\\/#breadcrumb\",\"itemListElement\":[{\"@type\":\"ListItem\",\"position\":1,\"name\":\"Etusivu\",\"item\":\"https:\\\/\\\/naturalpoland.com\\\/fi\\\/\"},{\"@type\":\"ListItem\",\"position\":2,\"name\":\"Tuotteet\",\"item\":\"https:\\\/\\\/naturalpoland.com\\\/fi\\\/tuotteet\\\/\"},{\"@type\":\"ListItem\",\"position\":3,\"name\":\"Kapryyli\\\/Kapriinitriglyseridit\"}]},{\"@type\":\"WebSite\",\"@id\":\"https:\\\/\\\/naturalpoland.com\\\/fi\\\/#website\",\"url\":\"https:\\\/\\\/naturalpoland.com\\\/fi\\\/\",\"name\":\"NATURAL POLAND - RAAKA-AINEIDEN TUKKUJAKELIJA\",\"description\":\"Surowce dla przemys\u0142u spo\u017cywczego, kosmetycznego i farmaceutycznego\",\"publisher\":{\"@id\":\"https:\\\/\\\/naturalpoland.com\\\/fi\\\/#organization\"},\"potentialAction\":[{\"@type\":\"SearchAction\",\"target\":{\"@type\":\"EntryPoint\",\"urlTemplate\":\"https:\\\/\\\/naturalpoland.com\\\/fi\\\/?s={search_term_string}\"},\"query-input\":{\"@type\":\"PropertyValueSpecification\",\"valueRequired\":true,\"valueName\":\"search_term_string\"}}],\"inLanguage\":\"fi\"},{\"@type\":\"Organization\",\"@id\":\"https:\\\/\\\/naturalpoland.com\\\/fi\\\/#organization\",\"name\":\"Natural Poland\",\"url\":\"https:\\\/\\\/naturalpoland.com\\\/fi\\\/\",\"logo\":{\"@type\":\"ImageObject\",\"inLanguage\":\"fi\",\"@id\":\"https:\\\/\\\/naturalpoland.com\\\/fi\\\/#\\\/schema\\\/logo\\\/image\\\/\",\"url\":\"https:\\\/\\\/naturalpoland.com\\\/wp-content\\\/uploads\\\/2021\\\/05\\\/natural-poland-icon.png\",\"contentUrl\":\"https:\\\/\\\/naturalpoland.com\\\/wp-content\\\/uploads\\\/2021\\\/05\\\/natural-poland-icon.png\",\"width\":512,\"height\":512,\"caption\":\"Natural Poland\"},\"image\":{\"@id\":\"https:\\\/\\\/naturalpoland.com\\\/fi\\\/#\\\/schema\\\/logo\\\/image\\\/\"},\"sameAs\":[\"https:\\\/\\\/www.facebook.com\\\/naturalpoland.b2b\",\"https:\\\/\\\/pl.linkedin.com\\\/company\\\/natural-poland\",\"https:\\\/\\\/www.youtube.com\\\/channel\\\/UCgeGGkvOMahZo-xu_MSEWxg\"]}]}<\/script>\n<!-- \/ Yoast SEO plugin. -->","yoast_head_json":{"title":"Kapryyli\/Kapriinitriglyseridit - NATURAL POLAND - RAAKA-AINEIDEN TUKKUJAKELIJA","description":"Kapryyli-kapriittinen triglyseridi on kosmeettinen ainesosa, joka parantaa tuotteiden levittymist\u00e4 sek\u00e4 ihon ja hiusten kuntoa.","robots":{"index":"index","follow":"follow","max-snippet":"max-snippet:-1","max-image-preview":"max-image-preview:large","max-video-preview":"max-video-preview:-1"},"canonical":"https:\/\/naturalpoland.com\/fi\/tuotteet\/kosmetiikkateollisuuden-tuotteet\/kosmetiikan-raaka-aineet\/kapryyli-kapriittinen-triglyseridi\/","og_locale":"fi_FI","og_type":"article","og_title":"Kapryyli\/Kapriinitriglyseridit - NATURAL POLAND - RAAKA-AINEIDEN TUKKUJAKELIJA","og_description":"Kapryyli-kapriittinen triglyseridi on kosmeettinen ainesosa, joka parantaa tuotteiden levittymist\u00e4 sek\u00e4 ihon ja hiusten kuntoa.","og_url":"https:\/\/naturalpoland.com\/fi\/tuotteet\/kosmetiikkateollisuuden-tuotteet\/kosmetiikan-raaka-aineet\/kapryyli-kapriittinen-triglyseridi\/","og_site_name":"NATURAL POLAND - RAAKA-AINEIDEN TUKKUJAKELIJA","article_publisher":"https:\/\/www.facebook.com\/naturalpoland.b2b","og_image":[{"width":426,"height":426,"url":"https:\/\/naturalpoland.com\/wp-content\/uploads\/caprylic-capric-triglyceride-.webp","type":"image\/webp"}],"schema":{"@context":"https:\/\/schema.org","@graph":[{"@type":"WebPage","@id":"https:\/\/naturalpoland.com\/fi\/tuotteet\/kosmetiikkateollisuuden-tuotteet\/kosmetiikan-raaka-aineet\/kapryyli-kapriittinen-triglyseridi\/","url":"https:\/\/naturalpoland.com\/fi\/tuotteet\/kosmetiikkateollisuuden-tuotteet\/kosmetiikan-raaka-aineet\/kapryyli-kapriittinen-triglyseridi\/","name":"Kapryyli\/Kapriinitriglyseridit - NATURAL POLAND - RAAKA-AINEIDEN TUKKUJAKELIJA","isPartOf":{"@id":"https:\/\/naturalpoland.com\/fi\/#website"},"primaryImageOfPage":{"@id":"https:\/\/naturalpoland.com\/fi\/tuotteet\/kosmetiikkateollisuuden-tuotteet\/kosmetiikan-raaka-aineet\/kapryyli-kapriittinen-triglyseridi\/#primaryimage"},"image":{"@id":"https:\/\/naturalpoland.com\/fi\/tuotteet\/kosmetiikkateollisuuden-tuotteet\/kosmetiikan-raaka-aineet\/kapryyli-kapriittinen-triglyseridi\/#primaryimage"},"thumbnailUrl":"https:\/\/naturalpoland.com\/wp-content\/uploads\/caprylic-capric-triglyceride-.webp","datePublished":"2024-10-24T07:59:06+00:00","description":"Kapryyli-kapriittinen triglyseridi on kosmeettinen ainesosa, joka parantaa tuotteiden levittymist\u00e4 sek\u00e4 ihon ja hiusten kuntoa.","breadcrumb":{"@id":"https:\/\/naturalpoland.com\/fi\/tuotteet\/kosmetiikkateollisuuden-tuotteet\/kosmetiikan-raaka-aineet\/kapryyli-kapriittinen-triglyseridi\/#breadcrumb"},"inLanguage":"fi","potentialAction":[{"@type":"ReadAction","target":["https:\/\/naturalpoland.com\/fi\/tuotteet\/kosmetiikkateollisuuden-tuotteet\/kosmetiikan-raaka-aineet\/kapryyli-kapriittinen-triglyseridi\/"]}]},{"@type":"ImageObject","inLanguage":"fi","@id":"https:\/\/naturalpoland.com\/fi\/tuotteet\/kosmetiikkateollisuuden-tuotteet\/kosmetiikan-raaka-aineet\/kapryyli-kapriittinen-triglyseridi\/#primaryimage","url":"https:\/\/naturalpoland.com\/wp-content\/uploads\/caprylic-capric-triglyceride-.webp","contentUrl":"https:\/\/naturalpoland.com\/wp-content\/uploads\/caprylic-capric-triglyceride-.webp","width":426,"height":426,"caption":"Caprylic\/Capric Triglyceride"},{"@type":"BreadcrumbList","@id":"https:\/\/naturalpoland.com\/fi\/tuotteet\/kosmetiikkateollisuuden-tuotteet\/kosmetiikan-raaka-aineet\/kapryyli-kapriittinen-triglyseridi\/#breadcrumb","itemListElement":[{"@type":"ListItem","position":1,"name":"Etusivu","item":"https:\/\/naturalpoland.com\/fi\/"},{"@type":"ListItem","position":2,"name":"Tuotteet","item":"https:\/\/naturalpoland.com\/fi\/tuotteet\/"},{"@type":"ListItem","position":3,"name":"Kapryyli\/Kapriinitriglyseridit"}]},{"@type":"WebSite","@id":"https:\/\/naturalpoland.com\/fi\/#website","url":"https:\/\/naturalpoland.com\/fi\/","name":"NATURAL POLAND - RAAKA-AINEIDEN TUKKUJAKELIJA","description":"Surowce dla przemys\u0142u spo\u017cywczego, kosmetycznego i farmaceutycznego","publisher":{"@id":"https:\/\/naturalpoland.com\/fi\/#organization"},"potentialAction":[{"@type":"SearchAction","target":{"@type":"EntryPoint","urlTemplate":"https:\/\/naturalpoland.com\/fi\/?s={search_term_string}"},"query-input":{"@type":"PropertyValueSpecification","valueRequired":true,"valueName":"search_term_string"}}],"inLanguage":"fi"},{"@type":"Organization","@id":"https:\/\/naturalpoland.com\/fi\/#organization","name":"Natural Poland","url":"https:\/\/naturalpoland.com\/fi\/","logo":{"@type":"ImageObject","inLanguage":"fi","@id":"https:\/\/naturalpoland.com\/fi\/#\/schema\/logo\/image\/","url":"https:\/\/naturalpoland.com\/wp-content\/uploads\/2021\/05\/natural-poland-icon.png","contentUrl":"https:\/\/naturalpoland.com\/wp-content\/uploads\/2021\/05\/natural-poland-icon.png","width":512,"height":512,"caption":"Natural Poland"},"image":{"@id":"https:\/\/naturalpoland.com\/fi\/#\/schema\/logo\/image\/"},"sameAs":["https:\/\/www.facebook.com\/naturalpoland.b2b","https:\/\/pl.linkedin.com\/company\/natural-poland","https:\/\/www.youtube.com\/channel\/UCgeGGkvOMahZo-xu_MSEWxg"]}]}},"_links":{"self":[{"href":"https:\/\/naturalpoland.com\/fi\/wp-json\/wp\/v2\/product\/37122","targetHints":{"allow":["GET"]}}],"collection":[{"href":"https:\/\/naturalpoland.com\/fi\/wp-json\/wp\/v2\/product"}],"about":[{"href":"https:\/\/naturalpoland.com\/fi\/wp-json\/wp\/v2\/types\/product"}],"wp:featuredmedia":[{"embeddable":true,"href":"https:\/\/naturalpoland.com\/fi\/wp-json\/wp\/v2\/media\/37083"}],"wp:attachment":[{"href":"https:\/\/naturalpoland.com\/fi\/wp-json\/wp\/v2\/media?parent=37122"}],"wp:term":[{"taxonomy":"product_brand","embeddable":true,"href":"https:\/\/naturalpoland.com\/fi\/wp-json\/wp\/v2\/product_brand?post=37122"},{"taxonomy":"product_cat","embeddable":true,"href":"https:\/\/naturalpoland.com\/fi\/wp-json\/wp\/v2\/product_cat?post=37122"},{"taxonomy":"product_tag","embeddable":true,"href":"https:\/\/naturalpoland.com\/fi\/wp-json\/wp\/v2\/product_tag?post=37122"}],"curies":[{"name":"wp","href":"https:\/\/api.w.org\/{rel}","templated":true}]}}