{"id":37464,"date":"2024-10-31T12:04:38","date_gmt":"2024-10-31T13:38:45","guid":{"rendered":"https:\/\/naturalpoland.com\/produkty\/Ei-luokiteltu\/extract-from-marshmallow-pearl\/"},"modified":"2024-10-31T14:38:45","modified_gmt":"2024-10-31T13:38:45","slug":"extract-from-marshmallow-pearl","status":"publish","type":"product","link":"https:\/\/naturalpoland.com\/fi\/tuotteet\/kasviuutteet\/extract-from-marshmallow-pearl\/","title":{"rendered":"Virtsarakon uutetta"},"content":{"rendered":"<h2>Uutteen ominaisuudet ja koostumus<\/h2>\n<p>Fucus Vesiculosus -uutetta on saatavana hienoksi jauhettuna ruskeana jauheena, jolla on ominainen haju ja maku. Keskeisen vaikuttavan aineen, <strong>jodin<\/strong>, pitoisuus on 0,4-0,5 %. Monimutkaisen koostumuksensa ansiosta, joka sis\u00e4lt\u00e4\u00e4 my\u00f6s mineraaleja ja vitamiineja, t\u00e4m\u00e4 uute tukee erilaisia hoito- ja suojausprosesseja kosmetiikassa. <strong>Fukoksantiinin<\/strong> kaltaisten aineiden pitoisuutensa ansiosta sill\u00e4 on <strong>antioksidanttisia<\/strong> vaikutuksia ja se auttaa suojaamaan ihoa hapettumisstressilt\u00e4.   <\/p>\n<h2>Vaikutus ja kosmeettiset ominaisuudet<\/h2>\n<p>Virtsarakon uutteella on intensiivisesti <strong>kosteuttavia<\/strong>, <strong>uudistavia<\/strong> ja <strong>kiinteytt\u00e4vi\u00e4<\/strong> ominaisuuksia. Uutteen sis\u00e4lt\u00e4m\u00e4t <a href=\"https:\/\/naturalpoland.com\/artykuly\/produkty-naturalne\/przeciwutleniacze-w-kosmetykach-fenole-i-polifenole\/\">polyfenolit<\/a> ja <a href=\"https:\/\/naturalpoland.com\/artykuly\/produkty-naturalne\/moc-antyoksydantow-jak-wlaczyc-je-do-oferty-produktowej\/\">antioksidantit<\/a> torjuvat vapaiden radikaalien muodostumista, kun taas fukoksantiini tehostaa edelleen E-vitamiinin vaikutuksia, mik\u00e4 edist\u00e4\u00e4 ihon elvytt\u00e4mist\u00e4 ja parantaa sen kimmoisuutta. Uute on my\u00f6s erinomainen valinta laihdutus- ja selluliittia ehk\u00e4iseviin tuotteisiin. Merilev\u00e4n sis\u00e4lt\u00e4m\u00e4 jodi stimuloi rasvasolujen hajoamista ja est\u00e4\u00e4 rasvan kertymist\u00e4 uudelleen, mik\u00e4 auttaa v\u00e4hent\u00e4m\u00e4\u00e4n selluliittia ja muokkaamaan vartaloa. Lis\u00e4aineet, kuten fucoidin ja laminariini, auttavat parantamaan mikroverenkiertoa ja kiihdytt\u00e4m\u00e4\u00e4n aineenvaihduntaa, mik\u00e4 tukee kiinteytt\u00e4vi\u00e4 vaikutuksia ja taistelua turvotusta ja ihon veltostumista vastaan. <\/p>\n<h2>Kosmeettiset sovellukset<\/h2>\n<p>Uutetta suositellaan erityisesti seuraavissa tapauksissa:<\/p>\n<ul>\n<li><strong>anti-ageing- ja elvytt\u00e4v\u00e4\u00e4 kosmetiikkaa<\/strong>, joka palauttaa kyps\u00e4n ihon kiinteyden ja kimmoisuuden.<\/li>\n<li><strong>selluliittia vastaan ja mallinnusvalmisteet<\/strong>, joissa se auttaa v\u00e4hent\u00e4m\u00e4\u00e4n rasvakudosta ja v\u00e4hent\u00e4m\u00e4\u00e4n selluliitin ulkon\u00e4k\u00f6\u00e4.<\/li>\n<li><strong>rasvaiselle ja akneen taipuvaiselle iholle tarkoitetuissa voiteissa ja seerumeissa<\/strong>, sill\u00e4 sill\u00e4 on antibakteerinen ja talinerityst\u00e4 s\u00e4\u00e4telev\u00e4 vaikutus.<\/li>\n<li><strong>geelit ja voiteet silm\u00e4nymp\u00e4rysiholle<\/strong>, jossa se auttaa v\u00e4hent\u00e4m\u00e4\u00e4n turvotusta stimuloimalla imunesteen virtausta.<\/li>\n<\/ul>\n<h2>K\u00e4ytt\u00f6turvallisuus<\/h2>\n<p>Virtsarakon uutetta on turvallista k\u00e4ytt\u00e4\u00e4 kosmeettisissa valmisteissa sopivina pitoisuuksina. On suositeltavaa k\u00e4ytt\u00e4\u00e4 1-10 prosentin pitoisuuksina tuotteen tyypist\u00e4 ja k\u00e4ytt\u00f6tarkoituksesta riippuen. <\/p>\n","protected":false},"excerpt":{"rendered":"<p><strong>Fucus Vesiculosus<\/strong>-uute eli <strong>rakkolev\u00e4uute<\/strong> on luonnollinen raaka-aine, <strong>joka uutetaan<\/strong> Atlantin ja J\u00e4\u00e4meren pohjoisissa vesiss\u00e4 esiintyv\u00e4st\u00e4 ruskeasta merilev\u00e4st\u00e4. Siin\u00e4 on monia luonnollisia vaikuttavia aineita, kuten jodia, polyfenoleja, fukoksantiinia, E-vitamiinia, karotenoideja sek\u00e4 fosfolipidej\u00e4 ja glykolipidej\u00e4. Se on ihon- ja vartalonhoidon ainesosa.  <\/p>\n","protected":false},"featured_media":37363,"template":"","meta":{"_acf_changed":false},"product_brand":[],"product_cat":[528],"product_tag":[],"class_list":{"0":"post-37464","1":"product","2":"type-product","3":"status-publish","4":"has-post-thumbnail","6":"product_cat-kasviuutteet","7":"pa_czesc-rosliny-koko-kasvi","8":"pa_grupa-substancji-antioksidantit","9":"pa_skladnik-aktywny-jodi","11":"first","12":"instock","13":"shipping-taxable","14":"product-type-simple"},"acf":[],"yoast_head":"<!-- This site is optimized with the Yoast SEO plugin v27.4 - https:\/\/yoast.com\/product\/yoast-seo-wordpress\/ -->\n<title>Virtsarakon uutetta - NATURAL POLAND - RAAKA-AINEIDEN TUKKUJAKELIJA<\/title>\n<meta name=\"description\" content=\"Virtsaputkiuute on monipuolinen ainesosa, jolla on voimakas kosteuttava, antioksidanttinen ja kiinteytt\u00e4v\u00e4 vaikutus.\" \/>\n<meta name=\"robots\" content=\"index, follow, max-snippet:-1, max-image-preview:large, max-video-preview:-1\" \/>\n<link rel=\"canonical\" href=\"https:\/\/naturalpoland.com\/fi\/tuotteet\/kasviuutteet\/extract-from-marshmallow-pearl\/\" \/>\n<meta property=\"og:locale\" content=\"fi_FI\" \/>\n<meta property=\"og:type\" content=\"article\" \/>\n<meta property=\"og:title\" content=\"Virtsarakon uutetta - NATURAL POLAND - RAAKA-AINEIDEN TUKKUJAKELIJA\" \/>\n<meta property=\"og:description\" content=\"Virtsaputkiuute on monipuolinen ainesosa, jolla on voimakas kosteuttava, antioksidanttinen ja kiinteytt\u00e4v\u00e4 vaikutus.\" \/>\n<meta property=\"og:url\" content=\"https:\/\/naturalpoland.com\/fi\/tuotteet\/kasviuutteet\/extract-from-marshmallow-pearl\/\" \/>\n<meta property=\"og:site_name\" content=\"NATURAL POLAND - RAAKA-AINEIDEN TUKKUJAKELIJA\" \/>\n<meta property=\"article:publisher\" content=\"https:\/\/www.facebook.com\/naturalpoland.b2b\" \/>\n<meta property=\"og:image\" content=\"https:\/\/naturalpoland.com\/wp-content\/uploads\/ekstrakt-fucus-vesiculosus.webp\" \/>\n\t<meta property=\"og:image:width\" content=\"614\" \/>\n\t<meta property=\"og:image:height\" content=\"614\" \/>\n\t<meta property=\"og:image:type\" content=\"image\/webp\" \/>\n<script type=\"application\/ld+json\" class=\"yoast-schema-graph\">{\"@context\":\"https:\\\/\\\/schema.org\",\"@graph\":[{\"@type\":\"WebPage\",\"@id\":\"https:\\\/\\\/naturalpoland.com\\\/fi\\\/tuotteet\\\/kasviuutteet\\\/extract-from-marshmallow-pearl\\\/\",\"url\":\"https:\\\/\\\/naturalpoland.com\\\/fi\\\/tuotteet\\\/kasviuutteet\\\/extract-from-marshmallow-pearl\\\/\",\"name\":\"Virtsarakon uutetta - NATURAL POLAND - RAAKA-AINEIDEN TUKKUJAKELIJA\",\"isPartOf\":{\"@id\":\"https:\\\/\\\/naturalpoland.com\\\/fi\\\/#website\"},\"primaryImageOfPage\":{\"@id\":\"https:\\\/\\\/naturalpoland.com\\\/fi\\\/tuotteet\\\/kasviuutteet\\\/extract-from-marshmallow-pearl\\\/#primaryimage\"},\"image\":{\"@id\":\"https:\\\/\\\/naturalpoland.com\\\/fi\\\/tuotteet\\\/kasviuutteet\\\/extract-from-marshmallow-pearl\\\/#primaryimage\"},\"thumbnailUrl\":\"https:\\\/\\\/naturalpoland.com\\\/wp-content\\\/uploads\\\/ekstrakt-fucus-vesiculosus.webp\",\"datePublished\":\"2024-10-31T13:38:45+00:00\",\"description\":\"Virtsaputkiuute on monipuolinen ainesosa, jolla on voimakas kosteuttava, antioksidanttinen ja kiinteytt\u00e4v\u00e4 vaikutus.\",\"breadcrumb\":{\"@id\":\"https:\\\/\\\/naturalpoland.com\\\/fi\\\/tuotteet\\\/kasviuutteet\\\/extract-from-marshmallow-pearl\\\/#breadcrumb\"},\"inLanguage\":\"fi\",\"potentialAction\":[{\"@type\":\"ReadAction\",\"target\":[\"https:\\\/\\\/naturalpoland.com\\\/fi\\\/tuotteet\\\/kasviuutteet\\\/extract-from-marshmallow-pearl\\\/\"]}]},{\"@type\":\"ImageObject\",\"inLanguage\":\"fi\",\"@id\":\"https:\\\/\\\/naturalpoland.com\\\/fi\\\/tuotteet\\\/kasviuutteet\\\/extract-from-marshmallow-pearl\\\/#primaryimage\",\"url\":\"https:\\\/\\\/naturalpoland.com\\\/wp-content\\\/uploads\\\/ekstrakt-fucus-vesiculosus.webp\",\"contentUrl\":\"https:\\\/\\\/naturalpoland.com\\\/wp-content\\\/uploads\\\/ekstrakt-fucus-vesiculosus.webp\",\"width\":614,\"height\":614,\"caption\":\"Ekstrakt z morszczynu p\u0119cherzykowatego\"},{\"@type\":\"BreadcrumbList\",\"@id\":\"https:\\\/\\\/naturalpoland.com\\\/fi\\\/tuotteet\\\/kasviuutteet\\\/extract-from-marshmallow-pearl\\\/#breadcrumb\",\"itemListElement\":[{\"@type\":\"ListItem\",\"position\":1,\"name\":\"Etusivu\",\"item\":\"https:\\\/\\\/naturalpoland.com\\\/fi\\\/\"},{\"@type\":\"ListItem\",\"position\":2,\"name\":\"Tuotteet\",\"item\":\"https:\\\/\\\/naturalpoland.com\\\/fi\\\/tuotteet\\\/\"},{\"@type\":\"ListItem\",\"position\":3,\"name\":\"Virtsarakon uutetta\"}]},{\"@type\":\"WebSite\",\"@id\":\"https:\\\/\\\/naturalpoland.com\\\/fi\\\/#website\",\"url\":\"https:\\\/\\\/naturalpoland.com\\\/fi\\\/\",\"name\":\"NATURAL POLAND - RAAKA-AINEIDEN TUKKUJAKELIJA\",\"description\":\"Surowce dla przemys\u0142u spo\u017cywczego, kosmetycznego i farmaceutycznego\",\"publisher\":{\"@id\":\"https:\\\/\\\/naturalpoland.com\\\/fi\\\/#organization\"},\"potentialAction\":[{\"@type\":\"SearchAction\",\"target\":{\"@type\":\"EntryPoint\",\"urlTemplate\":\"https:\\\/\\\/naturalpoland.com\\\/fi\\\/?s={search_term_string}\"},\"query-input\":{\"@type\":\"PropertyValueSpecification\",\"valueRequired\":true,\"valueName\":\"search_term_string\"}}],\"inLanguage\":\"fi\"},{\"@type\":\"Organization\",\"@id\":\"https:\\\/\\\/naturalpoland.com\\\/fi\\\/#organization\",\"name\":\"Natural Poland\",\"url\":\"https:\\\/\\\/naturalpoland.com\\\/fi\\\/\",\"logo\":{\"@type\":\"ImageObject\",\"inLanguage\":\"fi\",\"@id\":\"https:\\\/\\\/naturalpoland.com\\\/fi\\\/#\\\/schema\\\/logo\\\/image\\\/\",\"url\":\"https:\\\/\\\/naturalpoland.com\\\/wp-content\\\/uploads\\\/2021\\\/05\\\/natural-poland-icon.png\",\"contentUrl\":\"https:\\\/\\\/naturalpoland.com\\\/wp-content\\\/uploads\\\/2021\\\/05\\\/natural-poland-icon.png\",\"width\":512,\"height\":512,\"caption\":\"Natural Poland\"},\"image\":{\"@id\":\"https:\\\/\\\/naturalpoland.com\\\/fi\\\/#\\\/schema\\\/logo\\\/image\\\/\"},\"sameAs\":[\"https:\\\/\\\/www.facebook.com\\\/naturalpoland.b2b\",\"https:\\\/\\\/pl.linkedin.com\\\/company\\\/natural-poland\",\"https:\\\/\\\/www.youtube.com\\\/channel\\\/UCgeGGkvOMahZo-xu_MSEWxg\"]}]}<\/script>\n<!-- \/ Yoast SEO plugin. -->","yoast_head_json":{"title":"Virtsarakon uutetta - NATURAL POLAND - RAAKA-AINEIDEN TUKKUJAKELIJA","description":"Virtsaputkiuute on monipuolinen ainesosa, jolla on voimakas kosteuttava, antioksidanttinen ja kiinteytt\u00e4v\u00e4 vaikutus.","robots":{"index":"index","follow":"follow","max-snippet":"max-snippet:-1","max-image-preview":"max-image-preview:large","max-video-preview":"max-video-preview:-1"},"canonical":"https:\/\/naturalpoland.com\/fi\/tuotteet\/kasviuutteet\/extract-from-marshmallow-pearl\/","og_locale":"fi_FI","og_type":"article","og_title":"Virtsarakon uutetta - NATURAL POLAND - RAAKA-AINEIDEN TUKKUJAKELIJA","og_description":"Virtsaputkiuute on monipuolinen ainesosa, jolla on voimakas kosteuttava, antioksidanttinen ja kiinteytt\u00e4v\u00e4 vaikutus.","og_url":"https:\/\/naturalpoland.com\/fi\/tuotteet\/kasviuutteet\/extract-from-marshmallow-pearl\/","og_site_name":"NATURAL POLAND - RAAKA-AINEIDEN TUKKUJAKELIJA","article_publisher":"https:\/\/www.facebook.com\/naturalpoland.b2b","og_image":[{"width":614,"height":614,"url":"https:\/\/naturalpoland.com\/wp-content\/uploads\/ekstrakt-fucus-vesiculosus.webp","type":"image\/webp"}],"schema":{"@context":"https:\/\/schema.org","@graph":[{"@type":"WebPage","@id":"https:\/\/naturalpoland.com\/fi\/tuotteet\/kasviuutteet\/extract-from-marshmallow-pearl\/","url":"https:\/\/naturalpoland.com\/fi\/tuotteet\/kasviuutteet\/extract-from-marshmallow-pearl\/","name":"Virtsarakon uutetta - NATURAL POLAND - RAAKA-AINEIDEN TUKKUJAKELIJA","isPartOf":{"@id":"https:\/\/naturalpoland.com\/fi\/#website"},"primaryImageOfPage":{"@id":"https:\/\/naturalpoland.com\/fi\/tuotteet\/kasviuutteet\/extract-from-marshmallow-pearl\/#primaryimage"},"image":{"@id":"https:\/\/naturalpoland.com\/fi\/tuotteet\/kasviuutteet\/extract-from-marshmallow-pearl\/#primaryimage"},"thumbnailUrl":"https:\/\/naturalpoland.com\/wp-content\/uploads\/ekstrakt-fucus-vesiculosus.webp","datePublished":"2024-10-31T13:38:45+00:00","description":"Virtsaputkiuute on monipuolinen ainesosa, jolla on voimakas kosteuttava, antioksidanttinen ja kiinteytt\u00e4v\u00e4 vaikutus.","breadcrumb":{"@id":"https:\/\/naturalpoland.com\/fi\/tuotteet\/kasviuutteet\/extract-from-marshmallow-pearl\/#breadcrumb"},"inLanguage":"fi","potentialAction":[{"@type":"ReadAction","target":["https:\/\/naturalpoland.com\/fi\/tuotteet\/kasviuutteet\/extract-from-marshmallow-pearl\/"]}]},{"@type":"ImageObject","inLanguage":"fi","@id":"https:\/\/naturalpoland.com\/fi\/tuotteet\/kasviuutteet\/extract-from-marshmallow-pearl\/#primaryimage","url":"https:\/\/naturalpoland.com\/wp-content\/uploads\/ekstrakt-fucus-vesiculosus.webp","contentUrl":"https:\/\/naturalpoland.com\/wp-content\/uploads\/ekstrakt-fucus-vesiculosus.webp","width":614,"height":614,"caption":"Ekstrakt z morszczynu p\u0119cherzykowatego"},{"@type":"BreadcrumbList","@id":"https:\/\/naturalpoland.com\/fi\/tuotteet\/kasviuutteet\/extract-from-marshmallow-pearl\/#breadcrumb","itemListElement":[{"@type":"ListItem","position":1,"name":"Etusivu","item":"https:\/\/naturalpoland.com\/fi\/"},{"@type":"ListItem","position":2,"name":"Tuotteet","item":"https:\/\/naturalpoland.com\/fi\/tuotteet\/"},{"@type":"ListItem","position":3,"name":"Virtsarakon uutetta"}]},{"@type":"WebSite","@id":"https:\/\/naturalpoland.com\/fi\/#website","url":"https:\/\/naturalpoland.com\/fi\/","name":"NATURAL POLAND - RAAKA-AINEIDEN TUKKUJAKELIJA","description":"Surowce dla przemys\u0142u spo\u017cywczego, kosmetycznego i farmaceutycznego","publisher":{"@id":"https:\/\/naturalpoland.com\/fi\/#organization"},"potentialAction":[{"@type":"SearchAction","target":{"@type":"EntryPoint","urlTemplate":"https:\/\/naturalpoland.com\/fi\/?s={search_term_string}"},"query-input":{"@type":"PropertyValueSpecification","valueRequired":true,"valueName":"search_term_string"}}],"inLanguage":"fi"},{"@type":"Organization","@id":"https:\/\/naturalpoland.com\/fi\/#organization","name":"Natural Poland","url":"https:\/\/naturalpoland.com\/fi\/","logo":{"@type":"ImageObject","inLanguage":"fi","@id":"https:\/\/naturalpoland.com\/fi\/#\/schema\/logo\/image\/","url":"https:\/\/naturalpoland.com\/wp-content\/uploads\/2021\/05\/natural-poland-icon.png","contentUrl":"https:\/\/naturalpoland.com\/wp-content\/uploads\/2021\/05\/natural-poland-icon.png","width":512,"height":512,"caption":"Natural Poland"},"image":{"@id":"https:\/\/naturalpoland.com\/fi\/#\/schema\/logo\/image\/"},"sameAs":["https:\/\/www.facebook.com\/naturalpoland.b2b","https:\/\/pl.linkedin.com\/company\/natural-poland","https:\/\/www.youtube.com\/channel\/UCgeGGkvOMahZo-xu_MSEWxg"]}]}},"_links":{"self":[{"href":"https:\/\/naturalpoland.com\/fi\/wp-json\/wp\/v2\/product\/37464","targetHints":{"allow":["GET"]}}],"collection":[{"href":"https:\/\/naturalpoland.com\/fi\/wp-json\/wp\/v2\/product"}],"about":[{"href":"https:\/\/naturalpoland.com\/fi\/wp-json\/wp\/v2\/types\/product"}],"wp:featuredmedia":[{"embeddable":true,"href":"https:\/\/naturalpoland.com\/fi\/wp-json\/wp\/v2\/media\/37363"}],"wp:attachment":[{"href":"https:\/\/naturalpoland.com\/fi\/wp-json\/wp\/v2\/media?parent=37464"}],"wp:term":[{"taxonomy":"product_brand","embeddable":true,"href":"https:\/\/naturalpoland.com\/fi\/wp-json\/wp\/v2\/product_brand?post=37464"},{"taxonomy":"product_cat","embeddable":true,"href":"https:\/\/naturalpoland.com\/fi\/wp-json\/wp\/v2\/product_cat?post=37464"},{"taxonomy":"product_tag","embeddable":true,"href":"https:\/\/naturalpoland.com\/fi\/wp-json\/wp\/v2\/product_tag?post=37464"}],"curies":[{"name":"wp","href":"https:\/\/api.w.org\/{rel}","templated":true}]}}