{"id":37699,"date":"2024-10-31T15:16:21","date_gmt":"2024-11-12T16:31:45","guid":{"rendered":"https:\/\/naturalpoland.com\/produkty\/Ei-luokiteltu\/magnesiumglukonaatti\/"},"modified":"2024-11-12T17:31:45","modified_gmt":"2024-11-12T16:31:45","slug":"magnesiumglukonaatti","status":"publish","type":"product","link":"https:\/\/naturalpoland.com\/fi\/tuotteet\/kosmetiikkateollisuuden-tuotteet\/kosmetiikan-raaka-aineet\/magnesiumglukonaatti\/","title":{"rendered":"Magnesiumglukonaatti"},"content":{"rendered":"<h2>Magnesiumglukonaatin ominaisuudet ja vaikutukset:<\/h2>\n<p>T\u00e4t\u00e4 tuotetta k\u00e4ytet\u00e4\u00e4n kosmetiikassa sen ryppyj\u00e4 ehk\u00e4isev\u00e4n vaikutuksen vuoksi, sill\u00e4 se est\u00e4\u00e4 kalsiumkanavia fibroblasteissa ja rentouttaa lihaksia. Se on luonnollinen vaihtoehto Botoxille, joka saa ihon n\u00e4ytt\u00e4m\u00e4\u00e4n nuoremmalta ja s\u00e4teilev\u00e4mm\u00e4lt\u00e4. Sill\u00e4 on my\u00f6s syv\u00e4kosteuttava vaikutus, joka minimoi transsepidermist\u00e4 vesih\u00e4vi\u00f6t\u00e4. Se suojaa ihoa ulkoisilta tekij\u00f6ilt\u00e4, kuten ilmastoinnilta ja tuulelta. Ravintolisiss\u00e4 k\u00e4ytetty magnesiumglukonaatti tukee elimist\u00f6n elektrolyyttitasapainoa sek\u00e4 lihasten ja luiden terveytt\u00e4.   <\/p>\n","protected":false},"excerpt":{"rendered":"<p>Lis\u00e4ravinteena k\u00e4ytettyn\u00e4 <strong>magnesiumglukonaatti<\/strong> tukee elimist\u00f6n elektrolyyttitasapainoa. Se on glukonihapon magnesiumsuola, joka on saatavilla valkoisena kiteisen\u00e4 ja veteen helposti liukenevana jauheena. <\/p>\n","protected":false},"featured_media":37522,"template":"","meta":{"_acf_changed":false},"product_brand":[],"product_cat":[544],"product_tag":[],"class_list":{"0":"post-37699","1":"product","2":"type-product","3":"status-publish","4":"has-post-thumbnail","6":"product_cat-kosmetiikan-raaka-aineet","8":"first","9":"instock","10":"shipping-taxable","11":"product-type-simple"},"acf":[],"yoast_head":"<!-- This site is optimized with the Yoast SEO plugin v27.4 - https:\/\/yoast.com\/product\/yoast-seo-wordpress\/ -->\n<title>Magnesiumglukonaatti - NATURAL POLAND - RAAKA-AINEIDEN TUKKUJAKELIJA<\/title>\n<meta name=\"description\" content=\"Magnesiumglukonaatti on ihanteellinen valinta ik\u00e4\u00e4ntymist\u00e4 ehk\u00e4iseviin kosmeettisiin valmisteisiin ja lis\u00e4ravinteisiin, jotka tukevat kehon terveytt\u00e4 ja tasapainoa.\" \/>\n<meta name=\"robots\" content=\"index, follow, max-snippet:-1, max-image-preview:large, max-video-preview:-1\" \/>\n<link rel=\"canonical\" href=\"https:\/\/naturalpoland.com\/fi\/tuotteet\/kosmetiikkateollisuuden-tuotteet\/kosmetiikan-raaka-aineet\/magnesiumglukonaatti\/\" \/>\n<meta property=\"og:locale\" content=\"fi_FI\" \/>\n<meta property=\"og:type\" content=\"article\" \/>\n<meta property=\"og:title\" content=\"Magnesiumglukonaatti - NATURAL POLAND - RAAKA-AINEIDEN TUKKUJAKELIJA\" \/>\n<meta property=\"og:description\" content=\"Magnesiumglukonaatti on ihanteellinen valinta ik\u00e4\u00e4ntymist\u00e4 ehk\u00e4iseviin kosmeettisiin valmisteisiin ja lis\u00e4ravinteisiin, jotka tukevat kehon terveytt\u00e4 ja tasapainoa.\" \/>\n<meta property=\"og:url\" content=\"https:\/\/naturalpoland.com\/fi\/tuotteet\/kosmetiikkateollisuuden-tuotteet\/kosmetiikan-raaka-aineet\/magnesiumglukonaatti\/\" \/>\n<meta property=\"og:site_name\" content=\"NATURAL POLAND - RAAKA-AINEIDEN TUKKUJAKELIJA\" \/>\n<meta property=\"article:publisher\" content=\"https:\/\/www.facebook.com\/naturalpoland.b2b\" \/>\n<meta property=\"og:image\" content=\"https:\/\/naturalpoland.com\/wp-content\/uploads\/gluklonian-magnezu.webp\" \/>\n\t<meta property=\"og:image:width\" content=\"614\" \/>\n\t<meta property=\"og:image:height\" content=\"614\" \/>\n\t<meta property=\"og:image:type\" content=\"image\/webp\" \/>\n<script type=\"application\/ld+json\" class=\"yoast-schema-graph\">{\"@context\":\"https:\\\/\\\/schema.org\",\"@graph\":[{\"@type\":\"WebPage\",\"@id\":\"https:\\\/\\\/naturalpoland.com\\\/fi\\\/tuotteet\\\/kosmetiikkateollisuuden-tuotteet\\\/kosmetiikan-raaka-aineet\\\/magnesiumglukonaatti\\\/\",\"url\":\"https:\\\/\\\/naturalpoland.com\\\/fi\\\/tuotteet\\\/kosmetiikkateollisuuden-tuotteet\\\/kosmetiikan-raaka-aineet\\\/magnesiumglukonaatti\\\/\",\"name\":\"Magnesiumglukonaatti - NATURAL POLAND - RAAKA-AINEIDEN TUKKUJAKELIJA\",\"isPartOf\":{\"@id\":\"https:\\\/\\\/naturalpoland.com\\\/fi\\\/#website\"},\"primaryImageOfPage\":{\"@id\":\"https:\\\/\\\/naturalpoland.com\\\/fi\\\/tuotteet\\\/kosmetiikkateollisuuden-tuotteet\\\/kosmetiikan-raaka-aineet\\\/magnesiumglukonaatti\\\/#primaryimage\"},\"image\":{\"@id\":\"https:\\\/\\\/naturalpoland.com\\\/fi\\\/tuotteet\\\/kosmetiikkateollisuuden-tuotteet\\\/kosmetiikan-raaka-aineet\\\/magnesiumglukonaatti\\\/#primaryimage\"},\"thumbnailUrl\":\"https:\\\/\\\/naturalpoland.com\\\/wp-content\\\/uploads\\\/gluklonian-magnezu.webp\",\"datePublished\":\"2024-11-12T16:31:45+00:00\",\"description\":\"Magnesiumglukonaatti on ihanteellinen valinta ik\u00e4\u00e4ntymist\u00e4 ehk\u00e4iseviin kosmeettisiin valmisteisiin ja lis\u00e4ravinteisiin, jotka tukevat kehon terveytt\u00e4 ja tasapainoa.\",\"breadcrumb\":{\"@id\":\"https:\\\/\\\/naturalpoland.com\\\/fi\\\/tuotteet\\\/kosmetiikkateollisuuden-tuotteet\\\/kosmetiikan-raaka-aineet\\\/magnesiumglukonaatti\\\/#breadcrumb\"},\"inLanguage\":\"fi\",\"potentialAction\":[{\"@type\":\"ReadAction\",\"target\":[\"https:\\\/\\\/naturalpoland.com\\\/fi\\\/tuotteet\\\/kosmetiikkateollisuuden-tuotteet\\\/kosmetiikan-raaka-aineet\\\/magnesiumglukonaatti\\\/\"]}]},{\"@type\":\"ImageObject\",\"inLanguage\":\"fi\",\"@id\":\"https:\\\/\\\/naturalpoland.com\\\/fi\\\/tuotteet\\\/kosmetiikkateollisuuden-tuotteet\\\/kosmetiikan-raaka-aineet\\\/magnesiumglukonaatti\\\/#primaryimage\",\"url\":\"https:\\\/\\\/naturalpoland.com\\\/wp-content\\\/uploads\\\/gluklonian-magnezu.webp\",\"contentUrl\":\"https:\\\/\\\/naturalpoland.com\\\/wp-content\\\/uploads\\\/gluklonian-magnezu.webp\",\"width\":614,\"height\":614,\"caption\":\"glukonian magnezu\"},{\"@type\":\"BreadcrumbList\",\"@id\":\"https:\\\/\\\/naturalpoland.com\\\/fi\\\/tuotteet\\\/kosmetiikkateollisuuden-tuotteet\\\/kosmetiikan-raaka-aineet\\\/magnesiumglukonaatti\\\/#breadcrumb\",\"itemListElement\":[{\"@type\":\"ListItem\",\"position\":1,\"name\":\"Etusivu\",\"item\":\"https:\\\/\\\/naturalpoland.com\\\/fi\\\/\"},{\"@type\":\"ListItem\",\"position\":2,\"name\":\"Tuotteet\",\"item\":\"https:\\\/\\\/naturalpoland.com\\\/fi\\\/tuotteet\\\/\"},{\"@type\":\"ListItem\",\"position\":3,\"name\":\"Magnesiumglukonaatti\"}]},{\"@type\":\"WebSite\",\"@id\":\"https:\\\/\\\/naturalpoland.com\\\/fi\\\/#website\",\"url\":\"https:\\\/\\\/naturalpoland.com\\\/fi\\\/\",\"name\":\"NATURAL POLAND - RAAKA-AINEIDEN TUKKUJAKELIJA\",\"description\":\"Surowce dla przemys\u0142u spo\u017cywczego, kosmetycznego i farmaceutycznego\",\"publisher\":{\"@id\":\"https:\\\/\\\/naturalpoland.com\\\/fi\\\/#organization\"},\"potentialAction\":[{\"@type\":\"SearchAction\",\"target\":{\"@type\":\"EntryPoint\",\"urlTemplate\":\"https:\\\/\\\/naturalpoland.com\\\/fi\\\/?s={search_term_string}\"},\"query-input\":{\"@type\":\"PropertyValueSpecification\",\"valueRequired\":true,\"valueName\":\"search_term_string\"}}],\"inLanguage\":\"fi\"},{\"@type\":\"Organization\",\"@id\":\"https:\\\/\\\/naturalpoland.com\\\/fi\\\/#organization\",\"name\":\"Natural Poland\",\"url\":\"https:\\\/\\\/naturalpoland.com\\\/fi\\\/\",\"logo\":{\"@type\":\"ImageObject\",\"inLanguage\":\"fi\",\"@id\":\"https:\\\/\\\/naturalpoland.com\\\/fi\\\/#\\\/schema\\\/logo\\\/image\\\/\",\"url\":\"https:\\\/\\\/naturalpoland.com\\\/wp-content\\\/uploads\\\/2021\\\/05\\\/natural-poland-icon.png\",\"contentUrl\":\"https:\\\/\\\/naturalpoland.com\\\/wp-content\\\/uploads\\\/2021\\\/05\\\/natural-poland-icon.png\",\"width\":512,\"height\":512,\"caption\":\"Natural Poland\"},\"image\":{\"@id\":\"https:\\\/\\\/naturalpoland.com\\\/fi\\\/#\\\/schema\\\/logo\\\/image\\\/\"},\"sameAs\":[\"https:\\\/\\\/www.facebook.com\\\/naturalpoland.b2b\",\"https:\\\/\\\/pl.linkedin.com\\\/company\\\/natural-poland\",\"https:\\\/\\\/www.youtube.com\\\/channel\\\/UCgeGGkvOMahZo-xu_MSEWxg\"]}]}<\/script>\n<!-- \/ Yoast SEO plugin. -->","yoast_head_json":{"title":"Magnesiumglukonaatti - NATURAL POLAND - RAAKA-AINEIDEN TUKKUJAKELIJA","description":"Magnesiumglukonaatti on ihanteellinen valinta ik\u00e4\u00e4ntymist\u00e4 ehk\u00e4iseviin kosmeettisiin valmisteisiin ja lis\u00e4ravinteisiin, jotka tukevat kehon terveytt\u00e4 ja tasapainoa.","robots":{"index":"index","follow":"follow","max-snippet":"max-snippet:-1","max-image-preview":"max-image-preview:large","max-video-preview":"max-video-preview:-1"},"canonical":"https:\/\/naturalpoland.com\/fi\/tuotteet\/kosmetiikkateollisuuden-tuotteet\/kosmetiikan-raaka-aineet\/magnesiumglukonaatti\/","og_locale":"fi_FI","og_type":"article","og_title":"Magnesiumglukonaatti - NATURAL POLAND - RAAKA-AINEIDEN TUKKUJAKELIJA","og_description":"Magnesiumglukonaatti on ihanteellinen valinta ik\u00e4\u00e4ntymist\u00e4 ehk\u00e4iseviin kosmeettisiin valmisteisiin ja lis\u00e4ravinteisiin, jotka tukevat kehon terveytt\u00e4 ja tasapainoa.","og_url":"https:\/\/naturalpoland.com\/fi\/tuotteet\/kosmetiikkateollisuuden-tuotteet\/kosmetiikan-raaka-aineet\/magnesiumglukonaatti\/","og_site_name":"NATURAL POLAND - RAAKA-AINEIDEN TUKKUJAKELIJA","article_publisher":"https:\/\/www.facebook.com\/naturalpoland.b2b","og_image":[{"width":614,"height":614,"url":"https:\/\/naturalpoland.com\/wp-content\/uploads\/gluklonian-magnezu.webp","type":"image\/webp"}],"schema":{"@context":"https:\/\/schema.org","@graph":[{"@type":"WebPage","@id":"https:\/\/naturalpoland.com\/fi\/tuotteet\/kosmetiikkateollisuuden-tuotteet\/kosmetiikan-raaka-aineet\/magnesiumglukonaatti\/","url":"https:\/\/naturalpoland.com\/fi\/tuotteet\/kosmetiikkateollisuuden-tuotteet\/kosmetiikan-raaka-aineet\/magnesiumglukonaatti\/","name":"Magnesiumglukonaatti - NATURAL POLAND - RAAKA-AINEIDEN TUKKUJAKELIJA","isPartOf":{"@id":"https:\/\/naturalpoland.com\/fi\/#website"},"primaryImageOfPage":{"@id":"https:\/\/naturalpoland.com\/fi\/tuotteet\/kosmetiikkateollisuuden-tuotteet\/kosmetiikan-raaka-aineet\/magnesiumglukonaatti\/#primaryimage"},"image":{"@id":"https:\/\/naturalpoland.com\/fi\/tuotteet\/kosmetiikkateollisuuden-tuotteet\/kosmetiikan-raaka-aineet\/magnesiumglukonaatti\/#primaryimage"},"thumbnailUrl":"https:\/\/naturalpoland.com\/wp-content\/uploads\/gluklonian-magnezu.webp","datePublished":"2024-11-12T16:31:45+00:00","description":"Magnesiumglukonaatti on ihanteellinen valinta ik\u00e4\u00e4ntymist\u00e4 ehk\u00e4iseviin kosmeettisiin valmisteisiin ja lis\u00e4ravinteisiin, jotka tukevat kehon terveytt\u00e4 ja tasapainoa.","breadcrumb":{"@id":"https:\/\/naturalpoland.com\/fi\/tuotteet\/kosmetiikkateollisuuden-tuotteet\/kosmetiikan-raaka-aineet\/magnesiumglukonaatti\/#breadcrumb"},"inLanguage":"fi","potentialAction":[{"@type":"ReadAction","target":["https:\/\/naturalpoland.com\/fi\/tuotteet\/kosmetiikkateollisuuden-tuotteet\/kosmetiikan-raaka-aineet\/magnesiumglukonaatti\/"]}]},{"@type":"ImageObject","inLanguage":"fi","@id":"https:\/\/naturalpoland.com\/fi\/tuotteet\/kosmetiikkateollisuuden-tuotteet\/kosmetiikan-raaka-aineet\/magnesiumglukonaatti\/#primaryimage","url":"https:\/\/naturalpoland.com\/wp-content\/uploads\/gluklonian-magnezu.webp","contentUrl":"https:\/\/naturalpoland.com\/wp-content\/uploads\/gluklonian-magnezu.webp","width":614,"height":614,"caption":"glukonian magnezu"},{"@type":"BreadcrumbList","@id":"https:\/\/naturalpoland.com\/fi\/tuotteet\/kosmetiikkateollisuuden-tuotteet\/kosmetiikan-raaka-aineet\/magnesiumglukonaatti\/#breadcrumb","itemListElement":[{"@type":"ListItem","position":1,"name":"Etusivu","item":"https:\/\/naturalpoland.com\/fi\/"},{"@type":"ListItem","position":2,"name":"Tuotteet","item":"https:\/\/naturalpoland.com\/fi\/tuotteet\/"},{"@type":"ListItem","position":3,"name":"Magnesiumglukonaatti"}]},{"@type":"WebSite","@id":"https:\/\/naturalpoland.com\/fi\/#website","url":"https:\/\/naturalpoland.com\/fi\/","name":"NATURAL POLAND - RAAKA-AINEIDEN TUKKUJAKELIJA","description":"Surowce dla przemys\u0142u spo\u017cywczego, kosmetycznego i farmaceutycznego","publisher":{"@id":"https:\/\/naturalpoland.com\/fi\/#organization"},"potentialAction":[{"@type":"SearchAction","target":{"@type":"EntryPoint","urlTemplate":"https:\/\/naturalpoland.com\/fi\/?s={search_term_string}"},"query-input":{"@type":"PropertyValueSpecification","valueRequired":true,"valueName":"search_term_string"}}],"inLanguage":"fi"},{"@type":"Organization","@id":"https:\/\/naturalpoland.com\/fi\/#organization","name":"Natural Poland","url":"https:\/\/naturalpoland.com\/fi\/","logo":{"@type":"ImageObject","inLanguage":"fi","@id":"https:\/\/naturalpoland.com\/fi\/#\/schema\/logo\/image\/","url":"https:\/\/naturalpoland.com\/wp-content\/uploads\/2021\/05\/natural-poland-icon.png","contentUrl":"https:\/\/naturalpoland.com\/wp-content\/uploads\/2021\/05\/natural-poland-icon.png","width":512,"height":512,"caption":"Natural Poland"},"image":{"@id":"https:\/\/naturalpoland.com\/fi\/#\/schema\/logo\/image\/"},"sameAs":["https:\/\/www.facebook.com\/naturalpoland.b2b","https:\/\/pl.linkedin.com\/company\/natural-poland","https:\/\/www.youtube.com\/channel\/UCgeGGkvOMahZo-xu_MSEWxg"]}]}},"_links":{"self":[{"href":"https:\/\/naturalpoland.com\/fi\/wp-json\/wp\/v2\/product\/37699","targetHints":{"allow":["GET"]}}],"collection":[{"href":"https:\/\/naturalpoland.com\/fi\/wp-json\/wp\/v2\/product"}],"about":[{"href":"https:\/\/naturalpoland.com\/fi\/wp-json\/wp\/v2\/types\/product"}],"wp:featuredmedia":[{"embeddable":true,"href":"https:\/\/naturalpoland.com\/fi\/wp-json\/wp\/v2\/media\/37522"}],"wp:attachment":[{"href":"https:\/\/naturalpoland.com\/fi\/wp-json\/wp\/v2\/media?parent=37699"}],"wp:term":[{"taxonomy":"product_brand","embeddable":true,"href":"https:\/\/naturalpoland.com\/fi\/wp-json\/wp\/v2\/product_brand?post=37699"},{"taxonomy":"product_cat","embeddable":true,"href":"https:\/\/naturalpoland.com\/fi\/wp-json\/wp\/v2\/product_cat?post=37699"},{"taxonomy":"product_tag","embeddable":true,"href":"https:\/\/naturalpoland.com\/fi\/wp-json\/wp\/v2\/product_tag?post=37699"}],"curies":[{"name":"wp","href":"https:\/\/api.w.org\/{rel}","templated":true}]}}