{"id":38434,"date":"2024-12-19T15:37:27","date_gmt":"2024-12-19T14:37:27","guid":{"rendered":"https:\/\/naturalpoland.com\/produkty\/Ei-luokiteltu\/myristoyl-pentapeptide-17\/"},"modified":"2024-12-23T12:46:45","modified_gmt":"2024-12-23T11:46:45","slug":"myristoyl-pentapeptide-17","status":"publish","type":"product","link":"https:\/\/naturalpoland.com\/fi\/tuotteet\/kosmetiikkateollisuuden-tuotteet\/peptidit\/myristoyl-pentapeptide-17\/","title":{"rendered":"Myristoyylipentapeptidi-17"},"content":{"rendered":"<p data-pm-slice=\"1 1 []\">Myristoyylipentapeptidi-17 tukee karvatupen uudistumisprosesseja, mik\u00e4 lis\u00e4\u00e4 ripsien volyymia ja pituutta. Se tukee ihon korjausprosesseja ja parantaa sen kimmoisuutta ja kosteutta. Lis\u00e4ksi se suojaa hiuksia vaurioilta.  <\/p>\n<p data-pm-slice=\"1 1 []\">Myristoyylipentapeptidi-17:\u00e4\u00e4 k\u00e4ytet\u00e4\u00e4n laajalti kosmetiikkateollisuudessa, erityisesti silm\u00e4ripsien ja kulmakarvojen seerumeissa ja hoitoaineissa, ik\u00e4\u00e4ntymisen vastaisissa tuotteissa ja hiustenhoitotuotteissa.<\/p>\n","protected":false},"excerpt":{"rendered":"<p data-pm-slice=\"1 1 []\"><strong>Myristoyylipentapeptidi-17<\/strong> on kehittynyt bioaktiivinen ainesosa, jolla on vahvistavia ja uudistavia ominaisuuksia. Sen ainutlaatuisen kemiallisen rakenteen ansiosta se tukee tehokkaasti ihon ja hiusten kuntoa ja edist\u00e4\u00e4 niiden tervett\u00e4 ja esteettist\u00e4 ulkon\u00e4k\u00f6\u00e4. Myristoyyli-lipidiryhm\u00e4n ansiosta peptidille on ominaista lis\u00e4\u00e4ntynyt biologinen hy\u00f6tyosuus ja sen tehokkuus solutasolla.  <\/p>\n","protected":false},"featured_media":38375,"template":"","meta":{"_acf_changed":false},"product_brand":[],"product_cat":[2490],"product_tag":[],"class_list":{"0":"post-38434","1":"product","2":"type-product","3":"status-publish","4":"has-post-thumbnail","6":"product_cat-peptidit","8":"first","9":"instock","10":"shipping-taxable","11":"product-type-simple"},"acf":[],"yoast_head":"<!-- This site is optimized with the Yoast SEO plugin v27.4 - https:\/\/yoast.com\/product\/yoast-seo-wordpress\/ -->\n<title>Myristoyylipentapeptidi-17 - Raaka-aineiden tukkukauppias NATURAL POLAND - RAAKA-AINEIDEN TUKKUJAKELIJA<\/title>\n<meta name=\"description\" content=\"Myristoyylipentapeptidi-17 on innovatiivinen ainesosa, joka on l\u00f6yt\u00e4nyt tiens\u00e4 nykyaikaisiin kosmetiikkatuotteisiin, my\u00f6s premium-tuotteisiin.\" \/>\n<meta name=\"robots\" content=\"index, follow, max-snippet:-1, max-image-preview:large, max-video-preview:-1\" \/>\n<link rel=\"canonical\" href=\"https:\/\/naturalpoland.com\/fi\/tuotteet\/kosmetiikkateollisuuden-tuotteet\/peptidit\/myristoyl-pentapeptide-17\/\" \/>\n<meta property=\"og:locale\" content=\"fi_FI\" \/>\n<meta property=\"og:type\" content=\"article\" \/>\n<meta property=\"og:title\" content=\"Myristoyylipentapeptidi-17 - Raaka-aineiden tukkukauppias NATURAL POLAND - RAAKA-AINEIDEN TUKKUJAKELIJA\" \/>\n<meta property=\"og:description\" content=\"Myristoyylipentapeptidi-17 on innovatiivinen ainesosa, joka on l\u00f6yt\u00e4nyt tiens\u00e4 nykyaikaisiin kosmetiikkatuotteisiin, my\u00f6s premium-tuotteisiin.\" \/>\n<meta property=\"og:url\" content=\"https:\/\/naturalpoland.com\/fi\/tuotteet\/kosmetiikkateollisuuden-tuotteet\/peptidit\/myristoyl-pentapeptide-17\/\" \/>\n<meta property=\"og:site_name\" content=\"NATURAL POLAND - RAAKA-AINEIDEN TUKKUJAKELIJA\" \/>\n<meta property=\"article:publisher\" content=\"https:\/\/www.facebook.com\/naturalpoland.b2b\" \/>\n<meta property=\"article:modified_time\" content=\"2024-12-23T11:46:45+00:00\" \/>\n<meta property=\"og:image\" content=\"https:\/\/naturalpoland.com\/wp-content\/uploads\/myristoyl-pentapeptide-17.webp\" \/>\n\t<meta property=\"og:image:width\" content=\"592\" \/>\n\t<meta property=\"og:image:height\" content=\"592\" \/>\n\t<meta property=\"og:image:type\" content=\"image\/webp\" \/>\n<script type=\"application\/ld+json\" class=\"yoast-schema-graph\">{\"@context\":\"https:\\\/\\\/schema.org\",\"@graph\":[{\"@type\":\"WebPage\",\"@id\":\"https:\\\/\\\/naturalpoland.com\\\/fi\\\/tuotteet\\\/kosmetiikkateollisuuden-tuotteet\\\/peptidit\\\/myristoyl-pentapeptide-17\\\/\",\"url\":\"https:\\\/\\\/naturalpoland.com\\\/fi\\\/tuotteet\\\/kosmetiikkateollisuuden-tuotteet\\\/peptidit\\\/myristoyl-pentapeptide-17\\\/\",\"name\":\"Myristoyylipentapeptidi-17 - Raaka-aineiden tukkukauppias NATURAL POLAND - RAAKA-AINEIDEN TUKKUJAKELIJA\",\"isPartOf\":{\"@id\":\"https:\\\/\\\/naturalpoland.com\\\/fi\\\/#website\"},\"primaryImageOfPage\":{\"@id\":\"https:\\\/\\\/naturalpoland.com\\\/fi\\\/tuotteet\\\/kosmetiikkateollisuuden-tuotteet\\\/peptidit\\\/myristoyl-pentapeptide-17\\\/#primaryimage\"},\"image\":{\"@id\":\"https:\\\/\\\/naturalpoland.com\\\/fi\\\/tuotteet\\\/kosmetiikkateollisuuden-tuotteet\\\/peptidit\\\/myristoyl-pentapeptide-17\\\/#primaryimage\"},\"thumbnailUrl\":\"https:\\\/\\\/naturalpoland.com\\\/wp-content\\\/uploads\\\/myristoyl-pentapeptide-17.webp\",\"datePublished\":\"2024-12-19T14:37:27+00:00\",\"dateModified\":\"2024-12-23T11:46:45+00:00\",\"description\":\"Myristoyylipentapeptidi-17 on innovatiivinen ainesosa, joka on l\u00f6yt\u00e4nyt tiens\u00e4 nykyaikaisiin kosmetiikkatuotteisiin, my\u00f6s premium-tuotteisiin.\",\"breadcrumb\":{\"@id\":\"https:\\\/\\\/naturalpoland.com\\\/fi\\\/tuotteet\\\/kosmetiikkateollisuuden-tuotteet\\\/peptidit\\\/myristoyl-pentapeptide-17\\\/#breadcrumb\"},\"inLanguage\":\"fi\",\"potentialAction\":[{\"@type\":\"ReadAction\",\"target\":[\"https:\\\/\\\/naturalpoland.com\\\/fi\\\/tuotteet\\\/kosmetiikkateollisuuden-tuotteet\\\/peptidit\\\/myristoyl-pentapeptide-17\\\/\"]}]},{\"@type\":\"ImageObject\",\"inLanguage\":\"fi\",\"@id\":\"https:\\\/\\\/naturalpoland.com\\\/fi\\\/tuotteet\\\/kosmetiikkateollisuuden-tuotteet\\\/peptidit\\\/myristoyl-pentapeptide-17\\\/#primaryimage\",\"url\":\"https:\\\/\\\/naturalpoland.com\\\/wp-content\\\/uploads\\\/myristoyl-pentapeptide-17.webp\",\"contentUrl\":\"https:\\\/\\\/naturalpoland.com\\\/wp-content\\\/uploads\\\/myristoyl-pentapeptide-17.webp\",\"width\":592,\"height\":592,\"caption\":\"Myristoyl Pentapeptide-17\"},{\"@type\":\"BreadcrumbList\",\"@id\":\"https:\\\/\\\/naturalpoland.com\\\/fi\\\/tuotteet\\\/kosmetiikkateollisuuden-tuotteet\\\/peptidit\\\/myristoyl-pentapeptide-17\\\/#breadcrumb\",\"itemListElement\":[{\"@type\":\"ListItem\",\"position\":1,\"name\":\"Etusivu\",\"item\":\"https:\\\/\\\/naturalpoland.com\\\/fi\\\/\"},{\"@type\":\"ListItem\",\"position\":2,\"name\":\"Tuotteet\",\"item\":\"https:\\\/\\\/naturalpoland.com\\\/fi\\\/tuotteet\\\/\"},{\"@type\":\"ListItem\",\"position\":3,\"name\":\"Myristoyylipentapeptidi-17\"}]},{\"@type\":\"WebSite\",\"@id\":\"https:\\\/\\\/naturalpoland.com\\\/fi\\\/#website\",\"url\":\"https:\\\/\\\/naturalpoland.com\\\/fi\\\/\",\"name\":\"NATURAL POLAND - RAAKA-AINEIDEN TUKKUJAKELIJA\",\"description\":\"Surowce dla przemys\u0142u spo\u017cywczego, kosmetycznego i farmaceutycznego\",\"publisher\":{\"@id\":\"https:\\\/\\\/naturalpoland.com\\\/fi\\\/#organization\"},\"potentialAction\":[{\"@type\":\"SearchAction\",\"target\":{\"@type\":\"EntryPoint\",\"urlTemplate\":\"https:\\\/\\\/naturalpoland.com\\\/fi\\\/?s={search_term_string}\"},\"query-input\":{\"@type\":\"PropertyValueSpecification\",\"valueRequired\":true,\"valueName\":\"search_term_string\"}}],\"inLanguage\":\"fi\"},{\"@type\":\"Organization\",\"@id\":\"https:\\\/\\\/naturalpoland.com\\\/fi\\\/#organization\",\"name\":\"Natural Poland\",\"url\":\"https:\\\/\\\/naturalpoland.com\\\/fi\\\/\",\"logo\":{\"@type\":\"ImageObject\",\"inLanguage\":\"fi\",\"@id\":\"https:\\\/\\\/naturalpoland.com\\\/fi\\\/#\\\/schema\\\/logo\\\/image\\\/\",\"url\":\"https:\\\/\\\/naturalpoland.com\\\/wp-content\\\/uploads\\\/2021\\\/05\\\/natural-poland-icon.png\",\"contentUrl\":\"https:\\\/\\\/naturalpoland.com\\\/wp-content\\\/uploads\\\/2021\\\/05\\\/natural-poland-icon.png\",\"width\":512,\"height\":512,\"caption\":\"Natural Poland\"},\"image\":{\"@id\":\"https:\\\/\\\/naturalpoland.com\\\/fi\\\/#\\\/schema\\\/logo\\\/image\\\/\"},\"sameAs\":[\"https:\\\/\\\/www.facebook.com\\\/naturalpoland.b2b\",\"https:\\\/\\\/pl.linkedin.com\\\/company\\\/natural-poland\",\"https:\\\/\\\/www.youtube.com\\\/channel\\\/UCgeGGkvOMahZo-xu_MSEWxg\"]}]}<\/script>\n<!-- \/ Yoast SEO plugin. -->","yoast_head_json":{"title":"Myristoyylipentapeptidi-17 - Raaka-aineiden tukkukauppias NATURAL POLAND - RAAKA-AINEIDEN TUKKUJAKELIJA","description":"Myristoyylipentapeptidi-17 on innovatiivinen ainesosa, joka on l\u00f6yt\u00e4nyt tiens\u00e4 nykyaikaisiin kosmetiikkatuotteisiin, my\u00f6s premium-tuotteisiin.","robots":{"index":"index","follow":"follow","max-snippet":"max-snippet:-1","max-image-preview":"max-image-preview:large","max-video-preview":"max-video-preview:-1"},"canonical":"https:\/\/naturalpoland.com\/fi\/tuotteet\/kosmetiikkateollisuuden-tuotteet\/peptidit\/myristoyl-pentapeptide-17\/","og_locale":"fi_FI","og_type":"article","og_title":"Myristoyylipentapeptidi-17 - Raaka-aineiden tukkukauppias NATURAL POLAND - RAAKA-AINEIDEN TUKKUJAKELIJA","og_description":"Myristoyylipentapeptidi-17 on innovatiivinen ainesosa, joka on l\u00f6yt\u00e4nyt tiens\u00e4 nykyaikaisiin kosmetiikkatuotteisiin, my\u00f6s premium-tuotteisiin.","og_url":"https:\/\/naturalpoland.com\/fi\/tuotteet\/kosmetiikkateollisuuden-tuotteet\/peptidit\/myristoyl-pentapeptide-17\/","og_site_name":"NATURAL POLAND - RAAKA-AINEIDEN TUKKUJAKELIJA","article_publisher":"https:\/\/www.facebook.com\/naturalpoland.b2b","article_modified_time":"2024-12-23T11:46:45+00:00","og_image":[{"width":592,"height":592,"url":"https:\/\/naturalpoland.com\/wp-content\/uploads\/myristoyl-pentapeptide-17.webp","type":"image\/webp"}],"schema":{"@context":"https:\/\/schema.org","@graph":[{"@type":"WebPage","@id":"https:\/\/naturalpoland.com\/fi\/tuotteet\/kosmetiikkateollisuuden-tuotteet\/peptidit\/myristoyl-pentapeptide-17\/","url":"https:\/\/naturalpoland.com\/fi\/tuotteet\/kosmetiikkateollisuuden-tuotteet\/peptidit\/myristoyl-pentapeptide-17\/","name":"Myristoyylipentapeptidi-17 - Raaka-aineiden tukkukauppias NATURAL POLAND - RAAKA-AINEIDEN TUKKUJAKELIJA","isPartOf":{"@id":"https:\/\/naturalpoland.com\/fi\/#website"},"primaryImageOfPage":{"@id":"https:\/\/naturalpoland.com\/fi\/tuotteet\/kosmetiikkateollisuuden-tuotteet\/peptidit\/myristoyl-pentapeptide-17\/#primaryimage"},"image":{"@id":"https:\/\/naturalpoland.com\/fi\/tuotteet\/kosmetiikkateollisuuden-tuotteet\/peptidit\/myristoyl-pentapeptide-17\/#primaryimage"},"thumbnailUrl":"https:\/\/naturalpoland.com\/wp-content\/uploads\/myristoyl-pentapeptide-17.webp","datePublished":"2024-12-19T14:37:27+00:00","dateModified":"2024-12-23T11:46:45+00:00","description":"Myristoyylipentapeptidi-17 on innovatiivinen ainesosa, joka on l\u00f6yt\u00e4nyt tiens\u00e4 nykyaikaisiin kosmetiikkatuotteisiin, my\u00f6s premium-tuotteisiin.","breadcrumb":{"@id":"https:\/\/naturalpoland.com\/fi\/tuotteet\/kosmetiikkateollisuuden-tuotteet\/peptidit\/myristoyl-pentapeptide-17\/#breadcrumb"},"inLanguage":"fi","potentialAction":[{"@type":"ReadAction","target":["https:\/\/naturalpoland.com\/fi\/tuotteet\/kosmetiikkateollisuuden-tuotteet\/peptidit\/myristoyl-pentapeptide-17\/"]}]},{"@type":"ImageObject","inLanguage":"fi","@id":"https:\/\/naturalpoland.com\/fi\/tuotteet\/kosmetiikkateollisuuden-tuotteet\/peptidit\/myristoyl-pentapeptide-17\/#primaryimage","url":"https:\/\/naturalpoland.com\/wp-content\/uploads\/myristoyl-pentapeptide-17.webp","contentUrl":"https:\/\/naturalpoland.com\/wp-content\/uploads\/myristoyl-pentapeptide-17.webp","width":592,"height":592,"caption":"Myristoyl Pentapeptide-17"},{"@type":"BreadcrumbList","@id":"https:\/\/naturalpoland.com\/fi\/tuotteet\/kosmetiikkateollisuuden-tuotteet\/peptidit\/myristoyl-pentapeptide-17\/#breadcrumb","itemListElement":[{"@type":"ListItem","position":1,"name":"Etusivu","item":"https:\/\/naturalpoland.com\/fi\/"},{"@type":"ListItem","position":2,"name":"Tuotteet","item":"https:\/\/naturalpoland.com\/fi\/tuotteet\/"},{"@type":"ListItem","position":3,"name":"Myristoyylipentapeptidi-17"}]},{"@type":"WebSite","@id":"https:\/\/naturalpoland.com\/fi\/#website","url":"https:\/\/naturalpoland.com\/fi\/","name":"NATURAL POLAND - RAAKA-AINEIDEN TUKKUJAKELIJA","description":"Surowce dla przemys\u0142u spo\u017cywczego, kosmetycznego i farmaceutycznego","publisher":{"@id":"https:\/\/naturalpoland.com\/fi\/#organization"},"potentialAction":[{"@type":"SearchAction","target":{"@type":"EntryPoint","urlTemplate":"https:\/\/naturalpoland.com\/fi\/?s={search_term_string}"},"query-input":{"@type":"PropertyValueSpecification","valueRequired":true,"valueName":"search_term_string"}}],"inLanguage":"fi"},{"@type":"Organization","@id":"https:\/\/naturalpoland.com\/fi\/#organization","name":"Natural Poland","url":"https:\/\/naturalpoland.com\/fi\/","logo":{"@type":"ImageObject","inLanguage":"fi","@id":"https:\/\/naturalpoland.com\/fi\/#\/schema\/logo\/image\/","url":"https:\/\/naturalpoland.com\/wp-content\/uploads\/2021\/05\/natural-poland-icon.png","contentUrl":"https:\/\/naturalpoland.com\/wp-content\/uploads\/2021\/05\/natural-poland-icon.png","width":512,"height":512,"caption":"Natural Poland"},"image":{"@id":"https:\/\/naturalpoland.com\/fi\/#\/schema\/logo\/image\/"},"sameAs":["https:\/\/www.facebook.com\/naturalpoland.b2b","https:\/\/pl.linkedin.com\/company\/natural-poland","https:\/\/www.youtube.com\/channel\/UCgeGGkvOMahZo-xu_MSEWxg"]}]}},"_links":{"self":[{"href":"https:\/\/naturalpoland.com\/fi\/wp-json\/wp\/v2\/product\/38434","targetHints":{"allow":["GET"]}}],"collection":[{"href":"https:\/\/naturalpoland.com\/fi\/wp-json\/wp\/v2\/product"}],"about":[{"href":"https:\/\/naturalpoland.com\/fi\/wp-json\/wp\/v2\/types\/product"}],"wp:featuredmedia":[{"embeddable":true,"href":"https:\/\/naturalpoland.com\/fi\/wp-json\/wp\/v2\/media\/38375"}],"wp:attachment":[{"href":"https:\/\/naturalpoland.com\/fi\/wp-json\/wp\/v2\/media?parent=38434"}],"wp:term":[{"taxonomy":"product_brand","embeddable":true,"href":"https:\/\/naturalpoland.com\/fi\/wp-json\/wp\/v2\/product_brand?post=38434"},{"taxonomy":"product_cat","embeddable":true,"href":"https:\/\/naturalpoland.com\/fi\/wp-json\/wp\/v2\/product_cat?post=38434"},{"taxonomy":"product_tag","embeddable":true,"href":"https:\/\/naturalpoland.com\/fi\/wp-json\/wp\/v2\/product_tag?post=38434"}],"curies":[{"name":"wp","href":"https:\/\/api.w.org\/{rel}","templated":true}]}}