{"id":38442,"date":"2024-12-19T16:00:48","date_gmt":"2024-12-23T11:50:09","guid":{"rendered":"https:\/\/naturalpoland.com\/produkty\/Ei-luokiteltu\/proszek-z-malzy-zielonowargowej\/"},"modified":"2024-12-23T12:50:09","modified_gmt":"2024-12-23T11:50:09","slug":"proszek-z-malzy-zielonowargowej","status":"publish","type":"product","link":"https:\/\/naturalpoland.com\/fi\/tuotteet\/raaka-aineet-elainten-rehuille\/proszek-z-malzy-zielonowargowej\/","title":{"rendered":"Vihre\u00e4huulisimpukkajauhe"},"content":{"rendered":"<p data-pm-slice=\"1 1 []\">Vihre\u00e4huulisimpukkajauhe on luonnollinen ja eritt\u00e4in ravitseva ainesosa, joka on tarkoitettu <strong>el\u00e4inten rehusovelluksiin<\/strong>. Runsaan proteiini-, rasva- ja glykosaminoglykaanipitoisuutensa ansiosta tuote tukee erinomaisesti el\u00e4inten terveytt\u00e4 ja elimist\u00f6n uudistumista. <\/p>\n<h2>Ominaisuudet:<\/h2>\n<p>Tuotteen sis\u00e4lt\u00e4m\u00e4t glykosaminoglykaanit tukevat nivelnesteen tuotantoa ja edist\u00e4v\u00e4t siten nivelten terveytt\u00e4. Omega-3-rasvahapot puolestaan v\u00e4hent\u00e4v\u00e4t tulehdusta ja auttavat niveltulehduksen hoidossa. 50-70 % proteiinipitoisuus tarjoaa v\u00e4ltt\u00e4m\u00e4tt\u00f6mi\u00e4 aminohappoja kudosten kasvua ja uudistumista varten, kun taas<span style=\"font-size: 14.4px;\">lipidit ja omega-3-rasvahapot edist\u00e4v\u00e4t tervett\u00e4 kasvua ja parantavat ihon ja turkin kuntoa.<\/span> <\/p>\n<h2>K\u00e4ytt\u00f6 rehuissa:<\/h2>\n<ol>\n<li>Koiran- ja kissanruoka &#8211; nivelten terveyden tukeminen ja liikkuvuuden parantaminen<\/li>\n<li>Hevosille &#8211; tuki- ja liikuntaelimist\u00f6n terveyden ja uudistumisen tukeminen.<\/li>\n<li>Kalojen ja \u00e4yri\u00e4isten rehu &#8211; ravinteiden l\u00e4hde<\/li>\n<\/ol>\n","protected":false},"excerpt":{"rendered":"<p><strong>Vihre\u00e4huulisimpukkajauhe<\/strong> on ainutlaatuinen raaka-aine Uuden-Seelannin kirkkaista vesist\u00e4. Sit\u00e4 saadaan simpukan lihasta. <em><strong>Perna canaliculus<\/strong><\/em>joka on tunnettu runsaista kuitujen, proteiinin ja t\u00e4rkeiden omega-3-rasvahappojen l\u00e4hteist\u00e4\u00e4n. Edistyksellisen kuivaus- ja jauhatusprosessin ansiosta tuote s\u00e4ilytt\u00e4\u00e4 kaikki luonnolliset ravitsemukselliset ja bioaktiiviset arvonsa.  <\/p>\n","protected":false},"featured_media":38388,"template":"","meta":{"_acf_changed":false},"product_brand":[],"product_cat":[2509],"product_tag":[],"class_list":{"0":"post-38442","1":"product","2":"type-product","3":"status-publish","4":"has-post-thumbnail","6":"product_cat-raaka-aineet-elainten-rehuille","8":"first","9":"instock","10":"shipping-taxable","11":"product-type-simple"},"acf":[],"yoast_head":"<!-- This site is optimized with the Yoast SEO plugin v27.5 - https:\/\/yoast.com\/product\/yoast-seo-wordpress\/ -->\n<title>Vihre\u00e4huulisimpukkajauhe - Raaka-aineiden tukkukauppias NATURAL POLAND - RAAKA-AINEIDEN TUKKUJAKELIJA<\/title>\n<meta name=\"description\" content=\"Vihre\u00e4huulisimpukkajauhe on luonnollinen ja eritt\u00e4in ravitseva ainesosa, joka on tarkoitettu el\u00e4inten rehusovelluksiin.\" \/>\n<meta name=\"robots\" content=\"index, follow, max-snippet:-1, max-image-preview:large, max-video-preview:-1\" \/>\n<link rel=\"canonical\" href=\"https:\/\/naturalpoland.com\/fi\/tuotteet\/raaka-aineet-elainten-rehuille\/proszek-z-malzy-zielonowargowej\/\" \/>\n<meta property=\"og:locale\" content=\"fi_FI\" \/>\n<meta property=\"og:type\" content=\"article\" \/>\n<meta property=\"og:title\" content=\"Vihre\u00e4huulisimpukkajauhe - Raaka-aineiden tukkukauppias NATURAL POLAND - RAAKA-AINEIDEN TUKKUJAKELIJA\" \/>\n<meta property=\"og:description\" content=\"Vihre\u00e4huulisimpukkajauhe on luonnollinen ja eritt\u00e4in ravitseva ainesosa, joka on tarkoitettu el\u00e4inten rehusovelluksiin.\" \/>\n<meta property=\"og:url\" content=\"https:\/\/naturalpoland.com\/fi\/tuotteet\/raaka-aineet-elainten-rehuille\/proszek-z-malzy-zielonowargowej\/\" \/>\n<meta property=\"og:site_name\" content=\"NATURAL POLAND - RAAKA-AINEIDEN TUKKUJAKELIJA\" \/>\n<meta property=\"article:publisher\" content=\"https:\/\/www.facebook.com\/naturalpoland.b2b\" \/>\n<meta property=\"og:image\" content=\"https:\/\/naturalpoland.com\/wp-content\/uploads\/proszek-z-malzy-zielonowargowej.webp\" \/>\n\t<meta property=\"og:image:width\" content=\"592\" \/>\n\t<meta property=\"og:image:height\" content=\"592\" \/>\n\t<meta property=\"og:image:type\" content=\"image\/webp\" \/>\n<script type=\"application\/ld+json\" class=\"yoast-schema-graph\">{\"@context\":\"https:\\\/\\\/schema.org\",\"@graph\":[{\"@type\":\"WebPage\",\"@id\":\"https:\\\/\\\/naturalpoland.com\\\/fi\\\/tuotteet\\\/raaka-aineet-elainten-rehuille\\\/proszek-z-malzy-zielonowargowej\\\/\",\"url\":\"https:\\\/\\\/naturalpoland.com\\\/fi\\\/tuotteet\\\/raaka-aineet-elainten-rehuille\\\/proszek-z-malzy-zielonowargowej\\\/\",\"name\":\"Vihre\u00e4huulisimpukkajauhe - Raaka-aineiden tukkukauppias NATURAL POLAND - RAAKA-AINEIDEN TUKKUJAKELIJA\",\"isPartOf\":{\"@id\":\"https:\\\/\\\/naturalpoland.com\\\/fi\\\/#website\"},\"primaryImageOfPage\":{\"@id\":\"https:\\\/\\\/naturalpoland.com\\\/fi\\\/tuotteet\\\/raaka-aineet-elainten-rehuille\\\/proszek-z-malzy-zielonowargowej\\\/#primaryimage\"},\"image\":{\"@id\":\"https:\\\/\\\/naturalpoland.com\\\/fi\\\/tuotteet\\\/raaka-aineet-elainten-rehuille\\\/proszek-z-malzy-zielonowargowej\\\/#primaryimage\"},\"thumbnailUrl\":\"https:\\\/\\\/naturalpoland.com\\\/wp-content\\\/uploads\\\/proszek-z-malzy-zielonowargowej.webp\",\"datePublished\":\"2024-12-23T11:50:09+00:00\",\"description\":\"Vihre\u00e4huulisimpukkajauhe on luonnollinen ja eritt\u00e4in ravitseva ainesosa, joka on tarkoitettu el\u00e4inten rehusovelluksiin.\",\"breadcrumb\":{\"@id\":\"https:\\\/\\\/naturalpoland.com\\\/fi\\\/tuotteet\\\/raaka-aineet-elainten-rehuille\\\/proszek-z-malzy-zielonowargowej\\\/#breadcrumb\"},\"inLanguage\":\"fi\",\"potentialAction\":[{\"@type\":\"ReadAction\",\"target\":[\"https:\\\/\\\/naturalpoland.com\\\/fi\\\/tuotteet\\\/raaka-aineet-elainten-rehuille\\\/proszek-z-malzy-zielonowargowej\\\/\"]}]},{\"@type\":\"ImageObject\",\"inLanguage\":\"fi\",\"@id\":\"https:\\\/\\\/naturalpoland.com\\\/fi\\\/tuotteet\\\/raaka-aineet-elainten-rehuille\\\/proszek-z-malzy-zielonowargowej\\\/#primaryimage\",\"url\":\"https:\\\/\\\/naturalpoland.com\\\/wp-content\\\/uploads\\\/proszek-z-malzy-zielonowargowej.webp\",\"contentUrl\":\"https:\\\/\\\/naturalpoland.com\\\/wp-content\\\/uploads\\\/proszek-z-malzy-zielonowargowej.webp\",\"width\":592,\"height\":592,\"caption\":\"proszek z ma\u0142\u017cy zielonowargowej\"},{\"@type\":\"BreadcrumbList\",\"@id\":\"https:\\\/\\\/naturalpoland.com\\\/fi\\\/tuotteet\\\/raaka-aineet-elainten-rehuille\\\/proszek-z-malzy-zielonowargowej\\\/#breadcrumb\",\"itemListElement\":[{\"@type\":\"ListItem\",\"position\":1,\"name\":\"Etusivu\",\"item\":\"https:\\\/\\\/naturalpoland.com\\\/fi\\\/\"},{\"@type\":\"ListItem\",\"position\":2,\"name\":\"Tuotteet\",\"item\":\"https:\\\/\\\/naturalpoland.com\\\/fi\\\/tuotteet\\\/\"},{\"@type\":\"ListItem\",\"position\":3,\"name\":\"Vihre\u00e4huulisimpukkajauhe\"}]},{\"@type\":\"WebSite\",\"@id\":\"https:\\\/\\\/naturalpoland.com\\\/fi\\\/#website\",\"url\":\"https:\\\/\\\/naturalpoland.com\\\/fi\\\/\",\"name\":\"NATURAL POLAND - RAAKA-AINEIDEN TUKKUJAKELIJA\",\"description\":\"Surowce dla przemys\u0142u spo\u017cywczego, kosmetycznego i farmaceutycznego\",\"publisher\":{\"@id\":\"https:\\\/\\\/naturalpoland.com\\\/fi\\\/#organization\"},\"potentialAction\":[{\"@type\":\"SearchAction\",\"target\":{\"@type\":\"EntryPoint\",\"urlTemplate\":\"https:\\\/\\\/naturalpoland.com\\\/fi\\\/?s={search_term_string}\"},\"query-input\":{\"@type\":\"PropertyValueSpecification\",\"valueRequired\":true,\"valueName\":\"search_term_string\"}}],\"inLanguage\":\"fi\"},{\"@type\":\"Organization\",\"@id\":\"https:\\\/\\\/naturalpoland.com\\\/fi\\\/#organization\",\"name\":\"Natural Poland\",\"url\":\"https:\\\/\\\/naturalpoland.com\\\/fi\\\/\",\"logo\":{\"@type\":\"ImageObject\",\"inLanguage\":\"fi\",\"@id\":\"https:\\\/\\\/naturalpoland.com\\\/fi\\\/#\\\/schema\\\/logo\\\/image\\\/\",\"url\":\"https:\\\/\\\/naturalpoland.com\\\/wp-content\\\/uploads\\\/2021\\\/05\\\/natural-poland-icon.png\",\"contentUrl\":\"https:\\\/\\\/naturalpoland.com\\\/wp-content\\\/uploads\\\/2021\\\/05\\\/natural-poland-icon.png\",\"width\":512,\"height\":512,\"caption\":\"Natural Poland\"},\"image\":{\"@id\":\"https:\\\/\\\/naturalpoland.com\\\/fi\\\/#\\\/schema\\\/logo\\\/image\\\/\"},\"sameAs\":[\"https:\\\/\\\/www.facebook.com\\\/naturalpoland.b2b\",\"https:\\\/\\\/pl.linkedin.com\\\/company\\\/natural-poland\",\"https:\\\/\\\/www.youtube.com\\\/channel\\\/UCgeGGkvOMahZo-xu_MSEWxg\"]}]}<\/script>\n<!-- \/ Yoast SEO plugin. -->","yoast_head_json":{"title":"Vihre\u00e4huulisimpukkajauhe - Raaka-aineiden tukkukauppias NATURAL POLAND - RAAKA-AINEIDEN TUKKUJAKELIJA","description":"Vihre\u00e4huulisimpukkajauhe on luonnollinen ja eritt\u00e4in ravitseva ainesosa, joka on tarkoitettu el\u00e4inten rehusovelluksiin.","robots":{"index":"index","follow":"follow","max-snippet":"max-snippet:-1","max-image-preview":"max-image-preview:large","max-video-preview":"max-video-preview:-1"},"canonical":"https:\/\/naturalpoland.com\/fi\/tuotteet\/raaka-aineet-elainten-rehuille\/proszek-z-malzy-zielonowargowej\/","og_locale":"fi_FI","og_type":"article","og_title":"Vihre\u00e4huulisimpukkajauhe - Raaka-aineiden tukkukauppias NATURAL POLAND - RAAKA-AINEIDEN TUKKUJAKELIJA","og_description":"Vihre\u00e4huulisimpukkajauhe on luonnollinen ja eritt\u00e4in ravitseva ainesosa, joka on tarkoitettu el\u00e4inten rehusovelluksiin.","og_url":"https:\/\/naturalpoland.com\/fi\/tuotteet\/raaka-aineet-elainten-rehuille\/proszek-z-malzy-zielonowargowej\/","og_site_name":"NATURAL POLAND - RAAKA-AINEIDEN TUKKUJAKELIJA","article_publisher":"https:\/\/www.facebook.com\/naturalpoland.b2b","og_image":[{"width":592,"height":592,"url":"https:\/\/naturalpoland.com\/wp-content\/uploads\/proszek-z-malzy-zielonowargowej.webp","type":"image\/webp"}],"schema":{"@context":"https:\/\/schema.org","@graph":[{"@type":"WebPage","@id":"https:\/\/naturalpoland.com\/fi\/tuotteet\/raaka-aineet-elainten-rehuille\/proszek-z-malzy-zielonowargowej\/","url":"https:\/\/naturalpoland.com\/fi\/tuotteet\/raaka-aineet-elainten-rehuille\/proszek-z-malzy-zielonowargowej\/","name":"Vihre\u00e4huulisimpukkajauhe - Raaka-aineiden tukkukauppias NATURAL POLAND - RAAKA-AINEIDEN TUKKUJAKELIJA","isPartOf":{"@id":"https:\/\/naturalpoland.com\/fi\/#website"},"primaryImageOfPage":{"@id":"https:\/\/naturalpoland.com\/fi\/tuotteet\/raaka-aineet-elainten-rehuille\/proszek-z-malzy-zielonowargowej\/#primaryimage"},"image":{"@id":"https:\/\/naturalpoland.com\/fi\/tuotteet\/raaka-aineet-elainten-rehuille\/proszek-z-malzy-zielonowargowej\/#primaryimage"},"thumbnailUrl":"https:\/\/naturalpoland.com\/wp-content\/uploads\/proszek-z-malzy-zielonowargowej.webp","datePublished":"2024-12-23T11:50:09+00:00","description":"Vihre\u00e4huulisimpukkajauhe on luonnollinen ja eritt\u00e4in ravitseva ainesosa, joka on tarkoitettu el\u00e4inten rehusovelluksiin.","breadcrumb":{"@id":"https:\/\/naturalpoland.com\/fi\/tuotteet\/raaka-aineet-elainten-rehuille\/proszek-z-malzy-zielonowargowej\/#breadcrumb"},"inLanguage":"fi","potentialAction":[{"@type":"ReadAction","target":["https:\/\/naturalpoland.com\/fi\/tuotteet\/raaka-aineet-elainten-rehuille\/proszek-z-malzy-zielonowargowej\/"]}]},{"@type":"ImageObject","inLanguage":"fi","@id":"https:\/\/naturalpoland.com\/fi\/tuotteet\/raaka-aineet-elainten-rehuille\/proszek-z-malzy-zielonowargowej\/#primaryimage","url":"https:\/\/naturalpoland.com\/wp-content\/uploads\/proszek-z-malzy-zielonowargowej.webp","contentUrl":"https:\/\/naturalpoland.com\/wp-content\/uploads\/proszek-z-malzy-zielonowargowej.webp","width":592,"height":592,"caption":"proszek z ma\u0142\u017cy zielonowargowej"},{"@type":"BreadcrumbList","@id":"https:\/\/naturalpoland.com\/fi\/tuotteet\/raaka-aineet-elainten-rehuille\/proszek-z-malzy-zielonowargowej\/#breadcrumb","itemListElement":[{"@type":"ListItem","position":1,"name":"Etusivu","item":"https:\/\/naturalpoland.com\/fi\/"},{"@type":"ListItem","position":2,"name":"Tuotteet","item":"https:\/\/naturalpoland.com\/fi\/tuotteet\/"},{"@type":"ListItem","position":3,"name":"Vihre\u00e4huulisimpukkajauhe"}]},{"@type":"WebSite","@id":"https:\/\/naturalpoland.com\/fi\/#website","url":"https:\/\/naturalpoland.com\/fi\/","name":"NATURAL POLAND - RAAKA-AINEIDEN TUKKUJAKELIJA","description":"Surowce dla przemys\u0142u spo\u017cywczego, kosmetycznego i farmaceutycznego","publisher":{"@id":"https:\/\/naturalpoland.com\/fi\/#organization"},"potentialAction":[{"@type":"SearchAction","target":{"@type":"EntryPoint","urlTemplate":"https:\/\/naturalpoland.com\/fi\/?s={search_term_string}"},"query-input":{"@type":"PropertyValueSpecification","valueRequired":true,"valueName":"search_term_string"}}],"inLanguage":"fi"},{"@type":"Organization","@id":"https:\/\/naturalpoland.com\/fi\/#organization","name":"Natural Poland","url":"https:\/\/naturalpoland.com\/fi\/","logo":{"@type":"ImageObject","inLanguage":"fi","@id":"https:\/\/naturalpoland.com\/fi\/#\/schema\/logo\/image\/","url":"https:\/\/naturalpoland.com\/wp-content\/uploads\/2021\/05\/natural-poland-icon.png","contentUrl":"https:\/\/naturalpoland.com\/wp-content\/uploads\/2021\/05\/natural-poland-icon.png","width":512,"height":512,"caption":"Natural Poland"},"image":{"@id":"https:\/\/naturalpoland.com\/fi\/#\/schema\/logo\/image\/"},"sameAs":["https:\/\/www.facebook.com\/naturalpoland.b2b","https:\/\/pl.linkedin.com\/company\/natural-poland","https:\/\/www.youtube.com\/channel\/UCgeGGkvOMahZo-xu_MSEWxg"]}]}},"_links":{"self":[{"href":"https:\/\/naturalpoland.com\/fi\/wp-json\/wp\/v2\/product\/38442","targetHints":{"allow":["GET"]}}],"collection":[{"href":"https:\/\/naturalpoland.com\/fi\/wp-json\/wp\/v2\/product"}],"about":[{"href":"https:\/\/naturalpoland.com\/fi\/wp-json\/wp\/v2\/types\/product"}],"wp:featuredmedia":[{"embeddable":true,"href":"https:\/\/naturalpoland.com\/fi\/wp-json\/wp\/v2\/media\/38388"}],"wp:attachment":[{"href":"https:\/\/naturalpoland.com\/fi\/wp-json\/wp\/v2\/media?parent=38442"}],"wp:term":[{"taxonomy":"product_brand","embeddable":true,"href":"https:\/\/naturalpoland.com\/fi\/wp-json\/wp\/v2\/product_brand?post=38442"},{"taxonomy":"product_cat","embeddable":true,"href":"https:\/\/naturalpoland.com\/fi\/wp-json\/wp\/v2\/product_cat?post=38442"},{"taxonomy":"product_tag","embeddable":true,"href":"https:\/\/naturalpoland.com\/fi\/wp-json\/wp\/v2\/product_tag?post=38442"}],"curies":[{"name":"wp","href":"https:\/\/api.w.org\/{rel}","templated":true}]}}