{"id":38460,"date":"2024-09-23T10:50:07","date_gmt":"2024-12-23T11:51:37","guid":{"rendered":"https:\/\/naturalpoland.com\/produkty\/Ei-luokiteltu\/witamina-b3\/"},"modified":"2024-12-23T12:51:37","modified_gmt":"2024-12-23T11:51:37","slug":"witamina-b3","status":"publish","type":"product","link":"https:\/\/naturalpoland.com\/fi\/tuotteet\/laaketeollisuuden-tuotteet\/vitamiinit\/witamina-b3\/","title":{"rendered":"B3-vitamiini"},"content":{"rendered":"<h2>B3-vitamiinin k\u00e4ytt\u00f6 kosmetiikassa<\/h2>\n<p>  Niasiiniamidi on pienimolekyylinen vesiliukoinen vitamiini. Sit\u00e4 k\u00e4ytet\u00e4\u00e4n mielell\u00e4\u00e4n kosmetiikassa sen vakauden vuoksi &#8211; se s\u00e4ilytt\u00e4\u00e4 ominaisuutensa laajalla pH-alueella ja kest\u00e4\u00e4 valoa ja l\u00e4mp\u00f6\u00e4. Se on my\u00f6s monik\u00e4ytt\u00f6inen ainesosa, joka auttaa parantamaan ihon s\u00e4vy\u00e4 ja kuntoa. Niasiiniamidi toimii kosteuttajana, lis\u00e4\u00e4 ihon kimmoisuutta ja sill\u00e4 on tulehdusta ehk\u00e4isevi\u00e4 ominaisuuksia, joten se on arvokas useiden eri ihotyyppien hoidossa. Niasiiniamidilla on <strong>antioksidanttisia ominaisuuksia<\/strong>, jotka on vahvistettu lukuisissa tieteellisiss\u00e4 tutkimuksissa. Niasiiniamidia sis\u00e4lt\u00e4vien valmisteiden s\u00e4\u00e4nn\u00f6llinen k\u00e4ytt\u00f6 4-5 %:n pitoisuutena v\u00e4hent\u00e4\u00e4 juonteita ja ryppyj\u00e4. <a href=\"\/produkty\/produkty-dla-przemyslu-farmaceutycznego-i-medycznego\/witaminy\/witamina-b3\/#bibl-wit3\">Kawadan ty\u00f6ryhm\u00e4n<\/a> tutkimuksessa <a href=\"\/produkty\/produkty-dla-przemyslu-farmaceutycznego-i-medycznego\/witaminy\/witamina-b3\/#bibl-wit3\">(2008<\/a>) 4 %:n niasiiniamidivoiteen kahdeksan viikon k\u00e4ytt\u00f6 paransi merkitt\u00e4v\u00e4sti ihon ulkon\u00e4k\u00f6\u00e4 ja v\u00e4hensi ryppyj\u00e4 silmien ymp\u00e4rill\u00e4. Niasiiniamidilla on ryppyj\u00e4 ehk\u00e4isev\u00e4 vaikutus antioksidanttisten ominaisuuksiensa ansiosta, mutta se my\u00f6s stimuloi elastisten kuitujen tuotantoa. Se parantaa ihon kimmoisuutta <strong>edist\u00e4m\u00e4ll\u00e4 kollageenisynteesi\u00e4<\/strong> ihon fibroblasteissa ja stimuloimalla erilaistumismarkkereita normaaleissa epidermissoluissa. Epidermiksen solusyklin kiihdytt\u00e4misen uskotaan toimivan miedosti kuorivana aineena, mik\u00e4 tekee ihosta kiinte\u00e4mm\u00e4n ja ryppyist\u00e4 v\u00e4hemm\u00e4n n\u00e4kyvi\u00e4.           <strong><a href=\"https:\/\/naturalpoland.com\/produkty\/produkty-dla-przemyslu-kosmetycznego\/surowce-kosmetyczne\/trehaloza\/\">Trehaloosi<\/a><\/strong>, joka on kosmetiikassa usein k\u00e4ytetty disakkaridi, toimii synergisesti nikotiiniamidin kanssa edist\u00e4\u00e4kseen kosteutusta ja suojellakseen ihoa ulkoisilta tekij\u00f6ilt\u00e4.  <\/p>\n<h3>Aknen hoito niasiiniamidilla<\/h3>\n<p> <strong>Tulehdusta ehk\u00e4isevien ominaisuuksiensa<\/strong> ansiosta B3-vitamiini on tehokas ainesosa aknen hoidossa. Sivuvaikutuksiin liittyvien ongelmien ja lis\u00e4\u00e4ntyv\u00e4n antibioottiresistenssin vuoksi etsit\u00e4\u00e4n turvallisia ja tehokkaita vaihtoehtoja. Niasiiniamidi, on osoittanut voimakkaita vaikutuksia, jotka voivat tukea aknen hoitoa. Kuten <a href=\"\/produkty\/produkty-dla-przemyslu-farmaceutycznego-i-medycznego\/witaminy\/witamina-b3\/#bibl-wit3\">Franciszka M. Walockon ja kollegoiden vuonna 2017 julkaistusta katsausartikkelista<\/a> voidaan lukea, kuusi kahdeksasta tutkimuksesta, joissa paikallisesti k\u00e4ytettiin B3-vitamiinia, johti aknen merkitt\u00e4v\u00e4\u00e4n v\u00e4henemiseen verrattuna l\u00e4ht\u00f6tilanteeseen tai tavanomaiseen aknen hoitoon. Lis\u00e4ksi tutkimukset, joissa k\u00e4ytettiin suun kautta annettavaa nikotiiniamidia sis\u00e4lt\u00e4v\u00e4\u00e4 lis\u00e4ravinetta, osoittivat my\u00f6s aknen v\u00e4henev\u00e4n merkitt\u00e4v\u00e4sti. B3-vitamiini auttaa <strong>v\u00e4hent\u00e4m\u00e4\u00e4n tulehdusta ja v\u00e4hent\u00e4m\u00e4\u00e4n ihovaurioiden<\/strong> m\u00e4\u00e4r\u00e4\u00e4, joten se on arvokas osa akneihon hoitoa. Se auttaa lievitt\u00e4m\u00e4\u00e4n oireita, kuten punoitusta ja turvotusta, mik\u00e4 on erityisen hy\u00f6dyllist\u00e4 niille, joilla on tulehduksellinen akne. Tulehdusta ehk\u00e4isev\u00e4n vaikutuksensa lis\u00e4ksi niasiiniamidin paikallinen k\u00e4ytt\u00f6 tukee epidermisen esteen toimintaa. T\u00e4m\u00e4n esteen vakauttaminen on avainasemassa, sill\u00e4 se v\u00e4hent\u00e4\u00e4 transsepidermist\u00e4 vesih\u00e4vi\u00f6t\u00e4 ja parantaa sarveiskerroksen kosteutta. T\u00e4m\u00e4 puolestaan auttaa ehk\u00e4isem\u00e4\u00e4n paisumien uusiutumista ja yll\u00e4pit\u00e4m\u00e4\u00e4n ihon tervett\u00e4 ulkon\u00e4k\u00f6\u00e4, mik\u00e4 on t\u00e4rke\u00e4\u00e4 aknen pitk\u00e4aikaisessa hoidossa.           <\/p>\n<h3>Ihon kirkastuminen ja v\u00e4rimuutosten v\u00e4hent\u00e4minen<\/h3>\n<p>  B3-vitamiinia arvostetaan sen <strong>kirkastavien ominaisuuksien<\/strong> vuoksi, jotka auttavat v\u00e4hent\u00e4m\u00e4\u00e4n hyperpigmentaatiota ja ik\u00e4\u00e4ntymislaikkuja ja tasoittamaan ihon s\u00e4vy\u00e4. Ihon ep\u00e4tasainen pigmentaatio on yksi t\u00e4rkeimmist\u00e4 ulkoisen ik\u00e4\u00e4ntymisen merkeist\u00e4, mik\u00e4 lis\u00e4\u00e4 tarvetta kosmetiikalle, jolla on kirkastavia vaikutuksia. <a href=\"\/produkty\/produkty-dla-przemyslu-farmaceutycznego-i-medycznego\/witaminy\/witamina-b3\/#bibl-wit3\">Bissettin ja kollegoiden (2006)<\/a> tutkimus osoitti, ett\u00e4 niasiiniamidin s\u00e4\u00e4nn\u00f6llinen k\u00e4ytt\u00f6 voi v\u00e4hent\u00e4\u00e4 merkitt\u00e4v\u00e4sti hyperpigmentaatiota ja antaa iholle tasaisen ja terveen ulkon\u00e4\u00f6n. Antioksidanttisten ominaisuuksiensa ansiosta niasiiniamidi est\u00e4\u00e4 tehokkaasti hapettumisprosesseja, kuten proteiinien hapettumista ja glykaatiota. Kehittyneet glykaatiotuotteet (AGE) voivat vaikuttaa ihon ik\u00e4\u00e4ntymisprosessiin, mik\u00e4 johtaa muun muassa keltaisen v\u00e4rimuutoksen muodostumiseen. Toimimalla antioksidanttina t\u00e4m\u00e4 vitamiini voi suojata ihoa kellastumiselta ja muilta ihon ik\u00e4\u00e4ntymisen haittavaikutuksilta.        <\/p>\n<h3>Ihoesteen vahvistaminen<\/h3>\n<p>  B3-vitamiinia sis\u00e4lt\u00e4v\u00e4t tuotteet auttavat vahvistamaan ihoestett\u00e4, joka lis\u00e4\u00e4 ihon kosteutta ja suojaa ihoa haitallisilta ulkoisilta tekij\u00f6ilt\u00e4. Niasiiniamidi <strong>v\u00e4hent\u00e4\u00e4 transsepidermist\u00e4 vesih\u00e4vi\u00f6t\u00e4<\/strong> (TEWL), joka on v\u00e4ltt\u00e4m\u00e4t\u00f6n ihon kosteuden s\u00e4ilytt\u00e4miseksi. Tutkimukset osoittavat, ett\u00e4 niasiiniamidia sis\u00e4lt\u00e4vien kosmetiikkatuotteiden s\u00e4\u00e4nn\u00f6llinen k\u00e4ytt\u00f6 voi parantaa ihoesteen toimintaa ja lis\u00e4t\u00e4 ihon vastustuskyky\u00e4 ymp\u00e4rist\u00f6tekij\u00f6it\u00e4 vastaan<a href=\"\/produkty\/produkty-dla-przemyslu-farmaceutycznego-i-medycznego\/witaminy\/witamina-b3\/#bibl-wit3\">(Mohammed et al., 2013)<\/a>.    <\/p>\n<h3>Talintuotannon v\u00e4heneminen<\/h3>\n<p>  Niasiiniamidi on my\u00f6s <strong>tehokas talintuotannon s\u00e4\u00e4telij\u00e4<\/strong>, mik\u00e4 on erityisen hy\u00f6dyllist\u00e4 niille, joilla on rasvainen iho ja taipumus akneen. Tutkimukset ovat osoittaneet, ett\u00e4 2 %:n niasiiniamidipitoisuuden k\u00e4ytt\u00f6 voi v\u00e4hent\u00e4\u00e4 merkitt\u00e4v\u00e4sti talinerityst\u00e4, mik\u00e4 auttaa parantamaan ihon kuntoa<a href=\"\/produkty\/produkty-dla-przemyslu-farmaceutycznego-i-medycznego\/witaminy\/witamina-b3\/#bibl-wit3\">(Draelos et al., 2006)<\/a>.   &nbsp;<\/p>\n<h2>B3-vitamiini lis\u00e4ravinteena<\/h2>\n<p>  Niasiiniamidia k\u00e4ytet\u00e4\u00e4n usein ravintolisiss\u00e4, joita on saatavana tabletin tai kapselin muodossa. Sit\u00e4 k\u00e4ytet\u00e4\u00e4n usein vitamiinikomplekseissa, joiden tarkoituksena on parantaa kauneutta<strong> tukemalla ihon, hiusten ja kynsien terveytt\u00e4.<\/strong> N\u00e4iden koostumusten ainesosana niasiiniamidi auttaa kosteuttamaan ihoa, vahvistamaan suojamuuria ja v\u00e4hent\u00e4m\u00e4\u00e4n tulehdusta ja liiallista talintuotantoa. T\u00e4ll\u00e4 vitamiinilla on t\u00e4rke\u00e4 rooli <strong>hermoston normaalissa toiminnassa<\/strong> ja aineenvaihduntaprosesseissa. NAD+:n esiasteena se on ratkaisevan t\u00e4rke\u00e4 solujen redox-reaktioille ja energiantuotannolle, mik\u00e4 on v\u00e4ltt\u00e4m\u00e4t\u00f6nt\u00e4 aineenvaihdunnan kannalta. Sill\u00e4 on my\u00f6s neuroprotektiivinen vaikutus, joka edist\u00e4\u00e4 hermosolujen kehityst\u00e4 ja selviytymist\u00e4 ja suojaa niit\u00e4 iskemiaan liittyvilt\u00e4 ja muilta vaurioilta. Tutkimukset osoittavat, ett\u00e4 se voi suojata hermoston rappeutumissairauksilta, kuten Alzheimerin, Parkinsonin ja Huntingtonin taudilta. B3-vitamiinilis\u00e4\u00e4 suositellaan erityisesti henkil\u00f6ille, joilla on B3-vitamiinin puutos, joka voi ilmet\u00e4 erilaisina iho-ongelmina, kehon heikkoutena ja muina pelagian oireina. Niasiiniamidin s\u00e4\u00e4nn\u00f6llinen k\u00e4ytt\u00f6 voi ehk\u00e4ist\u00e4 vitamiinipuutoksia ja edist\u00e4\u00e4 yleist\u00e4 terveytt\u00e4 ja kauneutta.         <\/p>\n<hr>\n<p><small>ARTIKKELIN KIRJOITTAJA:<\/small><\/p>\n<h5 class=\"author-name uppercase pt-half\">Katarzyna Kopyci\u0144ska<\/h5>\n<p class=\"author-desc small\">Apteekkiteknikko, jolla on kokemusta ty\u00f6skentelyst\u00e4 apteekissa, jossa h\u00e4n neuvoo terveys- ja hoitoasioissa. H\u00e4n on valmistunut biotekniikasta Nicolaus Copernicus -yliopistosta Toru\u0144ista. Tekstintekij\u00e4n\u00e4 h\u00e4n on erikoistunut terveyteen, yrtteihin ja hoitoon liittyviin aiheisiin. H\u00e4n tutkii intohimoisesti yrttioppia ja luonnonmukaisia hoitomenetelmi\u00e4 ja haluaa v\u00e4litt\u00e4\u00e4 tiet\u00e4myst\u00e4\u00e4n yksinkertaisella ja helposti l\u00e4hestytt\u00e4v\u00e4ll\u00e4 tavalla.   <\/p>\n<p>&nbsp;<\/p>\n","protected":false},"excerpt":{"rendered":"<p><strong>B3-vitamiini<\/strong> tunnetaan my\u00f6s nimell\u00e4 <strong>niasiiniamidi <\/strong>tai <strong>nikotiiniamidi<\/strong> ja se on arvostettu ainesosa kosmetiikassa ja ravintolisiss\u00e4. Sen suosio johtuu sen monista eduista sek\u00e4 ihon ett\u00e4 yleisen terveyden kannalta. Sit\u00e4 k\u00e4ytet\u00e4\u00e4n yleisesti ihonhoitotuotteissa, jotka auttavat parantamaan ihon kuntoa ja ulkon\u00e4k\u00f6\u00e4. Lis\u00e4ksi niasiiniamidia k\u00e4ytet\u00e4\u00e4n ravintolisiss\u00e4 tukemaan aineenvaihduntaa ja hermoston terveytt\u00e4.   <\/p>\n","protected":false},"featured_media":35803,"template":"","meta":{"_acf_changed":false},"product_brand":[],"product_cat":[537],"product_tag":[],"class_list":{"0":"post-38460","1":"product","2":"type-product","3":"status-publish","4":"has-post-thumbnail","6":"product_cat-vitamiinit","8":"first","9":"instock","10":"shipping-taxable","11":"product-type-simple"},"acf":[],"yoast_head":"<!-- This site is optimized with the Yoast SEO plugin v27.4 - https:\/\/yoast.com\/product\/yoast-seo-wordpress\/ -->\n<title>B3-vitamiini - NATURAL POLAND - RAAKA-AINEIDEN TUKKUJAKELIJA<\/title>\n<meta name=\"description\" content=\"Niasiiniamidia eli B3-vitamiinia k\u00e4ytet\u00e4\u00e4n sek\u00e4 kosmetiikkatuotteissa ett\u00e4 ravintolisiss\u00e4. Pakattu 25 kg:n s\u00e4kkeihin.\" \/>\n<meta name=\"robots\" content=\"index, follow, max-snippet:-1, max-image-preview:large, max-video-preview:-1\" \/>\n<link rel=\"canonical\" href=\"https:\/\/naturalpoland.com\/fi\/tuotteet\/laaketeollisuuden-tuotteet\/vitamiinit\/witamina-b3\/\" \/>\n<meta property=\"og:locale\" content=\"fi_FI\" \/>\n<meta property=\"og:type\" content=\"article\" \/>\n<meta property=\"og:title\" content=\"B3-vitamiini - NATURAL POLAND - RAAKA-AINEIDEN TUKKUJAKELIJA\" \/>\n<meta property=\"og:description\" content=\"Niasiiniamidia eli B3-vitamiinia k\u00e4ytet\u00e4\u00e4n sek\u00e4 kosmetiikkatuotteissa ett\u00e4 ravintolisiss\u00e4. Pakattu 25 kg:n s\u00e4kkeihin.\" \/>\n<meta property=\"og:url\" content=\"https:\/\/naturalpoland.com\/fi\/tuotteet\/laaketeollisuuden-tuotteet\/vitamiinit\/witamina-b3\/\" \/>\n<meta property=\"og:site_name\" content=\"NATURAL POLAND - RAAKA-AINEIDEN TUKKUJAKELIJA\" \/>\n<meta property=\"article:publisher\" content=\"https:\/\/www.facebook.com\/naturalpoland.b2b\" \/>\n<meta property=\"og:image\" content=\"https:\/\/naturalpoland.com\/wp-content\/uploads\/niacynamid.webp\" \/>\n\t<meta property=\"og:image:width\" content=\"619\" \/>\n\t<meta property=\"og:image:height\" content=\"619\" \/>\n\t<meta property=\"og:image:type\" content=\"image\/webp\" \/>\n<script type=\"application\/ld+json\" class=\"yoast-schema-graph\">{\"@context\":\"https:\\\/\\\/schema.org\",\"@graph\":[{\"@type\":\"WebPage\",\"@id\":\"https:\\\/\\\/naturalpoland.com\\\/fi\\\/tuotteet\\\/laaketeollisuuden-tuotteet\\\/vitamiinit\\\/witamina-b3\\\/\",\"url\":\"https:\\\/\\\/naturalpoland.com\\\/fi\\\/tuotteet\\\/laaketeollisuuden-tuotteet\\\/vitamiinit\\\/witamina-b3\\\/\",\"name\":\"B3-vitamiini - NATURAL POLAND - RAAKA-AINEIDEN TUKKUJAKELIJA\",\"isPartOf\":{\"@id\":\"https:\\\/\\\/naturalpoland.com\\\/fi\\\/#website\"},\"primaryImageOfPage\":{\"@id\":\"https:\\\/\\\/naturalpoland.com\\\/fi\\\/tuotteet\\\/laaketeollisuuden-tuotteet\\\/vitamiinit\\\/witamina-b3\\\/#primaryimage\"},\"image\":{\"@id\":\"https:\\\/\\\/naturalpoland.com\\\/fi\\\/tuotteet\\\/laaketeollisuuden-tuotteet\\\/vitamiinit\\\/witamina-b3\\\/#primaryimage\"},\"thumbnailUrl\":\"https:\\\/\\\/naturalpoland.com\\\/wp-content\\\/uploads\\\/niacynamid.webp\",\"datePublished\":\"2024-12-23T11:51:37+00:00\",\"description\":\"Niasiiniamidia eli B3-vitamiinia k\u00e4ytet\u00e4\u00e4n sek\u00e4 kosmetiikkatuotteissa ett\u00e4 ravintolisiss\u00e4. Pakattu 25 kg:n s\u00e4kkeihin.\",\"breadcrumb\":{\"@id\":\"https:\\\/\\\/naturalpoland.com\\\/fi\\\/tuotteet\\\/laaketeollisuuden-tuotteet\\\/vitamiinit\\\/witamina-b3\\\/#breadcrumb\"},\"inLanguage\":\"fi\",\"potentialAction\":[{\"@type\":\"ReadAction\",\"target\":[\"https:\\\/\\\/naturalpoland.com\\\/fi\\\/tuotteet\\\/laaketeollisuuden-tuotteet\\\/vitamiinit\\\/witamina-b3\\\/\"]}]},{\"@type\":\"ImageObject\",\"inLanguage\":\"fi\",\"@id\":\"https:\\\/\\\/naturalpoland.com\\\/fi\\\/tuotteet\\\/laaketeollisuuden-tuotteet\\\/vitamiinit\\\/witamina-b3\\\/#primaryimage\",\"url\":\"https:\\\/\\\/naturalpoland.com\\\/wp-content\\\/uploads\\\/niacynamid.webp\",\"contentUrl\":\"https:\\\/\\\/naturalpoland.com\\\/wp-content\\\/uploads\\\/niacynamid.webp\",\"width\":619,\"height\":619,\"caption\":\"niacynamid w postaci bia\u0142ego krystalicznego proszku\"},{\"@type\":\"BreadcrumbList\",\"@id\":\"https:\\\/\\\/naturalpoland.com\\\/fi\\\/tuotteet\\\/laaketeollisuuden-tuotteet\\\/vitamiinit\\\/witamina-b3\\\/#breadcrumb\",\"itemListElement\":[{\"@type\":\"ListItem\",\"position\":1,\"name\":\"Etusivu\",\"item\":\"https:\\\/\\\/naturalpoland.com\\\/fi\\\/\"},{\"@type\":\"ListItem\",\"position\":2,\"name\":\"Tuotteet\",\"item\":\"https:\\\/\\\/naturalpoland.com\\\/fi\\\/tuotteet\\\/\"},{\"@type\":\"ListItem\",\"position\":3,\"name\":\"B3-vitamiini\"}]},{\"@type\":\"WebSite\",\"@id\":\"https:\\\/\\\/naturalpoland.com\\\/fi\\\/#website\",\"url\":\"https:\\\/\\\/naturalpoland.com\\\/fi\\\/\",\"name\":\"NATURAL POLAND - RAAKA-AINEIDEN TUKKUJAKELIJA\",\"description\":\"Surowce dla przemys\u0142u spo\u017cywczego, kosmetycznego i farmaceutycznego\",\"publisher\":{\"@id\":\"https:\\\/\\\/naturalpoland.com\\\/fi\\\/#organization\"},\"potentialAction\":[{\"@type\":\"SearchAction\",\"target\":{\"@type\":\"EntryPoint\",\"urlTemplate\":\"https:\\\/\\\/naturalpoland.com\\\/fi\\\/?s={search_term_string}\"},\"query-input\":{\"@type\":\"PropertyValueSpecification\",\"valueRequired\":true,\"valueName\":\"search_term_string\"}}],\"inLanguage\":\"fi\"},{\"@type\":\"Organization\",\"@id\":\"https:\\\/\\\/naturalpoland.com\\\/fi\\\/#organization\",\"name\":\"Natural Poland\",\"url\":\"https:\\\/\\\/naturalpoland.com\\\/fi\\\/\",\"logo\":{\"@type\":\"ImageObject\",\"inLanguage\":\"fi\",\"@id\":\"https:\\\/\\\/naturalpoland.com\\\/fi\\\/#\\\/schema\\\/logo\\\/image\\\/\",\"url\":\"https:\\\/\\\/naturalpoland.com\\\/wp-content\\\/uploads\\\/2021\\\/05\\\/natural-poland-icon.png\",\"contentUrl\":\"https:\\\/\\\/naturalpoland.com\\\/wp-content\\\/uploads\\\/2021\\\/05\\\/natural-poland-icon.png\",\"width\":512,\"height\":512,\"caption\":\"Natural Poland\"},\"image\":{\"@id\":\"https:\\\/\\\/naturalpoland.com\\\/fi\\\/#\\\/schema\\\/logo\\\/image\\\/\"},\"sameAs\":[\"https:\\\/\\\/www.facebook.com\\\/naturalpoland.b2b\",\"https:\\\/\\\/pl.linkedin.com\\\/company\\\/natural-poland\",\"https:\\\/\\\/www.youtube.com\\\/channel\\\/UCgeGGkvOMahZo-xu_MSEWxg\"]}]}<\/script>\n<!-- \/ Yoast SEO plugin. -->","yoast_head_json":{"title":"B3-vitamiini - NATURAL POLAND - RAAKA-AINEIDEN TUKKUJAKELIJA","description":"Niasiiniamidia eli B3-vitamiinia k\u00e4ytet\u00e4\u00e4n sek\u00e4 kosmetiikkatuotteissa ett\u00e4 ravintolisiss\u00e4. Pakattu 25 kg:n s\u00e4kkeihin.","robots":{"index":"index","follow":"follow","max-snippet":"max-snippet:-1","max-image-preview":"max-image-preview:large","max-video-preview":"max-video-preview:-1"},"canonical":"https:\/\/naturalpoland.com\/fi\/tuotteet\/laaketeollisuuden-tuotteet\/vitamiinit\/witamina-b3\/","og_locale":"fi_FI","og_type":"article","og_title":"B3-vitamiini - NATURAL POLAND - RAAKA-AINEIDEN TUKKUJAKELIJA","og_description":"Niasiiniamidia eli B3-vitamiinia k\u00e4ytet\u00e4\u00e4n sek\u00e4 kosmetiikkatuotteissa ett\u00e4 ravintolisiss\u00e4. Pakattu 25 kg:n s\u00e4kkeihin.","og_url":"https:\/\/naturalpoland.com\/fi\/tuotteet\/laaketeollisuuden-tuotteet\/vitamiinit\/witamina-b3\/","og_site_name":"NATURAL POLAND - RAAKA-AINEIDEN TUKKUJAKELIJA","article_publisher":"https:\/\/www.facebook.com\/naturalpoland.b2b","og_image":[{"width":619,"height":619,"url":"https:\/\/naturalpoland.com\/wp-content\/uploads\/niacynamid.webp","type":"image\/webp"}],"schema":{"@context":"https:\/\/schema.org","@graph":[{"@type":"WebPage","@id":"https:\/\/naturalpoland.com\/fi\/tuotteet\/laaketeollisuuden-tuotteet\/vitamiinit\/witamina-b3\/","url":"https:\/\/naturalpoland.com\/fi\/tuotteet\/laaketeollisuuden-tuotteet\/vitamiinit\/witamina-b3\/","name":"B3-vitamiini - NATURAL POLAND - RAAKA-AINEIDEN TUKKUJAKELIJA","isPartOf":{"@id":"https:\/\/naturalpoland.com\/fi\/#website"},"primaryImageOfPage":{"@id":"https:\/\/naturalpoland.com\/fi\/tuotteet\/laaketeollisuuden-tuotteet\/vitamiinit\/witamina-b3\/#primaryimage"},"image":{"@id":"https:\/\/naturalpoland.com\/fi\/tuotteet\/laaketeollisuuden-tuotteet\/vitamiinit\/witamina-b3\/#primaryimage"},"thumbnailUrl":"https:\/\/naturalpoland.com\/wp-content\/uploads\/niacynamid.webp","datePublished":"2024-12-23T11:51:37+00:00","description":"Niasiiniamidia eli B3-vitamiinia k\u00e4ytet\u00e4\u00e4n sek\u00e4 kosmetiikkatuotteissa ett\u00e4 ravintolisiss\u00e4. Pakattu 25 kg:n s\u00e4kkeihin.","breadcrumb":{"@id":"https:\/\/naturalpoland.com\/fi\/tuotteet\/laaketeollisuuden-tuotteet\/vitamiinit\/witamina-b3\/#breadcrumb"},"inLanguage":"fi","potentialAction":[{"@type":"ReadAction","target":["https:\/\/naturalpoland.com\/fi\/tuotteet\/laaketeollisuuden-tuotteet\/vitamiinit\/witamina-b3\/"]}]},{"@type":"ImageObject","inLanguage":"fi","@id":"https:\/\/naturalpoland.com\/fi\/tuotteet\/laaketeollisuuden-tuotteet\/vitamiinit\/witamina-b3\/#primaryimage","url":"https:\/\/naturalpoland.com\/wp-content\/uploads\/niacynamid.webp","contentUrl":"https:\/\/naturalpoland.com\/wp-content\/uploads\/niacynamid.webp","width":619,"height":619,"caption":"niacynamid w postaci bia\u0142ego krystalicznego proszku"},{"@type":"BreadcrumbList","@id":"https:\/\/naturalpoland.com\/fi\/tuotteet\/laaketeollisuuden-tuotteet\/vitamiinit\/witamina-b3\/#breadcrumb","itemListElement":[{"@type":"ListItem","position":1,"name":"Etusivu","item":"https:\/\/naturalpoland.com\/fi\/"},{"@type":"ListItem","position":2,"name":"Tuotteet","item":"https:\/\/naturalpoland.com\/fi\/tuotteet\/"},{"@type":"ListItem","position":3,"name":"B3-vitamiini"}]},{"@type":"WebSite","@id":"https:\/\/naturalpoland.com\/fi\/#website","url":"https:\/\/naturalpoland.com\/fi\/","name":"NATURAL POLAND - RAAKA-AINEIDEN TUKKUJAKELIJA","description":"Surowce dla przemys\u0142u spo\u017cywczego, kosmetycznego i farmaceutycznego","publisher":{"@id":"https:\/\/naturalpoland.com\/fi\/#organization"},"potentialAction":[{"@type":"SearchAction","target":{"@type":"EntryPoint","urlTemplate":"https:\/\/naturalpoland.com\/fi\/?s={search_term_string}"},"query-input":{"@type":"PropertyValueSpecification","valueRequired":true,"valueName":"search_term_string"}}],"inLanguage":"fi"},{"@type":"Organization","@id":"https:\/\/naturalpoland.com\/fi\/#organization","name":"Natural Poland","url":"https:\/\/naturalpoland.com\/fi\/","logo":{"@type":"ImageObject","inLanguage":"fi","@id":"https:\/\/naturalpoland.com\/fi\/#\/schema\/logo\/image\/","url":"https:\/\/naturalpoland.com\/wp-content\/uploads\/2021\/05\/natural-poland-icon.png","contentUrl":"https:\/\/naturalpoland.com\/wp-content\/uploads\/2021\/05\/natural-poland-icon.png","width":512,"height":512,"caption":"Natural Poland"},"image":{"@id":"https:\/\/naturalpoland.com\/fi\/#\/schema\/logo\/image\/"},"sameAs":["https:\/\/www.facebook.com\/naturalpoland.b2b","https:\/\/pl.linkedin.com\/company\/natural-poland","https:\/\/www.youtube.com\/channel\/UCgeGGkvOMahZo-xu_MSEWxg"]}]}},"_links":{"self":[{"href":"https:\/\/naturalpoland.com\/fi\/wp-json\/wp\/v2\/product\/38460","targetHints":{"allow":["GET"]}}],"collection":[{"href":"https:\/\/naturalpoland.com\/fi\/wp-json\/wp\/v2\/product"}],"about":[{"href":"https:\/\/naturalpoland.com\/fi\/wp-json\/wp\/v2\/types\/product"}],"wp:featuredmedia":[{"embeddable":true,"href":"https:\/\/naturalpoland.com\/fi\/wp-json\/wp\/v2\/media\/35803"}],"wp:attachment":[{"href":"https:\/\/naturalpoland.com\/fi\/wp-json\/wp\/v2\/media?parent=38460"}],"wp:term":[{"taxonomy":"product_brand","embeddable":true,"href":"https:\/\/naturalpoland.com\/fi\/wp-json\/wp\/v2\/product_brand?post=38460"},{"taxonomy":"product_cat","embeddable":true,"href":"https:\/\/naturalpoland.com\/fi\/wp-json\/wp\/v2\/product_cat?post=38460"},{"taxonomy":"product_tag","embeddable":true,"href":"https:\/\/naturalpoland.com\/fi\/wp-json\/wp\/v2\/product_tag?post=38460"}],"curies":[{"name":"wp","href":"https:\/\/api.w.org\/{rel}","templated":true}]}}