{"id":38714,"date":"2025-01-14T13:08:30","date_gmt":"2025-01-15T14:56:51","guid":{"rendered":"https:\/\/naturalpoland.com\/produkty\/Ei-luokiteltu\/ekstrakt-z-convolvulus-pluricaulis-shankhpushpi\/"},"modified":"2025-01-15T15:56:51","modified_gmt":"2025-01-15T14:56:51","slug":"ekstrakt-z-convolvulus-pluricaulis-shankhpushpi","status":"publish","type":"product","link":"https:\/\/naturalpoland.com\/fi\/tuotteet\/kasviuutteet\/ekstrakt-z-convolvulus-pluricaulis-shankhpushpi\/","title":{"rendered":"Convolvulus pluricaulis (Shankhpushpi) -uute"},"content":{"rendered":"<h2>Kiinteist\u00f6ihin Shankhpushpi<\/h2>\n<p>Convolvulus pluricaulis -uutetta on k\u00e4ytetty ayurveda-l\u00e4\u00e4ketieteess\u00e4 vuosisatojen ajan p\u00e4\u00e4asiassa hermoston terveytt\u00e4 ja henkist\u00e4 hyvinvointia tukevien ominaisuuksiensa vuoksi. Sit\u00e4 pidet\u00e4\u00e4n <strong>nootrooppisena aineena, joka tukee keskittymist\u00e4<\/strong>, muistia ja ajatusprosesseja. Sill\u00e4 on <strong>adaptogeenisi\u00e4 ominaisuuksia<\/strong>, jotka auttavat kehoa torjumaan stressi\u00e4 ja emotionaalista j\u00e4nnityst\u00e4. <strong>Sill\u00e4 on rauhoittava vaikutus<\/strong> ja se voi tukea ahdistuneisuush\u00e4iri\u00f6iden ja unettomuuden hoitoa, mink\u00e4 vuoksi sit\u00e4 k\u00e4ytet\u00e4\u00e4n perinteisesti rentouttavana aineena Ayurveda-ohjelmassa. Kasvin bioaktiiviset yhdisteet auttavat <strong>neutraloimaan vapaita radikaaleja<\/strong>, mik\u00e4 tukee solujen terveytt\u00e4, ja sen mahdolliset <strong>tulehdusta ehk\u00e4isev\u00e4t vaikutukset<\/strong> voivat olla hy\u00f6dyllisi\u00e4 kroonisten sairauksien hoidossa. Convolvulus pluricaulis -uutetta k\u00e4ytet\u00e4\u00e4n luonnonl\u00e4\u00e4ketieteess\u00e4 my\u00f6s tukemaan <strong>hormonitoimintaa<\/strong>, erityisesti kortisolitasojen alentamiseen. Convolvulus pluricaulis -uutetta voidaan k\u00e4ytt\u00e4\u00e4 erilaisissa lis\u00e4ravinteiden muodoissa, kuten kapseleina, tabletteina ja yrttiteen\u00e4. Uutetta ei suositella raskaana oleville tai imett\u00e4ville naisille, ja psykotrooppisia tai rauhoittavia l\u00e4\u00e4kkeit\u00e4 k\u00e4ytt\u00e4vien tulisi neuvotella l\u00e4\u00e4k\u00e4rin kanssa ennen lis\u00e4ravinteen k\u00e4ytt\u00f6\u00e4.  <\/p>\n","protected":false},"excerpt":{"rendered":"<p><strong>Convolvulus pluricaulis -uute<\/strong>, joka tunnetaan my\u00f6s nimell\u00e4 <strong>Shankhpushpi<\/strong>, uutetaan t\u00e4m\u00e4n Kiinasta kotoisin olevan ayurvedisen kasvin kukista. Tuote tarjotaan hienoksi jauhettuna jauheena, jolla on ominainen tuoksu ja maku. <\/p>\n","protected":false},"featured_media":38691,"template":"","meta":{"_acf_changed":false},"product_brand":[],"product_cat":[528],"product_tag":[],"class_list":{"0":"post-38714","1":"product","2":"type-product","3":"status-publish","4":"has-post-thumbnail","6":"product_cat-kasviuutteet","7":"pa_czesc-rosliny-kukka","9":"first","10":"instock","11":"shipping-taxable","12":"product-type-simple"},"acf":[],"yoast_head":"<!-- This site is optimized with the Yoast SEO plugin v27.4 - https:\/\/yoast.com\/product\/yoast-seo-wordpress\/ -->\n<title>Convolvulus pluricaulis (Shankhpushpi) -uute<\/title>\n<meta name=\"description\" content=\"Convolvulus pluricaulis -uute, joka tunnetaan my\u00f6s nimell\u00e4 Shankhpushpi, on korkealaatuista kasviainesta, joka on uutettu t\u00e4m\u00e4n ayurvedisen kasvin kukista.\" \/>\n<meta name=\"robots\" content=\"index, follow, max-snippet:-1, max-image-preview:large, max-video-preview:-1\" \/>\n<link rel=\"canonical\" href=\"https:\/\/naturalpoland.com\/fi\/tuotteet\/kasviuutteet\/ekstrakt-z-convolvulus-pluricaulis-shankhpushpi\/\" \/>\n<meta property=\"og:locale\" content=\"fi_FI\" \/>\n<meta property=\"og:type\" content=\"article\" \/>\n<meta property=\"og:title\" content=\"Convolvulus pluricaulis (Shankhpushpi) -uute\" \/>\n<meta property=\"og:description\" content=\"Convolvulus pluricaulis -uute, joka tunnetaan my\u00f6s nimell\u00e4 Shankhpushpi, on korkealaatuista kasviainesta, joka on uutettu t\u00e4m\u00e4n ayurvedisen kasvin kukista.\" \/>\n<meta property=\"og:url\" content=\"https:\/\/naturalpoland.com\/fi\/tuotteet\/kasviuutteet\/ekstrakt-z-convolvulus-pluricaulis-shankhpushpi\/\" \/>\n<meta property=\"og:site_name\" content=\"NATURAL POLAND - RAAKA-AINEIDEN TUKKUJAKELIJA\" \/>\n<meta property=\"article:publisher\" content=\"https:\/\/www.facebook.com\/naturalpoland.b2b\" \/>\n<meta property=\"og:image\" content=\"https:\/\/naturalpoland.com\/wp-content\/uploads\/shankhpushpi.webp\" \/>\n\t<meta property=\"og:image:width\" content=\"592\" \/>\n\t<meta property=\"og:image:height\" content=\"592\" \/>\n\t<meta property=\"og:image:type\" content=\"image\/webp\" \/>\n<script type=\"application\/ld+json\" class=\"yoast-schema-graph\">{\"@context\":\"https:\\\/\\\/schema.org\",\"@graph\":[{\"@type\":\"WebPage\",\"@id\":\"https:\\\/\\\/naturalpoland.com\\\/fi\\\/tuotteet\\\/kasviuutteet\\\/ekstrakt-z-convolvulus-pluricaulis-shankhpushpi\\\/\",\"url\":\"https:\\\/\\\/naturalpoland.com\\\/fi\\\/tuotteet\\\/kasviuutteet\\\/ekstrakt-z-convolvulus-pluricaulis-shankhpushpi\\\/\",\"name\":\"Convolvulus pluricaulis (Shankhpushpi) -uute\",\"isPartOf\":{\"@id\":\"https:\\\/\\\/naturalpoland.com\\\/fi\\\/#website\"},\"primaryImageOfPage\":{\"@id\":\"https:\\\/\\\/naturalpoland.com\\\/fi\\\/tuotteet\\\/kasviuutteet\\\/ekstrakt-z-convolvulus-pluricaulis-shankhpushpi\\\/#primaryimage\"},\"image\":{\"@id\":\"https:\\\/\\\/naturalpoland.com\\\/fi\\\/tuotteet\\\/kasviuutteet\\\/ekstrakt-z-convolvulus-pluricaulis-shankhpushpi\\\/#primaryimage\"},\"thumbnailUrl\":\"https:\\\/\\\/naturalpoland.com\\\/wp-content\\\/uploads\\\/shankhpushpi.webp\",\"datePublished\":\"2025-01-15T14:56:51+00:00\",\"description\":\"Convolvulus pluricaulis -uute, joka tunnetaan my\u00f6s nimell\u00e4 Shankhpushpi, on korkealaatuista kasviainesta, joka on uutettu t\u00e4m\u00e4n ayurvedisen kasvin kukista.\",\"breadcrumb\":{\"@id\":\"https:\\\/\\\/naturalpoland.com\\\/fi\\\/tuotteet\\\/kasviuutteet\\\/ekstrakt-z-convolvulus-pluricaulis-shankhpushpi\\\/#breadcrumb\"},\"inLanguage\":\"fi\",\"potentialAction\":[{\"@type\":\"ReadAction\",\"target\":[\"https:\\\/\\\/naturalpoland.com\\\/fi\\\/tuotteet\\\/kasviuutteet\\\/ekstrakt-z-convolvulus-pluricaulis-shankhpushpi\\\/\"]}]},{\"@type\":\"ImageObject\",\"inLanguage\":\"fi\",\"@id\":\"https:\\\/\\\/naturalpoland.com\\\/fi\\\/tuotteet\\\/kasviuutteet\\\/ekstrakt-z-convolvulus-pluricaulis-shankhpushpi\\\/#primaryimage\",\"url\":\"https:\\\/\\\/naturalpoland.com\\\/wp-content\\\/uploads\\\/shankhpushpi.webp\",\"contentUrl\":\"https:\\\/\\\/naturalpoland.com\\\/wp-content\\\/uploads\\\/shankhpushpi.webp\",\"width\":592,\"height\":592,\"caption\":\"Shankhpushpi\"},{\"@type\":\"BreadcrumbList\",\"@id\":\"https:\\\/\\\/naturalpoland.com\\\/fi\\\/tuotteet\\\/kasviuutteet\\\/ekstrakt-z-convolvulus-pluricaulis-shankhpushpi\\\/#breadcrumb\",\"itemListElement\":[{\"@type\":\"ListItem\",\"position\":1,\"name\":\"Etusivu\",\"item\":\"https:\\\/\\\/naturalpoland.com\\\/fi\\\/\"},{\"@type\":\"ListItem\",\"position\":2,\"name\":\"Tuotteet\",\"item\":\"https:\\\/\\\/naturalpoland.com\\\/fi\\\/tuotteet\\\/\"},{\"@type\":\"ListItem\",\"position\":3,\"name\":\"Convolvulus pluricaulis (Shankhpushpi) -uute\"}]},{\"@type\":\"WebSite\",\"@id\":\"https:\\\/\\\/naturalpoland.com\\\/fi\\\/#website\",\"url\":\"https:\\\/\\\/naturalpoland.com\\\/fi\\\/\",\"name\":\"NATURAL POLAND - RAAKA-AINEIDEN TUKKUJAKELIJA\",\"description\":\"Surowce dla przemys\u0142u spo\u017cywczego, kosmetycznego i farmaceutycznego\",\"publisher\":{\"@id\":\"https:\\\/\\\/naturalpoland.com\\\/fi\\\/#organization\"},\"potentialAction\":[{\"@type\":\"SearchAction\",\"target\":{\"@type\":\"EntryPoint\",\"urlTemplate\":\"https:\\\/\\\/naturalpoland.com\\\/fi\\\/?s={search_term_string}\"},\"query-input\":{\"@type\":\"PropertyValueSpecification\",\"valueRequired\":true,\"valueName\":\"search_term_string\"}}],\"inLanguage\":\"fi\"},{\"@type\":\"Organization\",\"@id\":\"https:\\\/\\\/naturalpoland.com\\\/fi\\\/#organization\",\"name\":\"Natural Poland\",\"url\":\"https:\\\/\\\/naturalpoland.com\\\/fi\\\/\",\"logo\":{\"@type\":\"ImageObject\",\"inLanguage\":\"fi\",\"@id\":\"https:\\\/\\\/naturalpoland.com\\\/fi\\\/#\\\/schema\\\/logo\\\/image\\\/\",\"url\":\"https:\\\/\\\/naturalpoland.com\\\/wp-content\\\/uploads\\\/2021\\\/05\\\/natural-poland-icon.png\",\"contentUrl\":\"https:\\\/\\\/naturalpoland.com\\\/wp-content\\\/uploads\\\/2021\\\/05\\\/natural-poland-icon.png\",\"width\":512,\"height\":512,\"caption\":\"Natural Poland\"},\"image\":{\"@id\":\"https:\\\/\\\/naturalpoland.com\\\/fi\\\/#\\\/schema\\\/logo\\\/image\\\/\"},\"sameAs\":[\"https:\\\/\\\/www.facebook.com\\\/naturalpoland.b2b\",\"https:\\\/\\\/pl.linkedin.com\\\/company\\\/natural-poland\",\"https:\\\/\\\/www.youtube.com\\\/channel\\\/UCgeGGkvOMahZo-xu_MSEWxg\"]}]}<\/script>\n<!-- \/ Yoast SEO plugin. -->","yoast_head_json":{"title":"Convolvulus pluricaulis (Shankhpushpi) -uute","description":"Convolvulus pluricaulis -uute, joka tunnetaan my\u00f6s nimell\u00e4 Shankhpushpi, on korkealaatuista kasviainesta, joka on uutettu t\u00e4m\u00e4n ayurvedisen kasvin kukista.","robots":{"index":"index","follow":"follow","max-snippet":"max-snippet:-1","max-image-preview":"max-image-preview:large","max-video-preview":"max-video-preview:-1"},"canonical":"https:\/\/naturalpoland.com\/fi\/tuotteet\/kasviuutteet\/ekstrakt-z-convolvulus-pluricaulis-shankhpushpi\/","og_locale":"fi_FI","og_type":"article","og_title":"Convolvulus pluricaulis (Shankhpushpi) -uute","og_description":"Convolvulus pluricaulis -uute, joka tunnetaan my\u00f6s nimell\u00e4 Shankhpushpi, on korkealaatuista kasviainesta, joka on uutettu t\u00e4m\u00e4n ayurvedisen kasvin kukista.","og_url":"https:\/\/naturalpoland.com\/fi\/tuotteet\/kasviuutteet\/ekstrakt-z-convolvulus-pluricaulis-shankhpushpi\/","og_site_name":"NATURAL POLAND - RAAKA-AINEIDEN TUKKUJAKELIJA","article_publisher":"https:\/\/www.facebook.com\/naturalpoland.b2b","og_image":[{"width":592,"height":592,"url":"https:\/\/naturalpoland.com\/wp-content\/uploads\/shankhpushpi.webp","type":"image\/webp"}],"schema":{"@context":"https:\/\/schema.org","@graph":[{"@type":"WebPage","@id":"https:\/\/naturalpoland.com\/fi\/tuotteet\/kasviuutteet\/ekstrakt-z-convolvulus-pluricaulis-shankhpushpi\/","url":"https:\/\/naturalpoland.com\/fi\/tuotteet\/kasviuutteet\/ekstrakt-z-convolvulus-pluricaulis-shankhpushpi\/","name":"Convolvulus pluricaulis (Shankhpushpi) -uute","isPartOf":{"@id":"https:\/\/naturalpoland.com\/fi\/#website"},"primaryImageOfPage":{"@id":"https:\/\/naturalpoland.com\/fi\/tuotteet\/kasviuutteet\/ekstrakt-z-convolvulus-pluricaulis-shankhpushpi\/#primaryimage"},"image":{"@id":"https:\/\/naturalpoland.com\/fi\/tuotteet\/kasviuutteet\/ekstrakt-z-convolvulus-pluricaulis-shankhpushpi\/#primaryimage"},"thumbnailUrl":"https:\/\/naturalpoland.com\/wp-content\/uploads\/shankhpushpi.webp","datePublished":"2025-01-15T14:56:51+00:00","description":"Convolvulus pluricaulis -uute, joka tunnetaan my\u00f6s nimell\u00e4 Shankhpushpi, on korkealaatuista kasviainesta, joka on uutettu t\u00e4m\u00e4n ayurvedisen kasvin kukista.","breadcrumb":{"@id":"https:\/\/naturalpoland.com\/fi\/tuotteet\/kasviuutteet\/ekstrakt-z-convolvulus-pluricaulis-shankhpushpi\/#breadcrumb"},"inLanguage":"fi","potentialAction":[{"@type":"ReadAction","target":["https:\/\/naturalpoland.com\/fi\/tuotteet\/kasviuutteet\/ekstrakt-z-convolvulus-pluricaulis-shankhpushpi\/"]}]},{"@type":"ImageObject","inLanguage":"fi","@id":"https:\/\/naturalpoland.com\/fi\/tuotteet\/kasviuutteet\/ekstrakt-z-convolvulus-pluricaulis-shankhpushpi\/#primaryimage","url":"https:\/\/naturalpoland.com\/wp-content\/uploads\/shankhpushpi.webp","contentUrl":"https:\/\/naturalpoland.com\/wp-content\/uploads\/shankhpushpi.webp","width":592,"height":592,"caption":"Shankhpushpi"},{"@type":"BreadcrumbList","@id":"https:\/\/naturalpoland.com\/fi\/tuotteet\/kasviuutteet\/ekstrakt-z-convolvulus-pluricaulis-shankhpushpi\/#breadcrumb","itemListElement":[{"@type":"ListItem","position":1,"name":"Etusivu","item":"https:\/\/naturalpoland.com\/fi\/"},{"@type":"ListItem","position":2,"name":"Tuotteet","item":"https:\/\/naturalpoland.com\/fi\/tuotteet\/"},{"@type":"ListItem","position":3,"name":"Convolvulus pluricaulis (Shankhpushpi) -uute"}]},{"@type":"WebSite","@id":"https:\/\/naturalpoland.com\/fi\/#website","url":"https:\/\/naturalpoland.com\/fi\/","name":"NATURAL POLAND - RAAKA-AINEIDEN TUKKUJAKELIJA","description":"Surowce dla przemys\u0142u spo\u017cywczego, kosmetycznego i farmaceutycznego","publisher":{"@id":"https:\/\/naturalpoland.com\/fi\/#organization"},"potentialAction":[{"@type":"SearchAction","target":{"@type":"EntryPoint","urlTemplate":"https:\/\/naturalpoland.com\/fi\/?s={search_term_string}"},"query-input":{"@type":"PropertyValueSpecification","valueRequired":true,"valueName":"search_term_string"}}],"inLanguage":"fi"},{"@type":"Organization","@id":"https:\/\/naturalpoland.com\/fi\/#organization","name":"Natural Poland","url":"https:\/\/naturalpoland.com\/fi\/","logo":{"@type":"ImageObject","inLanguage":"fi","@id":"https:\/\/naturalpoland.com\/fi\/#\/schema\/logo\/image\/","url":"https:\/\/naturalpoland.com\/wp-content\/uploads\/2021\/05\/natural-poland-icon.png","contentUrl":"https:\/\/naturalpoland.com\/wp-content\/uploads\/2021\/05\/natural-poland-icon.png","width":512,"height":512,"caption":"Natural Poland"},"image":{"@id":"https:\/\/naturalpoland.com\/fi\/#\/schema\/logo\/image\/"},"sameAs":["https:\/\/www.facebook.com\/naturalpoland.b2b","https:\/\/pl.linkedin.com\/company\/natural-poland","https:\/\/www.youtube.com\/channel\/UCgeGGkvOMahZo-xu_MSEWxg"]}]}},"_links":{"self":[{"href":"https:\/\/naturalpoland.com\/fi\/wp-json\/wp\/v2\/product\/38714","targetHints":{"allow":["GET"]}}],"collection":[{"href":"https:\/\/naturalpoland.com\/fi\/wp-json\/wp\/v2\/product"}],"about":[{"href":"https:\/\/naturalpoland.com\/fi\/wp-json\/wp\/v2\/types\/product"}],"wp:featuredmedia":[{"embeddable":true,"href":"https:\/\/naturalpoland.com\/fi\/wp-json\/wp\/v2\/media\/38691"}],"wp:attachment":[{"href":"https:\/\/naturalpoland.com\/fi\/wp-json\/wp\/v2\/media?parent=38714"}],"wp:term":[{"taxonomy":"product_brand","embeddable":true,"href":"https:\/\/naturalpoland.com\/fi\/wp-json\/wp\/v2\/product_brand?post=38714"},{"taxonomy":"product_cat","embeddable":true,"href":"https:\/\/naturalpoland.com\/fi\/wp-json\/wp\/v2\/product_cat?post=38714"},{"taxonomy":"product_tag","embeddable":true,"href":"https:\/\/naturalpoland.com\/fi\/wp-json\/wp\/v2\/product_tag?post=38714"}],"curies":[{"name":"wp","href":"https:\/\/api.w.org\/{rel}","templated":true}]}}