{"id":38717,"date":"2025-01-14T11:44:13","date_gmt":"2025-01-16T08:58:36","guid":{"rendered":"https:\/\/naturalpoland.com\/produkty\/Ei-luokiteltu\/ekstrakt-z-tulsi\/"},"modified":"2025-01-16T09:58:36","modified_gmt":"2025-01-16T08:58:36","slug":"ekstrakt-z-tulsi","status":"publish","type":"product","link":"https:\/\/naturalpoland.com\/fi\/tuotteet\/kasviuutteet\/ekstrakt-z-tulsi\/","title":{"rendered":"Tulsi-uute"},"content":{"rendered":"<h2>Ominaisuudet ja terveysvaikutukset:<\/h2>\n<ul>\n<li>Tulsi-uute <strong>tukee hermostoa<\/strong> v\u00e4hent\u00e4m\u00e4ll\u00e4 stressihormoni kortisolin m\u00e4\u00e4r\u00e4\u00e4.<\/li>\n<li><strong>Vahvistaa immuunij\u00e4rjestelm\u00e4\u00e4<\/strong> ja lis\u00e4\u00e4 elimist\u00f6n luonnollista vastustuskyky\u00e4 virus- ja bakteeri-infektioita vastaan.<\/li>\n<li>Eugenolin ja fenolihappojen kaltaisten yhdisteiden ansiosta Tulsi <strong>vaikuttaa tulehdusta ehk\u00e4isev\u00e4sti<\/strong> ja auttaa torjumaan bakteeri-infektioita.<\/li>\n<li>Sit\u00e4 on perinteisesti k\u00e4ytetty <strong>yl\u00e4hengitystieinfektioiden hoitoon<\/strong>, ja se auttaa lievitt\u00e4m\u00e4\u00e4n ysk\u00e4\u00e4, nuhaa ja vilustumisoireita.<\/li>\n<li>Polyfenolipitoisuutensa ansiosta se<strong> suojaa soluja hapettumisstressilt\u00e4<\/strong>, edist\u00e4\u00e4 ihon terveytt\u00e4 ja hidastaa ik\u00e4\u00e4ntymisprosessia.<\/li>\n<li><strong>Se s\u00e4\u00e4telee aineenvaihduntaa ja sokeripitoisuuksia<\/strong>, mik\u00e4 voi olla hy\u00f6dyllist\u00e4 tyypin 2 diabeteksen ehk\u00e4isyss\u00e4.<\/li>\n<li><strong>Se tukee<\/strong> elimist\u00f6n <strong>vieroitusprosesseja<\/strong> ja tukee my\u00f6s maksan toimintaa neutraloimalla myrkkyj\u00e4.<\/li>\n<\/ul>\n<h2>Tulsi-uutteen k\u00e4ytt\u00f6<\/h2>\n<ul>\n<li>Ravintolisien ainesosana, joka tukee immuniteettia, stressin v\u00e4hent\u00e4mist\u00e4 ja hyvinvoinnin parantamista.<\/li>\n<li>Lis\u00e4t\u00e4\u00e4n kosmetiikkaan sen antioksidanttisten ja tulehdusta ehk\u00e4isevien ominaisuuksien vuoksi.<\/li>\n<li>Lis\u00e4t\u00e4\u00e4n yrttiteehen terveyden tukemiseksi.<\/li>\n<li>K\u00e4ytet\u00e4\u00e4n perinteisiss\u00e4 ayurvedisissa valmisteissa tukemaan yleist\u00e4 terveytt\u00e4 ja tasapainottamaan kehoa.<\/li>\n<\/ul>\n","protected":false},"excerpt":{"rendered":"<p><strong>Tulsi-uute<\/strong> (<em><strong>Ocimum Tenuiflorum<\/strong><\/em>) uutetaan pyh\u00e4n\u00e4 basilikana tunnetun l\u00e4\u00e4kekasvin lehdist\u00e4. Tulsia on k\u00e4ytetty ayurvedisessa luonnonl\u00e4\u00e4kinn\u00e4ss\u00e4 vuosisatojen ajan. Sill\u00e4 on adaptogeenisi\u00e4, tulehdusta ehk\u00e4isevi\u00e4 ja immunomodulatorisia vaikutuksia.  <\/p>\n","protected":false},"featured_media":38663,"template":"","meta":{"_acf_changed":false},"product_brand":[],"product_cat":[528],"product_tag":[],"class_list":{"0":"post-38717","1":"product","2":"type-product","3":"status-publish","4":"has-post-thumbnail","6":"product_cat-kasviuutteet","7":"pa_czesc-rosliny-lehdet","9":"first","10":"instock","11":"shipping-taxable","12":"product-type-simple"},"acf":[],"yoast_head":"<!-- This site is optimized with the Yoast SEO plugin v27.4 - https:\/\/yoast.com\/product\/yoast-seo-wordpress\/ -->\n<title>Tulsi-uute - Raaka-aineiden tukkukauppias NATURAL POLAND - RAAKA-AINEIDEN TUKKUJAKELIJA<\/title>\n<meta name=\"description\" content=\"Tulsi (Ocimum Tenuiflorum) -uute, joka tunnetaan my\u00f6s nimell\u00e4 pyh\u00e4 basilika, on korkealaatuinen kasviaine, joka on uutettu t\u00e4m\u00e4n l\u00e4\u00e4kekasvin lehdist\u00e4.\" \/>\n<meta name=\"robots\" content=\"index, follow, max-snippet:-1, max-image-preview:large, max-video-preview:-1\" \/>\n<link rel=\"canonical\" href=\"https:\/\/naturalpoland.com\/fi\/tuotteet\/kasviuutteet\/ekstrakt-z-tulsi\/\" \/>\n<meta property=\"og:locale\" content=\"fi_FI\" \/>\n<meta property=\"og:type\" content=\"article\" \/>\n<meta property=\"og:title\" content=\"Tulsi-uute - Raaka-aineiden tukkukauppias NATURAL POLAND - RAAKA-AINEIDEN TUKKUJAKELIJA\" \/>\n<meta property=\"og:description\" content=\"Tulsi (Ocimum Tenuiflorum) -uute, joka tunnetaan my\u00f6s nimell\u00e4 pyh\u00e4 basilika, on korkealaatuinen kasviaine, joka on uutettu t\u00e4m\u00e4n l\u00e4\u00e4kekasvin lehdist\u00e4.\" \/>\n<meta property=\"og:url\" content=\"https:\/\/naturalpoland.com\/fi\/tuotteet\/kasviuutteet\/ekstrakt-z-tulsi\/\" \/>\n<meta property=\"og:site_name\" content=\"NATURAL POLAND - RAAKA-AINEIDEN TUKKUJAKELIJA\" \/>\n<meta property=\"article:publisher\" content=\"https:\/\/www.facebook.com\/naturalpoland.b2b\" \/>\n<meta property=\"og:image\" content=\"https:\/\/naturalpoland.com\/wp-content\/uploads\/ekstrakt-z-tulsi.webp\" \/>\n\t<meta property=\"og:image:width\" content=\"592\" \/>\n\t<meta property=\"og:image:height\" content=\"592\" \/>\n\t<meta property=\"og:image:type\" content=\"image\/webp\" \/>\n<script type=\"application\/ld+json\" class=\"yoast-schema-graph\">{\"@context\":\"https:\\\/\\\/schema.org\",\"@graph\":[{\"@type\":\"WebPage\",\"@id\":\"https:\\\/\\\/naturalpoland.com\\\/fi\\\/tuotteet\\\/kasviuutteet\\\/ekstrakt-z-tulsi\\\/\",\"url\":\"https:\\\/\\\/naturalpoland.com\\\/fi\\\/tuotteet\\\/kasviuutteet\\\/ekstrakt-z-tulsi\\\/\",\"name\":\"Tulsi-uute - Raaka-aineiden tukkukauppias NATURAL POLAND - RAAKA-AINEIDEN TUKKUJAKELIJA\",\"isPartOf\":{\"@id\":\"https:\\\/\\\/naturalpoland.com\\\/fi\\\/#website\"},\"primaryImageOfPage\":{\"@id\":\"https:\\\/\\\/naturalpoland.com\\\/fi\\\/tuotteet\\\/kasviuutteet\\\/ekstrakt-z-tulsi\\\/#primaryimage\"},\"image\":{\"@id\":\"https:\\\/\\\/naturalpoland.com\\\/fi\\\/tuotteet\\\/kasviuutteet\\\/ekstrakt-z-tulsi\\\/#primaryimage\"},\"thumbnailUrl\":\"https:\\\/\\\/naturalpoland.com\\\/wp-content\\\/uploads\\\/ekstrakt-z-tulsi.webp\",\"datePublished\":\"2025-01-16T08:58:36+00:00\",\"description\":\"Tulsi (Ocimum Tenuiflorum) -uute, joka tunnetaan my\u00f6s nimell\u00e4 pyh\u00e4 basilika, on korkealaatuinen kasviaine, joka on uutettu t\u00e4m\u00e4n l\u00e4\u00e4kekasvin lehdist\u00e4.\",\"breadcrumb\":{\"@id\":\"https:\\\/\\\/naturalpoland.com\\\/fi\\\/tuotteet\\\/kasviuutteet\\\/ekstrakt-z-tulsi\\\/#breadcrumb\"},\"inLanguage\":\"fi\",\"potentialAction\":[{\"@type\":\"ReadAction\",\"target\":[\"https:\\\/\\\/naturalpoland.com\\\/fi\\\/tuotteet\\\/kasviuutteet\\\/ekstrakt-z-tulsi\\\/\"]}]},{\"@type\":\"ImageObject\",\"inLanguage\":\"fi\",\"@id\":\"https:\\\/\\\/naturalpoland.com\\\/fi\\\/tuotteet\\\/kasviuutteet\\\/ekstrakt-z-tulsi\\\/#primaryimage\",\"url\":\"https:\\\/\\\/naturalpoland.com\\\/wp-content\\\/uploads\\\/ekstrakt-z-tulsi.webp\",\"contentUrl\":\"https:\\\/\\\/naturalpoland.com\\\/wp-content\\\/uploads\\\/ekstrakt-z-tulsi.webp\",\"width\":592,\"height\":592,\"caption\":\"Ekstrakt z Tulsi\"},{\"@type\":\"BreadcrumbList\",\"@id\":\"https:\\\/\\\/naturalpoland.com\\\/fi\\\/tuotteet\\\/kasviuutteet\\\/ekstrakt-z-tulsi\\\/#breadcrumb\",\"itemListElement\":[{\"@type\":\"ListItem\",\"position\":1,\"name\":\"Etusivu\",\"item\":\"https:\\\/\\\/naturalpoland.com\\\/fi\\\/\"},{\"@type\":\"ListItem\",\"position\":2,\"name\":\"Tuotteet\",\"item\":\"https:\\\/\\\/naturalpoland.com\\\/fi\\\/tuotteet\\\/\"},{\"@type\":\"ListItem\",\"position\":3,\"name\":\"Tulsi-uute\"}]},{\"@type\":\"WebSite\",\"@id\":\"https:\\\/\\\/naturalpoland.com\\\/fi\\\/#website\",\"url\":\"https:\\\/\\\/naturalpoland.com\\\/fi\\\/\",\"name\":\"NATURAL POLAND - RAAKA-AINEIDEN TUKKUJAKELIJA\",\"description\":\"Surowce dla przemys\u0142u spo\u017cywczego, kosmetycznego i farmaceutycznego\",\"publisher\":{\"@id\":\"https:\\\/\\\/naturalpoland.com\\\/fi\\\/#organization\"},\"potentialAction\":[{\"@type\":\"SearchAction\",\"target\":{\"@type\":\"EntryPoint\",\"urlTemplate\":\"https:\\\/\\\/naturalpoland.com\\\/fi\\\/?s={search_term_string}\"},\"query-input\":{\"@type\":\"PropertyValueSpecification\",\"valueRequired\":true,\"valueName\":\"search_term_string\"}}],\"inLanguage\":\"fi\"},{\"@type\":\"Organization\",\"@id\":\"https:\\\/\\\/naturalpoland.com\\\/fi\\\/#organization\",\"name\":\"Natural Poland\",\"url\":\"https:\\\/\\\/naturalpoland.com\\\/fi\\\/\",\"logo\":{\"@type\":\"ImageObject\",\"inLanguage\":\"fi\",\"@id\":\"https:\\\/\\\/naturalpoland.com\\\/fi\\\/#\\\/schema\\\/logo\\\/image\\\/\",\"url\":\"https:\\\/\\\/naturalpoland.com\\\/wp-content\\\/uploads\\\/2021\\\/05\\\/natural-poland-icon.png\",\"contentUrl\":\"https:\\\/\\\/naturalpoland.com\\\/wp-content\\\/uploads\\\/2021\\\/05\\\/natural-poland-icon.png\",\"width\":512,\"height\":512,\"caption\":\"Natural Poland\"},\"image\":{\"@id\":\"https:\\\/\\\/naturalpoland.com\\\/fi\\\/#\\\/schema\\\/logo\\\/image\\\/\"},\"sameAs\":[\"https:\\\/\\\/www.facebook.com\\\/naturalpoland.b2b\",\"https:\\\/\\\/pl.linkedin.com\\\/company\\\/natural-poland\",\"https:\\\/\\\/www.youtube.com\\\/channel\\\/UCgeGGkvOMahZo-xu_MSEWxg\"]}]}<\/script>\n<!-- \/ Yoast SEO plugin. -->","yoast_head_json":{"title":"Tulsi-uute - Raaka-aineiden tukkukauppias NATURAL POLAND - RAAKA-AINEIDEN TUKKUJAKELIJA","description":"Tulsi (Ocimum Tenuiflorum) -uute, joka tunnetaan my\u00f6s nimell\u00e4 pyh\u00e4 basilika, on korkealaatuinen kasviaine, joka on uutettu t\u00e4m\u00e4n l\u00e4\u00e4kekasvin lehdist\u00e4.","robots":{"index":"index","follow":"follow","max-snippet":"max-snippet:-1","max-image-preview":"max-image-preview:large","max-video-preview":"max-video-preview:-1"},"canonical":"https:\/\/naturalpoland.com\/fi\/tuotteet\/kasviuutteet\/ekstrakt-z-tulsi\/","og_locale":"fi_FI","og_type":"article","og_title":"Tulsi-uute - Raaka-aineiden tukkukauppias NATURAL POLAND - RAAKA-AINEIDEN TUKKUJAKELIJA","og_description":"Tulsi (Ocimum Tenuiflorum) -uute, joka tunnetaan my\u00f6s nimell\u00e4 pyh\u00e4 basilika, on korkealaatuinen kasviaine, joka on uutettu t\u00e4m\u00e4n l\u00e4\u00e4kekasvin lehdist\u00e4.","og_url":"https:\/\/naturalpoland.com\/fi\/tuotteet\/kasviuutteet\/ekstrakt-z-tulsi\/","og_site_name":"NATURAL POLAND - RAAKA-AINEIDEN TUKKUJAKELIJA","article_publisher":"https:\/\/www.facebook.com\/naturalpoland.b2b","og_image":[{"width":592,"height":592,"url":"https:\/\/naturalpoland.com\/wp-content\/uploads\/ekstrakt-z-tulsi.webp","type":"image\/webp"}],"schema":{"@context":"https:\/\/schema.org","@graph":[{"@type":"WebPage","@id":"https:\/\/naturalpoland.com\/fi\/tuotteet\/kasviuutteet\/ekstrakt-z-tulsi\/","url":"https:\/\/naturalpoland.com\/fi\/tuotteet\/kasviuutteet\/ekstrakt-z-tulsi\/","name":"Tulsi-uute - Raaka-aineiden tukkukauppias NATURAL POLAND - RAAKA-AINEIDEN TUKKUJAKELIJA","isPartOf":{"@id":"https:\/\/naturalpoland.com\/fi\/#website"},"primaryImageOfPage":{"@id":"https:\/\/naturalpoland.com\/fi\/tuotteet\/kasviuutteet\/ekstrakt-z-tulsi\/#primaryimage"},"image":{"@id":"https:\/\/naturalpoland.com\/fi\/tuotteet\/kasviuutteet\/ekstrakt-z-tulsi\/#primaryimage"},"thumbnailUrl":"https:\/\/naturalpoland.com\/wp-content\/uploads\/ekstrakt-z-tulsi.webp","datePublished":"2025-01-16T08:58:36+00:00","description":"Tulsi (Ocimum Tenuiflorum) -uute, joka tunnetaan my\u00f6s nimell\u00e4 pyh\u00e4 basilika, on korkealaatuinen kasviaine, joka on uutettu t\u00e4m\u00e4n l\u00e4\u00e4kekasvin lehdist\u00e4.","breadcrumb":{"@id":"https:\/\/naturalpoland.com\/fi\/tuotteet\/kasviuutteet\/ekstrakt-z-tulsi\/#breadcrumb"},"inLanguage":"fi","potentialAction":[{"@type":"ReadAction","target":["https:\/\/naturalpoland.com\/fi\/tuotteet\/kasviuutteet\/ekstrakt-z-tulsi\/"]}]},{"@type":"ImageObject","inLanguage":"fi","@id":"https:\/\/naturalpoland.com\/fi\/tuotteet\/kasviuutteet\/ekstrakt-z-tulsi\/#primaryimage","url":"https:\/\/naturalpoland.com\/wp-content\/uploads\/ekstrakt-z-tulsi.webp","contentUrl":"https:\/\/naturalpoland.com\/wp-content\/uploads\/ekstrakt-z-tulsi.webp","width":592,"height":592,"caption":"Ekstrakt z Tulsi"},{"@type":"BreadcrumbList","@id":"https:\/\/naturalpoland.com\/fi\/tuotteet\/kasviuutteet\/ekstrakt-z-tulsi\/#breadcrumb","itemListElement":[{"@type":"ListItem","position":1,"name":"Etusivu","item":"https:\/\/naturalpoland.com\/fi\/"},{"@type":"ListItem","position":2,"name":"Tuotteet","item":"https:\/\/naturalpoland.com\/fi\/tuotteet\/"},{"@type":"ListItem","position":3,"name":"Tulsi-uute"}]},{"@type":"WebSite","@id":"https:\/\/naturalpoland.com\/fi\/#website","url":"https:\/\/naturalpoland.com\/fi\/","name":"NATURAL POLAND - RAAKA-AINEIDEN TUKKUJAKELIJA","description":"Surowce dla przemys\u0142u spo\u017cywczego, kosmetycznego i farmaceutycznego","publisher":{"@id":"https:\/\/naturalpoland.com\/fi\/#organization"},"potentialAction":[{"@type":"SearchAction","target":{"@type":"EntryPoint","urlTemplate":"https:\/\/naturalpoland.com\/fi\/?s={search_term_string}"},"query-input":{"@type":"PropertyValueSpecification","valueRequired":true,"valueName":"search_term_string"}}],"inLanguage":"fi"},{"@type":"Organization","@id":"https:\/\/naturalpoland.com\/fi\/#organization","name":"Natural Poland","url":"https:\/\/naturalpoland.com\/fi\/","logo":{"@type":"ImageObject","inLanguage":"fi","@id":"https:\/\/naturalpoland.com\/fi\/#\/schema\/logo\/image\/","url":"https:\/\/naturalpoland.com\/wp-content\/uploads\/2021\/05\/natural-poland-icon.png","contentUrl":"https:\/\/naturalpoland.com\/wp-content\/uploads\/2021\/05\/natural-poland-icon.png","width":512,"height":512,"caption":"Natural Poland"},"image":{"@id":"https:\/\/naturalpoland.com\/fi\/#\/schema\/logo\/image\/"},"sameAs":["https:\/\/www.facebook.com\/naturalpoland.b2b","https:\/\/pl.linkedin.com\/company\/natural-poland","https:\/\/www.youtube.com\/channel\/UCgeGGkvOMahZo-xu_MSEWxg"]}]}},"_links":{"self":[{"href":"https:\/\/naturalpoland.com\/fi\/wp-json\/wp\/v2\/product\/38717","targetHints":{"allow":["GET"]}}],"collection":[{"href":"https:\/\/naturalpoland.com\/fi\/wp-json\/wp\/v2\/product"}],"about":[{"href":"https:\/\/naturalpoland.com\/fi\/wp-json\/wp\/v2\/types\/product"}],"wp:featuredmedia":[{"embeddable":true,"href":"https:\/\/naturalpoland.com\/fi\/wp-json\/wp\/v2\/media\/38663"}],"wp:attachment":[{"href":"https:\/\/naturalpoland.com\/fi\/wp-json\/wp\/v2\/media?parent=38717"}],"wp:term":[{"taxonomy":"product_brand","embeddable":true,"href":"https:\/\/naturalpoland.com\/fi\/wp-json\/wp\/v2\/product_brand?post=38717"},{"taxonomy":"product_cat","embeddable":true,"href":"https:\/\/naturalpoland.com\/fi\/wp-json\/wp\/v2\/product_cat?post=38717"},{"taxonomy":"product_tag","embeddable":true,"href":"https:\/\/naturalpoland.com\/fi\/wp-json\/wp\/v2\/product_tag?post=38717"}],"curies":[{"name":"wp","href":"https:\/\/api.w.org\/{rel}","templated":true}]}}