{"id":38971,"date":"2025-01-27T14:14:32","date_gmt":"2025-01-28T14:39:57","guid":{"rendered":"https:\/\/naturalpoland.com\/produkty\/Ei-luokiteltu\/benfotiamiini\/"},"modified":"2025-01-28T15:39:57","modified_gmt":"2025-01-28T14:39:57","slug":"benfotiamiini","status":"publish","type":"product","link":"https:\/\/naturalpoland.com\/fi\/tuotteet\/laaketeollisuuden-tuotteet\/vitamiinit\/benfotiamiini\/","title":{"rendered":"Benfotiamiini"},"content":{"rendered":"<h2>Benfotiamiinin terveysominaisuudet<\/h2>\n<p>Benfotiamiini tukee hermosolujen aineenvaihduntaa ja auttaa suojaamaan hermostoa vaurioilta. Se aktivoi energia-aineenvaihduntaan osallistuvia entsyymej\u00e4 (mukaan lukien pyruvaattidehydrogenaasi), mik\u00e4 auttaa hajottamaan glukoosia ja tuottamaan energiaa soluissa. T\u00e4m\u00e4 tuote on eritt\u00e4in tehokas v\u00e4hent\u00e4m\u00e4\u00e4n ylim\u00e4\u00e4r\u00e4isen glukoosin vaikutuksia elimist\u00f6ss\u00e4, mik\u00e4 auttaa diabeteksen hoidossa ja ehk\u00e4isyss\u00e4. Benfotiamiini suojaa antioksidanttisten ominaisuuksiensa ansiosta elimist\u00f6\u00e4 oksidatiiviselta stressilt\u00e4, mik\u00e4 v\u00e4hent\u00e4\u00e4 vapaiden radikaalien aiheuttamien soluvaurioiden riski\u00e4. Sill\u00e4 on my\u00f6s anti-inflammatorisia vaikutuksia, mik\u00e4 on t\u00e4rke\u00e4\u00e4 kroonisten sairauksien, kuten diabeettisen retinopatian, nefropatian ja neuropatian, hoidossa. Tutkimusten mukaan benfotiamiinilis\u00e4 tukee syd\u00e4men terveytt\u00e4, v\u00e4hent\u00e4\u00e4 ateroskleroosin riski\u00e4 ja parantaa kognitiivisia toimintoja.  <\/p>\n<h2>Benfotiamiinin k\u00e4ytt\u00f6<\/h2>\n<p>Benfotiamiinia suositellaan diabeettisen neuropatian, metabolisen oireyhtym\u00e4n ja hermoston sairauksien kanssa kamppailevien ihmisten ravintolis\u00e4ksi. Se on my\u00f6s tehokas tiamiinin puutteen korvaamisessa dialyysihoidossa olevilla, stressin alaisena el\u00e4vill\u00e4 ja v\u00e4h\u00e4kalorista ruokavaliota noudattavilla henkil\u00f6ill\u00e4. Sit\u00e4 k\u00e4ytet\u00e4\u00e4n my\u00f6s ateroskleroosin ehk\u00e4isyyn ja munuaisten suojaamiseen liiallisen glukoosin haitallisilta vaikutuksilta.  <\/p>\n","protected":false},"excerpt":{"rendered":"<p>Benfotiamiini on tiamiinin synteettinen johdannainen (<a href=\"https:\/\/naturalpoland.com\/produkty\/produkty-dla-przemyslu-farmaceutycznego-i-medycznego\/witaminy\/witamina-b1\/\"><strong>B1-vitamiini<\/strong><\/a>). Se on eritt\u00e4in hyvin biologisesti hy\u00f6dynnett\u00e4viss\u00e4 ja rasvaliukoinen. Sille on ominaista sen suotuisa vaikutus hermostoon ja verenkiertoelimist\u00f6\u00f6n.  <\/p>\n","protected":false},"featured_media":38915,"template":"","meta":{"_acf_changed":false},"product_brand":[],"product_cat":[537],"product_tag":[],"class_list":{"0":"post-38971","1":"product","2":"type-product","3":"status-publish","4":"has-post-thumbnail","6":"product_cat-vitamiinit","7":"pa_skladnik-aktywny-benfotiamiini","9":"first","10":"instock","11":"shipping-taxable","12":"product-type-simple"},"acf":[],"yoast_head":"<!-- This site is optimized with the Yoast SEO plugin v27.5 - https:\/\/yoast.com\/product\/yoast-seo-wordpress\/ -->\n<title>Benfotiamiini - Raaka-aineiden tukkukauppias<\/title>\n<meta name=\"description\" content=\"Benfotiamiini on edistyksellinen lis\u00e4ravinne, joka tukee aineenvaihdunnan, neurologian ja verenkierron terveytt\u00e4. Se on tiamiinin (B1-vitamiini) synteettinen johdannainen.\" \/>\n<meta name=\"robots\" content=\"index, follow, max-snippet:-1, max-image-preview:large, max-video-preview:-1\" \/>\n<link rel=\"canonical\" href=\"https:\/\/naturalpoland.com\/fi\/tuotteet\/laaketeollisuuden-tuotteet\/vitamiinit\/benfotiamiini\/\" \/>\n<meta property=\"og:locale\" content=\"fi_FI\" \/>\n<meta property=\"og:type\" content=\"article\" \/>\n<meta property=\"og:title\" content=\"Benfotiamiini - Raaka-aineiden tukkukauppias\" \/>\n<meta property=\"og:description\" content=\"Benfotiamiini on edistyksellinen lis\u00e4ravinne, joka tukee aineenvaihdunnan, neurologian ja verenkierron terveytt\u00e4. Se on tiamiinin (B1-vitamiini) synteettinen johdannainen.\" \/>\n<meta property=\"og:url\" content=\"https:\/\/naturalpoland.com\/fi\/tuotteet\/laaketeollisuuden-tuotteet\/vitamiinit\/benfotiamiini\/\" \/>\n<meta property=\"og:site_name\" content=\"NATURAL POLAND - RAAKA-AINEIDEN TUKKUJAKELIJA\" \/>\n<meta property=\"article:publisher\" content=\"https:\/\/www.facebook.com\/naturalpoland.b2b\" \/>\n<meta property=\"og:image\" content=\"https:\/\/naturalpoland.com\/wp-content\/uploads\/benfotiamina.webp\" \/>\n\t<meta property=\"og:image:width\" content=\"590\" \/>\n\t<meta property=\"og:image:height\" content=\"590\" \/>\n\t<meta property=\"og:image:type\" content=\"image\/webp\" \/>\n<script type=\"application\/ld+json\" class=\"yoast-schema-graph\">{\"@context\":\"https:\\\/\\\/schema.org\",\"@graph\":[{\"@type\":\"WebPage\",\"@id\":\"https:\\\/\\\/naturalpoland.com\\\/fi\\\/tuotteet\\\/laaketeollisuuden-tuotteet\\\/vitamiinit\\\/benfotiamiini\\\/\",\"url\":\"https:\\\/\\\/naturalpoland.com\\\/fi\\\/tuotteet\\\/laaketeollisuuden-tuotteet\\\/vitamiinit\\\/benfotiamiini\\\/\",\"name\":\"Benfotiamiini - Raaka-aineiden tukkukauppias\",\"isPartOf\":{\"@id\":\"https:\\\/\\\/naturalpoland.com\\\/fi\\\/#website\"},\"primaryImageOfPage\":{\"@id\":\"https:\\\/\\\/naturalpoland.com\\\/fi\\\/tuotteet\\\/laaketeollisuuden-tuotteet\\\/vitamiinit\\\/benfotiamiini\\\/#primaryimage\"},\"image\":{\"@id\":\"https:\\\/\\\/naturalpoland.com\\\/fi\\\/tuotteet\\\/laaketeollisuuden-tuotteet\\\/vitamiinit\\\/benfotiamiini\\\/#primaryimage\"},\"thumbnailUrl\":\"https:\\\/\\\/naturalpoland.com\\\/wp-content\\\/uploads\\\/benfotiamina.webp\",\"datePublished\":\"2025-01-28T14:39:57+00:00\",\"description\":\"Benfotiamiini on edistyksellinen lis\u00e4ravinne, joka tukee aineenvaihdunnan, neurologian ja verenkierron terveytt\u00e4. Se on tiamiinin (B1-vitamiini) synteettinen johdannainen.\",\"breadcrumb\":{\"@id\":\"https:\\\/\\\/naturalpoland.com\\\/fi\\\/tuotteet\\\/laaketeollisuuden-tuotteet\\\/vitamiinit\\\/benfotiamiini\\\/#breadcrumb\"},\"inLanguage\":\"fi\",\"potentialAction\":[{\"@type\":\"ReadAction\",\"target\":[\"https:\\\/\\\/naturalpoland.com\\\/fi\\\/tuotteet\\\/laaketeollisuuden-tuotteet\\\/vitamiinit\\\/benfotiamiini\\\/\"]}]},{\"@type\":\"ImageObject\",\"inLanguage\":\"fi\",\"@id\":\"https:\\\/\\\/naturalpoland.com\\\/fi\\\/tuotteet\\\/laaketeollisuuden-tuotteet\\\/vitamiinit\\\/benfotiamiini\\\/#primaryimage\",\"url\":\"https:\\\/\\\/naturalpoland.com\\\/wp-content\\\/uploads\\\/benfotiamina.webp\",\"contentUrl\":\"https:\\\/\\\/naturalpoland.com\\\/wp-content\\\/uploads\\\/benfotiamina.webp\",\"width\":590,\"height\":590,\"caption\":\"Benfotiamina\"},{\"@type\":\"BreadcrumbList\",\"@id\":\"https:\\\/\\\/naturalpoland.com\\\/fi\\\/tuotteet\\\/laaketeollisuuden-tuotteet\\\/vitamiinit\\\/benfotiamiini\\\/#breadcrumb\",\"itemListElement\":[{\"@type\":\"ListItem\",\"position\":1,\"name\":\"Etusivu\",\"item\":\"https:\\\/\\\/naturalpoland.com\\\/fi\\\/\"},{\"@type\":\"ListItem\",\"position\":2,\"name\":\"Tuotteet\",\"item\":\"https:\\\/\\\/naturalpoland.com\\\/fi\\\/tuotteet\\\/\"},{\"@type\":\"ListItem\",\"position\":3,\"name\":\"Benfotiamiini\"}]},{\"@type\":\"WebSite\",\"@id\":\"https:\\\/\\\/naturalpoland.com\\\/fi\\\/#website\",\"url\":\"https:\\\/\\\/naturalpoland.com\\\/fi\\\/\",\"name\":\"NATURAL POLAND - RAAKA-AINEIDEN TUKKUJAKELIJA\",\"description\":\"Surowce dla przemys\u0142u spo\u017cywczego, kosmetycznego i farmaceutycznego\",\"publisher\":{\"@id\":\"https:\\\/\\\/naturalpoland.com\\\/fi\\\/#organization\"},\"potentialAction\":[{\"@type\":\"SearchAction\",\"target\":{\"@type\":\"EntryPoint\",\"urlTemplate\":\"https:\\\/\\\/naturalpoland.com\\\/fi\\\/?s={search_term_string}\"},\"query-input\":{\"@type\":\"PropertyValueSpecification\",\"valueRequired\":true,\"valueName\":\"search_term_string\"}}],\"inLanguage\":\"fi\"},{\"@type\":\"Organization\",\"@id\":\"https:\\\/\\\/naturalpoland.com\\\/fi\\\/#organization\",\"name\":\"Natural Poland\",\"url\":\"https:\\\/\\\/naturalpoland.com\\\/fi\\\/\",\"logo\":{\"@type\":\"ImageObject\",\"inLanguage\":\"fi\",\"@id\":\"https:\\\/\\\/naturalpoland.com\\\/fi\\\/#\\\/schema\\\/logo\\\/image\\\/\",\"url\":\"https:\\\/\\\/naturalpoland.com\\\/wp-content\\\/uploads\\\/2021\\\/05\\\/natural-poland-icon.png\",\"contentUrl\":\"https:\\\/\\\/naturalpoland.com\\\/wp-content\\\/uploads\\\/2021\\\/05\\\/natural-poland-icon.png\",\"width\":512,\"height\":512,\"caption\":\"Natural Poland\"},\"image\":{\"@id\":\"https:\\\/\\\/naturalpoland.com\\\/fi\\\/#\\\/schema\\\/logo\\\/image\\\/\"},\"sameAs\":[\"https:\\\/\\\/www.facebook.com\\\/naturalpoland.b2b\",\"https:\\\/\\\/pl.linkedin.com\\\/company\\\/natural-poland\",\"https:\\\/\\\/www.youtube.com\\\/channel\\\/UCgeGGkvOMahZo-xu_MSEWxg\"]}]}<\/script>\n<!-- \/ Yoast SEO plugin. -->","yoast_head_json":{"title":"Benfotiamiini - Raaka-aineiden tukkukauppias","description":"Benfotiamiini on edistyksellinen lis\u00e4ravinne, joka tukee aineenvaihdunnan, neurologian ja verenkierron terveytt\u00e4. Se on tiamiinin (B1-vitamiini) synteettinen johdannainen.","robots":{"index":"index","follow":"follow","max-snippet":"max-snippet:-1","max-image-preview":"max-image-preview:large","max-video-preview":"max-video-preview:-1"},"canonical":"https:\/\/naturalpoland.com\/fi\/tuotteet\/laaketeollisuuden-tuotteet\/vitamiinit\/benfotiamiini\/","og_locale":"fi_FI","og_type":"article","og_title":"Benfotiamiini - Raaka-aineiden tukkukauppias","og_description":"Benfotiamiini on edistyksellinen lis\u00e4ravinne, joka tukee aineenvaihdunnan, neurologian ja verenkierron terveytt\u00e4. Se on tiamiinin (B1-vitamiini) synteettinen johdannainen.","og_url":"https:\/\/naturalpoland.com\/fi\/tuotteet\/laaketeollisuuden-tuotteet\/vitamiinit\/benfotiamiini\/","og_site_name":"NATURAL POLAND - RAAKA-AINEIDEN TUKKUJAKELIJA","article_publisher":"https:\/\/www.facebook.com\/naturalpoland.b2b","og_image":[{"width":590,"height":590,"url":"https:\/\/naturalpoland.com\/wp-content\/uploads\/benfotiamina.webp","type":"image\/webp"}],"schema":{"@context":"https:\/\/schema.org","@graph":[{"@type":"WebPage","@id":"https:\/\/naturalpoland.com\/fi\/tuotteet\/laaketeollisuuden-tuotteet\/vitamiinit\/benfotiamiini\/","url":"https:\/\/naturalpoland.com\/fi\/tuotteet\/laaketeollisuuden-tuotteet\/vitamiinit\/benfotiamiini\/","name":"Benfotiamiini - Raaka-aineiden tukkukauppias","isPartOf":{"@id":"https:\/\/naturalpoland.com\/fi\/#website"},"primaryImageOfPage":{"@id":"https:\/\/naturalpoland.com\/fi\/tuotteet\/laaketeollisuuden-tuotteet\/vitamiinit\/benfotiamiini\/#primaryimage"},"image":{"@id":"https:\/\/naturalpoland.com\/fi\/tuotteet\/laaketeollisuuden-tuotteet\/vitamiinit\/benfotiamiini\/#primaryimage"},"thumbnailUrl":"https:\/\/naturalpoland.com\/wp-content\/uploads\/benfotiamina.webp","datePublished":"2025-01-28T14:39:57+00:00","description":"Benfotiamiini on edistyksellinen lis\u00e4ravinne, joka tukee aineenvaihdunnan, neurologian ja verenkierron terveytt\u00e4. Se on tiamiinin (B1-vitamiini) synteettinen johdannainen.","breadcrumb":{"@id":"https:\/\/naturalpoland.com\/fi\/tuotteet\/laaketeollisuuden-tuotteet\/vitamiinit\/benfotiamiini\/#breadcrumb"},"inLanguage":"fi","potentialAction":[{"@type":"ReadAction","target":["https:\/\/naturalpoland.com\/fi\/tuotteet\/laaketeollisuuden-tuotteet\/vitamiinit\/benfotiamiini\/"]}]},{"@type":"ImageObject","inLanguage":"fi","@id":"https:\/\/naturalpoland.com\/fi\/tuotteet\/laaketeollisuuden-tuotteet\/vitamiinit\/benfotiamiini\/#primaryimage","url":"https:\/\/naturalpoland.com\/wp-content\/uploads\/benfotiamina.webp","contentUrl":"https:\/\/naturalpoland.com\/wp-content\/uploads\/benfotiamina.webp","width":590,"height":590,"caption":"Benfotiamina"},{"@type":"BreadcrumbList","@id":"https:\/\/naturalpoland.com\/fi\/tuotteet\/laaketeollisuuden-tuotteet\/vitamiinit\/benfotiamiini\/#breadcrumb","itemListElement":[{"@type":"ListItem","position":1,"name":"Etusivu","item":"https:\/\/naturalpoland.com\/fi\/"},{"@type":"ListItem","position":2,"name":"Tuotteet","item":"https:\/\/naturalpoland.com\/fi\/tuotteet\/"},{"@type":"ListItem","position":3,"name":"Benfotiamiini"}]},{"@type":"WebSite","@id":"https:\/\/naturalpoland.com\/fi\/#website","url":"https:\/\/naturalpoland.com\/fi\/","name":"NATURAL POLAND - RAAKA-AINEIDEN TUKKUJAKELIJA","description":"Surowce dla przemys\u0142u spo\u017cywczego, kosmetycznego i farmaceutycznego","publisher":{"@id":"https:\/\/naturalpoland.com\/fi\/#organization"},"potentialAction":[{"@type":"SearchAction","target":{"@type":"EntryPoint","urlTemplate":"https:\/\/naturalpoland.com\/fi\/?s={search_term_string}"},"query-input":{"@type":"PropertyValueSpecification","valueRequired":true,"valueName":"search_term_string"}}],"inLanguage":"fi"},{"@type":"Organization","@id":"https:\/\/naturalpoland.com\/fi\/#organization","name":"Natural Poland","url":"https:\/\/naturalpoland.com\/fi\/","logo":{"@type":"ImageObject","inLanguage":"fi","@id":"https:\/\/naturalpoland.com\/fi\/#\/schema\/logo\/image\/","url":"https:\/\/naturalpoland.com\/wp-content\/uploads\/2021\/05\/natural-poland-icon.png","contentUrl":"https:\/\/naturalpoland.com\/wp-content\/uploads\/2021\/05\/natural-poland-icon.png","width":512,"height":512,"caption":"Natural Poland"},"image":{"@id":"https:\/\/naturalpoland.com\/fi\/#\/schema\/logo\/image\/"},"sameAs":["https:\/\/www.facebook.com\/naturalpoland.b2b","https:\/\/pl.linkedin.com\/company\/natural-poland","https:\/\/www.youtube.com\/channel\/UCgeGGkvOMahZo-xu_MSEWxg"]}]}},"_links":{"self":[{"href":"https:\/\/naturalpoland.com\/fi\/wp-json\/wp\/v2\/product\/38971","targetHints":{"allow":["GET"]}}],"collection":[{"href":"https:\/\/naturalpoland.com\/fi\/wp-json\/wp\/v2\/product"}],"about":[{"href":"https:\/\/naturalpoland.com\/fi\/wp-json\/wp\/v2\/types\/product"}],"wp:featuredmedia":[{"embeddable":true,"href":"https:\/\/naturalpoland.com\/fi\/wp-json\/wp\/v2\/media\/38915"}],"wp:attachment":[{"href":"https:\/\/naturalpoland.com\/fi\/wp-json\/wp\/v2\/media?parent=38971"}],"wp:term":[{"taxonomy":"product_brand","embeddable":true,"href":"https:\/\/naturalpoland.com\/fi\/wp-json\/wp\/v2\/product_brand?post=38971"},{"taxonomy":"product_cat","embeddable":true,"href":"https:\/\/naturalpoland.com\/fi\/wp-json\/wp\/v2\/product_cat?post=38971"},{"taxonomy":"product_tag","embeddable":true,"href":"https:\/\/naturalpoland.com\/fi\/wp-json\/wp\/v2\/product_tag?post=38971"}],"curies":[{"name":"wp","href":"https:\/\/api.w.org\/{rel}","templated":true}]}}