{"id":38990,"date":"2025-01-30T12:06:58","date_gmt":"2025-01-30T13:14:56","guid":{"rendered":"https:\/\/naturalpoland.com\/produkty\/Ei-luokiteltu\/maapahkinaoljy\/"},"modified":"2025-01-30T14:14:56","modified_gmt":"2025-01-30T13:14:56","slug":"maapahkinaoljy","status":"publish","type":"product","link":"https:\/\/naturalpoland.com\/fi\/tuotteet\/ruokaoljyt-ja-kosmeettiset-oljyt\/maapahkinaoljy\/","title":{"rendered":"Maap\u00e4hkin\u00e4\u00f6ljy"},"content":{"rendered":"<h2>Maap\u00e4hkin\u00e4\u00f6ljyn ominaisuudet<\/h2>\n<p>Maap\u00e4hkin\u00e4\u00f6ljylle on ominaista vaalean keltainen-kultainen v\u00e4ri, joka riippuu puristusmenetelm\u00e4st\u00e4 ja \u00f6ljyn puhdistusasteesta. \u00d6ljyss\u00e4 on mieto, hieman p\u00e4hkin\u00e4inen aromi, joka antaa kosmetiikkaan miellytt\u00e4v\u00e4n, luonnollisen maun. Puhdistamattoman \u00f6ljyn tuoksu on voimakkaampi, maap\u00e4hkin\u00e4lle ominainen, kun taas puhdistettu \u00f6ljy on l\u00e4hes hajuton, joten se soveltuu hajustetun kosmetiikan perustaksi. Maap\u00e4hkin\u00e4\u00f6ljyss\u00e4 on runsaasti monia rasvahappoja, joilla on suotuisia vaikutuksia ihoon ja hiuksiin, mm:  <\/p>\n<ul>\n<li>linolihappo (omega-6), jolla on uudistavia ja kosteuttavia vaikutuksia,<\/li>\n<li>\u00d6ljyhappo (Omega-9) &#8211; ravitseva ja pehment\u00e4v\u00e4 vaikutus ihoon,<\/li>\n<li>Palmitoleiinihappo &#8211; muodostaa ihon pinnalle suojakerroksen, joka est\u00e4\u00e4 veden menetyksen,<\/li>\n<li>Steariinihappo &#8211; sill\u00e4 on rauhoittava ja rauhoittava vaikutus.<\/li>\n<\/ul>\n<p>Lis\u00e4ksi maap\u00e4hkin\u00e4\u00f6ljyss\u00e4 on runsaasti <a href=\"https:\/\/naturalpoland.com\/produkty\/produkty-dla-przemyslu-farmaceutycznego-i-medycznego\/witaminy\/witamina-e\/\"><strong>E-vitamiinia<\/strong><\/a>, joka on voimakas antioksidantti, joka suojaa soluja vapailta radikaaleilta ja hidastaa ik\u00e4\u00e4ntymisprosessia.<\/p>\n<h2>Maap\u00e4hkin\u00e4\u00f6ljyn ominaisuudet<\/h2>\n<p>\u00d6ljyll\u00e4 on poikkeukselliset hoito-ominaisuudet <strong>kuivalle ja kyps\u00e4lle iholle<\/strong>. Korkean rasvahappopitoisuutensa ansiosta \u00f6ljy edist\u00e4\u00e4 ihon uudistumista, parantaa sen kimmoisuutta ja v\u00e4hent\u00e4\u00e4 ik\u00e4\u00e4ntymisen merkkej\u00e4. Tulehdusta ehk\u00e4isevien ja rauhoittavien ominaisuuksiensa ansiosta se soveltuu k\u00e4ytett\u00e4v\u00e4ksi <strong>herk\u00e4n<\/strong>, \u00e4rsytykselle alttiin ja ongelmallisen ihon hoitotuotteissa, mukaan lukien aknen ja ekseeman hoito. Maap\u00e4hkin\u00e4\u00f6ljy on my\u00f6s arvostettu ainesosa <strong>hiuskosmetiikassa<\/strong>. Tuote vahvistaa tehokkaasti hiusten rakennetta, parantaa niiden kimmoisuutta ja ehk\u00e4isee hiusten katkeilua ja kuivumista. <strong>Hiuspohjan hoitotuotteissa<\/strong> sill\u00e4 on rauhoittavia ominaisuuksia, jotka lievitt\u00e4v\u00e4t \u00e4rsytyst\u00e4 ja tukevat hiustuppien terveytt\u00e4. Sit\u00e4 k\u00e4ytet\u00e4\u00e4n mielell\u00e4\u00e4n my\u00f6s <strong>hieronta\u00f6ljyiss\u00e4<\/strong>, sill\u00e4 se antaa iholle pehmeytt\u00e4 ja kimmoisuutta ja auttaa samalla uudistamaan sit\u00e4. <\/p>\n<h2>Hakemus<\/h2>\n<p>Maap\u00e4hkin\u00e4\u00f6ljy sekoittuu hyvin muiden aktiivisten ainesosien kanssa, ja siksi se on suosittu lis\u00e4 moniin kosmetiikkatuotteisiin. Sit\u00e4 l\u00f6ytyy formulaatiosta: <\/p>\n<ul>\n<li>voiteet,<\/li>\n<li>voiteet,<\/li>\n<li>puhdistusemulsiot,<\/li>\n<li>hiustenhoitoaineet,<\/li>\n<li>vartalo\u00f6ljyt,<\/li>\n<li>kosmetiikka herk\u00e4lle ja \u00e4rtyneelle iholle,<\/li>\n<li>tuotteita, jotka suojaavat ihoa ulkoisten tekij\u00f6iden, kuten UV-s\u00e4teilyn tai ymp\u00e4rist\u00f6n ep\u00e4puhtauksien, haittavaikutuksilta.<\/li>\n<\/ul>\n<h2>Turvallisuus<\/h2>\n<p>Vaikka maap\u00e4hkin\u00e4\u00f6ljy on turvallinen kosmetiikkak\u00e4ytt\u00f6\u00f6n, Euroopan unionissa on tiukat m\u00e4\u00e4r\u00e4ykset sen pitoisuudesta tuotteissa. Maap\u00e4hkin\u00e4proteiiniin liittyv\u00e4n mahdollisen allergiariskin vuoksi sen<strong> enimm\u00e4ispitoisuus kosmetiikassa on rajoitettu 0,5 ppm:\u00e4\u00e4n<\/strong>. Maap\u00e4hkin\u00e4\u00f6ljy\u00e4 sis\u00e4lt\u00e4vien tuotteiden on t\u00e4ytett\u00e4v\u00e4 n\u00e4m\u00e4 tiukat vaatimukset.  <\/p>\n","protected":false},"excerpt":{"rendered":"<p><strong>maap\u00e4hkin\u00e4\u00f6ljy<\/strong> (<em><strong>Arachis Hypogaea Oil)<\/strong><\/em>) uutetaan kylm\u00e4puristamalla maap\u00e4hkin\u00f6it\u00e4. Sit\u00e4 k\u00e4ytet\u00e4\u00e4n kosmetiikkatuotteissa, joilla on kosteuttavia, suojaavia ja uudistavia vaikutuksia. <\/p>\n","protected":false},"featured_media":38980,"template":"","meta":{"_acf_changed":false},"product_brand":[],"product_cat":[531],"product_tag":[7526],"class_list":{"0":"post-38990","1":"product","2":"type-product","3":"status-publish","4":"has-post-thumbnail","6":"product_cat-ruokaoljyt-ja-kosmeettiset-oljyt","7":"product_tag-pahkinaoljy","9":"first","10":"instock","11":"shipping-taxable","12":"product-type-simple"},"acf":[],"yoast_head":"<!-- This site is optimized with the Yoast SEO plugin v27.5 - https:\/\/yoast.com\/product\/yoast-seo-wordpress\/ -->\n<title>Maap\u00e4hkin\u00e4\u00f6ljy - Tukkukauppias<\/title>\n<meta name=\"description\" content=\"Maap\u00e4hkin\u00e4\u00f6ljy, joka tunnetaan my\u00f6s nimell\u00e4 Arachis Hypogaea Oil, on kosmetiikan raaka-aine, jota saadaan kylm\u00e4puristamalla maap\u00e4hkin\u00f6it\u00e4.\" \/>\n<meta name=\"robots\" content=\"index, follow, max-snippet:-1, max-image-preview:large, max-video-preview:-1\" \/>\n<link rel=\"canonical\" href=\"https:\/\/naturalpoland.com\/fi\/tuotteet\/ruokaoljyt-ja-kosmeettiset-oljyt\/maapahkinaoljy\/\" \/>\n<meta property=\"og:locale\" content=\"fi_FI\" \/>\n<meta property=\"og:type\" content=\"article\" \/>\n<meta property=\"og:title\" content=\"Maap\u00e4hkin\u00e4\u00f6ljy - Tukkukauppias\" \/>\n<meta property=\"og:description\" content=\"Maap\u00e4hkin\u00e4\u00f6ljy, joka tunnetaan my\u00f6s nimell\u00e4 Arachis Hypogaea Oil, on kosmetiikan raaka-aine, jota saadaan kylm\u00e4puristamalla maap\u00e4hkin\u00f6it\u00e4.\" \/>\n<meta property=\"og:url\" content=\"https:\/\/naturalpoland.com\/fi\/tuotteet\/ruokaoljyt-ja-kosmeettiset-oljyt\/maapahkinaoljy\/\" \/>\n<meta property=\"og:site_name\" content=\"NATURAL POLAND - RAAKA-AINEIDEN TUKKUJAKELIJA\" \/>\n<meta property=\"article:publisher\" content=\"https:\/\/www.facebook.com\/naturalpoland.b2b\" \/>\n<meta property=\"og:image\" content=\"https:\/\/naturalpoland.com\/wp-content\/uploads\/olej-arachidowy.webp\" \/>\n\t<meta property=\"og:image:width\" content=\"597\" \/>\n\t<meta property=\"og:image:height\" content=\"597\" \/>\n\t<meta property=\"og:image:type\" content=\"image\/webp\" \/>\n<script type=\"application\/ld+json\" class=\"yoast-schema-graph\">{\"@context\":\"https:\\\/\\\/schema.org\",\"@graph\":[{\"@type\":\"WebPage\",\"@id\":\"https:\\\/\\\/naturalpoland.com\\\/fi\\\/tuotteet\\\/ruokaoljyt-ja-kosmeettiset-oljyt\\\/maapahkinaoljy\\\/\",\"url\":\"https:\\\/\\\/naturalpoland.com\\\/fi\\\/tuotteet\\\/ruokaoljyt-ja-kosmeettiset-oljyt\\\/maapahkinaoljy\\\/\",\"name\":\"Maap\u00e4hkin\u00e4\u00f6ljy - Tukkukauppias\",\"isPartOf\":{\"@id\":\"https:\\\/\\\/naturalpoland.com\\\/fi\\\/#website\"},\"primaryImageOfPage\":{\"@id\":\"https:\\\/\\\/naturalpoland.com\\\/fi\\\/tuotteet\\\/ruokaoljyt-ja-kosmeettiset-oljyt\\\/maapahkinaoljy\\\/#primaryimage\"},\"image\":{\"@id\":\"https:\\\/\\\/naturalpoland.com\\\/fi\\\/tuotteet\\\/ruokaoljyt-ja-kosmeettiset-oljyt\\\/maapahkinaoljy\\\/#primaryimage\"},\"thumbnailUrl\":\"https:\\\/\\\/naturalpoland.com\\\/wp-content\\\/uploads\\\/olej-arachidowy.webp\",\"datePublished\":\"2025-01-30T13:14:56+00:00\",\"description\":\"Maap\u00e4hkin\u00e4\u00f6ljy, joka tunnetaan my\u00f6s nimell\u00e4 Arachis Hypogaea Oil, on kosmetiikan raaka-aine, jota saadaan kylm\u00e4puristamalla maap\u00e4hkin\u00f6it\u00e4.\",\"breadcrumb\":{\"@id\":\"https:\\\/\\\/naturalpoland.com\\\/fi\\\/tuotteet\\\/ruokaoljyt-ja-kosmeettiset-oljyt\\\/maapahkinaoljy\\\/#breadcrumb\"},\"inLanguage\":\"fi\",\"potentialAction\":[{\"@type\":\"ReadAction\",\"target\":[\"https:\\\/\\\/naturalpoland.com\\\/fi\\\/tuotteet\\\/ruokaoljyt-ja-kosmeettiset-oljyt\\\/maapahkinaoljy\\\/\"]}]},{\"@type\":\"ImageObject\",\"inLanguage\":\"fi\",\"@id\":\"https:\\\/\\\/naturalpoland.com\\\/fi\\\/tuotteet\\\/ruokaoljyt-ja-kosmeettiset-oljyt\\\/maapahkinaoljy\\\/#primaryimage\",\"url\":\"https:\\\/\\\/naturalpoland.com\\\/wp-content\\\/uploads\\\/olej-arachidowy.webp\",\"contentUrl\":\"https:\\\/\\\/naturalpoland.com\\\/wp-content\\\/uploads\\\/olej-arachidowy.webp\",\"width\":597,\"height\":597,\"caption\":\"Olej arachidowy\"},{\"@type\":\"BreadcrumbList\",\"@id\":\"https:\\\/\\\/naturalpoland.com\\\/fi\\\/tuotteet\\\/ruokaoljyt-ja-kosmeettiset-oljyt\\\/maapahkinaoljy\\\/#breadcrumb\",\"itemListElement\":[{\"@type\":\"ListItem\",\"position\":1,\"name\":\"Etusivu\",\"item\":\"https:\\\/\\\/naturalpoland.com\\\/fi\\\/\"},{\"@type\":\"ListItem\",\"position\":2,\"name\":\"Tuotteet\",\"item\":\"https:\\\/\\\/naturalpoland.com\\\/fi\\\/tuotteet\\\/\"},{\"@type\":\"ListItem\",\"position\":3,\"name\":\"Maap\u00e4hkin\u00e4\u00f6ljy\"}]},{\"@type\":\"WebSite\",\"@id\":\"https:\\\/\\\/naturalpoland.com\\\/fi\\\/#website\",\"url\":\"https:\\\/\\\/naturalpoland.com\\\/fi\\\/\",\"name\":\"NATURAL POLAND - RAAKA-AINEIDEN TUKKUJAKELIJA\",\"description\":\"Surowce dla przemys\u0142u spo\u017cywczego, kosmetycznego i farmaceutycznego\",\"publisher\":{\"@id\":\"https:\\\/\\\/naturalpoland.com\\\/fi\\\/#organization\"},\"potentialAction\":[{\"@type\":\"SearchAction\",\"target\":{\"@type\":\"EntryPoint\",\"urlTemplate\":\"https:\\\/\\\/naturalpoland.com\\\/fi\\\/?s={search_term_string}\"},\"query-input\":{\"@type\":\"PropertyValueSpecification\",\"valueRequired\":true,\"valueName\":\"search_term_string\"}}],\"inLanguage\":\"fi\"},{\"@type\":\"Organization\",\"@id\":\"https:\\\/\\\/naturalpoland.com\\\/fi\\\/#organization\",\"name\":\"Natural Poland\",\"url\":\"https:\\\/\\\/naturalpoland.com\\\/fi\\\/\",\"logo\":{\"@type\":\"ImageObject\",\"inLanguage\":\"fi\",\"@id\":\"https:\\\/\\\/naturalpoland.com\\\/fi\\\/#\\\/schema\\\/logo\\\/image\\\/\",\"url\":\"https:\\\/\\\/naturalpoland.com\\\/wp-content\\\/uploads\\\/2021\\\/05\\\/natural-poland-icon.png\",\"contentUrl\":\"https:\\\/\\\/naturalpoland.com\\\/wp-content\\\/uploads\\\/2021\\\/05\\\/natural-poland-icon.png\",\"width\":512,\"height\":512,\"caption\":\"Natural Poland\"},\"image\":{\"@id\":\"https:\\\/\\\/naturalpoland.com\\\/fi\\\/#\\\/schema\\\/logo\\\/image\\\/\"},\"sameAs\":[\"https:\\\/\\\/www.facebook.com\\\/naturalpoland.b2b\",\"https:\\\/\\\/pl.linkedin.com\\\/company\\\/natural-poland\",\"https:\\\/\\\/www.youtube.com\\\/channel\\\/UCgeGGkvOMahZo-xu_MSEWxg\"]}]}<\/script>\n<!-- \/ Yoast SEO plugin. -->","yoast_head_json":{"title":"Maap\u00e4hkin\u00e4\u00f6ljy - Tukkukauppias","description":"Maap\u00e4hkin\u00e4\u00f6ljy, joka tunnetaan my\u00f6s nimell\u00e4 Arachis Hypogaea Oil, on kosmetiikan raaka-aine, jota saadaan kylm\u00e4puristamalla maap\u00e4hkin\u00f6it\u00e4.","robots":{"index":"index","follow":"follow","max-snippet":"max-snippet:-1","max-image-preview":"max-image-preview:large","max-video-preview":"max-video-preview:-1"},"canonical":"https:\/\/naturalpoland.com\/fi\/tuotteet\/ruokaoljyt-ja-kosmeettiset-oljyt\/maapahkinaoljy\/","og_locale":"fi_FI","og_type":"article","og_title":"Maap\u00e4hkin\u00e4\u00f6ljy - Tukkukauppias","og_description":"Maap\u00e4hkin\u00e4\u00f6ljy, joka tunnetaan my\u00f6s nimell\u00e4 Arachis Hypogaea Oil, on kosmetiikan raaka-aine, jota saadaan kylm\u00e4puristamalla maap\u00e4hkin\u00f6it\u00e4.","og_url":"https:\/\/naturalpoland.com\/fi\/tuotteet\/ruokaoljyt-ja-kosmeettiset-oljyt\/maapahkinaoljy\/","og_site_name":"NATURAL POLAND - RAAKA-AINEIDEN TUKKUJAKELIJA","article_publisher":"https:\/\/www.facebook.com\/naturalpoland.b2b","og_image":[{"width":597,"height":597,"url":"https:\/\/naturalpoland.com\/wp-content\/uploads\/olej-arachidowy.webp","type":"image\/webp"}],"schema":{"@context":"https:\/\/schema.org","@graph":[{"@type":"WebPage","@id":"https:\/\/naturalpoland.com\/fi\/tuotteet\/ruokaoljyt-ja-kosmeettiset-oljyt\/maapahkinaoljy\/","url":"https:\/\/naturalpoland.com\/fi\/tuotteet\/ruokaoljyt-ja-kosmeettiset-oljyt\/maapahkinaoljy\/","name":"Maap\u00e4hkin\u00e4\u00f6ljy - Tukkukauppias","isPartOf":{"@id":"https:\/\/naturalpoland.com\/fi\/#website"},"primaryImageOfPage":{"@id":"https:\/\/naturalpoland.com\/fi\/tuotteet\/ruokaoljyt-ja-kosmeettiset-oljyt\/maapahkinaoljy\/#primaryimage"},"image":{"@id":"https:\/\/naturalpoland.com\/fi\/tuotteet\/ruokaoljyt-ja-kosmeettiset-oljyt\/maapahkinaoljy\/#primaryimage"},"thumbnailUrl":"https:\/\/naturalpoland.com\/wp-content\/uploads\/olej-arachidowy.webp","datePublished":"2025-01-30T13:14:56+00:00","description":"Maap\u00e4hkin\u00e4\u00f6ljy, joka tunnetaan my\u00f6s nimell\u00e4 Arachis Hypogaea Oil, on kosmetiikan raaka-aine, jota saadaan kylm\u00e4puristamalla maap\u00e4hkin\u00f6it\u00e4.","breadcrumb":{"@id":"https:\/\/naturalpoland.com\/fi\/tuotteet\/ruokaoljyt-ja-kosmeettiset-oljyt\/maapahkinaoljy\/#breadcrumb"},"inLanguage":"fi","potentialAction":[{"@type":"ReadAction","target":["https:\/\/naturalpoland.com\/fi\/tuotteet\/ruokaoljyt-ja-kosmeettiset-oljyt\/maapahkinaoljy\/"]}]},{"@type":"ImageObject","inLanguage":"fi","@id":"https:\/\/naturalpoland.com\/fi\/tuotteet\/ruokaoljyt-ja-kosmeettiset-oljyt\/maapahkinaoljy\/#primaryimage","url":"https:\/\/naturalpoland.com\/wp-content\/uploads\/olej-arachidowy.webp","contentUrl":"https:\/\/naturalpoland.com\/wp-content\/uploads\/olej-arachidowy.webp","width":597,"height":597,"caption":"Olej arachidowy"},{"@type":"BreadcrumbList","@id":"https:\/\/naturalpoland.com\/fi\/tuotteet\/ruokaoljyt-ja-kosmeettiset-oljyt\/maapahkinaoljy\/#breadcrumb","itemListElement":[{"@type":"ListItem","position":1,"name":"Etusivu","item":"https:\/\/naturalpoland.com\/fi\/"},{"@type":"ListItem","position":2,"name":"Tuotteet","item":"https:\/\/naturalpoland.com\/fi\/tuotteet\/"},{"@type":"ListItem","position":3,"name":"Maap\u00e4hkin\u00e4\u00f6ljy"}]},{"@type":"WebSite","@id":"https:\/\/naturalpoland.com\/fi\/#website","url":"https:\/\/naturalpoland.com\/fi\/","name":"NATURAL POLAND - RAAKA-AINEIDEN TUKKUJAKELIJA","description":"Surowce dla przemys\u0142u spo\u017cywczego, kosmetycznego i farmaceutycznego","publisher":{"@id":"https:\/\/naturalpoland.com\/fi\/#organization"},"potentialAction":[{"@type":"SearchAction","target":{"@type":"EntryPoint","urlTemplate":"https:\/\/naturalpoland.com\/fi\/?s={search_term_string}"},"query-input":{"@type":"PropertyValueSpecification","valueRequired":true,"valueName":"search_term_string"}}],"inLanguage":"fi"},{"@type":"Organization","@id":"https:\/\/naturalpoland.com\/fi\/#organization","name":"Natural Poland","url":"https:\/\/naturalpoland.com\/fi\/","logo":{"@type":"ImageObject","inLanguage":"fi","@id":"https:\/\/naturalpoland.com\/fi\/#\/schema\/logo\/image\/","url":"https:\/\/naturalpoland.com\/wp-content\/uploads\/2021\/05\/natural-poland-icon.png","contentUrl":"https:\/\/naturalpoland.com\/wp-content\/uploads\/2021\/05\/natural-poland-icon.png","width":512,"height":512,"caption":"Natural Poland"},"image":{"@id":"https:\/\/naturalpoland.com\/fi\/#\/schema\/logo\/image\/"},"sameAs":["https:\/\/www.facebook.com\/naturalpoland.b2b","https:\/\/pl.linkedin.com\/company\/natural-poland","https:\/\/www.youtube.com\/channel\/UCgeGGkvOMahZo-xu_MSEWxg"]}]}},"_links":{"self":[{"href":"https:\/\/naturalpoland.com\/fi\/wp-json\/wp\/v2\/product\/38990","targetHints":{"allow":["GET"]}}],"collection":[{"href":"https:\/\/naturalpoland.com\/fi\/wp-json\/wp\/v2\/product"}],"about":[{"href":"https:\/\/naturalpoland.com\/fi\/wp-json\/wp\/v2\/types\/product"}],"wp:featuredmedia":[{"embeddable":true,"href":"https:\/\/naturalpoland.com\/fi\/wp-json\/wp\/v2\/media\/38980"}],"wp:attachment":[{"href":"https:\/\/naturalpoland.com\/fi\/wp-json\/wp\/v2\/media?parent=38990"}],"wp:term":[{"taxonomy":"product_brand","embeddable":true,"href":"https:\/\/naturalpoland.com\/fi\/wp-json\/wp\/v2\/product_brand?post=38990"},{"taxonomy":"product_cat","embeddable":true,"href":"https:\/\/naturalpoland.com\/fi\/wp-json\/wp\/v2\/product_cat?post=38990"},{"taxonomy":"product_tag","embeddable":true,"href":"https:\/\/naturalpoland.com\/fi\/wp-json\/wp\/v2\/product_tag?post=38990"}],"curies":[{"name":"wp","href":"https:\/\/api.w.org\/{rel}","templated":true}]}}