{"id":39031,"date":"2025-02-04T12:08:24","date_gmt":"2025-02-04T11:36:03","guid":{"rendered":"https:\/\/naturalpoland.com\/produkty\/Ei-luokiteltu\/paahdettu-kahvipapuoljy\/"},"modified":"2025-02-04T12:36:03","modified_gmt":"2025-02-04T11:36:03","slug":"paahdettu-kahvipapuoljy","status":"publish","type":"product","link":"https:\/\/naturalpoland.com\/fi\/tuotteet\/ruokaoljyt-ja-kosmeettiset-oljyt\/paahdettu-kahvipapuoljy\/","title":{"rendered":"Paahdettu kahvipapu\u00f6ljy"},"content":{"rendered":"<h2>Paahdetun kahvi\u00f6ljyn ominaisuudet ja k\u00e4ytt\u00f6tarkoitukset<\/h2>\n<p>Iholle levitettyn\u00e4 paahdetulla kahvipapu\u00f6ljyll\u00e4 on <strong>uudistavia ja ryppyj\u00e4 ehk\u00e4isevi\u00e4 ominaisuuksia<\/strong>. Kahvin pH-taso on t\u00e4sm\u00e4lleen sama kuin ihmisen ihon, joten se auttaa pit\u00e4m\u00e4\u00e4n ihon kunnolla kosteutettuna. T\u00e4t\u00e4 tuotetta k\u00e4ytet\u00e4\u00e4n usein korkealaatuisten anti-ageing-tuotteiden koostumuksessa.  <\/p>\n<p>T\u00e4m\u00e4n \u00f6ljyn muita ominaisuuksia ovat <strong>kollageenisynteesin tukeminen ja ihon hygroskooppisten ominaisuuksien stimulointi<\/strong>.<\/p>\n<p><strong>Miellytt\u00e4v\u00e4n paahdetun kahvin<\/strong> tuoksunsa vuoksi \u00f6ljy\u00e4 k\u00e4ytet\u00e4\u00e4n my\u00f6s aromaterapiassa ja hieronnassa sek\u00e4 kylpytuotteiden ainesosana.<\/p>\n<p>Paahdetuista kahvipavuista saatua \u00f6ljy\u00e4 voidaan k\u00e4ytt\u00e4\u00e4 my\u00f6s <strong>elintarviketeollisuudessa j\u00e4lkiruokien ja j\u00e4\u00e4tel\u00f6n ainesosana<\/strong> sen runsaan maun ja aromin ansiosta.<\/p>\n","protected":false},"excerpt":{"rendered":"<p><strong>Paahdettu kahvipapu\u00f6ljy<\/strong> on kylm\u00e4puristettu <em>Coffea arabica<\/em>-kasvin paahdetuista pavuista. Se erottuu voimakkaasta kahvin aromista. <\/p>\n","protected":false},"featured_media":39018,"template":"","meta":{"_acf_changed":false},"product_brand":[],"product_cat":[531],"product_tag":[],"class_list":{"0":"post-39031","1":"product","2":"type-product","3":"status-publish","4":"has-post-thumbnail","6":"product_cat-ruokaoljyt-ja-kosmeettiset-oljyt","8":"first","9":"instock","10":"shipping-taxable","11":"product-type-simple"},"acf":[],"yoast_head":"<!-- This site is optimized with the Yoast SEO plugin v27.4 - https:\/\/yoast.com\/product\/yoast-seo-wordpress\/ -->\n<title>Paahdettu kahvipapu\u00f6ljy - Tukkudistribuutio<\/title>\n<meta name=\"description\" content=\"Paahdettu kahvipapu\u00f6ljy on kylm\u00e4puristettu Coffea arabica -kasvin paahdetuista pavuista. Se erottuu voimakkaasta kahvin aromista.\" \/>\n<meta name=\"robots\" content=\"index, follow, max-snippet:-1, max-image-preview:large, max-video-preview:-1\" \/>\n<link rel=\"canonical\" href=\"https:\/\/naturalpoland.com\/fi\/tuotteet\/ruokaoljyt-ja-kosmeettiset-oljyt\/paahdettu-kahvipapuoljy\/\" \/>\n<meta property=\"og:locale\" content=\"fi_FI\" \/>\n<meta property=\"og:type\" content=\"article\" \/>\n<meta property=\"og:title\" content=\"Paahdettu kahvipapu\u00f6ljy - Tukkudistribuutio\" \/>\n<meta property=\"og:description\" content=\"Paahdettu kahvipapu\u00f6ljy on kylm\u00e4puristettu Coffea arabica -kasvin paahdetuista pavuista. Se erottuu voimakkaasta kahvin aromista.\" \/>\n<meta property=\"og:url\" content=\"https:\/\/naturalpoland.com\/fi\/tuotteet\/ruokaoljyt-ja-kosmeettiset-oljyt\/paahdettu-kahvipapuoljy\/\" \/>\n<meta property=\"og:site_name\" content=\"NATURAL POLAND - RAAKA-AINEIDEN TUKKUJAKELIJA\" \/>\n<meta property=\"article:publisher\" content=\"https:\/\/www.facebook.com\/naturalpoland.b2b\" \/>\n<meta property=\"og:image\" content=\"https:\/\/naturalpoland.com\/wp-content\/uploads\/olej-z-ziaren-palonej-kawy.webp\" \/>\n\t<meta property=\"og:image:width\" content=\"597\" \/>\n\t<meta property=\"og:image:height\" content=\"597\" \/>\n\t<meta property=\"og:image:type\" content=\"image\/webp\" \/>\n<script type=\"application\/ld+json\" class=\"yoast-schema-graph\">{\"@context\":\"https:\\\/\\\/schema.org\",\"@graph\":[{\"@type\":\"WebPage\",\"@id\":\"https:\\\/\\\/naturalpoland.com\\\/fi\\\/tuotteet\\\/ruokaoljyt-ja-kosmeettiset-oljyt\\\/paahdettu-kahvipapuoljy\\\/\",\"url\":\"https:\\\/\\\/naturalpoland.com\\\/fi\\\/tuotteet\\\/ruokaoljyt-ja-kosmeettiset-oljyt\\\/paahdettu-kahvipapuoljy\\\/\",\"name\":\"Paahdettu kahvipapu\u00f6ljy - Tukkudistribuutio\",\"isPartOf\":{\"@id\":\"https:\\\/\\\/naturalpoland.com\\\/fi\\\/#website\"},\"primaryImageOfPage\":{\"@id\":\"https:\\\/\\\/naturalpoland.com\\\/fi\\\/tuotteet\\\/ruokaoljyt-ja-kosmeettiset-oljyt\\\/paahdettu-kahvipapuoljy\\\/#primaryimage\"},\"image\":{\"@id\":\"https:\\\/\\\/naturalpoland.com\\\/fi\\\/tuotteet\\\/ruokaoljyt-ja-kosmeettiset-oljyt\\\/paahdettu-kahvipapuoljy\\\/#primaryimage\"},\"thumbnailUrl\":\"https:\\\/\\\/naturalpoland.com\\\/wp-content\\\/uploads\\\/olej-z-ziaren-palonej-kawy.webp\",\"datePublished\":\"2025-02-04T11:36:03+00:00\",\"description\":\"Paahdettu kahvipapu\u00f6ljy on kylm\u00e4puristettu Coffea arabica -kasvin paahdetuista pavuista. Se erottuu voimakkaasta kahvin aromista.\",\"breadcrumb\":{\"@id\":\"https:\\\/\\\/naturalpoland.com\\\/fi\\\/tuotteet\\\/ruokaoljyt-ja-kosmeettiset-oljyt\\\/paahdettu-kahvipapuoljy\\\/#breadcrumb\"},\"inLanguage\":\"fi\",\"potentialAction\":[{\"@type\":\"ReadAction\",\"target\":[\"https:\\\/\\\/naturalpoland.com\\\/fi\\\/tuotteet\\\/ruokaoljyt-ja-kosmeettiset-oljyt\\\/paahdettu-kahvipapuoljy\\\/\"]}]},{\"@type\":\"ImageObject\",\"inLanguage\":\"fi\",\"@id\":\"https:\\\/\\\/naturalpoland.com\\\/fi\\\/tuotteet\\\/ruokaoljyt-ja-kosmeettiset-oljyt\\\/paahdettu-kahvipapuoljy\\\/#primaryimage\",\"url\":\"https:\\\/\\\/naturalpoland.com\\\/wp-content\\\/uploads\\\/olej-z-ziaren-palonej-kawy.webp\",\"contentUrl\":\"https:\\\/\\\/naturalpoland.com\\\/wp-content\\\/uploads\\\/olej-z-ziaren-palonej-kawy.webp\",\"width\":597,\"height\":597,\"caption\":\"olej z ziaren palonej kawy\"},{\"@type\":\"BreadcrumbList\",\"@id\":\"https:\\\/\\\/naturalpoland.com\\\/fi\\\/tuotteet\\\/ruokaoljyt-ja-kosmeettiset-oljyt\\\/paahdettu-kahvipapuoljy\\\/#breadcrumb\",\"itemListElement\":[{\"@type\":\"ListItem\",\"position\":1,\"name\":\"Etusivu\",\"item\":\"https:\\\/\\\/naturalpoland.com\\\/fi\\\/\"},{\"@type\":\"ListItem\",\"position\":2,\"name\":\"Tuotteet\",\"item\":\"https:\\\/\\\/naturalpoland.com\\\/fi\\\/tuotteet\\\/\"},{\"@type\":\"ListItem\",\"position\":3,\"name\":\"Paahdettu kahvipapu\u00f6ljy\"}]},{\"@type\":\"WebSite\",\"@id\":\"https:\\\/\\\/naturalpoland.com\\\/fi\\\/#website\",\"url\":\"https:\\\/\\\/naturalpoland.com\\\/fi\\\/\",\"name\":\"NATURAL POLAND - RAAKA-AINEIDEN TUKKUJAKELIJA\",\"description\":\"Surowce dla przemys\u0142u spo\u017cywczego, kosmetycznego i farmaceutycznego\",\"publisher\":{\"@id\":\"https:\\\/\\\/naturalpoland.com\\\/fi\\\/#organization\"},\"potentialAction\":[{\"@type\":\"SearchAction\",\"target\":{\"@type\":\"EntryPoint\",\"urlTemplate\":\"https:\\\/\\\/naturalpoland.com\\\/fi\\\/?s={search_term_string}\"},\"query-input\":{\"@type\":\"PropertyValueSpecification\",\"valueRequired\":true,\"valueName\":\"search_term_string\"}}],\"inLanguage\":\"fi\"},{\"@type\":\"Organization\",\"@id\":\"https:\\\/\\\/naturalpoland.com\\\/fi\\\/#organization\",\"name\":\"Natural Poland\",\"url\":\"https:\\\/\\\/naturalpoland.com\\\/fi\\\/\",\"logo\":{\"@type\":\"ImageObject\",\"inLanguage\":\"fi\",\"@id\":\"https:\\\/\\\/naturalpoland.com\\\/fi\\\/#\\\/schema\\\/logo\\\/image\\\/\",\"url\":\"https:\\\/\\\/naturalpoland.com\\\/wp-content\\\/uploads\\\/2021\\\/05\\\/natural-poland-icon.png\",\"contentUrl\":\"https:\\\/\\\/naturalpoland.com\\\/wp-content\\\/uploads\\\/2021\\\/05\\\/natural-poland-icon.png\",\"width\":512,\"height\":512,\"caption\":\"Natural Poland\"},\"image\":{\"@id\":\"https:\\\/\\\/naturalpoland.com\\\/fi\\\/#\\\/schema\\\/logo\\\/image\\\/\"},\"sameAs\":[\"https:\\\/\\\/www.facebook.com\\\/naturalpoland.b2b\",\"https:\\\/\\\/pl.linkedin.com\\\/company\\\/natural-poland\",\"https:\\\/\\\/www.youtube.com\\\/channel\\\/UCgeGGkvOMahZo-xu_MSEWxg\"]}]}<\/script>\n<!-- \/ Yoast SEO plugin. -->","yoast_head_json":{"title":"Paahdettu kahvipapu\u00f6ljy - Tukkudistribuutio","description":"Paahdettu kahvipapu\u00f6ljy on kylm\u00e4puristettu Coffea arabica -kasvin paahdetuista pavuista. Se erottuu voimakkaasta kahvin aromista.","robots":{"index":"index","follow":"follow","max-snippet":"max-snippet:-1","max-image-preview":"max-image-preview:large","max-video-preview":"max-video-preview:-1"},"canonical":"https:\/\/naturalpoland.com\/fi\/tuotteet\/ruokaoljyt-ja-kosmeettiset-oljyt\/paahdettu-kahvipapuoljy\/","og_locale":"fi_FI","og_type":"article","og_title":"Paahdettu kahvipapu\u00f6ljy - Tukkudistribuutio","og_description":"Paahdettu kahvipapu\u00f6ljy on kylm\u00e4puristettu Coffea arabica -kasvin paahdetuista pavuista. Se erottuu voimakkaasta kahvin aromista.","og_url":"https:\/\/naturalpoland.com\/fi\/tuotteet\/ruokaoljyt-ja-kosmeettiset-oljyt\/paahdettu-kahvipapuoljy\/","og_site_name":"NATURAL POLAND - RAAKA-AINEIDEN TUKKUJAKELIJA","article_publisher":"https:\/\/www.facebook.com\/naturalpoland.b2b","og_image":[{"width":597,"height":597,"url":"https:\/\/naturalpoland.com\/wp-content\/uploads\/olej-z-ziaren-palonej-kawy.webp","type":"image\/webp"}],"schema":{"@context":"https:\/\/schema.org","@graph":[{"@type":"WebPage","@id":"https:\/\/naturalpoland.com\/fi\/tuotteet\/ruokaoljyt-ja-kosmeettiset-oljyt\/paahdettu-kahvipapuoljy\/","url":"https:\/\/naturalpoland.com\/fi\/tuotteet\/ruokaoljyt-ja-kosmeettiset-oljyt\/paahdettu-kahvipapuoljy\/","name":"Paahdettu kahvipapu\u00f6ljy - Tukkudistribuutio","isPartOf":{"@id":"https:\/\/naturalpoland.com\/fi\/#website"},"primaryImageOfPage":{"@id":"https:\/\/naturalpoland.com\/fi\/tuotteet\/ruokaoljyt-ja-kosmeettiset-oljyt\/paahdettu-kahvipapuoljy\/#primaryimage"},"image":{"@id":"https:\/\/naturalpoland.com\/fi\/tuotteet\/ruokaoljyt-ja-kosmeettiset-oljyt\/paahdettu-kahvipapuoljy\/#primaryimage"},"thumbnailUrl":"https:\/\/naturalpoland.com\/wp-content\/uploads\/olej-z-ziaren-palonej-kawy.webp","datePublished":"2025-02-04T11:36:03+00:00","description":"Paahdettu kahvipapu\u00f6ljy on kylm\u00e4puristettu Coffea arabica -kasvin paahdetuista pavuista. Se erottuu voimakkaasta kahvin aromista.","breadcrumb":{"@id":"https:\/\/naturalpoland.com\/fi\/tuotteet\/ruokaoljyt-ja-kosmeettiset-oljyt\/paahdettu-kahvipapuoljy\/#breadcrumb"},"inLanguage":"fi","potentialAction":[{"@type":"ReadAction","target":["https:\/\/naturalpoland.com\/fi\/tuotteet\/ruokaoljyt-ja-kosmeettiset-oljyt\/paahdettu-kahvipapuoljy\/"]}]},{"@type":"ImageObject","inLanguage":"fi","@id":"https:\/\/naturalpoland.com\/fi\/tuotteet\/ruokaoljyt-ja-kosmeettiset-oljyt\/paahdettu-kahvipapuoljy\/#primaryimage","url":"https:\/\/naturalpoland.com\/wp-content\/uploads\/olej-z-ziaren-palonej-kawy.webp","contentUrl":"https:\/\/naturalpoland.com\/wp-content\/uploads\/olej-z-ziaren-palonej-kawy.webp","width":597,"height":597,"caption":"olej z ziaren palonej kawy"},{"@type":"BreadcrumbList","@id":"https:\/\/naturalpoland.com\/fi\/tuotteet\/ruokaoljyt-ja-kosmeettiset-oljyt\/paahdettu-kahvipapuoljy\/#breadcrumb","itemListElement":[{"@type":"ListItem","position":1,"name":"Etusivu","item":"https:\/\/naturalpoland.com\/fi\/"},{"@type":"ListItem","position":2,"name":"Tuotteet","item":"https:\/\/naturalpoland.com\/fi\/tuotteet\/"},{"@type":"ListItem","position":3,"name":"Paahdettu kahvipapu\u00f6ljy"}]},{"@type":"WebSite","@id":"https:\/\/naturalpoland.com\/fi\/#website","url":"https:\/\/naturalpoland.com\/fi\/","name":"NATURAL POLAND - RAAKA-AINEIDEN TUKKUJAKELIJA","description":"Surowce dla przemys\u0142u spo\u017cywczego, kosmetycznego i farmaceutycznego","publisher":{"@id":"https:\/\/naturalpoland.com\/fi\/#organization"},"potentialAction":[{"@type":"SearchAction","target":{"@type":"EntryPoint","urlTemplate":"https:\/\/naturalpoland.com\/fi\/?s={search_term_string}"},"query-input":{"@type":"PropertyValueSpecification","valueRequired":true,"valueName":"search_term_string"}}],"inLanguage":"fi"},{"@type":"Organization","@id":"https:\/\/naturalpoland.com\/fi\/#organization","name":"Natural Poland","url":"https:\/\/naturalpoland.com\/fi\/","logo":{"@type":"ImageObject","inLanguage":"fi","@id":"https:\/\/naturalpoland.com\/fi\/#\/schema\/logo\/image\/","url":"https:\/\/naturalpoland.com\/wp-content\/uploads\/2021\/05\/natural-poland-icon.png","contentUrl":"https:\/\/naturalpoland.com\/wp-content\/uploads\/2021\/05\/natural-poland-icon.png","width":512,"height":512,"caption":"Natural Poland"},"image":{"@id":"https:\/\/naturalpoland.com\/fi\/#\/schema\/logo\/image\/"},"sameAs":["https:\/\/www.facebook.com\/naturalpoland.b2b","https:\/\/pl.linkedin.com\/company\/natural-poland","https:\/\/www.youtube.com\/channel\/UCgeGGkvOMahZo-xu_MSEWxg"]}]}},"_links":{"self":[{"href":"https:\/\/naturalpoland.com\/fi\/wp-json\/wp\/v2\/product\/39031","targetHints":{"allow":["GET"]}}],"collection":[{"href":"https:\/\/naturalpoland.com\/fi\/wp-json\/wp\/v2\/product"}],"about":[{"href":"https:\/\/naturalpoland.com\/fi\/wp-json\/wp\/v2\/types\/product"}],"wp:featuredmedia":[{"embeddable":true,"href":"https:\/\/naturalpoland.com\/fi\/wp-json\/wp\/v2\/media\/39018"}],"wp:attachment":[{"href":"https:\/\/naturalpoland.com\/fi\/wp-json\/wp\/v2\/media?parent=39031"}],"wp:term":[{"taxonomy":"product_brand","embeddable":true,"href":"https:\/\/naturalpoland.com\/fi\/wp-json\/wp\/v2\/product_brand?post=39031"},{"taxonomy":"product_cat","embeddable":true,"href":"https:\/\/naturalpoland.com\/fi\/wp-json\/wp\/v2\/product_cat?post=39031"},{"taxonomy":"product_tag","embeddable":true,"href":"https:\/\/naturalpoland.com\/fi\/wp-json\/wp\/v2\/product_tag?post=39031"}],"curies":[{"name":"wp","href":"https:\/\/api.w.org\/{rel}","templated":true}]}}