{"id":39304,"date":"2025-02-06T17:37:21","date_gmt":"2025-02-06T16:37:21","guid":{"rendered":"https:\/\/naturalpoland.com\/produkty\/Ei-luokiteltu\/maapahkinaaromi\/"},"modified":"2025-02-07T14:20:44","modified_gmt":"2025-02-07T13:20:44","slug":"maapahkinaaromi","status":"publish","type":"product","link":"https:\/\/naturalpoland.com\/fi\/tuotteet\/elintarviketeollisuuden-tuotteet\/aromit\/pahkinaaromit\/maapahkinaaromi\/","title":{"rendered":"Maap\u00e4hkin\u00e4aromi"},"content":{"rendered":"<h2>Maap\u00e4hkin\u00e4n makuvaihtoehdot:<\/h2>\n<p><strong>1. makea maap\u00e4hkin\u00e4aromi<\/strong><\/p>\n<p>Toinen nestem\u00e4isen maap\u00e4hkin\u00e4aromin muunnos on <strong>makea ja herkk\u00e4<\/strong>, ja siin\u00e4 on selv\u00e4 maap\u00e4hkin\u00e4n vivahde. Suosittelemme sit\u00e4 asiakkaillemme <strong>rasvaisiin massoihin<\/strong>, sill\u00e4 se sopii hyvin yhteen kermojen, makeist\u00e4ytteiden ja rasvapohjaisten j\u00e4lkiruokien kanssa. Sen hienovarainen, harmoninen luonne rikastuttaa makua hallitsematta koostumusta. T\u00e4m\u00e4n aromin kantaja-aine on <strong>glykoli<\/strong>.   <\/p>\n<p><strong>2. kuiva maap\u00e4hkin\u00e4aromi<\/strong><\/p>\n<p>Kolmas muunnos on <strong>maap\u00e4hkin\u00e4n maku, jossa on paahdetun maap\u00e4hkin\u00e4n profiili, jossa on hieman suolainen vivahde<\/strong>. se on voimakkaampi ja voimakkaampi. Sit\u00e4 voidaan k\u00e4ytt\u00e4\u00e4 v\u00e4lipaloissa, leivonnaisissa ja luonteeltaan kuivissa tuotteissa. Se parantaa maap\u00e4hkin\u00e4voin, proteiinipatukoiden, suolaisten keksien ja voileip\u00e4voiteiden makua. Aromin kantaja-aineena on <strong>glykoli<\/strong>.    <\/p>\n<h2>Kosmeettinen k\u00e4ytt\u00f6<\/h2>\n<p>Maap\u00e4hkin\u00e4aromit sopivat hyvin my\u00f6s <strong>kosmetiikan<\/strong>, kuten huulirasvojen ja ihonhoitovoiteiden, <strong>valmistukseen<\/strong>, jossa makea, kermainen vivahde voi lis\u00e4t\u00e4 aistittavuutta.<\/p>\n","protected":false},"excerpt":{"rendered":"<p><strong>Peanut Flavour<\/strong> on koostumus, joka on saanut inspiraationsa maap\u00e4hkin\u00f6iden ominaishajusta. Sit\u00e4 on saatavilla eri muunnelmina makeasta maap\u00e4hkin\u00e4voista paahteisiin, hieman suolaisiin s\u00e4vyihin. <\/p>\n","protected":false},"featured_media":39169,"template":"","meta":{"_acf_changed":false},"product_brand":[],"product_cat":[7599],"product_tag":[],"class_list":{"0":"post-39304","1":"product","2":"type-product","3":"status-publish","4":"has-post-thumbnail","6":"product_cat-pahkinaaromit","8":"first","9":"instock","10":"shipping-taxable","11":"product-type-simple"},"acf":[],"yoast_head":"<!-- This site is optimized with the Yoast SEO plugin v27.4 - https:\/\/yoast.com\/product\/yoast-seo-wordpress\/ -->\n<title>Maap\u00e4hkin\u00e4aromi - Tukkudistribuutio<\/title>\n<meta name=\"description\" content=\"Maap\u00e4hkin\u00e4aromi on ainutlaatuinen aromikoostumus, joka on saanut inspiraationsa maap\u00e4hkin\u00f6iden rikkaasta ja omaleimaisesta makuprofiilista.\" \/>\n<meta name=\"robots\" content=\"index, follow, max-snippet:-1, max-image-preview:large, max-video-preview:-1\" \/>\n<link rel=\"canonical\" href=\"https:\/\/naturalpoland.com\/fi\/tuotteet\/elintarviketeollisuuden-tuotteet\/aromit\/pahkinaaromit\/maapahkinaaromi\/\" \/>\n<meta property=\"og:locale\" content=\"fi_FI\" \/>\n<meta property=\"og:type\" content=\"article\" \/>\n<meta property=\"og:title\" content=\"Maap\u00e4hkin\u00e4aromi - Tukkudistribuutio\" \/>\n<meta property=\"og:description\" content=\"Maap\u00e4hkin\u00e4aromi on ainutlaatuinen aromikoostumus, joka on saanut inspiraationsa maap\u00e4hkin\u00f6iden rikkaasta ja omaleimaisesta makuprofiilista.\" \/>\n<meta property=\"og:url\" content=\"https:\/\/naturalpoland.com\/fi\/tuotteet\/elintarviketeollisuuden-tuotteet\/aromit\/pahkinaaromit\/maapahkinaaromi\/\" \/>\n<meta property=\"og:site_name\" content=\"NATURAL POLAND - RAAKA-AINEIDEN TUKKUJAKELIJA\" \/>\n<meta property=\"article:publisher\" content=\"https:\/\/www.facebook.com\/naturalpoland.b2b\" \/>\n<meta property=\"article:modified_time\" content=\"2025-02-07T13:20:44+00:00\" \/>\n<meta property=\"og:image\" content=\"https:\/\/naturalpoland.com\/wp-content\/uploads\/aromat-arachidowy.webp\" \/>\n\t<meta property=\"og:image:width\" content=\"595\" \/>\n\t<meta property=\"og:image:height\" content=\"595\" \/>\n\t<meta property=\"og:image:type\" content=\"image\/webp\" \/>\n<script type=\"application\/ld+json\" class=\"yoast-schema-graph\">{\"@context\":\"https:\\\/\\\/schema.org\",\"@graph\":[{\"@type\":\"WebPage\",\"@id\":\"https:\\\/\\\/naturalpoland.com\\\/fi\\\/tuotteet\\\/elintarviketeollisuuden-tuotteet\\\/aromit\\\/pahkinaaromit\\\/maapahkinaaromi\\\/\",\"url\":\"https:\\\/\\\/naturalpoland.com\\\/fi\\\/tuotteet\\\/elintarviketeollisuuden-tuotteet\\\/aromit\\\/pahkinaaromit\\\/maapahkinaaromi\\\/\",\"name\":\"Maap\u00e4hkin\u00e4aromi - Tukkudistribuutio\",\"isPartOf\":{\"@id\":\"https:\\\/\\\/naturalpoland.com\\\/fi\\\/#website\"},\"primaryImageOfPage\":{\"@id\":\"https:\\\/\\\/naturalpoland.com\\\/fi\\\/tuotteet\\\/elintarviketeollisuuden-tuotteet\\\/aromit\\\/pahkinaaromit\\\/maapahkinaaromi\\\/#primaryimage\"},\"image\":{\"@id\":\"https:\\\/\\\/naturalpoland.com\\\/fi\\\/tuotteet\\\/elintarviketeollisuuden-tuotteet\\\/aromit\\\/pahkinaaromit\\\/maapahkinaaromi\\\/#primaryimage\"},\"thumbnailUrl\":\"https:\\\/\\\/naturalpoland.com\\\/wp-content\\\/uploads\\\/aromat-arachidowy.webp\",\"datePublished\":\"2025-02-06T16:37:21+00:00\",\"dateModified\":\"2025-02-07T13:20:44+00:00\",\"description\":\"Maap\u00e4hkin\u00e4aromi on ainutlaatuinen aromikoostumus, joka on saanut inspiraationsa maap\u00e4hkin\u00f6iden rikkaasta ja omaleimaisesta makuprofiilista.\",\"breadcrumb\":{\"@id\":\"https:\\\/\\\/naturalpoland.com\\\/fi\\\/tuotteet\\\/elintarviketeollisuuden-tuotteet\\\/aromit\\\/pahkinaaromit\\\/maapahkinaaromi\\\/#breadcrumb\"},\"inLanguage\":\"fi\",\"potentialAction\":[{\"@type\":\"ReadAction\",\"target\":[\"https:\\\/\\\/naturalpoland.com\\\/fi\\\/tuotteet\\\/elintarviketeollisuuden-tuotteet\\\/aromit\\\/pahkinaaromit\\\/maapahkinaaromi\\\/\"]}]},{\"@type\":\"ImageObject\",\"inLanguage\":\"fi\",\"@id\":\"https:\\\/\\\/naturalpoland.com\\\/fi\\\/tuotteet\\\/elintarviketeollisuuden-tuotteet\\\/aromit\\\/pahkinaaromit\\\/maapahkinaaromi\\\/#primaryimage\",\"url\":\"https:\\\/\\\/naturalpoland.com\\\/wp-content\\\/uploads\\\/aromat-arachidowy.webp\",\"contentUrl\":\"https:\\\/\\\/naturalpoland.com\\\/wp-content\\\/uploads\\\/aromat-arachidowy.webp\",\"width\":595,\"height\":595,\"caption\":\"aromat arachidowy\"},{\"@type\":\"BreadcrumbList\",\"@id\":\"https:\\\/\\\/naturalpoland.com\\\/fi\\\/tuotteet\\\/elintarviketeollisuuden-tuotteet\\\/aromit\\\/pahkinaaromit\\\/maapahkinaaromi\\\/#breadcrumb\",\"itemListElement\":[{\"@type\":\"ListItem\",\"position\":1,\"name\":\"Etusivu\",\"item\":\"https:\\\/\\\/naturalpoland.com\\\/fi\\\/\"},{\"@type\":\"ListItem\",\"position\":2,\"name\":\"Tuotteet\",\"item\":\"https:\\\/\\\/naturalpoland.com\\\/fi\\\/tuotteet\\\/\"},{\"@type\":\"ListItem\",\"position\":3,\"name\":\"Maap\u00e4hkin\u00e4aromi\"}]},{\"@type\":\"WebSite\",\"@id\":\"https:\\\/\\\/naturalpoland.com\\\/fi\\\/#website\",\"url\":\"https:\\\/\\\/naturalpoland.com\\\/fi\\\/\",\"name\":\"NATURAL POLAND - RAAKA-AINEIDEN TUKKUJAKELIJA\",\"description\":\"Surowce dla przemys\u0142u spo\u017cywczego, kosmetycznego i farmaceutycznego\",\"publisher\":{\"@id\":\"https:\\\/\\\/naturalpoland.com\\\/fi\\\/#organization\"},\"potentialAction\":[{\"@type\":\"SearchAction\",\"target\":{\"@type\":\"EntryPoint\",\"urlTemplate\":\"https:\\\/\\\/naturalpoland.com\\\/fi\\\/?s={search_term_string}\"},\"query-input\":{\"@type\":\"PropertyValueSpecification\",\"valueRequired\":true,\"valueName\":\"search_term_string\"}}],\"inLanguage\":\"fi\"},{\"@type\":\"Organization\",\"@id\":\"https:\\\/\\\/naturalpoland.com\\\/fi\\\/#organization\",\"name\":\"Natural Poland\",\"url\":\"https:\\\/\\\/naturalpoland.com\\\/fi\\\/\",\"logo\":{\"@type\":\"ImageObject\",\"inLanguage\":\"fi\",\"@id\":\"https:\\\/\\\/naturalpoland.com\\\/fi\\\/#\\\/schema\\\/logo\\\/image\\\/\",\"url\":\"https:\\\/\\\/naturalpoland.com\\\/wp-content\\\/uploads\\\/2021\\\/05\\\/natural-poland-icon.png\",\"contentUrl\":\"https:\\\/\\\/naturalpoland.com\\\/wp-content\\\/uploads\\\/2021\\\/05\\\/natural-poland-icon.png\",\"width\":512,\"height\":512,\"caption\":\"Natural Poland\"},\"image\":{\"@id\":\"https:\\\/\\\/naturalpoland.com\\\/fi\\\/#\\\/schema\\\/logo\\\/image\\\/\"},\"sameAs\":[\"https:\\\/\\\/www.facebook.com\\\/naturalpoland.b2b\",\"https:\\\/\\\/pl.linkedin.com\\\/company\\\/natural-poland\",\"https:\\\/\\\/www.youtube.com\\\/channel\\\/UCgeGGkvOMahZo-xu_MSEWxg\"]}]}<\/script>\n<!-- \/ Yoast SEO plugin. -->","yoast_head_json":{"title":"Maap\u00e4hkin\u00e4aromi - Tukkudistribuutio","description":"Maap\u00e4hkin\u00e4aromi on ainutlaatuinen aromikoostumus, joka on saanut inspiraationsa maap\u00e4hkin\u00f6iden rikkaasta ja omaleimaisesta makuprofiilista.","robots":{"index":"index","follow":"follow","max-snippet":"max-snippet:-1","max-image-preview":"max-image-preview:large","max-video-preview":"max-video-preview:-1"},"canonical":"https:\/\/naturalpoland.com\/fi\/tuotteet\/elintarviketeollisuuden-tuotteet\/aromit\/pahkinaaromit\/maapahkinaaromi\/","og_locale":"fi_FI","og_type":"article","og_title":"Maap\u00e4hkin\u00e4aromi - Tukkudistribuutio","og_description":"Maap\u00e4hkin\u00e4aromi on ainutlaatuinen aromikoostumus, joka on saanut inspiraationsa maap\u00e4hkin\u00f6iden rikkaasta ja omaleimaisesta makuprofiilista.","og_url":"https:\/\/naturalpoland.com\/fi\/tuotteet\/elintarviketeollisuuden-tuotteet\/aromit\/pahkinaaromit\/maapahkinaaromi\/","og_site_name":"NATURAL POLAND - RAAKA-AINEIDEN TUKKUJAKELIJA","article_publisher":"https:\/\/www.facebook.com\/naturalpoland.b2b","article_modified_time":"2025-02-07T13:20:44+00:00","og_image":[{"width":595,"height":595,"url":"https:\/\/naturalpoland.com\/wp-content\/uploads\/aromat-arachidowy.webp","type":"image\/webp"}],"schema":{"@context":"https:\/\/schema.org","@graph":[{"@type":"WebPage","@id":"https:\/\/naturalpoland.com\/fi\/tuotteet\/elintarviketeollisuuden-tuotteet\/aromit\/pahkinaaromit\/maapahkinaaromi\/","url":"https:\/\/naturalpoland.com\/fi\/tuotteet\/elintarviketeollisuuden-tuotteet\/aromit\/pahkinaaromit\/maapahkinaaromi\/","name":"Maap\u00e4hkin\u00e4aromi - Tukkudistribuutio","isPartOf":{"@id":"https:\/\/naturalpoland.com\/fi\/#website"},"primaryImageOfPage":{"@id":"https:\/\/naturalpoland.com\/fi\/tuotteet\/elintarviketeollisuuden-tuotteet\/aromit\/pahkinaaromit\/maapahkinaaromi\/#primaryimage"},"image":{"@id":"https:\/\/naturalpoland.com\/fi\/tuotteet\/elintarviketeollisuuden-tuotteet\/aromit\/pahkinaaromit\/maapahkinaaromi\/#primaryimage"},"thumbnailUrl":"https:\/\/naturalpoland.com\/wp-content\/uploads\/aromat-arachidowy.webp","datePublished":"2025-02-06T16:37:21+00:00","dateModified":"2025-02-07T13:20:44+00:00","description":"Maap\u00e4hkin\u00e4aromi on ainutlaatuinen aromikoostumus, joka on saanut inspiraationsa maap\u00e4hkin\u00f6iden rikkaasta ja omaleimaisesta makuprofiilista.","breadcrumb":{"@id":"https:\/\/naturalpoland.com\/fi\/tuotteet\/elintarviketeollisuuden-tuotteet\/aromit\/pahkinaaromit\/maapahkinaaromi\/#breadcrumb"},"inLanguage":"fi","potentialAction":[{"@type":"ReadAction","target":["https:\/\/naturalpoland.com\/fi\/tuotteet\/elintarviketeollisuuden-tuotteet\/aromit\/pahkinaaromit\/maapahkinaaromi\/"]}]},{"@type":"ImageObject","inLanguage":"fi","@id":"https:\/\/naturalpoland.com\/fi\/tuotteet\/elintarviketeollisuuden-tuotteet\/aromit\/pahkinaaromit\/maapahkinaaromi\/#primaryimage","url":"https:\/\/naturalpoland.com\/wp-content\/uploads\/aromat-arachidowy.webp","contentUrl":"https:\/\/naturalpoland.com\/wp-content\/uploads\/aromat-arachidowy.webp","width":595,"height":595,"caption":"aromat arachidowy"},{"@type":"BreadcrumbList","@id":"https:\/\/naturalpoland.com\/fi\/tuotteet\/elintarviketeollisuuden-tuotteet\/aromit\/pahkinaaromit\/maapahkinaaromi\/#breadcrumb","itemListElement":[{"@type":"ListItem","position":1,"name":"Etusivu","item":"https:\/\/naturalpoland.com\/fi\/"},{"@type":"ListItem","position":2,"name":"Tuotteet","item":"https:\/\/naturalpoland.com\/fi\/tuotteet\/"},{"@type":"ListItem","position":3,"name":"Maap\u00e4hkin\u00e4aromi"}]},{"@type":"WebSite","@id":"https:\/\/naturalpoland.com\/fi\/#website","url":"https:\/\/naturalpoland.com\/fi\/","name":"NATURAL POLAND - RAAKA-AINEIDEN TUKKUJAKELIJA","description":"Surowce dla przemys\u0142u spo\u017cywczego, kosmetycznego i farmaceutycznego","publisher":{"@id":"https:\/\/naturalpoland.com\/fi\/#organization"},"potentialAction":[{"@type":"SearchAction","target":{"@type":"EntryPoint","urlTemplate":"https:\/\/naturalpoland.com\/fi\/?s={search_term_string}"},"query-input":{"@type":"PropertyValueSpecification","valueRequired":true,"valueName":"search_term_string"}}],"inLanguage":"fi"},{"@type":"Organization","@id":"https:\/\/naturalpoland.com\/fi\/#organization","name":"Natural Poland","url":"https:\/\/naturalpoland.com\/fi\/","logo":{"@type":"ImageObject","inLanguage":"fi","@id":"https:\/\/naturalpoland.com\/fi\/#\/schema\/logo\/image\/","url":"https:\/\/naturalpoland.com\/wp-content\/uploads\/2021\/05\/natural-poland-icon.png","contentUrl":"https:\/\/naturalpoland.com\/wp-content\/uploads\/2021\/05\/natural-poland-icon.png","width":512,"height":512,"caption":"Natural Poland"},"image":{"@id":"https:\/\/naturalpoland.com\/fi\/#\/schema\/logo\/image\/"},"sameAs":["https:\/\/www.facebook.com\/naturalpoland.b2b","https:\/\/pl.linkedin.com\/company\/natural-poland","https:\/\/www.youtube.com\/channel\/UCgeGGkvOMahZo-xu_MSEWxg"]}]}},"_links":{"self":[{"href":"https:\/\/naturalpoland.com\/fi\/wp-json\/wp\/v2\/product\/39304","targetHints":{"allow":["GET"]}}],"collection":[{"href":"https:\/\/naturalpoland.com\/fi\/wp-json\/wp\/v2\/product"}],"about":[{"href":"https:\/\/naturalpoland.com\/fi\/wp-json\/wp\/v2\/types\/product"}],"wp:featuredmedia":[{"embeddable":true,"href":"https:\/\/naturalpoland.com\/fi\/wp-json\/wp\/v2\/media\/39169"}],"wp:attachment":[{"href":"https:\/\/naturalpoland.com\/fi\/wp-json\/wp\/v2\/media?parent=39304"}],"wp:term":[{"taxonomy":"product_brand","embeddable":true,"href":"https:\/\/naturalpoland.com\/fi\/wp-json\/wp\/v2\/product_brand?post=39304"},{"taxonomy":"product_cat","embeddable":true,"href":"https:\/\/naturalpoland.com\/fi\/wp-json\/wp\/v2\/product_cat?post=39304"},{"taxonomy":"product_tag","embeddable":true,"href":"https:\/\/naturalpoland.com\/fi\/wp-json\/wp\/v2\/product_tag?post=39304"}],"curies":[{"name":"wp","href":"https:\/\/api.w.org\/{rel}","templated":true}]}}