{"id":39338,"date":"2025-02-06T18:11:05","date_gmt":"2025-02-07T13:52:40","guid":{"rendered":"https:\/\/naturalpoland.com\/produkty\/Ei-luokiteltu\/cola-maku\/"},"modified":"2025-02-07T14:52:40","modified_gmt":"2025-02-07T13:52:40","slug":"cola-maku","status":"publish","type":"product","link":"https:\/\/naturalpoland.com\/fi\/tuotteet\/elintarviketeollisuuden-tuotteet\/aromit\/muut-aromit\/cola-maku\/","title":{"rendered":"Cola maku"},"content":{"rendered":"<h2>Cola-makuvaihtoehdot:<\/h2>\n<ol>\n<li><strong>NATURAL COLI -maku (jauhemainen<\/strong> ), joka on tarkoitettu tuottajille, jotka etsiv\u00e4t <strong>luonnollista makua irtonaisena versiona<\/strong>. Sille on ominaista <strong>raikas limettivivahde<\/strong>, joka on hienovaraisesti k\u00e4\u00e4ritty <strong>mausteisiin aksentteihin<\/strong>. Suositellaan juomiin, ravintolisiin, maustettuihin sokereihin ja pikatuotteisiin.  <\/li>\n<li><strong>COLI CANDY Aromi (nestem\u00e4inen<\/strong> ), jossa on tasapainoinen m\u00e4\u00e4r\u00e4 sitrushedelmien ja kanelin vivahteita, soveltuu k\u00e4ytett\u00e4v\u00e4ksi makeisten, purukumien ja muiden makeisten valmistukseen. Sen <strong>kantaja-aine on triasetiinipohjainen<\/strong> ja se sekoittuu hyvin rasvojen ja makeistahnojen kanssa. <\/li>\n<li><strong>COLI flavour (jauhemainen)<\/strong> on vapaasti juokseva versio aromista, jossa on <strong>tasapainoinen koostumus sitrushedelmi\u00e4 ja mausteita<\/strong>, ja se on suunniteltu pikajuomien, teiden, hyytel\u00f6iden tai farmaseuttisten valmisteiden maustamiseen, kun stabiilius ja helppok\u00e4ytt\u00f6isyys ovat t\u00e4rkeit\u00e4.<\/li>\n<\/ol>\n","protected":false},"excerpt":{"rendered":"<p><strong>Cola Aroma<\/strong> on ikonisen hiilihappoisen juoman inspiroima tuoksus\u00e4vellys. Sen tuoksuprofiilissa yhdistyv\u00e4t <strong>sitrushedelmien raikkaus ja syv\u00e4t, mausteiset vivahteet<\/strong>. Raaka-ainetta voidaan k\u00e4ytt\u00e4\u00e4 tuotteissa, jotka vaativat l\u00e4mm\u00f6nkest\u00e4vyytt\u00e4, tai pehme\u00e4mmiss\u00e4 formulaatioissa, muunnoksesta riippuen.  <\/p>\n","protected":false},"featured_media":39195,"template":"","meta":{"_acf_changed":false},"product_brand":[],"product_cat":[7602],"product_tag":[],"class_list":{"0":"post-39338","1":"product","2":"type-product","3":"status-publish","4":"has-post-thumbnail","6":"product_cat-muut-aromit","8":"first","9":"instock","10":"shipping-taxable","11":"product-type-simple"},"acf":[],"yoast_head":"<!-- This site is optimized with the Yoast SEO plugin v27.4 - https:\/\/yoast.com\/product\/yoast-seo-wordpress\/ -->\n<title>Cola maku - Tukkudistribuutio<\/title>\n<meta name=\"description\" content=\"Cola Aroma on ikonisen hiilihappoisen juoman inspiroima ainutlaatuinen tuoksukompositio, jossa yhdistyv\u00e4t sitrushedelmien raikkaus ja syv\u00e4t, mausteiset s\u00e4vyt.\" \/>\n<meta name=\"robots\" content=\"index, follow, max-snippet:-1, max-image-preview:large, max-video-preview:-1\" \/>\n<link rel=\"canonical\" href=\"https:\/\/naturalpoland.com\/fi\/tuotteet\/elintarviketeollisuuden-tuotteet\/aromit\/muut-aromit\/cola-maku\/\" \/>\n<meta property=\"og:locale\" content=\"fi_FI\" \/>\n<meta property=\"og:type\" content=\"article\" \/>\n<meta property=\"og:title\" content=\"Cola maku - Tukkudistribuutio\" \/>\n<meta property=\"og:description\" content=\"Cola Aroma on ikonisen hiilihappoisen juoman inspiroima ainutlaatuinen tuoksukompositio, jossa yhdistyv\u00e4t sitrushedelmien raikkaus ja syv\u00e4t, mausteiset s\u00e4vyt.\" \/>\n<meta property=\"og:url\" content=\"https:\/\/naturalpoland.com\/fi\/tuotteet\/elintarviketeollisuuden-tuotteet\/aromit\/muut-aromit\/cola-maku\/\" \/>\n<meta property=\"og:site_name\" content=\"NATURAL POLAND - RAAKA-AINEIDEN TUKKUJAKELIJA\" \/>\n<meta property=\"article:publisher\" content=\"https:\/\/www.facebook.com\/naturalpoland.b2b\" \/>\n<meta property=\"og:image\" content=\"https:\/\/naturalpoland.com\/wp-content\/uploads\/aromat-coli.webp\" \/>\n\t<meta property=\"og:image:width\" content=\"595\" \/>\n\t<meta property=\"og:image:height\" content=\"595\" \/>\n\t<meta property=\"og:image:type\" content=\"image\/webp\" \/>\n<script type=\"application\/ld+json\" class=\"yoast-schema-graph\">{\"@context\":\"https:\\\/\\\/schema.org\",\"@graph\":[{\"@type\":\"WebPage\",\"@id\":\"https:\\\/\\\/naturalpoland.com\\\/fi\\\/tuotteet\\\/elintarviketeollisuuden-tuotteet\\\/aromit\\\/muut-aromit\\\/cola-maku\\\/\",\"url\":\"https:\\\/\\\/naturalpoland.com\\\/fi\\\/tuotteet\\\/elintarviketeollisuuden-tuotteet\\\/aromit\\\/muut-aromit\\\/cola-maku\\\/\",\"name\":\"Cola maku - Tukkudistribuutio\",\"isPartOf\":{\"@id\":\"https:\\\/\\\/naturalpoland.com\\\/fi\\\/#website\"},\"primaryImageOfPage\":{\"@id\":\"https:\\\/\\\/naturalpoland.com\\\/fi\\\/tuotteet\\\/elintarviketeollisuuden-tuotteet\\\/aromit\\\/muut-aromit\\\/cola-maku\\\/#primaryimage\"},\"image\":{\"@id\":\"https:\\\/\\\/naturalpoland.com\\\/fi\\\/tuotteet\\\/elintarviketeollisuuden-tuotteet\\\/aromit\\\/muut-aromit\\\/cola-maku\\\/#primaryimage\"},\"thumbnailUrl\":\"https:\\\/\\\/naturalpoland.com\\\/wp-content\\\/uploads\\\/aromat-coli.webp\",\"datePublished\":\"2025-02-07T13:52:40+00:00\",\"description\":\"Cola Aroma on ikonisen hiilihappoisen juoman inspiroima ainutlaatuinen tuoksukompositio, jossa yhdistyv\u00e4t sitrushedelmien raikkaus ja syv\u00e4t, mausteiset s\u00e4vyt.\",\"breadcrumb\":{\"@id\":\"https:\\\/\\\/naturalpoland.com\\\/fi\\\/tuotteet\\\/elintarviketeollisuuden-tuotteet\\\/aromit\\\/muut-aromit\\\/cola-maku\\\/#breadcrumb\"},\"inLanguage\":\"fi\",\"potentialAction\":[{\"@type\":\"ReadAction\",\"target\":[\"https:\\\/\\\/naturalpoland.com\\\/fi\\\/tuotteet\\\/elintarviketeollisuuden-tuotteet\\\/aromit\\\/muut-aromit\\\/cola-maku\\\/\"]}]},{\"@type\":\"ImageObject\",\"inLanguage\":\"fi\",\"@id\":\"https:\\\/\\\/naturalpoland.com\\\/fi\\\/tuotteet\\\/elintarviketeollisuuden-tuotteet\\\/aromit\\\/muut-aromit\\\/cola-maku\\\/#primaryimage\",\"url\":\"https:\\\/\\\/naturalpoland.com\\\/wp-content\\\/uploads\\\/aromat-coli.webp\",\"contentUrl\":\"https:\\\/\\\/naturalpoland.com\\\/wp-content\\\/uploads\\\/aromat-coli.webp\",\"width\":595,\"height\":595,\"caption\":\"aromat coli\"},{\"@type\":\"BreadcrumbList\",\"@id\":\"https:\\\/\\\/naturalpoland.com\\\/fi\\\/tuotteet\\\/elintarviketeollisuuden-tuotteet\\\/aromit\\\/muut-aromit\\\/cola-maku\\\/#breadcrumb\",\"itemListElement\":[{\"@type\":\"ListItem\",\"position\":1,\"name\":\"Etusivu\",\"item\":\"https:\\\/\\\/naturalpoland.com\\\/fi\\\/\"},{\"@type\":\"ListItem\",\"position\":2,\"name\":\"Tuotteet\",\"item\":\"https:\\\/\\\/naturalpoland.com\\\/fi\\\/tuotteet\\\/\"},{\"@type\":\"ListItem\",\"position\":3,\"name\":\"Cola maku\"}]},{\"@type\":\"WebSite\",\"@id\":\"https:\\\/\\\/naturalpoland.com\\\/fi\\\/#website\",\"url\":\"https:\\\/\\\/naturalpoland.com\\\/fi\\\/\",\"name\":\"NATURAL POLAND - RAAKA-AINEIDEN TUKKUJAKELIJA\",\"description\":\"Surowce dla przemys\u0142u spo\u017cywczego, kosmetycznego i farmaceutycznego\",\"publisher\":{\"@id\":\"https:\\\/\\\/naturalpoland.com\\\/fi\\\/#organization\"},\"potentialAction\":[{\"@type\":\"SearchAction\",\"target\":{\"@type\":\"EntryPoint\",\"urlTemplate\":\"https:\\\/\\\/naturalpoland.com\\\/fi\\\/?s={search_term_string}\"},\"query-input\":{\"@type\":\"PropertyValueSpecification\",\"valueRequired\":true,\"valueName\":\"search_term_string\"}}],\"inLanguage\":\"fi\"},{\"@type\":\"Organization\",\"@id\":\"https:\\\/\\\/naturalpoland.com\\\/fi\\\/#organization\",\"name\":\"Natural Poland\",\"url\":\"https:\\\/\\\/naturalpoland.com\\\/fi\\\/\",\"logo\":{\"@type\":\"ImageObject\",\"inLanguage\":\"fi\",\"@id\":\"https:\\\/\\\/naturalpoland.com\\\/fi\\\/#\\\/schema\\\/logo\\\/image\\\/\",\"url\":\"https:\\\/\\\/naturalpoland.com\\\/wp-content\\\/uploads\\\/2021\\\/05\\\/natural-poland-icon.png\",\"contentUrl\":\"https:\\\/\\\/naturalpoland.com\\\/wp-content\\\/uploads\\\/2021\\\/05\\\/natural-poland-icon.png\",\"width\":512,\"height\":512,\"caption\":\"Natural Poland\"},\"image\":{\"@id\":\"https:\\\/\\\/naturalpoland.com\\\/fi\\\/#\\\/schema\\\/logo\\\/image\\\/\"},\"sameAs\":[\"https:\\\/\\\/www.facebook.com\\\/naturalpoland.b2b\",\"https:\\\/\\\/pl.linkedin.com\\\/company\\\/natural-poland\",\"https:\\\/\\\/www.youtube.com\\\/channel\\\/UCgeGGkvOMahZo-xu_MSEWxg\"]}]}<\/script>\n<!-- \/ Yoast SEO plugin. -->","yoast_head_json":{"title":"Cola maku - Tukkudistribuutio","description":"Cola Aroma on ikonisen hiilihappoisen juoman inspiroima ainutlaatuinen tuoksukompositio, jossa yhdistyv\u00e4t sitrushedelmien raikkaus ja syv\u00e4t, mausteiset s\u00e4vyt.","robots":{"index":"index","follow":"follow","max-snippet":"max-snippet:-1","max-image-preview":"max-image-preview:large","max-video-preview":"max-video-preview:-1"},"canonical":"https:\/\/naturalpoland.com\/fi\/tuotteet\/elintarviketeollisuuden-tuotteet\/aromit\/muut-aromit\/cola-maku\/","og_locale":"fi_FI","og_type":"article","og_title":"Cola maku - Tukkudistribuutio","og_description":"Cola Aroma on ikonisen hiilihappoisen juoman inspiroima ainutlaatuinen tuoksukompositio, jossa yhdistyv\u00e4t sitrushedelmien raikkaus ja syv\u00e4t, mausteiset s\u00e4vyt.","og_url":"https:\/\/naturalpoland.com\/fi\/tuotteet\/elintarviketeollisuuden-tuotteet\/aromit\/muut-aromit\/cola-maku\/","og_site_name":"NATURAL POLAND - RAAKA-AINEIDEN TUKKUJAKELIJA","article_publisher":"https:\/\/www.facebook.com\/naturalpoland.b2b","og_image":[{"width":595,"height":595,"url":"https:\/\/naturalpoland.com\/wp-content\/uploads\/aromat-coli.webp","type":"image\/webp"}],"schema":{"@context":"https:\/\/schema.org","@graph":[{"@type":"WebPage","@id":"https:\/\/naturalpoland.com\/fi\/tuotteet\/elintarviketeollisuuden-tuotteet\/aromit\/muut-aromit\/cola-maku\/","url":"https:\/\/naturalpoland.com\/fi\/tuotteet\/elintarviketeollisuuden-tuotteet\/aromit\/muut-aromit\/cola-maku\/","name":"Cola maku - Tukkudistribuutio","isPartOf":{"@id":"https:\/\/naturalpoland.com\/fi\/#website"},"primaryImageOfPage":{"@id":"https:\/\/naturalpoland.com\/fi\/tuotteet\/elintarviketeollisuuden-tuotteet\/aromit\/muut-aromit\/cola-maku\/#primaryimage"},"image":{"@id":"https:\/\/naturalpoland.com\/fi\/tuotteet\/elintarviketeollisuuden-tuotteet\/aromit\/muut-aromit\/cola-maku\/#primaryimage"},"thumbnailUrl":"https:\/\/naturalpoland.com\/wp-content\/uploads\/aromat-coli.webp","datePublished":"2025-02-07T13:52:40+00:00","description":"Cola Aroma on ikonisen hiilihappoisen juoman inspiroima ainutlaatuinen tuoksukompositio, jossa yhdistyv\u00e4t sitrushedelmien raikkaus ja syv\u00e4t, mausteiset s\u00e4vyt.","breadcrumb":{"@id":"https:\/\/naturalpoland.com\/fi\/tuotteet\/elintarviketeollisuuden-tuotteet\/aromit\/muut-aromit\/cola-maku\/#breadcrumb"},"inLanguage":"fi","potentialAction":[{"@type":"ReadAction","target":["https:\/\/naturalpoland.com\/fi\/tuotteet\/elintarviketeollisuuden-tuotteet\/aromit\/muut-aromit\/cola-maku\/"]}]},{"@type":"ImageObject","inLanguage":"fi","@id":"https:\/\/naturalpoland.com\/fi\/tuotteet\/elintarviketeollisuuden-tuotteet\/aromit\/muut-aromit\/cola-maku\/#primaryimage","url":"https:\/\/naturalpoland.com\/wp-content\/uploads\/aromat-coli.webp","contentUrl":"https:\/\/naturalpoland.com\/wp-content\/uploads\/aromat-coli.webp","width":595,"height":595,"caption":"aromat coli"},{"@type":"BreadcrumbList","@id":"https:\/\/naturalpoland.com\/fi\/tuotteet\/elintarviketeollisuuden-tuotteet\/aromit\/muut-aromit\/cola-maku\/#breadcrumb","itemListElement":[{"@type":"ListItem","position":1,"name":"Etusivu","item":"https:\/\/naturalpoland.com\/fi\/"},{"@type":"ListItem","position":2,"name":"Tuotteet","item":"https:\/\/naturalpoland.com\/fi\/tuotteet\/"},{"@type":"ListItem","position":3,"name":"Cola maku"}]},{"@type":"WebSite","@id":"https:\/\/naturalpoland.com\/fi\/#website","url":"https:\/\/naturalpoland.com\/fi\/","name":"NATURAL POLAND - RAAKA-AINEIDEN TUKKUJAKELIJA","description":"Surowce dla przemys\u0142u spo\u017cywczego, kosmetycznego i farmaceutycznego","publisher":{"@id":"https:\/\/naturalpoland.com\/fi\/#organization"},"potentialAction":[{"@type":"SearchAction","target":{"@type":"EntryPoint","urlTemplate":"https:\/\/naturalpoland.com\/fi\/?s={search_term_string}"},"query-input":{"@type":"PropertyValueSpecification","valueRequired":true,"valueName":"search_term_string"}}],"inLanguage":"fi"},{"@type":"Organization","@id":"https:\/\/naturalpoland.com\/fi\/#organization","name":"Natural Poland","url":"https:\/\/naturalpoland.com\/fi\/","logo":{"@type":"ImageObject","inLanguage":"fi","@id":"https:\/\/naturalpoland.com\/fi\/#\/schema\/logo\/image\/","url":"https:\/\/naturalpoland.com\/wp-content\/uploads\/2021\/05\/natural-poland-icon.png","contentUrl":"https:\/\/naturalpoland.com\/wp-content\/uploads\/2021\/05\/natural-poland-icon.png","width":512,"height":512,"caption":"Natural Poland"},"image":{"@id":"https:\/\/naturalpoland.com\/fi\/#\/schema\/logo\/image\/"},"sameAs":["https:\/\/www.facebook.com\/naturalpoland.b2b","https:\/\/pl.linkedin.com\/company\/natural-poland","https:\/\/www.youtube.com\/channel\/UCgeGGkvOMahZo-xu_MSEWxg"]}]}},"_links":{"self":[{"href":"https:\/\/naturalpoland.com\/fi\/wp-json\/wp\/v2\/product\/39338","targetHints":{"allow":["GET"]}}],"collection":[{"href":"https:\/\/naturalpoland.com\/fi\/wp-json\/wp\/v2\/product"}],"about":[{"href":"https:\/\/naturalpoland.com\/fi\/wp-json\/wp\/v2\/types\/product"}],"wp:featuredmedia":[{"embeddable":true,"href":"https:\/\/naturalpoland.com\/fi\/wp-json\/wp\/v2\/media\/39195"}],"wp:attachment":[{"href":"https:\/\/naturalpoland.com\/fi\/wp-json\/wp\/v2\/media?parent=39338"}],"wp:term":[{"taxonomy":"product_brand","embeddable":true,"href":"https:\/\/naturalpoland.com\/fi\/wp-json\/wp\/v2\/product_brand?post=39338"},{"taxonomy":"product_cat","embeddable":true,"href":"https:\/\/naturalpoland.com\/fi\/wp-json\/wp\/v2\/product_cat?post=39338"},{"taxonomy":"product_tag","embeddable":true,"href":"https:\/\/naturalpoland.com\/fi\/wp-json\/wp\/v2\/product_tag?post=39338"}],"curies":[{"name":"wp","href":"https:\/\/api.w.org\/{rel}","templated":true}]}}