{"id":39369,"date":"2025-02-07T12:46:15","date_gmt":"2025-02-07T11:46:15","guid":{"rendered":"https:\/\/naturalpoland.com\/produkty\/Ei-luokiteltu\/vanilja-aromi\/"},"modified":"2025-02-07T14:58:52","modified_gmt":"2025-02-07T13:58:52","slug":"vanilja-aromi","status":"publish","type":"product","link":"https:\/\/naturalpoland.com\/fi\/tuotteet\/elintarviketeollisuuden-tuotteet\/aromit\/jalkiruoka-aromit\/vanilja-aromi\/","title":{"rendered":"Vanilja-aromi"},"content":{"rendered":"<p>Vanilja-aromi on suosittu raaka-aine makeisissa, juomissa, j\u00e4\u00e4tel\u00f6ss\u00e4, leivonnaisissa ja j\u00e4lkiruoissa sek\u00e4 aistikkaan ja ymp\u00e4r\u00f6iv\u00e4n tuoksuisen hajusteiden ja kosmetiikan valmistuksessa.<\/p>\n<h2>Nestem\u00e4iset vanilja-aromit<\/h2>\n<p><strong>FTNF<\/strong> (From the Name Fruit) <strong>-laadukas luonnollinen, nestem\u00e4inen vanilja-aromi<\/strong> on valmistettu v\u00e4hint\u00e4\u00e4n 95-prosenttisesti aidosta raaka-aineesta. Siin\u00e4 on runsaasti l\u00e4mpimi\u00e4, balsamisia, luonnollista vaniljatikkua muistuttavia s\u00e4vyj\u00e4, joissa on havaittavissa ruskeita s\u00e4vyj\u00e4. Se kest\u00e4\u00e4 korkeita l\u00e4mp\u00f6tiloja ja toimii hyvin vaativissa k\u00e4ytt\u00f6kohteissa, kuten leivonnaisissa tai kermojen ja j\u00e4\u00e4tel\u00f6iden valmistuksessa.  <\/p>\n<p><strong>WONF (With Other Natural Flavors) -laadukas vanilja-aromi <\/strong>s\u00e4ilytt\u00e4\u00e4 vaniljan luonnollisen luonteen, mutta sit\u00e4 on rikastettu lis\u00e4nuoteilla. Kermamaisen j\u00e4isen profiilin <strong>aromissa<\/strong> yhdistyv\u00e4t vaniljan hienovarainen makeus ja luonnollisen vaniljatikun kevyt, kuiva vivahde, ja sit\u00e4 suositellaan k\u00e4ytett\u00e4v\u00e4ksi maitotuotteiden j\u00e4lkiruokiin ja voiteisiin. T\u00e4m\u00e4n aromin<strong> tiivistetyss\u00e4<\/strong> versiossa taas on vahvasti vaniljainen luonne sek\u00e4 aniksen ja mantelin vivahteita, jotka antavat sille intensiivisen ja syv\u00e4n makuprofiilin. <\/p>\n<p><strong>WONF-laatuinen kuiva vanilja-aromi <\/strong>vangitsee vaniljauutteen luonteen, jossa on voimakas vivahde luonnollista vaniljatankoa. Sit\u00e4 k\u00e4ytet\u00e4\u00e4n ylellisiss\u00e4 j\u00e4lkiruoissa, suklaissa ja hienostuneissa leivonnaisissa. <\/p>\n<h2>Vanilja-aromijauhe<\/h2>\n<p>Jauhemaiset makuvaihtoehdot helpottavat annostelua sovelluksissa, joissa tarvitaan kuivaa muotoa. <strong>WONF-laatuinen vaniljajauhearomi<\/strong> s\u00e4ilytt\u00e4\u00e4 kermaisen, j\u00e4isen luonteen ja vaniljatikun hienovaraista kuivuutta. Muille muunnoksille taas on ominaista voimakkaat maito- ja kermamaiset, valkosuklaata muistuttavat vivahteet.  <\/p>\n<p><strong>Vaniljajauhemauste<\/strong> taas muistuttaa klassista vaniljasokerimakua, ja sit\u00e4 suositellaan kakkuihin ja hiivataikinoihin.<\/p>\n<p><strong>Leipomotuotteiden vanilja-aromi<\/strong> tarjoaa makean, vanukasta muistuttavan luonteen ja l\u00e4mpim\u00e4n mausteisen vivahteen, joten se sopii erinomaisesti sienikakkuihin, muffineihin ja kuppikakkuihin.<\/p>\n<p>Sovelluksiin, joissa tarvitaan intensiivist\u00e4, tiivist\u00e4 tuoksua, suosittelemme <strong>tiivistetty\u00e4 vanilja-aromia<\/strong> ja <strong>luonnollista vanilja-aromia<\/strong>, jotka antavat syv\u00e4n, voimakkaan vaniljan profiilin, jossa on havaittavissa aniksen ja mantelin vivahteita. Ne toimivat hyvin ylellisiss\u00e4 makeistuotteissa ja korkealaatuisissa j\u00e4\u00e4tel\u00f6iss\u00e4 ja vaniljakastikkeissa. <\/p>\n<h2>Aromien peitt\u00e4minen<\/h2>\n<p>Vanilja-aromeja k\u00e4ytet\u00e4\u00e4n my\u00f6s ainesosina peitt\u00e4m\u00e4\u00e4n ei-toivottuja s\u00e4vyj\u00e4 elintarvikkeissa ja ravintolisiss\u00e4. <strong>Vanilla masking<\/strong> aromi on makea, vanukasta muistuttava koostumus, jossa on hienovarainen ripaus kookosmaitoa, joka harmonisoi t\u00e4ydellisesti funktionaalisten tuotteiden maun ja aromin. <\/p>\n<p>&nbsp;<\/p>\n","protected":false},"excerpt":{"rendered":"<p>Vanilja-aromi on klassisin ruoka-aromi. Vaihtoehdosta riippuen se voi heijastaa aidon vaniljatangon luonnetta, olla kermaisempi, vanukasmainen tai jopa mantelin, aniksen tai karamellin s\u00e4vyill\u00e4 rikastettu. <\/p>\n","protected":false},"featured_media":39265,"template":"","meta":{"_acf_changed":false},"product_brand":[],"product_cat":[7597],"product_tag":[],"class_list":{"0":"post-39369","1":"product","2":"type-product","3":"status-publish","4":"has-post-thumbnail","6":"product_cat-jalkiruoka-aromit","8":"first","9":"instock","10":"shipping-taxable","11":"product-type-simple"},"acf":[],"yoast_head":"<!-- This site is optimized with the Yoast SEO plugin v27.4 - https:\/\/yoast.com\/product\/yoast-seo-wordpress\/ -->\n<title>Vanilja-aromi - Tukkudistribuutio<\/title>\n<meta name=\"description\" content=\"Vanilja-aromi on yksi klassisimmista ja monipuolisimmista elintarvike- ja kosmetiikkateollisuudessa k\u00e4ytett\u00e4vist\u00e4 aromeista.\" \/>\n<meta name=\"robots\" content=\"index, follow, max-snippet:-1, max-image-preview:large, max-video-preview:-1\" \/>\n<link rel=\"canonical\" href=\"https:\/\/naturalpoland.com\/fi\/tuotteet\/elintarviketeollisuuden-tuotteet\/aromit\/jalkiruoka-aromit\/vanilja-aromi\/\" \/>\n<meta property=\"og:locale\" content=\"fi_FI\" \/>\n<meta property=\"og:type\" content=\"article\" \/>\n<meta property=\"og:title\" content=\"Vanilja-aromi - Tukkudistribuutio\" \/>\n<meta property=\"og:description\" content=\"Vanilja-aromi on yksi klassisimmista ja monipuolisimmista elintarvike- ja kosmetiikkateollisuudessa k\u00e4ytett\u00e4vist\u00e4 aromeista.\" \/>\n<meta property=\"og:url\" content=\"https:\/\/naturalpoland.com\/fi\/tuotteet\/elintarviketeollisuuden-tuotteet\/aromit\/jalkiruoka-aromit\/vanilja-aromi\/\" \/>\n<meta property=\"og:site_name\" content=\"NATURAL POLAND - RAAKA-AINEIDEN TUKKUJAKELIJA\" \/>\n<meta property=\"article:publisher\" content=\"https:\/\/www.facebook.com\/naturalpoland.b2b\" \/>\n<meta property=\"article:modified_time\" content=\"2025-02-07T13:58:52+00:00\" \/>\n<meta property=\"og:image\" content=\"https:\/\/naturalpoland.com\/wp-content\/uploads\/aromat-waniliowy.webp\" \/>\n\t<meta property=\"og:image:width\" content=\"596\" \/>\n\t<meta property=\"og:image:height\" content=\"596\" \/>\n\t<meta property=\"og:image:type\" content=\"image\/webp\" \/>\n<script type=\"application\/ld+json\" class=\"yoast-schema-graph\">{\"@context\":\"https:\\\/\\\/schema.org\",\"@graph\":[{\"@type\":\"WebPage\",\"@id\":\"https:\\\/\\\/naturalpoland.com\\\/fi\\\/tuotteet\\\/elintarviketeollisuuden-tuotteet\\\/aromit\\\/jalkiruoka-aromit\\\/vanilja-aromi\\\/\",\"url\":\"https:\\\/\\\/naturalpoland.com\\\/fi\\\/tuotteet\\\/elintarviketeollisuuden-tuotteet\\\/aromit\\\/jalkiruoka-aromit\\\/vanilja-aromi\\\/\",\"name\":\"Vanilja-aromi - Tukkudistribuutio\",\"isPartOf\":{\"@id\":\"https:\\\/\\\/naturalpoland.com\\\/fi\\\/#website\"},\"primaryImageOfPage\":{\"@id\":\"https:\\\/\\\/naturalpoland.com\\\/fi\\\/tuotteet\\\/elintarviketeollisuuden-tuotteet\\\/aromit\\\/jalkiruoka-aromit\\\/vanilja-aromi\\\/#primaryimage\"},\"image\":{\"@id\":\"https:\\\/\\\/naturalpoland.com\\\/fi\\\/tuotteet\\\/elintarviketeollisuuden-tuotteet\\\/aromit\\\/jalkiruoka-aromit\\\/vanilja-aromi\\\/#primaryimage\"},\"thumbnailUrl\":\"https:\\\/\\\/naturalpoland.com\\\/wp-content\\\/uploads\\\/aromat-waniliowy.webp\",\"datePublished\":\"2025-02-07T11:46:15+00:00\",\"dateModified\":\"2025-02-07T13:58:52+00:00\",\"description\":\"Vanilja-aromi on yksi klassisimmista ja monipuolisimmista elintarvike- ja kosmetiikkateollisuudessa k\u00e4ytett\u00e4vist\u00e4 aromeista.\",\"breadcrumb\":{\"@id\":\"https:\\\/\\\/naturalpoland.com\\\/fi\\\/tuotteet\\\/elintarviketeollisuuden-tuotteet\\\/aromit\\\/jalkiruoka-aromit\\\/vanilja-aromi\\\/#breadcrumb\"},\"inLanguage\":\"fi\",\"potentialAction\":[{\"@type\":\"ReadAction\",\"target\":[\"https:\\\/\\\/naturalpoland.com\\\/fi\\\/tuotteet\\\/elintarviketeollisuuden-tuotteet\\\/aromit\\\/jalkiruoka-aromit\\\/vanilja-aromi\\\/\"]}]},{\"@type\":\"ImageObject\",\"inLanguage\":\"fi\",\"@id\":\"https:\\\/\\\/naturalpoland.com\\\/fi\\\/tuotteet\\\/elintarviketeollisuuden-tuotteet\\\/aromit\\\/jalkiruoka-aromit\\\/vanilja-aromi\\\/#primaryimage\",\"url\":\"https:\\\/\\\/naturalpoland.com\\\/wp-content\\\/uploads\\\/aromat-waniliowy.webp\",\"contentUrl\":\"https:\\\/\\\/naturalpoland.com\\\/wp-content\\\/uploads\\\/aromat-waniliowy.webp\",\"width\":596,\"height\":596,\"caption\":\"aromat waniliowy p\u0142ynny i proszkowy\"},{\"@type\":\"BreadcrumbList\",\"@id\":\"https:\\\/\\\/naturalpoland.com\\\/fi\\\/tuotteet\\\/elintarviketeollisuuden-tuotteet\\\/aromit\\\/jalkiruoka-aromit\\\/vanilja-aromi\\\/#breadcrumb\",\"itemListElement\":[{\"@type\":\"ListItem\",\"position\":1,\"name\":\"Etusivu\",\"item\":\"https:\\\/\\\/naturalpoland.com\\\/fi\\\/\"},{\"@type\":\"ListItem\",\"position\":2,\"name\":\"Tuotteet\",\"item\":\"https:\\\/\\\/naturalpoland.com\\\/fi\\\/tuotteet\\\/\"},{\"@type\":\"ListItem\",\"position\":3,\"name\":\"Vanilja-aromi\"}]},{\"@type\":\"WebSite\",\"@id\":\"https:\\\/\\\/naturalpoland.com\\\/fi\\\/#website\",\"url\":\"https:\\\/\\\/naturalpoland.com\\\/fi\\\/\",\"name\":\"NATURAL POLAND - RAAKA-AINEIDEN TUKKUJAKELIJA\",\"description\":\"Surowce dla przemys\u0142u spo\u017cywczego, kosmetycznego i farmaceutycznego\",\"publisher\":{\"@id\":\"https:\\\/\\\/naturalpoland.com\\\/fi\\\/#organization\"},\"potentialAction\":[{\"@type\":\"SearchAction\",\"target\":{\"@type\":\"EntryPoint\",\"urlTemplate\":\"https:\\\/\\\/naturalpoland.com\\\/fi\\\/?s={search_term_string}\"},\"query-input\":{\"@type\":\"PropertyValueSpecification\",\"valueRequired\":true,\"valueName\":\"search_term_string\"}}],\"inLanguage\":\"fi\"},{\"@type\":\"Organization\",\"@id\":\"https:\\\/\\\/naturalpoland.com\\\/fi\\\/#organization\",\"name\":\"Natural Poland\",\"url\":\"https:\\\/\\\/naturalpoland.com\\\/fi\\\/\",\"logo\":{\"@type\":\"ImageObject\",\"inLanguage\":\"fi\",\"@id\":\"https:\\\/\\\/naturalpoland.com\\\/fi\\\/#\\\/schema\\\/logo\\\/image\\\/\",\"url\":\"https:\\\/\\\/naturalpoland.com\\\/wp-content\\\/uploads\\\/2021\\\/05\\\/natural-poland-icon.png\",\"contentUrl\":\"https:\\\/\\\/naturalpoland.com\\\/wp-content\\\/uploads\\\/2021\\\/05\\\/natural-poland-icon.png\",\"width\":512,\"height\":512,\"caption\":\"Natural Poland\"},\"image\":{\"@id\":\"https:\\\/\\\/naturalpoland.com\\\/fi\\\/#\\\/schema\\\/logo\\\/image\\\/\"},\"sameAs\":[\"https:\\\/\\\/www.facebook.com\\\/naturalpoland.b2b\",\"https:\\\/\\\/pl.linkedin.com\\\/company\\\/natural-poland\",\"https:\\\/\\\/www.youtube.com\\\/channel\\\/UCgeGGkvOMahZo-xu_MSEWxg\"]}]}<\/script>\n<!-- \/ Yoast SEO plugin. -->","yoast_head_json":{"title":"Vanilja-aromi - Tukkudistribuutio","description":"Vanilja-aromi on yksi klassisimmista ja monipuolisimmista elintarvike- ja kosmetiikkateollisuudessa k\u00e4ytett\u00e4vist\u00e4 aromeista.","robots":{"index":"index","follow":"follow","max-snippet":"max-snippet:-1","max-image-preview":"max-image-preview:large","max-video-preview":"max-video-preview:-1"},"canonical":"https:\/\/naturalpoland.com\/fi\/tuotteet\/elintarviketeollisuuden-tuotteet\/aromit\/jalkiruoka-aromit\/vanilja-aromi\/","og_locale":"fi_FI","og_type":"article","og_title":"Vanilja-aromi - Tukkudistribuutio","og_description":"Vanilja-aromi on yksi klassisimmista ja monipuolisimmista elintarvike- ja kosmetiikkateollisuudessa k\u00e4ytett\u00e4vist\u00e4 aromeista.","og_url":"https:\/\/naturalpoland.com\/fi\/tuotteet\/elintarviketeollisuuden-tuotteet\/aromit\/jalkiruoka-aromit\/vanilja-aromi\/","og_site_name":"NATURAL POLAND - RAAKA-AINEIDEN TUKKUJAKELIJA","article_publisher":"https:\/\/www.facebook.com\/naturalpoland.b2b","article_modified_time":"2025-02-07T13:58:52+00:00","og_image":[{"width":596,"height":596,"url":"https:\/\/naturalpoland.com\/wp-content\/uploads\/aromat-waniliowy.webp","type":"image\/webp"}],"schema":{"@context":"https:\/\/schema.org","@graph":[{"@type":"WebPage","@id":"https:\/\/naturalpoland.com\/fi\/tuotteet\/elintarviketeollisuuden-tuotteet\/aromit\/jalkiruoka-aromit\/vanilja-aromi\/","url":"https:\/\/naturalpoland.com\/fi\/tuotteet\/elintarviketeollisuuden-tuotteet\/aromit\/jalkiruoka-aromit\/vanilja-aromi\/","name":"Vanilja-aromi - Tukkudistribuutio","isPartOf":{"@id":"https:\/\/naturalpoland.com\/fi\/#website"},"primaryImageOfPage":{"@id":"https:\/\/naturalpoland.com\/fi\/tuotteet\/elintarviketeollisuuden-tuotteet\/aromit\/jalkiruoka-aromit\/vanilja-aromi\/#primaryimage"},"image":{"@id":"https:\/\/naturalpoland.com\/fi\/tuotteet\/elintarviketeollisuuden-tuotteet\/aromit\/jalkiruoka-aromit\/vanilja-aromi\/#primaryimage"},"thumbnailUrl":"https:\/\/naturalpoland.com\/wp-content\/uploads\/aromat-waniliowy.webp","datePublished":"2025-02-07T11:46:15+00:00","dateModified":"2025-02-07T13:58:52+00:00","description":"Vanilja-aromi on yksi klassisimmista ja monipuolisimmista elintarvike- ja kosmetiikkateollisuudessa k\u00e4ytett\u00e4vist\u00e4 aromeista.","breadcrumb":{"@id":"https:\/\/naturalpoland.com\/fi\/tuotteet\/elintarviketeollisuuden-tuotteet\/aromit\/jalkiruoka-aromit\/vanilja-aromi\/#breadcrumb"},"inLanguage":"fi","potentialAction":[{"@type":"ReadAction","target":["https:\/\/naturalpoland.com\/fi\/tuotteet\/elintarviketeollisuuden-tuotteet\/aromit\/jalkiruoka-aromit\/vanilja-aromi\/"]}]},{"@type":"ImageObject","inLanguage":"fi","@id":"https:\/\/naturalpoland.com\/fi\/tuotteet\/elintarviketeollisuuden-tuotteet\/aromit\/jalkiruoka-aromit\/vanilja-aromi\/#primaryimage","url":"https:\/\/naturalpoland.com\/wp-content\/uploads\/aromat-waniliowy.webp","contentUrl":"https:\/\/naturalpoland.com\/wp-content\/uploads\/aromat-waniliowy.webp","width":596,"height":596,"caption":"aromat waniliowy p\u0142ynny i proszkowy"},{"@type":"BreadcrumbList","@id":"https:\/\/naturalpoland.com\/fi\/tuotteet\/elintarviketeollisuuden-tuotteet\/aromit\/jalkiruoka-aromit\/vanilja-aromi\/#breadcrumb","itemListElement":[{"@type":"ListItem","position":1,"name":"Etusivu","item":"https:\/\/naturalpoland.com\/fi\/"},{"@type":"ListItem","position":2,"name":"Tuotteet","item":"https:\/\/naturalpoland.com\/fi\/tuotteet\/"},{"@type":"ListItem","position":3,"name":"Vanilja-aromi"}]},{"@type":"WebSite","@id":"https:\/\/naturalpoland.com\/fi\/#website","url":"https:\/\/naturalpoland.com\/fi\/","name":"NATURAL POLAND - RAAKA-AINEIDEN TUKKUJAKELIJA","description":"Surowce dla przemys\u0142u spo\u017cywczego, kosmetycznego i farmaceutycznego","publisher":{"@id":"https:\/\/naturalpoland.com\/fi\/#organization"},"potentialAction":[{"@type":"SearchAction","target":{"@type":"EntryPoint","urlTemplate":"https:\/\/naturalpoland.com\/fi\/?s={search_term_string}"},"query-input":{"@type":"PropertyValueSpecification","valueRequired":true,"valueName":"search_term_string"}}],"inLanguage":"fi"},{"@type":"Organization","@id":"https:\/\/naturalpoland.com\/fi\/#organization","name":"Natural Poland","url":"https:\/\/naturalpoland.com\/fi\/","logo":{"@type":"ImageObject","inLanguage":"fi","@id":"https:\/\/naturalpoland.com\/fi\/#\/schema\/logo\/image\/","url":"https:\/\/naturalpoland.com\/wp-content\/uploads\/2021\/05\/natural-poland-icon.png","contentUrl":"https:\/\/naturalpoland.com\/wp-content\/uploads\/2021\/05\/natural-poland-icon.png","width":512,"height":512,"caption":"Natural Poland"},"image":{"@id":"https:\/\/naturalpoland.com\/fi\/#\/schema\/logo\/image\/"},"sameAs":["https:\/\/www.facebook.com\/naturalpoland.b2b","https:\/\/pl.linkedin.com\/company\/natural-poland","https:\/\/www.youtube.com\/channel\/UCgeGGkvOMahZo-xu_MSEWxg"]}]}},"_links":{"self":[{"href":"https:\/\/naturalpoland.com\/fi\/wp-json\/wp\/v2\/product\/39369","targetHints":{"allow":["GET"]}}],"collection":[{"href":"https:\/\/naturalpoland.com\/fi\/wp-json\/wp\/v2\/product"}],"about":[{"href":"https:\/\/naturalpoland.com\/fi\/wp-json\/wp\/v2\/types\/product"}],"wp:featuredmedia":[{"embeddable":true,"href":"https:\/\/naturalpoland.com\/fi\/wp-json\/wp\/v2\/media\/39265"}],"wp:attachment":[{"href":"https:\/\/naturalpoland.com\/fi\/wp-json\/wp\/v2\/media?parent=39369"}],"wp:term":[{"taxonomy":"product_brand","embeddable":true,"href":"https:\/\/naturalpoland.com\/fi\/wp-json\/wp\/v2\/product_brand?post=39369"},{"taxonomy":"product_cat","embeddable":true,"href":"https:\/\/naturalpoland.com\/fi\/wp-json\/wp\/v2\/product_cat?post=39369"},{"taxonomy":"product_tag","embeddable":true,"href":"https:\/\/naturalpoland.com\/fi\/wp-json\/wp\/v2\/product_tag?post=39369"}],"curies":[{"name":"wp","href":"https:\/\/api.w.org\/{rel}","templated":true}]}}