{"id":39386,"date":"2025-02-07T13:11:39","date_gmt":"2025-02-07T12:11:39","guid":{"rendered":"https:\/\/naturalpoland.com\/produkty\/Ei-luokiteltu\/kookosaromi\/"},"modified":"2025-02-07T15:15:06","modified_gmt":"2025-02-07T14:15:06","slug":"kookosaromi","status":"publish","type":"product","link":"https:\/\/naturalpoland.com\/fi\/tuotteet\/elintarviketeollisuuden-tuotteet\/aromit\/pahkinaaromit\/kookosaromi\/","title":{"rendered":"Kookosaromi"},"content":{"rendered":"<h2>Kookoksen makuvaihtoehdot:<\/h2>\n<ol>\n<li><strong>WONF-kookosaromi, <\/strong>luonnollinen nestem\u00e4inen aromi, kest\u00e4\u00e4 korkeita l\u00e4mp\u00f6tiloja. Sen aromissa yhdistyv\u00e4t kookosp\u00e4hkin\u00e4n tihe\u00e4, maitomainen luonne ja raikkaan lastun hento vivahde. Suositellaan maitotuotteiden j\u00e4lkiruokiin, j\u00e4\u00e4tel\u00f6\u00f6n, kakkuihin ja leivonnaisiin. Kest\u00e4\u00e4 l\u00e4mp\u00f6k\u00e4sittely\u00e4, joten sit\u00e4 voidaan k\u00e4ytt\u00e4\u00e4 leivonnaisissa ja tuotteissa, joissa vaaditaan aromin pysyvyytt\u00e4 korkeissa l\u00e4mp\u00f6tiloissa.   <\/li>\n<li><strong>Nestem\u00e4isess\u00e4 kookosmaitoaromissa<\/strong> on maitosuklaan ja kookosmaidon makea aromi. Se sekoittuu hyvin makeisvoiteisiin, praline-t\u00e4ytteisiin ja maitojuomiin. <\/li>\n<li><strong>Kookosmaku, jossa on ripaus kuivaa kookoslastua<\/strong>, on vaihtoehto niille, jotka haluavat aidompia, raakoja kookosp\u00e4hkin\u00e4n s\u00e4vyj\u00e4 &#8211; sopii t\u00e4ydellisesti tuotteisiin, joissa on selke\u00e4, luonnollinen makuprofiili.<\/li>\n<li>Monipuolisimpiin koostumuksiin kuuluu <strong>ruokahalua her\u00e4tt\u00e4v\u00e4 makea kookosaromi<\/strong>, jota on saatavana sek\u00e4 nestem\u00e4isen\u00e4 ett\u00e4 tiivistetyss\u00e4 muodossa. Siin\u00e4 on klassinen, intensiivinen kookosaromi, jota voidaan k\u00e4ytt\u00e4\u00e4 juomissa ja makeisissa ja jopa kosmetiikassa. <\/li>\n<li>Valmistajille, jotka suosivat jauhemaista muotoa, on saatavilla <strong>kookosaromijauhetta<\/strong>, jonka aromi on makea ja ruokahalua her\u00e4tt\u00e4v\u00e4. Sit\u00e4 suositellaan k\u00e4ytett\u00e4v\u00e4ksi kuivissa tuotteissa, kuten leivontasekoituksissa, proteiinipatukoissa, mysleiss\u00e4 tai proteiinilisiss\u00e4. Se mahdollistaa vakaan maun ja aromin.  <\/li>\n<li>Sen lis\u00e4ksi, ett\u00e4 se antaa tuotteelle miellytt\u00e4v\u00e4n kookosmaisen s\u00e4vyn, kookosp\u00e4hkin\u00e4n <strong>peitt\u00e4v\u00e4 aromijauhe<\/strong> neutraloi tehokkaasti ei-toivottuja makuja ja hajuja. Sit\u00e4 suositellaan lis\u00e4tt\u00e4v\u00e4ksi ravintolisiin, ravintolisiin ja funktionaalisiin kasvisjuomiin. <\/li>\n<\/ol>\n","protected":false},"excerpt":{"rendered":"<p>Kookosaromi tuo tuotteisiin eksoottisen vivahteen, joka liittyy kookosmaitoon, kookoslastuihin ja trooppisten j\u00e4lkiruokien makeuteen. Sit\u00e4 k\u00e4ytet\u00e4\u00e4n elintarvike-, makeis-, leipomo- ja kosmetiikkateollisuudessa. <\/p>\n","protected":false},"featured_media":39278,"template":"","meta":{"_acf_changed":false},"product_brand":[],"product_cat":[7600,7599],"product_tag":[],"class_list":{"0":"post-39386","1":"product","2":"type-product","3":"status-publish","4":"has-post-thumbnail","6":"product_cat-hedelmaaromit","7":"product_cat-pahkinaaromit","9":"first","10":"instock","11":"shipping-taxable","12":"product-type-simple"},"acf":[],"yoast_head":"<!-- This site is optimized with the Yoast SEO plugin v27.4 - https:\/\/yoast.com\/product\/yoast-seo-wordpress\/ -->\n<title>Kookosaromi - Tukkudistribuutio<\/title>\n<meta name=\"description\" content=\"Kookosaromi on ainutlaatuinen ainesosa, joka tuo tuotteisiin eksoottisen vivahteen, joka liittyy kookosmaitoon ja kookoslastuihin.\" \/>\n<meta name=\"robots\" content=\"index, follow, max-snippet:-1, max-image-preview:large, max-video-preview:-1\" \/>\n<link rel=\"canonical\" href=\"https:\/\/naturalpoland.com\/fi\/tuotteet\/elintarviketeollisuuden-tuotteet\/aromit\/pahkinaaromit\/kookosaromi\/\" \/>\n<meta property=\"og:locale\" content=\"fi_FI\" \/>\n<meta property=\"og:type\" content=\"article\" \/>\n<meta property=\"og:title\" content=\"Kookosaromi - Tukkudistribuutio\" \/>\n<meta property=\"og:description\" content=\"Kookosaromi on ainutlaatuinen ainesosa, joka tuo tuotteisiin eksoottisen vivahteen, joka liittyy kookosmaitoon ja kookoslastuihin.\" \/>\n<meta property=\"og:url\" content=\"https:\/\/naturalpoland.com\/fi\/tuotteet\/elintarviketeollisuuden-tuotteet\/aromit\/pahkinaaromit\/kookosaromi\/\" \/>\n<meta property=\"og:site_name\" content=\"NATURAL POLAND - RAAKA-AINEIDEN TUKKUJAKELIJA\" \/>\n<meta property=\"article:publisher\" content=\"https:\/\/www.facebook.com\/naturalpoland.b2b\" \/>\n<meta property=\"article:modified_time\" content=\"2025-02-07T14:15:06+00:00\" \/>\n<meta property=\"og:image\" content=\"https:\/\/naturalpoland.com\/wp-content\/uploads\/aromat-kokosowy.webp\" \/>\n\t<meta property=\"og:image:width\" content=\"596\" \/>\n\t<meta property=\"og:image:height\" content=\"596\" \/>\n\t<meta property=\"og:image:type\" content=\"image\/webp\" \/>\n<script type=\"application\/ld+json\" class=\"yoast-schema-graph\">{\"@context\":\"https:\\\/\\\/schema.org\",\"@graph\":[{\"@type\":\"WebPage\",\"@id\":\"https:\\\/\\\/naturalpoland.com\\\/fi\\\/tuotteet\\\/elintarviketeollisuuden-tuotteet\\\/aromit\\\/pahkinaaromit\\\/kookosaromi\\\/\",\"url\":\"https:\\\/\\\/naturalpoland.com\\\/fi\\\/tuotteet\\\/elintarviketeollisuuden-tuotteet\\\/aromit\\\/pahkinaaromit\\\/kookosaromi\\\/\",\"name\":\"Kookosaromi - Tukkudistribuutio\",\"isPartOf\":{\"@id\":\"https:\\\/\\\/naturalpoland.com\\\/fi\\\/#website\"},\"primaryImageOfPage\":{\"@id\":\"https:\\\/\\\/naturalpoland.com\\\/fi\\\/tuotteet\\\/elintarviketeollisuuden-tuotteet\\\/aromit\\\/pahkinaaromit\\\/kookosaromi\\\/#primaryimage\"},\"image\":{\"@id\":\"https:\\\/\\\/naturalpoland.com\\\/fi\\\/tuotteet\\\/elintarviketeollisuuden-tuotteet\\\/aromit\\\/pahkinaaromit\\\/kookosaromi\\\/#primaryimage\"},\"thumbnailUrl\":\"https:\\\/\\\/naturalpoland.com\\\/wp-content\\\/uploads\\\/aromat-kokosowy.webp\",\"datePublished\":\"2025-02-07T12:11:39+00:00\",\"dateModified\":\"2025-02-07T14:15:06+00:00\",\"description\":\"Kookosaromi on ainutlaatuinen ainesosa, joka tuo tuotteisiin eksoottisen vivahteen, joka liittyy kookosmaitoon ja kookoslastuihin.\",\"breadcrumb\":{\"@id\":\"https:\\\/\\\/naturalpoland.com\\\/fi\\\/tuotteet\\\/elintarviketeollisuuden-tuotteet\\\/aromit\\\/pahkinaaromit\\\/kookosaromi\\\/#breadcrumb\"},\"inLanguage\":\"fi\",\"potentialAction\":[{\"@type\":\"ReadAction\",\"target\":[\"https:\\\/\\\/naturalpoland.com\\\/fi\\\/tuotteet\\\/elintarviketeollisuuden-tuotteet\\\/aromit\\\/pahkinaaromit\\\/kookosaromi\\\/\"]}]},{\"@type\":\"ImageObject\",\"inLanguage\":\"fi\",\"@id\":\"https:\\\/\\\/naturalpoland.com\\\/fi\\\/tuotteet\\\/elintarviketeollisuuden-tuotteet\\\/aromit\\\/pahkinaaromit\\\/kookosaromi\\\/#primaryimage\",\"url\":\"https:\\\/\\\/naturalpoland.com\\\/wp-content\\\/uploads\\\/aromat-kokosowy.webp\",\"contentUrl\":\"https:\\\/\\\/naturalpoland.com\\\/wp-content\\\/uploads\\\/aromat-kokosowy.webp\",\"width\":596,\"height\":596,\"caption\":\"aromat kokosowy p\u0142ynny i proszkowy\"},{\"@type\":\"BreadcrumbList\",\"@id\":\"https:\\\/\\\/naturalpoland.com\\\/fi\\\/tuotteet\\\/elintarviketeollisuuden-tuotteet\\\/aromit\\\/pahkinaaromit\\\/kookosaromi\\\/#breadcrumb\",\"itemListElement\":[{\"@type\":\"ListItem\",\"position\":1,\"name\":\"Etusivu\",\"item\":\"https:\\\/\\\/naturalpoland.com\\\/fi\\\/\"},{\"@type\":\"ListItem\",\"position\":2,\"name\":\"Tuotteet\",\"item\":\"https:\\\/\\\/naturalpoland.com\\\/fi\\\/tuotteet\\\/\"},{\"@type\":\"ListItem\",\"position\":3,\"name\":\"Kookosaromi\"}]},{\"@type\":\"WebSite\",\"@id\":\"https:\\\/\\\/naturalpoland.com\\\/fi\\\/#website\",\"url\":\"https:\\\/\\\/naturalpoland.com\\\/fi\\\/\",\"name\":\"NATURAL POLAND - RAAKA-AINEIDEN TUKKUJAKELIJA\",\"description\":\"Surowce dla przemys\u0142u spo\u017cywczego, kosmetycznego i farmaceutycznego\",\"publisher\":{\"@id\":\"https:\\\/\\\/naturalpoland.com\\\/fi\\\/#organization\"},\"potentialAction\":[{\"@type\":\"SearchAction\",\"target\":{\"@type\":\"EntryPoint\",\"urlTemplate\":\"https:\\\/\\\/naturalpoland.com\\\/fi\\\/?s={search_term_string}\"},\"query-input\":{\"@type\":\"PropertyValueSpecification\",\"valueRequired\":true,\"valueName\":\"search_term_string\"}}],\"inLanguage\":\"fi\"},{\"@type\":\"Organization\",\"@id\":\"https:\\\/\\\/naturalpoland.com\\\/fi\\\/#organization\",\"name\":\"Natural Poland\",\"url\":\"https:\\\/\\\/naturalpoland.com\\\/fi\\\/\",\"logo\":{\"@type\":\"ImageObject\",\"inLanguage\":\"fi\",\"@id\":\"https:\\\/\\\/naturalpoland.com\\\/fi\\\/#\\\/schema\\\/logo\\\/image\\\/\",\"url\":\"https:\\\/\\\/naturalpoland.com\\\/wp-content\\\/uploads\\\/2021\\\/05\\\/natural-poland-icon.png\",\"contentUrl\":\"https:\\\/\\\/naturalpoland.com\\\/wp-content\\\/uploads\\\/2021\\\/05\\\/natural-poland-icon.png\",\"width\":512,\"height\":512,\"caption\":\"Natural Poland\"},\"image\":{\"@id\":\"https:\\\/\\\/naturalpoland.com\\\/fi\\\/#\\\/schema\\\/logo\\\/image\\\/\"},\"sameAs\":[\"https:\\\/\\\/www.facebook.com\\\/naturalpoland.b2b\",\"https:\\\/\\\/pl.linkedin.com\\\/company\\\/natural-poland\",\"https:\\\/\\\/www.youtube.com\\\/channel\\\/UCgeGGkvOMahZo-xu_MSEWxg\"]}]}<\/script>\n<!-- \/ Yoast SEO plugin. -->","yoast_head_json":{"title":"Kookosaromi - Tukkudistribuutio","description":"Kookosaromi on ainutlaatuinen ainesosa, joka tuo tuotteisiin eksoottisen vivahteen, joka liittyy kookosmaitoon ja kookoslastuihin.","robots":{"index":"index","follow":"follow","max-snippet":"max-snippet:-1","max-image-preview":"max-image-preview:large","max-video-preview":"max-video-preview:-1"},"canonical":"https:\/\/naturalpoland.com\/fi\/tuotteet\/elintarviketeollisuuden-tuotteet\/aromit\/pahkinaaromit\/kookosaromi\/","og_locale":"fi_FI","og_type":"article","og_title":"Kookosaromi - Tukkudistribuutio","og_description":"Kookosaromi on ainutlaatuinen ainesosa, joka tuo tuotteisiin eksoottisen vivahteen, joka liittyy kookosmaitoon ja kookoslastuihin.","og_url":"https:\/\/naturalpoland.com\/fi\/tuotteet\/elintarviketeollisuuden-tuotteet\/aromit\/pahkinaaromit\/kookosaromi\/","og_site_name":"NATURAL POLAND - RAAKA-AINEIDEN TUKKUJAKELIJA","article_publisher":"https:\/\/www.facebook.com\/naturalpoland.b2b","article_modified_time":"2025-02-07T14:15:06+00:00","og_image":[{"width":596,"height":596,"url":"https:\/\/naturalpoland.com\/wp-content\/uploads\/aromat-kokosowy.webp","type":"image\/webp"}],"schema":{"@context":"https:\/\/schema.org","@graph":[{"@type":"WebPage","@id":"https:\/\/naturalpoland.com\/fi\/tuotteet\/elintarviketeollisuuden-tuotteet\/aromit\/pahkinaaromit\/kookosaromi\/","url":"https:\/\/naturalpoland.com\/fi\/tuotteet\/elintarviketeollisuuden-tuotteet\/aromit\/pahkinaaromit\/kookosaromi\/","name":"Kookosaromi - Tukkudistribuutio","isPartOf":{"@id":"https:\/\/naturalpoland.com\/fi\/#website"},"primaryImageOfPage":{"@id":"https:\/\/naturalpoland.com\/fi\/tuotteet\/elintarviketeollisuuden-tuotteet\/aromit\/pahkinaaromit\/kookosaromi\/#primaryimage"},"image":{"@id":"https:\/\/naturalpoland.com\/fi\/tuotteet\/elintarviketeollisuuden-tuotteet\/aromit\/pahkinaaromit\/kookosaromi\/#primaryimage"},"thumbnailUrl":"https:\/\/naturalpoland.com\/wp-content\/uploads\/aromat-kokosowy.webp","datePublished":"2025-02-07T12:11:39+00:00","dateModified":"2025-02-07T14:15:06+00:00","description":"Kookosaromi on ainutlaatuinen ainesosa, joka tuo tuotteisiin eksoottisen vivahteen, joka liittyy kookosmaitoon ja kookoslastuihin.","breadcrumb":{"@id":"https:\/\/naturalpoland.com\/fi\/tuotteet\/elintarviketeollisuuden-tuotteet\/aromit\/pahkinaaromit\/kookosaromi\/#breadcrumb"},"inLanguage":"fi","potentialAction":[{"@type":"ReadAction","target":["https:\/\/naturalpoland.com\/fi\/tuotteet\/elintarviketeollisuuden-tuotteet\/aromit\/pahkinaaromit\/kookosaromi\/"]}]},{"@type":"ImageObject","inLanguage":"fi","@id":"https:\/\/naturalpoland.com\/fi\/tuotteet\/elintarviketeollisuuden-tuotteet\/aromit\/pahkinaaromit\/kookosaromi\/#primaryimage","url":"https:\/\/naturalpoland.com\/wp-content\/uploads\/aromat-kokosowy.webp","contentUrl":"https:\/\/naturalpoland.com\/wp-content\/uploads\/aromat-kokosowy.webp","width":596,"height":596,"caption":"aromat kokosowy p\u0142ynny i proszkowy"},{"@type":"BreadcrumbList","@id":"https:\/\/naturalpoland.com\/fi\/tuotteet\/elintarviketeollisuuden-tuotteet\/aromit\/pahkinaaromit\/kookosaromi\/#breadcrumb","itemListElement":[{"@type":"ListItem","position":1,"name":"Etusivu","item":"https:\/\/naturalpoland.com\/fi\/"},{"@type":"ListItem","position":2,"name":"Tuotteet","item":"https:\/\/naturalpoland.com\/fi\/tuotteet\/"},{"@type":"ListItem","position":3,"name":"Kookosaromi"}]},{"@type":"WebSite","@id":"https:\/\/naturalpoland.com\/fi\/#website","url":"https:\/\/naturalpoland.com\/fi\/","name":"NATURAL POLAND - RAAKA-AINEIDEN TUKKUJAKELIJA","description":"Surowce dla przemys\u0142u spo\u017cywczego, kosmetycznego i farmaceutycznego","publisher":{"@id":"https:\/\/naturalpoland.com\/fi\/#organization"},"potentialAction":[{"@type":"SearchAction","target":{"@type":"EntryPoint","urlTemplate":"https:\/\/naturalpoland.com\/fi\/?s={search_term_string}"},"query-input":{"@type":"PropertyValueSpecification","valueRequired":true,"valueName":"search_term_string"}}],"inLanguage":"fi"},{"@type":"Organization","@id":"https:\/\/naturalpoland.com\/fi\/#organization","name":"Natural Poland","url":"https:\/\/naturalpoland.com\/fi\/","logo":{"@type":"ImageObject","inLanguage":"fi","@id":"https:\/\/naturalpoland.com\/fi\/#\/schema\/logo\/image\/","url":"https:\/\/naturalpoland.com\/wp-content\/uploads\/2021\/05\/natural-poland-icon.png","contentUrl":"https:\/\/naturalpoland.com\/wp-content\/uploads\/2021\/05\/natural-poland-icon.png","width":512,"height":512,"caption":"Natural Poland"},"image":{"@id":"https:\/\/naturalpoland.com\/fi\/#\/schema\/logo\/image\/"},"sameAs":["https:\/\/www.facebook.com\/naturalpoland.b2b","https:\/\/pl.linkedin.com\/company\/natural-poland","https:\/\/www.youtube.com\/channel\/UCgeGGkvOMahZo-xu_MSEWxg"]}]}},"_links":{"self":[{"href":"https:\/\/naturalpoland.com\/fi\/wp-json\/wp\/v2\/product\/39386","targetHints":{"allow":["GET"]}}],"collection":[{"href":"https:\/\/naturalpoland.com\/fi\/wp-json\/wp\/v2\/product"}],"about":[{"href":"https:\/\/naturalpoland.com\/fi\/wp-json\/wp\/v2\/types\/product"}],"wp:featuredmedia":[{"embeddable":true,"href":"https:\/\/naturalpoland.com\/fi\/wp-json\/wp\/v2\/media\/39278"}],"wp:attachment":[{"href":"https:\/\/naturalpoland.com\/fi\/wp-json\/wp\/v2\/media?parent=39386"}],"wp:term":[{"taxonomy":"product_brand","embeddable":true,"href":"https:\/\/naturalpoland.com\/fi\/wp-json\/wp\/v2\/product_brand?post=39386"},{"taxonomy":"product_cat","embeddable":true,"href":"https:\/\/naturalpoland.com\/fi\/wp-json\/wp\/v2\/product_cat?post=39386"},{"taxonomy":"product_tag","embeddable":true,"href":"https:\/\/naturalpoland.com\/fi\/wp-json\/wp\/v2\/product_tag?post=39386"}],"curies":[{"name":"wp","href":"https:\/\/api.w.org\/{rel}","templated":true}]}}