{"id":39395,"date":"2025-02-07T13:34:05","date_gmt":"2025-02-07T12:34:05","guid":{"rendered":"https:\/\/naturalpoland.com\/produkty\/Ei-luokiteltu\/mansikan-aromi\/"},"modified":"2025-02-07T15:15:20","modified_gmt":"2025-02-07T14:15:20","slug":"mansikan-aromi","status":"publish","type":"product","link":"https:\/\/naturalpoland.com\/fi\/tuotteet\/elintarviketeollisuuden-tuotteet\/aromit\/hedelmaaromit\/mansikan-aromi\/","title":{"rendered":"Mansikan aromi"},"content":{"rendered":"<h2>Luonnolliset mansikka-aromit<\/h2>\n<h3>Nestem\u00e4inen luonnollinen mansikka-aromi<\/h3>\n<p>Natural aromit ovat huippulaadukkaita koostumuksia, jotka j\u00e4ljittelev\u00e4t aidon hedelm\u00e4n tuoksua uskollisesti. <strong> WONF QUANTITATIVE TRUSCUMBER FLAVOR<\/strong> syv\u00e4n viininpunaisen luonteensa ansiosta j\u00e4ljittelee t\u00e4ydellisesti kyps\u00e4\u00e4, mehukasta mansikkaa ja kest\u00e4\u00e4 korkeita l\u00e4mp\u00f6tiloja. Sit\u00e4 suositellaan leivonnaisiin ja sovelluksiin, joissa vaaditaan l\u00e4mm\u00f6nkest\u00e4vyytt\u00e4. T\u00e4m\u00e4n maun toisessa muunnoksessa yhdistyv\u00e4t tasapainoisesti kyps\u00e4n hedelm\u00e4lihan ja hienovaraisten vihreiden s\u00e4vyjen v\u00e4lill\u00e4, jotka antavat sille raikkaan ja luonnollisen luonteen.   <\/p>\n<p><strong>NATURAL TRUSCUMBER AROMATE<\/strong> sen sijaan on klassinen, raikas ja kyps\u00e4 mansikka, jonka voimakkuus ja aitous toimivat hyvin premium-sovelluksissa.<\/p>\n<h3>Luonnollinen mansikan aromijauhe<\/h3>\n<p>Jauhemaiset aromit on suunniteltu k\u00e4ytett\u00e4v\u00e4ksi kuivasekoitustuotteissa. <strong>WONF QUALITY TRUSKberry<\/strong> -jauhearomi on burgundinpunaisen kyps\u00e4n mansikan ydin, joka vangitsee hedelm\u00e4n syvyyden ja t\u00e4ytel\u00e4isen maun. <\/p>\n<p>&nbsp;<\/p>\n<h2>Nestem\u00e4inen mansikan maku:<\/h2>\n<p>Valikoimassamme on my\u00f6s <strong>nestem\u00e4isi\u00e4 mansikan makuja, jotka ovat luonteeltaan<\/strong> erilaisia ja jotka on r\u00e4\u00e4t\u00e4l\u00f6ity elintarvikevalmistajien erityistarpeisiin: <\/p>\n<ul>\n<li><strong>TRUCK LANDRINE<\/strong> erottuu makeasta, karkkimaisesta luonteestaan, jossa on kirsikan ja vadelman vivahteita,<\/li>\n<li><strong>CONCENTRATED TRUCK<\/strong> on tuoreiden, makeiden, suoraan pensaasta poimittujen mansikoiden intensiivinen tuoksu,<\/li>\n<li><strong>Eritt\u00e4in kyps\u00e4n ja makean marjan aromi <\/strong>korostaa kyps\u00e4n hedelm\u00e4n syv\u00e4\u00e4 makua,<\/li>\n<li><strong>EXOTIC TRUSCRAVY AROMATIC<\/strong> yhdist\u00e4\u00e4 mehukkaan mansikan ja eksoottisia aksentteja,<\/li>\n<li><strong>WHITE STRAWBERRY AROMATH <\/strong>on yhdistelm\u00e4 tuoreita mansikoita ja kyps\u00e4n ananaksen mehua,<\/li>\n<li><strong>DESSERT TRUSCUMBER AROMATE<\/strong> on kermainen, maitomainen muunnos, joka sopii t\u00e4ydellisesti j\u00e4\u00e4tel\u00f6ihin, vaniljakastikkeisiin ja makeisten t\u00e4ytteisiin,<\/li>\n<li><strong>Kyps\u00e4n<\/strong> mansikan <strong>aromi<\/strong> &#8211; t\u00e4ytel\u00e4inen, mehukas mansikka,<\/li>\n<li><strong>KASHUBA TRUSKAWKA AROMATIC <\/strong>on jalostetumman mansikan arominen,<\/li>\n<li><strong>TRUSKAWAWAK PREMIUM AROMATE<\/strong> on aromikas, makea mansikka, jossa on mansikkainen korostus,<\/li>\n<li><strong>TRUSKAWAWA CAKE AROMATE<\/strong> tarjoaa hennon kerman vivahteen, joka tuo mieleen perinteiset leivonnaiset ja kermat.<\/li>\n<\/ul>\n<p>&nbsp;<\/p>\n","protected":false},"excerpt":{"rendered":"<p>Mansikka-aromi on yksi suosituimmista ja monipuolisimmista elintarviketeollisuudessa k\u00e4ytett\u00e4vist\u00e4 tuoksuista. Sen laajan muunnosvalikoiman ansiosta mansikka-aromit voidaan r\u00e4\u00e4t\u00e4l\u00f6id\u00e4 erilaisiin k\u00e4ytt\u00f6tarkoituksiin &#8211; voimakkaista, mausteisista s\u00e4vyist\u00e4 luonnollisiin koostumuksiin, jotka j\u00e4ljittelev\u00e4t tuoretta hedelm\u00e4\u00e4. <\/p>\n","protected":false},"featured_media":39292,"template":"","meta":{"_acf_changed":false},"product_brand":[],"product_cat":[7600],"product_tag":[],"class_list":{"0":"post-39395","1":"product","2":"type-product","3":"status-publish","4":"has-post-thumbnail","6":"product_cat-hedelmaaromit","8":"first","9":"instock","10":"shipping-taxable","11":"product-type-simple"},"acf":[],"yoast_head":"<!-- This site is optimized with the Yoast SEO plugin v27.4 - https:\/\/yoast.com\/product\/yoast-seo-wordpress\/ -->\n<title>Mansikan aromi - Tukkudistribuutio<\/title>\n<meta name=\"description\" content=\"Mansikka-aromi on yksi suosituimmista ja monipuolisimmista elintarvike- ja kosmetiikkateollisuudessa k\u00e4ytett\u00e4vist\u00e4 tuoksuista.\" \/>\n<meta name=\"robots\" content=\"index, follow, max-snippet:-1, max-image-preview:large, max-video-preview:-1\" \/>\n<link rel=\"canonical\" href=\"https:\/\/naturalpoland.com\/fi\/tuotteet\/elintarviketeollisuuden-tuotteet\/aromit\/hedelmaaromit\/mansikan-aromi\/\" \/>\n<meta property=\"og:locale\" content=\"fi_FI\" \/>\n<meta property=\"og:type\" content=\"article\" \/>\n<meta property=\"og:title\" content=\"Mansikan aromi - Tukkudistribuutio\" \/>\n<meta property=\"og:description\" content=\"Mansikka-aromi on yksi suosituimmista ja monipuolisimmista elintarvike- ja kosmetiikkateollisuudessa k\u00e4ytett\u00e4vist\u00e4 tuoksuista.\" \/>\n<meta property=\"og:url\" content=\"https:\/\/naturalpoland.com\/fi\/tuotteet\/elintarviketeollisuuden-tuotteet\/aromit\/hedelmaaromit\/mansikan-aromi\/\" \/>\n<meta property=\"og:site_name\" content=\"NATURAL POLAND - RAAKA-AINEIDEN TUKKUJAKELIJA\" \/>\n<meta property=\"article:publisher\" content=\"https:\/\/www.facebook.com\/naturalpoland.b2b\" \/>\n<meta property=\"article:modified_time\" content=\"2025-02-07T14:15:20+00:00\" \/>\n<meta property=\"og:image\" content=\"https:\/\/naturalpoland.com\/wp-content\/uploads\/aromat-truskawkowy.webp\" \/>\n\t<meta property=\"og:image:width\" content=\"596\" \/>\n\t<meta property=\"og:image:height\" content=\"596\" \/>\n\t<meta property=\"og:image:type\" content=\"image\/webp\" \/>\n<script type=\"application\/ld+json\" class=\"yoast-schema-graph\">{\"@context\":\"https:\\\/\\\/schema.org\",\"@graph\":[{\"@type\":\"WebPage\",\"@id\":\"https:\\\/\\\/naturalpoland.com\\\/fi\\\/tuotteet\\\/elintarviketeollisuuden-tuotteet\\\/aromit\\\/hedelmaaromit\\\/mansikan-aromi\\\/\",\"url\":\"https:\\\/\\\/naturalpoland.com\\\/fi\\\/tuotteet\\\/elintarviketeollisuuden-tuotteet\\\/aromit\\\/hedelmaaromit\\\/mansikan-aromi\\\/\",\"name\":\"Mansikan aromi - Tukkudistribuutio\",\"isPartOf\":{\"@id\":\"https:\\\/\\\/naturalpoland.com\\\/fi\\\/#website\"},\"primaryImageOfPage\":{\"@id\":\"https:\\\/\\\/naturalpoland.com\\\/fi\\\/tuotteet\\\/elintarviketeollisuuden-tuotteet\\\/aromit\\\/hedelmaaromit\\\/mansikan-aromi\\\/#primaryimage\"},\"image\":{\"@id\":\"https:\\\/\\\/naturalpoland.com\\\/fi\\\/tuotteet\\\/elintarviketeollisuuden-tuotteet\\\/aromit\\\/hedelmaaromit\\\/mansikan-aromi\\\/#primaryimage\"},\"thumbnailUrl\":\"https:\\\/\\\/naturalpoland.com\\\/wp-content\\\/uploads\\\/aromat-truskawkowy.webp\",\"datePublished\":\"2025-02-07T12:34:05+00:00\",\"dateModified\":\"2025-02-07T14:15:20+00:00\",\"description\":\"Mansikka-aromi on yksi suosituimmista ja monipuolisimmista elintarvike- ja kosmetiikkateollisuudessa k\u00e4ytett\u00e4vist\u00e4 tuoksuista.\",\"breadcrumb\":{\"@id\":\"https:\\\/\\\/naturalpoland.com\\\/fi\\\/tuotteet\\\/elintarviketeollisuuden-tuotteet\\\/aromit\\\/hedelmaaromit\\\/mansikan-aromi\\\/#breadcrumb\"},\"inLanguage\":\"fi\",\"potentialAction\":[{\"@type\":\"ReadAction\",\"target\":[\"https:\\\/\\\/naturalpoland.com\\\/fi\\\/tuotteet\\\/elintarviketeollisuuden-tuotteet\\\/aromit\\\/hedelmaaromit\\\/mansikan-aromi\\\/\"]}]},{\"@type\":\"ImageObject\",\"inLanguage\":\"fi\",\"@id\":\"https:\\\/\\\/naturalpoland.com\\\/fi\\\/tuotteet\\\/elintarviketeollisuuden-tuotteet\\\/aromit\\\/hedelmaaromit\\\/mansikan-aromi\\\/#primaryimage\",\"url\":\"https:\\\/\\\/naturalpoland.com\\\/wp-content\\\/uploads\\\/aromat-truskawkowy.webp\",\"contentUrl\":\"https:\\\/\\\/naturalpoland.com\\\/wp-content\\\/uploads\\\/aromat-truskawkowy.webp\",\"width\":596,\"height\":596,\"caption\":\"aromat truskawkowy\"},{\"@type\":\"BreadcrumbList\",\"@id\":\"https:\\\/\\\/naturalpoland.com\\\/fi\\\/tuotteet\\\/elintarviketeollisuuden-tuotteet\\\/aromit\\\/hedelmaaromit\\\/mansikan-aromi\\\/#breadcrumb\",\"itemListElement\":[{\"@type\":\"ListItem\",\"position\":1,\"name\":\"Etusivu\",\"item\":\"https:\\\/\\\/naturalpoland.com\\\/fi\\\/\"},{\"@type\":\"ListItem\",\"position\":2,\"name\":\"Tuotteet\",\"item\":\"https:\\\/\\\/naturalpoland.com\\\/fi\\\/tuotteet\\\/\"},{\"@type\":\"ListItem\",\"position\":3,\"name\":\"Mansikan aromi\"}]},{\"@type\":\"WebSite\",\"@id\":\"https:\\\/\\\/naturalpoland.com\\\/fi\\\/#website\",\"url\":\"https:\\\/\\\/naturalpoland.com\\\/fi\\\/\",\"name\":\"NATURAL POLAND - RAAKA-AINEIDEN TUKKUJAKELIJA\",\"description\":\"Surowce dla przemys\u0142u spo\u017cywczego, kosmetycznego i farmaceutycznego\",\"publisher\":{\"@id\":\"https:\\\/\\\/naturalpoland.com\\\/fi\\\/#organization\"},\"potentialAction\":[{\"@type\":\"SearchAction\",\"target\":{\"@type\":\"EntryPoint\",\"urlTemplate\":\"https:\\\/\\\/naturalpoland.com\\\/fi\\\/?s={search_term_string}\"},\"query-input\":{\"@type\":\"PropertyValueSpecification\",\"valueRequired\":true,\"valueName\":\"search_term_string\"}}],\"inLanguage\":\"fi\"},{\"@type\":\"Organization\",\"@id\":\"https:\\\/\\\/naturalpoland.com\\\/fi\\\/#organization\",\"name\":\"Natural Poland\",\"url\":\"https:\\\/\\\/naturalpoland.com\\\/fi\\\/\",\"logo\":{\"@type\":\"ImageObject\",\"inLanguage\":\"fi\",\"@id\":\"https:\\\/\\\/naturalpoland.com\\\/fi\\\/#\\\/schema\\\/logo\\\/image\\\/\",\"url\":\"https:\\\/\\\/naturalpoland.com\\\/wp-content\\\/uploads\\\/2021\\\/05\\\/natural-poland-icon.png\",\"contentUrl\":\"https:\\\/\\\/naturalpoland.com\\\/wp-content\\\/uploads\\\/2021\\\/05\\\/natural-poland-icon.png\",\"width\":512,\"height\":512,\"caption\":\"Natural Poland\"},\"image\":{\"@id\":\"https:\\\/\\\/naturalpoland.com\\\/fi\\\/#\\\/schema\\\/logo\\\/image\\\/\"},\"sameAs\":[\"https:\\\/\\\/www.facebook.com\\\/naturalpoland.b2b\",\"https:\\\/\\\/pl.linkedin.com\\\/company\\\/natural-poland\",\"https:\\\/\\\/www.youtube.com\\\/channel\\\/UCgeGGkvOMahZo-xu_MSEWxg\"]}]}<\/script>\n<!-- \/ Yoast SEO plugin. -->","yoast_head_json":{"title":"Mansikan aromi - Tukkudistribuutio","description":"Mansikka-aromi on yksi suosituimmista ja monipuolisimmista elintarvike- ja kosmetiikkateollisuudessa k\u00e4ytett\u00e4vist\u00e4 tuoksuista.","robots":{"index":"index","follow":"follow","max-snippet":"max-snippet:-1","max-image-preview":"max-image-preview:large","max-video-preview":"max-video-preview:-1"},"canonical":"https:\/\/naturalpoland.com\/fi\/tuotteet\/elintarviketeollisuuden-tuotteet\/aromit\/hedelmaaromit\/mansikan-aromi\/","og_locale":"fi_FI","og_type":"article","og_title":"Mansikan aromi - Tukkudistribuutio","og_description":"Mansikka-aromi on yksi suosituimmista ja monipuolisimmista elintarvike- ja kosmetiikkateollisuudessa k\u00e4ytett\u00e4vist\u00e4 tuoksuista.","og_url":"https:\/\/naturalpoland.com\/fi\/tuotteet\/elintarviketeollisuuden-tuotteet\/aromit\/hedelmaaromit\/mansikan-aromi\/","og_site_name":"NATURAL POLAND - RAAKA-AINEIDEN TUKKUJAKELIJA","article_publisher":"https:\/\/www.facebook.com\/naturalpoland.b2b","article_modified_time":"2025-02-07T14:15:20+00:00","og_image":[{"width":596,"height":596,"url":"https:\/\/naturalpoland.com\/wp-content\/uploads\/aromat-truskawkowy.webp","type":"image\/webp"}],"schema":{"@context":"https:\/\/schema.org","@graph":[{"@type":"WebPage","@id":"https:\/\/naturalpoland.com\/fi\/tuotteet\/elintarviketeollisuuden-tuotteet\/aromit\/hedelmaaromit\/mansikan-aromi\/","url":"https:\/\/naturalpoland.com\/fi\/tuotteet\/elintarviketeollisuuden-tuotteet\/aromit\/hedelmaaromit\/mansikan-aromi\/","name":"Mansikan aromi - Tukkudistribuutio","isPartOf":{"@id":"https:\/\/naturalpoland.com\/fi\/#website"},"primaryImageOfPage":{"@id":"https:\/\/naturalpoland.com\/fi\/tuotteet\/elintarviketeollisuuden-tuotteet\/aromit\/hedelmaaromit\/mansikan-aromi\/#primaryimage"},"image":{"@id":"https:\/\/naturalpoland.com\/fi\/tuotteet\/elintarviketeollisuuden-tuotteet\/aromit\/hedelmaaromit\/mansikan-aromi\/#primaryimage"},"thumbnailUrl":"https:\/\/naturalpoland.com\/wp-content\/uploads\/aromat-truskawkowy.webp","datePublished":"2025-02-07T12:34:05+00:00","dateModified":"2025-02-07T14:15:20+00:00","description":"Mansikka-aromi on yksi suosituimmista ja monipuolisimmista elintarvike- ja kosmetiikkateollisuudessa k\u00e4ytett\u00e4vist\u00e4 tuoksuista.","breadcrumb":{"@id":"https:\/\/naturalpoland.com\/fi\/tuotteet\/elintarviketeollisuuden-tuotteet\/aromit\/hedelmaaromit\/mansikan-aromi\/#breadcrumb"},"inLanguage":"fi","potentialAction":[{"@type":"ReadAction","target":["https:\/\/naturalpoland.com\/fi\/tuotteet\/elintarviketeollisuuden-tuotteet\/aromit\/hedelmaaromit\/mansikan-aromi\/"]}]},{"@type":"ImageObject","inLanguage":"fi","@id":"https:\/\/naturalpoland.com\/fi\/tuotteet\/elintarviketeollisuuden-tuotteet\/aromit\/hedelmaaromit\/mansikan-aromi\/#primaryimage","url":"https:\/\/naturalpoland.com\/wp-content\/uploads\/aromat-truskawkowy.webp","contentUrl":"https:\/\/naturalpoland.com\/wp-content\/uploads\/aromat-truskawkowy.webp","width":596,"height":596,"caption":"aromat truskawkowy"},{"@type":"BreadcrumbList","@id":"https:\/\/naturalpoland.com\/fi\/tuotteet\/elintarviketeollisuuden-tuotteet\/aromit\/hedelmaaromit\/mansikan-aromi\/#breadcrumb","itemListElement":[{"@type":"ListItem","position":1,"name":"Etusivu","item":"https:\/\/naturalpoland.com\/fi\/"},{"@type":"ListItem","position":2,"name":"Tuotteet","item":"https:\/\/naturalpoland.com\/fi\/tuotteet\/"},{"@type":"ListItem","position":3,"name":"Mansikan aromi"}]},{"@type":"WebSite","@id":"https:\/\/naturalpoland.com\/fi\/#website","url":"https:\/\/naturalpoland.com\/fi\/","name":"NATURAL POLAND - RAAKA-AINEIDEN TUKKUJAKELIJA","description":"Surowce dla przemys\u0142u spo\u017cywczego, kosmetycznego i farmaceutycznego","publisher":{"@id":"https:\/\/naturalpoland.com\/fi\/#organization"},"potentialAction":[{"@type":"SearchAction","target":{"@type":"EntryPoint","urlTemplate":"https:\/\/naturalpoland.com\/fi\/?s={search_term_string}"},"query-input":{"@type":"PropertyValueSpecification","valueRequired":true,"valueName":"search_term_string"}}],"inLanguage":"fi"},{"@type":"Organization","@id":"https:\/\/naturalpoland.com\/fi\/#organization","name":"Natural Poland","url":"https:\/\/naturalpoland.com\/fi\/","logo":{"@type":"ImageObject","inLanguage":"fi","@id":"https:\/\/naturalpoland.com\/fi\/#\/schema\/logo\/image\/","url":"https:\/\/naturalpoland.com\/wp-content\/uploads\/2021\/05\/natural-poland-icon.png","contentUrl":"https:\/\/naturalpoland.com\/wp-content\/uploads\/2021\/05\/natural-poland-icon.png","width":512,"height":512,"caption":"Natural Poland"},"image":{"@id":"https:\/\/naturalpoland.com\/fi\/#\/schema\/logo\/image\/"},"sameAs":["https:\/\/www.facebook.com\/naturalpoland.b2b","https:\/\/pl.linkedin.com\/company\/natural-poland","https:\/\/www.youtube.com\/channel\/UCgeGGkvOMahZo-xu_MSEWxg"]}]}},"_links":{"self":[{"href":"https:\/\/naturalpoland.com\/fi\/wp-json\/wp\/v2\/product\/39395","targetHints":{"allow":["GET"]}}],"collection":[{"href":"https:\/\/naturalpoland.com\/fi\/wp-json\/wp\/v2\/product"}],"about":[{"href":"https:\/\/naturalpoland.com\/fi\/wp-json\/wp\/v2\/types\/product"}],"wp:featuredmedia":[{"embeddable":true,"href":"https:\/\/naturalpoland.com\/fi\/wp-json\/wp\/v2\/media\/39292"}],"wp:attachment":[{"href":"https:\/\/naturalpoland.com\/fi\/wp-json\/wp\/v2\/media?parent=39395"}],"wp:term":[{"taxonomy":"product_brand","embeddable":true,"href":"https:\/\/naturalpoland.com\/fi\/wp-json\/wp\/v2\/product_brand?post=39395"},{"taxonomy":"product_cat","embeddable":true,"href":"https:\/\/naturalpoland.com\/fi\/wp-json\/wp\/v2\/product_cat?post=39395"},{"taxonomy":"product_tag","embeddable":true,"href":"https:\/\/naturalpoland.com\/fi\/wp-json\/wp\/v2\/product_tag?post=39395"}],"curies":[{"name":"wp","href":"https:\/\/api.w.org\/{rel}","templated":true}]}}