{"id":39415,"date":"2025-02-07T15:39:14","date_gmt":"2025-02-07T14:42:19","guid":{"rendered":"https:\/\/naturalpoland.com\/produkty\/Ei-luokiteltu\/bromelaiini\/"},"modified":"2025-02-07T15:42:19","modified_gmt":"2025-02-07T14:42:19","slug":"bromelaiini","status":"publish","type":"product","link":"https:\/\/naturalpoland.com\/fi\/tuotteet\/laaketeollisuuden-tuotteet\/ravintolisien-ainesosat\/bromelaiini\/","title":{"rendered":"Bromelaiini"},"content":{"rendered":"<h2>Bromelaniinin ominaisuudet ja ominaisuudet:<\/h2>\n<p>Bromelaiini on valkoista tai hieman kermanv\u00e4rist\u00e4 hienoa jauhetta, jolla on ominainen haju ja maku, ja se liukenee hyvin veteen.<\/p>\n<p>Se on voimakas proteolyyttinen entsyymi, mik\u00e4 tarkoittaa, ett\u00e4 se hajottaa proteiinit tehokkaasti pienemmiksi peptideiksi ja aminohapoiksi. Sill\u00e4 on voimakkaita tulehdusta ehk\u00e4isevi\u00e4 ominaisuuksia, se auttaa v\u00e4hent\u00e4m\u00e4\u00e4n kipua ja parantaa kudosten uudistumista. Se auttaa ruoansulatusta kyvyll\u00e4\u00e4n pilkkoa proteiineja. Lis\u00e4ksi se helpottaa ravintoaineiden imeytymist\u00e4 ja v\u00e4hent\u00e4\u00e4 ruoansulatush\u00e4iri\u00f6iden riski\u00e4. Lis\u00e4ksi tutkimukset viittaavat siihen, ett\u00e4 bromelaiini voi v\u00e4hent\u00e4\u00e4 verihyytymien riski\u00e4 sen hyytymist\u00e4 est\u00e4vien vaikutusten ansiosta.    <\/p>\n<p><span style=\"color: #333333; font-size: 14.4px;\">T\u00e4t\u00e4 entsyymi\u00e4 k\u00e4ytet\u00e4\u00e4n usein urheilijoille tarkoitetuissa lis\u00e4ravinteissa, sill\u00e4 se tukee tulehduksen v\u00e4hent\u00e4mist\u00e4, nopeuttaa haavojen paranemista ja auttaa lihasten palautumista intensiivisen harjoittelun j\u00e4lkeen.<\/span><\/p>\n<h2>Bromelaniinin k\u00e4ytt\u00f6:<\/h2>\n<ul>\n<li><strong>Ravintolis\u00e4t<\/strong> &#8211; kapselit, tabletit ruoansulatuksen ja nivelten terveyden tukemiseksi.<\/li>\n<li><strong>Elintarviketeollisuus<\/strong> &#8211; lihan murehduttajana ja proteiinin sulavuuden parantamiseksi.<\/li>\n<li><strong>Kosmetiikka<\/strong> &#8211; kuorintavalmisteet, entsyymikuorinnat.<\/li>\n<li><strong>L\u00e4\u00e4keteollisuus<\/strong> &#8211; tukee tulehduksen hoitoa ja immuunij\u00e4rjestelm\u00e4\u00e4 tukevia hoitoja.<\/li>\n<\/ul>\n","protected":false},"excerpt":{"rendered":"<p>Bromelaiini on ananaksen<em>(Ananas comosus<\/em>) varresta ja juurista uutettu proteolyyttinen entsyymi. Raaka-aineelle on ominaista sen puhtaus, korkea entsymaattinen aktiivisuus ja erinomainen laatu, joka on vahvistettu laboratoriotesteill\u00e4. <\/p>\n","protected":false},"featured_media":39405,"template":"","meta":{"_acf_changed":false},"product_brand":[],"product_cat":[535],"product_tag":[],"class_list":{"0":"post-39415","1":"product","2":"type-product","3":"status-publish","4":"has-post-thumbnail","6":"product_cat-ravintolisien-ainesosat","7":"pa_czesc-rosliny-root-fi","8":"pa_czesc-rosliny-varsi","10":"first","11":"instock","12":"shipping-taxable","13":"product-type-simple"},"acf":[],"yoast_head":"<!-- This site is optimized with the Yoast SEO plugin v27.5 - https:\/\/yoast.com\/product\/yoast-seo-wordpress\/ -->\n<title>Bromelaiini - Tukkudistribuutio<\/title>\n<meta name=\"description\" content=\"Bromelaiini on korkealaatuinen proteolyyttinen entsyymi, jolla on monenlaisia k\u00e4ytt\u00f6tarkoituksia ja jota uutetaan ananaksen (Ananas comosus) varresta ja juurista.\" \/>\n<meta name=\"robots\" content=\"index, follow, max-snippet:-1, max-image-preview:large, max-video-preview:-1\" \/>\n<link rel=\"canonical\" href=\"https:\/\/naturalpoland.com\/fi\/tuotteet\/laaketeollisuuden-tuotteet\/ravintolisien-ainesosat\/bromelaiini\/\" \/>\n<meta property=\"og:locale\" content=\"fi_FI\" \/>\n<meta property=\"og:type\" content=\"article\" \/>\n<meta property=\"og:title\" content=\"Bromelaiini - Tukkudistribuutio\" \/>\n<meta property=\"og:description\" content=\"Bromelaiini on korkealaatuinen proteolyyttinen entsyymi, jolla on monenlaisia k\u00e4ytt\u00f6tarkoituksia ja jota uutetaan ananaksen (Ananas comosus) varresta ja juurista.\" \/>\n<meta property=\"og:url\" content=\"https:\/\/naturalpoland.com\/fi\/tuotteet\/laaketeollisuuden-tuotteet\/ravintolisien-ainesosat\/bromelaiini\/\" \/>\n<meta property=\"og:site_name\" content=\"NATURAL POLAND - RAAKA-AINEIDEN TUKKUJAKELIJA\" \/>\n<meta property=\"article:publisher\" content=\"https:\/\/www.facebook.com\/naturalpoland.b2b\" \/>\n<meta property=\"og:image\" content=\"https:\/\/naturalpoland.com\/wp-content\/uploads\/bromelanina.webp\" \/>\n\t<meta property=\"og:image:width\" content=\"592\" \/>\n\t<meta property=\"og:image:height\" content=\"592\" \/>\n\t<meta property=\"og:image:type\" content=\"image\/webp\" \/>\n<script type=\"application\/ld+json\" class=\"yoast-schema-graph\">{\"@context\":\"https:\\\/\\\/schema.org\",\"@graph\":[{\"@type\":\"WebPage\",\"@id\":\"https:\\\/\\\/naturalpoland.com\\\/fi\\\/tuotteet\\\/laaketeollisuuden-tuotteet\\\/ravintolisien-ainesosat\\\/bromelaiini\\\/\",\"url\":\"https:\\\/\\\/naturalpoland.com\\\/fi\\\/tuotteet\\\/laaketeollisuuden-tuotteet\\\/ravintolisien-ainesosat\\\/bromelaiini\\\/\",\"name\":\"Bromelaiini - Tukkudistribuutio\",\"isPartOf\":{\"@id\":\"https:\\\/\\\/naturalpoland.com\\\/fi\\\/#website\"},\"primaryImageOfPage\":{\"@id\":\"https:\\\/\\\/naturalpoland.com\\\/fi\\\/tuotteet\\\/laaketeollisuuden-tuotteet\\\/ravintolisien-ainesosat\\\/bromelaiini\\\/#primaryimage\"},\"image\":{\"@id\":\"https:\\\/\\\/naturalpoland.com\\\/fi\\\/tuotteet\\\/laaketeollisuuden-tuotteet\\\/ravintolisien-ainesosat\\\/bromelaiini\\\/#primaryimage\"},\"thumbnailUrl\":\"https:\\\/\\\/naturalpoland.com\\\/wp-content\\\/uploads\\\/bromelanina.webp\",\"datePublished\":\"2025-02-07T14:42:19+00:00\",\"description\":\"Bromelaiini on korkealaatuinen proteolyyttinen entsyymi, jolla on monenlaisia k\u00e4ytt\u00f6tarkoituksia ja jota uutetaan ananaksen (Ananas comosus) varresta ja juurista.\",\"breadcrumb\":{\"@id\":\"https:\\\/\\\/naturalpoland.com\\\/fi\\\/tuotteet\\\/laaketeollisuuden-tuotteet\\\/ravintolisien-ainesosat\\\/bromelaiini\\\/#breadcrumb\"},\"inLanguage\":\"fi\",\"potentialAction\":[{\"@type\":\"ReadAction\",\"target\":[\"https:\\\/\\\/naturalpoland.com\\\/fi\\\/tuotteet\\\/laaketeollisuuden-tuotteet\\\/ravintolisien-ainesosat\\\/bromelaiini\\\/\"]}]},{\"@type\":\"ImageObject\",\"inLanguage\":\"fi\",\"@id\":\"https:\\\/\\\/naturalpoland.com\\\/fi\\\/tuotteet\\\/laaketeollisuuden-tuotteet\\\/ravintolisien-ainesosat\\\/bromelaiini\\\/#primaryimage\",\"url\":\"https:\\\/\\\/naturalpoland.com\\\/wp-content\\\/uploads\\\/bromelanina.webp\",\"contentUrl\":\"https:\\\/\\\/naturalpoland.com\\\/wp-content\\\/uploads\\\/bromelanina.webp\",\"width\":592,\"height\":592,\"caption\":\"bromelanina\"},{\"@type\":\"BreadcrumbList\",\"@id\":\"https:\\\/\\\/naturalpoland.com\\\/fi\\\/tuotteet\\\/laaketeollisuuden-tuotteet\\\/ravintolisien-ainesosat\\\/bromelaiini\\\/#breadcrumb\",\"itemListElement\":[{\"@type\":\"ListItem\",\"position\":1,\"name\":\"Etusivu\",\"item\":\"https:\\\/\\\/naturalpoland.com\\\/fi\\\/\"},{\"@type\":\"ListItem\",\"position\":2,\"name\":\"Tuotteet\",\"item\":\"https:\\\/\\\/naturalpoland.com\\\/fi\\\/tuotteet\\\/\"},{\"@type\":\"ListItem\",\"position\":3,\"name\":\"Bromelaiini\"}]},{\"@type\":\"WebSite\",\"@id\":\"https:\\\/\\\/naturalpoland.com\\\/fi\\\/#website\",\"url\":\"https:\\\/\\\/naturalpoland.com\\\/fi\\\/\",\"name\":\"NATURAL POLAND - RAAKA-AINEIDEN TUKKUJAKELIJA\",\"description\":\"Surowce dla przemys\u0142u spo\u017cywczego, kosmetycznego i farmaceutycznego\",\"publisher\":{\"@id\":\"https:\\\/\\\/naturalpoland.com\\\/fi\\\/#organization\"},\"potentialAction\":[{\"@type\":\"SearchAction\",\"target\":{\"@type\":\"EntryPoint\",\"urlTemplate\":\"https:\\\/\\\/naturalpoland.com\\\/fi\\\/?s={search_term_string}\"},\"query-input\":{\"@type\":\"PropertyValueSpecification\",\"valueRequired\":true,\"valueName\":\"search_term_string\"}}],\"inLanguage\":\"fi\"},{\"@type\":\"Organization\",\"@id\":\"https:\\\/\\\/naturalpoland.com\\\/fi\\\/#organization\",\"name\":\"Natural Poland\",\"url\":\"https:\\\/\\\/naturalpoland.com\\\/fi\\\/\",\"logo\":{\"@type\":\"ImageObject\",\"inLanguage\":\"fi\",\"@id\":\"https:\\\/\\\/naturalpoland.com\\\/fi\\\/#\\\/schema\\\/logo\\\/image\\\/\",\"url\":\"https:\\\/\\\/naturalpoland.com\\\/wp-content\\\/uploads\\\/2021\\\/05\\\/natural-poland-icon.png\",\"contentUrl\":\"https:\\\/\\\/naturalpoland.com\\\/wp-content\\\/uploads\\\/2021\\\/05\\\/natural-poland-icon.png\",\"width\":512,\"height\":512,\"caption\":\"Natural Poland\"},\"image\":{\"@id\":\"https:\\\/\\\/naturalpoland.com\\\/fi\\\/#\\\/schema\\\/logo\\\/image\\\/\"},\"sameAs\":[\"https:\\\/\\\/www.facebook.com\\\/naturalpoland.b2b\",\"https:\\\/\\\/pl.linkedin.com\\\/company\\\/natural-poland\",\"https:\\\/\\\/www.youtube.com\\\/channel\\\/UCgeGGkvOMahZo-xu_MSEWxg\"]}]}<\/script>\n<!-- \/ Yoast SEO plugin. -->","yoast_head_json":{"title":"Bromelaiini - Tukkudistribuutio","description":"Bromelaiini on korkealaatuinen proteolyyttinen entsyymi, jolla on monenlaisia k\u00e4ytt\u00f6tarkoituksia ja jota uutetaan ananaksen (Ananas comosus) varresta ja juurista.","robots":{"index":"index","follow":"follow","max-snippet":"max-snippet:-1","max-image-preview":"max-image-preview:large","max-video-preview":"max-video-preview:-1"},"canonical":"https:\/\/naturalpoland.com\/fi\/tuotteet\/laaketeollisuuden-tuotteet\/ravintolisien-ainesosat\/bromelaiini\/","og_locale":"fi_FI","og_type":"article","og_title":"Bromelaiini - Tukkudistribuutio","og_description":"Bromelaiini on korkealaatuinen proteolyyttinen entsyymi, jolla on monenlaisia k\u00e4ytt\u00f6tarkoituksia ja jota uutetaan ananaksen (Ananas comosus) varresta ja juurista.","og_url":"https:\/\/naturalpoland.com\/fi\/tuotteet\/laaketeollisuuden-tuotteet\/ravintolisien-ainesosat\/bromelaiini\/","og_site_name":"NATURAL POLAND - RAAKA-AINEIDEN TUKKUJAKELIJA","article_publisher":"https:\/\/www.facebook.com\/naturalpoland.b2b","og_image":[{"width":592,"height":592,"url":"https:\/\/naturalpoland.com\/wp-content\/uploads\/bromelanina.webp","type":"image\/webp"}],"schema":{"@context":"https:\/\/schema.org","@graph":[{"@type":"WebPage","@id":"https:\/\/naturalpoland.com\/fi\/tuotteet\/laaketeollisuuden-tuotteet\/ravintolisien-ainesosat\/bromelaiini\/","url":"https:\/\/naturalpoland.com\/fi\/tuotteet\/laaketeollisuuden-tuotteet\/ravintolisien-ainesosat\/bromelaiini\/","name":"Bromelaiini - Tukkudistribuutio","isPartOf":{"@id":"https:\/\/naturalpoland.com\/fi\/#website"},"primaryImageOfPage":{"@id":"https:\/\/naturalpoland.com\/fi\/tuotteet\/laaketeollisuuden-tuotteet\/ravintolisien-ainesosat\/bromelaiini\/#primaryimage"},"image":{"@id":"https:\/\/naturalpoland.com\/fi\/tuotteet\/laaketeollisuuden-tuotteet\/ravintolisien-ainesosat\/bromelaiini\/#primaryimage"},"thumbnailUrl":"https:\/\/naturalpoland.com\/wp-content\/uploads\/bromelanina.webp","datePublished":"2025-02-07T14:42:19+00:00","description":"Bromelaiini on korkealaatuinen proteolyyttinen entsyymi, jolla on monenlaisia k\u00e4ytt\u00f6tarkoituksia ja jota uutetaan ananaksen (Ananas comosus) varresta ja juurista.","breadcrumb":{"@id":"https:\/\/naturalpoland.com\/fi\/tuotteet\/laaketeollisuuden-tuotteet\/ravintolisien-ainesosat\/bromelaiini\/#breadcrumb"},"inLanguage":"fi","potentialAction":[{"@type":"ReadAction","target":["https:\/\/naturalpoland.com\/fi\/tuotteet\/laaketeollisuuden-tuotteet\/ravintolisien-ainesosat\/bromelaiini\/"]}]},{"@type":"ImageObject","inLanguage":"fi","@id":"https:\/\/naturalpoland.com\/fi\/tuotteet\/laaketeollisuuden-tuotteet\/ravintolisien-ainesosat\/bromelaiini\/#primaryimage","url":"https:\/\/naturalpoland.com\/wp-content\/uploads\/bromelanina.webp","contentUrl":"https:\/\/naturalpoland.com\/wp-content\/uploads\/bromelanina.webp","width":592,"height":592,"caption":"bromelanina"},{"@type":"BreadcrumbList","@id":"https:\/\/naturalpoland.com\/fi\/tuotteet\/laaketeollisuuden-tuotteet\/ravintolisien-ainesosat\/bromelaiini\/#breadcrumb","itemListElement":[{"@type":"ListItem","position":1,"name":"Etusivu","item":"https:\/\/naturalpoland.com\/fi\/"},{"@type":"ListItem","position":2,"name":"Tuotteet","item":"https:\/\/naturalpoland.com\/fi\/tuotteet\/"},{"@type":"ListItem","position":3,"name":"Bromelaiini"}]},{"@type":"WebSite","@id":"https:\/\/naturalpoland.com\/fi\/#website","url":"https:\/\/naturalpoland.com\/fi\/","name":"NATURAL POLAND - RAAKA-AINEIDEN TUKKUJAKELIJA","description":"Surowce dla przemys\u0142u spo\u017cywczego, kosmetycznego i farmaceutycznego","publisher":{"@id":"https:\/\/naturalpoland.com\/fi\/#organization"},"potentialAction":[{"@type":"SearchAction","target":{"@type":"EntryPoint","urlTemplate":"https:\/\/naturalpoland.com\/fi\/?s={search_term_string}"},"query-input":{"@type":"PropertyValueSpecification","valueRequired":true,"valueName":"search_term_string"}}],"inLanguage":"fi"},{"@type":"Organization","@id":"https:\/\/naturalpoland.com\/fi\/#organization","name":"Natural Poland","url":"https:\/\/naturalpoland.com\/fi\/","logo":{"@type":"ImageObject","inLanguage":"fi","@id":"https:\/\/naturalpoland.com\/fi\/#\/schema\/logo\/image\/","url":"https:\/\/naturalpoland.com\/wp-content\/uploads\/2021\/05\/natural-poland-icon.png","contentUrl":"https:\/\/naturalpoland.com\/wp-content\/uploads\/2021\/05\/natural-poland-icon.png","width":512,"height":512,"caption":"Natural Poland"},"image":{"@id":"https:\/\/naturalpoland.com\/fi\/#\/schema\/logo\/image\/"},"sameAs":["https:\/\/www.facebook.com\/naturalpoland.b2b","https:\/\/pl.linkedin.com\/company\/natural-poland","https:\/\/www.youtube.com\/channel\/UCgeGGkvOMahZo-xu_MSEWxg"]}]}},"_links":{"self":[{"href":"https:\/\/naturalpoland.com\/fi\/wp-json\/wp\/v2\/product\/39415","targetHints":{"allow":["GET"]}}],"collection":[{"href":"https:\/\/naturalpoland.com\/fi\/wp-json\/wp\/v2\/product"}],"about":[{"href":"https:\/\/naturalpoland.com\/fi\/wp-json\/wp\/v2\/types\/product"}],"wp:featuredmedia":[{"embeddable":true,"href":"https:\/\/naturalpoland.com\/fi\/wp-json\/wp\/v2\/media\/39405"}],"wp:attachment":[{"href":"https:\/\/naturalpoland.com\/fi\/wp-json\/wp\/v2\/media?parent=39415"}],"wp:term":[{"taxonomy":"product_brand","embeddable":true,"href":"https:\/\/naturalpoland.com\/fi\/wp-json\/wp\/v2\/product_brand?post=39415"},{"taxonomy":"product_cat","embeddable":true,"href":"https:\/\/naturalpoland.com\/fi\/wp-json\/wp\/v2\/product_cat?post=39415"},{"taxonomy":"product_tag","embeddable":true,"href":"https:\/\/naturalpoland.com\/fi\/wp-json\/wp\/v2\/product_tag?post=39415"}],"curies":[{"name":"wp","href":"https:\/\/api.w.org\/{rel}","templated":true}]}}