{"id":39908,"date":"2025-02-11T14:28:47","date_gmt":"2025-02-18T13:12:47","guid":{"rendered":"https:\/\/naturalpoland.com\/produkty\/Ei-luokiteltu\/kaneliaromi\/"},"modified":"2025-02-18T14:12:47","modified_gmt":"2025-02-18T13:12:47","slug":"kaneliaromi","status":"publish","type":"product","link":"https:\/\/naturalpoland.com\/fi\/tuotteet\/elintarviketeollisuuden-tuotteet\/aromit\/mauste-aromit\/kaneliaromi\/","title":{"rendered":"Kaneliaromi"},"content":{"rendered":"<h2>Kanelin makuvaihtoehdot:<\/h2>\n<p data-start=\"309\" data-end=\"704\"><strong>WONF-laatuinen luonnollinen nestem\u00e4inen kaneliaromi<\/strong> erottuu kanelinkuoren kuivasta luonteesta, joka parhaiten kaikista vaihtoehdoista antaa mausteen syvyyden ja aitouden. T\u00e4m\u00e4n muunnoksen aromi on l\u00e4mm\u00f6nkest\u00e4v\u00e4. Sen kantaja-aineena on triasetiini, joka takaa riitt\u00e4v\u00e4n vakauden ja liukoisuuden elintarvikkeissa.  <\/p>\n<p data-start=\"706\" data-end=\"1050\"><strong>FTNF-tyyppinen luonnollinen kanelijauhearomi<\/strong> sis\u00e4lt\u00e4\u00e4 my\u00f6s kuivan kanelin olemuksen, mutta sen makuprofiili on voimakkaampi. Sit\u00e4 on helppo k\u00e4ytt\u00e4\u00e4 kuivissa maustesekoituksissa, instantjauheissa ja leivonnaisissa. Se mahdollistaa tarkan annostelun ja on stabiili tuotteissa, joilla on pidempi s\u00e4ilyvyysaika.  <\/p>\n<p data-start=\"1052\" data-end=\"1537\"><strong>Klassinen nestem\u00e4inen kaneliaromi<\/strong>, jota on saatavana sek\u00e4 <strong>triasetiini-<\/strong> ett\u00e4 <strong>glykolikantajaversiona<\/strong>. T\u00e4m\u00e4n muunnoksen <strong>kuiva versio<\/strong> korostaa mausteelle ominaista ter\u00e4vyytt\u00e4 ja mausteisuutta, ja sit\u00e4 suositellaan juomiin, j\u00e4lkiruokiin ja ruokiin, jotka vaativat voimakkaampaa mausteisuutta. <strong>Makeassa versiossa<\/strong> puolestaan kanelin syvyys yhdistyy hienovaraiseen mausteiseen vivahteeseen, ja sen aromi on miedompi ja harmonisempi. <\/p>\n<p data-start=\"1539\" data-end=\"1908\"><strong>Kaneliaromijauhetta<\/strong>, jossa on makea luonne ja hennon mausteinen vivahde, suositellaan k\u00e4ytett\u00e4v\u00e4ksi kuivassa muodossa: kakkuseoksissa, maustetuissa teiss\u00e4 tai pikamaitojuomissa.<\/p>\n","protected":false},"excerpt":{"rendered":"<p>Kaneliaromi antaa elintarvikkeille voimakkaan, luonteenomaisen ja l\u00e4mmitt\u00e4v\u00e4n aromin. Vaihtoehdosta riippuen se voi korostaa sek\u00e4 kanelin makeaa ett\u00e4 kuivaa puolta. <\/p>\n","protected":false},"featured_media":39693,"template":"","meta":{"_acf_changed":false},"product_brand":[],"product_cat":[7598],"product_tag":[],"class_list":{"0":"post-39908","1":"product","2":"type-product","3":"status-publish","4":"has-post-thumbnail","6":"product_cat-mauste-aromit","8":"first","9":"instock","10":"shipping-taxable","11":"product-type-simple"},"acf":[],"yoast_head":"<!-- This site is optimized with the Yoast SEO plugin v27.4 - https:\/\/yoast.com\/product\/yoast-seo-wordpress\/ -->\n<title>Kaneliaromi - Tukkudistribuutio<\/title>\n<meta name=\"description\" content=\"Kaneliaromi on ainesosa, jota k\u00e4ytet\u00e4\u00e4n elintarviketeollisuudessa antamaan tuotteille intensiivinen, erottuva ja l\u00e4mmitt\u00e4v\u00e4 makuprofiili.\" \/>\n<meta name=\"robots\" content=\"index, follow, max-snippet:-1, max-image-preview:large, max-video-preview:-1\" \/>\n<link rel=\"canonical\" href=\"https:\/\/naturalpoland.com\/fi\/tuotteet\/elintarviketeollisuuden-tuotteet\/aromit\/mauste-aromit\/kaneliaromi\/\" \/>\n<meta property=\"og:locale\" content=\"fi_FI\" \/>\n<meta property=\"og:type\" content=\"article\" \/>\n<meta property=\"og:title\" content=\"Kaneliaromi - Tukkudistribuutio\" \/>\n<meta property=\"og:description\" content=\"Kaneliaromi on ainesosa, jota k\u00e4ytet\u00e4\u00e4n elintarviketeollisuudessa antamaan tuotteille intensiivinen, erottuva ja l\u00e4mmitt\u00e4v\u00e4 makuprofiili.\" \/>\n<meta property=\"og:url\" content=\"https:\/\/naturalpoland.com\/fi\/tuotteet\/elintarviketeollisuuden-tuotteet\/aromit\/mauste-aromit\/kaneliaromi\/\" \/>\n<meta property=\"og:site_name\" content=\"NATURAL POLAND - RAAKA-AINEIDEN TUKKUJAKELIJA\" \/>\n<meta property=\"article:publisher\" content=\"https:\/\/www.facebook.com\/naturalpoland.b2b\" \/>\n<meta property=\"og:image\" content=\"https:\/\/naturalpoland.com\/wp-content\/uploads\/aromat-cynamonowy.webp\" \/>\n\t<meta property=\"og:image:width\" content=\"592\" \/>\n\t<meta property=\"og:image:height\" content=\"592\" \/>\n\t<meta property=\"og:image:type\" content=\"image\/webp\" \/>\n<script type=\"application\/ld+json\" class=\"yoast-schema-graph\">{\"@context\":\"https:\\\/\\\/schema.org\",\"@graph\":[{\"@type\":\"WebPage\",\"@id\":\"https:\\\/\\\/naturalpoland.com\\\/fi\\\/tuotteet\\\/elintarviketeollisuuden-tuotteet\\\/aromit\\\/mauste-aromit\\\/kaneliaromi\\\/\",\"url\":\"https:\\\/\\\/naturalpoland.com\\\/fi\\\/tuotteet\\\/elintarviketeollisuuden-tuotteet\\\/aromit\\\/mauste-aromit\\\/kaneliaromi\\\/\",\"name\":\"Kaneliaromi - Tukkudistribuutio\",\"isPartOf\":{\"@id\":\"https:\\\/\\\/naturalpoland.com\\\/fi\\\/#website\"},\"primaryImageOfPage\":{\"@id\":\"https:\\\/\\\/naturalpoland.com\\\/fi\\\/tuotteet\\\/elintarviketeollisuuden-tuotteet\\\/aromit\\\/mauste-aromit\\\/kaneliaromi\\\/#primaryimage\"},\"image\":{\"@id\":\"https:\\\/\\\/naturalpoland.com\\\/fi\\\/tuotteet\\\/elintarviketeollisuuden-tuotteet\\\/aromit\\\/mauste-aromit\\\/kaneliaromi\\\/#primaryimage\"},\"thumbnailUrl\":\"https:\\\/\\\/naturalpoland.com\\\/wp-content\\\/uploads\\\/aromat-cynamonowy.webp\",\"datePublished\":\"2025-02-18T13:12:47+00:00\",\"description\":\"Kaneliaromi on ainesosa, jota k\u00e4ytet\u00e4\u00e4n elintarviketeollisuudessa antamaan tuotteille intensiivinen, erottuva ja l\u00e4mmitt\u00e4v\u00e4 makuprofiili.\",\"breadcrumb\":{\"@id\":\"https:\\\/\\\/naturalpoland.com\\\/fi\\\/tuotteet\\\/elintarviketeollisuuden-tuotteet\\\/aromit\\\/mauste-aromit\\\/kaneliaromi\\\/#breadcrumb\"},\"inLanguage\":\"fi\",\"potentialAction\":[{\"@type\":\"ReadAction\",\"target\":[\"https:\\\/\\\/naturalpoland.com\\\/fi\\\/tuotteet\\\/elintarviketeollisuuden-tuotteet\\\/aromit\\\/mauste-aromit\\\/kaneliaromi\\\/\"]}]},{\"@type\":\"ImageObject\",\"inLanguage\":\"fi\",\"@id\":\"https:\\\/\\\/naturalpoland.com\\\/fi\\\/tuotteet\\\/elintarviketeollisuuden-tuotteet\\\/aromit\\\/mauste-aromit\\\/kaneliaromi\\\/#primaryimage\",\"url\":\"https:\\\/\\\/naturalpoland.com\\\/wp-content\\\/uploads\\\/aromat-cynamonowy.webp\",\"contentUrl\":\"https:\\\/\\\/naturalpoland.com\\\/wp-content\\\/uploads\\\/aromat-cynamonowy.webp\",\"width\":592,\"height\":592,\"caption\":\"aromat cynamonowy\"},{\"@type\":\"BreadcrumbList\",\"@id\":\"https:\\\/\\\/naturalpoland.com\\\/fi\\\/tuotteet\\\/elintarviketeollisuuden-tuotteet\\\/aromit\\\/mauste-aromit\\\/kaneliaromi\\\/#breadcrumb\",\"itemListElement\":[{\"@type\":\"ListItem\",\"position\":1,\"name\":\"Etusivu\",\"item\":\"https:\\\/\\\/naturalpoland.com\\\/fi\\\/\"},{\"@type\":\"ListItem\",\"position\":2,\"name\":\"Tuotteet\",\"item\":\"https:\\\/\\\/naturalpoland.com\\\/fi\\\/tuotteet\\\/\"},{\"@type\":\"ListItem\",\"position\":3,\"name\":\"Kaneliaromi\"}]},{\"@type\":\"WebSite\",\"@id\":\"https:\\\/\\\/naturalpoland.com\\\/fi\\\/#website\",\"url\":\"https:\\\/\\\/naturalpoland.com\\\/fi\\\/\",\"name\":\"NATURAL POLAND - RAAKA-AINEIDEN TUKKUJAKELIJA\",\"description\":\"Surowce dla przemys\u0142u spo\u017cywczego, kosmetycznego i farmaceutycznego\",\"publisher\":{\"@id\":\"https:\\\/\\\/naturalpoland.com\\\/fi\\\/#organization\"},\"potentialAction\":[{\"@type\":\"SearchAction\",\"target\":{\"@type\":\"EntryPoint\",\"urlTemplate\":\"https:\\\/\\\/naturalpoland.com\\\/fi\\\/?s={search_term_string}\"},\"query-input\":{\"@type\":\"PropertyValueSpecification\",\"valueRequired\":true,\"valueName\":\"search_term_string\"}}],\"inLanguage\":\"fi\"},{\"@type\":\"Organization\",\"@id\":\"https:\\\/\\\/naturalpoland.com\\\/fi\\\/#organization\",\"name\":\"Natural Poland\",\"url\":\"https:\\\/\\\/naturalpoland.com\\\/fi\\\/\",\"logo\":{\"@type\":\"ImageObject\",\"inLanguage\":\"fi\",\"@id\":\"https:\\\/\\\/naturalpoland.com\\\/fi\\\/#\\\/schema\\\/logo\\\/image\\\/\",\"url\":\"https:\\\/\\\/naturalpoland.com\\\/wp-content\\\/uploads\\\/2021\\\/05\\\/natural-poland-icon.png\",\"contentUrl\":\"https:\\\/\\\/naturalpoland.com\\\/wp-content\\\/uploads\\\/2021\\\/05\\\/natural-poland-icon.png\",\"width\":512,\"height\":512,\"caption\":\"Natural Poland\"},\"image\":{\"@id\":\"https:\\\/\\\/naturalpoland.com\\\/fi\\\/#\\\/schema\\\/logo\\\/image\\\/\"},\"sameAs\":[\"https:\\\/\\\/www.facebook.com\\\/naturalpoland.b2b\",\"https:\\\/\\\/pl.linkedin.com\\\/company\\\/natural-poland\",\"https:\\\/\\\/www.youtube.com\\\/channel\\\/UCgeGGkvOMahZo-xu_MSEWxg\"]}]}<\/script>\n<!-- \/ Yoast SEO plugin. -->","yoast_head_json":{"title":"Kaneliaromi - Tukkudistribuutio","description":"Kaneliaromi on ainesosa, jota k\u00e4ytet\u00e4\u00e4n elintarviketeollisuudessa antamaan tuotteille intensiivinen, erottuva ja l\u00e4mmitt\u00e4v\u00e4 makuprofiili.","robots":{"index":"index","follow":"follow","max-snippet":"max-snippet:-1","max-image-preview":"max-image-preview:large","max-video-preview":"max-video-preview:-1"},"canonical":"https:\/\/naturalpoland.com\/fi\/tuotteet\/elintarviketeollisuuden-tuotteet\/aromit\/mauste-aromit\/kaneliaromi\/","og_locale":"fi_FI","og_type":"article","og_title":"Kaneliaromi - Tukkudistribuutio","og_description":"Kaneliaromi on ainesosa, jota k\u00e4ytet\u00e4\u00e4n elintarviketeollisuudessa antamaan tuotteille intensiivinen, erottuva ja l\u00e4mmitt\u00e4v\u00e4 makuprofiili.","og_url":"https:\/\/naturalpoland.com\/fi\/tuotteet\/elintarviketeollisuuden-tuotteet\/aromit\/mauste-aromit\/kaneliaromi\/","og_site_name":"NATURAL POLAND - RAAKA-AINEIDEN TUKKUJAKELIJA","article_publisher":"https:\/\/www.facebook.com\/naturalpoland.b2b","og_image":[{"width":592,"height":592,"url":"https:\/\/naturalpoland.com\/wp-content\/uploads\/aromat-cynamonowy.webp","type":"image\/webp"}],"schema":{"@context":"https:\/\/schema.org","@graph":[{"@type":"WebPage","@id":"https:\/\/naturalpoland.com\/fi\/tuotteet\/elintarviketeollisuuden-tuotteet\/aromit\/mauste-aromit\/kaneliaromi\/","url":"https:\/\/naturalpoland.com\/fi\/tuotteet\/elintarviketeollisuuden-tuotteet\/aromit\/mauste-aromit\/kaneliaromi\/","name":"Kaneliaromi - Tukkudistribuutio","isPartOf":{"@id":"https:\/\/naturalpoland.com\/fi\/#website"},"primaryImageOfPage":{"@id":"https:\/\/naturalpoland.com\/fi\/tuotteet\/elintarviketeollisuuden-tuotteet\/aromit\/mauste-aromit\/kaneliaromi\/#primaryimage"},"image":{"@id":"https:\/\/naturalpoland.com\/fi\/tuotteet\/elintarviketeollisuuden-tuotteet\/aromit\/mauste-aromit\/kaneliaromi\/#primaryimage"},"thumbnailUrl":"https:\/\/naturalpoland.com\/wp-content\/uploads\/aromat-cynamonowy.webp","datePublished":"2025-02-18T13:12:47+00:00","description":"Kaneliaromi on ainesosa, jota k\u00e4ytet\u00e4\u00e4n elintarviketeollisuudessa antamaan tuotteille intensiivinen, erottuva ja l\u00e4mmitt\u00e4v\u00e4 makuprofiili.","breadcrumb":{"@id":"https:\/\/naturalpoland.com\/fi\/tuotteet\/elintarviketeollisuuden-tuotteet\/aromit\/mauste-aromit\/kaneliaromi\/#breadcrumb"},"inLanguage":"fi","potentialAction":[{"@type":"ReadAction","target":["https:\/\/naturalpoland.com\/fi\/tuotteet\/elintarviketeollisuuden-tuotteet\/aromit\/mauste-aromit\/kaneliaromi\/"]}]},{"@type":"ImageObject","inLanguage":"fi","@id":"https:\/\/naturalpoland.com\/fi\/tuotteet\/elintarviketeollisuuden-tuotteet\/aromit\/mauste-aromit\/kaneliaromi\/#primaryimage","url":"https:\/\/naturalpoland.com\/wp-content\/uploads\/aromat-cynamonowy.webp","contentUrl":"https:\/\/naturalpoland.com\/wp-content\/uploads\/aromat-cynamonowy.webp","width":592,"height":592,"caption":"aromat cynamonowy"},{"@type":"BreadcrumbList","@id":"https:\/\/naturalpoland.com\/fi\/tuotteet\/elintarviketeollisuuden-tuotteet\/aromit\/mauste-aromit\/kaneliaromi\/#breadcrumb","itemListElement":[{"@type":"ListItem","position":1,"name":"Etusivu","item":"https:\/\/naturalpoland.com\/fi\/"},{"@type":"ListItem","position":2,"name":"Tuotteet","item":"https:\/\/naturalpoland.com\/fi\/tuotteet\/"},{"@type":"ListItem","position":3,"name":"Kaneliaromi"}]},{"@type":"WebSite","@id":"https:\/\/naturalpoland.com\/fi\/#website","url":"https:\/\/naturalpoland.com\/fi\/","name":"NATURAL POLAND - RAAKA-AINEIDEN TUKKUJAKELIJA","description":"Surowce dla przemys\u0142u spo\u017cywczego, kosmetycznego i farmaceutycznego","publisher":{"@id":"https:\/\/naturalpoland.com\/fi\/#organization"},"potentialAction":[{"@type":"SearchAction","target":{"@type":"EntryPoint","urlTemplate":"https:\/\/naturalpoland.com\/fi\/?s={search_term_string}"},"query-input":{"@type":"PropertyValueSpecification","valueRequired":true,"valueName":"search_term_string"}}],"inLanguage":"fi"},{"@type":"Organization","@id":"https:\/\/naturalpoland.com\/fi\/#organization","name":"Natural Poland","url":"https:\/\/naturalpoland.com\/fi\/","logo":{"@type":"ImageObject","inLanguage":"fi","@id":"https:\/\/naturalpoland.com\/fi\/#\/schema\/logo\/image\/","url":"https:\/\/naturalpoland.com\/wp-content\/uploads\/2021\/05\/natural-poland-icon.png","contentUrl":"https:\/\/naturalpoland.com\/wp-content\/uploads\/2021\/05\/natural-poland-icon.png","width":512,"height":512,"caption":"Natural Poland"},"image":{"@id":"https:\/\/naturalpoland.com\/fi\/#\/schema\/logo\/image\/"},"sameAs":["https:\/\/www.facebook.com\/naturalpoland.b2b","https:\/\/pl.linkedin.com\/company\/natural-poland","https:\/\/www.youtube.com\/channel\/UCgeGGkvOMahZo-xu_MSEWxg"]}]}},"_links":{"self":[{"href":"https:\/\/naturalpoland.com\/fi\/wp-json\/wp\/v2\/product\/39908","targetHints":{"allow":["GET"]}}],"collection":[{"href":"https:\/\/naturalpoland.com\/fi\/wp-json\/wp\/v2\/product"}],"about":[{"href":"https:\/\/naturalpoland.com\/fi\/wp-json\/wp\/v2\/types\/product"}],"wp:featuredmedia":[{"embeddable":true,"href":"https:\/\/naturalpoland.com\/fi\/wp-json\/wp\/v2\/media\/39693"}],"wp:attachment":[{"href":"https:\/\/naturalpoland.com\/fi\/wp-json\/wp\/v2\/media?parent=39908"}],"wp:term":[{"taxonomy":"product_brand","embeddable":true,"href":"https:\/\/naturalpoland.com\/fi\/wp-json\/wp\/v2\/product_brand?post=39908"},{"taxonomy":"product_cat","embeddable":true,"href":"https:\/\/naturalpoland.com\/fi\/wp-json\/wp\/v2\/product_cat?post=39908"},{"taxonomy":"product_tag","embeddable":true,"href":"https:\/\/naturalpoland.com\/fi\/wp-json\/wp\/v2\/product_tag?post=39908"}],"curies":[{"name":"wp","href":"https:\/\/api.w.org\/{rel}","templated":true}]}}