{"id":40380,"date":"2025-03-06T15:12:17","date_gmt":"2025-03-07T14:13:12","guid":{"rendered":"https:\/\/naturalpoland.com\/produkty\/Ei-luokiteltu\/epaorgaaniset-pigmentit\/"},"modified":"2025-03-07T15:13:12","modified_gmt":"2025-03-07T14:13:12","slug":"epaorgaaniset-pigmentit","status":"publish","type":"product","link":"https:\/\/naturalpoland.com\/fi\/tuotteet\/kosmetiikkateollisuuden-tuotteet\/kosmeettiset-variaineet\/epaorgaaniset-pigmentit\/","title":{"rendered":"Ep\u00e4orgaaniset pigmentit"},"content":{"rendered":"<h2>Ep\u00e4orgaanisten pigmenttien edut:<\/h2>\n<ul>\n<li>Ne ovat turvallisia k\u00e4ytett\u00e4v\u00e4ksi iholla ja v\u00e4rikosmetiikassa.<\/li>\n<li>Erinomainen peitt\u00e4vyys ja intensiivinen v\u00e4ri<\/li>\n<li>Valoa ja l\u00e4mp\u00f6tilaa kest\u00e4v\u00e4<\/li>\n<li>ovat kemiallisesti vakaita eiv\u00e4tk\u00e4 reagoi muiden kosmeettisten ainesosien kanssa.<\/li>\n<li>Ne eiv\u00e4t liukene veteen tai \u00f6ljyihin, joten ne pysyv\u00e4t ihon pinnalla.<\/li>\n<li>Ne ovat hypoallergeenisia ja aiheuttavat harvoin allergisia reaktioita.<\/li>\n<li>Kest\u00e4\u00e4 iholla pidemp\u00e4\u00e4n kuin orgaaniset pigmentit.<\/li>\n<li>Ne voivat olla mattapintaisia tai helmi\u00e4ismaisia &#8211; k\u00e4sittelymuodosta riippuen.<\/li>\n<\/ul>\n<h2>Ep\u00e4orgaanisten pigmenttien tyypit:<\/h2>\n<h3>1. RAUTAHAPPIDIT<\/h3>\n<p>N\u00e4m\u00e4 ovat joitakin suosituimpia kosmetiikkapigmenttej\u00e4. Ne ovat vakaita ja turvallisia iholle, mink\u00e4 vuoksi niit\u00e4 suositellaan mineraali- ja luonnonkosmetiikkaan. Niit\u00e4 on saatavana useissa eri s\u00e4vyiss\u00e4:  <\/p>\n<ol>\n<li style=\"list-style-type: none;\">\n<ul>\n<li>Keltainen (C.I. 77492) &#8211; k\u00e4ytet\u00e4\u00e4n pohjusteissa, peitevoiteissa, puutereissa, luomiv\u00e4reiss\u00e4 ja huulipunissa.<\/li>\n<li>Punainen (C.I. 77491) &#8211; k\u00e4ytet\u00e4\u00e4n poskipunissa, huulipunissa, kynsilakoissa ja hiusv\u00e4rituotteissa.<\/li>\n<li>Ruskea (C.I. 77491, 77492, 77499) &#8211; keskeinen pigmentti rusketusvoiteissa, puutereissa, kulmakosmetiikassa ja rajaustuotteissa.<\/li>\n<li>Musta (C.I. 77499) &#8211; ripsiv\u00e4rien, eyelinerien, silm\u00e4nrajauskynien ja kulmakarvojen kosmetiikan perusaineosa.<\/li>\n<\/ul>\n<\/li>\n<\/ol>\n<h3>2. ULTRAMARIINIT<\/h3>\n<p>N\u00e4m\u00e4 pigmentit ovat luonnollista alkuper\u00e4\u00e4. Ne kest\u00e4v\u00e4t valoa ja l\u00e4mp\u00f6tilaa, mutta voivat olla herkki\u00e4 hapoille, joten joissakin tuotteissa voidaan tarvita erityisi\u00e4 stabilointiaineita. Ultramariinit ovat voimakkaan sinisen, violetin ja vaaleanpunaisen s\u00e4vyisi\u00e4:  <\/p>\n<ul>\n<li style=\"list-style-type: none;\">\n<ul>\n<li>Ultramariinin sininen (C.I. 77007) &#8211; k\u00e4ytet\u00e4\u00e4n luomiv\u00e4reiss\u00e4, kynsilakoissa ja eyelineriss\u00e4.<\/li>\n<li>Ultramariininvioletti ja vaaleanpunainen (C.I. 77007) &#8211; antaa v\u00e4ri\u00e4 poskipuniin, huulipuniin ja luomiv\u00e4reihin.<\/li>\n<\/ul>\n<\/li>\n<\/ul>\n<h3>3. PREUSSINSININEN (C.I. 77510)<\/h3>\n<p>Se on voimakkaan sininen pigmentti, jota k\u00e4ytet\u00e4\u00e4n p\u00e4\u00e4asiassa silm\u00e4nymp\u00e4rysvoiteissa, kuten luomiv\u00e4reiss\u00e4, eyelineriss\u00e4, ripsiv\u00e4reiss\u00e4 ja my\u00f6s hiusten v\u00e4rj\u00e4ykseen tarkoitetuissa tuotteissa.<\/p>\n<h3>4. VALKOISET PIGMENTIT<\/h3>\n<ul>\n<li style=\"list-style-type: none;\">\n<ul>\n<li>Titaanidioksidi (C.I. 77891) &#8211; eritt\u00e4in suosittu pigmentti, jota k\u00e4ytet\u00e4\u00e4n pohjusteissa, peitevoideaineissa, puutereissa, BB-voiteissa, aurinkosuojissa (heijastaa UV-s\u00e4teily\u00e4), huulipunissa ja luomiv\u00e4reiss\u00e4.<\/li>\n<li>Sinkkioksidi (C.I. 77947) &#8211; k\u00e4ytet\u00e4\u00e4n aurinkovoiteissa, jauheissa ja herk\u00e4lle iholle tarkoitetuissa jauheissa.<\/li>\n<\/ul>\n<\/li>\n<\/ul>\n<h2>Ep\u00e4orgaanisten pigmenttien k\u00e4ytt\u00f6 kosmetiikassa:<\/h2>\n<ul>\n<li>Meikit &#8211; pohjustusvoiteet, peitevoiteet, luomiv\u00e4rit, huulipunat, poskipunat, kulmakyn\u00e4t.<\/li>\n<li>Hiusten v\u00e4rj\u00e4ys &#8211; hiusv\u00e4rit ja v\u00e4riaineet<\/li>\n<li>Kynsituotteet &#8211; kynsilakat, aluslakat, pintalakat<\/li>\n<li>Ihonhoitokosmetiikka &#8211; puuterit, rusketusvoiteet, aurinkovoiteet.<\/li>\n<\/ul>\n","protected":false},"excerpt":{"rendered":"<p><strong>Ep\u00e4orgaaniset kosmetiikkapigmentit<\/strong> ovat kemiallisesti ja fysikaalisesti stabiileja ja kest\u00e4v\u00e4t valoa, l\u00e4mp\u00f6tilaa ja kemiallisia vaikutuksia. Niit\u00e4 k\u00e4ytet\u00e4\u00e4n erilaisten kosmetiikkatuotteiden v\u00e4rj\u00e4\u00e4miseen: meikit, ihonhoitotuotteet, kynsituotteet, hiusv\u00e4rit. Ep\u00e4orgaaniset pigmentit koostuvat p\u00e4\u00e4asiassa mineraaleista ja metallioksideista.  <\/p>\n","protected":false},"featured_media":40274,"template":"","meta":{"_acf_changed":false},"product_brand":[],"product_cat":[7792],"product_tag":[],"class_list":{"0":"post-40380","1":"product","2":"type-product","3":"status-publish","4":"has-post-thumbnail","6":"product_cat-kosmeettiset-variaineet","8":"first","9":"instock","10":"shipping-taxable","11":"product-type-simple"},"acf":[],"yoast_head":"<!-- This site is optimized with the Yoast SEO plugin v27.6 - https:\/\/yoast.com\/product\/yoast-seo-wordpress\/ -->\n<title>Ep\u00e4orgaaniset pigmentit - Tukkudistribuutio<\/title>\n<meta name=\"description\" content=\"Ep\u00e4orgaaniset pigmentit ovat v\u00e4rikosmetiikassa k\u00e4ytett\u00e4vi\u00e4 peruspigmenttej\u00e4. Ne ovat vakaita, kest\u00e4vi\u00e4, turvallisia ja niill\u00e4 on hyv\u00e4 s\u00e4ilyvyysaika.\" \/>\n<meta name=\"robots\" content=\"index, follow, max-snippet:-1, max-image-preview:large, max-video-preview:-1\" \/>\n<link rel=\"canonical\" href=\"https:\/\/naturalpoland.com\/fi\/tuotteet\/kosmetiikkateollisuuden-tuotteet\/kosmeettiset-variaineet\/epaorgaaniset-pigmentit\/\" \/>\n<meta property=\"og:locale\" content=\"fi_FI\" \/>\n<meta property=\"og:type\" content=\"article\" \/>\n<meta property=\"og:title\" content=\"Ep\u00e4orgaaniset pigmentit - Tukkudistribuutio\" \/>\n<meta property=\"og:description\" content=\"Ep\u00e4orgaaniset pigmentit ovat v\u00e4rikosmetiikassa k\u00e4ytett\u00e4vi\u00e4 peruspigmenttej\u00e4. Ne ovat vakaita, kest\u00e4vi\u00e4, turvallisia ja niill\u00e4 on hyv\u00e4 s\u00e4ilyvyysaika.\" \/>\n<meta property=\"og:url\" content=\"https:\/\/naturalpoland.com\/fi\/tuotteet\/kosmetiikkateollisuuden-tuotteet\/kosmeettiset-variaineet\/epaorgaaniset-pigmentit\/\" \/>\n<meta property=\"og:site_name\" content=\"NATURAL POLAND - RAAKA-AINEIDEN TUKKUJAKELIJA\" \/>\n<meta property=\"article:publisher\" content=\"https:\/\/www.facebook.com\/naturalpoland.b2b\" \/>\n<meta property=\"og:image\" content=\"https:\/\/naturalpoland.com\/wp-content\/uploads\/pigmenty-nieorganiczne.webp\" \/>\n\t<meta property=\"og:image:width\" content=\"821\" \/>\n\t<meta property=\"og:image:height\" content=\"821\" \/>\n\t<meta property=\"og:image:type\" content=\"image\/webp\" \/>\n<script type=\"application\/ld+json\" class=\"yoast-schema-graph\">{\"@context\":\"https:\\\/\\\/schema.org\",\"@graph\":[{\"@type\":\"WebPage\",\"@id\":\"https:\\\/\\\/naturalpoland.com\\\/fi\\\/tuotteet\\\/kosmetiikkateollisuuden-tuotteet\\\/kosmeettiset-variaineet\\\/epaorgaaniset-pigmentit\\\/\",\"url\":\"https:\\\/\\\/naturalpoland.com\\\/fi\\\/tuotteet\\\/kosmetiikkateollisuuden-tuotteet\\\/kosmeettiset-variaineet\\\/epaorgaaniset-pigmentit\\\/\",\"name\":\"Ep\u00e4orgaaniset pigmentit - Tukkudistribuutio\",\"isPartOf\":{\"@id\":\"https:\\\/\\\/naturalpoland.com\\\/fi\\\/#website\"},\"primaryImageOfPage\":{\"@id\":\"https:\\\/\\\/naturalpoland.com\\\/fi\\\/tuotteet\\\/kosmetiikkateollisuuden-tuotteet\\\/kosmeettiset-variaineet\\\/epaorgaaniset-pigmentit\\\/#primaryimage\"},\"image\":{\"@id\":\"https:\\\/\\\/naturalpoland.com\\\/fi\\\/tuotteet\\\/kosmetiikkateollisuuden-tuotteet\\\/kosmeettiset-variaineet\\\/epaorgaaniset-pigmentit\\\/#primaryimage\"},\"thumbnailUrl\":\"https:\\\/\\\/naturalpoland.com\\\/wp-content\\\/uploads\\\/pigmenty-nieorganiczne.webp\",\"datePublished\":\"2025-03-07T14:13:12+00:00\",\"description\":\"Ep\u00e4orgaaniset pigmentit ovat v\u00e4rikosmetiikassa k\u00e4ytett\u00e4vi\u00e4 peruspigmenttej\u00e4. Ne ovat vakaita, kest\u00e4vi\u00e4, turvallisia ja niill\u00e4 on hyv\u00e4 s\u00e4ilyvyysaika.\",\"breadcrumb\":{\"@id\":\"https:\\\/\\\/naturalpoland.com\\\/fi\\\/tuotteet\\\/kosmetiikkateollisuuden-tuotteet\\\/kosmeettiset-variaineet\\\/epaorgaaniset-pigmentit\\\/#breadcrumb\"},\"inLanguage\":\"fi\",\"potentialAction\":[{\"@type\":\"ReadAction\",\"target\":[\"https:\\\/\\\/naturalpoland.com\\\/fi\\\/tuotteet\\\/kosmetiikkateollisuuden-tuotteet\\\/kosmeettiset-variaineet\\\/epaorgaaniset-pigmentit\\\/\"]}]},{\"@type\":\"ImageObject\",\"inLanguage\":\"fi\",\"@id\":\"https:\\\/\\\/naturalpoland.com\\\/fi\\\/tuotteet\\\/kosmetiikkateollisuuden-tuotteet\\\/kosmeettiset-variaineet\\\/epaorgaaniset-pigmentit\\\/#primaryimage\",\"url\":\"https:\\\/\\\/naturalpoland.com\\\/wp-content\\\/uploads\\\/pigmenty-nieorganiczne.webp\",\"contentUrl\":\"https:\\\/\\\/naturalpoland.com\\\/wp-content\\\/uploads\\\/pigmenty-nieorganiczne.webp\",\"width\":821,\"height\":821,\"caption\":\"Pigmenty nieorganiczne\"},{\"@type\":\"BreadcrumbList\",\"@id\":\"https:\\\/\\\/naturalpoland.com\\\/fi\\\/tuotteet\\\/kosmetiikkateollisuuden-tuotteet\\\/kosmeettiset-variaineet\\\/epaorgaaniset-pigmentit\\\/#breadcrumb\",\"itemListElement\":[{\"@type\":\"ListItem\",\"position\":1,\"name\":\"Etusivu\",\"item\":\"https:\\\/\\\/naturalpoland.com\\\/fi\\\/\"},{\"@type\":\"ListItem\",\"position\":2,\"name\":\"Tuotteet\",\"item\":\"https:\\\/\\\/naturalpoland.com\\\/fi\\\/tuotteet\\\/\"},{\"@type\":\"ListItem\",\"position\":3,\"name\":\"Ep\u00e4orgaaniset pigmentit\"}]},{\"@type\":\"WebSite\",\"@id\":\"https:\\\/\\\/naturalpoland.com\\\/fi\\\/#website\",\"url\":\"https:\\\/\\\/naturalpoland.com\\\/fi\\\/\",\"name\":\"NATURAL POLAND - RAAKA-AINEIDEN TUKKUJAKELIJA\",\"description\":\"Surowce dla przemys\u0142u spo\u017cywczego, kosmetycznego i farmaceutycznego\",\"publisher\":{\"@id\":\"https:\\\/\\\/naturalpoland.com\\\/fi\\\/#organization\"},\"potentialAction\":[{\"@type\":\"SearchAction\",\"target\":{\"@type\":\"EntryPoint\",\"urlTemplate\":\"https:\\\/\\\/naturalpoland.com\\\/fi\\\/?s={search_term_string}\"},\"query-input\":{\"@type\":\"PropertyValueSpecification\",\"valueRequired\":true,\"valueName\":\"search_term_string\"}}],\"inLanguage\":\"fi\"},{\"@type\":\"Organization\",\"@id\":\"https:\\\/\\\/naturalpoland.com\\\/fi\\\/#organization\",\"name\":\"Natural Poland\",\"url\":\"https:\\\/\\\/naturalpoland.com\\\/fi\\\/\",\"logo\":{\"@type\":\"ImageObject\",\"inLanguage\":\"fi\",\"@id\":\"https:\\\/\\\/naturalpoland.com\\\/fi\\\/#\\\/schema\\\/logo\\\/image\\\/\",\"url\":\"https:\\\/\\\/naturalpoland.com\\\/wp-content\\\/uploads\\\/2021\\\/05\\\/natural-poland-icon.png\",\"contentUrl\":\"https:\\\/\\\/naturalpoland.com\\\/wp-content\\\/uploads\\\/2021\\\/05\\\/natural-poland-icon.png\",\"width\":512,\"height\":512,\"caption\":\"Natural Poland\"},\"image\":{\"@id\":\"https:\\\/\\\/naturalpoland.com\\\/fi\\\/#\\\/schema\\\/logo\\\/image\\\/\"},\"sameAs\":[\"https:\\\/\\\/www.facebook.com\\\/naturalpoland.b2b\",\"https:\\\/\\\/pl.linkedin.com\\\/company\\\/natural-poland\",\"https:\\\/\\\/www.youtube.com\\\/channel\\\/UCgeGGkvOMahZo-xu_MSEWxg\"]}]}<\/script>\n<!-- \/ Yoast SEO plugin. -->","yoast_head_json":{"title":"Ep\u00e4orgaaniset pigmentit - Tukkudistribuutio","description":"Ep\u00e4orgaaniset pigmentit ovat v\u00e4rikosmetiikassa k\u00e4ytett\u00e4vi\u00e4 peruspigmenttej\u00e4. Ne ovat vakaita, kest\u00e4vi\u00e4, turvallisia ja niill\u00e4 on hyv\u00e4 s\u00e4ilyvyysaika.","robots":{"index":"index","follow":"follow","max-snippet":"max-snippet:-1","max-image-preview":"max-image-preview:large","max-video-preview":"max-video-preview:-1"},"canonical":"https:\/\/naturalpoland.com\/fi\/tuotteet\/kosmetiikkateollisuuden-tuotteet\/kosmeettiset-variaineet\/epaorgaaniset-pigmentit\/","og_locale":"fi_FI","og_type":"article","og_title":"Ep\u00e4orgaaniset pigmentit - Tukkudistribuutio","og_description":"Ep\u00e4orgaaniset pigmentit ovat v\u00e4rikosmetiikassa k\u00e4ytett\u00e4vi\u00e4 peruspigmenttej\u00e4. Ne ovat vakaita, kest\u00e4vi\u00e4, turvallisia ja niill\u00e4 on hyv\u00e4 s\u00e4ilyvyysaika.","og_url":"https:\/\/naturalpoland.com\/fi\/tuotteet\/kosmetiikkateollisuuden-tuotteet\/kosmeettiset-variaineet\/epaorgaaniset-pigmentit\/","og_site_name":"NATURAL POLAND - RAAKA-AINEIDEN TUKKUJAKELIJA","article_publisher":"https:\/\/www.facebook.com\/naturalpoland.b2b","og_image":[{"width":821,"height":821,"url":"https:\/\/naturalpoland.com\/wp-content\/uploads\/pigmenty-nieorganiczne.webp","type":"image\/webp"}],"schema":{"@context":"https:\/\/schema.org","@graph":[{"@type":"WebPage","@id":"https:\/\/naturalpoland.com\/fi\/tuotteet\/kosmetiikkateollisuuden-tuotteet\/kosmeettiset-variaineet\/epaorgaaniset-pigmentit\/","url":"https:\/\/naturalpoland.com\/fi\/tuotteet\/kosmetiikkateollisuuden-tuotteet\/kosmeettiset-variaineet\/epaorgaaniset-pigmentit\/","name":"Ep\u00e4orgaaniset pigmentit - Tukkudistribuutio","isPartOf":{"@id":"https:\/\/naturalpoland.com\/fi\/#website"},"primaryImageOfPage":{"@id":"https:\/\/naturalpoland.com\/fi\/tuotteet\/kosmetiikkateollisuuden-tuotteet\/kosmeettiset-variaineet\/epaorgaaniset-pigmentit\/#primaryimage"},"image":{"@id":"https:\/\/naturalpoland.com\/fi\/tuotteet\/kosmetiikkateollisuuden-tuotteet\/kosmeettiset-variaineet\/epaorgaaniset-pigmentit\/#primaryimage"},"thumbnailUrl":"https:\/\/naturalpoland.com\/wp-content\/uploads\/pigmenty-nieorganiczne.webp","datePublished":"2025-03-07T14:13:12+00:00","description":"Ep\u00e4orgaaniset pigmentit ovat v\u00e4rikosmetiikassa k\u00e4ytett\u00e4vi\u00e4 peruspigmenttej\u00e4. Ne ovat vakaita, kest\u00e4vi\u00e4, turvallisia ja niill\u00e4 on hyv\u00e4 s\u00e4ilyvyysaika.","breadcrumb":{"@id":"https:\/\/naturalpoland.com\/fi\/tuotteet\/kosmetiikkateollisuuden-tuotteet\/kosmeettiset-variaineet\/epaorgaaniset-pigmentit\/#breadcrumb"},"inLanguage":"fi","potentialAction":[{"@type":"ReadAction","target":["https:\/\/naturalpoland.com\/fi\/tuotteet\/kosmetiikkateollisuuden-tuotteet\/kosmeettiset-variaineet\/epaorgaaniset-pigmentit\/"]}]},{"@type":"ImageObject","inLanguage":"fi","@id":"https:\/\/naturalpoland.com\/fi\/tuotteet\/kosmetiikkateollisuuden-tuotteet\/kosmeettiset-variaineet\/epaorgaaniset-pigmentit\/#primaryimage","url":"https:\/\/naturalpoland.com\/wp-content\/uploads\/pigmenty-nieorganiczne.webp","contentUrl":"https:\/\/naturalpoland.com\/wp-content\/uploads\/pigmenty-nieorganiczne.webp","width":821,"height":821,"caption":"Pigmenty nieorganiczne"},{"@type":"BreadcrumbList","@id":"https:\/\/naturalpoland.com\/fi\/tuotteet\/kosmetiikkateollisuuden-tuotteet\/kosmeettiset-variaineet\/epaorgaaniset-pigmentit\/#breadcrumb","itemListElement":[{"@type":"ListItem","position":1,"name":"Etusivu","item":"https:\/\/naturalpoland.com\/fi\/"},{"@type":"ListItem","position":2,"name":"Tuotteet","item":"https:\/\/naturalpoland.com\/fi\/tuotteet\/"},{"@type":"ListItem","position":3,"name":"Ep\u00e4orgaaniset pigmentit"}]},{"@type":"WebSite","@id":"https:\/\/naturalpoland.com\/fi\/#website","url":"https:\/\/naturalpoland.com\/fi\/","name":"NATURAL POLAND - RAAKA-AINEIDEN TUKKUJAKELIJA","description":"Surowce dla przemys\u0142u spo\u017cywczego, kosmetycznego i farmaceutycznego","publisher":{"@id":"https:\/\/naturalpoland.com\/fi\/#organization"},"potentialAction":[{"@type":"SearchAction","target":{"@type":"EntryPoint","urlTemplate":"https:\/\/naturalpoland.com\/fi\/?s={search_term_string}"},"query-input":{"@type":"PropertyValueSpecification","valueRequired":true,"valueName":"search_term_string"}}],"inLanguage":"fi"},{"@type":"Organization","@id":"https:\/\/naturalpoland.com\/fi\/#organization","name":"Natural Poland","url":"https:\/\/naturalpoland.com\/fi\/","logo":{"@type":"ImageObject","inLanguage":"fi","@id":"https:\/\/naturalpoland.com\/fi\/#\/schema\/logo\/image\/","url":"https:\/\/naturalpoland.com\/wp-content\/uploads\/2021\/05\/natural-poland-icon.png","contentUrl":"https:\/\/naturalpoland.com\/wp-content\/uploads\/2021\/05\/natural-poland-icon.png","width":512,"height":512,"caption":"Natural Poland"},"image":{"@id":"https:\/\/naturalpoland.com\/fi\/#\/schema\/logo\/image\/"},"sameAs":["https:\/\/www.facebook.com\/naturalpoland.b2b","https:\/\/pl.linkedin.com\/company\/natural-poland","https:\/\/www.youtube.com\/channel\/UCgeGGkvOMahZo-xu_MSEWxg"]}]}},"_links":{"self":[{"href":"https:\/\/naturalpoland.com\/fi\/wp-json\/wp\/v2\/product\/40380","targetHints":{"allow":["GET"]}}],"collection":[{"href":"https:\/\/naturalpoland.com\/fi\/wp-json\/wp\/v2\/product"}],"about":[{"href":"https:\/\/naturalpoland.com\/fi\/wp-json\/wp\/v2\/types\/product"}],"wp:featuredmedia":[{"embeddable":true,"href":"https:\/\/naturalpoland.com\/fi\/wp-json\/wp\/v2\/media\/40274"}],"wp:attachment":[{"href":"https:\/\/naturalpoland.com\/fi\/wp-json\/wp\/v2\/media?parent=40380"}],"wp:term":[{"taxonomy":"product_brand","embeddable":true,"href":"https:\/\/naturalpoland.com\/fi\/wp-json\/wp\/v2\/product_brand?post=40380"},{"taxonomy":"product_cat","embeddable":true,"href":"https:\/\/naturalpoland.com\/fi\/wp-json\/wp\/v2\/product_cat?post=40380"},{"taxonomy":"product_tag","embeddable":true,"href":"https:\/\/naturalpoland.com\/fi\/wp-json\/wp\/v2\/product_tag?post=40380"}],"curies":[{"name":"wp","href":"https:\/\/api.w.org\/{rel}","templated":true}]}}