{"id":40408,"date":"2025-03-07T15:28:49","date_gmt":"2025-03-07T14:44:35","guid":{"rendered":"https:\/\/naturalpoland.com\/produkty\/Ei-luokiteltu\/luonnollista-alkuperaa-olevat-variaineet\/"},"modified":"2025-03-07T15:44:35","modified_gmt":"2025-03-07T14:44:35","slug":"luonnollista-alkuperaa-olevat-variaineet","status":"publish","type":"product","link":"https:\/\/naturalpoland.com\/fi\/tuotteet\/kosmetiikkateollisuuden-tuotteet\/kosmeettiset-variaineet\/luonnollista-alkuperaa-olevat-variaineet\/","title":{"rendered":"Luonnollista alkuper\u00e4\u00e4 olevat v\u00e4riaineet"},"content":{"rendered":"<h2>Luonnonv\u00e4rien ominaisuudet<\/h2>\n<ul>\n<li>Ne ovat kasvi-, kivenn\u00e4is- tai el\u00e4inper\u00e4isi\u00e4<\/li>\n<li>Ne ovat turvallisia iholle ja usein hypoallergeenisia.<\/li>\n<li>Suunniteltu k\u00e4ytett\u00e4v\u00e4ksi luonnonkosmetiikassa ja luonnonmukaisessa kosmetiikassa<\/li>\n<li>Voi vaatia stabilointia v\u00e4rin heikkenemisen v\u00e4ltt\u00e4miseksi.<\/li>\n<li>Ne antavat v\u00e4hemm\u00e4n voimakkaita mutta luonnollisia s\u00e4vyj\u00e4<\/li>\n<\/ul>\n<h2>Luonnonv\u00e4riaineiden tyypit:<\/h2>\n<p><strong>KASVISV\u00c4RJ\u00c4YTYKSET<\/strong><\/p>\n<p>Suosittu kasvipigmentti on kurkumiini (C.I. 75300), jota k\u00e4ytet\u00e4\u00e4n kasvovoiteissa ja ihoa kirkastavassa kosmetiikassa. Antosyaaneja (punajuurenpunainen, C.I. 752) on huulipunissa, huulikiilloissa ja poskipunissa. Sit\u00e4 vastoin <strong><a href=\"https:\/\/naturalpoland.com\/produkty\/produkty-dla-przemyslu-farmaceutycznego-i-medycznego\/dodatki-do-suplementow-diety\/kompleks-miedziowy-chlorofilu\/\">Klorofylli<\/a><\/strong> (C.I. 75810) l\u00f6ytyy shampoista, saippuoista ja ihonhoitotuotteista.  <\/p>\n<p><strong>MINERAALIV\u00c4RIT<\/strong><\/p>\n<p>Mineraalipigmentteihin kuuluvat titaanidioksidi (C.I. 77891), jota k\u00e4ytet\u00e4\u00e4n meikkivoiteissa, BB-voiteissa ja aurinkovoiteissa, ja rautaoksidit (C.I. 77491, 77492, 77499), joita k\u00e4ytet\u00e4\u00e4n kasvojen kosmetiikassa, luomiv\u00e4reiss\u00e4 ja rusketusvoiteissa.<\/p>\n<p><strong>EL\u00c4INTEN V\u00c4RJ\u00c4YTYKSET<\/strong><\/p>\n<p>Karmiinikoksiini (C.I. 75470) on el\u00e4inper\u00e4inen v\u00e4riaine, jota k\u00e4ytet\u00e4\u00e4n huulipunissa, kiiltokyniss\u00e4 ja poskipunissa.<\/p>\n","protected":false},"excerpt":{"rendered":"<p>Luonnollista alkuper\u00e4\u00e4 olevat v\u00e4riaineet ovat per\u00e4isin kasveista, mineraaleista tai el\u00e4inorganismeista. Ne ovat vaihtoehto synteettisille v\u00e4riaineille erityisesti luonnonmukaisissa ja ekologisissa tuotteissa. <\/p>\n","protected":false},"featured_media":40395,"template":"","meta":{"_acf_changed":false},"product_brand":[],"product_cat":[7792],"product_tag":[],"class_list":{"0":"post-40408","1":"product","2":"type-product","3":"status-publish","4":"has-post-thumbnail","6":"product_cat-kosmeettiset-variaineet","8":"first","9":"instock","10":"shipping-taxable","11":"product-type-simple"},"acf":[],"yoast_head":"<!-- This site is optimized with the Yoast SEO plugin v27.4 - https:\/\/yoast.com\/product\/yoast-seo-wordpress\/ -->\n<title>Luonnollista alkuper\u00e4\u00e4 olevat v\u00e4riaineet - Tukkudistribuutio<\/title>\n<meta name=\"description\" content=\"Luonnollista alkuper\u00e4\u00e4 olevat v\u00e4riaineet ovat suosittuja luonnonkosmetiikassa. Ne antavat v\u00e4hemm\u00e4n voimakkaita mutta luonnollisia s\u00e4vyj\u00e4.\" \/>\n<meta name=\"robots\" content=\"index, follow, max-snippet:-1, max-image-preview:large, max-video-preview:-1\" \/>\n<link rel=\"canonical\" href=\"https:\/\/naturalpoland.com\/fi\/tuotteet\/kosmetiikkateollisuuden-tuotteet\/kosmeettiset-variaineet\/luonnollista-alkuperaa-olevat-variaineet\/\" \/>\n<meta property=\"og:locale\" content=\"fi_FI\" \/>\n<meta property=\"og:type\" content=\"article\" \/>\n<meta property=\"og:title\" content=\"Luonnollista alkuper\u00e4\u00e4 olevat v\u00e4riaineet - Tukkudistribuutio\" \/>\n<meta property=\"og:description\" content=\"Luonnollista alkuper\u00e4\u00e4 olevat v\u00e4riaineet ovat suosittuja luonnonkosmetiikassa. Ne antavat v\u00e4hemm\u00e4n voimakkaita mutta luonnollisia s\u00e4vyj\u00e4.\" \/>\n<meta property=\"og:url\" content=\"https:\/\/naturalpoland.com\/fi\/tuotteet\/kosmetiikkateollisuuden-tuotteet\/kosmeettiset-variaineet\/luonnollista-alkuperaa-olevat-variaineet\/\" \/>\n<meta property=\"og:site_name\" content=\"NATURAL POLAND - RAAKA-AINEIDEN TUKKUJAKELIJA\" \/>\n<meta property=\"article:publisher\" content=\"https:\/\/www.facebook.com\/naturalpoland.b2b\" \/>\n<meta property=\"og:image\" content=\"https:\/\/naturalpoland.com\/wp-content\/uploads\/barwniki-pochodzenia-naturalnego.webp\" \/>\n\t<meta property=\"og:image:width\" content=\"821\" \/>\n\t<meta property=\"og:image:height\" content=\"821\" \/>\n\t<meta property=\"og:image:type\" content=\"image\/webp\" \/>\n<script type=\"application\/ld+json\" class=\"yoast-schema-graph\">{\"@context\":\"https:\\\/\\\/schema.org\",\"@graph\":[{\"@type\":\"WebPage\",\"@id\":\"https:\\\/\\\/naturalpoland.com\\\/fi\\\/tuotteet\\\/kosmetiikkateollisuuden-tuotteet\\\/kosmeettiset-variaineet\\\/luonnollista-alkuperaa-olevat-variaineet\\\/\",\"url\":\"https:\\\/\\\/naturalpoland.com\\\/fi\\\/tuotteet\\\/kosmetiikkateollisuuden-tuotteet\\\/kosmeettiset-variaineet\\\/luonnollista-alkuperaa-olevat-variaineet\\\/\",\"name\":\"Luonnollista alkuper\u00e4\u00e4 olevat v\u00e4riaineet - Tukkudistribuutio\",\"isPartOf\":{\"@id\":\"https:\\\/\\\/naturalpoland.com\\\/fi\\\/#website\"},\"primaryImageOfPage\":{\"@id\":\"https:\\\/\\\/naturalpoland.com\\\/fi\\\/tuotteet\\\/kosmetiikkateollisuuden-tuotteet\\\/kosmeettiset-variaineet\\\/luonnollista-alkuperaa-olevat-variaineet\\\/#primaryimage\"},\"image\":{\"@id\":\"https:\\\/\\\/naturalpoland.com\\\/fi\\\/tuotteet\\\/kosmetiikkateollisuuden-tuotteet\\\/kosmeettiset-variaineet\\\/luonnollista-alkuperaa-olevat-variaineet\\\/#primaryimage\"},\"thumbnailUrl\":\"https:\\\/\\\/naturalpoland.com\\\/wp-content\\\/uploads\\\/barwniki-pochodzenia-naturalnego.webp\",\"datePublished\":\"2025-03-07T14:44:35+00:00\",\"description\":\"Luonnollista alkuper\u00e4\u00e4 olevat v\u00e4riaineet ovat suosittuja luonnonkosmetiikassa. Ne antavat v\u00e4hemm\u00e4n voimakkaita mutta luonnollisia s\u00e4vyj\u00e4.\",\"breadcrumb\":{\"@id\":\"https:\\\/\\\/naturalpoland.com\\\/fi\\\/tuotteet\\\/kosmetiikkateollisuuden-tuotteet\\\/kosmeettiset-variaineet\\\/luonnollista-alkuperaa-olevat-variaineet\\\/#breadcrumb\"},\"inLanguage\":\"fi\",\"potentialAction\":[{\"@type\":\"ReadAction\",\"target\":[\"https:\\\/\\\/naturalpoland.com\\\/fi\\\/tuotteet\\\/kosmetiikkateollisuuden-tuotteet\\\/kosmeettiset-variaineet\\\/luonnollista-alkuperaa-olevat-variaineet\\\/\"]}]},{\"@type\":\"ImageObject\",\"inLanguage\":\"fi\",\"@id\":\"https:\\\/\\\/naturalpoland.com\\\/fi\\\/tuotteet\\\/kosmetiikkateollisuuden-tuotteet\\\/kosmeettiset-variaineet\\\/luonnollista-alkuperaa-olevat-variaineet\\\/#primaryimage\",\"url\":\"https:\\\/\\\/naturalpoland.com\\\/wp-content\\\/uploads\\\/barwniki-pochodzenia-naturalnego.webp\",\"contentUrl\":\"https:\\\/\\\/naturalpoland.com\\\/wp-content\\\/uploads\\\/barwniki-pochodzenia-naturalnego.webp\",\"width\":821,\"height\":821,\"caption\":\"Barwniki pochodzenia naturalnego\"},{\"@type\":\"BreadcrumbList\",\"@id\":\"https:\\\/\\\/naturalpoland.com\\\/fi\\\/tuotteet\\\/kosmetiikkateollisuuden-tuotteet\\\/kosmeettiset-variaineet\\\/luonnollista-alkuperaa-olevat-variaineet\\\/#breadcrumb\",\"itemListElement\":[{\"@type\":\"ListItem\",\"position\":1,\"name\":\"Etusivu\",\"item\":\"https:\\\/\\\/naturalpoland.com\\\/fi\\\/\"},{\"@type\":\"ListItem\",\"position\":2,\"name\":\"Tuotteet\",\"item\":\"https:\\\/\\\/naturalpoland.com\\\/fi\\\/tuotteet\\\/\"},{\"@type\":\"ListItem\",\"position\":3,\"name\":\"Luonnollista alkuper\u00e4\u00e4 olevat v\u00e4riaineet\"}]},{\"@type\":\"WebSite\",\"@id\":\"https:\\\/\\\/naturalpoland.com\\\/fi\\\/#website\",\"url\":\"https:\\\/\\\/naturalpoland.com\\\/fi\\\/\",\"name\":\"NATURAL POLAND - RAAKA-AINEIDEN TUKKUJAKELIJA\",\"description\":\"Surowce dla przemys\u0142u spo\u017cywczego, kosmetycznego i farmaceutycznego\",\"publisher\":{\"@id\":\"https:\\\/\\\/naturalpoland.com\\\/fi\\\/#organization\"},\"potentialAction\":[{\"@type\":\"SearchAction\",\"target\":{\"@type\":\"EntryPoint\",\"urlTemplate\":\"https:\\\/\\\/naturalpoland.com\\\/fi\\\/?s={search_term_string}\"},\"query-input\":{\"@type\":\"PropertyValueSpecification\",\"valueRequired\":true,\"valueName\":\"search_term_string\"}}],\"inLanguage\":\"fi\"},{\"@type\":\"Organization\",\"@id\":\"https:\\\/\\\/naturalpoland.com\\\/fi\\\/#organization\",\"name\":\"Natural Poland\",\"url\":\"https:\\\/\\\/naturalpoland.com\\\/fi\\\/\",\"logo\":{\"@type\":\"ImageObject\",\"inLanguage\":\"fi\",\"@id\":\"https:\\\/\\\/naturalpoland.com\\\/fi\\\/#\\\/schema\\\/logo\\\/image\\\/\",\"url\":\"https:\\\/\\\/naturalpoland.com\\\/wp-content\\\/uploads\\\/2021\\\/05\\\/natural-poland-icon.png\",\"contentUrl\":\"https:\\\/\\\/naturalpoland.com\\\/wp-content\\\/uploads\\\/2021\\\/05\\\/natural-poland-icon.png\",\"width\":512,\"height\":512,\"caption\":\"Natural Poland\"},\"image\":{\"@id\":\"https:\\\/\\\/naturalpoland.com\\\/fi\\\/#\\\/schema\\\/logo\\\/image\\\/\"},\"sameAs\":[\"https:\\\/\\\/www.facebook.com\\\/naturalpoland.b2b\",\"https:\\\/\\\/pl.linkedin.com\\\/company\\\/natural-poland\",\"https:\\\/\\\/www.youtube.com\\\/channel\\\/UCgeGGkvOMahZo-xu_MSEWxg\"]}]}<\/script>\n<!-- \/ Yoast SEO plugin. -->","yoast_head_json":{"title":"Luonnollista alkuper\u00e4\u00e4 olevat v\u00e4riaineet - Tukkudistribuutio","description":"Luonnollista alkuper\u00e4\u00e4 olevat v\u00e4riaineet ovat suosittuja luonnonkosmetiikassa. Ne antavat v\u00e4hemm\u00e4n voimakkaita mutta luonnollisia s\u00e4vyj\u00e4.","robots":{"index":"index","follow":"follow","max-snippet":"max-snippet:-1","max-image-preview":"max-image-preview:large","max-video-preview":"max-video-preview:-1"},"canonical":"https:\/\/naturalpoland.com\/fi\/tuotteet\/kosmetiikkateollisuuden-tuotteet\/kosmeettiset-variaineet\/luonnollista-alkuperaa-olevat-variaineet\/","og_locale":"fi_FI","og_type":"article","og_title":"Luonnollista alkuper\u00e4\u00e4 olevat v\u00e4riaineet - Tukkudistribuutio","og_description":"Luonnollista alkuper\u00e4\u00e4 olevat v\u00e4riaineet ovat suosittuja luonnonkosmetiikassa. Ne antavat v\u00e4hemm\u00e4n voimakkaita mutta luonnollisia s\u00e4vyj\u00e4.","og_url":"https:\/\/naturalpoland.com\/fi\/tuotteet\/kosmetiikkateollisuuden-tuotteet\/kosmeettiset-variaineet\/luonnollista-alkuperaa-olevat-variaineet\/","og_site_name":"NATURAL POLAND - RAAKA-AINEIDEN TUKKUJAKELIJA","article_publisher":"https:\/\/www.facebook.com\/naturalpoland.b2b","og_image":[{"width":821,"height":821,"url":"https:\/\/naturalpoland.com\/wp-content\/uploads\/barwniki-pochodzenia-naturalnego.webp","type":"image\/webp"}],"schema":{"@context":"https:\/\/schema.org","@graph":[{"@type":"WebPage","@id":"https:\/\/naturalpoland.com\/fi\/tuotteet\/kosmetiikkateollisuuden-tuotteet\/kosmeettiset-variaineet\/luonnollista-alkuperaa-olevat-variaineet\/","url":"https:\/\/naturalpoland.com\/fi\/tuotteet\/kosmetiikkateollisuuden-tuotteet\/kosmeettiset-variaineet\/luonnollista-alkuperaa-olevat-variaineet\/","name":"Luonnollista alkuper\u00e4\u00e4 olevat v\u00e4riaineet - Tukkudistribuutio","isPartOf":{"@id":"https:\/\/naturalpoland.com\/fi\/#website"},"primaryImageOfPage":{"@id":"https:\/\/naturalpoland.com\/fi\/tuotteet\/kosmetiikkateollisuuden-tuotteet\/kosmeettiset-variaineet\/luonnollista-alkuperaa-olevat-variaineet\/#primaryimage"},"image":{"@id":"https:\/\/naturalpoland.com\/fi\/tuotteet\/kosmetiikkateollisuuden-tuotteet\/kosmeettiset-variaineet\/luonnollista-alkuperaa-olevat-variaineet\/#primaryimage"},"thumbnailUrl":"https:\/\/naturalpoland.com\/wp-content\/uploads\/barwniki-pochodzenia-naturalnego.webp","datePublished":"2025-03-07T14:44:35+00:00","description":"Luonnollista alkuper\u00e4\u00e4 olevat v\u00e4riaineet ovat suosittuja luonnonkosmetiikassa. Ne antavat v\u00e4hemm\u00e4n voimakkaita mutta luonnollisia s\u00e4vyj\u00e4.","breadcrumb":{"@id":"https:\/\/naturalpoland.com\/fi\/tuotteet\/kosmetiikkateollisuuden-tuotteet\/kosmeettiset-variaineet\/luonnollista-alkuperaa-olevat-variaineet\/#breadcrumb"},"inLanguage":"fi","potentialAction":[{"@type":"ReadAction","target":["https:\/\/naturalpoland.com\/fi\/tuotteet\/kosmetiikkateollisuuden-tuotteet\/kosmeettiset-variaineet\/luonnollista-alkuperaa-olevat-variaineet\/"]}]},{"@type":"ImageObject","inLanguage":"fi","@id":"https:\/\/naturalpoland.com\/fi\/tuotteet\/kosmetiikkateollisuuden-tuotteet\/kosmeettiset-variaineet\/luonnollista-alkuperaa-olevat-variaineet\/#primaryimage","url":"https:\/\/naturalpoland.com\/wp-content\/uploads\/barwniki-pochodzenia-naturalnego.webp","contentUrl":"https:\/\/naturalpoland.com\/wp-content\/uploads\/barwniki-pochodzenia-naturalnego.webp","width":821,"height":821,"caption":"Barwniki pochodzenia naturalnego"},{"@type":"BreadcrumbList","@id":"https:\/\/naturalpoland.com\/fi\/tuotteet\/kosmetiikkateollisuuden-tuotteet\/kosmeettiset-variaineet\/luonnollista-alkuperaa-olevat-variaineet\/#breadcrumb","itemListElement":[{"@type":"ListItem","position":1,"name":"Etusivu","item":"https:\/\/naturalpoland.com\/fi\/"},{"@type":"ListItem","position":2,"name":"Tuotteet","item":"https:\/\/naturalpoland.com\/fi\/tuotteet\/"},{"@type":"ListItem","position":3,"name":"Luonnollista alkuper\u00e4\u00e4 olevat v\u00e4riaineet"}]},{"@type":"WebSite","@id":"https:\/\/naturalpoland.com\/fi\/#website","url":"https:\/\/naturalpoland.com\/fi\/","name":"NATURAL POLAND - RAAKA-AINEIDEN TUKKUJAKELIJA","description":"Surowce dla przemys\u0142u spo\u017cywczego, kosmetycznego i farmaceutycznego","publisher":{"@id":"https:\/\/naturalpoland.com\/fi\/#organization"},"potentialAction":[{"@type":"SearchAction","target":{"@type":"EntryPoint","urlTemplate":"https:\/\/naturalpoland.com\/fi\/?s={search_term_string}"},"query-input":{"@type":"PropertyValueSpecification","valueRequired":true,"valueName":"search_term_string"}}],"inLanguage":"fi"},{"@type":"Organization","@id":"https:\/\/naturalpoland.com\/fi\/#organization","name":"Natural Poland","url":"https:\/\/naturalpoland.com\/fi\/","logo":{"@type":"ImageObject","inLanguage":"fi","@id":"https:\/\/naturalpoland.com\/fi\/#\/schema\/logo\/image\/","url":"https:\/\/naturalpoland.com\/wp-content\/uploads\/2021\/05\/natural-poland-icon.png","contentUrl":"https:\/\/naturalpoland.com\/wp-content\/uploads\/2021\/05\/natural-poland-icon.png","width":512,"height":512,"caption":"Natural Poland"},"image":{"@id":"https:\/\/naturalpoland.com\/fi\/#\/schema\/logo\/image\/"},"sameAs":["https:\/\/www.facebook.com\/naturalpoland.b2b","https:\/\/pl.linkedin.com\/company\/natural-poland","https:\/\/www.youtube.com\/channel\/UCgeGGkvOMahZo-xu_MSEWxg"]}]}},"_links":{"self":[{"href":"https:\/\/naturalpoland.com\/fi\/wp-json\/wp\/v2\/product\/40408","targetHints":{"allow":["GET"]}}],"collection":[{"href":"https:\/\/naturalpoland.com\/fi\/wp-json\/wp\/v2\/product"}],"about":[{"href":"https:\/\/naturalpoland.com\/fi\/wp-json\/wp\/v2\/types\/product"}],"wp:featuredmedia":[{"embeddable":true,"href":"https:\/\/naturalpoland.com\/fi\/wp-json\/wp\/v2\/media\/40395"}],"wp:attachment":[{"href":"https:\/\/naturalpoland.com\/fi\/wp-json\/wp\/v2\/media?parent=40408"}],"wp:term":[{"taxonomy":"product_brand","embeddable":true,"href":"https:\/\/naturalpoland.com\/fi\/wp-json\/wp\/v2\/product_brand?post=40408"},{"taxonomy":"product_cat","embeddable":true,"href":"https:\/\/naturalpoland.com\/fi\/wp-json\/wp\/v2\/product_cat?post=40408"},{"taxonomy":"product_tag","embeddable":true,"href":"https:\/\/naturalpoland.com\/fi\/wp-json\/wp\/v2\/product_tag?post=40408"}],"curies":[{"name":"wp","href":"https:\/\/api.w.org\/{rel}","templated":true}]}}