{"id":40735,"date":"2025-04-15T10:55:00","date_gmt":"2025-04-16T13:20:39","guid":{"rendered":"https:\/\/naturalpoland.com\/produkty\/Ei-luokiteltu\/siankarsamouute-2\/"},"modified":"2025-04-16T15:20:39","modified_gmt":"2025-04-16T13:20:39","slug":"siankarsamouute-2","status":"publish","type":"product","link":"https:\/\/naturalpoland.com\/fi\/tuotteet\/kasviuutteet\/siankarsamouute-2\/","title":{"rendered":"Siank\u00e4rs\u00e4m\u00f6uute"},"content":{"rendered":"<p><em><strong>Achillea nano<\/strong><\/em> on v\u00e4hemm\u00e4n tunnettu mutta arvokas <strong>siank\u00e4rs\u00e4m\u00f6-suvun<\/strong> edustaja. Sill\u00e4 on anti-inflammatorisia, tonisoivia ja ruoansulatusta tukevia vaikutuksia. Perinteisiss\u00e4 l\u00e4\u00e4ketieteellisiss\u00e4 j\u00e4rjestelmiss\u00e4 sit\u00e4 on k\u00e4ytetty lieviin ruoansulatusvaivoihin ja kehon tasapainon tukemiseen.  <\/p>\n<p>Kosmetiikassa sill\u00e4 voi olla ihoa rauhoittava vaikutus, ja sit\u00e4 voidaan k\u00e4ytt\u00e4\u00e4 herk\u00e4lle tai punoitukselle alttiille iholle tarkoitetuissa valmisteissa.<\/p>\n<h2>Erot k\u00e4\u00e4pi\u00f6- ja keltamajavan v\u00e4lill\u00e4<\/h2>\n<article class=\"text-token-text-primary w-full\" dir=\"auto\" data-testid=\"conversation-turn-364\" data-scroll-anchor=\"true\">\n<div class=\"text-base my-auto mx-auto py-5 [--thread-content-margin:--spacing(4)] @[37rem]:[--thread-content-margin:--spacing(6)] @[70rem]:[--thread-content-margin:--spacing(12)] px-(--thread-content-margin)\">\n<div class=\"[--thread-content-max-width:32rem] @[34rem]:[--thread-content-max-width:40rem] @[64rem]:[--thread-content-max-width:48rem] mx-auto flex max-w-(--thread-content-max-width) flex-1 text-base gap-4 md:gap-5 lg:gap-6 group\/turn-messages focus-visible:outline-hidden\" tabindex=\"-1\">\n<div class=\"group\/conversation-turn relative flex w-full min-w-0 flex-col agent-turn\">\n<div class=\"relative flex-col gap-1 md:gap-3\">\n<div class=\"flex max-w-full flex-col grow\">\n<div class=\"min-h-8 text-message relative flex w-full flex-col items-end gap-2 text-start break-words whitespace-normal [.text-message+&amp;]:mt-5\" dir=\"auto\" data-message-author-role=\"assistant\" data-message-id=\"7b7d6f3d-cb4b-42fa-b0d8-d0ed82fd6822\" data-message-model-slug=\"gpt-4o\">\n<div class=\"flex w-full flex-col gap-1 empty:hidden first:pt-[3px]\">\n<div class=\"markdown prose dark:prose-invert w-full break-words light\">\n<p class=\"\" data-start=\"0\" data-end=\"839\">Vaikka <strong>k\u00e4\u00e4pi\u00f6maitikka<\/strong><em>(Achillea nano Linn.<\/em>) ja <strong>k\u00e4\u00e4pi\u00f6maitikka<\/strong><em>(Achillea nano Linn.<\/em>) ja <a href=\"https:\/\/naturalpoland.com\/fi\/tuotteet\/kasviuutteet\/siankarsamouute\/\"><strong>siank\u00e4rs\u00e4m\u00f6<\/strong><\/a><em>(Achillea millefolium<\/em>) kuuluvat samaan kasvitieteelliseen sukuun, ne eroavat toisistaan sek\u00e4 morfologisesti ett\u00e4 kemiallisesti. Achillea millefolium on laajemmin levinnyt, ja se tunnetaan laajasta k\u00e4yt\u00f6st\u00e4 fytoterapiassa, erityisesti ruoansulatus-, iho- ja naisvaivoissa. <\/p>\n<p class=\"\" data-start=\"0\" data-end=\"839\">Toisaalta k\u00e4\u00e4pi\u00f6angervolla, vaikka se onkin harvinaisempi, on samanlaisia tulehdusta ehk\u00e4isevi\u00e4 ja vahvistavia ominaisuuksia, mutta sen fytoaktiivinen koostumus voi olla v\u00e4hemm\u00e4n voimakas tai hieman erilainen aktiivisten yhdisteiden, kuten flavonoidien tai eteeristen \u00f6ljyjen, pitoisuuden suhteen. Siksi on syyt\u00e4 ottaa huomioon n\u00e4iden lajien v\u00e4liset erot kehitett\u00e4ess\u00e4 reseptej\u00e4 ja valita raaka-aine reseptin tarpeiden ja vaikutusprofiilin mukaan. <\/p>\n<\/div>\n<\/div>\n<\/div>\n<\/div>\n<div class=\"flex justify-start\">\n<div class=\"touch:-me-2 touch:-ms-3.5 -ms-2.5 -me-1 flex items-center p-1 select-none -mt-1 duration-[1.5s] focus-within:transition-none hover:transition-none pointer-events-none [mask-image:linear-gradient(to_right,black_33%,transparent_66%)] [mask-position:100%_0%] [mask-size:300%_100%] motion-safe:transition-[mask-position] group-hover\/turn-messages:pointer-events-auto group-hover\/turn-messages:[mask-position:0_0] group-focus-within\/turn-messages:pointer-events-auto group-focus-within\/turn-messages:[mask-position:0_0] has-data-[state=open]:pointer-events-auto has-data-[state=open]:[mask-position:0_0]\"><\/div>\n<\/div>\n<div class=\"mt-3 w-full empty:hidden\">\n<div class=\"text-center\"><\/div>\n<\/div>\n<\/div>\n<div class=\"absolute\">\n<div class=\"flex items-center justify-center\"><\/div>\n<\/div>\n<\/div>\n<\/div>\n<\/div>\n<\/article>\n<div class=\"pointer-events-none h-px w-px\" aria-hidden=\"true\" data-edge=\"true\"><\/div>\n","protected":false},"excerpt":{"rendered":"<p><strong>Siank\u00e4rs\u00e4m\u00f6uute<\/strong><em>(Achillea nano Linn.<\/em>) saadaan koko yrtist\u00e4 vesiuutolla. Se sis\u00e4lt\u00e4\u00e4 pienen m\u00e4\u00e4r\u00e4n maltodekstriini\u00e4. Se on hienoksi jauhettua jauhemaista, v\u00e4rilt\u00e4\u00e4n kellanruskeaa ja sit\u00e4 k\u00e4ytet\u00e4\u00e4n ravintolisiss\u00e4 ja luonnonkosmetiikassa.  <\/p>\n","protected":false},"featured_media":40683,"template":"","meta":{"_acf_changed":false},"product_brand":[],"product_cat":[528],"product_tag":[],"class_list":{"0":"post-40735","1":"product","2":"type-product","3":"status-publish","4":"has-post-thumbnail","6":"product_cat-kasviuutteet","7":"pa_czesc-rosliny-koko-kasvi","9":"first","10":"instock","11":"shipping-taxable","12":"product-type-simple"},"acf":[],"yoast_head":"<!-- This site is optimized with the Yoast SEO plugin v27.5 - https:\/\/yoast.com\/product\/yoast-seo-wordpress\/ -->\n<title>Siank\u00e4rs\u00e4m\u00f6uute - Tukkudistribuutio<\/title>\n<meta name=\"description\" content=\"Siank\u00e4rs\u00e4m\u00f6uute (Achillea nano Linn.) on hienoksi jauhettu kellanruskea jauhe, joka saadaan koko yrtist\u00e4 vesiuutolla.\" \/>\n<meta name=\"robots\" content=\"index, follow, max-snippet:-1, max-image-preview:large, max-video-preview:-1\" \/>\n<link rel=\"canonical\" href=\"https:\/\/naturalpoland.com\/fi\/tuotteet\/kasviuutteet\/siankarsamouute-2\/\" \/>\n<meta property=\"og:locale\" content=\"fi_FI\" \/>\n<meta property=\"og:type\" content=\"article\" \/>\n<meta property=\"og:title\" content=\"Siank\u00e4rs\u00e4m\u00f6uute - Tukkudistribuutio\" \/>\n<meta property=\"og:description\" content=\"Siank\u00e4rs\u00e4m\u00f6uute (Achillea nano Linn.) on hienoksi jauhettu kellanruskea jauhe, joka saadaan koko yrtist\u00e4 vesiuutolla.\" \/>\n<meta property=\"og:url\" content=\"https:\/\/naturalpoland.com\/fi\/tuotteet\/kasviuutteet\/siankarsamouute-2\/\" \/>\n<meta property=\"og:site_name\" content=\"NATURAL POLAND - RAAKA-AINEIDEN TUKKUJAKELIJA\" \/>\n<meta property=\"article:publisher\" content=\"https:\/\/www.facebook.com\/naturalpoland.b2b\" \/>\n<meta property=\"og:image\" content=\"https:\/\/naturalpoland.com\/wp-content\/uploads\/ekstrakt-z-krwawnika-karlowatego.webp\" \/>\n\t<meta property=\"og:image:width\" content=\"1024\" \/>\n\t<meta property=\"og:image:height\" content=\"1024\" \/>\n\t<meta property=\"og:image:type\" content=\"image\/webp\" \/>\n<script type=\"application\/ld+json\" class=\"yoast-schema-graph\">{\"@context\":\"https:\\\/\\\/schema.org\",\"@graph\":[{\"@type\":\"WebPage\",\"@id\":\"https:\\\/\\\/naturalpoland.com\\\/fi\\\/tuotteet\\\/kasviuutteet\\\/siankarsamouute-2\\\/\",\"url\":\"https:\\\/\\\/naturalpoland.com\\\/fi\\\/tuotteet\\\/kasviuutteet\\\/siankarsamouute-2\\\/\",\"name\":\"Siank\u00e4rs\u00e4m\u00f6uute - Tukkudistribuutio\",\"isPartOf\":{\"@id\":\"https:\\\/\\\/naturalpoland.com\\\/fi\\\/#website\"},\"primaryImageOfPage\":{\"@id\":\"https:\\\/\\\/naturalpoland.com\\\/fi\\\/tuotteet\\\/kasviuutteet\\\/siankarsamouute-2\\\/#primaryimage\"},\"image\":{\"@id\":\"https:\\\/\\\/naturalpoland.com\\\/fi\\\/tuotteet\\\/kasviuutteet\\\/siankarsamouute-2\\\/#primaryimage\"},\"thumbnailUrl\":\"https:\\\/\\\/naturalpoland.com\\\/wp-content\\\/uploads\\\/ekstrakt-z-krwawnika-karlowatego.webp\",\"datePublished\":\"2025-04-16T13:20:39+00:00\",\"description\":\"Siank\u00e4rs\u00e4m\u00f6uute (Achillea nano Linn.) on hienoksi jauhettu kellanruskea jauhe, joka saadaan koko yrtist\u00e4 vesiuutolla.\",\"breadcrumb\":{\"@id\":\"https:\\\/\\\/naturalpoland.com\\\/fi\\\/tuotteet\\\/kasviuutteet\\\/siankarsamouute-2\\\/#breadcrumb\"},\"inLanguage\":\"fi\",\"potentialAction\":[{\"@type\":\"ReadAction\",\"target\":[\"https:\\\/\\\/naturalpoland.com\\\/fi\\\/tuotteet\\\/kasviuutteet\\\/siankarsamouute-2\\\/\"]}]},{\"@type\":\"ImageObject\",\"inLanguage\":\"fi\",\"@id\":\"https:\\\/\\\/naturalpoland.com\\\/fi\\\/tuotteet\\\/kasviuutteet\\\/siankarsamouute-2\\\/#primaryimage\",\"url\":\"https:\\\/\\\/naturalpoland.com\\\/wp-content\\\/uploads\\\/ekstrakt-z-krwawnika-karlowatego.webp\",\"contentUrl\":\"https:\\\/\\\/naturalpoland.com\\\/wp-content\\\/uploads\\\/ekstrakt-z-krwawnika-karlowatego.webp\",\"width\":1024,\"height\":1024,\"caption\":\"Ekstrakt z krwawnika kar\u0142owatego\"},{\"@type\":\"BreadcrumbList\",\"@id\":\"https:\\\/\\\/naturalpoland.com\\\/fi\\\/tuotteet\\\/kasviuutteet\\\/siankarsamouute-2\\\/#breadcrumb\",\"itemListElement\":[{\"@type\":\"ListItem\",\"position\":1,\"name\":\"Etusivu\",\"item\":\"https:\\\/\\\/naturalpoland.com\\\/fi\\\/\"},{\"@type\":\"ListItem\",\"position\":2,\"name\":\"Tuotteet\",\"item\":\"https:\\\/\\\/naturalpoland.com\\\/fi\\\/tuotteet\\\/\"},{\"@type\":\"ListItem\",\"position\":3,\"name\":\"Siank\u00e4rs\u00e4m\u00f6uute\"}]},{\"@type\":\"WebSite\",\"@id\":\"https:\\\/\\\/naturalpoland.com\\\/fi\\\/#website\",\"url\":\"https:\\\/\\\/naturalpoland.com\\\/fi\\\/\",\"name\":\"NATURAL POLAND - RAAKA-AINEIDEN TUKKUJAKELIJA\",\"description\":\"Surowce dla przemys\u0142u spo\u017cywczego, kosmetycznego i farmaceutycznego\",\"publisher\":{\"@id\":\"https:\\\/\\\/naturalpoland.com\\\/fi\\\/#organization\"},\"potentialAction\":[{\"@type\":\"SearchAction\",\"target\":{\"@type\":\"EntryPoint\",\"urlTemplate\":\"https:\\\/\\\/naturalpoland.com\\\/fi\\\/?s={search_term_string}\"},\"query-input\":{\"@type\":\"PropertyValueSpecification\",\"valueRequired\":true,\"valueName\":\"search_term_string\"}}],\"inLanguage\":\"fi\"},{\"@type\":\"Organization\",\"@id\":\"https:\\\/\\\/naturalpoland.com\\\/fi\\\/#organization\",\"name\":\"Natural Poland\",\"url\":\"https:\\\/\\\/naturalpoland.com\\\/fi\\\/\",\"logo\":{\"@type\":\"ImageObject\",\"inLanguage\":\"fi\",\"@id\":\"https:\\\/\\\/naturalpoland.com\\\/fi\\\/#\\\/schema\\\/logo\\\/image\\\/\",\"url\":\"https:\\\/\\\/naturalpoland.com\\\/wp-content\\\/uploads\\\/2021\\\/05\\\/natural-poland-icon.png\",\"contentUrl\":\"https:\\\/\\\/naturalpoland.com\\\/wp-content\\\/uploads\\\/2021\\\/05\\\/natural-poland-icon.png\",\"width\":512,\"height\":512,\"caption\":\"Natural Poland\"},\"image\":{\"@id\":\"https:\\\/\\\/naturalpoland.com\\\/fi\\\/#\\\/schema\\\/logo\\\/image\\\/\"},\"sameAs\":[\"https:\\\/\\\/www.facebook.com\\\/naturalpoland.b2b\",\"https:\\\/\\\/pl.linkedin.com\\\/company\\\/natural-poland\",\"https:\\\/\\\/www.youtube.com\\\/channel\\\/UCgeGGkvOMahZo-xu_MSEWxg\"]}]}<\/script>\n<!-- \/ Yoast SEO plugin. -->","yoast_head_json":{"title":"Siank\u00e4rs\u00e4m\u00f6uute - Tukkudistribuutio","description":"Siank\u00e4rs\u00e4m\u00f6uute (Achillea nano Linn.) on hienoksi jauhettu kellanruskea jauhe, joka saadaan koko yrtist\u00e4 vesiuutolla.","robots":{"index":"index","follow":"follow","max-snippet":"max-snippet:-1","max-image-preview":"max-image-preview:large","max-video-preview":"max-video-preview:-1"},"canonical":"https:\/\/naturalpoland.com\/fi\/tuotteet\/kasviuutteet\/siankarsamouute-2\/","og_locale":"fi_FI","og_type":"article","og_title":"Siank\u00e4rs\u00e4m\u00f6uute - Tukkudistribuutio","og_description":"Siank\u00e4rs\u00e4m\u00f6uute (Achillea nano Linn.) on hienoksi jauhettu kellanruskea jauhe, joka saadaan koko yrtist\u00e4 vesiuutolla.","og_url":"https:\/\/naturalpoland.com\/fi\/tuotteet\/kasviuutteet\/siankarsamouute-2\/","og_site_name":"NATURAL POLAND - RAAKA-AINEIDEN TUKKUJAKELIJA","article_publisher":"https:\/\/www.facebook.com\/naturalpoland.b2b","og_image":[{"width":1024,"height":1024,"url":"https:\/\/naturalpoland.com\/wp-content\/uploads\/ekstrakt-z-krwawnika-karlowatego.webp","type":"image\/webp"}],"schema":{"@context":"https:\/\/schema.org","@graph":[{"@type":"WebPage","@id":"https:\/\/naturalpoland.com\/fi\/tuotteet\/kasviuutteet\/siankarsamouute-2\/","url":"https:\/\/naturalpoland.com\/fi\/tuotteet\/kasviuutteet\/siankarsamouute-2\/","name":"Siank\u00e4rs\u00e4m\u00f6uute - Tukkudistribuutio","isPartOf":{"@id":"https:\/\/naturalpoland.com\/fi\/#website"},"primaryImageOfPage":{"@id":"https:\/\/naturalpoland.com\/fi\/tuotteet\/kasviuutteet\/siankarsamouute-2\/#primaryimage"},"image":{"@id":"https:\/\/naturalpoland.com\/fi\/tuotteet\/kasviuutteet\/siankarsamouute-2\/#primaryimage"},"thumbnailUrl":"https:\/\/naturalpoland.com\/wp-content\/uploads\/ekstrakt-z-krwawnika-karlowatego.webp","datePublished":"2025-04-16T13:20:39+00:00","description":"Siank\u00e4rs\u00e4m\u00f6uute (Achillea nano Linn.) on hienoksi jauhettu kellanruskea jauhe, joka saadaan koko yrtist\u00e4 vesiuutolla.","breadcrumb":{"@id":"https:\/\/naturalpoland.com\/fi\/tuotteet\/kasviuutteet\/siankarsamouute-2\/#breadcrumb"},"inLanguage":"fi","potentialAction":[{"@type":"ReadAction","target":["https:\/\/naturalpoland.com\/fi\/tuotteet\/kasviuutteet\/siankarsamouute-2\/"]}]},{"@type":"ImageObject","inLanguage":"fi","@id":"https:\/\/naturalpoland.com\/fi\/tuotteet\/kasviuutteet\/siankarsamouute-2\/#primaryimage","url":"https:\/\/naturalpoland.com\/wp-content\/uploads\/ekstrakt-z-krwawnika-karlowatego.webp","contentUrl":"https:\/\/naturalpoland.com\/wp-content\/uploads\/ekstrakt-z-krwawnika-karlowatego.webp","width":1024,"height":1024,"caption":"Ekstrakt z krwawnika kar\u0142owatego"},{"@type":"BreadcrumbList","@id":"https:\/\/naturalpoland.com\/fi\/tuotteet\/kasviuutteet\/siankarsamouute-2\/#breadcrumb","itemListElement":[{"@type":"ListItem","position":1,"name":"Etusivu","item":"https:\/\/naturalpoland.com\/fi\/"},{"@type":"ListItem","position":2,"name":"Tuotteet","item":"https:\/\/naturalpoland.com\/fi\/tuotteet\/"},{"@type":"ListItem","position":3,"name":"Siank\u00e4rs\u00e4m\u00f6uute"}]},{"@type":"WebSite","@id":"https:\/\/naturalpoland.com\/fi\/#website","url":"https:\/\/naturalpoland.com\/fi\/","name":"NATURAL POLAND - RAAKA-AINEIDEN TUKKUJAKELIJA","description":"Surowce dla przemys\u0142u spo\u017cywczego, kosmetycznego i farmaceutycznego","publisher":{"@id":"https:\/\/naturalpoland.com\/fi\/#organization"},"potentialAction":[{"@type":"SearchAction","target":{"@type":"EntryPoint","urlTemplate":"https:\/\/naturalpoland.com\/fi\/?s={search_term_string}"},"query-input":{"@type":"PropertyValueSpecification","valueRequired":true,"valueName":"search_term_string"}}],"inLanguage":"fi"},{"@type":"Organization","@id":"https:\/\/naturalpoland.com\/fi\/#organization","name":"Natural Poland","url":"https:\/\/naturalpoland.com\/fi\/","logo":{"@type":"ImageObject","inLanguage":"fi","@id":"https:\/\/naturalpoland.com\/fi\/#\/schema\/logo\/image\/","url":"https:\/\/naturalpoland.com\/wp-content\/uploads\/2021\/05\/natural-poland-icon.png","contentUrl":"https:\/\/naturalpoland.com\/wp-content\/uploads\/2021\/05\/natural-poland-icon.png","width":512,"height":512,"caption":"Natural Poland"},"image":{"@id":"https:\/\/naturalpoland.com\/fi\/#\/schema\/logo\/image\/"},"sameAs":["https:\/\/www.facebook.com\/naturalpoland.b2b","https:\/\/pl.linkedin.com\/company\/natural-poland","https:\/\/www.youtube.com\/channel\/UCgeGGkvOMahZo-xu_MSEWxg"]}]}},"_links":{"self":[{"href":"https:\/\/naturalpoland.com\/fi\/wp-json\/wp\/v2\/product\/40735","targetHints":{"allow":["GET"]}}],"collection":[{"href":"https:\/\/naturalpoland.com\/fi\/wp-json\/wp\/v2\/product"}],"about":[{"href":"https:\/\/naturalpoland.com\/fi\/wp-json\/wp\/v2\/types\/product"}],"wp:featuredmedia":[{"embeddable":true,"href":"https:\/\/naturalpoland.com\/fi\/wp-json\/wp\/v2\/media\/40683"}],"wp:attachment":[{"href":"https:\/\/naturalpoland.com\/fi\/wp-json\/wp\/v2\/media?parent=40735"}],"wp:term":[{"taxonomy":"product_brand","embeddable":true,"href":"https:\/\/naturalpoland.com\/fi\/wp-json\/wp\/v2\/product_brand?post=40735"},{"taxonomy":"product_cat","embeddable":true,"href":"https:\/\/naturalpoland.com\/fi\/wp-json\/wp\/v2\/product_cat?post=40735"},{"taxonomy":"product_tag","embeddable":true,"href":"https:\/\/naturalpoland.com\/fi\/wp-json\/wp\/v2\/product_tag?post=40735"}],"curies":[{"name":"wp","href":"https:\/\/api.w.org\/{rel}","templated":true}]}}