{"id":40870,"date":"2025-04-22T15:57:22","date_gmt":"2025-04-24T08:29:49","guid":{"rendered":"https:\/\/naturalpoland.com\/produkty\/Ei-luokiteltu\/omenan-aromi\/"},"modified":"2025-04-24T10:29:49","modified_gmt":"2025-04-24T08:29:49","slug":"omenan-aromi","status":"publish","type":"product","link":"https:\/\/naturalpoland.com\/fi\/tuotteet\/elintarviketeollisuuden-tuotteet\/aromit\/hedelmaaromit\/omenan-aromi\/","title":{"rendered":"Omenan aromi"},"content":{"rendered":"<p>Tarjolla on sek\u00e4 nestem\u00e4isi\u00e4 ett\u00e4 jauhemaisia versioita, jotka eroavat toisistaan aistinvaraisen profiilin ja kantajan osalta:<\/p>\n<h2>Nestem\u00e4inen omenan maku:<\/h2>\n<p class=\"\" data-start=\"497\" data-end=\"1000\"><strong data-start=\"503\" data-end=\"557\">Glykolikantaja-aineella olevien nestem\u00e4isten omena-aromien<\/strong> joukosta erottuu useita ainutlaatuisia profiileja. Klassinen <strong data-start=\"607\" data-end=\"626\">makea omena<\/strong> vangitsee kyps\u00e4n omenan luonnollisen, mehukkaan maun, ja se sopii erinomaisesti t\u00e4ytteisiin, kakkuihin, kekseihin, hyytel\u00f6ihin tai hedelm\u00e4patukoihin. <strong data-start=\"783\" data-end=\"803\">Vihre\u00e4n omenan<\/strong> versio tarjoaa selke\u00e4n, hapokkaan makean, raikkaan profiilin, jossa on ripaus kuorta ja erottuva &#8221;rapea&#8221; korostus &#8211; erinomainen valinta juomiin, purukumeihin, karkkeihin ja virkist\u00e4viin j\u00e4lkiruokiin.  <\/p>\n<p class=\"\" data-start=\"1002\" data-end=\"1316\">J\u00e4lkiruokien ja leipomotuotteiden valmistajille suositellaan <strong data-start=\"1064\" data-end=\"1091\">paahdetun omenan makua<\/strong>, joka kuvastaa t\u00e4ydellisesti maustetun uuniomenan luonnetta &#8211; hienovarainen karamellisoitumisen vivahde ja klassinen omenapiirakkaa muistuttava l\u00e4mmin vivahde. T\u00e4m\u00e4 sopii erinomaisesti kakkuihin, pikkuleipiin ja maitotuotteiden j\u00e4lkiruokiin. <\/p>\n<p class=\"\" data-start=\"1318\" data-end=\"1592\">Saatavilla on my\u00f6s <strong data-start=\"1345\" data-end=\"1370\">omenaversio, jossa on ripaus p\u00e4\u00e4ryn\u00e4\u00e4 ja<\/strong> jossa omenan mehukkuus yhdistyy hieman hunajaiseen, kermaiseen p\u00e4\u00e4ryn\u00e4n taustaan. T\u00e4m\u00e4 muunnos sopii hyvin makeisten, jogurttien ja pirtel\u00f6iden kanssa antaen niille pehme\u00e4mm\u00e4n, j\u00e4lkiruokamaista luonnetta. <\/p>\n<h2 data-start=\"1318\" data-end=\"1592\">Omenanmakuinen jauhe:<\/h2>\n<p class=\"\" data-start=\"1594\" data-end=\"1994\"><strong data-start=\"1600\" data-end=\"1635\">Omenajauheista<\/strong> l\u00f6yd\u00e4t klassisen <strong data-start=\"1667\" data-end=\"1687\">makean omenaprofiilin<\/strong> pikavalmisteisiin, t\u00e4ytteisiin, puuroihin, mysleihin ja ravintolisiin. <strong data-start=\"1775\" data-end=\"1797\">Omena ja kaneli<\/strong> -versio j\u00e4ljittelee t\u00e4ydellisesti kotitekoisen kompotin tai omenaleivonnan makua &#8211; tasapainoisilla, luonnollisilla kanelin ja omenan s\u00e4vyill\u00e4. T\u00e4m\u00e4 muunnos sopii hyvin kausiruokien ja juomien kanssa.  <\/p>\n<p class=\"\" data-start=\"1996\" data-end=\"2275\">Saatavilla on my\u00f6s <strong data-start=\"2016\" data-end=\"2053\">vihre\u00e4n omenan makujauhe<\/strong>, jossa on selv\u00e4sti hapokas ja raikas <strong data-start=\"2016\" data-end=\"2053\">maku<\/strong>, jota voidaan k\u00e4ytt\u00e4\u00e4 pastilleissa, funktionaalisissa juomissa tai poreilevissa juomissa. Vihre\u00e4lle omenalle ominainen vivahde antaa tuotteille energisen ja nuorekkaan luonteen. <\/p>\n","protected":false},"excerpt":{"rendered":"<p><strong>Omena-aromi<\/strong> on yksi markkinoiden monipuolisimmista hedelm\u00e4aromeista, joten sit\u00e4 on helppo mukauttaa tuotteen luonteen mukaan.<\/p>\n","protected":false},"featured_media":40832,"template":"","meta":{"_acf_changed":false},"product_brand":[],"product_cat":[7600],"product_tag":[],"class_list":{"0":"post-40870","1":"product","2":"type-product","3":"status-publish","4":"has-post-thumbnail","6":"product_cat-hedelmaaromit","8":"first","9":"instock","10":"shipping-taxable","11":"product-type-simple"},"acf":[],"yoast_head":"<!-- This site is optimized with the Yoast SEO plugin v27.5 - https:\/\/yoast.com\/product\/yoast-seo-wordpress\/ -->\n<title>Omenan aromi - Tukkudistribuutio<\/title>\n<meta name=\"description\" content=\"Omena-aromi on yksi markkinoiden monipuolisimmista hedelm\u00e4aromeista, joten se on helposti muunneltavissa tuotteen luonteen mukaan.\" \/>\n<meta name=\"robots\" content=\"index, follow, max-snippet:-1, max-image-preview:large, max-video-preview:-1\" \/>\n<link rel=\"canonical\" href=\"https:\/\/naturalpoland.com\/fi\/tuotteet\/elintarviketeollisuuden-tuotteet\/aromit\/hedelmaaromit\/omenan-aromi\/\" \/>\n<meta property=\"og:locale\" content=\"fi_FI\" \/>\n<meta property=\"og:type\" content=\"article\" \/>\n<meta property=\"og:title\" content=\"Omenan aromi - Tukkudistribuutio\" \/>\n<meta property=\"og:description\" content=\"Omena-aromi on yksi markkinoiden monipuolisimmista hedelm\u00e4aromeista, joten se on helposti muunneltavissa tuotteen luonteen mukaan.\" \/>\n<meta property=\"og:url\" content=\"https:\/\/naturalpoland.com\/fi\/tuotteet\/elintarviketeollisuuden-tuotteet\/aromit\/hedelmaaromit\/omenan-aromi\/\" \/>\n<meta property=\"og:site_name\" content=\"NATURAL POLAND - RAAKA-AINEIDEN TUKKUJAKELIJA\" \/>\n<meta property=\"article:publisher\" content=\"https:\/\/www.facebook.com\/naturalpoland.b2b\" \/>\n<meta property=\"og:image\" content=\"https:\/\/naturalpoland.com\/wp-content\/uploads\/aromat-jablkowy.webp\" \/>\n\t<meta property=\"og:image:width\" content=\"1024\" \/>\n\t<meta property=\"og:image:height\" content=\"1024\" \/>\n\t<meta property=\"og:image:type\" content=\"image\/webp\" \/>\n<script type=\"application\/ld+json\" class=\"yoast-schema-graph\">{\"@context\":\"https:\\\/\\\/schema.org\",\"@graph\":[{\"@type\":\"WebPage\",\"@id\":\"https:\\\/\\\/naturalpoland.com\\\/fi\\\/tuotteet\\\/elintarviketeollisuuden-tuotteet\\\/aromit\\\/hedelmaaromit\\\/omenan-aromi\\\/\",\"url\":\"https:\\\/\\\/naturalpoland.com\\\/fi\\\/tuotteet\\\/elintarviketeollisuuden-tuotteet\\\/aromit\\\/hedelmaaromit\\\/omenan-aromi\\\/\",\"name\":\"Omenan aromi - Tukkudistribuutio\",\"isPartOf\":{\"@id\":\"https:\\\/\\\/naturalpoland.com\\\/fi\\\/#website\"},\"primaryImageOfPage\":{\"@id\":\"https:\\\/\\\/naturalpoland.com\\\/fi\\\/tuotteet\\\/elintarviketeollisuuden-tuotteet\\\/aromit\\\/hedelmaaromit\\\/omenan-aromi\\\/#primaryimage\"},\"image\":{\"@id\":\"https:\\\/\\\/naturalpoland.com\\\/fi\\\/tuotteet\\\/elintarviketeollisuuden-tuotteet\\\/aromit\\\/hedelmaaromit\\\/omenan-aromi\\\/#primaryimage\"},\"thumbnailUrl\":\"https:\\\/\\\/naturalpoland.com\\\/wp-content\\\/uploads\\\/aromat-jablkowy.webp\",\"datePublished\":\"2025-04-24T08:29:49+00:00\",\"description\":\"Omena-aromi on yksi markkinoiden monipuolisimmista hedelm\u00e4aromeista, joten se on helposti muunneltavissa tuotteen luonteen mukaan.\",\"breadcrumb\":{\"@id\":\"https:\\\/\\\/naturalpoland.com\\\/fi\\\/tuotteet\\\/elintarviketeollisuuden-tuotteet\\\/aromit\\\/hedelmaaromit\\\/omenan-aromi\\\/#breadcrumb\"},\"inLanguage\":\"fi\",\"potentialAction\":[{\"@type\":\"ReadAction\",\"target\":[\"https:\\\/\\\/naturalpoland.com\\\/fi\\\/tuotteet\\\/elintarviketeollisuuden-tuotteet\\\/aromit\\\/hedelmaaromit\\\/omenan-aromi\\\/\"]}]},{\"@type\":\"ImageObject\",\"inLanguage\":\"fi\",\"@id\":\"https:\\\/\\\/naturalpoland.com\\\/fi\\\/tuotteet\\\/elintarviketeollisuuden-tuotteet\\\/aromit\\\/hedelmaaromit\\\/omenan-aromi\\\/#primaryimage\",\"url\":\"https:\\\/\\\/naturalpoland.com\\\/wp-content\\\/uploads\\\/aromat-jablkowy.webp\",\"contentUrl\":\"https:\\\/\\\/naturalpoland.com\\\/wp-content\\\/uploads\\\/aromat-jablkowy.webp\",\"width\":1024,\"height\":1024,\"caption\":\"aromat jab\u0142kowy\"},{\"@type\":\"BreadcrumbList\",\"@id\":\"https:\\\/\\\/naturalpoland.com\\\/fi\\\/tuotteet\\\/elintarviketeollisuuden-tuotteet\\\/aromit\\\/hedelmaaromit\\\/omenan-aromi\\\/#breadcrumb\",\"itemListElement\":[{\"@type\":\"ListItem\",\"position\":1,\"name\":\"Etusivu\",\"item\":\"https:\\\/\\\/naturalpoland.com\\\/fi\\\/\"},{\"@type\":\"ListItem\",\"position\":2,\"name\":\"Tuotteet\",\"item\":\"https:\\\/\\\/naturalpoland.com\\\/fi\\\/tuotteet\\\/\"},{\"@type\":\"ListItem\",\"position\":3,\"name\":\"Omenan aromi\"}]},{\"@type\":\"WebSite\",\"@id\":\"https:\\\/\\\/naturalpoland.com\\\/fi\\\/#website\",\"url\":\"https:\\\/\\\/naturalpoland.com\\\/fi\\\/\",\"name\":\"NATURAL POLAND - RAAKA-AINEIDEN TUKKUJAKELIJA\",\"description\":\"Surowce dla przemys\u0142u spo\u017cywczego, kosmetycznego i farmaceutycznego\",\"publisher\":{\"@id\":\"https:\\\/\\\/naturalpoland.com\\\/fi\\\/#organization\"},\"potentialAction\":[{\"@type\":\"SearchAction\",\"target\":{\"@type\":\"EntryPoint\",\"urlTemplate\":\"https:\\\/\\\/naturalpoland.com\\\/fi\\\/?s={search_term_string}\"},\"query-input\":{\"@type\":\"PropertyValueSpecification\",\"valueRequired\":true,\"valueName\":\"search_term_string\"}}],\"inLanguage\":\"fi\"},{\"@type\":\"Organization\",\"@id\":\"https:\\\/\\\/naturalpoland.com\\\/fi\\\/#organization\",\"name\":\"Natural Poland\",\"url\":\"https:\\\/\\\/naturalpoland.com\\\/fi\\\/\",\"logo\":{\"@type\":\"ImageObject\",\"inLanguage\":\"fi\",\"@id\":\"https:\\\/\\\/naturalpoland.com\\\/fi\\\/#\\\/schema\\\/logo\\\/image\\\/\",\"url\":\"https:\\\/\\\/naturalpoland.com\\\/wp-content\\\/uploads\\\/2021\\\/05\\\/natural-poland-icon.png\",\"contentUrl\":\"https:\\\/\\\/naturalpoland.com\\\/wp-content\\\/uploads\\\/2021\\\/05\\\/natural-poland-icon.png\",\"width\":512,\"height\":512,\"caption\":\"Natural Poland\"},\"image\":{\"@id\":\"https:\\\/\\\/naturalpoland.com\\\/fi\\\/#\\\/schema\\\/logo\\\/image\\\/\"},\"sameAs\":[\"https:\\\/\\\/www.facebook.com\\\/naturalpoland.b2b\",\"https:\\\/\\\/pl.linkedin.com\\\/company\\\/natural-poland\",\"https:\\\/\\\/www.youtube.com\\\/channel\\\/UCgeGGkvOMahZo-xu_MSEWxg\"]}]}<\/script>\n<!-- \/ Yoast SEO plugin. -->","yoast_head_json":{"title":"Omenan aromi - Tukkudistribuutio","description":"Omena-aromi on yksi markkinoiden monipuolisimmista hedelm\u00e4aromeista, joten se on helposti muunneltavissa tuotteen luonteen mukaan.","robots":{"index":"index","follow":"follow","max-snippet":"max-snippet:-1","max-image-preview":"max-image-preview:large","max-video-preview":"max-video-preview:-1"},"canonical":"https:\/\/naturalpoland.com\/fi\/tuotteet\/elintarviketeollisuuden-tuotteet\/aromit\/hedelmaaromit\/omenan-aromi\/","og_locale":"fi_FI","og_type":"article","og_title":"Omenan aromi - Tukkudistribuutio","og_description":"Omena-aromi on yksi markkinoiden monipuolisimmista hedelm\u00e4aromeista, joten se on helposti muunneltavissa tuotteen luonteen mukaan.","og_url":"https:\/\/naturalpoland.com\/fi\/tuotteet\/elintarviketeollisuuden-tuotteet\/aromit\/hedelmaaromit\/omenan-aromi\/","og_site_name":"NATURAL POLAND - RAAKA-AINEIDEN TUKKUJAKELIJA","article_publisher":"https:\/\/www.facebook.com\/naturalpoland.b2b","og_image":[{"width":1024,"height":1024,"url":"https:\/\/naturalpoland.com\/wp-content\/uploads\/aromat-jablkowy.webp","type":"image\/webp"}],"schema":{"@context":"https:\/\/schema.org","@graph":[{"@type":"WebPage","@id":"https:\/\/naturalpoland.com\/fi\/tuotteet\/elintarviketeollisuuden-tuotteet\/aromit\/hedelmaaromit\/omenan-aromi\/","url":"https:\/\/naturalpoland.com\/fi\/tuotteet\/elintarviketeollisuuden-tuotteet\/aromit\/hedelmaaromit\/omenan-aromi\/","name":"Omenan aromi - Tukkudistribuutio","isPartOf":{"@id":"https:\/\/naturalpoland.com\/fi\/#website"},"primaryImageOfPage":{"@id":"https:\/\/naturalpoland.com\/fi\/tuotteet\/elintarviketeollisuuden-tuotteet\/aromit\/hedelmaaromit\/omenan-aromi\/#primaryimage"},"image":{"@id":"https:\/\/naturalpoland.com\/fi\/tuotteet\/elintarviketeollisuuden-tuotteet\/aromit\/hedelmaaromit\/omenan-aromi\/#primaryimage"},"thumbnailUrl":"https:\/\/naturalpoland.com\/wp-content\/uploads\/aromat-jablkowy.webp","datePublished":"2025-04-24T08:29:49+00:00","description":"Omena-aromi on yksi markkinoiden monipuolisimmista hedelm\u00e4aromeista, joten se on helposti muunneltavissa tuotteen luonteen mukaan.","breadcrumb":{"@id":"https:\/\/naturalpoland.com\/fi\/tuotteet\/elintarviketeollisuuden-tuotteet\/aromit\/hedelmaaromit\/omenan-aromi\/#breadcrumb"},"inLanguage":"fi","potentialAction":[{"@type":"ReadAction","target":["https:\/\/naturalpoland.com\/fi\/tuotteet\/elintarviketeollisuuden-tuotteet\/aromit\/hedelmaaromit\/omenan-aromi\/"]}]},{"@type":"ImageObject","inLanguage":"fi","@id":"https:\/\/naturalpoland.com\/fi\/tuotteet\/elintarviketeollisuuden-tuotteet\/aromit\/hedelmaaromit\/omenan-aromi\/#primaryimage","url":"https:\/\/naturalpoland.com\/wp-content\/uploads\/aromat-jablkowy.webp","contentUrl":"https:\/\/naturalpoland.com\/wp-content\/uploads\/aromat-jablkowy.webp","width":1024,"height":1024,"caption":"aromat jab\u0142kowy"},{"@type":"BreadcrumbList","@id":"https:\/\/naturalpoland.com\/fi\/tuotteet\/elintarviketeollisuuden-tuotteet\/aromit\/hedelmaaromit\/omenan-aromi\/#breadcrumb","itemListElement":[{"@type":"ListItem","position":1,"name":"Etusivu","item":"https:\/\/naturalpoland.com\/fi\/"},{"@type":"ListItem","position":2,"name":"Tuotteet","item":"https:\/\/naturalpoland.com\/fi\/tuotteet\/"},{"@type":"ListItem","position":3,"name":"Omenan aromi"}]},{"@type":"WebSite","@id":"https:\/\/naturalpoland.com\/fi\/#website","url":"https:\/\/naturalpoland.com\/fi\/","name":"NATURAL POLAND - RAAKA-AINEIDEN TUKKUJAKELIJA","description":"Surowce dla przemys\u0142u spo\u017cywczego, kosmetycznego i farmaceutycznego","publisher":{"@id":"https:\/\/naturalpoland.com\/fi\/#organization"},"potentialAction":[{"@type":"SearchAction","target":{"@type":"EntryPoint","urlTemplate":"https:\/\/naturalpoland.com\/fi\/?s={search_term_string}"},"query-input":{"@type":"PropertyValueSpecification","valueRequired":true,"valueName":"search_term_string"}}],"inLanguage":"fi"},{"@type":"Organization","@id":"https:\/\/naturalpoland.com\/fi\/#organization","name":"Natural Poland","url":"https:\/\/naturalpoland.com\/fi\/","logo":{"@type":"ImageObject","inLanguage":"fi","@id":"https:\/\/naturalpoland.com\/fi\/#\/schema\/logo\/image\/","url":"https:\/\/naturalpoland.com\/wp-content\/uploads\/2021\/05\/natural-poland-icon.png","contentUrl":"https:\/\/naturalpoland.com\/wp-content\/uploads\/2021\/05\/natural-poland-icon.png","width":512,"height":512,"caption":"Natural Poland"},"image":{"@id":"https:\/\/naturalpoland.com\/fi\/#\/schema\/logo\/image\/"},"sameAs":["https:\/\/www.facebook.com\/naturalpoland.b2b","https:\/\/pl.linkedin.com\/company\/natural-poland","https:\/\/www.youtube.com\/channel\/UCgeGGkvOMahZo-xu_MSEWxg"]}]}},"_links":{"self":[{"href":"https:\/\/naturalpoland.com\/fi\/wp-json\/wp\/v2\/product\/40870","targetHints":{"allow":["GET"]}}],"collection":[{"href":"https:\/\/naturalpoland.com\/fi\/wp-json\/wp\/v2\/product"}],"about":[{"href":"https:\/\/naturalpoland.com\/fi\/wp-json\/wp\/v2\/types\/product"}],"wp:featuredmedia":[{"embeddable":true,"href":"https:\/\/naturalpoland.com\/fi\/wp-json\/wp\/v2\/media\/40832"}],"wp:attachment":[{"href":"https:\/\/naturalpoland.com\/fi\/wp-json\/wp\/v2\/media?parent=40870"}],"wp:term":[{"taxonomy":"product_brand","embeddable":true,"href":"https:\/\/naturalpoland.com\/fi\/wp-json\/wp\/v2\/product_brand?post=40870"},{"taxonomy":"product_cat","embeddable":true,"href":"https:\/\/naturalpoland.com\/fi\/wp-json\/wp\/v2\/product_cat?post=40870"},{"taxonomy":"product_tag","embeddable":true,"href":"https:\/\/naturalpoland.com\/fi\/wp-json\/wp\/v2\/product_tag?post=40870"}],"curies":[{"name":"wp","href":"https:\/\/api.w.org\/{rel}","templated":true}]}}