{"id":40879,"date":"2025-04-22T16:10:19","date_gmt":"2025-04-22T14:10:19","guid":{"rendered":"https:\/\/naturalpoland.com\/produkty\/Ei-luokiteltu\/oluen-aromi\/"},"modified":"2025-04-24T10:30:00","modified_gmt":"2025-04-24T08:30:00","slug":"oluen-aromi","status":"publish","type":"product","link":"https:\/\/naturalpoland.com\/fi\/tuotteet\/elintarviketeollisuuden-tuotteet\/aromit\/alkoholiaromit\/oluen-aromi\/","title":{"rendered":"Oluen aromi"},"content":{"rendered":"<p class=\"\" data-start=\"371\" data-end=\"970\">T\u00e4m\u00e4 aromi on yleens\u00e4 <strong data-start=\"406\" data-end=\"424\">nestem\u00e4isess\u00e4 muodossa<\/strong> glykolikantaja-aineessa, ja sit\u00e4 voidaan k\u00e4ytt\u00e4\u00e4 sek\u00e4 elintarvike- ett\u00e4 kosmetiikkateollisuudessa. Elintarvikesovelluksissa sit\u00e4 k\u00e4ytet\u00e4\u00e4n esimerkiksi mallasvirvoitusjuomien, ep\u00e4tavallisia oluen vivahteita sis\u00e4lt\u00e4vien makeisten sek\u00e4 v\u00e4lipalojen ja pikaruokien valmistuksessa, joihin se antaa omaper\u00e4isen, kuivan maun.  <\/p>\n<p class=\"\" data-start=\"371\" data-end=\"970\"><strong>Kosmetiikkateollisuudessa<\/strong> sit\u00e4 k\u00e4ytet\u00e4\u00e4n mielenkiintoisena tuoksulis\u00e4yksen\u00e4 miesten tuotesarjoissa &#8211; suihkugeeleiss\u00e4, shampoissa tai voiteissa &#8211; joissa se luo mielleyhtymi\u00e4 luonnollisuuteen, k\u00e4sity\u00f6l\u00e4isyyteen ja raikkauteen.<\/p>\n<p class=\"\" data-start=\"972\" data-end=\"1363\">Oluen aromi kest\u00e4\u00e4 korkeita l\u00e4mp\u00f6tiloja, joten sit\u00e4 voidaan k\u00e4ytt\u00e4\u00e4 l\u00e4mp\u00f6k\u00e4sittely\u00e4 vaativissa prosesseissa. Se erottuu hyv\u00e4ll\u00e4 stabiilisuudellaan ja erinomaisella oluen tyypillisten aksenttien esitt\u00e4misell\u00e4 &#8211; ilman alkoholia ja ilman k\u00e4ymist\u00e4. Sit\u00e4 voidaan k\u00e4ytt\u00e4\u00e4 my\u00f6s vegaaneille ja alkoholia v\u00e4ltt\u00e4ville suunnatuissa tuotteissa, joissa sill\u00e4 on vain aromi- ja makuteht\u00e4v\u00e4.  <\/p>\n","protected":false},"excerpt":{"rendered":"<p><strong data-start=\"0\" data-end=\"16\">Oluen aromi<\/strong> on saanut inspiraationsa vaalean, k\u00e4ymistilassa olevan oluen aistittavasta profiilista. Vaihtoehdosta riippuen se voi sis\u00e4lt\u00e4\u00e4 maltaisia, hieman humalaisia, liev\u00e4sti katkeria tai tuntuvia hiivavivahteita. Usein siin\u00e4 on my\u00f6s hienovaraista ohramaltaan makeutta, joka lis\u00e4\u00e4 kokonaiskokemukseen syvyytt\u00e4 ja luonnollisuutta.  <\/p>\n","protected":false},"featured_media":40845,"template":"","meta":[],"product_brand":[],"product_cat":[7766],"product_tag":[],"class_list":{"0":"post-40879","1":"product","2":"type-product","3":"status-publish","4":"has-post-thumbnail","6":"product_cat-alkoholiaromit","8":"first","9":"instock","10":"shipping-taxable","11":"product-type-simple"},"yoast_head":"<!-- This site is optimized with the Yoast SEO plugin v27.3 - https:\/\/yoast.com\/product\/yoast-seo-wordpress\/ -->\n<title>Oluen aromi - Tukkudistribuutio<\/title>\n<meta name=\"description\" content=\"Oluen aromi kest\u00e4\u00e4 korkeita l\u00e4mp\u00f6tiloja, joten sit\u00e4 voidaan k\u00e4ytt\u00e4\u00e4 l\u00e4mp\u00f6k\u00e4sittely\u00e4 vaativissa prosesseissa. Se on tunnettu hyv\u00e4st\u00e4 stabiilisuudestaan.\" \/>\n<meta name=\"robots\" content=\"index, follow, max-snippet:-1, max-image-preview:large, max-video-preview:-1\" \/>\n<link rel=\"canonical\" href=\"https:\/\/naturalpoland.com\/fi\/tuotteet\/elintarviketeollisuuden-tuotteet\/aromit\/alkoholiaromit\/oluen-aromi\/\" \/>\n<meta property=\"og:locale\" content=\"fi_FI\" \/>\n<meta property=\"og:type\" content=\"article\" \/>\n<meta property=\"og:title\" content=\"Oluen aromi - Tukkudistribuutio\" \/>\n<meta property=\"og:description\" content=\"Oluen aromi kest\u00e4\u00e4 korkeita l\u00e4mp\u00f6tiloja, joten sit\u00e4 voidaan k\u00e4ytt\u00e4\u00e4 l\u00e4mp\u00f6k\u00e4sittely\u00e4 vaativissa prosesseissa. Se on tunnettu hyv\u00e4st\u00e4 stabiilisuudestaan.\" \/>\n<meta property=\"og:url\" content=\"https:\/\/naturalpoland.com\/fi\/tuotteet\/elintarviketeollisuuden-tuotteet\/aromit\/alkoholiaromit\/oluen-aromi\/\" \/>\n<meta property=\"og:site_name\" content=\"NATURAL POLAND - RAAKA-AINEIDEN TUKKUJAKELIJA\" \/>\n<meta property=\"article:publisher\" content=\"https:\/\/www.facebook.com\/naturalpoland.b2b\" \/>\n<meta property=\"article:modified_time\" content=\"2025-04-24T08:30:00+00:00\" \/>\n<meta property=\"og:image\" content=\"https:\/\/naturalpoland.com\/wp-content\/uploads\/aromat-piwa.webp\" \/>\n\t<meta property=\"og:image:width\" content=\"1024\" \/>\n\t<meta property=\"og:image:height\" content=\"1024\" \/>\n\t<meta property=\"og:image:type\" content=\"image\/webp\" \/>\n<script type=\"application\/ld+json\" class=\"yoast-schema-graph\">{\"@context\":\"https:\\\/\\\/schema.org\",\"@graph\":[{\"@type\":\"WebPage\",\"@id\":\"https:\\\/\\\/naturalpoland.com\\\/fi\\\/tuotteet\\\/elintarviketeollisuuden-tuotteet\\\/aromit\\\/alkoholiaromit\\\/oluen-aromi\\\/\",\"url\":\"https:\\\/\\\/naturalpoland.com\\\/fi\\\/tuotteet\\\/elintarviketeollisuuden-tuotteet\\\/aromit\\\/alkoholiaromit\\\/oluen-aromi\\\/\",\"name\":\"Oluen aromi - Tukkudistribuutio\",\"isPartOf\":{\"@id\":\"https:\\\/\\\/naturalpoland.com\\\/fi\\\/#website\"},\"primaryImageOfPage\":{\"@id\":\"https:\\\/\\\/naturalpoland.com\\\/fi\\\/tuotteet\\\/elintarviketeollisuuden-tuotteet\\\/aromit\\\/alkoholiaromit\\\/oluen-aromi\\\/#primaryimage\"},\"image\":{\"@id\":\"https:\\\/\\\/naturalpoland.com\\\/fi\\\/tuotteet\\\/elintarviketeollisuuden-tuotteet\\\/aromit\\\/alkoholiaromit\\\/oluen-aromi\\\/#primaryimage\"},\"thumbnailUrl\":\"https:\\\/\\\/naturalpoland.com\\\/wp-content\\\/uploads\\\/aromat-piwa.webp\",\"datePublished\":\"2025-04-22T14:10:19+00:00\",\"dateModified\":\"2025-04-24T08:30:00+00:00\",\"description\":\"Oluen aromi kest\u00e4\u00e4 korkeita l\u00e4mp\u00f6tiloja, joten sit\u00e4 voidaan k\u00e4ytt\u00e4\u00e4 l\u00e4mp\u00f6k\u00e4sittely\u00e4 vaativissa prosesseissa. Se on tunnettu hyv\u00e4st\u00e4 stabiilisuudestaan.\",\"breadcrumb\":{\"@id\":\"https:\\\/\\\/naturalpoland.com\\\/fi\\\/tuotteet\\\/elintarviketeollisuuden-tuotteet\\\/aromit\\\/alkoholiaromit\\\/oluen-aromi\\\/#breadcrumb\"},\"inLanguage\":\"fi\",\"potentialAction\":[{\"@type\":\"ReadAction\",\"target\":[\"https:\\\/\\\/naturalpoland.com\\\/fi\\\/tuotteet\\\/elintarviketeollisuuden-tuotteet\\\/aromit\\\/alkoholiaromit\\\/oluen-aromi\\\/\"]}]},{\"@type\":\"ImageObject\",\"inLanguage\":\"fi\",\"@id\":\"https:\\\/\\\/naturalpoland.com\\\/fi\\\/tuotteet\\\/elintarviketeollisuuden-tuotteet\\\/aromit\\\/alkoholiaromit\\\/oluen-aromi\\\/#primaryimage\",\"url\":\"https:\\\/\\\/naturalpoland.com\\\/wp-content\\\/uploads\\\/aromat-piwa.webp\",\"contentUrl\":\"https:\\\/\\\/naturalpoland.com\\\/wp-content\\\/uploads\\\/aromat-piwa.webp\",\"width\":1024,\"height\":1024,\"caption\":\"aromat piwny\"},{\"@type\":\"BreadcrumbList\",\"@id\":\"https:\\\/\\\/naturalpoland.com\\\/fi\\\/tuotteet\\\/elintarviketeollisuuden-tuotteet\\\/aromit\\\/alkoholiaromit\\\/oluen-aromi\\\/#breadcrumb\",\"itemListElement\":[{\"@type\":\"ListItem\",\"position\":1,\"name\":\"Etusivu\",\"item\":\"https:\\\/\\\/naturalpoland.com\\\/fi\\\/\"},{\"@type\":\"ListItem\",\"position\":2,\"name\":\"Tuotteet\",\"item\":\"https:\\\/\\\/naturalpoland.com\\\/fi\\\/tuotteet\\\/\"},{\"@type\":\"ListItem\",\"position\":3,\"name\":\"Oluen aromi\"}]},{\"@type\":\"WebSite\",\"@id\":\"https:\\\/\\\/naturalpoland.com\\\/fi\\\/#website\",\"url\":\"https:\\\/\\\/naturalpoland.com\\\/fi\\\/\",\"name\":\"NATURAL POLAND - RAAKA-AINEIDEN TUKKUJAKELIJA\",\"description\":\"Surowce dla przemys\u0142u spo\u017cywczego, kosmetycznego i farmaceutycznego\",\"publisher\":{\"@id\":\"https:\\\/\\\/naturalpoland.com\\\/fi\\\/#organization\"},\"potentialAction\":[{\"@type\":\"SearchAction\",\"target\":{\"@type\":\"EntryPoint\",\"urlTemplate\":\"https:\\\/\\\/naturalpoland.com\\\/fi\\\/?s={search_term_string}\"},\"query-input\":{\"@type\":\"PropertyValueSpecification\",\"valueRequired\":true,\"valueName\":\"search_term_string\"}}],\"inLanguage\":\"fi\"},{\"@type\":\"Organization\",\"@id\":\"https:\\\/\\\/naturalpoland.com\\\/fi\\\/#organization\",\"name\":\"Natural Poland\",\"url\":\"https:\\\/\\\/naturalpoland.com\\\/fi\\\/\",\"logo\":{\"@type\":\"ImageObject\",\"inLanguage\":\"fi\",\"@id\":\"https:\\\/\\\/naturalpoland.com\\\/fi\\\/#\\\/schema\\\/logo\\\/image\\\/\",\"url\":\"https:\\\/\\\/naturalpoland.com\\\/wp-content\\\/uploads\\\/2021\\\/05\\\/natural-poland-icon.png\",\"contentUrl\":\"https:\\\/\\\/naturalpoland.com\\\/wp-content\\\/uploads\\\/2021\\\/05\\\/natural-poland-icon.png\",\"width\":512,\"height\":512,\"caption\":\"Natural Poland\"},\"image\":{\"@id\":\"https:\\\/\\\/naturalpoland.com\\\/fi\\\/#\\\/schema\\\/logo\\\/image\\\/\"},\"sameAs\":[\"https:\\\/\\\/www.facebook.com\\\/naturalpoland.b2b\",\"https:\\\/\\\/pl.linkedin.com\\\/company\\\/natural-poland\",\"https:\\\/\\\/www.youtube.com\\\/channel\\\/UCgeGGkvOMahZo-xu_MSEWxg\"]}]}<\/script>\n<!-- \/ Yoast SEO plugin. -->","yoast_head_json":{"title":"Oluen aromi - Tukkudistribuutio","description":"Oluen aromi kest\u00e4\u00e4 korkeita l\u00e4mp\u00f6tiloja, joten sit\u00e4 voidaan k\u00e4ytt\u00e4\u00e4 l\u00e4mp\u00f6k\u00e4sittely\u00e4 vaativissa prosesseissa. Se on tunnettu hyv\u00e4st\u00e4 stabiilisuudestaan.","robots":{"index":"index","follow":"follow","max-snippet":"max-snippet:-1","max-image-preview":"max-image-preview:large","max-video-preview":"max-video-preview:-1"},"canonical":"https:\/\/naturalpoland.com\/fi\/tuotteet\/elintarviketeollisuuden-tuotteet\/aromit\/alkoholiaromit\/oluen-aromi\/","og_locale":"fi_FI","og_type":"article","og_title":"Oluen aromi - Tukkudistribuutio","og_description":"Oluen aromi kest\u00e4\u00e4 korkeita l\u00e4mp\u00f6tiloja, joten sit\u00e4 voidaan k\u00e4ytt\u00e4\u00e4 l\u00e4mp\u00f6k\u00e4sittely\u00e4 vaativissa prosesseissa. Se on tunnettu hyv\u00e4st\u00e4 stabiilisuudestaan.","og_url":"https:\/\/naturalpoland.com\/fi\/tuotteet\/elintarviketeollisuuden-tuotteet\/aromit\/alkoholiaromit\/oluen-aromi\/","og_site_name":"NATURAL POLAND - RAAKA-AINEIDEN TUKKUJAKELIJA","article_publisher":"https:\/\/www.facebook.com\/naturalpoland.b2b","article_modified_time":"2025-04-24T08:30:00+00:00","og_image":[{"width":1024,"height":1024,"url":"https:\/\/naturalpoland.com\/wp-content\/uploads\/aromat-piwa.webp","type":"image\/webp"}],"schema":{"@context":"https:\/\/schema.org","@graph":[{"@type":"WebPage","@id":"https:\/\/naturalpoland.com\/fi\/tuotteet\/elintarviketeollisuuden-tuotteet\/aromit\/alkoholiaromit\/oluen-aromi\/","url":"https:\/\/naturalpoland.com\/fi\/tuotteet\/elintarviketeollisuuden-tuotteet\/aromit\/alkoholiaromit\/oluen-aromi\/","name":"Oluen aromi - Tukkudistribuutio","isPartOf":{"@id":"https:\/\/naturalpoland.com\/fi\/#website"},"primaryImageOfPage":{"@id":"https:\/\/naturalpoland.com\/fi\/tuotteet\/elintarviketeollisuuden-tuotteet\/aromit\/alkoholiaromit\/oluen-aromi\/#primaryimage"},"image":{"@id":"https:\/\/naturalpoland.com\/fi\/tuotteet\/elintarviketeollisuuden-tuotteet\/aromit\/alkoholiaromit\/oluen-aromi\/#primaryimage"},"thumbnailUrl":"https:\/\/naturalpoland.com\/wp-content\/uploads\/aromat-piwa.webp","datePublished":"2025-04-22T14:10:19+00:00","dateModified":"2025-04-24T08:30:00+00:00","description":"Oluen aromi kest\u00e4\u00e4 korkeita l\u00e4mp\u00f6tiloja, joten sit\u00e4 voidaan k\u00e4ytt\u00e4\u00e4 l\u00e4mp\u00f6k\u00e4sittely\u00e4 vaativissa prosesseissa. Se on tunnettu hyv\u00e4st\u00e4 stabiilisuudestaan.","breadcrumb":{"@id":"https:\/\/naturalpoland.com\/fi\/tuotteet\/elintarviketeollisuuden-tuotteet\/aromit\/alkoholiaromit\/oluen-aromi\/#breadcrumb"},"inLanguage":"fi","potentialAction":[{"@type":"ReadAction","target":["https:\/\/naturalpoland.com\/fi\/tuotteet\/elintarviketeollisuuden-tuotteet\/aromit\/alkoholiaromit\/oluen-aromi\/"]}]},{"@type":"ImageObject","inLanguage":"fi","@id":"https:\/\/naturalpoland.com\/fi\/tuotteet\/elintarviketeollisuuden-tuotteet\/aromit\/alkoholiaromit\/oluen-aromi\/#primaryimage","url":"https:\/\/naturalpoland.com\/wp-content\/uploads\/aromat-piwa.webp","contentUrl":"https:\/\/naturalpoland.com\/wp-content\/uploads\/aromat-piwa.webp","width":1024,"height":1024,"caption":"aromat piwny"},{"@type":"BreadcrumbList","@id":"https:\/\/naturalpoland.com\/fi\/tuotteet\/elintarviketeollisuuden-tuotteet\/aromit\/alkoholiaromit\/oluen-aromi\/#breadcrumb","itemListElement":[{"@type":"ListItem","position":1,"name":"Etusivu","item":"https:\/\/naturalpoland.com\/fi\/"},{"@type":"ListItem","position":2,"name":"Tuotteet","item":"https:\/\/naturalpoland.com\/fi\/tuotteet\/"},{"@type":"ListItem","position":3,"name":"Oluen aromi"}]},{"@type":"WebSite","@id":"https:\/\/naturalpoland.com\/fi\/#website","url":"https:\/\/naturalpoland.com\/fi\/","name":"NATURAL POLAND - RAAKA-AINEIDEN TUKKUJAKELIJA","description":"Surowce dla przemys\u0142u spo\u017cywczego, kosmetycznego i farmaceutycznego","publisher":{"@id":"https:\/\/naturalpoland.com\/fi\/#organization"},"potentialAction":[{"@type":"SearchAction","target":{"@type":"EntryPoint","urlTemplate":"https:\/\/naturalpoland.com\/fi\/?s={search_term_string}"},"query-input":{"@type":"PropertyValueSpecification","valueRequired":true,"valueName":"search_term_string"}}],"inLanguage":"fi"},{"@type":"Organization","@id":"https:\/\/naturalpoland.com\/fi\/#organization","name":"Natural Poland","url":"https:\/\/naturalpoland.com\/fi\/","logo":{"@type":"ImageObject","inLanguage":"fi","@id":"https:\/\/naturalpoland.com\/fi\/#\/schema\/logo\/image\/","url":"https:\/\/naturalpoland.com\/wp-content\/uploads\/2021\/05\/natural-poland-icon.png","contentUrl":"https:\/\/naturalpoland.com\/wp-content\/uploads\/2021\/05\/natural-poland-icon.png","width":512,"height":512,"caption":"Natural Poland"},"image":{"@id":"https:\/\/naturalpoland.com\/fi\/#\/schema\/logo\/image\/"},"sameAs":["https:\/\/www.facebook.com\/naturalpoland.b2b","https:\/\/pl.linkedin.com\/company\/natural-poland","https:\/\/www.youtube.com\/channel\/UCgeGGkvOMahZo-xu_MSEWxg"]}]}},"_links":{"self":[{"href":"https:\/\/naturalpoland.com\/fi\/wp-json\/wp\/v2\/product\/40879","targetHints":{"allow":["GET"]}}],"collection":[{"href":"https:\/\/naturalpoland.com\/fi\/wp-json\/wp\/v2\/product"}],"about":[{"href":"https:\/\/naturalpoland.com\/fi\/wp-json\/wp\/v2\/types\/product"}],"wp:featuredmedia":[{"embeddable":true,"href":"https:\/\/naturalpoland.com\/fi\/wp-json\/wp\/v2\/media\/40845"}],"wp:attachment":[{"href":"https:\/\/naturalpoland.com\/fi\/wp-json\/wp\/v2\/media?parent=40879"}],"wp:term":[{"taxonomy":"product_brand","embeddable":true,"href":"https:\/\/naturalpoland.com\/fi\/wp-json\/wp\/v2\/product_brand?post=40879"},{"taxonomy":"product_cat","embeddable":true,"href":"https:\/\/naturalpoland.com\/fi\/wp-json\/wp\/v2\/product_cat?post=40879"},{"taxonomy":"product_tag","embeddable":true,"href":"https:\/\/naturalpoland.com\/fi\/wp-json\/wp\/v2\/product_tag?post=40879"}],"curies":[{"name":"wp","href":"https:\/\/api.w.org\/{rel}","templated":true}]}}