{"id":40890,"date":"2025-04-22T16:15:20","date_gmt":"2025-04-22T14:15:20","guid":{"rendered":"https:\/\/naturalpoland.com\/produkty\/Ei-luokiteltu\/kaktuksen-tuoksu\/"},"modified":"2025-04-24T10:30:12","modified_gmt":"2025-04-24T08:30:12","slug":"kaktuksen-tuoksu","status":"publish","type":"product","link":"https:\/\/naturalpoland.com\/fi\/tuotteet\/elintarviketeollisuuden-tuotteet\/aromit\/hedelmaaromit\/kaktuksen-tuoksu\/","title":{"rendered":"Kaktuksen tuoksu"},"content":{"rendered":"<p class=\"\" data-start=\"0\" data-end=\"318\"><strong data-start=\"7\" data-end=\"20\">Kaktusaromia<\/strong> on saatavana erilaisina muunnoksina, jotka eroavat toisistaan voimakkuudeltaan, makunautintojen luonteeltaan ja muodoltaan (nestem\u00e4inen tai jauhemainen), jotta ne sopivat tiettyihin sovelluksiin &#8211; sek\u00e4 elintarvike- ett\u00e4 kosmetiikkateollisuudessa. Alla on yksityiskohtainen kuvaus muunnoksista: <\/p>\n<h3 data-start=\"320\" data-end=\"909\"><strong data-start=\"320\" data-end=\"362\">1. nestem\u00e4inen kaktusaromi (glykoli)<\/strong><\/h3>\n<p class=\"\" data-start=\"320\" data-end=\"909\">T\u00e4m\u00e4 on monipuolisin muunnos, jonka profiili on raikas, vihre\u00e4 ja hieman hedelm\u00e4inen. Siin\u00e4 on p\u00e4hkin\u00e4pensasmehua ja aloe veraa muistuttavia s\u00e4vyj\u00e4, joissa on hienovaraisia melonin ja kurkun vivahteita. Hienovarainen makeus yhdistyy t\u00e4ss\u00e4 virkist\u00e4v\u00e4\u00e4n happamuuteen. T\u00e4m\u00e4 muunnos sopii erinomaisesti maitotuotteisiin (jogurtit, juustot), makeisiin (t\u00e4ytteet, kermat) sek\u00e4 isotonisiin juomiin, limonadeihin tai makeisiin hiilihappojuomiin. Kantaja-aineena on propyleeniglykoli, joten aromi sulautuu hyvin vesi- ja rasvapohjiin.    <\/p>\n<h3 data-start=\"911\" data-end=\"1558\"><strong data-start=\"911\" data-end=\"969\">Tiivistetty kaktusaromi (neste, glykoli)<\/strong><\/h3>\n<p class=\"\" data-start=\"911\" data-end=\"1558\">Versio, jonka voimakkuutta on parannettu ja jonka maku- ja aromiprofiili on syvempi. Se s\u00e4ilytt\u00e4\u00e4 mehukkaat, vihre\u00e4n hedelm\u00e4iset vivahteet, mutta eksoottiset aksentit ovat selvemmin havaittavissa &#8211; ne muistuttavat kiivin, piikkip\u00e4\u00e4ryn\u00e4n ja valkoisten viiniryp\u00e4leiden sekoitusta, jossa on viile\u00e4, kasviper\u00e4inen vivahde. Ihanteellinen tuotteisiin, joiden on tarkoitus tehd\u00e4 vaikutuksen selke\u00e4ll\u00e4, raikkaalla tuoksulla &#8211; kuten purukumiin, pastilleihin, makeisiin, joilla on viilent\u00e4v\u00e4 vaikutus, tai raikkaaseen kosmetiikkaan (geelit, shampoot). Tiivistetyn koostumuksen ansiosta tarvitaan pienempi annos, mik\u00e4 on hy\u00f6dyllist\u00e4 maun tai tuoksun tehostamisessa vaikuttamatta tuotteen koostumukseen.   <\/p>\n<h3 data-start=\"1560\" data-end=\"2055\"><strong data-start=\"1560\" data-end=\"1593\">3. kaktusaromijauhe<\/strong><\/h3>\n<p class=\"\" data-start=\"1560\" data-end=\"2055\">Vaihtoehto, joka on luotu kuivaruokasekoituksia ja ravintolisi\u00e4 varten. Sille on ominaista herkk\u00e4, makea ja kasviper\u00e4inen tuoksu, jossa on vihre\u00e4n omenan, aloe veran ja hieman sitruksisen raikkaan aromin vivahteita. Sopii k\u00e4ytett\u00e4v\u00e4ksi poreilevissa tableteissa, pirtel\u00f6sekoituksissa, funktionaalisissa patukoissa tai pikavalmisteissa (hyytel\u00f6t, kieselit, pirtel\u00f6t). Sen jauhemuoto mahdollistaa k\u00e4tev\u00e4n annostelun ja pitk\u00e4n aromin s\u00e4ilyvyyden my\u00f6s vaikeissa varastointiolosuhteissa.   <\/p>\n<p class=\"\" data-start=\"2057\" data-end=\"2453\">Jokaisessa kaktusaromavaihtoehdossa on kaktushedelmille ominainen raikkaus, keveys ja eksoottinen makeus, mutta tietyn version valinta riippuu k\u00e4ytt\u00f6tarkoituksesta, odotetusta voimakkuudesta ja reseptipohjasta. N\u00e4m\u00e4 aromit ovat nykyaikaisten kuluttajatrendien mukaisia &#8211; ne ovat erityisen suosittuja nuoremmissa kohderyhmiss\u00e4 ja &#8221;virkist\u00e4viss\u00e4&#8221;, &#8221;detox&#8221;- ja &#8221;trooppisissa&#8221; tuotteissa. <\/p>\n","protected":false},"excerpt":{"rendered":"<p><strong data-start=\"0\" data-end=\"20\">Cactus Aroma<\/strong> on virkist\u00e4v\u00e4 aromi- ja makuprofiili, joka on saanut inspiraationsa kaktushedelmien &#8211; erityisesti kaktuksen &#8211; eksoottisesta luonteesta.<\/p>\n","protected":false},"featured_media":40858,"template":"","meta":{"_acf_changed":false},"product_brand":[],"product_cat":[7600],"product_tag":[],"class_list":{"0":"post-40890","1":"product","2":"type-product","3":"status-publish","4":"has-post-thumbnail","6":"product_cat-hedelmaaromit","8":"first","9":"instock","10":"shipping-taxable","11":"product-type-simple"},"acf":[],"yoast_head":"<!-- This site is optimized with the Yoast SEO plugin v27.5 - https:\/\/yoast.com\/product\/yoast-seo-wordpress\/ -->\n<title>Kaktuksen tuoksu - Tukkudistribuutio<\/title>\n<meta name=\"description\" content=\"Cactus aroma on virkist\u00e4v\u00e4 aromi ja makuprofiili, joka on saanut inspiraationsa kaktushedelm\u00e4n eksoottisesta luonteesta.\" \/>\n<meta name=\"robots\" content=\"index, follow, max-snippet:-1, max-image-preview:large, max-video-preview:-1\" \/>\n<link rel=\"canonical\" href=\"https:\/\/naturalpoland.com\/fi\/tuotteet\/elintarviketeollisuuden-tuotteet\/aromit\/hedelmaaromit\/kaktuksen-tuoksu\/\" \/>\n<meta property=\"og:locale\" content=\"fi_FI\" \/>\n<meta property=\"og:type\" content=\"article\" \/>\n<meta property=\"og:title\" content=\"Kaktuksen tuoksu - Tukkudistribuutio\" \/>\n<meta property=\"og:description\" content=\"Cactus aroma on virkist\u00e4v\u00e4 aromi ja makuprofiili, joka on saanut inspiraationsa kaktushedelm\u00e4n eksoottisesta luonteesta.\" \/>\n<meta property=\"og:url\" content=\"https:\/\/naturalpoland.com\/fi\/tuotteet\/elintarviketeollisuuden-tuotteet\/aromit\/hedelmaaromit\/kaktuksen-tuoksu\/\" \/>\n<meta property=\"og:site_name\" content=\"NATURAL POLAND - RAAKA-AINEIDEN TUKKUJAKELIJA\" \/>\n<meta property=\"article:publisher\" content=\"https:\/\/www.facebook.com\/naturalpoland.b2b\" \/>\n<meta property=\"article:modified_time\" content=\"2025-04-24T08:30:12+00:00\" \/>\n<meta property=\"og:image\" content=\"https:\/\/naturalpoland.com\/wp-content\/uploads\/aromat-kaktusowy.webp\" \/>\n\t<meta property=\"og:image:width\" content=\"1024\" \/>\n\t<meta property=\"og:image:height\" content=\"1024\" \/>\n\t<meta property=\"og:image:type\" content=\"image\/webp\" \/>\n<script type=\"application\/ld+json\" class=\"yoast-schema-graph\">{\"@context\":\"https:\\\/\\\/schema.org\",\"@graph\":[{\"@type\":\"WebPage\",\"@id\":\"https:\\\/\\\/naturalpoland.com\\\/fi\\\/tuotteet\\\/elintarviketeollisuuden-tuotteet\\\/aromit\\\/hedelmaaromit\\\/kaktuksen-tuoksu\\\/\",\"url\":\"https:\\\/\\\/naturalpoland.com\\\/fi\\\/tuotteet\\\/elintarviketeollisuuden-tuotteet\\\/aromit\\\/hedelmaaromit\\\/kaktuksen-tuoksu\\\/\",\"name\":\"Kaktuksen tuoksu - Tukkudistribuutio\",\"isPartOf\":{\"@id\":\"https:\\\/\\\/naturalpoland.com\\\/fi\\\/#website\"},\"primaryImageOfPage\":{\"@id\":\"https:\\\/\\\/naturalpoland.com\\\/fi\\\/tuotteet\\\/elintarviketeollisuuden-tuotteet\\\/aromit\\\/hedelmaaromit\\\/kaktuksen-tuoksu\\\/#primaryimage\"},\"image\":{\"@id\":\"https:\\\/\\\/naturalpoland.com\\\/fi\\\/tuotteet\\\/elintarviketeollisuuden-tuotteet\\\/aromit\\\/hedelmaaromit\\\/kaktuksen-tuoksu\\\/#primaryimage\"},\"thumbnailUrl\":\"https:\\\/\\\/naturalpoland.com\\\/wp-content\\\/uploads\\\/aromat-kaktusowy.webp\",\"datePublished\":\"2025-04-22T14:15:20+00:00\",\"dateModified\":\"2025-04-24T08:30:12+00:00\",\"description\":\"Cactus aroma on virkist\u00e4v\u00e4 aromi ja makuprofiili, joka on saanut inspiraationsa kaktushedelm\u00e4n eksoottisesta luonteesta.\",\"breadcrumb\":{\"@id\":\"https:\\\/\\\/naturalpoland.com\\\/fi\\\/tuotteet\\\/elintarviketeollisuuden-tuotteet\\\/aromit\\\/hedelmaaromit\\\/kaktuksen-tuoksu\\\/#breadcrumb\"},\"inLanguage\":\"fi\",\"potentialAction\":[{\"@type\":\"ReadAction\",\"target\":[\"https:\\\/\\\/naturalpoland.com\\\/fi\\\/tuotteet\\\/elintarviketeollisuuden-tuotteet\\\/aromit\\\/hedelmaaromit\\\/kaktuksen-tuoksu\\\/\"]}]},{\"@type\":\"ImageObject\",\"inLanguage\":\"fi\",\"@id\":\"https:\\\/\\\/naturalpoland.com\\\/fi\\\/tuotteet\\\/elintarviketeollisuuden-tuotteet\\\/aromit\\\/hedelmaaromit\\\/kaktuksen-tuoksu\\\/#primaryimage\",\"url\":\"https:\\\/\\\/naturalpoland.com\\\/wp-content\\\/uploads\\\/aromat-kaktusowy.webp\",\"contentUrl\":\"https:\\\/\\\/naturalpoland.com\\\/wp-content\\\/uploads\\\/aromat-kaktusowy.webp\",\"width\":1024,\"height\":1024,\"caption\":\"aromat kaktusowy\"},{\"@type\":\"BreadcrumbList\",\"@id\":\"https:\\\/\\\/naturalpoland.com\\\/fi\\\/tuotteet\\\/elintarviketeollisuuden-tuotteet\\\/aromit\\\/hedelmaaromit\\\/kaktuksen-tuoksu\\\/#breadcrumb\",\"itemListElement\":[{\"@type\":\"ListItem\",\"position\":1,\"name\":\"Etusivu\",\"item\":\"https:\\\/\\\/naturalpoland.com\\\/fi\\\/\"},{\"@type\":\"ListItem\",\"position\":2,\"name\":\"Tuotteet\",\"item\":\"https:\\\/\\\/naturalpoland.com\\\/fi\\\/tuotteet\\\/\"},{\"@type\":\"ListItem\",\"position\":3,\"name\":\"Kaktuksen tuoksu\"}]},{\"@type\":\"WebSite\",\"@id\":\"https:\\\/\\\/naturalpoland.com\\\/fi\\\/#website\",\"url\":\"https:\\\/\\\/naturalpoland.com\\\/fi\\\/\",\"name\":\"NATURAL POLAND - RAAKA-AINEIDEN TUKKUJAKELIJA\",\"description\":\"Surowce dla przemys\u0142u spo\u017cywczego, kosmetycznego i farmaceutycznego\",\"publisher\":{\"@id\":\"https:\\\/\\\/naturalpoland.com\\\/fi\\\/#organization\"},\"potentialAction\":[{\"@type\":\"SearchAction\",\"target\":{\"@type\":\"EntryPoint\",\"urlTemplate\":\"https:\\\/\\\/naturalpoland.com\\\/fi\\\/?s={search_term_string}\"},\"query-input\":{\"@type\":\"PropertyValueSpecification\",\"valueRequired\":true,\"valueName\":\"search_term_string\"}}],\"inLanguage\":\"fi\"},{\"@type\":\"Organization\",\"@id\":\"https:\\\/\\\/naturalpoland.com\\\/fi\\\/#organization\",\"name\":\"Natural Poland\",\"url\":\"https:\\\/\\\/naturalpoland.com\\\/fi\\\/\",\"logo\":{\"@type\":\"ImageObject\",\"inLanguage\":\"fi\",\"@id\":\"https:\\\/\\\/naturalpoland.com\\\/fi\\\/#\\\/schema\\\/logo\\\/image\\\/\",\"url\":\"https:\\\/\\\/naturalpoland.com\\\/wp-content\\\/uploads\\\/2021\\\/05\\\/natural-poland-icon.png\",\"contentUrl\":\"https:\\\/\\\/naturalpoland.com\\\/wp-content\\\/uploads\\\/2021\\\/05\\\/natural-poland-icon.png\",\"width\":512,\"height\":512,\"caption\":\"Natural Poland\"},\"image\":{\"@id\":\"https:\\\/\\\/naturalpoland.com\\\/fi\\\/#\\\/schema\\\/logo\\\/image\\\/\"},\"sameAs\":[\"https:\\\/\\\/www.facebook.com\\\/naturalpoland.b2b\",\"https:\\\/\\\/pl.linkedin.com\\\/company\\\/natural-poland\",\"https:\\\/\\\/www.youtube.com\\\/channel\\\/UCgeGGkvOMahZo-xu_MSEWxg\"]}]}<\/script>\n<!-- \/ Yoast SEO plugin. -->","yoast_head_json":{"title":"Kaktuksen tuoksu - Tukkudistribuutio","description":"Cactus aroma on virkist\u00e4v\u00e4 aromi ja makuprofiili, joka on saanut inspiraationsa kaktushedelm\u00e4n eksoottisesta luonteesta.","robots":{"index":"index","follow":"follow","max-snippet":"max-snippet:-1","max-image-preview":"max-image-preview:large","max-video-preview":"max-video-preview:-1"},"canonical":"https:\/\/naturalpoland.com\/fi\/tuotteet\/elintarviketeollisuuden-tuotteet\/aromit\/hedelmaaromit\/kaktuksen-tuoksu\/","og_locale":"fi_FI","og_type":"article","og_title":"Kaktuksen tuoksu - Tukkudistribuutio","og_description":"Cactus aroma on virkist\u00e4v\u00e4 aromi ja makuprofiili, joka on saanut inspiraationsa kaktushedelm\u00e4n eksoottisesta luonteesta.","og_url":"https:\/\/naturalpoland.com\/fi\/tuotteet\/elintarviketeollisuuden-tuotteet\/aromit\/hedelmaaromit\/kaktuksen-tuoksu\/","og_site_name":"NATURAL POLAND - RAAKA-AINEIDEN TUKKUJAKELIJA","article_publisher":"https:\/\/www.facebook.com\/naturalpoland.b2b","article_modified_time":"2025-04-24T08:30:12+00:00","og_image":[{"width":1024,"height":1024,"url":"https:\/\/naturalpoland.com\/wp-content\/uploads\/aromat-kaktusowy.webp","type":"image\/webp"}],"schema":{"@context":"https:\/\/schema.org","@graph":[{"@type":"WebPage","@id":"https:\/\/naturalpoland.com\/fi\/tuotteet\/elintarviketeollisuuden-tuotteet\/aromit\/hedelmaaromit\/kaktuksen-tuoksu\/","url":"https:\/\/naturalpoland.com\/fi\/tuotteet\/elintarviketeollisuuden-tuotteet\/aromit\/hedelmaaromit\/kaktuksen-tuoksu\/","name":"Kaktuksen tuoksu - Tukkudistribuutio","isPartOf":{"@id":"https:\/\/naturalpoland.com\/fi\/#website"},"primaryImageOfPage":{"@id":"https:\/\/naturalpoland.com\/fi\/tuotteet\/elintarviketeollisuuden-tuotteet\/aromit\/hedelmaaromit\/kaktuksen-tuoksu\/#primaryimage"},"image":{"@id":"https:\/\/naturalpoland.com\/fi\/tuotteet\/elintarviketeollisuuden-tuotteet\/aromit\/hedelmaaromit\/kaktuksen-tuoksu\/#primaryimage"},"thumbnailUrl":"https:\/\/naturalpoland.com\/wp-content\/uploads\/aromat-kaktusowy.webp","datePublished":"2025-04-22T14:15:20+00:00","dateModified":"2025-04-24T08:30:12+00:00","description":"Cactus aroma on virkist\u00e4v\u00e4 aromi ja makuprofiili, joka on saanut inspiraationsa kaktushedelm\u00e4n eksoottisesta luonteesta.","breadcrumb":{"@id":"https:\/\/naturalpoland.com\/fi\/tuotteet\/elintarviketeollisuuden-tuotteet\/aromit\/hedelmaaromit\/kaktuksen-tuoksu\/#breadcrumb"},"inLanguage":"fi","potentialAction":[{"@type":"ReadAction","target":["https:\/\/naturalpoland.com\/fi\/tuotteet\/elintarviketeollisuuden-tuotteet\/aromit\/hedelmaaromit\/kaktuksen-tuoksu\/"]}]},{"@type":"ImageObject","inLanguage":"fi","@id":"https:\/\/naturalpoland.com\/fi\/tuotteet\/elintarviketeollisuuden-tuotteet\/aromit\/hedelmaaromit\/kaktuksen-tuoksu\/#primaryimage","url":"https:\/\/naturalpoland.com\/wp-content\/uploads\/aromat-kaktusowy.webp","contentUrl":"https:\/\/naturalpoland.com\/wp-content\/uploads\/aromat-kaktusowy.webp","width":1024,"height":1024,"caption":"aromat kaktusowy"},{"@type":"BreadcrumbList","@id":"https:\/\/naturalpoland.com\/fi\/tuotteet\/elintarviketeollisuuden-tuotteet\/aromit\/hedelmaaromit\/kaktuksen-tuoksu\/#breadcrumb","itemListElement":[{"@type":"ListItem","position":1,"name":"Etusivu","item":"https:\/\/naturalpoland.com\/fi\/"},{"@type":"ListItem","position":2,"name":"Tuotteet","item":"https:\/\/naturalpoland.com\/fi\/tuotteet\/"},{"@type":"ListItem","position":3,"name":"Kaktuksen tuoksu"}]},{"@type":"WebSite","@id":"https:\/\/naturalpoland.com\/fi\/#website","url":"https:\/\/naturalpoland.com\/fi\/","name":"NATURAL POLAND - RAAKA-AINEIDEN TUKKUJAKELIJA","description":"Surowce dla przemys\u0142u spo\u017cywczego, kosmetycznego i farmaceutycznego","publisher":{"@id":"https:\/\/naturalpoland.com\/fi\/#organization"},"potentialAction":[{"@type":"SearchAction","target":{"@type":"EntryPoint","urlTemplate":"https:\/\/naturalpoland.com\/fi\/?s={search_term_string}"},"query-input":{"@type":"PropertyValueSpecification","valueRequired":true,"valueName":"search_term_string"}}],"inLanguage":"fi"},{"@type":"Organization","@id":"https:\/\/naturalpoland.com\/fi\/#organization","name":"Natural Poland","url":"https:\/\/naturalpoland.com\/fi\/","logo":{"@type":"ImageObject","inLanguage":"fi","@id":"https:\/\/naturalpoland.com\/fi\/#\/schema\/logo\/image\/","url":"https:\/\/naturalpoland.com\/wp-content\/uploads\/2021\/05\/natural-poland-icon.png","contentUrl":"https:\/\/naturalpoland.com\/wp-content\/uploads\/2021\/05\/natural-poland-icon.png","width":512,"height":512,"caption":"Natural Poland"},"image":{"@id":"https:\/\/naturalpoland.com\/fi\/#\/schema\/logo\/image\/"},"sameAs":["https:\/\/www.facebook.com\/naturalpoland.b2b","https:\/\/pl.linkedin.com\/company\/natural-poland","https:\/\/www.youtube.com\/channel\/UCgeGGkvOMahZo-xu_MSEWxg"]}]}},"_links":{"self":[{"href":"https:\/\/naturalpoland.com\/fi\/wp-json\/wp\/v2\/product\/40890","targetHints":{"allow":["GET"]}}],"collection":[{"href":"https:\/\/naturalpoland.com\/fi\/wp-json\/wp\/v2\/product"}],"about":[{"href":"https:\/\/naturalpoland.com\/fi\/wp-json\/wp\/v2\/types\/product"}],"wp:featuredmedia":[{"embeddable":true,"href":"https:\/\/naturalpoland.com\/fi\/wp-json\/wp\/v2\/media\/40858"}],"wp:attachment":[{"href":"https:\/\/naturalpoland.com\/fi\/wp-json\/wp\/v2\/media?parent=40890"}],"wp:term":[{"taxonomy":"product_brand","embeddable":true,"href":"https:\/\/naturalpoland.com\/fi\/wp-json\/wp\/v2\/product_brand?post=40890"},{"taxonomy":"product_cat","embeddable":true,"href":"https:\/\/naturalpoland.com\/fi\/wp-json\/wp\/v2\/product_cat?post=40890"},{"taxonomy":"product_tag","embeddable":true,"href":"https:\/\/naturalpoland.com\/fi\/wp-json\/wp\/v2\/product_tag?post=40890"}],"curies":[{"name":"wp","href":"https:\/\/api.w.org\/{rel}","templated":true}]}}