{"id":41108,"date":"2025-05-19T10:07:43","date_gmt":"2025-05-19T08:30:04","guid":{"rendered":"https:\/\/naturalpoland.com\/produkty\/Ei-luokiteltu\/yhteinen-kehakukkauute\/"},"modified":"2025-05-19T10:30:04","modified_gmt":"2025-05-19T08:30:04","slug":"yhteinen-kehakukkauute","status":"publish","type":"product","link":"https:\/\/naturalpoland.com\/fi\/tuotteet\/kasviuutteet\/yhteinen-kehakukkauute\/","title":{"rendered":"Yhteinen keh\u00e4kukkauute"},"content":{"rendered":"<p>Vaahtokarkki on kasvi, jolla on pitk\u00e4t perinteet yrttil\u00e4\u00e4ketieteess\u00e4. Sit\u00e4 arvostetaan erityisesti sen supistavien, tulehdusta ehk\u00e4isevien ja uudistavien ominaisuuksien vuoksi. <\/p>\n<p>Keh\u00e4kukkauute on hienojakoista, kellanruskeaa jauhetta, jolle on ominaista mieto, yrttinen maku ja haju. Raaka-aine uutettiin k\u00e4ytt\u00e4m\u00e4ll\u00e4 uuttoliuottimena vett\u00e4 ja kantaja-aineena maltodekstriini\u00e4. Tuote t\u00e4ytt\u00e4\u00e4 tiukat mikrobiologiset ja kemialliset puhtausvaatimukset, mukaan lukien raskasmetallipitoisuus ja torjunta-ainej\u00e4\u00e4m\u00e4t.  <\/p>\n<h2>Ominaisuudet ja sovellukset:<\/h2>\n<p>Aditiva-uutetta k\u00e4ytet\u00e4\u00e4n sen <strong>supistavien ja rauhoittavien ominaisuuksien<\/strong> vuoksi kosmetiikassa herk\u00e4lle, verisuoniper\u00e4iselle ja akneen taipuvaiselle iholle. Se voi edist\u00e4\u00e4 ihon uusiutumista, lievitt\u00e4\u00e4 \u00e4rsytyst\u00e4 ja vahvistaa ihon hydrolipidibarrieria. Se on my\u00f6s arvostettu ainesosa kyps\u00e4n ihon hoitoon tarkoitetuissa tuotteissa &#8211; tanniinien ja polyfenolien ansiosta se auttaa parantamaan ihon kiinteytt\u00e4 ja kimmoisuutta.  <\/p>\n<p>Sit\u00e4 k\u00e4ytet\u00e4\u00e4n ravintolisiss\u00e4 sen <strong>tulehdusta ehk\u00e4isevien, ruoansulatusta tukevien ja kuukautisia helpottavien ominaisuuksien<\/strong> vuoksi. Raaka-ainetta voidaan k\u00e4ytt\u00e4\u00e4 tabletti-, kapseli- ja annospussiformuloinneissa sek\u00e4 nestem\u00e4isiss\u00e4 ja puoliksi nestem\u00e4isiss\u00e4 tuotteissa. <\/p>\n","protected":false},"excerpt":{"rendered":"<p>Naistenkenk\u00e4uute on luonnollinen kasviraaka-aine, joka on saatu <em>Alchemilla vulgaris<\/em>-kasvin maanp\u00e4\u00e4llisist\u00e4 osista, jotka tunnetaan yleisesti nimell\u00e4 naistenkenk\u00e4.<\/p>\n","protected":false},"featured_media":41098,"template":"","meta":[],"product_brand":[],"product_cat":[528],"product_tag":[],"class_list":{"0":"post-41108","1":"product","2":"type-product","3":"status-publish","4":"has-post-thumbnail","6":"product_cat-kasviuutteet","7":"pa_czesc-rosliny-maanpaalliset-osat","9":"first","10":"instock","11":"shipping-taxable","12":"product-type-simple"},"yoast_head":"<!-- This site is optimized with the Yoast SEO plugin v27.4 - https:\/\/yoast.com\/product\/yoast-seo-wordpress\/ -->\n<title>Yhteinen keh\u00e4kukkauute - Tukkudistribuutio<\/title>\n<meta name=\"description\" content=\"Yleinen naistentossuuute on luonnollinen kasviraaka-aine, joka on saatu Alchemilla vulgaris -kasvin maanp\u00e4\u00e4llisist\u00e4 osista.\" \/>\n<meta name=\"robots\" content=\"index, follow, max-snippet:-1, max-image-preview:large, max-video-preview:-1\" \/>\n<link rel=\"canonical\" href=\"https:\/\/naturalpoland.com\/fi\/tuotteet\/kasviuutteet\/yhteinen-kehakukkauute\/\" \/>\n<meta property=\"og:locale\" content=\"fi_FI\" \/>\n<meta property=\"og:type\" content=\"article\" \/>\n<meta property=\"og:title\" content=\"Yhteinen keh\u00e4kukkauute - Tukkudistribuutio\" \/>\n<meta property=\"og:description\" content=\"Yleinen naistentossuuute on luonnollinen kasviraaka-aine, joka on saatu Alchemilla vulgaris -kasvin maanp\u00e4\u00e4llisist\u00e4 osista.\" \/>\n<meta property=\"og:url\" content=\"https:\/\/naturalpoland.com\/fi\/tuotteet\/kasviuutteet\/yhteinen-kehakukkauute\/\" \/>\n<meta property=\"og:site_name\" content=\"NATURAL POLAND - RAAKA-AINEIDEN TUKKUJAKELIJA\" \/>\n<meta property=\"article:publisher\" content=\"https:\/\/www.facebook.com\/naturalpoland.b2b\" \/>\n<meta property=\"og:image\" content=\"https:\/\/naturalpoland.com\/wp-content\/uploads\/ekstrakt-z-przywrotnika.webp\" \/>\n\t<meta property=\"og:image:width\" content=\"1024\" \/>\n\t<meta property=\"og:image:height\" content=\"1024\" \/>\n\t<meta property=\"og:image:type\" content=\"image\/webp\" \/>\n<script type=\"application\/ld+json\" class=\"yoast-schema-graph\">{\"@context\":\"https:\\\/\\\/schema.org\",\"@graph\":[{\"@type\":\"WebPage\",\"@id\":\"https:\\\/\\\/naturalpoland.com\\\/fi\\\/tuotteet\\\/kasviuutteet\\\/yhteinen-kehakukkauute\\\/\",\"url\":\"https:\\\/\\\/naturalpoland.com\\\/fi\\\/tuotteet\\\/kasviuutteet\\\/yhteinen-kehakukkauute\\\/\",\"name\":\"Yhteinen keh\u00e4kukkauute - Tukkudistribuutio\",\"isPartOf\":{\"@id\":\"https:\\\/\\\/naturalpoland.com\\\/fi\\\/#website\"},\"primaryImageOfPage\":{\"@id\":\"https:\\\/\\\/naturalpoland.com\\\/fi\\\/tuotteet\\\/kasviuutteet\\\/yhteinen-kehakukkauute\\\/#primaryimage\"},\"image\":{\"@id\":\"https:\\\/\\\/naturalpoland.com\\\/fi\\\/tuotteet\\\/kasviuutteet\\\/yhteinen-kehakukkauute\\\/#primaryimage\"},\"thumbnailUrl\":\"https:\\\/\\\/naturalpoland.com\\\/wp-content\\\/uploads\\\/ekstrakt-z-przywrotnika.webp\",\"datePublished\":\"2025-05-19T08:30:04+00:00\",\"description\":\"Yleinen naistentossuuute on luonnollinen kasviraaka-aine, joka on saatu Alchemilla vulgaris -kasvin maanp\u00e4\u00e4llisist\u00e4 osista.\",\"breadcrumb\":{\"@id\":\"https:\\\/\\\/naturalpoland.com\\\/fi\\\/tuotteet\\\/kasviuutteet\\\/yhteinen-kehakukkauute\\\/#breadcrumb\"},\"inLanguage\":\"fi\",\"potentialAction\":[{\"@type\":\"ReadAction\",\"target\":[\"https:\\\/\\\/naturalpoland.com\\\/fi\\\/tuotteet\\\/kasviuutteet\\\/yhteinen-kehakukkauute\\\/\"]}]},{\"@type\":\"ImageObject\",\"inLanguage\":\"fi\",\"@id\":\"https:\\\/\\\/naturalpoland.com\\\/fi\\\/tuotteet\\\/kasviuutteet\\\/yhteinen-kehakukkauute\\\/#primaryimage\",\"url\":\"https:\\\/\\\/naturalpoland.com\\\/wp-content\\\/uploads\\\/ekstrakt-z-przywrotnika.webp\",\"contentUrl\":\"https:\\\/\\\/naturalpoland.com\\\/wp-content\\\/uploads\\\/ekstrakt-z-przywrotnika.webp\",\"width\":1024,\"height\":1024,\"caption\":\"Ekstrakt z przywrotnika pospolitego\"},{\"@type\":\"BreadcrumbList\",\"@id\":\"https:\\\/\\\/naturalpoland.com\\\/fi\\\/tuotteet\\\/kasviuutteet\\\/yhteinen-kehakukkauute\\\/#breadcrumb\",\"itemListElement\":[{\"@type\":\"ListItem\",\"position\":1,\"name\":\"Etusivu\",\"item\":\"https:\\\/\\\/naturalpoland.com\\\/fi\\\/\"},{\"@type\":\"ListItem\",\"position\":2,\"name\":\"Tuotteet\",\"item\":\"https:\\\/\\\/naturalpoland.com\\\/fi\\\/tuotteet\\\/\"},{\"@type\":\"ListItem\",\"position\":3,\"name\":\"Yhteinen keh\u00e4kukkauute\"}]},{\"@type\":\"WebSite\",\"@id\":\"https:\\\/\\\/naturalpoland.com\\\/fi\\\/#website\",\"url\":\"https:\\\/\\\/naturalpoland.com\\\/fi\\\/\",\"name\":\"NATURAL POLAND - RAAKA-AINEIDEN TUKKUJAKELIJA\",\"description\":\"Surowce dla przemys\u0142u spo\u017cywczego, kosmetycznego i farmaceutycznego\",\"publisher\":{\"@id\":\"https:\\\/\\\/naturalpoland.com\\\/fi\\\/#organization\"},\"potentialAction\":[{\"@type\":\"SearchAction\",\"target\":{\"@type\":\"EntryPoint\",\"urlTemplate\":\"https:\\\/\\\/naturalpoland.com\\\/fi\\\/?s={search_term_string}\"},\"query-input\":{\"@type\":\"PropertyValueSpecification\",\"valueRequired\":true,\"valueName\":\"search_term_string\"}}],\"inLanguage\":\"fi\"},{\"@type\":\"Organization\",\"@id\":\"https:\\\/\\\/naturalpoland.com\\\/fi\\\/#organization\",\"name\":\"Natural Poland\",\"url\":\"https:\\\/\\\/naturalpoland.com\\\/fi\\\/\",\"logo\":{\"@type\":\"ImageObject\",\"inLanguage\":\"fi\",\"@id\":\"https:\\\/\\\/naturalpoland.com\\\/fi\\\/#\\\/schema\\\/logo\\\/image\\\/\",\"url\":\"https:\\\/\\\/naturalpoland.com\\\/wp-content\\\/uploads\\\/2021\\\/05\\\/natural-poland-icon.png\",\"contentUrl\":\"https:\\\/\\\/naturalpoland.com\\\/wp-content\\\/uploads\\\/2021\\\/05\\\/natural-poland-icon.png\",\"width\":512,\"height\":512,\"caption\":\"Natural Poland\"},\"image\":{\"@id\":\"https:\\\/\\\/naturalpoland.com\\\/fi\\\/#\\\/schema\\\/logo\\\/image\\\/\"},\"sameAs\":[\"https:\\\/\\\/www.facebook.com\\\/naturalpoland.b2b\",\"https:\\\/\\\/pl.linkedin.com\\\/company\\\/natural-poland\",\"https:\\\/\\\/www.youtube.com\\\/channel\\\/UCgeGGkvOMahZo-xu_MSEWxg\"]}]}<\/script>\n<!-- \/ Yoast SEO plugin. -->","yoast_head_json":{"title":"Yhteinen keh\u00e4kukkauute - Tukkudistribuutio","description":"Yleinen naistentossuuute on luonnollinen kasviraaka-aine, joka on saatu Alchemilla vulgaris -kasvin maanp\u00e4\u00e4llisist\u00e4 osista.","robots":{"index":"index","follow":"follow","max-snippet":"max-snippet:-1","max-image-preview":"max-image-preview:large","max-video-preview":"max-video-preview:-1"},"canonical":"https:\/\/naturalpoland.com\/fi\/tuotteet\/kasviuutteet\/yhteinen-kehakukkauute\/","og_locale":"fi_FI","og_type":"article","og_title":"Yhteinen keh\u00e4kukkauute - Tukkudistribuutio","og_description":"Yleinen naistentossuuute on luonnollinen kasviraaka-aine, joka on saatu Alchemilla vulgaris -kasvin maanp\u00e4\u00e4llisist\u00e4 osista.","og_url":"https:\/\/naturalpoland.com\/fi\/tuotteet\/kasviuutteet\/yhteinen-kehakukkauute\/","og_site_name":"NATURAL POLAND - RAAKA-AINEIDEN TUKKUJAKELIJA","article_publisher":"https:\/\/www.facebook.com\/naturalpoland.b2b","og_image":[{"width":1024,"height":1024,"url":"https:\/\/naturalpoland.com\/wp-content\/uploads\/ekstrakt-z-przywrotnika.webp","type":"image\/webp"}],"schema":{"@context":"https:\/\/schema.org","@graph":[{"@type":"WebPage","@id":"https:\/\/naturalpoland.com\/fi\/tuotteet\/kasviuutteet\/yhteinen-kehakukkauute\/","url":"https:\/\/naturalpoland.com\/fi\/tuotteet\/kasviuutteet\/yhteinen-kehakukkauute\/","name":"Yhteinen keh\u00e4kukkauute - Tukkudistribuutio","isPartOf":{"@id":"https:\/\/naturalpoland.com\/fi\/#website"},"primaryImageOfPage":{"@id":"https:\/\/naturalpoland.com\/fi\/tuotteet\/kasviuutteet\/yhteinen-kehakukkauute\/#primaryimage"},"image":{"@id":"https:\/\/naturalpoland.com\/fi\/tuotteet\/kasviuutteet\/yhteinen-kehakukkauute\/#primaryimage"},"thumbnailUrl":"https:\/\/naturalpoland.com\/wp-content\/uploads\/ekstrakt-z-przywrotnika.webp","datePublished":"2025-05-19T08:30:04+00:00","description":"Yleinen naistentossuuute on luonnollinen kasviraaka-aine, joka on saatu Alchemilla vulgaris -kasvin maanp\u00e4\u00e4llisist\u00e4 osista.","breadcrumb":{"@id":"https:\/\/naturalpoland.com\/fi\/tuotteet\/kasviuutteet\/yhteinen-kehakukkauute\/#breadcrumb"},"inLanguage":"fi","potentialAction":[{"@type":"ReadAction","target":["https:\/\/naturalpoland.com\/fi\/tuotteet\/kasviuutteet\/yhteinen-kehakukkauute\/"]}]},{"@type":"ImageObject","inLanguage":"fi","@id":"https:\/\/naturalpoland.com\/fi\/tuotteet\/kasviuutteet\/yhteinen-kehakukkauute\/#primaryimage","url":"https:\/\/naturalpoland.com\/wp-content\/uploads\/ekstrakt-z-przywrotnika.webp","contentUrl":"https:\/\/naturalpoland.com\/wp-content\/uploads\/ekstrakt-z-przywrotnika.webp","width":1024,"height":1024,"caption":"Ekstrakt z przywrotnika pospolitego"},{"@type":"BreadcrumbList","@id":"https:\/\/naturalpoland.com\/fi\/tuotteet\/kasviuutteet\/yhteinen-kehakukkauute\/#breadcrumb","itemListElement":[{"@type":"ListItem","position":1,"name":"Etusivu","item":"https:\/\/naturalpoland.com\/fi\/"},{"@type":"ListItem","position":2,"name":"Tuotteet","item":"https:\/\/naturalpoland.com\/fi\/tuotteet\/"},{"@type":"ListItem","position":3,"name":"Yhteinen keh\u00e4kukkauute"}]},{"@type":"WebSite","@id":"https:\/\/naturalpoland.com\/fi\/#website","url":"https:\/\/naturalpoland.com\/fi\/","name":"NATURAL POLAND - RAAKA-AINEIDEN TUKKUJAKELIJA","description":"Surowce dla przemys\u0142u spo\u017cywczego, kosmetycznego i farmaceutycznego","publisher":{"@id":"https:\/\/naturalpoland.com\/fi\/#organization"},"potentialAction":[{"@type":"SearchAction","target":{"@type":"EntryPoint","urlTemplate":"https:\/\/naturalpoland.com\/fi\/?s={search_term_string}"},"query-input":{"@type":"PropertyValueSpecification","valueRequired":true,"valueName":"search_term_string"}}],"inLanguage":"fi"},{"@type":"Organization","@id":"https:\/\/naturalpoland.com\/fi\/#organization","name":"Natural Poland","url":"https:\/\/naturalpoland.com\/fi\/","logo":{"@type":"ImageObject","inLanguage":"fi","@id":"https:\/\/naturalpoland.com\/fi\/#\/schema\/logo\/image\/","url":"https:\/\/naturalpoland.com\/wp-content\/uploads\/2021\/05\/natural-poland-icon.png","contentUrl":"https:\/\/naturalpoland.com\/wp-content\/uploads\/2021\/05\/natural-poland-icon.png","width":512,"height":512,"caption":"Natural Poland"},"image":{"@id":"https:\/\/naturalpoland.com\/fi\/#\/schema\/logo\/image\/"},"sameAs":["https:\/\/www.facebook.com\/naturalpoland.b2b","https:\/\/pl.linkedin.com\/company\/natural-poland","https:\/\/www.youtube.com\/channel\/UCgeGGkvOMahZo-xu_MSEWxg"]}]}},"_links":{"self":[{"href":"https:\/\/naturalpoland.com\/fi\/wp-json\/wp\/v2\/product\/41108","targetHints":{"allow":["GET"]}}],"collection":[{"href":"https:\/\/naturalpoland.com\/fi\/wp-json\/wp\/v2\/product"}],"about":[{"href":"https:\/\/naturalpoland.com\/fi\/wp-json\/wp\/v2\/types\/product"}],"wp:featuredmedia":[{"embeddable":true,"href":"https:\/\/naturalpoland.com\/fi\/wp-json\/wp\/v2\/media\/41098"}],"wp:attachment":[{"href":"https:\/\/naturalpoland.com\/fi\/wp-json\/wp\/v2\/media?parent=41108"}],"wp:term":[{"taxonomy":"product_brand","embeddable":true,"href":"https:\/\/naturalpoland.com\/fi\/wp-json\/wp\/v2\/product_brand?post=41108"},{"taxonomy":"product_cat","embeddable":true,"href":"https:\/\/naturalpoland.com\/fi\/wp-json\/wp\/v2\/product_cat?post=41108"},{"taxonomy":"product_tag","embeddable":true,"href":"https:\/\/naturalpoland.com\/fi\/wp-json\/wp\/v2\/product_tag?post=41108"}],"curies":[{"name":"wp","href":"https:\/\/api.w.org\/{rel}","templated":true}]}}