{"id":41270,"date":"2025-05-29T14:41:56","date_gmt":"2025-05-29T13:51:54","guid":{"rendered":"https:\/\/naturalpoland.com\/produkty\/Ei-luokiteltu\/pioniuute\/"},"modified":"2025-05-29T15:51:54","modified_gmt":"2025-05-29T13:51:54","slug":"pioniuute","status":"publish","type":"product","link":"https:\/\/naturalpoland.com\/fi\/tuotteet\/kasviuutteet\/pioniuute\/","title":{"rendered":"Pioniuute"},"content":{"rendered":"<h2>Ominaisuudet<\/h2>\n<p>Pioniuute on hienoksi jauhettua jauhetta, joka on v\u00e4rilt\u00e4\u00e4n kellert\u00e4v\u00e4n ruskeaa ja jolla on ominainen, hieman kirpe\u00e4 haju. Se saadaan vesimenetelm\u00e4ll\u00e4, johon on lis\u00e4tty kantaja-aineeksi maltodekstriini\u00e4. <\/p>\n<p data-start=\"766\" data-end=\"1438\">Raaka-aineella on laaja biologinen aktiivisuus, joka johtuu <strong>paeonifloriinin<\/strong> kaltaisten yhdisteiden esiintymisest\u00e4 <strong>,<\/strong><a href=\"https:\/\/naturalpoland.com\/artykuly\/produkty-naturalne\/czym-sa-i-jak-dzialaja-flawonoidy\/\"><strong>flavonoidit<\/strong><\/a>, <strong>tanniinit ja<\/strong> <strong>orgaaniset hapot.<\/strong> Sit\u00e4 k\u00e4ytet\u00e4\u00e4n perinteisesti <strong>luonnollisena rauhoittavana<\/strong> aineena <strong>lievitt\u00e4m\u00e4\u00e4n<\/strong> hermostuneisuutta, ahdistusta ja kuukautisia edelt\u00e4vi\u00e4 oireita (PMS). Se tukee immuunij\u00e4rjestelm\u00e4n toimintaa ja auttaa kehoa tulehduksissa, kivuissa ja reumaattisissa tiloissa. Pionilla on my\u00f6s diastolinen <strong>ja anti\u00f6deemaattinen vaikutus<\/strong>, joten sit\u00e4 k\u00e4ytet\u00e4\u00e4n joskus lievitt\u00e4m\u00e4\u00e4n kuukautisvaivoja ja verenkiertoh\u00e4iri\u00f6it\u00e4. Jotkut tutkimukset viittaavat my\u00f6s sen hermoja suojaavaan ja adaptogeeniseen potentiaaliin.    <\/p>\n<p data-start=\"1440\" data-end=\"1860\"><strong>Luonnonkosmetiikassa<\/strong> pioniuutetta arvostetaan sen antioksidanttisten, kirkastavien ja rauhoittavien ominaisuuksien vuoksi. Se auttaa rauhoittamaan ihotulehduksia, v\u00e4hent\u00e4\u00e4 punoitusta, tukee ihon ihoestett\u00e4 ja parantaa ihon kimmoisuutta. N\u00e4iden ominaisuuksiensa ansiosta sit\u00e4 k\u00e4ytet\u00e4\u00e4n herk\u00e4n, verisuoniper\u00e4isen, \u00e4rtyneen ja kyps\u00e4n ihon koostumuksissa &#8211; erityisesti anti-aging-tuotteissa.  <\/p>\n<h2 data-start=\"1862\" data-end=\"1895\">Soveltaminen ja turvallisuus<\/h2>\n<p data-start=\"1897\" data-end=\"1940\">Pioniuutetta k\u00e4ytet\u00e4\u00e4n:<\/p>\n<ul data-start=\"1941\" data-end=\"2253\">\n<li data-start=\"1941\" data-end=\"2019\">\n<p data-start=\"1943\" data-end=\"2019\"><strong>ravintolis\u00e4t<\/strong> hermoston, hormonitoiminnan ja immuunij\u00e4rjestelm\u00e4n <strong>tukemiseksi<\/strong>;<\/p>\n<\/li>\n<li data-start=\"2020\" data-end=\"2099\">\n<p data-start=\"2022\" data-end=\"2099\"><strong>valmisteet lihaskivun,<\/strong> reumakivun <strong>ja kuukautiskipujen lievitt\u00e4miseen<\/strong>;<\/p>\n<\/li>\n<li data-start=\"2100\" data-end=\"2185\">\n<p data-start=\"2102\" data-end=\"2185\">rauhoittavaa, anti-ageing- ja valaisevaa <strong>kosmetiikkaa kasvoille<\/strong> ja vartalolle;<\/p>\n<\/li>\n<li data-start=\"2186\" data-end=\"2253\">\n<p data-start=\"2188\" data-end=\"2253\">tuotteita, jotka tukevat emotionaalista tasapainoa ja stressin v\u00e4hent\u00e4mist\u00e4.<\/p>\n<\/li>\n<\/ul>\n<p data-start=\"2255\" data-end=\"2783\" data-is-last-node=\"\" data-is-only-node=\"\">Vaikka pionin turvallisuusprofiilia pidet\u00e4\u00e4n korkeana, kuten kaikki kasvien ainesosat, se voi aiheuttaa allergisia reaktioita erityisen herkill\u00e4 henkil\u00f6ill\u00e4. Oireet, kuten kutina, ihottuma tai \u00e4rsytys, ovat hyvin harvinaisia, mutta ihotesti\u00e4 suositellaan pionipihlajaa sis\u00e4lt\u00e4vien kosmetiikkatuotteiden ensimm\u00e4isell\u00e4 k\u00e4ytt\u00f6kerralla. Suun kautta annettavan lis\u00e4ravinteen osalta raskaana olevien ja imett\u00e4vien naisten sek\u00e4 antikoagulantteja k\u00e4ytt\u00e4vien on neuvoteltava l\u00e4\u00e4k\u00e4rin kanssa ennen k\u00e4yt\u00f6n aloittamista.  <\/p>\n","protected":false},"excerpt":{"rendered":"<p><strong>Pioniuute uutetaan<\/strong> <em data-start=\"132\" data-end=\"152\">Paeonia lactiflora -kasvin <\/em><strong>juuresta<\/strong>. Sit\u00e4 k\u00e4ytettiin perinteisess\u00e4 kiinalaisessa l\u00e4\u00e4ketieteess\u00e4, ja nyky\u00e4\u00e4n sit\u00e4 k\u00e4ytet\u00e4\u00e4n yh\u00e4 enemm\u00e4n nykyaikaisissa kasviper\u00e4isiss\u00e4 ja kosmeettisissa valmisteissa ja ravintolisiss\u00e4.<\/p>\n","protected":false},"featured_media":41238,"template":"","meta":[],"product_brand":[],"product_cat":[528],"product_tag":[],"class_list":{"0":"post-41270","1":"product","2":"type-product","3":"status-publish","4":"has-post-thumbnail","6":"product_cat-kasviuutteet","7":"pa_czesc-rosliny-root-fi","9":"first","10":"instock","11":"shipping-taxable","12":"product-type-simple"},"yoast_head":"<!-- This site is optimized with the Yoast SEO plugin v27.4 - https:\/\/yoast.com\/product\/yoast-seo-wordpress\/ -->\n<title>Pioniuute - Tukkudistribuutio<\/title>\n<meta name=\"description\" content=\"Paeonia lactiflora -kasvin juuresta uutettu pioniuute on raaka-aine, jota k\u00e4ytet\u00e4\u00e4n yh\u00e4 useammin nykyaikaisissa kasviper\u00e4isiss\u00e4 valmisteissa.\" \/>\n<meta name=\"robots\" content=\"index, follow, max-snippet:-1, max-image-preview:large, max-video-preview:-1\" \/>\n<link rel=\"canonical\" href=\"https:\/\/naturalpoland.com\/fi\/tuotteet\/kasviuutteet\/pioniuute\/\" \/>\n<meta property=\"og:locale\" content=\"fi_FI\" \/>\n<meta property=\"og:type\" content=\"article\" \/>\n<meta property=\"og:title\" content=\"Pioniuute - Tukkudistribuutio\" \/>\n<meta property=\"og:description\" content=\"Paeonia lactiflora -kasvin juuresta uutettu pioniuute on raaka-aine, jota k\u00e4ytet\u00e4\u00e4n yh\u00e4 useammin nykyaikaisissa kasviper\u00e4isiss\u00e4 valmisteissa.\" \/>\n<meta property=\"og:url\" content=\"https:\/\/naturalpoland.com\/fi\/tuotteet\/kasviuutteet\/pioniuute\/\" \/>\n<meta property=\"og:site_name\" content=\"NATURAL POLAND - RAAKA-AINEIDEN TUKKUJAKELIJA\" \/>\n<meta property=\"article:publisher\" content=\"https:\/\/www.facebook.com\/naturalpoland.b2b\" \/>\n<meta property=\"og:image\" content=\"https:\/\/naturalpoland.com\/wp-content\/uploads\/ekstrakt-z-piwoni.webp\" \/>\n\t<meta property=\"og:image:width\" content=\"1024\" \/>\n\t<meta property=\"og:image:height\" content=\"1024\" \/>\n\t<meta property=\"og:image:type\" content=\"image\/webp\" \/>\n<script type=\"application\/ld+json\" class=\"yoast-schema-graph\">{\"@context\":\"https:\\\/\\\/schema.org\",\"@graph\":[{\"@type\":\"WebPage\",\"@id\":\"https:\\\/\\\/naturalpoland.com\\\/fi\\\/tuotteet\\\/kasviuutteet\\\/pioniuute\\\/\",\"url\":\"https:\\\/\\\/naturalpoland.com\\\/fi\\\/tuotteet\\\/kasviuutteet\\\/pioniuute\\\/\",\"name\":\"Pioniuute - Tukkudistribuutio\",\"isPartOf\":{\"@id\":\"https:\\\/\\\/naturalpoland.com\\\/fi\\\/#website\"},\"primaryImageOfPage\":{\"@id\":\"https:\\\/\\\/naturalpoland.com\\\/fi\\\/tuotteet\\\/kasviuutteet\\\/pioniuute\\\/#primaryimage\"},\"image\":{\"@id\":\"https:\\\/\\\/naturalpoland.com\\\/fi\\\/tuotteet\\\/kasviuutteet\\\/pioniuute\\\/#primaryimage\"},\"thumbnailUrl\":\"https:\\\/\\\/naturalpoland.com\\\/wp-content\\\/uploads\\\/ekstrakt-z-piwoni.webp\",\"datePublished\":\"2025-05-29T13:51:54+00:00\",\"description\":\"Paeonia lactiflora -kasvin juuresta uutettu pioniuute on raaka-aine, jota k\u00e4ytet\u00e4\u00e4n yh\u00e4 useammin nykyaikaisissa kasviper\u00e4isiss\u00e4 valmisteissa.\",\"breadcrumb\":{\"@id\":\"https:\\\/\\\/naturalpoland.com\\\/fi\\\/tuotteet\\\/kasviuutteet\\\/pioniuute\\\/#breadcrumb\"},\"inLanguage\":\"fi\",\"potentialAction\":[{\"@type\":\"ReadAction\",\"target\":[\"https:\\\/\\\/naturalpoland.com\\\/fi\\\/tuotteet\\\/kasviuutteet\\\/pioniuute\\\/\"]}]},{\"@type\":\"ImageObject\",\"inLanguage\":\"fi\",\"@id\":\"https:\\\/\\\/naturalpoland.com\\\/fi\\\/tuotteet\\\/kasviuutteet\\\/pioniuute\\\/#primaryimage\",\"url\":\"https:\\\/\\\/naturalpoland.com\\\/wp-content\\\/uploads\\\/ekstrakt-z-piwoni.webp\",\"contentUrl\":\"https:\\\/\\\/naturalpoland.com\\\/wp-content\\\/uploads\\\/ekstrakt-z-piwoni.webp\",\"width\":1024,\"height\":1024,\"caption\":\"Ekstrakt z korzenia piwonii w proszku\"},{\"@type\":\"BreadcrumbList\",\"@id\":\"https:\\\/\\\/naturalpoland.com\\\/fi\\\/tuotteet\\\/kasviuutteet\\\/pioniuute\\\/#breadcrumb\",\"itemListElement\":[{\"@type\":\"ListItem\",\"position\":1,\"name\":\"Etusivu\",\"item\":\"https:\\\/\\\/naturalpoland.com\\\/fi\\\/\"},{\"@type\":\"ListItem\",\"position\":2,\"name\":\"Tuotteet\",\"item\":\"https:\\\/\\\/naturalpoland.com\\\/fi\\\/tuotteet\\\/\"},{\"@type\":\"ListItem\",\"position\":3,\"name\":\"Pioniuute\"}]},{\"@type\":\"WebSite\",\"@id\":\"https:\\\/\\\/naturalpoland.com\\\/fi\\\/#website\",\"url\":\"https:\\\/\\\/naturalpoland.com\\\/fi\\\/\",\"name\":\"NATURAL POLAND - RAAKA-AINEIDEN TUKKUJAKELIJA\",\"description\":\"Surowce dla przemys\u0142u spo\u017cywczego, kosmetycznego i farmaceutycznego\",\"publisher\":{\"@id\":\"https:\\\/\\\/naturalpoland.com\\\/fi\\\/#organization\"},\"potentialAction\":[{\"@type\":\"SearchAction\",\"target\":{\"@type\":\"EntryPoint\",\"urlTemplate\":\"https:\\\/\\\/naturalpoland.com\\\/fi\\\/?s={search_term_string}\"},\"query-input\":{\"@type\":\"PropertyValueSpecification\",\"valueRequired\":true,\"valueName\":\"search_term_string\"}}],\"inLanguage\":\"fi\"},{\"@type\":\"Organization\",\"@id\":\"https:\\\/\\\/naturalpoland.com\\\/fi\\\/#organization\",\"name\":\"Natural Poland\",\"url\":\"https:\\\/\\\/naturalpoland.com\\\/fi\\\/\",\"logo\":{\"@type\":\"ImageObject\",\"inLanguage\":\"fi\",\"@id\":\"https:\\\/\\\/naturalpoland.com\\\/fi\\\/#\\\/schema\\\/logo\\\/image\\\/\",\"url\":\"https:\\\/\\\/naturalpoland.com\\\/wp-content\\\/uploads\\\/2021\\\/05\\\/natural-poland-icon.png\",\"contentUrl\":\"https:\\\/\\\/naturalpoland.com\\\/wp-content\\\/uploads\\\/2021\\\/05\\\/natural-poland-icon.png\",\"width\":512,\"height\":512,\"caption\":\"Natural Poland\"},\"image\":{\"@id\":\"https:\\\/\\\/naturalpoland.com\\\/fi\\\/#\\\/schema\\\/logo\\\/image\\\/\"},\"sameAs\":[\"https:\\\/\\\/www.facebook.com\\\/naturalpoland.b2b\",\"https:\\\/\\\/pl.linkedin.com\\\/company\\\/natural-poland\",\"https:\\\/\\\/www.youtube.com\\\/channel\\\/UCgeGGkvOMahZo-xu_MSEWxg\"]}]}<\/script>\n<!-- \/ Yoast SEO plugin. -->","yoast_head_json":{"title":"Pioniuute - Tukkudistribuutio","description":"Paeonia lactiflora -kasvin juuresta uutettu pioniuute on raaka-aine, jota k\u00e4ytet\u00e4\u00e4n yh\u00e4 useammin nykyaikaisissa kasviper\u00e4isiss\u00e4 valmisteissa.","robots":{"index":"index","follow":"follow","max-snippet":"max-snippet:-1","max-image-preview":"max-image-preview:large","max-video-preview":"max-video-preview:-1"},"canonical":"https:\/\/naturalpoland.com\/fi\/tuotteet\/kasviuutteet\/pioniuute\/","og_locale":"fi_FI","og_type":"article","og_title":"Pioniuute - Tukkudistribuutio","og_description":"Paeonia lactiflora -kasvin juuresta uutettu pioniuute on raaka-aine, jota k\u00e4ytet\u00e4\u00e4n yh\u00e4 useammin nykyaikaisissa kasviper\u00e4isiss\u00e4 valmisteissa.","og_url":"https:\/\/naturalpoland.com\/fi\/tuotteet\/kasviuutteet\/pioniuute\/","og_site_name":"NATURAL POLAND - RAAKA-AINEIDEN TUKKUJAKELIJA","article_publisher":"https:\/\/www.facebook.com\/naturalpoland.b2b","og_image":[{"width":1024,"height":1024,"url":"https:\/\/naturalpoland.com\/wp-content\/uploads\/ekstrakt-z-piwoni.webp","type":"image\/webp"}],"schema":{"@context":"https:\/\/schema.org","@graph":[{"@type":"WebPage","@id":"https:\/\/naturalpoland.com\/fi\/tuotteet\/kasviuutteet\/pioniuute\/","url":"https:\/\/naturalpoland.com\/fi\/tuotteet\/kasviuutteet\/pioniuute\/","name":"Pioniuute - Tukkudistribuutio","isPartOf":{"@id":"https:\/\/naturalpoland.com\/fi\/#website"},"primaryImageOfPage":{"@id":"https:\/\/naturalpoland.com\/fi\/tuotteet\/kasviuutteet\/pioniuute\/#primaryimage"},"image":{"@id":"https:\/\/naturalpoland.com\/fi\/tuotteet\/kasviuutteet\/pioniuute\/#primaryimage"},"thumbnailUrl":"https:\/\/naturalpoland.com\/wp-content\/uploads\/ekstrakt-z-piwoni.webp","datePublished":"2025-05-29T13:51:54+00:00","description":"Paeonia lactiflora -kasvin juuresta uutettu pioniuute on raaka-aine, jota k\u00e4ytet\u00e4\u00e4n yh\u00e4 useammin nykyaikaisissa kasviper\u00e4isiss\u00e4 valmisteissa.","breadcrumb":{"@id":"https:\/\/naturalpoland.com\/fi\/tuotteet\/kasviuutteet\/pioniuute\/#breadcrumb"},"inLanguage":"fi","potentialAction":[{"@type":"ReadAction","target":["https:\/\/naturalpoland.com\/fi\/tuotteet\/kasviuutteet\/pioniuute\/"]}]},{"@type":"ImageObject","inLanguage":"fi","@id":"https:\/\/naturalpoland.com\/fi\/tuotteet\/kasviuutteet\/pioniuute\/#primaryimage","url":"https:\/\/naturalpoland.com\/wp-content\/uploads\/ekstrakt-z-piwoni.webp","contentUrl":"https:\/\/naturalpoland.com\/wp-content\/uploads\/ekstrakt-z-piwoni.webp","width":1024,"height":1024,"caption":"Ekstrakt z korzenia piwonii w proszku"},{"@type":"BreadcrumbList","@id":"https:\/\/naturalpoland.com\/fi\/tuotteet\/kasviuutteet\/pioniuute\/#breadcrumb","itemListElement":[{"@type":"ListItem","position":1,"name":"Etusivu","item":"https:\/\/naturalpoland.com\/fi\/"},{"@type":"ListItem","position":2,"name":"Tuotteet","item":"https:\/\/naturalpoland.com\/fi\/tuotteet\/"},{"@type":"ListItem","position":3,"name":"Pioniuute"}]},{"@type":"WebSite","@id":"https:\/\/naturalpoland.com\/fi\/#website","url":"https:\/\/naturalpoland.com\/fi\/","name":"NATURAL POLAND - RAAKA-AINEIDEN TUKKUJAKELIJA","description":"Surowce dla przemys\u0142u spo\u017cywczego, kosmetycznego i farmaceutycznego","publisher":{"@id":"https:\/\/naturalpoland.com\/fi\/#organization"},"potentialAction":[{"@type":"SearchAction","target":{"@type":"EntryPoint","urlTemplate":"https:\/\/naturalpoland.com\/fi\/?s={search_term_string}"},"query-input":{"@type":"PropertyValueSpecification","valueRequired":true,"valueName":"search_term_string"}}],"inLanguage":"fi"},{"@type":"Organization","@id":"https:\/\/naturalpoland.com\/fi\/#organization","name":"Natural Poland","url":"https:\/\/naturalpoland.com\/fi\/","logo":{"@type":"ImageObject","inLanguage":"fi","@id":"https:\/\/naturalpoland.com\/fi\/#\/schema\/logo\/image\/","url":"https:\/\/naturalpoland.com\/wp-content\/uploads\/2021\/05\/natural-poland-icon.png","contentUrl":"https:\/\/naturalpoland.com\/wp-content\/uploads\/2021\/05\/natural-poland-icon.png","width":512,"height":512,"caption":"Natural Poland"},"image":{"@id":"https:\/\/naturalpoland.com\/fi\/#\/schema\/logo\/image\/"},"sameAs":["https:\/\/www.facebook.com\/naturalpoland.b2b","https:\/\/pl.linkedin.com\/company\/natural-poland","https:\/\/www.youtube.com\/channel\/UCgeGGkvOMahZo-xu_MSEWxg"]}]}},"_links":{"self":[{"href":"https:\/\/naturalpoland.com\/fi\/wp-json\/wp\/v2\/product\/41270","targetHints":{"allow":["GET"]}}],"collection":[{"href":"https:\/\/naturalpoland.com\/fi\/wp-json\/wp\/v2\/product"}],"about":[{"href":"https:\/\/naturalpoland.com\/fi\/wp-json\/wp\/v2\/types\/product"}],"wp:featuredmedia":[{"embeddable":true,"href":"https:\/\/naturalpoland.com\/fi\/wp-json\/wp\/v2\/media\/41238"}],"wp:attachment":[{"href":"https:\/\/naturalpoland.com\/fi\/wp-json\/wp\/v2\/media?parent=41270"}],"wp:term":[{"taxonomy":"product_brand","embeddable":true,"href":"https:\/\/naturalpoland.com\/fi\/wp-json\/wp\/v2\/product_brand?post=41270"},{"taxonomy":"product_cat","embeddable":true,"href":"https:\/\/naturalpoland.com\/fi\/wp-json\/wp\/v2\/product_cat?post=41270"},{"taxonomy":"product_tag","embeddable":true,"href":"https:\/\/naturalpoland.com\/fi\/wp-json\/wp\/v2\/product_tag?post=41270"}],"curies":[{"name":"wp","href":"https:\/\/api.w.org\/{rel}","templated":true}]}}