{"id":41291,"date":"2025-05-29T13:07:42","date_gmt":"2025-05-29T13:52:40","guid":{"rendered":"https:\/\/naturalpoland.com\/produkty\/Ei-luokiteltu\/mustaherukkauute\/"},"modified":"2025-05-29T15:52:40","modified_gmt":"2025-05-29T13:52:40","slug":"mustaherukkauute","status":"publish","type":"product","link":"https:\/\/naturalpoland.com\/fi\/tuotteet\/kasviuutteet\/mustaherukkauute\/","title":{"rendered":"Mustaherukkauute"},"content":{"rendered":"<h2>Mustaherukkauutteen ominaisuudet<\/h2>\n<p>Mustaherukkauutteelle on ominaista sen voimakas purppuranpunainen v\u00e4ri sek\u00e4 luonteenomainen luonnollinen maku ja tuoksu. T\u00e4rkeimm\u00e4t aktiiviset ainesosat ovat <a href=\"https:\/\/naturalpoland.com\/artykuly\/dodatki-do-zywnosci\/czym-sa-antocyjany-i-jakie-maja-zastosowanie\/\"><strong>antosyaanit<\/strong><\/a> &#8211; voimakkaita antioksidantteja, joilla on dokumentoituja suojavaikutuksia kehon soluihin. T\u00e4m\u00e4 tekee uutteesta:  <\/p>\n<ul>\n<li>auttaa neutraloimaan vapaita radikaaleja,<\/li>\n<li>hidastaa ik\u00e4\u00e4ntymisprosessia,<\/li>\n<li>tukee immuunij\u00e4rjestelm\u00e4\u00e4,<\/li>\n<li>voi parantaa verenkiertoa.<\/li>\n<\/ul>\n<p>Mustaherukan lehti\u00e4 on k\u00e4ytetty vuosisatojen <a href=\"https:\/\/naturalpoland.com\/artykuly\/produkty-naturalne\/ziololecznictwo-a-fitoterapia-czym-sie-roznia\/\">ajan fytoterapiassa<\/a> diureettina, tulehduskipul\u00e4\u00e4kkeen\u00e4 ja verisuonia laajentavana aineena. <a href=\"https:\/\/naturalpoland.com\/artykuly\/produkty-naturalne\/czym-sa-i-jak-dzialaja-flawonoidy\/\">Flavonoidien ja<\/a> tanniinien l\u00e4sn\u00e4ololla on suotuisa vaikutus ihon kuntoon ja se tukee elimist\u00f6n puhdistustoimintaa. <\/p>\n<h2 data-start=\"1225\" data-end=\"1241\">Hakemus<\/h2>\n<p data-start=\"1243\" data-end=\"1769\" data-is-last-node=\"\" data-is-only-node=\"\">Mustaherukkauute on suosittu raaka-aine <strong>ravintolis\u00e4teollisuudessa.<\/strong> Sit\u00e4 k\u00e4ytet\u00e4\u00e4n immuunij\u00e4rjestelm\u00e4\u00e4 vahvistavissa, antioksidanttisissa ja syd\u00e4n- ja verisuonitauteja tukevissa valmisteissa. <\/p>\n<p data-start=\"1243\" data-end=\"1769\" data-is-last-node=\"\" data-is-only-node=\"\"><strong>Kosmetiikkateollisuudessa<\/strong> sit\u00e4 voidaan k\u00e4ytt\u00e4\u00e4 kyps\u00e4lle ja verisuonten vaurioituneelle iholle tarkoitetuissa tuotteissa sen tulehdusta ehk\u00e4isevien, antioksidanttisten ja mikroverenkiertoa parantavien ominaisuuksien ansiosta.<\/p>\n<p data-start=\"1243\" data-end=\"1769\" data-is-last-node=\"\" data-is-only-node=\"\">Sit\u00e4 k\u00e4ytet\u00e4\u00e4n my\u00f6s <strong>funktionaalisena ainesosana terveytt\u00e4 edist\u00e4viss\u00e4 elintarvikkeissa,<\/strong> yrttiteiss\u00e4 ja luonnollisissa juomissa.<\/p>\n","protected":false},"excerpt":{"rendered":"<p><strong>Mustaherukkauutetta saadaan<\/strong> kasvin lehdist\u00e4. <strong><em>Ribes nigrum L. <\/em><\/strong>vesi-alkoholiuuttomenetelm\u00e4ll\u00e4, johon on lis\u00e4tty maltodekstriini\u00e4 kantaja-aineena. Tuote s\u00e4ilytt\u00e4\u00e4 korkean mikrobiologisen ja kemiallisen laadun. <\/p>\n","protected":false},"featured_media":41199,"template":"","meta":{"_acf_changed":false},"product_brand":[],"product_cat":[528],"product_tag":[],"class_list":{"0":"post-41291","1":"product","2":"type-product","3":"status-publish","4":"has-post-thumbnail","6":"product_cat-kasviuutteet","7":"pa_czesc-rosliny-lehdet","8":"pa_skladnik-aktywny-antosyaanit","10":"first","11":"instock","12":"shipping-taxable","13":"product-type-simple"},"acf":[],"yoast_head":"<!-- This site is optimized with the Yoast SEO plugin v27.4 - https:\/\/yoast.com\/product\/yoast-seo-wordpress\/ -->\n<title>Mustaherukkauute - Tukkudistribuutio<\/title>\n<meta name=\"description\" content=\"Mustaherukkauute on luonnollinen kasviuute, jolla on poikkeuksellisia terveytt\u00e4 edist\u00e4vi\u00e4 ominaisuuksia ja jota saadaan Ribes nigrum L:n lehdist\u00e4.\" \/>\n<meta name=\"robots\" content=\"index, follow, max-snippet:-1, max-image-preview:large, max-video-preview:-1\" \/>\n<link rel=\"canonical\" href=\"https:\/\/naturalpoland.com\/fi\/tuotteet\/kasviuutteet\/mustaherukkauute\/\" \/>\n<meta property=\"og:locale\" content=\"fi_FI\" \/>\n<meta property=\"og:type\" content=\"article\" \/>\n<meta property=\"og:title\" content=\"Mustaherukkauute - Tukkudistribuutio\" \/>\n<meta property=\"og:description\" content=\"Mustaherukkauute on luonnollinen kasviuute, jolla on poikkeuksellisia terveytt\u00e4 edist\u00e4vi\u00e4 ominaisuuksia ja jota saadaan Ribes nigrum L:n lehdist\u00e4.\" \/>\n<meta property=\"og:url\" content=\"https:\/\/naturalpoland.com\/fi\/tuotteet\/kasviuutteet\/mustaherukkauute\/\" \/>\n<meta property=\"og:site_name\" content=\"NATURAL POLAND - RAAKA-AINEIDEN TUKKUJAKELIJA\" \/>\n<meta property=\"article:publisher\" content=\"https:\/\/www.facebook.com\/naturalpoland.b2b\" \/>\n<meta property=\"og:image\" content=\"https:\/\/naturalpoland.com\/wp-content\/uploads\/ekstrakt-z-czarnej-porzeczki.webp\" \/>\n\t<meta property=\"og:image:width\" content=\"1024\" \/>\n\t<meta property=\"og:image:height\" content=\"1024\" \/>\n\t<meta property=\"og:image:type\" content=\"image\/webp\" \/>\n<script type=\"application\/ld+json\" class=\"yoast-schema-graph\">{\"@context\":\"https:\\\/\\\/schema.org\",\"@graph\":[{\"@type\":\"WebPage\",\"@id\":\"https:\\\/\\\/naturalpoland.com\\\/fi\\\/tuotteet\\\/kasviuutteet\\\/mustaherukkauute\\\/\",\"url\":\"https:\\\/\\\/naturalpoland.com\\\/fi\\\/tuotteet\\\/kasviuutteet\\\/mustaherukkauute\\\/\",\"name\":\"Mustaherukkauute - Tukkudistribuutio\",\"isPartOf\":{\"@id\":\"https:\\\/\\\/naturalpoland.com\\\/fi\\\/#website\"},\"primaryImageOfPage\":{\"@id\":\"https:\\\/\\\/naturalpoland.com\\\/fi\\\/tuotteet\\\/kasviuutteet\\\/mustaherukkauute\\\/#primaryimage\"},\"image\":{\"@id\":\"https:\\\/\\\/naturalpoland.com\\\/fi\\\/tuotteet\\\/kasviuutteet\\\/mustaherukkauute\\\/#primaryimage\"},\"thumbnailUrl\":\"https:\\\/\\\/naturalpoland.com\\\/wp-content\\\/uploads\\\/ekstrakt-z-czarnej-porzeczki.webp\",\"datePublished\":\"2025-05-29T13:52:40+00:00\",\"description\":\"Mustaherukkauute on luonnollinen kasviuute, jolla on poikkeuksellisia terveytt\u00e4 edist\u00e4vi\u00e4 ominaisuuksia ja jota saadaan Ribes nigrum L:n lehdist\u00e4.\",\"breadcrumb\":{\"@id\":\"https:\\\/\\\/naturalpoland.com\\\/fi\\\/tuotteet\\\/kasviuutteet\\\/mustaherukkauute\\\/#breadcrumb\"},\"inLanguage\":\"fi\",\"potentialAction\":[{\"@type\":\"ReadAction\",\"target\":[\"https:\\\/\\\/naturalpoland.com\\\/fi\\\/tuotteet\\\/kasviuutteet\\\/mustaherukkauute\\\/\"]}]},{\"@type\":\"ImageObject\",\"inLanguage\":\"fi\",\"@id\":\"https:\\\/\\\/naturalpoland.com\\\/fi\\\/tuotteet\\\/kasviuutteet\\\/mustaherukkauute\\\/#primaryimage\",\"url\":\"https:\\\/\\\/naturalpoland.com\\\/wp-content\\\/uploads\\\/ekstrakt-z-czarnej-porzeczki.webp\",\"contentUrl\":\"https:\\\/\\\/naturalpoland.com\\\/wp-content\\\/uploads\\\/ekstrakt-z-czarnej-porzeczki.webp\",\"width\":1024,\"height\":1024,\"caption\":\"ekstrakt z czarnej porzeczki\"},{\"@type\":\"BreadcrumbList\",\"@id\":\"https:\\\/\\\/naturalpoland.com\\\/fi\\\/tuotteet\\\/kasviuutteet\\\/mustaherukkauute\\\/#breadcrumb\",\"itemListElement\":[{\"@type\":\"ListItem\",\"position\":1,\"name\":\"Etusivu\",\"item\":\"https:\\\/\\\/naturalpoland.com\\\/fi\\\/\"},{\"@type\":\"ListItem\",\"position\":2,\"name\":\"Tuotteet\",\"item\":\"https:\\\/\\\/naturalpoland.com\\\/fi\\\/tuotteet\\\/\"},{\"@type\":\"ListItem\",\"position\":3,\"name\":\"Mustaherukkauute\"}]},{\"@type\":\"WebSite\",\"@id\":\"https:\\\/\\\/naturalpoland.com\\\/fi\\\/#website\",\"url\":\"https:\\\/\\\/naturalpoland.com\\\/fi\\\/\",\"name\":\"NATURAL POLAND - RAAKA-AINEIDEN TUKKUJAKELIJA\",\"description\":\"Surowce dla przemys\u0142u spo\u017cywczego, kosmetycznego i farmaceutycznego\",\"publisher\":{\"@id\":\"https:\\\/\\\/naturalpoland.com\\\/fi\\\/#organization\"},\"potentialAction\":[{\"@type\":\"SearchAction\",\"target\":{\"@type\":\"EntryPoint\",\"urlTemplate\":\"https:\\\/\\\/naturalpoland.com\\\/fi\\\/?s={search_term_string}\"},\"query-input\":{\"@type\":\"PropertyValueSpecification\",\"valueRequired\":true,\"valueName\":\"search_term_string\"}}],\"inLanguage\":\"fi\"},{\"@type\":\"Organization\",\"@id\":\"https:\\\/\\\/naturalpoland.com\\\/fi\\\/#organization\",\"name\":\"Natural Poland\",\"url\":\"https:\\\/\\\/naturalpoland.com\\\/fi\\\/\",\"logo\":{\"@type\":\"ImageObject\",\"inLanguage\":\"fi\",\"@id\":\"https:\\\/\\\/naturalpoland.com\\\/fi\\\/#\\\/schema\\\/logo\\\/image\\\/\",\"url\":\"https:\\\/\\\/naturalpoland.com\\\/wp-content\\\/uploads\\\/2021\\\/05\\\/natural-poland-icon.png\",\"contentUrl\":\"https:\\\/\\\/naturalpoland.com\\\/wp-content\\\/uploads\\\/2021\\\/05\\\/natural-poland-icon.png\",\"width\":512,\"height\":512,\"caption\":\"Natural Poland\"},\"image\":{\"@id\":\"https:\\\/\\\/naturalpoland.com\\\/fi\\\/#\\\/schema\\\/logo\\\/image\\\/\"},\"sameAs\":[\"https:\\\/\\\/www.facebook.com\\\/naturalpoland.b2b\",\"https:\\\/\\\/pl.linkedin.com\\\/company\\\/natural-poland\",\"https:\\\/\\\/www.youtube.com\\\/channel\\\/UCgeGGkvOMahZo-xu_MSEWxg\"]}]}<\/script>\n<!-- \/ Yoast SEO plugin. -->","yoast_head_json":{"title":"Mustaherukkauute - Tukkudistribuutio","description":"Mustaherukkauute on luonnollinen kasviuute, jolla on poikkeuksellisia terveytt\u00e4 edist\u00e4vi\u00e4 ominaisuuksia ja jota saadaan Ribes nigrum L:n lehdist\u00e4.","robots":{"index":"index","follow":"follow","max-snippet":"max-snippet:-1","max-image-preview":"max-image-preview:large","max-video-preview":"max-video-preview:-1"},"canonical":"https:\/\/naturalpoland.com\/fi\/tuotteet\/kasviuutteet\/mustaherukkauute\/","og_locale":"fi_FI","og_type":"article","og_title":"Mustaherukkauute - Tukkudistribuutio","og_description":"Mustaherukkauute on luonnollinen kasviuute, jolla on poikkeuksellisia terveytt\u00e4 edist\u00e4vi\u00e4 ominaisuuksia ja jota saadaan Ribes nigrum L:n lehdist\u00e4.","og_url":"https:\/\/naturalpoland.com\/fi\/tuotteet\/kasviuutteet\/mustaherukkauute\/","og_site_name":"NATURAL POLAND - RAAKA-AINEIDEN TUKKUJAKELIJA","article_publisher":"https:\/\/www.facebook.com\/naturalpoland.b2b","og_image":[{"width":1024,"height":1024,"url":"https:\/\/naturalpoland.com\/wp-content\/uploads\/ekstrakt-z-czarnej-porzeczki.webp","type":"image\/webp"}],"schema":{"@context":"https:\/\/schema.org","@graph":[{"@type":"WebPage","@id":"https:\/\/naturalpoland.com\/fi\/tuotteet\/kasviuutteet\/mustaherukkauute\/","url":"https:\/\/naturalpoland.com\/fi\/tuotteet\/kasviuutteet\/mustaherukkauute\/","name":"Mustaherukkauute - Tukkudistribuutio","isPartOf":{"@id":"https:\/\/naturalpoland.com\/fi\/#website"},"primaryImageOfPage":{"@id":"https:\/\/naturalpoland.com\/fi\/tuotteet\/kasviuutteet\/mustaherukkauute\/#primaryimage"},"image":{"@id":"https:\/\/naturalpoland.com\/fi\/tuotteet\/kasviuutteet\/mustaherukkauute\/#primaryimage"},"thumbnailUrl":"https:\/\/naturalpoland.com\/wp-content\/uploads\/ekstrakt-z-czarnej-porzeczki.webp","datePublished":"2025-05-29T13:52:40+00:00","description":"Mustaherukkauute on luonnollinen kasviuute, jolla on poikkeuksellisia terveytt\u00e4 edist\u00e4vi\u00e4 ominaisuuksia ja jota saadaan Ribes nigrum L:n lehdist\u00e4.","breadcrumb":{"@id":"https:\/\/naturalpoland.com\/fi\/tuotteet\/kasviuutteet\/mustaherukkauute\/#breadcrumb"},"inLanguage":"fi","potentialAction":[{"@type":"ReadAction","target":["https:\/\/naturalpoland.com\/fi\/tuotteet\/kasviuutteet\/mustaherukkauute\/"]}]},{"@type":"ImageObject","inLanguage":"fi","@id":"https:\/\/naturalpoland.com\/fi\/tuotteet\/kasviuutteet\/mustaherukkauute\/#primaryimage","url":"https:\/\/naturalpoland.com\/wp-content\/uploads\/ekstrakt-z-czarnej-porzeczki.webp","contentUrl":"https:\/\/naturalpoland.com\/wp-content\/uploads\/ekstrakt-z-czarnej-porzeczki.webp","width":1024,"height":1024,"caption":"ekstrakt z czarnej porzeczki"},{"@type":"BreadcrumbList","@id":"https:\/\/naturalpoland.com\/fi\/tuotteet\/kasviuutteet\/mustaherukkauute\/#breadcrumb","itemListElement":[{"@type":"ListItem","position":1,"name":"Etusivu","item":"https:\/\/naturalpoland.com\/fi\/"},{"@type":"ListItem","position":2,"name":"Tuotteet","item":"https:\/\/naturalpoland.com\/fi\/tuotteet\/"},{"@type":"ListItem","position":3,"name":"Mustaherukkauute"}]},{"@type":"WebSite","@id":"https:\/\/naturalpoland.com\/fi\/#website","url":"https:\/\/naturalpoland.com\/fi\/","name":"NATURAL POLAND - RAAKA-AINEIDEN TUKKUJAKELIJA","description":"Surowce dla przemys\u0142u spo\u017cywczego, kosmetycznego i farmaceutycznego","publisher":{"@id":"https:\/\/naturalpoland.com\/fi\/#organization"},"potentialAction":[{"@type":"SearchAction","target":{"@type":"EntryPoint","urlTemplate":"https:\/\/naturalpoland.com\/fi\/?s={search_term_string}"},"query-input":{"@type":"PropertyValueSpecification","valueRequired":true,"valueName":"search_term_string"}}],"inLanguage":"fi"},{"@type":"Organization","@id":"https:\/\/naturalpoland.com\/fi\/#organization","name":"Natural Poland","url":"https:\/\/naturalpoland.com\/fi\/","logo":{"@type":"ImageObject","inLanguage":"fi","@id":"https:\/\/naturalpoland.com\/fi\/#\/schema\/logo\/image\/","url":"https:\/\/naturalpoland.com\/wp-content\/uploads\/2021\/05\/natural-poland-icon.png","contentUrl":"https:\/\/naturalpoland.com\/wp-content\/uploads\/2021\/05\/natural-poland-icon.png","width":512,"height":512,"caption":"Natural Poland"},"image":{"@id":"https:\/\/naturalpoland.com\/fi\/#\/schema\/logo\/image\/"},"sameAs":["https:\/\/www.facebook.com\/naturalpoland.b2b","https:\/\/pl.linkedin.com\/company\/natural-poland","https:\/\/www.youtube.com\/channel\/UCgeGGkvOMahZo-xu_MSEWxg"]}]}},"_links":{"self":[{"href":"https:\/\/naturalpoland.com\/fi\/wp-json\/wp\/v2\/product\/41291","targetHints":{"allow":["GET"]}}],"collection":[{"href":"https:\/\/naturalpoland.com\/fi\/wp-json\/wp\/v2\/product"}],"about":[{"href":"https:\/\/naturalpoland.com\/fi\/wp-json\/wp\/v2\/types\/product"}],"wp:featuredmedia":[{"embeddable":true,"href":"https:\/\/naturalpoland.com\/fi\/wp-json\/wp\/v2\/media\/41199"}],"wp:attachment":[{"href":"https:\/\/naturalpoland.com\/fi\/wp-json\/wp\/v2\/media?parent=41291"}],"wp:term":[{"taxonomy":"product_brand","embeddable":true,"href":"https:\/\/naturalpoland.com\/fi\/wp-json\/wp\/v2\/product_brand?post=41291"},{"taxonomy":"product_cat","embeddable":true,"href":"https:\/\/naturalpoland.com\/fi\/wp-json\/wp\/v2\/product_cat?post=41291"},{"taxonomy":"product_tag","embeddable":true,"href":"https:\/\/naturalpoland.com\/fi\/wp-json\/wp\/v2\/product_tag?post=41291"}],"curies":[{"name":"wp","href":"https:\/\/api.w.org\/{rel}","templated":true}]}}