{"id":41726,"date":"2025-06-12T14:38:24","date_gmt":"2025-06-12T12:38:24","guid":{"rendered":"https:\/\/naturalpoland.com\/produkty\/Ei-luokiteltu\/ekstrakt-z-tarczycy-bajkalskiej\/"},"modified":"2025-07-01T13:40:30","modified_gmt":"2025-07-01T11:40:30","slug":"ekstrakt-z-tarczycy-bajkalskiej","status":"publish","type":"product","link":"https:\/\/naturalpoland.com\/fi\/tuotteet\/kasviuutteet\/ekstrakt-z-tarczycy-bajkalskiej\/","title":{"rendered":"Baikalin kilpirauhasen uute"},"content":{"rendered":"<h2>Scutellaria baicalensis -uutteen ominaisuudet<\/h2>\n<p>Ote on vaaleankeltaisesta ruskeankeltaiseen vaihtelevan jauheen muodossa. Se liukenee veteen ja etanoliin ja sis\u00e4lt\u00e4\u00e4 my\u00f6s maltodekstriini\u00e4 kantaja-aineena. <\/p>\n<p>Raaka-aineella on neuroprotektiivisia, antiviraalisia, antimikrobisia ja antiallergisia vaikutuksia. T\u00e4rkein vaikuttava ainesosa, <strong>baikalaiini<\/strong>, osoittaa kyky\u00e4 neutraloida vapaita radikaaleja ja suojata DNA:ta hapettumisstressilt\u00e4. Aine tukee my\u00f6s tulehdusprosessien s\u00e4\u00e4tely\u00e4, mink\u00e4 vuoksi sit\u00e4 k\u00e4ytet\u00e4\u00e4n immuunij\u00e4rjestelm\u00e4lle, hermostolle ja syd\u00e4n- ja verisuonij\u00e4rjestelm\u00e4lle tarkoitetuissa ravintolisiss\u00e4. Tutkimukset osoittavat my\u00f6s sen potentiaalia allergioiden ja infektioiden oireiden v\u00e4hent\u00e4misess\u00e4 sek\u00e4 kroonisten sairauksien hoidon lis\u00e4n\u00e4.  <\/p>\n<h2>Baikalin kilpirauhasuutteen k\u00e4ytt\u00f6<\/h2>\n<p>Uutetta k\u00e4ytet\u00e4\u00e4n p\u00e4\u00e4asiassa ravintolisiss\u00e4, luonnonl\u00e4\u00e4kkeiss\u00e4 ja ik\u00e4\u00e4ntymist\u00e4 ehk\u00e4isev\u00e4ss\u00e4 kosmetiikassa. Rauhoittavien ja antioksidanttisten vaikutustensa vuoksi sit\u00e4 k\u00e4ytet\u00e4\u00e4n toisinaan valmisteissa, jotka on tarkoitettu herk\u00e4lle iholle, \u00e4rtyneelle iholle tai ymp\u00e4rist\u00f6stressille alttiille iholle. Laajan vaikutusspektrinsa ja luonnollisen alkuper\u00e4ns\u00e4 ansiosta uute on kasvattamassa suosiotaan elimist\u00f6n tukena tilanteissa, joissa immuunipuolustuksen ja solujen uudistumisen tarve on lis\u00e4\u00e4ntynyt.  <\/p>\n","protected":false},"excerpt":{"rendered":"<p><strong data-start=\"0\" data-end=\"61\">Baikal Thyroid (<em>Scutellaria baicalensis<\/em>) -uutetta<\/strong> saadaan t\u00e4m\u00e4n perinteisesti kiinalaisessa l\u00e4\u00e4ketieteess\u00e4 k\u00e4ytetyn kasvin juuresta. Ote on standardoitu sis\u00e4lt\u00e4m\u00e4\u00e4n <strong>baikaliinia<\/strong>, jolla on voimakkaita tulehdusta ehk\u00e4isevi\u00e4, antioksidanttisia ja immuunij\u00e4rjestelm\u00e4\u00e4 tukevia vaikutuksia. <\/p>\n","protected":false},"featured_media":41486,"template":"","meta":[],"product_brand":[],"product_cat":[528],"product_tag":[],"class_list":{"0":"post-41726","1":"product","2":"type-product","3":"status-publish","4":"has-post-thumbnail","6":"product_cat-kasviuutteet","7":"pa_czesc-rosliny-root-fi","8":"pa_skladnik-aktywny-bykaline","10":"first","11":"instock","12":"shipping-taxable","13":"product-type-simple"},"yoast_head":"<!-- This site is optimized with the Yoast SEO plugin v27.3 - https:\/\/yoast.com\/product\/yoast-seo-wordpress\/ -->\n<title>Baikalin kilpirauhasen uute - Tukkudistribuutio<\/title>\n<meta name=\"description\" content=\"Baikalin kilpirauhasuute (Scutellaria baicalensis) on kiinalaisessa l\u00e4\u00e4ketieteess\u00e4 perinteisesti k\u00e4ytetyn kasvin juuresta saatu raaka-aine.\" \/>\n<meta name=\"robots\" content=\"index, follow, max-snippet:-1, max-image-preview:large, max-video-preview:-1\" \/>\n<link rel=\"canonical\" href=\"https:\/\/naturalpoland.com\/fi\/tuotteet\/kasviuutteet\/ekstrakt-z-tarczycy-bajkalskiej\/\" \/>\n<meta property=\"og:locale\" content=\"fi_FI\" \/>\n<meta property=\"og:type\" content=\"article\" \/>\n<meta property=\"og:title\" content=\"Baikalin kilpirauhasen uute - Tukkudistribuutio\" \/>\n<meta property=\"og:description\" content=\"Baikalin kilpirauhasuute (Scutellaria baicalensis) on kiinalaisessa l\u00e4\u00e4ketieteess\u00e4 perinteisesti k\u00e4ytetyn kasvin juuresta saatu raaka-aine.\" \/>\n<meta property=\"og:url\" content=\"https:\/\/naturalpoland.com\/fi\/tuotteet\/kasviuutteet\/ekstrakt-z-tarczycy-bajkalskiej\/\" \/>\n<meta property=\"og:site_name\" content=\"NATURAL POLAND - RAAKA-AINEIDEN TUKKUJAKELIJA\" \/>\n<meta property=\"article:publisher\" content=\"https:\/\/www.facebook.com\/naturalpoland.b2b\" \/>\n<meta property=\"article:modified_time\" content=\"2025-07-01T11:40:30+00:00\" \/>\n<meta property=\"og:image\" content=\"https:\/\/naturalpoland.com\/wp-content\/uploads\/ekstrakt-z-tarczycy-bajkalskiej.webp\" \/>\n\t<meta property=\"og:image:width\" content=\"1024\" \/>\n\t<meta property=\"og:image:height\" content=\"1024\" \/>\n\t<meta property=\"og:image:type\" content=\"image\/webp\" \/>\n<script type=\"application\/ld+json\" class=\"yoast-schema-graph\">{\"@context\":\"https:\\\/\\\/schema.org\",\"@graph\":[{\"@type\":\"WebPage\",\"@id\":\"https:\\\/\\\/naturalpoland.com\\\/fi\\\/tuotteet\\\/kasviuutteet\\\/ekstrakt-z-tarczycy-bajkalskiej\\\/\",\"url\":\"https:\\\/\\\/naturalpoland.com\\\/fi\\\/tuotteet\\\/kasviuutteet\\\/ekstrakt-z-tarczycy-bajkalskiej\\\/\",\"name\":\"Baikalin kilpirauhasen uute - Tukkudistribuutio\",\"isPartOf\":{\"@id\":\"https:\\\/\\\/naturalpoland.com\\\/fi\\\/#website\"},\"primaryImageOfPage\":{\"@id\":\"https:\\\/\\\/naturalpoland.com\\\/fi\\\/tuotteet\\\/kasviuutteet\\\/ekstrakt-z-tarczycy-bajkalskiej\\\/#primaryimage\"},\"image\":{\"@id\":\"https:\\\/\\\/naturalpoland.com\\\/fi\\\/tuotteet\\\/kasviuutteet\\\/ekstrakt-z-tarczycy-bajkalskiej\\\/#primaryimage\"},\"thumbnailUrl\":\"https:\\\/\\\/naturalpoland.com\\\/wp-content\\\/uploads\\\/ekstrakt-z-tarczycy-bajkalskiej.webp\",\"datePublished\":\"2025-06-12T12:38:24+00:00\",\"dateModified\":\"2025-07-01T11:40:30+00:00\",\"description\":\"Baikalin kilpirauhasuute (Scutellaria baicalensis) on kiinalaisessa l\u00e4\u00e4ketieteess\u00e4 perinteisesti k\u00e4ytetyn kasvin juuresta saatu raaka-aine.\",\"breadcrumb\":{\"@id\":\"https:\\\/\\\/naturalpoland.com\\\/fi\\\/tuotteet\\\/kasviuutteet\\\/ekstrakt-z-tarczycy-bajkalskiej\\\/#breadcrumb\"},\"inLanguage\":\"fi\",\"potentialAction\":[{\"@type\":\"ReadAction\",\"target\":[\"https:\\\/\\\/naturalpoland.com\\\/fi\\\/tuotteet\\\/kasviuutteet\\\/ekstrakt-z-tarczycy-bajkalskiej\\\/\"]}]},{\"@type\":\"ImageObject\",\"inLanguage\":\"fi\",\"@id\":\"https:\\\/\\\/naturalpoland.com\\\/fi\\\/tuotteet\\\/kasviuutteet\\\/ekstrakt-z-tarczycy-bajkalskiej\\\/#primaryimage\",\"url\":\"https:\\\/\\\/naturalpoland.com\\\/wp-content\\\/uploads\\\/ekstrakt-z-tarczycy-bajkalskiej.webp\",\"contentUrl\":\"https:\\\/\\\/naturalpoland.com\\\/wp-content\\\/uploads\\\/ekstrakt-z-tarczycy-bajkalskiej.webp\",\"width\":1024,\"height\":1024,\"caption\":\"Ekstrakt z tarczycy bajkalskiej\"},{\"@type\":\"BreadcrumbList\",\"@id\":\"https:\\\/\\\/naturalpoland.com\\\/fi\\\/tuotteet\\\/kasviuutteet\\\/ekstrakt-z-tarczycy-bajkalskiej\\\/#breadcrumb\",\"itemListElement\":[{\"@type\":\"ListItem\",\"position\":1,\"name\":\"Etusivu\",\"item\":\"https:\\\/\\\/naturalpoland.com\\\/fi\\\/\"},{\"@type\":\"ListItem\",\"position\":2,\"name\":\"Tuotteet\",\"item\":\"https:\\\/\\\/naturalpoland.com\\\/fi\\\/tuotteet\\\/\"},{\"@type\":\"ListItem\",\"position\":3,\"name\":\"Baikalin kilpirauhasen uute\"}]},{\"@type\":\"WebSite\",\"@id\":\"https:\\\/\\\/naturalpoland.com\\\/fi\\\/#website\",\"url\":\"https:\\\/\\\/naturalpoland.com\\\/fi\\\/\",\"name\":\"NATURAL POLAND - RAAKA-AINEIDEN TUKKUJAKELIJA\",\"description\":\"Surowce dla przemys\u0142u spo\u017cywczego, kosmetycznego i farmaceutycznego\",\"publisher\":{\"@id\":\"https:\\\/\\\/naturalpoland.com\\\/fi\\\/#organization\"},\"potentialAction\":[{\"@type\":\"SearchAction\",\"target\":{\"@type\":\"EntryPoint\",\"urlTemplate\":\"https:\\\/\\\/naturalpoland.com\\\/fi\\\/?s={search_term_string}\"},\"query-input\":{\"@type\":\"PropertyValueSpecification\",\"valueRequired\":true,\"valueName\":\"search_term_string\"}}],\"inLanguage\":\"fi\"},{\"@type\":\"Organization\",\"@id\":\"https:\\\/\\\/naturalpoland.com\\\/fi\\\/#organization\",\"name\":\"Natural Poland\",\"url\":\"https:\\\/\\\/naturalpoland.com\\\/fi\\\/\",\"logo\":{\"@type\":\"ImageObject\",\"inLanguage\":\"fi\",\"@id\":\"https:\\\/\\\/naturalpoland.com\\\/fi\\\/#\\\/schema\\\/logo\\\/image\\\/\",\"url\":\"https:\\\/\\\/naturalpoland.com\\\/wp-content\\\/uploads\\\/2021\\\/05\\\/natural-poland-icon.png\",\"contentUrl\":\"https:\\\/\\\/naturalpoland.com\\\/wp-content\\\/uploads\\\/2021\\\/05\\\/natural-poland-icon.png\",\"width\":512,\"height\":512,\"caption\":\"Natural Poland\"},\"image\":{\"@id\":\"https:\\\/\\\/naturalpoland.com\\\/fi\\\/#\\\/schema\\\/logo\\\/image\\\/\"},\"sameAs\":[\"https:\\\/\\\/www.facebook.com\\\/naturalpoland.b2b\",\"https:\\\/\\\/pl.linkedin.com\\\/company\\\/natural-poland\",\"https:\\\/\\\/www.youtube.com\\\/channel\\\/UCgeGGkvOMahZo-xu_MSEWxg\"]}]}<\/script>\n<!-- \/ Yoast SEO plugin. -->","yoast_head_json":{"title":"Baikalin kilpirauhasen uute - Tukkudistribuutio","description":"Baikalin kilpirauhasuute (Scutellaria baicalensis) on kiinalaisessa l\u00e4\u00e4ketieteess\u00e4 perinteisesti k\u00e4ytetyn kasvin juuresta saatu raaka-aine.","robots":{"index":"index","follow":"follow","max-snippet":"max-snippet:-1","max-image-preview":"max-image-preview:large","max-video-preview":"max-video-preview:-1"},"canonical":"https:\/\/naturalpoland.com\/fi\/tuotteet\/kasviuutteet\/ekstrakt-z-tarczycy-bajkalskiej\/","og_locale":"fi_FI","og_type":"article","og_title":"Baikalin kilpirauhasen uute - Tukkudistribuutio","og_description":"Baikalin kilpirauhasuute (Scutellaria baicalensis) on kiinalaisessa l\u00e4\u00e4ketieteess\u00e4 perinteisesti k\u00e4ytetyn kasvin juuresta saatu raaka-aine.","og_url":"https:\/\/naturalpoland.com\/fi\/tuotteet\/kasviuutteet\/ekstrakt-z-tarczycy-bajkalskiej\/","og_site_name":"NATURAL POLAND - RAAKA-AINEIDEN TUKKUJAKELIJA","article_publisher":"https:\/\/www.facebook.com\/naturalpoland.b2b","article_modified_time":"2025-07-01T11:40:30+00:00","og_image":[{"width":1024,"height":1024,"url":"https:\/\/naturalpoland.com\/wp-content\/uploads\/ekstrakt-z-tarczycy-bajkalskiej.webp","type":"image\/webp"}],"schema":{"@context":"https:\/\/schema.org","@graph":[{"@type":"WebPage","@id":"https:\/\/naturalpoland.com\/fi\/tuotteet\/kasviuutteet\/ekstrakt-z-tarczycy-bajkalskiej\/","url":"https:\/\/naturalpoland.com\/fi\/tuotteet\/kasviuutteet\/ekstrakt-z-tarczycy-bajkalskiej\/","name":"Baikalin kilpirauhasen uute - Tukkudistribuutio","isPartOf":{"@id":"https:\/\/naturalpoland.com\/fi\/#website"},"primaryImageOfPage":{"@id":"https:\/\/naturalpoland.com\/fi\/tuotteet\/kasviuutteet\/ekstrakt-z-tarczycy-bajkalskiej\/#primaryimage"},"image":{"@id":"https:\/\/naturalpoland.com\/fi\/tuotteet\/kasviuutteet\/ekstrakt-z-tarczycy-bajkalskiej\/#primaryimage"},"thumbnailUrl":"https:\/\/naturalpoland.com\/wp-content\/uploads\/ekstrakt-z-tarczycy-bajkalskiej.webp","datePublished":"2025-06-12T12:38:24+00:00","dateModified":"2025-07-01T11:40:30+00:00","description":"Baikalin kilpirauhasuute (Scutellaria baicalensis) on kiinalaisessa l\u00e4\u00e4ketieteess\u00e4 perinteisesti k\u00e4ytetyn kasvin juuresta saatu raaka-aine.","breadcrumb":{"@id":"https:\/\/naturalpoland.com\/fi\/tuotteet\/kasviuutteet\/ekstrakt-z-tarczycy-bajkalskiej\/#breadcrumb"},"inLanguage":"fi","potentialAction":[{"@type":"ReadAction","target":["https:\/\/naturalpoland.com\/fi\/tuotteet\/kasviuutteet\/ekstrakt-z-tarczycy-bajkalskiej\/"]}]},{"@type":"ImageObject","inLanguage":"fi","@id":"https:\/\/naturalpoland.com\/fi\/tuotteet\/kasviuutteet\/ekstrakt-z-tarczycy-bajkalskiej\/#primaryimage","url":"https:\/\/naturalpoland.com\/wp-content\/uploads\/ekstrakt-z-tarczycy-bajkalskiej.webp","contentUrl":"https:\/\/naturalpoland.com\/wp-content\/uploads\/ekstrakt-z-tarczycy-bajkalskiej.webp","width":1024,"height":1024,"caption":"Ekstrakt z tarczycy bajkalskiej"},{"@type":"BreadcrumbList","@id":"https:\/\/naturalpoland.com\/fi\/tuotteet\/kasviuutteet\/ekstrakt-z-tarczycy-bajkalskiej\/#breadcrumb","itemListElement":[{"@type":"ListItem","position":1,"name":"Etusivu","item":"https:\/\/naturalpoland.com\/fi\/"},{"@type":"ListItem","position":2,"name":"Tuotteet","item":"https:\/\/naturalpoland.com\/fi\/tuotteet\/"},{"@type":"ListItem","position":3,"name":"Baikalin kilpirauhasen uute"}]},{"@type":"WebSite","@id":"https:\/\/naturalpoland.com\/fi\/#website","url":"https:\/\/naturalpoland.com\/fi\/","name":"NATURAL POLAND - RAAKA-AINEIDEN TUKKUJAKELIJA","description":"Surowce dla przemys\u0142u spo\u017cywczego, kosmetycznego i farmaceutycznego","publisher":{"@id":"https:\/\/naturalpoland.com\/fi\/#organization"},"potentialAction":[{"@type":"SearchAction","target":{"@type":"EntryPoint","urlTemplate":"https:\/\/naturalpoland.com\/fi\/?s={search_term_string}"},"query-input":{"@type":"PropertyValueSpecification","valueRequired":true,"valueName":"search_term_string"}}],"inLanguage":"fi"},{"@type":"Organization","@id":"https:\/\/naturalpoland.com\/fi\/#organization","name":"Natural Poland","url":"https:\/\/naturalpoland.com\/fi\/","logo":{"@type":"ImageObject","inLanguage":"fi","@id":"https:\/\/naturalpoland.com\/fi\/#\/schema\/logo\/image\/","url":"https:\/\/naturalpoland.com\/wp-content\/uploads\/2021\/05\/natural-poland-icon.png","contentUrl":"https:\/\/naturalpoland.com\/wp-content\/uploads\/2021\/05\/natural-poland-icon.png","width":512,"height":512,"caption":"Natural Poland"},"image":{"@id":"https:\/\/naturalpoland.com\/fi\/#\/schema\/logo\/image\/"},"sameAs":["https:\/\/www.facebook.com\/naturalpoland.b2b","https:\/\/pl.linkedin.com\/company\/natural-poland","https:\/\/www.youtube.com\/channel\/UCgeGGkvOMahZo-xu_MSEWxg"]}]}},"_links":{"self":[{"href":"https:\/\/naturalpoland.com\/fi\/wp-json\/wp\/v2\/product\/41726","targetHints":{"allow":["GET"]}}],"collection":[{"href":"https:\/\/naturalpoland.com\/fi\/wp-json\/wp\/v2\/product"}],"about":[{"href":"https:\/\/naturalpoland.com\/fi\/wp-json\/wp\/v2\/types\/product"}],"wp:featuredmedia":[{"embeddable":true,"href":"https:\/\/naturalpoland.com\/fi\/wp-json\/wp\/v2\/media\/41486"}],"wp:attachment":[{"href":"https:\/\/naturalpoland.com\/fi\/wp-json\/wp\/v2\/media?parent=41726"}],"wp:term":[{"taxonomy":"product_brand","embeddable":true,"href":"https:\/\/naturalpoland.com\/fi\/wp-json\/wp\/v2\/product_brand?post=41726"},{"taxonomy":"product_cat","embeddable":true,"href":"https:\/\/naturalpoland.com\/fi\/wp-json\/wp\/v2\/product_cat?post=41726"},{"taxonomy":"product_tag","embeddable":true,"href":"https:\/\/naturalpoland.com\/fi\/wp-json\/wp\/v2\/product_tag?post=41726"}],"curies":[{"name":"wp","href":"https:\/\/api.w.org\/{rel}","templated":true}]}}