{"id":41730,"date":"2025-07-01T13:39:07","date_gmt":"2025-07-01T11:39:07","guid":{"rendered":"https:\/\/naturalpoland.com\/produkty\/Ei-luokiteltu\/niebieska-spirulina\/"},"modified":"2025-07-01T13:40:52","modified_gmt":"2025-07-01T11:40:52","slug":"niebieska-spirulina","status":"publish","type":"product","link":"https:\/\/naturalpoland.com\/fi\/tuotteet\/elintarviketeollisuuden-tuotteet\/raaka-aineet-tuotantoon\/niebieska-spirulina\/","title":{"rendered":"Sininen spirulina"},"content":{"rendered":"<h2>Sinisen spirulinan muunnokset (fykosyaniini):<\/h2>\n<p><strong>E6 &#8211; noin 6 % fykosyaniinia (alhainen puhtausaste): <\/strong><br \/>\nT\u00e4m\u00e4 on sinisen spirulinauutteen perustasoa, v\u00e4riainepitoisuus on alhaisin ja puhtaus alhaisempi. Ihanteellinen sovelluksiin, joissa v\u00e4rin voimakkuus ei ole ratkaisevan t\u00e4rke\u00e4\u00e4 &#8211; kuten edullisissa ravintolisiss\u00e4, henkil\u00f6kohtaisissa hoitotuotteissa ja elintarvikkeissa, joissa v\u00e4rivaatimukset ovat v\u00e4h\u00e4iset. Taloudellinen vaihtoehto valmistajille, jotka etsiv\u00e4t luonnollista v\u00e4rilis\u00e4ainetta.  <\/p>\n<p><strong>E18 &#8211; noin 18 % fykosyaniinia (keskipuhdas): <\/strong><br \/>\nV\u00e4limuoto, jota k\u00e4ytet\u00e4\u00e4n luonnollisena elintarvikev\u00e4riaineena sek\u00e4 kosmetiikan ja ravintolisien lis\u00e4aineena. Sen v\u00e4ri on intensiivisempi kuin E6:n, mutta sen hinta on edullinen. Se sopii hyvin sovelluksiin, joissa halutaan kirkas mutta ei v\u00e4ltt\u00e4m\u00e4tt\u00e4 maksimaalista v\u00e4ri\u00e4 tai antioksidanttivaikutusta.  <\/p>\n<p><strong>E25 &#8211; noin 25 % fykosyaniinia (eritt\u00e4in puhdasta): <\/strong><br \/>\nTuote, jolla on korkea v\u00e4ripitoisuus ja puhtaus ja jota k\u00e4ytet\u00e4\u00e4n ravitsemusl\u00e4\u00e4kkeiss\u00e4, funktionaalisissa elintarvikkeissa ja korkealaatuisessa kosmetiikassa. Korkeamman fykosyaniinipitoisuuden ansiosta sill\u00e4 on voimakkaampi antioksidanttivaikutus ja parempi v\u00e4rin pysyvyys. Se on suosittu valinta seerumeihin, naamioihin, voiteisiin ja korkealaatuisiin lis\u00e4ravinteisiin.  <\/p>\n<p><strong>E40 &#8211; noin 40 % fykosyaniinia (eritt\u00e4in korkea puhtausaste): <\/strong><br \/>\nPuhtain ja v\u00e4kevin muunnos. Suunniteltu ensiluokkaisiin sovelluksiin &#8211; anti-aging-kosmetiikkaan, farmaseuttisiin tuotteisiin, ylellisyyslis\u00e4ravinteisiin ja ravitsemusl\u00e4\u00e4kkeisiin. Antaa voimakkaimman v\u00e4rin ja korkeimman antioksidanttivaikutuksen. Se on kaikista saatavilla olevista vaihtoehdoista vakain ja tehokkain.   <\/p>\n","protected":false},"excerpt":{"rendered":"<p><strong>Sininen spirulina<\/strong>, joka tunnetaan my\u00f6s nimell\u00e4 <strong>fykosyaniini<\/strong>, on syanobakteereista (spirulina) uutettu luonnollinen sininen pigmentti. Se on voimakas antioksidantti ja funktionaalinen ainesosa elintarvike-, ravintolis\u00e4- ja kosmetiikkasovelluksiin. <\/p>\n","protected":false},"featured_media":41783,"template":"","meta":{"_acf_changed":false},"product_brand":[],"product_cat":[7792,535,547],"product_tag":[],"class_list":{"0":"post-41730","1":"product","2":"type-product","3":"status-publish","4":"has-post-thumbnail","6":"product_cat-kosmeettiset-variaineet","7":"product_cat-ravintolisien-ainesosat","8":"product_cat-raaka-aineet-tuotantoon","10":"first","11":"instock","12":"shipping-taxable","13":"product-type-simple"},"acf":[],"yoast_head":"<!-- This site is optimized with the Yoast SEO plugin v27.6 - https:\/\/yoast.com\/product\/yoast-seo-wordpress\/ -->\n<title>Sininen spirulina - Tukkudistribuutio<\/title>\n<meta name=\"description\" content=\"Sininen spirulina, joka tunnetaan my\u00f6s nimell\u00e4 fykosyaniini, on syanobakteereista (spirulina) uutettu luonnollinen sininen pigmentti, joka on voimakas antioksidantti.\" \/>\n<meta name=\"robots\" content=\"index, follow, max-snippet:-1, max-image-preview:large, max-video-preview:-1\" \/>\n<link rel=\"canonical\" href=\"https:\/\/naturalpoland.com\/fi\/tuotteet\/elintarviketeollisuuden-tuotteet\/raaka-aineet-tuotantoon\/niebieska-spirulina\/\" \/>\n<meta property=\"og:locale\" content=\"fi_FI\" \/>\n<meta property=\"og:type\" content=\"article\" \/>\n<meta property=\"og:title\" content=\"Sininen spirulina - Tukkudistribuutio\" \/>\n<meta property=\"og:description\" content=\"Sininen spirulina, joka tunnetaan my\u00f6s nimell\u00e4 fykosyaniini, on syanobakteereista (spirulina) uutettu luonnollinen sininen pigmentti, joka on voimakas antioksidantti.\" \/>\n<meta property=\"og:url\" content=\"https:\/\/naturalpoland.com\/fi\/tuotteet\/elintarviketeollisuuden-tuotteet\/raaka-aineet-tuotantoon\/niebieska-spirulina\/\" \/>\n<meta property=\"og:site_name\" content=\"NATURAL POLAND - RAAKA-AINEIDEN TUKKUJAKELIJA\" \/>\n<meta property=\"article:publisher\" content=\"https:\/\/www.facebook.com\/naturalpoland.b2b\" \/>\n<meta property=\"article:modified_time\" content=\"2025-07-01T11:40:52+00:00\" \/>\n<meta property=\"og:image\" content=\"https:\/\/naturalpoland.com\/wp-content\/uploads\/niebieska-spirulina.webp\" \/>\n\t<meta property=\"og:image:width\" content=\"1024\" \/>\n\t<meta property=\"og:image:height\" content=\"1024\" \/>\n\t<meta property=\"og:image:type\" content=\"image\/webp\" \/>\n<script type=\"application\/ld+json\" class=\"yoast-schema-graph\">{\"@context\":\"https:\\\/\\\/schema.org\",\"@graph\":[{\"@type\":\"WebPage\",\"@id\":\"https:\\\/\\\/naturalpoland.com\\\/fi\\\/tuotteet\\\/elintarviketeollisuuden-tuotteet\\\/raaka-aineet-tuotantoon\\\/niebieska-spirulina\\\/\",\"url\":\"https:\\\/\\\/naturalpoland.com\\\/fi\\\/tuotteet\\\/elintarviketeollisuuden-tuotteet\\\/raaka-aineet-tuotantoon\\\/niebieska-spirulina\\\/\",\"name\":\"Sininen spirulina - Tukkudistribuutio\",\"isPartOf\":{\"@id\":\"https:\\\/\\\/naturalpoland.com\\\/fi\\\/#website\"},\"primaryImageOfPage\":{\"@id\":\"https:\\\/\\\/naturalpoland.com\\\/fi\\\/tuotteet\\\/elintarviketeollisuuden-tuotteet\\\/raaka-aineet-tuotantoon\\\/niebieska-spirulina\\\/#primaryimage\"},\"image\":{\"@id\":\"https:\\\/\\\/naturalpoland.com\\\/fi\\\/tuotteet\\\/elintarviketeollisuuden-tuotteet\\\/raaka-aineet-tuotantoon\\\/niebieska-spirulina\\\/#primaryimage\"},\"thumbnailUrl\":\"https:\\\/\\\/naturalpoland.com\\\/wp-content\\\/uploads\\\/niebieska-spirulina-blue.png\",\"datePublished\":\"2025-07-01T11:39:07+00:00\",\"dateModified\":\"2025-07-01T11:40:52+00:00\",\"description\":\"Sininen spirulina, joka tunnetaan my\u00f6s nimell\u00e4 fykosyaniini, on syanobakteereista (spirulina) uutettu luonnollinen sininen pigmentti, joka on voimakas antioksidantti.\",\"breadcrumb\":{\"@id\":\"https:\\\/\\\/naturalpoland.com\\\/fi\\\/tuotteet\\\/elintarviketeollisuuden-tuotteet\\\/raaka-aineet-tuotantoon\\\/niebieska-spirulina\\\/#breadcrumb\"},\"inLanguage\":\"fi\",\"potentialAction\":[{\"@type\":\"ReadAction\",\"target\":[\"https:\\\/\\\/naturalpoland.com\\\/fi\\\/tuotteet\\\/elintarviketeollisuuden-tuotteet\\\/raaka-aineet-tuotantoon\\\/niebieska-spirulina\\\/\"]}]},{\"@type\":\"ImageObject\",\"inLanguage\":\"fi\",\"@id\":\"https:\\\/\\\/naturalpoland.com\\\/fi\\\/tuotteet\\\/elintarviketeollisuuden-tuotteet\\\/raaka-aineet-tuotantoon\\\/niebieska-spirulina\\\/#primaryimage\",\"url\":\"https:\\\/\\\/naturalpoland.com\\\/wp-content\\\/uploads\\\/niebieska-spirulina-blue.png\",\"contentUrl\":\"https:\\\/\\\/naturalpoland.com\\\/wp-content\\\/uploads\\\/niebieska-spirulina-blue.png\",\"width\":1024,\"height\":1024,\"caption\":\"niebieska spirulina\"},{\"@type\":\"BreadcrumbList\",\"@id\":\"https:\\\/\\\/naturalpoland.com\\\/fi\\\/tuotteet\\\/elintarviketeollisuuden-tuotteet\\\/raaka-aineet-tuotantoon\\\/niebieska-spirulina\\\/#breadcrumb\",\"itemListElement\":[{\"@type\":\"ListItem\",\"position\":1,\"name\":\"Etusivu\",\"item\":\"https:\\\/\\\/naturalpoland.com\\\/fi\\\/\"},{\"@type\":\"ListItem\",\"position\":2,\"name\":\"Tuotteet\",\"item\":\"https:\\\/\\\/naturalpoland.com\\\/fi\\\/tuotteet\\\/\"},{\"@type\":\"ListItem\",\"position\":3,\"name\":\"Sininen spirulina\"}]},{\"@type\":\"WebSite\",\"@id\":\"https:\\\/\\\/naturalpoland.com\\\/fi\\\/#website\",\"url\":\"https:\\\/\\\/naturalpoland.com\\\/fi\\\/\",\"name\":\"NATURAL POLAND - RAAKA-AINEIDEN TUKKUJAKELIJA\",\"description\":\"Surowce dla przemys\u0142u spo\u017cywczego, kosmetycznego i farmaceutycznego\",\"publisher\":{\"@id\":\"https:\\\/\\\/naturalpoland.com\\\/fi\\\/#organization\"},\"potentialAction\":[{\"@type\":\"SearchAction\",\"target\":{\"@type\":\"EntryPoint\",\"urlTemplate\":\"https:\\\/\\\/naturalpoland.com\\\/fi\\\/?s={search_term_string}\"},\"query-input\":{\"@type\":\"PropertyValueSpecification\",\"valueRequired\":true,\"valueName\":\"search_term_string\"}}],\"inLanguage\":\"fi\"},{\"@type\":\"Organization\",\"@id\":\"https:\\\/\\\/naturalpoland.com\\\/fi\\\/#organization\",\"name\":\"Natural Poland\",\"url\":\"https:\\\/\\\/naturalpoland.com\\\/fi\\\/\",\"logo\":{\"@type\":\"ImageObject\",\"inLanguage\":\"fi\",\"@id\":\"https:\\\/\\\/naturalpoland.com\\\/fi\\\/#\\\/schema\\\/logo\\\/image\\\/\",\"url\":\"https:\\\/\\\/naturalpoland.com\\\/wp-content\\\/uploads\\\/2021\\\/05\\\/natural-poland-icon.png\",\"contentUrl\":\"https:\\\/\\\/naturalpoland.com\\\/wp-content\\\/uploads\\\/2021\\\/05\\\/natural-poland-icon.png\",\"width\":512,\"height\":512,\"caption\":\"Natural Poland\"},\"image\":{\"@id\":\"https:\\\/\\\/naturalpoland.com\\\/fi\\\/#\\\/schema\\\/logo\\\/image\\\/\"},\"sameAs\":[\"https:\\\/\\\/www.facebook.com\\\/naturalpoland.b2b\",\"https:\\\/\\\/pl.linkedin.com\\\/company\\\/natural-poland\",\"https:\\\/\\\/www.youtube.com\\\/channel\\\/UCgeGGkvOMahZo-xu_MSEWxg\"]}]}<\/script>\n<!-- \/ Yoast SEO plugin. -->","yoast_head_json":{"title":"Sininen spirulina - Tukkudistribuutio","description":"Sininen spirulina, joka tunnetaan my\u00f6s nimell\u00e4 fykosyaniini, on syanobakteereista (spirulina) uutettu luonnollinen sininen pigmentti, joka on voimakas antioksidantti.","robots":{"index":"index","follow":"follow","max-snippet":"max-snippet:-1","max-image-preview":"max-image-preview:large","max-video-preview":"max-video-preview:-1"},"canonical":"https:\/\/naturalpoland.com\/fi\/tuotteet\/elintarviketeollisuuden-tuotteet\/raaka-aineet-tuotantoon\/niebieska-spirulina\/","og_locale":"fi_FI","og_type":"article","og_title":"Sininen spirulina - Tukkudistribuutio","og_description":"Sininen spirulina, joka tunnetaan my\u00f6s nimell\u00e4 fykosyaniini, on syanobakteereista (spirulina) uutettu luonnollinen sininen pigmentti, joka on voimakas antioksidantti.","og_url":"https:\/\/naturalpoland.com\/fi\/tuotteet\/elintarviketeollisuuden-tuotteet\/raaka-aineet-tuotantoon\/niebieska-spirulina\/","og_site_name":"NATURAL POLAND - RAAKA-AINEIDEN TUKKUJAKELIJA","article_publisher":"https:\/\/www.facebook.com\/naturalpoland.b2b","article_modified_time":"2025-07-01T11:40:52+00:00","og_image":[{"width":1024,"height":1024,"url":"https:\/\/naturalpoland.com\/wp-content\/uploads\/niebieska-spirulina.webp","type":"image\/webp"}],"schema":{"@context":"https:\/\/schema.org","@graph":[{"@type":"WebPage","@id":"https:\/\/naturalpoland.com\/fi\/tuotteet\/elintarviketeollisuuden-tuotteet\/raaka-aineet-tuotantoon\/niebieska-spirulina\/","url":"https:\/\/naturalpoland.com\/fi\/tuotteet\/elintarviketeollisuuden-tuotteet\/raaka-aineet-tuotantoon\/niebieska-spirulina\/","name":"Sininen spirulina - Tukkudistribuutio","isPartOf":{"@id":"https:\/\/naturalpoland.com\/fi\/#website"},"primaryImageOfPage":{"@id":"https:\/\/naturalpoland.com\/fi\/tuotteet\/elintarviketeollisuuden-tuotteet\/raaka-aineet-tuotantoon\/niebieska-spirulina\/#primaryimage"},"image":{"@id":"https:\/\/naturalpoland.com\/fi\/tuotteet\/elintarviketeollisuuden-tuotteet\/raaka-aineet-tuotantoon\/niebieska-spirulina\/#primaryimage"},"thumbnailUrl":"https:\/\/naturalpoland.com\/wp-content\/uploads\/niebieska-spirulina-blue.png","datePublished":"2025-07-01T11:39:07+00:00","dateModified":"2025-07-01T11:40:52+00:00","description":"Sininen spirulina, joka tunnetaan my\u00f6s nimell\u00e4 fykosyaniini, on syanobakteereista (spirulina) uutettu luonnollinen sininen pigmentti, joka on voimakas antioksidantti.","breadcrumb":{"@id":"https:\/\/naturalpoland.com\/fi\/tuotteet\/elintarviketeollisuuden-tuotteet\/raaka-aineet-tuotantoon\/niebieska-spirulina\/#breadcrumb"},"inLanguage":"fi","potentialAction":[{"@type":"ReadAction","target":["https:\/\/naturalpoland.com\/fi\/tuotteet\/elintarviketeollisuuden-tuotteet\/raaka-aineet-tuotantoon\/niebieska-spirulina\/"]}]},{"@type":"ImageObject","inLanguage":"fi","@id":"https:\/\/naturalpoland.com\/fi\/tuotteet\/elintarviketeollisuuden-tuotteet\/raaka-aineet-tuotantoon\/niebieska-spirulina\/#primaryimage","url":"https:\/\/naturalpoland.com\/wp-content\/uploads\/niebieska-spirulina-blue.png","contentUrl":"https:\/\/naturalpoland.com\/wp-content\/uploads\/niebieska-spirulina-blue.png","width":1024,"height":1024,"caption":"niebieska spirulina"},{"@type":"BreadcrumbList","@id":"https:\/\/naturalpoland.com\/fi\/tuotteet\/elintarviketeollisuuden-tuotteet\/raaka-aineet-tuotantoon\/niebieska-spirulina\/#breadcrumb","itemListElement":[{"@type":"ListItem","position":1,"name":"Etusivu","item":"https:\/\/naturalpoland.com\/fi\/"},{"@type":"ListItem","position":2,"name":"Tuotteet","item":"https:\/\/naturalpoland.com\/fi\/tuotteet\/"},{"@type":"ListItem","position":3,"name":"Sininen spirulina"}]},{"@type":"WebSite","@id":"https:\/\/naturalpoland.com\/fi\/#website","url":"https:\/\/naturalpoland.com\/fi\/","name":"NATURAL POLAND - RAAKA-AINEIDEN TUKKUJAKELIJA","description":"Surowce dla przemys\u0142u spo\u017cywczego, kosmetycznego i farmaceutycznego","publisher":{"@id":"https:\/\/naturalpoland.com\/fi\/#organization"},"potentialAction":[{"@type":"SearchAction","target":{"@type":"EntryPoint","urlTemplate":"https:\/\/naturalpoland.com\/fi\/?s={search_term_string}"},"query-input":{"@type":"PropertyValueSpecification","valueRequired":true,"valueName":"search_term_string"}}],"inLanguage":"fi"},{"@type":"Organization","@id":"https:\/\/naturalpoland.com\/fi\/#organization","name":"Natural Poland","url":"https:\/\/naturalpoland.com\/fi\/","logo":{"@type":"ImageObject","inLanguage":"fi","@id":"https:\/\/naturalpoland.com\/fi\/#\/schema\/logo\/image\/","url":"https:\/\/naturalpoland.com\/wp-content\/uploads\/2021\/05\/natural-poland-icon.png","contentUrl":"https:\/\/naturalpoland.com\/wp-content\/uploads\/2021\/05\/natural-poland-icon.png","width":512,"height":512,"caption":"Natural Poland"},"image":{"@id":"https:\/\/naturalpoland.com\/fi\/#\/schema\/logo\/image\/"},"sameAs":["https:\/\/www.facebook.com\/naturalpoland.b2b","https:\/\/pl.linkedin.com\/company\/natural-poland","https:\/\/www.youtube.com\/channel\/UCgeGGkvOMahZo-xu_MSEWxg"]}]}},"_links":{"self":[{"href":"https:\/\/naturalpoland.com\/fi\/wp-json\/wp\/v2\/product\/41730","targetHints":{"allow":["GET"]}}],"collection":[{"href":"https:\/\/naturalpoland.com\/fi\/wp-json\/wp\/v2\/product"}],"about":[{"href":"https:\/\/naturalpoland.com\/fi\/wp-json\/wp\/v2\/types\/product"}],"wp:featuredmedia":[{"embeddable":true,"href":"https:\/\/naturalpoland.com\/fi\/wp-json\/wp\/v2\/media\/41783"}],"wp:attachment":[{"href":"https:\/\/naturalpoland.com\/fi\/wp-json\/wp\/v2\/media?parent=41730"}],"wp:term":[{"taxonomy":"product_brand","embeddable":true,"href":"https:\/\/naturalpoland.com\/fi\/wp-json\/wp\/v2\/product_brand?post=41730"},{"taxonomy":"product_cat","embeddable":true,"href":"https:\/\/naturalpoland.com\/fi\/wp-json\/wp\/v2\/product_cat?post=41730"},{"taxonomy":"product_tag","embeddable":true,"href":"https:\/\/naturalpoland.com\/fi\/wp-json\/wp\/v2\/product_tag?post=41730"}],"curies":[{"name":"wp","href":"https:\/\/api.w.org\/{rel}","templated":true}]}}