{"id":41733,"date":"2025-06-13T10:14:19","date_gmt":"2025-06-13T08:14:19","guid":{"rendered":"https:\/\/naturalpoland.com\/produkty\/Ei-luokiteltu\/macerat-z-cytrynca-chinskiego\/"},"modified":"2025-07-01T13:41:00","modified_gmt":"2025-07-01T11:41:00","slug":"macerat-z-cytrynca-chinskiego","status":"publish","type":"product","link":"https:\/\/naturalpoland.com\/fi\/tuotteet\/kosmetiikkateollisuuden-tuotteet\/maseraatit\/macerat-z-cytrynca-chinskiego\/","title":{"rendered":"Kiinalainen sitruunamelissa"},"content":{"rendered":"<p>Ominainen ruskeankeltainen v\u00e4ri, samea koostumus ja voimakas kasviper\u00e4inen haju ovat osoitus korkeasta kasviper\u00e4isten tehoaineiden pitoisuudesta. MCT-\u00f6ljyn sis\u00e4lt\u00e4m\u00e4t keskipitk\u00e4ketjuiset rasvahapot (p\u00e4\u00e4asiassa <strong>kapryyli-<\/strong> ja <strong>kapriinihappo<\/strong>) tukevat tehoaineiden imeytymist\u00e4 ja lis\u00e4\u00e4v\u00e4t sitraatin sis\u00e4lt\u00e4mien aineiden biologista hy\u00f6tyosuutta. <\/p>\n<h2>Sovellus:<\/h2>\n<p>Kiinalaista sitruunamelissaa k\u00e4ytet\u00e4\u00e4n p\u00e4\u00e4asiassa <strong>luonnonkosmetiikassa<\/strong>, jossa se toimii vahvistavana, elvytt\u00e4v\u00e4n\u00e4 ja suojaavana ainesosana kyps\u00e4lle, v\u00e4syneelle ja altistuneelle iholle. Antioksidanttisten ja adaptogeenisten ominaisuuksiensa ansiosta sit\u00e4 voidaan k\u00e4ytt\u00e4\u00e4 my\u00f6s anti-aging-kosmetiikassa, tuotteissa, jotka lievitt\u00e4v\u00e4t hapetusstressi\u00e4 ja vahvistavat epidermisen lipidibarrieria. Se sopii erinomaisesti seerumeihin, kasvo\u00f6ljyihin, voiteisiin sek\u00e4 vartalon- ja hiustenhoitovalmisteisiin.  <\/p>\n<h2 data-start=\"738\" data-end=\"1302\">Ravintoarvo 12 g:ssa (1 annos):<\/h2>\n<ul>\n<li data-start=\"738\" data-end=\"1302\">Energia-arvo: 444 kJ \/ 108 kcal<\/li>\n<li data-start=\"738\" data-end=\"1302\">Rasvaa: 12 g (17 %)\n<ul>\n<li data-start=\"738\" data-end=\"1302\">joista tyydyttyneit\u00e4 rasvahappoja: 12 g (60%)<\/li>\n<li data-start=\"738\" data-end=\"1302\">C8:0 Kapryylihappo: 6,6 6 &#8211; 7,8 g<\/li>\n<li data-start=\"738\" data-end=\"1302\">C10:0 Kapriinihappo: 4.2 g &#8211; 5.4 g<\/li>\n<\/ul>\n<\/li>\n<li data-start=\"738\" data-end=\"1302\">Hiilihydraatit: 0 g<\/li>\n<li data-start=\"738\" data-end=\"1302\">Proteiini: 0 g<\/li>\n<li data-start=\"738\" data-end=\"1302\">Suola: 0 g<\/li>\n<\/ul>\n<h2>Rasvahappoprofiili:<\/h2>\n<table>\n<tbody>\n<tr>\n<td><strong>HAPON NIMI<\/strong><\/td>\n<td><strong>C-KIINI<\/strong><\/td>\n<td><strong>V\u00c4LI %<\/strong><\/td>\n<\/tr>\n<tr>\n<td>CAPROIC<\/td>\n<td>C6:0<\/td>\n<td>&lt;2.0<\/td>\n<\/tr>\n<tr>\n<td>CAPRYLIC<\/td>\n<td>C8:0<\/td>\n<td>50.0 &#8211; 80.0<\/td>\n<\/tr>\n<tr>\n<td>CAPRIC<\/td>\n<td>C10:0<\/td>\n<td>20.0 &#8211; 50.0<\/td>\n<\/tr>\n<tr>\n<td>LAURIC<\/td>\n<td>C12:0<\/td>\n<td>&lt;3.0<\/td>\n<\/tr>\n<\/tbody>\n<\/table>\n","protected":false},"excerpt":{"rendered":"<p><strong data-start=\"0\" data-end=\"46\">Citronella<\/strong> <em data-start=\"138\" data-end=\"160\">chinensis<\/em> <strong data-start=\"0\" data-end=\"46\">macerate in MCT-\u00f6ljy<\/strong> saadaan maseroimalla <em data-start=\"138\" data-end=\"160\">Schisandra chinensis<\/em> -hedelm\u00e4 fraktioidussa kookos\u00f6ljyss\u00e4 (MCT). Se sis\u00e4lt\u00e4\u00e4 sitronella-uutetta, joka on tunnettu lignaanien, flavonoidien ja orgaanisten happojen rikkaudesta, joilla on adaptogeenisi\u00e4, antioksidanttisia ja tonisoivia vaikutuksia. <\/p>\n","protected":false},"featured_media":41517,"template":"","meta":[],"product_brand":[],"product_cat":[540],"product_tag":[],"class_list":{"0":"post-41733","1":"product","2":"type-product","3":"status-publish","4":"has-post-thumbnail","6":"product_cat-maseraatit","7":"pa_metoda-pozyskiwania-maserointi","9":"first","10":"instock","11":"shipping-taxable","12":"product-type-simple"},"yoast_head":"<!-- This site is optimized with the Yoast SEO plugin v27.3 - https:\/\/yoast.com\/product\/yoast-seo-wordpress\/ -->\n<title>Kiinalainen sitruunamelissa - Tukkudistribuutio<\/title>\n<meta name=\"description\" content=\"Citronella chinensis maseraatti MCT-\u00f6ljyss\u00e4 on korkealaatuinen luonnollinen kasviraaka-aine, joka saadaan maseroimalla Schisandra chinensis -hedelmi\u00e4.\" \/>\n<meta name=\"robots\" content=\"index, follow, max-snippet:-1, max-image-preview:large, max-video-preview:-1\" \/>\n<link rel=\"canonical\" href=\"https:\/\/naturalpoland.com\/fi\/tuotteet\/kosmetiikkateollisuuden-tuotteet\/maseraatit\/macerat-z-cytrynca-chinskiego\/\" \/>\n<meta property=\"og:locale\" content=\"fi_FI\" \/>\n<meta property=\"og:type\" content=\"article\" \/>\n<meta property=\"og:title\" content=\"Kiinalainen sitruunamelissa - Tukkudistribuutio\" \/>\n<meta property=\"og:description\" content=\"Citronella chinensis maseraatti MCT-\u00f6ljyss\u00e4 on korkealaatuinen luonnollinen kasviraaka-aine, joka saadaan maseroimalla Schisandra chinensis -hedelmi\u00e4.\" \/>\n<meta property=\"og:url\" content=\"https:\/\/naturalpoland.com\/fi\/tuotteet\/kosmetiikkateollisuuden-tuotteet\/maseraatit\/macerat-z-cytrynca-chinskiego\/\" \/>\n<meta property=\"og:site_name\" content=\"NATURAL POLAND - RAAKA-AINEIDEN TUKKUJAKELIJA\" \/>\n<meta property=\"article:publisher\" content=\"https:\/\/www.facebook.com\/naturalpoland.b2b\" \/>\n<meta property=\"article:modified_time\" content=\"2025-07-01T11:41:00+00:00\" \/>\n<meta property=\"og:image\" content=\"https:\/\/naturalpoland.com\/wp-content\/uploads\/macerat-z-cytrynca-chinskiego.webp\" \/>\n\t<meta property=\"og:image:width\" content=\"1024\" \/>\n\t<meta property=\"og:image:height\" content=\"1024\" \/>\n\t<meta property=\"og:image:type\" content=\"image\/webp\" \/>\n<script type=\"application\/ld+json\" class=\"yoast-schema-graph\">{\"@context\":\"https:\\\/\\\/schema.org\",\"@graph\":[{\"@type\":\"WebPage\",\"@id\":\"https:\\\/\\\/naturalpoland.com\\\/fi\\\/tuotteet\\\/kosmetiikkateollisuuden-tuotteet\\\/maseraatit\\\/macerat-z-cytrynca-chinskiego\\\/\",\"url\":\"https:\\\/\\\/naturalpoland.com\\\/fi\\\/tuotteet\\\/kosmetiikkateollisuuden-tuotteet\\\/maseraatit\\\/macerat-z-cytrynca-chinskiego\\\/\",\"name\":\"Kiinalainen sitruunamelissa - Tukkudistribuutio\",\"isPartOf\":{\"@id\":\"https:\\\/\\\/naturalpoland.com\\\/fi\\\/#website\"},\"primaryImageOfPage\":{\"@id\":\"https:\\\/\\\/naturalpoland.com\\\/fi\\\/tuotteet\\\/kosmetiikkateollisuuden-tuotteet\\\/maseraatit\\\/macerat-z-cytrynca-chinskiego\\\/#primaryimage\"},\"image\":{\"@id\":\"https:\\\/\\\/naturalpoland.com\\\/fi\\\/tuotteet\\\/kosmetiikkateollisuuden-tuotteet\\\/maseraatit\\\/macerat-z-cytrynca-chinskiego\\\/#primaryimage\"},\"thumbnailUrl\":\"https:\\\/\\\/naturalpoland.com\\\/wp-content\\\/uploads\\\/macerat-z-cytrynca-chinskiego.webp\",\"datePublished\":\"2025-06-13T08:14:19+00:00\",\"dateModified\":\"2025-07-01T11:41:00+00:00\",\"description\":\"Citronella chinensis maseraatti MCT-\u00f6ljyss\u00e4 on korkealaatuinen luonnollinen kasviraaka-aine, joka saadaan maseroimalla Schisandra chinensis -hedelmi\u00e4.\",\"breadcrumb\":{\"@id\":\"https:\\\/\\\/naturalpoland.com\\\/fi\\\/tuotteet\\\/kosmetiikkateollisuuden-tuotteet\\\/maseraatit\\\/macerat-z-cytrynca-chinskiego\\\/#breadcrumb\"},\"inLanguage\":\"fi\",\"potentialAction\":[{\"@type\":\"ReadAction\",\"target\":[\"https:\\\/\\\/naturalpoland.com\\\/fi\\\/tuotteet\\\/kosmetiikkateollisuuden-tuotteet\\\/maseraatit\\\/macerat-z-cytrynca-chinskiego\\\/\"]}]},{\"@type\":\"ImageObject\",\"inLanguage\":\"fi\",\"@id\":\"https:\\\/\\\/naturalpoland.com\\\/fi\\\/tuotteet\\\/kosmetiikkateollisuuden-tuotteet\\\/maseraatit\\\/macerat-z-cytrynca-chinskiego\\\/#primaryimage\",\"url\":\"https:\\\/\\\/naturalpoland.com\\\/wp-content\\\/uploads\\\/macerat-z-cytrynca-chinskiego.webp\",\"contentUrl\":\"https:\\\/\\\/naturalpoland.com\\\/wp-content\\\/uploads\\\/macerat-z-cytrynca-chinskiego.webp\",\"width\":1024,\"height\":1024,\"caption\":\"Macerat z Cytry\u0144ca Chi\u0144skiego\"},{\"@type\":\"BreadcrumbList\",\"@id\":\"https:\\\/\\\/naturalpoland.com\\\/fi\\\/tuotteet\\\/kosmetiikkateollisuuden-tuotteet\\\/maseraatit\\\/macerat-z-cytrynca-chinskiego\\\/#breadcrumb\",\"itemListElement\":[{\"@type\":\"ListItem\",\"position\":1,\"name\":\"Etusivu\",\"item\":\"https:\\\/\\\/naturalpoland.com\\\/fi\\\/\"},{\"@type\":\"ListItem\",\"position\":2,\"name\":\"Tuotteet\",\"item\":\"https:\\\/\\\/naturalpoland.com\\\/fi\\\/tuotteet\\\/\"},{\"@type\":\"ListItem\",\"position\":3,\"name\":\"Kiinalainen sitruunamelissa\"}]},{\"@type\":\"WebSite\",\"@id\":\"https:\\\/\\\/naturalpoland.com\\\/fi\\\/#website\",\"url\":\"https:\\\/\\\/naturalpoland.com\\\/fi\\\/\",\"name\":\"NATURAL POLAND - RAAKA-AINEIDEN TUKKUJAKELIJA\",\"description\":\"Surowce dla przemys\u0142u spo\u017cywczego, kosmetycznego i farmaceutycznego\",\"publisher\":{\"@id\":\"https:\\\/\\\/naturalpoland.com\\\/fi\\\/#organization\"},\"potentialAction\":[{\"@type\":\"SearchAction\",\"target\":{\"@type\":\"EntryPoint\",\"urlTemplate\":\"https:\\\/\\\/naturalpoland.com\\\/fi\\\/?s={search_term_string}\"},\"query-input\":{\"@type\":\"PropertyValueSpecification\",\"valueRequired\":true,\"valueName\":\"search_term_string\"}}],\"inLanguage\":\"fi\"},{\"@type\":\"Organization\",\"@id\":\"https:\\\/\\\/naturalpoland.com\\\/fi\\\/#organization\",\"name\":\"Natural Poland\",\"url\":\"https:\\\/\\\/naturalpoland.com\\\/fi\\\/\",\"logo\":{\"@type\":\"ImageObject\",\"inLanguage\":\"fi\",\"@id\":\"https:\\\/\\\/naturalpoland.com\\\/fi\\\/#\\\/schema\\\/logo\\\/image\\\/\",\"url\":\"https:\\\/\\\/naturalpoland.com\\\/wp-content\\\/uploads\\\/2021\\\/05\\\/natural-poland-icon.png\",\"contentUrl\":\"https:\\\/\\\/naturalpoland.com\\\/wp-content\\\/uploads\\\/2021\\\/05\\\/natural-poland-icon.png\",\"width\":512,\"height\":512,\"caption\":\"Natural Poland\"},\"image\":{\"@id\":\"https:\\\/\\\/naturalpoland.com\\\/fi\\\/#\\\/schema\\\/logo\\\/image\\\/\"},\"sameAs\":[\"https:\\\/\\\/www.facebook.com\\\/naturalpoland.b2b\",\"https:\\\/\\\/pl.linkedin.com\\\/company\\\/natural-poland\",\"https:\\\/\\\/www.youtube.com\\\/channel\\\/UCgeGGkvOMahZo-xu_MSEWxg\"]}]}<\/script>\n<!-- \/ Yoast SEO plugin. -->","yoast_head_json":{"title":"Kiinalainen sitruunamelissa - Tukkudistribuutio","description":"Citronella chinensis maseraatti MCT-\u00f6ljyss\u00e4 on korkealaatuinen luonnollinen kasviraaka-aine, joka saadaan maseroimalla Schisandra chinensis -hedelmi\u00e4.","robots":{"index":"index","follow":"follow","max-snippet":"max-snippet:-1","max-image-preview":"max-image-preview:large","max-video-preview":"max-video-preview:-1"},"canonical":"https:\/\/naturalpoland.com\/fi\/tuotteet\/kosmetiikkateollisuuden-tuotteet\/maseraatit\/macerat-z-cytrynca-chinskiego\/","og_locale":"fi_FI","og_type":"article","og_title":"Kiinalainen sitruunamelissa - Tukkudistribuutio","og_description":"Citronella chinensis maseraatti MCT-\u00f6ljyss\u00e4 on korkealaatuinen luonnollinen kasviraaka-aine, joka saadaan maseroimalla Schisandra chinensis -hedelmi\u00e4.","og_url":"https:\/\/naturalpoland.com\/fi\/tuotteet\/kosmetiikkateollisuuden-tuotteet\/maseraatit\/macerat-z-cytrynca-chinskiego\/","og_site_name":"NATURAL POLAND - RAAKA-AINEIDEN TUKKUJAKELIJA","article_publisher":"https:\/\/www.facebook.com\/naturalpoland.b2b","article_modified_time":"2025-07-01T11:41:00+00:00","og_image":[{"width":1024,"height":1024,"url":"https:\/\/naturalpoland.com\/wp-content\/uploads\/macerat-z-cytrynca-chinskiego.webp","type":"image\/webp"}],"schema":{"@context":"https:\/\/schema.org","@graph":[{"@type":"WebPage","@id":"https:\/\/naturalpoland.com\/fi\/tuotteet\/kosmetiikkateollisuuden-tuotteet\/maseraatit\/macerat-z-cytrynca-chinskiego\/","url":"https:\/\/naturalpoland.com\/fi\/tuotteet\/kosmetiikkateollisuuden-tuotteet\/maseraatit\/macerat-z-cytrynca-chinskiego\/","name":"Kiinalainen sitruunamelissa - Tukkudistribuutio","isPartOf":{"@id":"https:\/\/naturalpoland.com\/fi\/#website"},"primaryImageOfPage":{"@id":"https:\/\/naturalpoland.com\/fi\/tuotteet\/kosmetiikkateollisuuden-tuotteet\/maseraatit\/macerat-z-cytrynca-chinskiego\/#primaryimage"},"image":{"@id":"https:\/\/naturalpoland.com\/fi\/tuotteet\/kosmetiikkateollisuuden-tuotteet\/maseraatit\/macerat-z-cytrynca-chinskiego\/#primaryimage"},"thumbnailUrl":"https:\/\/naturalpoland.com\/wp-content\/uploads\/macerat-z-cytrynca-chinskiego.webp","datePublished":"2025-06-13T08:14:19+00:00","dateModified":"2025-07-01T11:41:00+00:00","description":"Citronella chinensis maseraatti MCT-\u00f6ljyss\u00e4 on korkealaatuinen luonnollinen kasviraaka-aine, joka saadaan maseroimalla Schisandra chinensis -hedelmi\u00e4.","breadcrumb":{"@id":"https:\/\/naturalpoland.com\/fi\/tuotteet\/kosmetiikkateollisuuden-tuotteet\/maseraatit\/macerat-z-cytrynca-chinskiego\/#breadcrumb"},"inLanguage":"fi","potentialAction":[{"@type":"ReadAction","target":["https:\/\/naturalpoland.com\/fi\/tuotteet\/kosmetiikkateollisuuden-tuotteet\/maseraatit\/macerat-z-cytrynca-chinskiego\/"]}]},{"@type":"ImageObject","inLanguage":"fi","@id":"https:\/\/naturalpoland.com\/fi\/tuotteet\/kosmetiikkateollisuuden-tuotteet\/maseraatit\/macerat-z-cytrynca-chinskiego\/#primaryimage","url":"https:\/\/naturalpoland.com\/wp-content\/uploads\/macerat-z-cytrynca-chinskiego.webp","contentUrl":"https:\/\/naturalpoland.com\/wp-content\/uploads\/macerat-z-cytrynca-chinskiego.webp","width":1024,"height":1024,"caption":"Macerat z Cytry\u0144ca Chi\u0144skiego"},{"@type":"BreadcrumbList","@id":"https:\/\/naturalpoland.com\/fi\/tuotteet\/kosmetiikkateollisuuden-tuotteet\/maseraatit\/macerat-z-cytrynca-chinskiego\/#breadcrumb","itemListElement":[{"@type":"ListItem","position":1,"name":"Etusivu","item":"https:\/\/naturalpoland.com\/fi\/"},{"@type":"ListItem","position":2,"name":"Tuotteet","item":"https:\/\/naturalpoland.com\/fi\/tuotteet\/"},{"@type":"ListItem","position":3,"name":"Kiinalainen sitruunamelissa"}]},{"@type":"WebSite","@id":"https:\/\/naturalpoland.com\/fi\/#website","url":"https:\/\/naturalpoland.com\/fi\/","name":"NATURAL POLAND - RAAKA-AINEIDEN TUKKUJAKELIJA","description":"Surowce dla przemys\u0142u spo\u017cywczego, kosmetycznego i farmaceutycznego","publisher":{"@id":"https:\/\/naturalpoland.com\/fi\/#organization"},"potentialAction":[{"@type":"SearchAction","target":{"@type":"EntryPoint","urlTemplate":"https:\/\/naturalpoland.com\/fi\/?s={search_term_string}"},"query-input":{"@type":"PropertyValueSpecification","valueRequired":true,"valueName":"search_term_string"}}],"inLanguage":"fi"},{"@type":"Organization","@id":"https:\/\/naturalpoland.com\/fi\/#organization","name":"Natural Poland","url":"https:\/\/naturalpoland.com\/fi\/","logo":{"@type":"ImageObject","inLanguage":"fi","@id":"https:\/\/naturalpoland.com\/fi\/#\/schema\/logo\/image\/","url":"https:\/\/naturalpoland.com\/wp-content\/uploads\/2021\/05\/natural-poland-icon.png","contentUrl":"https:\/\/naturalpoland.com\/wp-content\/uploads\/2021\/05\/natural-poland-icon.png","width":512,"height":512,"caption":"Natural Poland"},"image":{"@id":"https:\/\/naturalpoland.com\/fi\/#\/schema\/logo\/image\/"},"sameAs":["https:\/\/www.facebook.com\/naturalpoland.b2b","https:\/\/pl.linkedin.com\/company\/natural-poland","https:\/\/www.youtube.com\/channel\/UCgeGGkvOMahZo-xu_MSEWxg"]}]}},"_links":{"self":[{"href":"https:\/\/naturalpoland.com\/fi\/wp-json\/wp\/v2\/product\/41733","targetHints":{"allow":["GET"]}}],"collection":[{"href":"https:\/\/naturalpoland.com\/fi\/wp-json\/wp\/v2\/product"}],"about":[{"href":"https:\/\/naturalpoland.com\/fi\/wp-json\/wp\/v2\/types\/product"}],"wp:featuredmedia":[{"embeddable":true,"href":"https:\/\/naturalpoland.com\/fi\/wp-json\/wp\/v2\/media\/41517"}],"wp:attachment":[{"href":"https:\/\/naturalpoland.com\/fi\/wp-json\/wp\/v2\/media?parent=41733"}],"wp:term":[{"taxonomy":"product_brand","embeddable":true,"href":"https:\/\/naturalpoland.com\/fi\/wp-json\/wp\/v2\/product_brand?post=41733"},{"taxonomy":"product_cat","embeddable":true,"href":"https:\/\/naturalpoland.com\/fi\/wp-json\/wp\/v2\/product_cat?post=41733"},{"taxonomy":"product_tag","embeddable":true,"href":"https:\/\/naturalpoland.com\/fi\/wp-json\/wp\/v2\/product_tag?post=41733"}],"curies":[{"name":"wp","href":"https:\/\/api.w.org\/{rel}","templated":true}]}}