{"id":41883,"date":"2025-07-09T14:07:22","date_gmt":"2025-07-09T12:07:22","guid":{"rendered":"https:\/\/naturalpoland.com\/produkty\/Ei-luokiteltu\/ekstrakt-z-nasion-prosa\/"},"modified":"2025-07-10T12:01:56","modified_gmt":"2025-07-10T10:01:56","slug":"ekstrakt-z-nasion-prosa","status":"publish","type":"product","link":"https:\/\/naturalpoland.com\/fi\/tuotteet\/kasviuutteet\/ekstrakt-z-nasion-prosa\/","title":{"rendered":"Hirssinsiemenuute"},"content":{"rendered":"<h2>Hirssiuutteen ominaisuudet ja mahdolliset k\u00e4ytt\u00f6kohteet<\/h2>\n<p>Hirssi on ravintosis\u00e4ll\u00f6lt\u00e4\u00e4n poikkeuksellisen hyv\u00e4 vilja, joka on rikas mineraaleista (mm. rauta, magnesium, fosfori) ja antioksidanteista, sek\u00e4 sis\u00e4lt\u00e4\u00e4 hyvin imeytyv\u00e4\u00e4 proteiinia. Sen siemenuutetta arvostetaan erityisesti sen <strong>kehoa vahvistavien<\/strong> sek\u00e4 <strong>ruoansulatusj\u00e4rjestelm\u00e4\u00e4 ja hermostoa tukevien<\/strong> ominaisuuksien vuoksi. Perinteisesti hirssi\u00e4 on pidetty raaka-aineena, joka <strong>tukee ihon, hiusten ja kynsien kuntoa<\/strong>, ja sen uutteita k\u00e4ytet\u00e4\u00e4n yh\u00e4 useammin ravintolisiss\u00e4, jotka t\u00e4ht\u00e4\u00e4v\u00e4t luonnolliseen vahvistamiseen ja <strong>aineenvaihdunnan parantamiseen<\/strong>.  <\/p>\n<p>Hirssinsiemenuutetta k\u00e4ytet\u00e4\u00e4n p\u00e4\u00e4asiassa <strong>nutraseuttisessa<\/strong> ja <strong>ravintolis\u00e4teollisuudessa<\/strong> \u2013 ainesosana kapseleissa, tableteissa tai jauheissa, jotka tukevat kehoa mikroravintoaineiden puutostiloissa tai yleisess\u00e4 heikkoudessa. Luonnollisen koostumuksensa ja lempe\u00e4n vaikutuksensa ansiosta tuotetta voidaan k\u00e4ytt\u00e4\u00e4 my\u00f6s <strong>luonnonkosmetiikassa<\/strong> \u2013 erityisesti hiusten ja hiuspohjan hoidossa. Mikrobiologisen puhtautensa ja miellytt\u00e4v\u00e4n aistiprofiilinsa (ominainen maku ja tuoksu) ansiosta uute on hyvin siedetty ja sit\u00e4 voidaan k\u00e4ytt\u00e4\u00e4 my\u00f6s toiminnallisissa sekoituksissa, <strong>dieettielintarvikkeissa<\/strong> ja elintarvikevalmisteissa.  <\/p>\n","protected":false},"excerpt":{"rendered":"<p><strong>Hirssinsiemenuute<\/strong> saadaan <em>Panicum miliaceum<\/em> -siemenist\u00e4 \u2013 yhdest\u00e4 vanhimmista viljellyist\u00e4 viljalajeista. Tuote on standardoitu. Uute valmistetaan vesiuuttoprosessilla k\u00e4ytt\u00e4en maltodekstriini\u00e4 kantaja-aineena, eik\u00e4 se sis\u00e4ll\u00e4 gluteenia tai GMO:ta.  <\/p>\n","protected":false},"featured_media":41864,"template":"","meta":[],"product_brand":[],"product_cat":[528],"product_tag":[],"class_list":{"0":"post-41883","1":"product","2":"type-product","3":"status-publish","4":"has-post-thumbnail","6":"product_cat-kasviuutteet","7":"pa_czesc-rosliny-siemenet","8":"pa_metoda-pozyskiwania-vedenotto","10":"first","11":"instock","12":"shipping-taxable","13":"product-type-simple"},"yoast_head":"<!-- This site is optimized with the Yoast SEO plugin v27.3 - https:\/\/yoast.com\/product\/yoast-seo-wordpress\/ -->\n<title>Hirssinsiemenuute - Tukkudistribuutio<\/title>\n<meta name=\"description\" content=\"Hirssinsiemenuute on luonnollinen kasviper\u00e4inen raaka-aine, joka saadaan Panicum miliaceum -siemenist\u00e4 \u2013 yhdest\u00e4 vanhimmista viljellyist\u00e4 viljalajeista.\" \/>\n<meta name=\"robots\" content=\"index, follow, max-snippet:-1, max-image-preview:large, max-video-preview:-1\" \/>\n<link rel=\"canonical\" href=\"https:\/\/naturalpoland.com\/fi\/tuotteet\/kasviuutteet\/ekstrakt-z-nasion-prosa\/\" \/>\n<meta property=\"og:locale\" content=\"fi_FI\" \/>\n<meta property=\"og:type\" content=\"article\" \/>\n<meta property=\"og:title\" content=\"Hirssinsiemenuute - Tukkudistribuutio\" \/>\n<meta property=\"og:description\" content=\"Hirssinsiemenuute on luonnollinen kasviper\u00e4inen raaka-aine, joka saadaan Panicum miliaceum -siemenist\u00e4 \u2013 yhdest\u00e4 vanhimmista viljellyist\u00e4 viljalajeista.\" \/>\n<meta property=\"og:url\" content=\"https:\/\/naturalpoland.com\/fi\/tuotteet\/kasviuutteet\/ekstrakt-z-nasion-prosa\/\" \/>\n<meta property=\"og:site_name\" content=\"NATURAL POLAND - RAAKA-AINEIDEN TUKKUJAKELIJA\" \/>\n<meta property=\"article:publisher\" content=\"https:\/\/www.facebook.com\/naturalpoland.b2b\" \/>\n<meta property=\"article:modified_time\" content=\"2025-07-10T10:01:56+00:00\" \/>\n<meta property=\"og:image\" content=\"https:\/\/naturalpoland.com\/wp-content\/uploads\/ekstrakt-z-nasion-prosa.webp\" \/>\n\t<meta property=\"og:image:width\" content=\"1024\" \/>\n\t<meta property=\"og:image:height\" content=\"1024\" \/>\n\t<meta property=\"og:image:type\" content=\"image\/webp\" \/>\n<script type=\"application\/ld+json\" class=\"yoast-schema-graph\">{\"@context\":\"https:\\\/\\\/schema.org\",\"@graph\":[{\"@type\":\"WebPage\",\"@id\":\"https:\\\/\\\/naturalpoland.com\\\/fi\\\/tuotteet\\\/kasviuutteet\\\/ekstrakt-z-nasion-prosa\\\/\",\"url\":\"https:\\\/\\\/naturalpoland.com\\\/fi\\\/tuotteet\\\/kasviuutteet\\\/ekstrakt-z-nasion-prosa\\\/\",\"name\":\"Hirssinsiemenuute - Tukkudistribuutio\",\"isPartOf\":{\"@id\":\"https:\\\/\\\/naturalpoland.com\\\/fi\\\/#website\"},\"primaryImageOfPage\":{\"@id\":\"https:\\\/\\\/naturalpoland.com\\\/fi\\\/tuotteet\\\/kasviuutteet\\\/ekstrakt-z-nasion-prosa\\\/#primaryimage\"},\"image\":{\"@id\":\"https:\\\/\\\/naturalpoland.com\\\/fi\\\/tuotteet\\\/kasviuutteet\\\/ekstrakt-z-nasion-prosa\\\/#primaryimage\"},\"thumbnailUrl\":\"https:\\\/\\\/naturalpoland.com\\\/wp-content\\\/uploads\\\/ekstrakt-z-nasion-prosa.webp\",\"datePublished\":\"2025-07-09T12:07:22+00:00\",\"dateModified\":\"2025-07-10T10:01:56+00:00\",\"description\":\"Hirssinsiemenuute on luonnollinen kasviper\u00e4inen raaka-aine, joka saadaan Panicum miliaceum -siemenist\u00e4 \u2013 yhdest\u00e4 vanhimmista viljellyist\u00e4 viljalajeista.\",\"breadcrumb\":{\"@id\":\"https:\\\/\\\/naturalpoland.com\\\/fi\\\/tuotteet\\\/kasviuutteet\\\/ekstrakt-z-nasion-prosa\\\/#breadcrumb\"},\"inLanguage\":\"fi\",\"potentialAction\":[{\"@type\":\"ReadAction\",\"target\":[\"https:\\\/\\\/naturalpoland.com\\\/fi\\\/tuotteet\\\/kasviuutteet\\\/ekstrakt-z-nasion-prosa\\\/\"]}]},{\"@type\":\"ImageObject\",\"inLanguage\":\"fi\",\"@id\":\"https:\\\/\\\/naturalpoland.com\\\/fi\\\/tuotteet\\\/kasviuutteet\\\/ekstrakt-z-nasion-prosa\\\/#primaryimage\",\"url\":\"https:\\\/\\\/naturalpoland.com\\\/wp-content\\\/uploads\\\/ekstrakt-z-nasion-prosa.webp\",\"contentUrl\":\"https:\\\/\\\/naturalpoland.com\\\/wp-content\\\/uploads\\\/ekstrakt-z-nasion-prosa.webp\",\"width\":1024,\"height\":1024,\"caption\":\"ekstrakt z nasion prosa\"},{\"@type\":\"BreadcrumbList\",\"@id\":\"https:\\\/\\\/naturalpoland.com\\\/fi\\\/tuotteet\\\/kasviuutteet\\\/ekstrakt-z-nasion-prosa\\\/#breadcrumb\",\"itemListElement\":[{\"@type\":\"ListItem\",\"position\":1,\"name\":\"Etusivu\",\"item\":\"https:\\\/\\\/naturalpoland.com\\\/fi\\\/\"},{\"@type\":\"ListItem\",\"position\":2,\"name\":\"Tuotteet\",\"item\":\"https:\\\/\\\/naturalpoland.com\\\/fi\\\/tuotteet\\\/\"},{\"@type\":\"ListItem\",\"position\":3,\"name\":\"Hirssinsiemenuute\"}]},{\"@type\":\"WebSite\",\"@id\":\"https:\\\/\\\/naturalpoland.com\\\/fi\\\/#website\",\"url\":\"https:\\\/\\\/naturalpoland.com\\\/fi\\\/\",\"name\":\"NATURAL POLAND - RAAKA-AINEIDEN TUKKUJAKELIJA\",\"description\":\"Surowce dla przemys\u0142u spo\u017cywczego, kosmetycznego i farmaceutycznego\",\"publisher\":{\"@id\":\"https:\\\/\\\/naturalpoland.com\\\/fi\\\/#organization\"},\"potentialAction\":[{\"@type\":\"SearchAction\",\"target\":{\"@type\":\"EntryPoint\",\"urlTemplate\":\"https:\\\/\\\/naturalpoland.com\\\/fi\\\/?s={search_term_string}\"},\"query-input\":{\"@type\":\"PropertyValueSpecification\",\"valueRequired\":true,\"valueName\":\"search_term_string\"}}],\"inLanguage\":\"fi\"},{\"@type\":\"Organization\",\"@id\":\"https:\\\/\\\/naturalpoland.com\\\/fi\\\/#organization\",\"name\":\"Natural Poland\",\"url\":\"https:\\\/\\\/naturalpoland.com\\\/fi\\\/\",\"logo\":{\"@type\":\"ImageObject\",\"inLanguage\":\"fi\",\"@id\":\"https:\\\/\\\/naturalpoland.com\\\/fi\\\/#\\\/schema\\\/logo\\\/image\\\/\",\"url\":\"https:\\\/\\\/naturalpoland.com\\\/wp-content\\\/uploads\\\/2021\\\/05\\\/natural-poland-icon.png\",\"contentUrl\":\"https:\\\/\\\/naturalpoland.com\\\/wp-content\\\/uploads\\\/2021\\\/05\\\/natural-poland-icon.png\",\"width\":512,\"height\":512,\"caption\":\"Natural Poland\"},\"image\":{\"@id\":\"https:\\\/\\\/naturalpoland.com\\\/fi\\\/#\\\/schema\\\/logo\\\/image\\\/\"},\"sameAs\":[\"https:\\\/\\\/www.facebook.com\\\/naturalpoland.b2b\",\"https:\\\/\\\/pl.linkedin.com\\\/company\\\/natural-poland\",\"https:\\\/\\\/www.youtube.com\\\/channel\\\/UCgeGGkvOMahZo-xu_MSEWxg\"]}]}<\/script>\n<!-- \/ Yoast SEO plugin. -->","yoast_head_json":{"title":"Hirssinsiemenuute - Tukkudistribuutio","description":"Hirssinsiemenuute on luonnollinen kasviper\u00e4inen raaka-aine, joka saadaan Panicum miliaceum -siemenist\u00e4 \u2013 yhdest\u00e4 vanhimmista viljellyist\u00e4 viljalajeista.","robots":{"index":"index","follow":"follow","max-snippet":"max-snippet:-1","max-image-preview":"max-image-preview:large","max-video-preview":"max-video-preview:-1"},"canonical":"https:\/\/naturalpoland.com\/fi\/tuotteet\/kasviuutteet\/ekstrakt-z-nasion-prosa\/","og_locale":"fi_FI","og_type":"article","og_title":"Hirssinsiemenuute - Tukkudistribuutio","og_description":"Hirssinsiemenuute on luonnollinen kasviper\u00e4inen raaka-aine, joka saadaan Panicum miliaceum -siemenist\u00e4 \u2013 yhdest\u00e4 vanhimmista viljellyist\u00e4 viljalajeista.","og_url":"https:\/\/naturalpoland.com\/fi\/tuotteet\/kasviuutteet\/ekstrakt-z-nasion-prosa\/","og_site_name":"NATURAL POLAND - RAAKA-AINEIDEN TUKKUJAKELIJA","article_publisher":"https:\/\/www.facebook.com\/naturalpoland.b2b","article_modified_time":"2025-07-10T10:01:56+00:00","og_image":[{"width":1024,"height":1024,"url":"https:\/\/naturalpoland.com\/wp-content\/uploads\/ekstrakt-z-nasion-prosa.webp","type":"image\/webp"}],"schema":{"@context":"https:\/\/schema.org","@graph":[{"@type":"WebPage","@id":"https:\/\/naturalpoland.com\/fi\/tuotteet\/kasviuutteet\/ekstrakt-z-nasion-prosa\/","url":"https:\/\/naturalpoland.com\/fi\/tuotteet\/kasviuutteet\/ekstrakt-z-nasion-prosa\/","name":"Hirssinsiemenuute - Tukkudistribuutio","isPartOf":{"@id":"https:\/\/naturalpoland.com\/fi\/#website"},"primaryImageOfPage":{"@id":"https:\/\/naturalpoland.com\/fi\/tuotteet\/kasviuutteet\/ekstrakt-z-nasion-prosa\/#primaryimage"},"image":{"@id":"https:\/\/naturalpoland.com\/fi\/tuotteet\/kasviuutteet\/ekstrakt-z-nasion-prosa\/#primaryimage"},"thumbnailUrl":"https:\/\/naturalpoland.com\/wp-content\/uploads\/ekstrakt-z-nasion-prosa.webp","datePublished":"2025-07-09T12:07:22+00:00","dateModified":"2025-07-10T10:01:56+00:00","description":"Hirssinsiemenuute on luonnollinen kasviper\u00e4inen raaka-aine, joka saadaan Panicum miliaceum -siemenist\u00e4 \u2013 yhdest\u00e4 vanhimmista viljellyist\u00e4 viljalajeista.","breadcrumb":{"@id":"https:\/\/naturalpoland.com\/fi\/tuotteet\/kasviuutteet\/ekstrakt-z-nasion-prosa\/#breadcrumb"},"inLanguage":"fi","potentialAction":[{"@type":"ReadAction","target":["https:\/\/naturalpoland.com\/fi\/tuotteet\/kasviuutteet\/ekstrakt-z-nasion-prosa\/"]}]},{"@type":"ImageObject","inLanguage":"fi","@id":"https:\/\/naturalpoland.com\/fi\/tuotteet\/kasviuutteet\/ekstrakt-z-nasion-prosa\/#primaryimage","url":"https:\/\/naturalpoland.com\/wp-content\/uploads\/ekstrakt-z-nasion-prosa.webp","contentUrl":"https:\/\/naturalpoland.com\/wp-content\/uploads\/ekstrakt-z-nasion-prosa.webp","width":1024,"height":1024,"caption":"ekstrakt z nasion prosa"},{"@type":"BreadcrumbList","@id":"https:\/\/naturalpoland.com\/fi\/tuotteet\/kasviuutteet\/ekstrakt-z-nasion-prosa\/#breadcrumb","itemListElement":[{"@type":"ListItem","position":1,"name":"Etusivu","item":"https:\/\/naturalpoland.com\/fi\/"},{"@type":"ListItem","position":2,"name":"Tuotteet","item":"https:\/\/naturalpoland.com\/fi\/tuotteet\/"},{"@type":"ListItem","position":3,"name":"Hirssinsiemenuute"}]},{"@type":"WebSite","@id":"https:\/\/naturalpoland.com\/fi\/#website","url":"https:\/\/naturalpoland.com\/fi\/","name":"NATURAL POLAND - RAAKA-AINEIDEN TUKKUJAKELIJA","description":"Surowce dla przemys\u0142u spo\u017cywczego, kosmetycznego i farmaceutycznego","publisher":{"@id":"https:\/\/naturalpoland.com\/fi\/#organization"},"potentialAction":[{"@type":"SearchAction","target":{"@type":"EntryPoint","urlTemplate":"https:\/\/naturalpoland.com\/fi\/?s={search_term_string}"},"query-input":{"@type":"PropertyValueSpecification","valueRequired":true,"valueName":"search_term_string"}}],"inLanguage":"fi"},{"@type":"Organization","@id":"https:\/\/naturalpoland.com\/fi\/#organization","name":"Natural Poland","url":"https:\/\/naturalpoland.com\/fi\/","logo":{"@type":"ImageObject","inLanguage":"fi","@id":"https:\/\/naturalpoland.com\/fi\/#\/schema\/logo\/image\/","url":"https:\/\/naturalpoland.com\/wp-content\/uploads\/2021\/05\/natural-poland-icon.png","contentUrl":"https:\/\/naturalpoland.com\/wp-content\/uploads\/2021\/05\/natural-poland-icon.png","width":512,"height":512,"caption":"Natural Poland"},"image":{"@id":"https:\/\/naturalpoland.com\/fi\/#\/schema\/logo\/image\/"},"sameAs":["https:\/\/www.facebook.com\/naturalpoland.b2b","https:\/\/pl.linkedin.com\/company\/natural-poland","https:\/\/www.youtube.com\/channel\/UCgeGGkvOMahZo-xu_MSEWxg"]}]}},"_links":{"self":[{"href":"https:\/\/naturalpoland.com\/fi\/wp-json\/wp\/v2\/product\/41883","targetHints":{"allow":["GET"]}}],"collection":[{"href":"https:\/\/naturalpoland.com\/fi\/wp-json\/wp\/v2\/product"}],"about":[{"href":"https:\/\/naturalpoland.com\/fi\/wp-json\/wp\/v2\/types\/product"}],"wp:featuredmedia":[{"embeddable":true,"href":"https:\/\/naturalpoland.com\/fi\/wp-json\/wp\/v2\/media\/41864"}],"wp:attachment":[{"href":"https:\/\/naturalpoland.com\/fi\/wp-json\/wp\/v2\/media?parent=41883"}],"wp:term":[{"taxonomy":"product_brand","embeddable":true,"href":"https:\/\/naturalpoland.com\/fi\/wp-json\/wp\/v2\/product_brand?post=41883"},{"taxonomy":"product_cat","embeddable":true,"href":"https:\/\/naturalpoland.com\/fi\/wp-json\/wp\/v2\/product_cat?post=41883"},{"taxonomy":"product_tag","embeddable":true,"href":"https:\/\/naturalpoland.com\/fi\/wp-json\/wp\/v2\/product_tag?post=41883"}],"curies":[{"name":"wp","href":"https:\/\/api.w.org\/{rel}","templated":true}]}}