{"id":41892,"date":"2025-07-08T15:51:35","date_gmt":"2025-07-08T13:51:35","guid":{"rendered":"https:\/\/naturalpoland.com\/produkty\/Ei-luokiteltu\/fosfolipidy-sojowe\/"},"modified":"2025-07-09T14:41:58","modified_gmt":"2025-07-09T12:41:58","slug":"fosfolipidy-sojowe","status":"publish","type":"product","link":"https:\/\/naturalpoland.com\/fi\/tuotteet\/laaketeollisuuden-tuotteet\/ravintolisien-ainesosat\/fosfolipidy-sojowe\/","title":{"rendered":"Soijafosfolipidit"},"content":{"rendered":"<h2>Mihin soijafosfolipidit vaikuttavat?<\/h2>\n<p>Fosfolipidit ovat avainasemassa elimist\u00f6n toiminnassa, sill\u00e4 ne ovat solukalvojen perusrakennusaineita. <strong>Fosfatidyylikoliini<\/strong>, soijafosfolipidien p\u00e4\u00e4komponentti, tukee maksan uusiutumista, parantaa lipidiprofiilia (alentaen LDL-kolesterolitasoa), vaikuttaa my\u00f6nteisesti muistiin ja keskittymiskykyyn sek\u00e4 tukee hermostoa. Sit\u00e4 k\u00e4ytet\u00e4\u00e4n my\u00f6s painonhallintaa ja kehon puhdistumista tukevissa lis\u00e4ravinteissa. Lis\u00e4ksi fosfolipidej\u00e4 hy\u00f6dynnet\u00e4\u00e4n aktiivisten aineiden kantajina moderneissa farmaseuttisissa ja ravintolis\u00e4valmisteissa (esim. liposomit), mik\u00e4 lis\u00e4\u00e4 ravinteiden ja l\u00e4\u00e4keaineiden biologista hy\u00f6tyosuutta.   <\/p>\n<h2>Kannattaako fosfolipidej\u00e4 k\u00e4ytt\u00e4\u00e4?<\/h2>\n<p>Kyll\u00e4 \u2013 fosfolipidien, erityisesti soijaper\u00e4isten, lis\u00e4ravinteilla on todistettuja terveyshy\u00f6tyj\u00e4. Sit\u00e4 suositellaan henkil\u00f6ille, jotka k\u00e4rsiv\u00e4t maksasairauksista (esim. rasvamaksa, tulehdus), kognitiivisista h\u00e4iri\u00f6ist\u00e4, oksidatiivisesta stressist\u00e4, sek\u00e4 i\u00e4kk\u00e4ille henkil\u00f6ille, joiden luonnollinen fosfolipidien synteesi on heikentynyt. Lis\u00e4ksi fosfolipidit suojaavat verisuonten sein\u00e4mi\u00e4 ja edist\u00e4v\u00e4t ihon uusiutumista, mink\u00e4 vuoksi niit\u00e4 k\u00e4ytet\u00e4\u00e4n my\u00f6s kosmetiikassa ja ihonhoitotuotteissa.  <\/p>\n<p><strong>K\u00e4ytt\u00f6kohteet:<\/strong><\/p>\n<ul>\n<li>Ravintolis\u00e4t (maksan, aivojen, hermoston tukeminen)<\/li>\n<li>L\u00e4\u00e4keaineet (aktiivisten aineiden kantaja, liposomimuodot)<\/li>\n<li>Nutraseutit ja funktionaaliset elintarvikkeet<\/li>\n<li>Kosmetiikka (kosteutus, ihon lipidisuojan uudistaminen)<\/li>\n<\/ul>\n","protected":false},"excerpt":{"rendered":"<p><strong>Soijafosfolipidit<\/strong> ovat luonnollisten lipidien kompleksi, joka on per\u00e4isin soijalesitiinist\u00e4 ja sis\u00e4lt\u00e4\u00e4 runsaasti <strong>fosfatidyylikoliinia<\/strong>. Tuote on kellert\u00e4v\u00e4\u00e4 rakeista ainetta, jolla on tunnusomainen tuoksu. <\/p>\n","protected":false},"featured_media":41839,"template":"","meta":{"_acf_changed":false},"product_brand":[],"product_cat":[535],"product_tag":[],"class_list":{"0":"post-41892","1":"product","2":"type-product","3":"status-publish","4":"has-post-thumbnail","6":"product_cat-ravintolisien-ainesosat","8":"first","9":"instock","10":"shipping-taxable","11":"product-type-simple"},"acf":[],"yoast_head":"<!-- This site is optimized with the Yoast SEO plugin v27.4 - https:\/\/yoast.com\/product\/yoast-seo-wordpress\/ -->\n<title>Soijafosfolipidit - Tukkudistribuutio<\/title>\n<meta name=\"description\" content=\"Soijafosfolipidit ovat luonnollisten lipidien kompleksi, joka on per\u00e4isin soijalesitiinist\u00e4 ja sis\u00e4lt\u00e4\u00e4 runsaasti fosfatidyylikoliinia.\" \/>\n<meta name=\"robots\" content=\"index, follow, max-snippet:-1, max-image-preview:large, max-video-preview:-1\" \/>\n<link rel=\"canonical\" href=\"https:\/\/naturalpoland.com\/fi\/tuotteet\/laaketeollisuuden-tuotteet\/ravintolisien-ainesosat\/fosfolipidy-sojowe\/\" \/>\n<meta property=\"og:locale\" content=\"fi_FI\" \/>\n<meta property=\"og:type\" content=\"article\" \/>\n<meta property=\"og:title\" content=\"Soijafosfolipidit - Tukkudistribuutio\" \/>\n<meta property=\"og:description\" content=\"Soijafosfolipidit ovat luonnollisten lipidien kompleksi, joka on per\u00e4isin soijalesitiinist\u00e4 ja sis\u00e4lt\u00e4\u00e4 runsaasti fosfatidyylikoliinia.\" \/>\n<meta property=\"og:url\" content=\"https:\/\/naturalpoland.com\/fi\/tuotteet\/laaketeollisuuden-tuotteet\/ravintolisien-ainesosat\/fosfolipidy-sojowe\/\" \/>\n<meta property=\"og:site_name\" content=\"NATURAL POLAND - RAAKA-AINEIDEN TUKKUJAKELIJA\" \/>\n<meta property=\"article:publisher\" content=\"https:\/\/www.facebook.com\/naturalpoland.b2b\" \/>\n<meta property=\"article:modified_time\" content=\"2025-07-09T12:41:58+00:00\" \/>\n<meta property=\"og:image\" content=\"https:\/\/naturalpoland.com\/wp-content\/uploads\/fosfolipidy-sojowe.webp\" \/>\n\t<meta property=\"og:image:width\" content=\"1024\" \/>\n\t<meta property=\"og:image:height\" content=\"1024\" \/>\n\t<meta property=\"og:image:type\" content=\"image\/webp\" \/>\n<script type=\"application\/ld+json\" class=\"yoast-schema-graph\">{\"@context\":\"https:\\\/\\\/schema.org\",\"@graph\":[{\"@type\":\"WebPage\",\"@id\":\"https:\\\/\\\/naturalpoland.com\\\/fi\\\/tuotteet\\\/laaketeollisuuden-tuotteet\\\/ravintolisien-ainesosat\\\/fosfolipidy-sojowe\\\/\",\"url\":\"https:\\\/\\\/naturalpoland.com\\\/fi\\\/tuotteet\\\/laaketeollisuuden-tuotteet\\\/ravintolisien-ainesosat\\\/fosfolipidy-sojowe\\\/\",\"name\":\"Soijafosfolipidit - Tukkudistribuutio\",\"isPartOf\":{\"@id\":\"https:\\\/\\\/naturalpoland.com\\\/fi\\\/#website\"},\"primaryImageOfPage\":{\"@id\":\"https:\\\/\\\/naturalpoland.com\\\/fi\\\/tuotteet\\\/laaketeollisuuden-tuotteet\\\/ravintolisien-ainesosat\\\/fosfolipidy-sojowe\\\/#primaryimage\"},\"image\":{\"@id\":\"https:\\\/\\\/naturalpoland.com\\\/fi\\\/tuotteet\\\/laaketeollisuuden-tuotteet\\\/ravintolisien-ainesosat\\\/fosfolipidy-sojowe\\\/#primaryimage\"},\"thumbnailUrl\":\"https:\\\/\\\/naturalpoland.com\\\/wp-content\\\/uploads\\\/fosfolipidy-sojowe.webp\",\"datePublished\":\"2025-07-08T13:51:35+00:00\",\"dateModified\":\"2025-07-09T12:41:58+00:00\",\"description\":\"Soijafosfolipidit ovat luonnollisten lipidien kompleksi, joka on per\u00e4isin soijalesitiinist\u00e4 ja sis\u00e4lt\u00e4\u00e4 runsaasti fosfatidyylikoliinia.\",\"breadcrumb\":{\"@id\":\"https:\\\/\\\/naturalpoland.com\\\/fi\\\/tuotteet\\\/laaketeollisuuden-tuotteet\\\/ravintolisien-ainesosat\\\/fosfolipidy-sojowe\\\/#breadcrumb\"},\"inLanguage\":\"fi\",\"potentialAction\":[{\"@type\":\"ReadAction\",\"target\":[\"https:\\\/\\\/naturalpoland.com\\\/fi\\\/tuotteet\\\/laaketeollisuuden-tuotteet\\\/ravintolisien-ainesosat\\\/fosfolipidy-sojowe\\\/\"]}]},{\"@type\":\"ImageObject\",\"inLanguage\":\"fi\",\"@id\":\"https:\\\/\\\/naturalpoland.com\\\/fi\\\/tuotteet\\\/laaketeollisuuden-tuotteet\\\/ravintolisien-ainesosat\\\/fosfolipidy-sojowe\\\/#primaryimage\",\"url\":\"https:\\\/\\\/naturalpoland.com\\\/wp-content\\\/uploads\\\/fosfolipidy-sojowe.webp\",\"contentUrl\":\"https:\\\/\\\/naturalpoland.com\\\/wp-content\\\/uploads\\\/fosfolipidy-sojowe.webp\",\"width\":1024,\"height\":1024,\"caption\":\"fosfolipidy sojowe\"},{\"@type\":\"BreadcrumbList\",\"@id\":\"https:\\\/\\\/naturalpoland.com\\\/fi\\\/tuotteet\\\/laaketeollisuuden-tuotteet\\\/ravintolisien-ainesosat\\\/fosfolipidy-sojowe\\\/#breadcrumb\",\"itemListElement\":[{\"@type\":\"ListItem\",\"position\":1,\"name\":\"Etusivu\",\"item\":\"https:\\\/\\\/naturalpoland.com\\\/fi\\\/\"},{\"@type\":\"ListItem\",\"position\":2,\"name\":\"Tuotteet\",\"item\":\"https:\\\/\\\/naturalpoland.com\\\/fi\\\/tuotteet\\\/\"},{\"@type\":\"ListItem\",\"position\":3,\"name\":\"Soijafosfolipidit\"}]},{\"@type\":\"WebSite\",\"@id\":\"https:\\\/\\\/naturalpoland.com\\\/fi\\\/#website\",\"url\":\"https:\\\/\\\/naturalpoland.com\\\/fi\\\/\",\"name\":\"NATURAL POLAND - RAAKA-AINEIDEN TUKKUJAKELIJA\",\"description\":\"Surowce dla przemys\u0142u spo\u017cywczego, kosmetycznego i farmaceutycznego\",\"publisher\":{\"@id\":\"https:\\\/\\\/naturalpoland.com\\\/fi\\\/#organization\"},\"potentialAction\":[{\"@type\":\"SearchAction\",\"target\":{\"@type\":\"EntryPoint\",\"urlTemplate\":\"https:\\\/\\\/naturalpoland.com\\\/fi\\\/?s={search_term_string}\"},\"query-input\":{\"@type\":\"PropertyValueSpecification\",\"valueRequired\":true,\"valueName\":\"search_term_string\"}}],\"inLanguage\":\"fi\"},{\"@type\":\"Organization\",\"@id\":\"https:\\\/\\\/naturalpoland.com\\\/fi\\\/#organization\",\"name\":\"Natural Poland\",\"url\":\"https:\\\/\\\/naturalpoland.com\\\/fi\\\/\",\"logo\":{\"@type\":\"ImageObject\",\"inLanguage\":\"fi\",\"@id\":\"https:\\\/\\\/naturalpoland.com\\\/fi\\\/#\\\/schema\\\/logo\\\/image\\\/\",\"url\":\"https:\\\/\\\/naturalpoland.com\\\/wp-content\\\/uploads\\\/2021\\\/05\\\/natural-poland-icon.png\",\"contentUrl\":\"https:\\\/\\\/naturalpoland.com\\\/wp-content\\\/uploads\\\/2021\\\/05\\\/natural-poland-icon.png\",\"width\":512,\"height\":512,\"caption\":\"Natural Poland\"},\"image\":{\"@id\":\"https:\\\/\\\/naturalpoland.com\\\/fi\\\/#\\\/schema\\\/logo\\\/image\\\/\"},\"sameAs\":[\"https:\\\/\\\/www.facebook.com\\\/naturalpoland.b2b\",\"https:\\\/\\\/pl.linkedin.com\\\/company\\\/natural-poland\",\"https:\\\/\\\/www.youtube.com\\\/channel\\\/UCgeGGkvOMahZo-xu_MSEWxg\"]}]}<\/script>\n<!-- \/ Yoast SEO plugin. -->","yoast_head_json":{"title":"Soijafosfolipidit - Tukkudistribuutio","description":"Soijafosfolipidit ovat luonnollisten lipidien kompleksi, joka on per\u00e4isin soijalesitiinist\u00e4 ja sis\u00e4lt\u00e4\u00e4 runsaasti fosfatidyylikoliinia.","robots":{"index":"index","follow":"follow","max-snippet":"max-snippet:-1","max-image-preview":"max-image-preview:large","max-video-preview":"max-video-preview:-1"},"canonical":"https:\/\/naturalpoland.com\/fi\/tuotteet\/laaketeollisuuden-tuotteet\/ravintolisien-ainesosat\/fosfolipidy-sojowe\/","og_locale":"fi_FI","og_type":"article","og_title":"Soijafosfolipidit - Tukkudistribuutio","og_description":"Soijafosfolipidit ovat luonnollisten lipidien kompleksi, joka on per\u00e4isin soijalesitiinist\u00e4 ja sis\u00e4lt\u00e4\u00e4 runsaasti fosfatidyylikoliinia.","og_url":"https:\/\/naturalpoland.com\/fi\/tuotteet\/laaketeollisuuden-tuotteet\/ravintolisien-ainesosat\/fosfolipidy-sojowe\/","og_site_name":"NATURAL POLAND - RAAKA-AINEIDEN TUKKUJAKELIJA","article_publisher":"https:\/\/www.facebook.com\/naturalpoland.b2b","article_modified_time":"2025-07-09T12:41:58+00:00","og_image":[{"width":1024,"height":1024,"url":"https:\/\/naturalpoland.com\/wp-content\/uploads\/fosfolipidy-sojowe.webp","type":"image\/webp"}],"schema":{"@context":"https:\/\/schema.org","@graph":[{"@type":"WebPage","@id":"https:\/\/naturalpoland.com\/fi\/tuotteet\/laaketeollisuuden-tuotteet\/ravintolisien-ainesosat\/fosfolipidy-sojowe\/","url":"https:\/\/naturalpoland.com\/fi\/tuotteet\/laaketeollisuuden-tuotteet\/ravintolisien-ainesosat\/fosfolipidy-sojowe\/","name":"Soijafosfolipidit - Tukkudistribuutio","isPartOf":{"@id":"https:\/\/naturalpoland.com\/fi\/#website"},"primaryImageOfPage":{"@id":"https:\/\/naturalpoland.com\/fi\/tuotteet\/laaketeollisuuden-tuotteet\/ravintolisien-ainesosat\/fosfolipidy-sojowe\/#primaryimage"},"image":{"@id":"https:\/\/naturalpoland.com\/fi\/tuotteet\/laaketeollisuuden-tuotteet\/ravintolisien-ainesosat\/fosfolipidy-sojowe\/#primaryimage"},"thumbnailUrl":"https:\/\/naturalpoland.com\/wp-content\/uploads\/fosfolipidy-sojowe.webp","datePublished":"2025-07-08T13:51:35+00:00","dateModified":"2025-07-09T12:41:58+00:00","description":"Soijafosfolipidit ovat luonnollisten lipidien kompleksi, joka on per\u00e4isin soijalesitiinist\u00e4 ja sis\u00e4lt\u00e4\u00e4 runsaasti fosfatidyylikoliinia.","breadcrumb":{"@id":"https:\/\/naturalpoland.com\/fi\/tuotteet\/laaketeollisuuden-tuotteet\/ravintolisien-ainesosat\/fosfolipidy-sojowe\/#breadcrumb"},"inLanguage":"fi","potentialAction":[{"@type":"ReadAction","target":["https:\/\/naturalpoland.com\/fi\/tuotteet\/laaketeollisuuden-tuotteet\/ravintolisien-ainesosat\/fosfolipidy-sojowe\/"]}]},{"@type":"ImageObject","inLanguage":"fi","@id":"https:\/\/naturalpoland.com\/fi\/tuotteet\/laaketeollisuuden-tuotteet\/ravintolisien-ainesosat\/fosfolipidy-sojowe\/#primaryimage","url":"https:\/\/naturalpoland.com\/wp-content\/uploads\/fosfolipidy-sojowe.webp","contentUrl":"https:\/\/naturalpoland.com\/wp-content\/uploads\/fosfolipidy-sojowe.webp","width":1024,"height":1024,"caption":"fosfolipidy sojowe"},{"@type":"BreadcrumbList","@id":"https:\/\/naturalpoland.com\/fi\/tuotteet\/laaketeollisuuden-tuotteet\/ravintolisien-ainesosat\/fosfolipidy-sojowe\/#breadcrumb","itemListElement":[{"@type":"ListItem","position":1,"name":"Etusivu","item":"https:\/\/naturalpoland.com\/fi\/"},{"@type":"ListItem","position":2,"name":"Tuotteet","item":"https:\/\/naturalpoland.com\/fi\/tuotteet\/"},{"@type":"ListItem","position":3,"name":"Soijafosfolipidit"}]},{"@type":"WebSite","@id":"https:\/\/naturalpoland.com\/fi\/#website","url":"https:\/\/naturalpoland.com\/fi\/","name":"NATURAL POLAND - RAAKA-AINEIDEN TUKKUJAKELIJA","description":"Surowce dla przemys\u0142u spo\u017cywczego, kosmetycznego i farmaceutycznego","publisher":{"@id":"https:\/\/naturalpoland.com\/fi\/#organization"},"potentialAction":[{"@type":"SearchAction","target":{"@type":"EntryPoint","urlTemplate":"https:\/\/naturalpoland.com\/fi\/?s={search_term_string}"},"query-input":{"@type":"PropertyValueSpecification","valueRequired":true,"valueName":"search_term_string"}}],"inLanguage":"fi"},{"@type":"Organization","@id":"https:\/\/naturalpoland.com\/fi\/#organization","name":"Natural Poland","url":"https:\/\/naturalpoland.com\/fi\/","logo":{"@type":"ImageObject","inLanguage":"fi","@id":"https:\/\/naturalpoland.com\/fi\/#\/schema\/logo\/image\/","url":"https:\/\/naturalpoland.com\/wp-content\/uploads\/2021\/05\/natural-poland-icon.png","contentUrl":"https:\/\/naturalpoland.com\/wp-content\/uploads\/2021\/05\/natural-poland-icon.png","width":512,"height":512,"caption":"Natural Poland"},"image":{"@id":"https:\/\/naturalpoland.com\/fi\/#\/schema\/logo\/image\/"},"sameAs":["https:\/\/www.facebook.com\/naturalpoland.b2b","https:\/\/pl.linkedin.com\/company\/natural-poland","https:\/\/www.youtube.com\/channel\/UCgeGGkvOMahZo-xu_MSEWxg"]}]}},"_links":{"self":[{"href":"https:\/\/naturalpoland.com\/fi\/wp-json\/wp\/v2\/product\/41892","targetHints":{"allow":["GET"]}}],"collection":[{"href":"https:\/\/naturalpoland.com\/fi\/wp-json\/wp\/v2\/product"}],"about":[{"href":"https:\/\/naturalpoland.com\/fi\/wp-json\/wp\/v2\/types\/product"}],"wp:featuredmedia":[{"embeddable":true,"href":"https:\/\/naturalpoland.com\/fi\/wp-json\/wp\/v2\/media\/41839"}],"wp:attachment":[{"href":"https:\/\/naturalpoland.com\/fi\/wp-json\/wp\/v2\/media?parent=41892"}],"wp:term":[{"taxonomy":"product_brand","embeddable":true,"href":"https:\/\/naturalpoland.com\/fi\/wp-json\/wp\/v2\/product_brand?post=41892"},{"taxonomy":"product_cat","embeddable":true,"href":"https:\/\/naturalpoland.com\/fi\/wp-json\/wp\/v2\/product_cat?post=41892"},{"taxonomy":"product_tag","embeddable":true,"href":"https:\/\/naturalpoland.com\/fi\/wp-json\/wp\/v2\/product_tag?post=41892"}],"curies":[{"name":"wp","href":"https:\/\/api.w.org\/{rel}","templated":true}]}}