{"id":42555,"date":"2025-07-17T15:11:45","date_gmt":"2025-07-17T13:11:45","guid":{"rendered":"https:\/\/naturalpoland.com\/produkty\/Ei-luokiteltu\/baobabhedelmajauhe\/"},"modified":"2025-08-07T14:17:58","modified_gmt":"2025-08-07T12:17:58","slug":"baobabhedelmajauhe","status":"publish","type":"product","link":"https:\/\/naturalpoland.com\/fi\/tuotteet\/elintarviketeollisuuden-tuotteet\/raaka-aineet-tuotantoon\/baobabhedelmajauhe\/","title":{"rendered":"Baobabhedelm\u00e4jauhe"},"content":{"rendered":"<h2>Baobabjauheen ominaisuudet<\/h2>\n<p>Baobabijauhe on arvokas vitamiinien (erityisesti C-vitamiinin), antioksidanttien, kuidun ja kivenn\u00e4isaineiden, kuten kalsiumin, kaliumin, magnesiumin ja raudan l\u00e4hde. Ominaisuuksiensa ansiosta se voi: <\/p>\n<ul>\n<li>tukea immuunij\u00e4rjestelm\u00e4\u00e4,<\/li>\n<li>parantaa ruoansulatusta,<\/li>\n<li>edist\u00e4\u00e4 aineenvaihduntaa,<\/li>\n<li>nostaa luonnollisesti energiatasoa.<\/li>\n<\/ul>\n<p>Korkean kuitupitoisuutensa vuoksi sit\u00e4 k\u00e4ytet\u00e4\u00e4n usein my\u00f6s suoliston peristaltiikkaa ja <strong>suoliston mikrobiotan terveytt\u00e4<\/strong> edist\u00e4v\u00e4n\u00e4 ainesosana.<\/p>\n<h2>K\u00e4ytt\u00f6kohteet<\/h2>\n<p>Baobabjauhetta k\u00e4ytet\u00e4\u00e4n elintarvike-, lis\u00e4ravinne- ja kosmetiikkateollisuudessa. Sit\u00e4 voidaan k\u00e4ytt\u00e4\u00e4 funktionaalisten juomien, patukoiden, ravintojauheiden ja kasvijogurttien ainesosana tai luonnollisena sakeuttamisaineena ja ravintoarvon parantajana. Kosmetiikassa &#8211; erityisesti luonnonkosmetiikassa &#8211; sit\u00e4 k\u00e4ytet\u00e4\u00e4n kosteuttavana, kirkastava ja antioksidanttisena ainesosana.  <\/p>\n<p>Miedon makunsa ja terveysvaikutustensa ansiosta baobabijauhe on arvokas ja monipuolinen lis\u00e4 moniin resepteihin, parantaen lopputuotteiden toiminnallisuutta ja arvoa.<\/p>\n","protected":false},"excerpt":{"rendered":"<p>Luomu <strong>baobabhedelm\u00e4jauhe<\/strong> saadaan baobabpuun (<em>Adansonia digitata<\/em>) hedelmien hedelm\u00e4lihasta, joka tunnetaan my\u00f6s nimell\u00e4 \u201del\u00e4m\u00e4n puu\u201d. T\u00e4m\u00e4 raaka-aine erottuu ominaisella tuoksullaan ja maullaan, jossa ei ole vieraita vivahteita. Se on 100% luonnollinen ja luomusertifioitu tuote.  <\/p>\n","protected":false},"featured_media":42057,"template":"","meta":{"_acf_changed":false},"product_brand":[],"product_cat":[535,547],"product_tag":[],"class_list":{"0":"post-42555","1":"product","2":"type-product","3":"status-publish","4":"has-post-thumbnail","6":"product_cat-ravintolisien-ainesosat","7":"product_cat-raaka-aineet-tuotantoon","8":"pa_czesc-rosliny-hedelmat","10":"first","11":"instock","12":"shipping-taxable","13":"product-type-simple"},"acf":[],"yoast_head":"<!-- This site is optimized with the Yoast SEO plugin v27.6 - https:\/\/yoast.com\/product\/yoast-seo-wordpress\/ -->\n<title>Baobabhedelm\u00e4jauhe - Tukkudistribuutio<\/title>\n<meta name=\"description\" content=\"Luomu baobabhedelm\u00e4jauhe on luonnollinen raaka-aine, joka saadaan baobabpuun (Adansonia digitata) hedelmien hedelm\u00e4lihasta.\" \/>\n<meta name=\"robots\" content=\"index, follow, max-snippet:-1, max-image-preview:large, max-video-preview:-1\" \/>\n<link rel=\"canonical\" href=\"https:\/\/naturalpoland.com\/fi\/tuotteet\/elintarviketeollisuuden-tuotteet\/raaka-aineet-tuotantoon\/baobabhedelmajauhe\/\" \/>\n<meta property=\"og:locale\" content=\"fi_FI\" \/>\n<meta property=\"og:type\" content=\"article\" \/>\n<meta property=\"og:title\" content=\"Baobabhedelm\u00e4jauhe - Tukkudistribuutio\" \/>\n<meta property=\"og:description\" content=\"Luomu baobabhedelm\u00e4jauhe on luonnollinen raaka-aine, joka saadaan baobabpuun (Adansonia digitata) hedelmien hedelm\u00e4lihasta.\" \/>\n<meta property=\"og:url\" content=\"https:\/\/naturalpoland.com\/fi\/tuotteet\/elintarviketeollisuuden-tuotteet\/raaka-aineet-tuotantoon\/baobabhedelmajauhe\/\" \/>\n<meta property=\"og:site_name\" content=\"NATURAL POLAND - RAAKA-AINEIDEN TUKKUJAKELIJA\" \/>\n<meta property=\"article:publisher\" content=\"https:\/\/www.facebook.com\/naturalpoland.b2b\" \/>\n<meta property=\"article:modified_time\" content=\"2025-08-07T12:17:58+00:00\" \/>\n<meta property=\"og:image\" content=\"https:\/\/naturalpoland.com\/wp-content\/uploads\/proszek-z-owocu-baobabu.webp\" \/>\n\t<meta property=\"og:image:width\" content=\"1024\" \/>\n\t<meta property=\"og:image:height\" content=\"1024\" \/>\n\t<meta property=\"og:image:type\" content=\"image\/webp\" \/>\n<script type=\"application\/ld+json\" class=\"yoast-schema-graph\">{\"@context\":\"https:\\\/\\\/schema.org\",\"@graph\":[{\"@type\":\"WebPage\",\"@id\":\"https:\\\/\\\/naturalpoland.com\\\/fi\\\/tuotteet\\\/elintarviketeollisuuden-tuotteet\\\/raaka-aineet-tuotantoon\\\/baobabhedelmajauhe\\\/\",\"url\":\"https:\\\/\\\/naturalpoland.com\\\/fi\\\/tuotteet\\\/elintarviketeollisuuden-tuotteet\\\/raaka-aineet-tuotantoon\\\/baobabhedelmajauhe\\\/\",\"name\":\"Baobabhedelm\u00e4jauhe - Tukkudistribuutio\",\"isPartOf\":{\"@id\":\"https:\\\/\\\/naturalpoland.com\\\/fi\\\/#website\"},\"primaryImageOfPage\":{\"@id\":\"https:\\\/\\\/naturalpoland.com\\\/fi\\\/tuotteet\\\/elintarviketeollisuuden-tuotteet\\\/raaka-aineet-tuotantoon\\\/baobabhedelmajauhe\\\/#primaryimage\"},\"image\":{\"@id\":\"https:\\\/\\\/naturalpoland.com\\\/fi\\\/tuotteet\\\/elintarviketeollisuuden-tuotteet\\\/raaka-aineet-tuotantoon\\\/baobabhedelmajauhe\\\/#primaryimage\"},\"thumbnailUrl\":\"https:\\\/\\\/naturalpoland.com\\\/wp-content\\\/uploads\\\/proszek-z-owocu-baobabu.webp\",\"datePublished\":\"2025-07-17T13:11:45+00:00\",\"dateModified\":\"2025-08-07T12:17:58+00:00\",\"description\":\"Luomu baobabhedelm\u00e4jauhe on luonnollinen raaka-aine, joka saadaan baobabpuun (Adansonia digitata) hedelmien hedelm\u00e4lihasta.\",\"breadcrumb\":{\"@id\":\"https:\\\/\\\/naturalpoland.com\\\/fi\\\/tuotteet\\\/elintarviketeollisuuden-tuotteet\\\/raaka-aineet-tuotantoon\\\/baobabhedelmajauhe\\\/#breadcrumb\"},\"inLanguage\":\"fi\",\"potentialAction\":[{\"@type\":\"ReadAction\",\"target\":[\"https:\\\/\\\/naturalpoland.com\\\/fi\\\/tuotteet\\\/elintarviketeollisuuden-tuotteet\\\/raaka-aineet-tuotantoon\\\/baobabhedelmajauhe\\\/\"]}]},{\"@type\":\"ImageObject\",\"inLanguage\":\"fi\",\"@id\":\"https:\\\/\\\/naturalpoland.com\\\/fi\\\/tuotteet\\\/elintarviketeollisuuden-tuotteet\\\/raaka-aineet-tuotantoon\\\/baobabhedelmajauhe\\\/#primaryimage\",\"url\":\"https:\\\/\\\/naturalpoland.com\\\/wp-content\\\/uploads\\\/proszek-z-owocu-baobabu.webp\",\"contentUrl\":\"https:\\\/\\\/naturalpoland.com\\\/wp-content\\\/uploads\\\/proszek-z-owocu-baobabu.webp\",\"width\":1024,\"height\":1024,\"caption\":\"proszek z owoc\u00f3w baobabu\"},{\"@type\":\"BreadcrumbList\",\"@id\":\"https:\\\/\\\/naturalpoland.com\\\/fi\\\/tuotteet\\\/elintarviketeollisuuden-tuotteet\\\/raaka-aineet-tuotantoon\\\/baobabhedelmajauhe\\\/#breadcrumb\",\"itemListElement\":[{\"@type\":\"ListItem\",\"position\":1,\"name\":\"Etusivu\",\"item\":\"https:\\\/\\\/naturalpoland.com\\\/fi\\\/\"},{\"@type\":\"ListItem\",\"position\":2,\"name\":\"Tuotteet\",\"item\":\"https:\\\/\\\/naturalpoland.com\\\/fi\\\/tuotteet\\\/\"},{\"@type\":\"ListItem\",\"position\":3,\"name\":\"Baobabhedelm\u00e4jauhe\"}]},{\"@type\":\"WebSite\",\"@id\":\"https:\\\/\\\/naturalpoland.com\\\/fi\\\/#website\",\"url\":\"https:\\\/\\\/naturalpoland.com\\\/fi\\\/\",\"name\":\"NATURAL POLAND - RAAKA-AINEIDEN TUKKUJAKELIJA\",\"description\":\"Surowce dla przemys\u0142u spo\u017cywczego, kosmetycznego i farmaceutycznego\",\"publisher\":{\"@id\":\"https:\\\/\\\/naturalpoland.com\\\/fi\\\/#organization\"},\"potentialAction\":[{\"@type\":\"SearchAction\",\"target\":{\"@type\":\"EntryPoint\",\"urlTemplate\":\"https:\\\/\\\/naturalpoland.com\\\/fi\\\/?s={search_term_string}\"},\"query-input\":{\"@type\":\"PropertyValueSpecification\",\"valueRequired\":true,\"valueName\":\"search_term_string\"}}],\"inLanguage\":\"fi\"},{\"@type\":\"Organization\",\"@id\":\"https:\\\/\\\/naturalpoland.com\\\/fi\\\/#organization\",\"name\":\"Natural Poland\",\"url\":\"https:\\\/\\\/naturalpoland.com\\\/fi\\\/\",\"logo\":{\"@type\":\"ImageObject\",\"inLanguage\":\"fi\",\"@id\":\"https:\\\/\\\/naturalpoland.com\\\/fi\\\/#\\\/schema\\\/logo\\\/image\\\/\",\"url\":\"https:\\\/\\\/naturalpoland.com\\\/wp-content\\\/uploads\\\/2021\\\/05\\\/natural-poland-icon.png\",\"contentUrl\":\"https:\\\/\\\/naturalpoland.com\\\/wp-content\\\/uploads\\\/2021\\\/05\\\/natural-poland-icon.png\",\"width\":512,\"height\":512,\"caption\":\"Natural Poland\"},\"image\":{\"@id\":\"https:\\\/\\\/naturalpoland.com\\\/fi\\\/#\\\/schema\\\/logo\\\/image\\\/\"},\"sameAs\":[\"https:\\\/\\\/www.facebook.com\\\/naturalpoland.b2b\",\"https:\\\/\\\/pl.linkedin.com\\\/company\\\/natural-poland\",\"https:\\\/\\\/www.youtube.com\\\/channel\\\/UCgeGGkvOMahZo-xu_MSEWxg\"]}]}<\/script>\n<!-- \/ Yoast SEO plugin. -->","yoast_head_json":{"title":"Baobabhedelm\u00e4jauhe - Tukkudistribuutio","description":"Luomu baobabhedelm\u00e4jauhe on luonnollinen raaka-aine, joka saadaan baobabpuun (Adansonia digitata) hedelmien hedelm\u00e4lihasta.","robots":{"index":"index","follow":"follow","max-snippet":"max-snippet:-1","max-image-preview":"max-image-preview:large","max-video-preview":"max-video-preview:-1"},"canonical":"https:\/\/naturalpoland.com\/fi\/tuotteet\/elintarviketeollisuuden-tuotteet\/raaka-aineet-tuotantoon\/baobabhedelmajauhe\/","og_locale":"fi_FI","og_type":"article","og_title":"Baobabhedelm\u00e4jauhe - Tukkudistribuutio","og_description":"Luomu baobabhedelm\u00e4jauhe on luonnollinen raaka-aine, joka saadaan baobabpuun (Adansonia digitata) hedelmien hedelm\u00e4lihasta.","og_url":"https:\/\/naturalpoland.com\/fi\/tuotteet\/elintarviketeollisuuden-tuotteet\/raaka-aineet-tuotantoon\/baobabhedelmajauhe\/","og_site_name":"NATURAL POLAND - RAAKA-AINEIDEN TUKKUJAKELIJA","article_publisher":"https:\/\/www.facebook.com\/naturalpoland.b2b","article_modified_time":"2025-08-07T12:17:58+00:00","og_image":[{"width":1024,"height":1024,"url":"https:\/\/naturalpoland.com\/wp-content\/uploads\/proszek-z-owocu-baobabu.webp","type":"image\/webp"}],"schema":{"@context":"https:\/\/schema.org","@graph":[{"@type":"WebPage","@id":"https:\/\/naturalpoland.com\/fi\/tuotteet\/elintarviketeollisuuden-tuotteet\/raaka-aineet-tuotantoon\/baobabhedelmajauhe\/","url":"https:\/\/naturalpoland.com\/fi\/tuotteet\/elintarviketeollisuuden-tuotteet\/raaka-aineet-tuotantoon\/baobabhedelmajauhe\/","name":"Baobabhedelm\u00e4jauhe - Tukkudistribuutio","isPartOf":{"@id":"https:\/\/naturalpoland.com\/fi\/#website"},"primaryImageOfPage":{"@id":"https:\/\/naturalpoland.com\/fi\/tuotteet\/elintarviketeollisuuden-tuotteet\/raaka-aineet-tuotantoon\/baobabhedelmajauhe\/#primaryimage"},"image":{"@id":"https:\/\/naturalpoland.com\/fi\/tuotteet\/elintarviketeollisuuden-tuotteet\/raaka-aineet-tuotantoon\/baobabhedelmajauhe\/#primaryimage"},"thumbnailUrl":"https:\/\/naturalpoland.com\/wp-content\/uploads\/proszek-z-owocu-baobabu.webp","datePublished":"2025-07-17T13:11:45+00:00","dateModified":"2025-08-07T12:17:58+00:00","description":"Luomu baobabhedelm\u00e4jauhe on luonnollinen raaka-aine, joka saadaan baobabpuun (Adansonia digitata) hedelmien hedelm\u00e4lihasta.","breadcrumb":{"@id":"https:\/\/naturalpoland.com\/fi\/tuotteet\/elintarviketeollisuuden-tuotteet\/raaka-aineet-tuotantoon\/baobabhedelmajauhe\/#breadcrumb"},"inLanguage":"fi","potentialAction":[{"@type":"ReadAction","target":["https:\/\/naturalpoland.com\/fi\/tuotteet\/elintarviketeollisuuden-tuotteet\/raaka-aineet-tuotantoon\/baobabhedelmajauhe\/"]}]},{"@type":"ImageObject","inLanguage":"fi","@id":"https:\/\/naturalpoland.com\/fi\/tuotteet\/elintarviketeollisuuden-tuotteet\/raaka-aineet-tuotantoon\/baobabhedelmajauhe\/#primaryimage","url":"https:\/\/naturalpoland.com\/wp-content\/uploads\/proszek-z-owocu-baobabu.webp","contentUrl":"https:\/\/naturalpoland.com\/wp-content\/uploads\/proszek-z-owocu-baobabu.webp","width":1024,"height":1024,"caption":"proszek z owoc\u00f3w baobabu"},{"@type":"BreadcrumbList","@id":"https:\/\/naturalpoland.com\/fi\/tuotteet\/elintarviketeollisuuden-tuotteet\/raaka-aineet-tuotantoon\/baobabhedelmajauhe\/#breadcrumb","itemListElement":[{"@type":"ListItem","position":1,"name":"Etusivu","item":"https:\/\/naturalpoland.com\/fi\/"},{"@type":"ListItem","position":2,"name":"Tuotteet","item":"https:\/\/naturalpoland.com\/fi\/tuotteet\/"},{"@type":"ListItem","position":3,"name":"Baobabhedelm\u00e4jauhe"}]},{"@type":"WebSite","@id":"https:\/\/naturalpoland.com\/fi\/#website","url":"https:\/\/naturalpoland.com\/fi\/","name":"NATURAL POLAND - RAAKA-AINEIDEN TUKKUJAKELIJA","description":"Surowce dla przemys\u0142u spo\u017cywczego, kosmetycznego i farmaceutycznego","publisher":{"@id":"https:\/\/naturalpoland.com\/fi\/#organization"},"potentialAction":[{"@type":"SearchAction","target":{"@type":"EntryPoint","urlTemplate":"https:\/\/naturalpoland.com\/fi\/?s={search_term_string}"},"query-input":{"@type":"PropertyValueSpecification","valueRequired":true,"valueName":"search_term_string"}}],"inLanguage":"fi"},{"@type":"Organization","@id":"https:\/\/naturalpoland.com\/fi\/#organization","name":"Natural Poland","url":"https:\/\/naturalpoland.com\/fi\/","logo":{"@type":"ImageObject","inLanguage":"fi","@id":"https:\/\/naturalpoland.com\/fi\/#\/schema\/logo\/image\/","url":"https:\/\/naturalpoland.com\/wp-content\/uploads\/2021\/05\/natural-poland-icon.png","contentUrl":"https:\/\/naturalpoland.com\/wp-content\/uploads\/2021\/05\/natural-poland-icon.png","width":512,"height":512,"caption":"Natural Poland"},"image":{"@id":"https:\/\/naturalpoland.com\/fi\/#\/schema\/logo\/image\/"},"sameAs":["https:\/\/www.facebook.com\/naturalpoland.b2b","https:\/\/pl.linkedin.com\/company\/natural-poland","https:\/\/www.youtube.com\/channel\/UCgeGGkvOMahZo-xu_MSEWxg"]}]}},"_links":{"self":[{"href":"https:\/\/naturalpoland.com\/fi\/wp-json\/wp\/v2\/product\/42555","targetHints":{"allow":["GET"]}}],"collection":[{"href":"https:\/\/naturalpoland.com\/fi\/wp-json\/wp\/v2\/product"}],"about":[{"href":"https:\/\/naturalpoland.com\/fi\/wp-json\/wp\/v2\/types\/product"}],"wp:featuredmedia":[{"embeddable":true,"href":"https:\/\/naturalpoland.com\/fi\/wp-json\/wp\/v2\/media\/42057"}],"wp:attachment":[{"href":"https:\/\/naturalpoland.com\/fi\/wp-json\/wp\/v2\/media?parent=42555"}],"wp:term":[{"taxonomy":"product_brand","embeddable":true,"href":"https:\/\/naturalpoland.com\/fi\/wp-json\/wp\/v2\/product_brand?post=42555"},{"taxonomy":"product_cat","embeddable":true,"href":"https:\/\/naturalpoland.com\/fi\/wp-json\/wp\/v2\/product_cat?post=42555"},{"taxonomy":"product_tag","embeddable":true,"href":"https:\/\/naturalpoland.com\/fi\/wp-json\/wp\/v2\/product_tag?post=42555"}],"curies":[{"name":"wp","href":"https:\/\/api.w.org\/{rel}","templated":true}]}}