{"id":42590,"date":"2025-08-07T14:33:31","date_gmt":"2025-08-07T12:33:31","guid":{"rendered":"https:\/\/naturalpoland.com\/produkty\/Ei-luokiteltu\/kasviperaiset-raaka-aineet-hevosille\/"},"modified":"2025-08-07T14:33:33","modified_gmt":"2025-08-07T12:33:33","slug":"kasviperaiset-raaka-aineet-hevosille","status":"publish","type":"product","link":"https:\/\/naturalpoland.com\/fi\/tuotteet\/raaka-aineet-elainten-rehuille\/kasviperaiset-raaka-aineet-hevosille\/","title":{"rendered":"Kasviper\u00e4iset raaka-aineet hevosille"},"content":{"rendered":"<h2>Kuivatut vihannekset:<\/h2>\n<div class=\"row\"  id=\"row-694064776\">\n\n\t<div id=\"col-1341754172\" class=\"col medium-1\/2 large-6\"  >\n\t\t\t\t<div class=\"col-inner\"  >\n\t\t\t\n\t\t\t\n<ul>\n<li>Papuhiutaleet<\/li>\n<li>Parsakaali- ja hernehiutaleet<\/li>\n<li>Kurkkuviipaleet<\/li>\n<li>Johanneksenleip\u00e4puun palot<\/li>\n<li>Porkkanakuutiot 10x10x2 mm<\/li>\n<li>Porkkanaviipaleet<\/li>\n<li>Perunakuutiot<\/li>\n<li>Perunahiutaleet<\/li>\n<li>Kurpitsahiutaleet<\/li>\n<li>Purjohiutaleet<\/li>\n<li>Punainen paprika<\/li>\n<\/ul>\n\t\t<\/div>\n\t\t\t\t\t<\/div>\n\n\t\n\n\t<div id=\"col-1254154481\" class=\"col medium-1\/2 large-6\"  >\n\t\t\t\t<div class=\"col-inner\"  >\n\t\t\t\n\t\t\t\n<ul>\n<li>Vihre\u00e4 paprika<\/li>\n<li>Palsternakka<\/li>\n<li>Persiljan juuri 10x10x3 mm<\/li>\n<li>Punajuuri<\/li>\n<li>Sellerihiutaleet<\/li>\n<li>Bataatti (makea peruna)<\/li>\n<li>Tomaattihiutaleet<\/li>\n<li>Maa-artisokka<\/li>\n<li>Kaalihiutaleet<\/li>\n<li>Kes\u00e4kurpitsaviipaleet<\/li>\n<li>Kes\u00e4kurpitsakuutiot<\/li>\n<\/ul>\n\t\t<\/div>\n\t\t\t\t\t<\/div>\n\n\t\n<\/div>\n<h2>Kuivatut ja kylm\u00e4kuivatut hedelm\u00e4t<\/h2>\n<div class=\"row\"  id=\"row-510557795\">\n\n\t<div id=\"col-1265930403\" class=\"col medium-1\/2 large-6\"  >\n\t\t\t\t<div class=\"col-inner\"  >\n\t\t\t\n\t\t\t\n<ul>\n<li>Omenalastut, 1\/4 viipale<\/li>\n<li>Omenakuutiot 10&#215;10 mm<\/li>\n<li>Murskatut omenalastut<\/li>\n<li>Ananaskuutiot<\/li>\n<li>Banaanilastut (murskatut, sokeroimattomat)<\/li>\n<li>Banaanilastut (kokonaiset, sokeroimattomat)<\/li>\n<li>P\u00e4\u00e4ryn\u00e4kuutiot<\/li>\n<li>Kylm\u00e4kuivatut mansikat<\/li>\n<\/ul>\n\t\t<\/div>\n\t\t\t\t\t<\/div>\n\n\t\n\n\t<div id=\"col-1924529492\" class=\"col medium-1\/2 large-6\"  >\n\t\t\t\t<div class=\"col-inner\"  >\n\t\t\t\n\t\t\t\n<ul>\n<li>Ruusunmarja<\/li>\n<li>Ruusunmarjan kuoret<\/li>\n<li>Ruusunmarjan kuorijauhe<\/li>\n<li>Kylm\u00e4kuivatut vadelmat<\/li>\n<li>Kookoslastut<\/li>\n<li>Kookosjauho<\/li>\n<li>Mangokuutiot<\/li>\n<li>Papaijankuutiot<\/li>\n<\/ul>\n\t\t<\/div>\n\t\t\t\t\t<\/div>\n\n\t\n<\/div>\n<h2>Marjat ja hedelm\u00e4t<\/h2>\n<div class=\"row\"  id=\"row-31881877\">\n\n\t<div id=\"col-470849193\" class=\"col medium-1\/2 large-6\"  >\n\t\t\t\t<div class=\"col-inner\"  >\n\t\t\t\n\t\t\t\n<ul>\n<li>Aroniamarja<\/li>\n<li>Pihlajanmarja<\/li>\n<li>Mustaherukka<\/li>\n<li>Goji-marjat<\/li>\n<\/ul>\n\t\t<\/div>\n\t\t\t\t\t<\/div>\n\n\t\n\n\t<div id=\"col-599942086\" class=\"col medium-1\/2 large-6\"  >\n\t\t\t\t<div class=\"col-inner\"  >\n\t\t\t\n\t\t\t\n<ul>\n<li>Karpalo<\/li>\n<li>Katajanmarjat<\/li>\n<li>Orapihlajan hedelm\u00e4t<\/li>\n<li>Mustaselja<\/li>\n<\/ul>\n\t\t<\/div>\n\t\t\t\t\t<\/div>\n\n\t\n<\/div>\n<h2>Yrtit<\/h2>\n<div class=\"row\"  id=\"row-73592632\">\n\n\t<div id=\"col-1751648070\" class=\"col medium-1\/3 large-4\"  >\n\t\t\t\t<div class=\"col-inner\"  >\n\t\t\t\n\t\t\t\n<ul>\n<li>Sinimailanen<\/li>\n<li>Omenanpuun lehdet<\/li>\n<li>Aprikoosipuun lehdet<\/li>\n<li>Artisokanlehdet (leikatut)<\/li>\n<li>Koivunlehdet<\/li>\n<li>P\u00e4\u00e4ryn\u00e4npuun lehdet<\/li>\n<li>Piharatamo<\/li>\n<li>Nokkosenlehdet<\/li>\n<li>Karhunvatukan lehdet<\/li>\n<li>Tillin varret<\/li>\n<li>Eukalyptuksen lehdet<\/li>\n<li>Eukalyptuksen lehdet (leikatut)<\/li>\n<li>Kuusen neulaset<\/li>\n<li>Neidonhiuspuun lehdet (Ginkgo biloba)<\/li>\n<li>Kultapiisku (leikattu)<\/li>\n<li>Vihre\u00e4 speltti<\/li>\n<li>Vihre\u00e4 kaura<\/li>\n<li>Vihre\u00e4 vehn\u00e4<\/li>\n<li>P\u00e4hkin\u00e4pensaan lehdet<\/li>\n<li>Vadelman lehdet<\/li>\n<\/ul>\n\t\t<\/div>\n\t\t\t\t\t<\/div>\n\n\t\n\n\t<div id=\"col-1203812538\" class=\"col medium-1\/3 large-4\"  >\n\t\t\t\t<div class=\"col-inner\"  >\n\t\t\t\n\t\t\t\n<ul>\n<li>Leskenlehden lehdet<\/li>\n<li>Leskenlehden lehdet (leikatut)<\/li>\n<li>Islanninj\u00e4k\u00e4l\u00e4<\/li>\n<li>Islanninj\u00e4k\u00e4l\u00e4 (leikattu)<\/li>\n<li>Mustaherukan lehdet<\/li>\n<li>Kirvelin varret<\/li>\n<li>Kirsikanpuun lehdet<\/li>\n<li>Matara (leikattu)<\/li>\n<li>Korianterin varret<\/li>\n<li>Lehmuksen lehdet<\/li>\n<li>Voikukan lehdet \u2013 1. luokka <\/li>\n<li>Voikukan lehdet (viljellyt)<\/li>\n<li>Voikukan lehdet (leikatut)<\/li>\n<li>Mesiangervo (leikattu)<\/li>\n<li>Maarianohdake<\/li>\n<li>Mulperinpuun lehdet<\/li>\n<li>Sitruunamelissa<\/li>\n<li>Piparmintun lehdet<\/li>\n<li>Persikanpuun lehdet<\/li>\n<\/ul>\n\t\t<\/div>\n\t\t\t\t\t<\/div>\n\n\t\n\n\t<div id=\"col-1496688167\" class=\"col medium-1\/3 large-4\"  >\n\t\t\t\t<div class=\"col-inner\"  >\n\t\t\t\n\t\t\t\n<ul>\n<li>Luumupuun lehdet<\/li>\n<li>Persiljan varret<\/li>\n<li>Puna-apilan varret<\/li>\n<li>Salvian lehdet<\/li>\n<li>Salvian lehdet (leikatut)<\/li>\n<li>Siank\u00e4rs\u00e4m\u00f6 (leikattu)<\/li>\n<li>Sellerin varret<\/li>\n<li>Punahattu (echinacea)<\/li>\n<li>Punahatun lehdet<\/li>\n<li>Pinaatin lehdet<\/li>\n<li>Pinaattijauhe<\/li>\n<li>Pinaatin varret<\/li>\n<li>Hein\u00e4ratamo<\/li>\n<li>Puutarhaminttu<\/li>\n<li>Timjami (murskattu)<\/li>\n<li>Saksanp\u00e4hkin\u00e4n lehdet<\/li>\n<li>Orapihlajan lehdet ja kukat<\/li>\n<li>Orapihlajan lehdet ja kukat (leikatut)<\/li>\n<li>Peltokorte<\/li>\n<\/ul>\n\t\t<\/div>\n\t\t\t\t\t<\/div>\n\n\t\n<\/div>\n<h2>Juuret<\/h2>\n<div class=\"row\"  id=\"row-2037602316\">\n\n\t<div id=\"col-2003529191\" class=\"col medium-1\/2 large-6\"  >\n\t\t\t\t<div class=\"col-inner\"  >\n\t\t\t\n\t\t\t\n<ul>\n<li>Rohtovirmajuuri (leikattu)<\/li>\n<li>Rohtosalkoruusun juuri (leikattu)<\/li>\n<li>Kalmojuuri<\/li>\n<li>Takiaisen juuri (leikattu)<\/li>\n<li>Voikukan juuri<\/li>\n<\/ul>\n\t\t<\/div>\n\t\t\t\t\t<\/div>\n\n\t\n\n\t<div id=\"col-687257294\" class=\"col medium-1\/2 large-6\"  >\n\t\t\t\t<div class=\"col-inner\"  >\n\t\t\t\n\t\t\t\n<ul>\n<li>Lakritsijuurijauhe<\/li>\n<li>Lakritsijuuri (leikattu)<\/li>\n<li>Pirunkoura (leikattu)<\/li>\n<li>Sikuri (leikattu)<\/li>\n<li>Pajunkuori (leikattu)<\/li>\n<\/ul>\n\t\t<\/div>\n\t\t\t\t\t<\/div>\n\n\t\n<\/div>\n<h2>Jauhetut raaka-aineet<\/h2>\n<div class=\"row\"  id=\"row-1392517703\">\n\n\t<div id=\"col-1981518172\" class=\"col medium-1\/2 large-6\"  >\n\t\t\t\t<div class=\"col-inner\"  >\n\t\t\t\n\t\t\t\n<ul>\n<li>Spirulina<\/li>\n<li>Ascophyllum-jauhe (lev\u00e4)<\/li>\n<\/ul>\n\t\t<\/div>\n\t\t\t\t\t<\/div>\n\n\t\n\n\t<div id=\"col-1039021030\" class=\"col medium-1\/2 large-6\"  >\n\t\t\t\t<div class=\"col-inner\"  >\n\t\t\t\n\t\t\t\n<ul>\n<li>MSM-jauhe<\/li>\n<li>Munankuorijauhe<\/li>\n<\/ul>\n\t\t<\/div>\n\t\t\t\t\t<\/div>\n\n\t\n<\/div>\n<h2>\u00d6ljyt<\/h2>\n<ul>\n<li>Pellava\u00f6ljy<\/li>\n<li>Hampunsiemen\u00f6ljy<\/li>\n<li>Mustakmminansiemen\u00f6ljy<\/li>\n<\/ul>\n","protected":false},"excerpt":{"rendered":"<p>Luonnollista alkuper\u00e4\u00e4 olevia ainesosia k\u00e4ytet\u00e4\u00e4n rehun lis\u00e4aineina, yrttisekoitusten ainesosina sek\u00e4 luonnollisina el\u00e4inten terveyden ja kunnon edist\u00e4jin\u00e4. Tarjontamme on suunnattu sek\u00e4 urheilu- ja harrastehevosten kasvattajille ett\u00e4 vanhemmille ja erityisruokavaliota tarvitseville hevosille. <\/p>\n","protected":false},"featured_media":42100,"template":"","meta":{"_acf_changed":false},"product_brand":[],"product_cat":[2509],"product_tag":[],"class_list":{"0":"post-42590","1":"product","2":"type-product","3":"status-publish","4":"has-post-thumbnail","6":"product_cat-raaka-aineet-elainten-rehuille","8":"first","9":"instock","10":"shipping-taxable","11":"product-type-simple"},"acf":[],"yoast_head":"<!-- This site is optimized with the Yoast SEO plugin v27.5 - https:\/\/yoast.com\/product\/yoast-seo-wordpress\/ -->\n<title>Kasviper\u00e4iset raaka-aineet hevosille - Tukkudistribuutio<\/title>\n<meta name=\"description\" content=\"Kasviper\u00e4isi\u00e4 raaka-aineita hevosille k\u00e4ytet\u00e4\u00e4n rehun lis\u00e4aineina, yrttisekoitusten ainesosina sek\u00e4 luonnollisina el\u00e4inten terveyden ja kunnon edist\u00e4jin\u00e4.\" \/>\n<meta name=\"robots\" content=\"index, follow, max-snippet:-1, max-image-preview:large, max-video-preview:-1\" \/>\n<link rel=\"canonical\" href=\"https:\/\/naturalpoland.com\/fi\/tuotteet\/raaka-aineet-elainten-rehuille\/kasviperaiset-raaka-aineet-hevosille\/\" \/>\n<meta property=\"og:locale\" content=\"fi_FI\" \/>\n<meta property=\"og:type\" content=\"article\" \/>\n<meta property=\"og:title\" content=\"Kasviper\u00e4iset raaka-aineet hevosille - Tukkudistribuutio\" \/>\n<meta property=\"og:description\" content=\"Kasviper\u00e4isi\u00e4 raaka-aineita hevosille k\u00e4ytet\u00e4\u00e4n rehun lis\u00e4aineina, yrttisekoitusten ainesosina sek\u00e4 luonnollisina el\u00e4inten terveyden ja kunnon edist\u00e4jin\u00e4.\" \/>\n<meta property=\"og:url\" content=\"https:\/\/naturalpoland.com\/fi\/tuotteet\/raaka-aineet-elainten-rehuille\/kasviperaiset-raaka-aineet-hevosille\/\" \/>\n<meta property=\"og:site_name\" content=\"NATURAL POLAND - RAAKA-AINEIDEN TUKKUJAKELIJA\" \/>\n<meta property=\"article:publisher\" content=\"https:\/\/www.facebook.com\/naturalpoland.b2b\" \/>\n<meta property=\"article:modified_time\" content=\"2025-08-07T12:33:33+00:00\" \/>\n<meta property=\"og:image\" content=\"https:\/\/naturalpoland.com\/wp-content\/uploads\/surowce-roslinne-dla-koni.webp\" \/>\n\t<meta property=\"og:image:width\" content=\"1024\" \/>\n\t<meta property=\"og:image:height\" content=\"1024\" \/>\n\t<meta property=\"og:image:type\" content=\"image\/webp\" \/>\n<script type=\"application\/ld+json\" class=\"yoast-schema-graph\">{\"@context\":\"https:\\\/\\\/schema.org\",\"@graph\":[{\"@type\":\"WebPage\",\"@id\":\"https:\\\/\\\/naturalpoland.com\\\/fi\\\/tuotteet\\\/raaka-aineet-elainten-rehuille\\\/kasviperaiset-raaka-aineet-hevosille\\\/\",\"url\":\"https:\\\/\\\/naturalpoland.com\\\/fi\\\/tuotteet\\\/raaka-aineet-elainten-rehuille\\\/kasviperaiset-raaka-aineet-hevosille\\\/\",\"name\":\"Kasviper\u00e4iset raaka-aineet hevosille - Tukkudistribuutio\",\"isPartOf\":{\"@id\":\"https:\\\/\\\/naturalpoland.com\\\/fi\\\/#website\"},\"primaryImageOfPage\":{\"@id\":\"https:\\\/\\\/naturalpoland.com\\\/fi\\\/tuotteet\\\/raaka-aineet-elainten-rehuille\\\/kasviperaiset-raaka-aineet-hevosille\\\/#primaryimage\"},\"image\":{\"@id\":\"https:\\\/\\\/naturalpoland.com\\\/fi\\\/tuotteet\\\/raaka-aineet-elainten-rehuille\\\/kasviperaiset-raaka-aineet-hevosille\\\/#primaryimage\"},\"thumbnailUrl\":\"https:\\\/\\\/naturalpoland.com\\\/wp-content\\\/uploads\\\/surowce-roslinne-dla-koni.webp\",\"datePublished\":\"2025-08-07T12:33:31+00:00\",\"dateModified\":\"2025-08-07T12:33:33+00:00\",\"description\":\"Kasviper\u00e4isi\u00e4 raaka-aineita hevosille k\u00e4ytet\u00e4\u00e4n rehun lis\u00e4aineina, yrttisekoitusten ainesosina sek\u00e4 luonnollisina el\u00e4inten terveyden ja kunnon edist\u00e4jin\u00e4.\",\"breadcrumb\":{\"@id\":\"https:\\\/\\\/naturalpoland.com\\\/fi\\\/tuotteet\\\/raaka-aineet-elainten-rehuille\\\/kasviperaiset-raaka-aineet-hevosille\\\/#breadcrumb\"},\"inLanguage\":\"fi\",\"potentialAction\":[{\"@type\":\"ReadAction\",\"target\":[\"https:\\\/\\\/naturalpoland.com\\\/fi\\\/tuotteet\\\/raaka-aineet-elainten-rehuille\\\/kasviperaiset-raaka-aineet-hevosille\\\/\"]}]},{\"@type\":\"ImageObject\",\"inLanguage\":\"fi\",\"@id\":\"https:\\\/\\\/naturalpoland.com\\\/fi\\\/tuotteet\\\/raaka-aineet-elainten-rehuille\\\/kasviperaiset-raaka-aineet-hevosille\\\/#primaryimage\",\"url\":\"https:\\\/\\\/naturalpoland.com\\\/wp-content\\\/uploads\\\/surowce-roslinne-dla-koni.webp\",\"contentUrl\":\"https:\\\/\\\/naturalpoland.com\\\/wp-content\\\/uploads\\\/surowce-roslinne-dla-koni.webp\",\"width\":1024,\"height\":1024,\"caption\":\"surowce ro\u015blinne dla koni\"},{\"@type\":\"BreadcrumbList\",\"@id\":\"https:\\\/\\\/naturalpoland.com\\\/fi\\\/tuotteet\\\/raaka-aineet-elainten-rehuille\\\/kasviperaiset-raaka-aineet-hevosille\\\/#breadcrumb\",\"itemListElement\":[{\"@type\":\"ListItem\",\"position\":1,\"name\":\"Etusivu\",\"item\":\"https:\\\/\\\/naturalpoland.com\\\/fi\\\/\"},{\"@type\":\"ListItem\",\"position\":2,\"name\":\"Tuotteet\",\"item\":\"https:\\\/\\\/naturalpoland.com\\\/fi\\\/tuotteet\\\/\"},{\"@type\":\"ListItem\",\"position\":3,\"name\":\"Kasviper\u00e4iset raaka-aineet hevosille\"}]},{\"@type\":\"WebSite\",\"@id\":\"https:\\\/\\\/naturalpoland.com\\\/fi\\\/#website\",\"url\":\"https:\\\/\\\/naturalpoland.com\\\/fi\\\/\",\"name\":\"NATURAL POLAND - RAAKA-AINEIDEN TUKKUJAKELIJA\",\"description\":\"Surowce dla przemys\u0142u spo\u017cywczego, kosmetycznego i farmaceutycznego\",\"publisher\":{\"@id\":\"https:\\\/\\\/naturalpoland.com\\\/fi\\\/#organization\"},\"potentialAction\":[{\"@type\":\"SearchAction\",\"target\":{\"@type\":\"EntryPoint\",\"urlTemplate\":\"https:\\\/\\\/naturalpoland.com\\\/fi\\\/?s={search_term_string}\"},\"query-input\":{\"@type\":\"PropertyValueSpecification\",\"valueRequired\":true,\"valueName\":\"search_term_string\"}}],\"inLanguage\":\"fi\"},{\"@type\":\"Organization\",\"@id\":\"https:\\\/\\\/naturalpoland.com\\\/fi\\\/#organization\",\"name\":\"Natural Poland\",\"url\":\"https:\\\/\\\/naturalpoland.com\\\/fi\\\/\",\"logo\":{\"@type\":\"ImageObject\",\"inLanguage\":\"fi\",\"@id\":\"https:\\\/\\\/naturalpoland.com\\\/fi\\\/#\\\/schema\\\/logo\\\/image\\\/\",\"url\":\"https:\\\/\\\/naturalpoland.com\\\/wp-content\\\/uploads\\\/2021\\\/05\\\/natural-poland-icon.png\",\"contentUrl\":\"https:\\\/\\\/naturalpoland.com\\\/wp-content\\\/uploads\\\/2021\\\/05\\\/natural-poland-icon.png\",\"width\":512,\"height\":512,\"caption\":\"Natural Poland\"},\"image\":{\"@id\":\"https:\\\/\\\/naturalpoland.com\\\/fi\\\/#\\\/schema\\\/logo\\\/image\\\/\"},\"sameAs\":[\"https:\\\/\\\/www.facebook.com\\\/naturalpoland.b2b\",\"https:\\\/\\\/pl.linkedin.com\\\/company\\\/natural-poland\",\"https:\\\/\\\/www.youtube.com\\\/channel\\\/UCgeGGkvOMahZo-xu_MSEWxg\"]}]}<\/script>\n<!-- \/ Yoast SEO plugin. -->","yoast_head_json":{"title":"Kasviper\u00e4iset raaka-aineet hevosille - Tukkudistribuutio","description":"Kasviper\u00e4isi\u00e4 raaka-aineita hevosille k\u00e4ytet\u00e4\u00e4n rehun lis\u00e4aineina, yrttisekoitusten ainesosina sek\u00e4 luonnollisina el\u00e4inten terveyden ja kunnon edist\u00e4jin\u00e4.","robots":{"index":"index","follow":"follow","max-snippet":"max-snippet:-1","max-image-preview":"max-image-preview:large","max-video-preview":"max-video-preview:-1"},"canonical":"https:\/\/naturalpoland.com\/fi\/tuotteet\/raaka-aineet-elainten-rehuille\/kasviperaiset-raaka-aineet-hevosille\/","og_locale":"fi_FI","og_type":"article","og_title":"Kasviper\u00e4iset raaka-aineet hevosille - Tukkudistribuutio","og_description":"Kasviper\u00e4isi\u00e4 raaka-aineita hevosille k\u00e4ytet\u00e4\u00e4n rehun lis\u00e4aineina, yrttisekoitusten ainesosina sek\u00e4 luonnollisina el\u00e4inten terveyden ja kunnon edist\u00e4jin\u00e4.","og_url":"https:\/\/naturalpoland.com\/fi\/tuotteet\/raaka-aineet-elainten-rehuille\/kasviperaiset-raaka-aineet-hevosille\/","og_site_name":"NATURAL POLAND - RAAKA-AINEIDEN TUKKUJAKELIJA","article_publisher":"https:\/\/www.facebook.com\/naturalpoland.b2b","article_modified_time":"2025-08-07T12:33:33+00:00","og_image":[{"width":1024,"height":1024,"url":"https:\/\/naturalpoland.com\/wp-content\/uploads\/surowce-roslinne-dla-koni.webp","type":"image\/webp"}],"schema":{"@context":"https:\/\/schema.org","@graph":[{"@type":"WebPage","@id":"https:\/\/naturalpoland.com\/fi\/tuotteet\/raaka-aineet-elainten-rehuille\/kasviperaiset-raaka-aineet-hevosille\/","url":"https:\/\/naturalpoland.com\/fi\/tuotteet\/raaka-aineet-elainten-rehuille\/kasviperaiset-raaka-aineet-hevosille\/","name":"Kasviper\u00e4iset raaka-aineet hevosille - Tukkudistribuutio","isPartOf":{"@id":"https:\/\/naturalpoland.com\/fi\/#website"},"primaryImageOfPage":{"@id":"https:\/\/naturalpoland.com\/fi\/tuotteet\/raaka-aineet-elainten-rehuille\/kasviperaiset-raaka-aineet-hevosille\/#primaryimage"},"image":{"@id":"https:\/\/naturalpoland.com\/fi\/tuotteet\/raaka-aineet-elainten-rehuille\/kasviperaiset-raaka-aineet-hevosille\/#primaryimage"},"thumbnailUrl":"https:\/\/naturalpoland.com\/wp-content\/uploads\/surowce-roslinne-dla-koni.webp","datePublished":"2025-08-07T12:33:31+00:00","dateModified":"2025-08-07T12:33:33+00:00","description":"Kasviper\u00e4isi\u00e4 raaka-aineita hevosille k\u00e4ytet\u00e4\u00e4n rehun lis\u00e4aineina, yrttisekoitusten ainesosina sek\u00e4 luonnollisina el\u00e4inten terveyden ja kunnon edist\u00e4jin\u00e4.","breadcrumb":{"@id":"https:\/\/naturalpoland.com\/fi\/tuotteet\/raaka-aineet-elainten-rehuille\/kasviperaiset-raaka-aineet-hevosille\/#breadcrumb"},"inLanguage":"fi","potentialAction":[{"@type":"ReadAction","target":["https:\/\/naturalpoland.com\/fi\/tuotteet\/raaka-aineet-elainten-rehuille\/kasviperaiset-raaka-aineet-hevosille\/"]}]},{"@type":"ImageObject","inLanguage":"fi","@id":"https:\/\/naturalpoland.com\/fi\/tuotteet\/raaka-aineet-elainten-rehuille\/kasviperaiset-raaka-aineet-hevosille\/#primaryimage","url":"https:\/\/naturalpoland.com\/wp-content\/uploads\/surowce-roslinne-dla-koni.webp","contentUrl":"https:\/\/naturalpoland.com\/wp-content\/uploads\/surowce-roslinne-dla-koni.webp","width":1024,"height":1024,"caption":"surowce ro\u015blinne dla koni"},{"@type":"BreadcrumbList","@id":"https:\/\/naturalpoland.com\/fi\/tuotteet\/raaka-aineet-elainten-rehuille\/kasviperaiset-raaka-aineet-hevosille\/#breadcrumb","itemListElement":[{"@type":"ListItem","position":1,"name":"Etusivu","item":"https:\/\/naturalpoland.com\/fi\/"},{"@type":"ListItem","position":2,"name":"Tuotteet","item":"https:\/\/naturalpoland.com\/fi\/tuotteet\/"},{"@type":"ListItem","position":3,"name":"Kasviper\u00e4iset raaka-aineet hevosille"}]},{"@type":"WebSite","@id":"https:\/\/naturalpoland.com\/fi\/#website","url":"https:\/\/naturalpoland.com\/fi\/","name":"NATURAL POLAND - RAAKA-AINEIDEN TUKKUJAKELIJA","description":"Surowce dla przemys\u0142u spo\u017cywczego, kosmetycznego i farmaceutycznego","publisher":{"@id":"https:\/\/naturalpoland.com\/fi\/#organization"},"potentialAction":[{"@type":"SearchAction","target":{"@type":"EntryPoint","urlTemplate":"https:\/\/naturalpoland.com\/fi\/?s={search_term_string}"},"query-input":{"@type":"PropertyValueSpecification","valueRequired":true,"valueName":"search_term_string"}}],"inLanguage":"fi"},{"@type":"Organization","@id":"https:\/\/naturalpoland.com\/fi\/#organization","name":"Natural Poland","url":"https:\/\/naturalpoland.com\/fi\/","logo":{"@type":"ImageObject","inLanguage":"fi","@id":"https:\/\/naturalpoland.com\/fi\/#\/schema\/logo\/image\/","url":"https:\/\/naturalpoland.com\/wp-content\/uploads\/2021\/05\/natural-poland-icon.png","contentUrl":"https:\/\/naturalpoland.com\/wp-content\/uploads\/2021\/05\/natural-poland-icon.png","width":512,"height":512,"caption":"Natural Poland"},"image":{"@id":"https:\/\/naturalpoland.com\/fi\/#\/schema\/logo\/image\/"},"sameAs":["https:\/\/www.facebook.com\/naturalpoland.b2b","https:\/\/pl.linkedin.com\/company\/natural-poland","https:\/\/www.youtube.com\/channel\/UCgeGGkvOMahZo-xu_MSEWxg"]}]}},"_links":{"self":[{"href":"https:\/\/naturalpoland.com\/fi\/wp-json\/wp\/v2\/product\/42590","targetHints":{"allow":["GET"]}}],"collection":[{"href":"https:\/\/naturalpoland.com\/fi\/wp-json\/wp\/v2\/product"}],"about":[{"href":"https:\/\/naturalpoland.com\/fi\/wp-json\/wp\/v2\/types\/product"}],"wp:featuredmedia":[{"embeddable":true,"href":"https:\/\/naturalpoland.com\/fi\/wp-json\/wp\/v2\/media\/42100"}],"wp:attachment":[{"href":"https:\/\/naturalpoland.com\/fi\/wp-json\/wp\/v2\/media?parent=42590"}],"wp:term":[{"taxonomy":"product_brand","embeddable":true,"href":"https:\/\/naturalpoland.com\/fi\/wp-json\/wp\/v2\/product_brand?post=42590"},{"taxonomy":"product_cat","embeddable":true,"href":"https:\/\/naturalpoland.com\/fi\/wp-json\/wp\/v2\/product_cat?post=42590"},{"taxonomy":"product_tag","embeddable":true,"href":"https:\/\/naturalpoland.com\/fi\/wp-json\/wp\/v2\/product_tag?post=42590"}],"curies":[{"name":"wp","href":"https:\/\/api.w.org\/{rel}","templated":true}]}}