{"id":42598,"date":"2025-08-05T11:45:29","date_gmt":"2025-08-05T09:45:29","guid":{"rendered":"https:\/\/naturalpoland.com\/produkty\/Ei-luokiteltu\/kirsikka-aromi\/"},"modified":"2025-08-07T14:35:22","modified_gmt":"2025-08-07T12:35:22","slug":"kirsikka-aromi","status":"publish","type":"product","link":"https:\/\/naturalpoland.com\/fi\/tuotteet\/elintarviketeollisuuden-tuotteet\/aromit\/hedelmaaromit\/kirsikka-aromi\/","title":{"rendered":"Kirsikka-aromi"},"content":{"rendered":"<h2>Kirsikka-aromien tyypit<\/h2>\n<h3>Luonnolliset aromit<\/h3>\n<p><strong>Luonnollisten nestem\u00e4isten aromien<\/strong> joukossa erottuu kaksi WONF-tyyppist\u00e4 vaihtoehtoa: <\/p>\n<ol>\n<li>mehukkaan kirsikan aromi, joka muistuttaa kotitekoisen kompottia,<\/li>\n<li>kivihedelm\u00e4aromi, jossa on hienovarainen hedelm\u00e4lihan vivahde.<\/li>\n<\/ol>\n<p>Molemmat kest\u00e4v\u00e4t korkeita l\u00e4mp\u00f6tiloja ja soveltuvat l\u00e4mp\u00f6k\u00e4sittelyihin. Niiden <strong>jauhemaiset<\/strong> vastineet s\u00e4ilytt\u00e4v\u00e4t samankaltaisen profiilin \u2013 hallitseva kivihedelm\u00e4n s\u00e4vy, jota pehment\u00e4\u00e4 hedelm\u00e4lihan hienous. Ne on tarkoitettu kuiviin muotoihin, kuten toiminnallisiin jauheisiin tai pikasekoituksiin.  <\/p>\n<h3>Nestem\u00e4iset aromit<\/h3>\n<p><strong>Nestem\u00e4isten aromien<\/strong> kategoriassa hallitsevat intensiivisemm\u00e4t, selke\u00e4mm\u00e4t sekoitukset. T\u00e4\u00e4lt\u00e4 l\u00f6yd\u00e4mme sek\u00e4 <strong>makeisia ja karamelleja muistuttavia profiileja<\/strong> glykolipohjalla ett\u00e4 <strong>villikirkikan tiivistettyj\u00e4 aromeja<\/strong>, joissa on selke\u00e4 kivihedelm\u00e4n vivahde ja kukkaismainen ruusun s\u00e4vy. Mielenkiintoinen vaihtoehto on <strong>morello-kirsikka<\/strong>, jolla on kyps\u00e4n, makean hillon profiili kanelin vivahteella, ihanteellinen premium-tuotteisiin. Suklaakirsikkaversio yhdist\u00e4\u00e4 hedelm\u00e4n lik\u00f6\u00f6rim\u00e4isen luonteen tumman suklaan syvyyteen, kun taas <strong>makea kirsikka p\u00e4\u00e4ryn\u00e4n vivahteella<\/strong> tarjoaa hedelm\u00e4isemm\u00e4n, raikkaamman vaihtoehdon.   <\/p>\n<h3>Jauhemaiset aromit<\/h3>\n<p><strong>Jauhemaiset kirsikka-aromit<\/strong> tarjoavat yht\u00e4 laajan valikoiman aistimuksia \u2013 <strong>kuivasta villikirkikasta<\/strong>, jossa on voimakas kivihedelm\u00e4n elementti ja hienovarainen ruusun vivahde, <strong>kompottimaisen hedelm\u00e4lihaversion<\/strong> kautta <strong>cocktail-kirsikkaan, jossa on hienostunut, mausteinen aromi<\/strong> ja erityisen houkutteleva luonne. <strong>Suklaa-kirsikkaversio<\/strong> jauheena puolestaan j\u00e4ljittelee j\u00e4lkiruoan makua yhdist\u00e4en suklaan s\u00e4vyt lik\u00f6\u00f6rim\u00e4isen kirsikan aromiin. <\/p>\n<h3>Peitt\u00e4v\u00e4t aromit<\/h3>\n<p>Valikoimassa on my\u00f6s <strong>peitt\u00e4v\u00e4 aromi<\/strong>, jossa kompottimaista, makeaa ja hedelm\u00e4lihaista kirsikkaa on k\u00e4ytetty tasapainottamaan tai pehment\u00e4m\u00e4\u00e4n ei-toivottuja j\u00e4lkimakuja ravintolis\u00e4- tai dieettivalmisteissa.<\/p>\n","protected":false},"excerpt":{"rendered":"<p>Kirsikka-aromi on tarkoitettu k\u00e4ytett\u00e4v\u00e4ksi elintarvike-, makeis-, ravintolis\u00e4- ja kosmetiikkateollisuudessa. Valikoimassa on sek\u00e4 luonnollisia aromeja ett\u00e4 jauhe- ja nestem\u00e4isi\u00e4 vaihtoehtoja. <\/p>\n","protected":false},"featured_media":42480,"template":"","meta":[],"product_brand":[],"product_cat":[7600],"product_tag":[],"class_list":{"0":"post-42598","1":"product","2":"type-product","3":"status-publish","4":"has-post-thumbnail","6":"product_cat-hedelmaaromit","8":"first","9":"instock","10":"shipping-taxable","11":"product-type-simple"},"yoast_head":"<!-- This site is optimized with the Yoast SEO plugin v27.3 - https:\/\/yoast.com\/product\/yoast-seo-wordpress\/ -->\n<title>Kirsikka-aromi - Tukkudistribuutio<\/title>\n<meta name=\"description\" content=\"Kirsikka-aromi on monipuolinen ja eritt\u00e4in monivivahteinen tuoksu- ja makuprofiili, jota k\u00e4ytet\u00e4\u00e4n laajalti elintarviketeollisuudessa.\" \/>\n<meta name=\"robots\" content=\"index, follow, max-snippet:-1, max-image-preview:large, max-video-preview:-1\" \/>\n<link rel=\"canonical\" href=\"https:\/\/naturalpoland.com\/fi\/tuotteet\/elintarviketeollisuuden-tuotteet\/aromit\/hedelmaaromit\/kirsikka-aromi\/\" \/>\n<meta property=\"og:locale\" content=\"fi_FI\" \/>\n<meta property=\"og:type\" content=\"article\" \/>\n<meta property=\"og:title\" content=\"Kirsikka-aromi - Tukkudistribuutio\" \/>\n<meta property=\"og:description\" content=\"Kirsikka-aromi on monipuolinen ja eritt\u00e4in monivivahteinen tuoksu- ja makuprofiili, jota k\u00e4ytet\u00e4\u00e4n laajalti elintarviketeollisuudessa.\" \/>\n<meta property=\"og:url\" content=\"https:\/\/naturalpoland.com\/fi\/tuotteet\/elintarviketeollisuuden-tuotteet\/aromit\/hedelmaaromit\/kirsikka-aromi\/\" \/>\n<meta property=\"og:site_name\" content=\"NATURAL POLAND - RAAKA-AINEIDEN TUKKUJAKELIJA\" \/>\n<meta property=\"article:publisher\" content=\"https:\/\/www.facebook.com\/naturalpoland.b2b\" \/>\n<meta property=\"article:modified_time\" content=\"2025-08-07T12:35:22+00:00\" \/>\n<meta property=\"og:image\" content=\"https:\/\/naturalpoland.com\/wp-content\/uploads\/aromat-wisniowy.webp\" \/>\n\t<meta property=\"og:image:width\" content=\"1024\" \/>\n\t<meta property=\"og:image:height\" content=\"1024\" \/>\n\t<meta property=\"og:image:type\" content=\"image\/webp\" \/>\n<script type=\"application\/ld+json\" class=\"yoast-schema-graph\">{\"@context\":\"https:\\\/\\\/schema.org\",\"@graph\":[{\"@type\":\"WebPage\",\"@id\":\"https:\\\/\\\/naturalpoland.com\\\/fi\\\/tuotteet\\\/elintarviketeollisuuden-tuotteet\\\/aromit\\\/hedelmaaromit\\\/kirsikka-aromi\\\/\",\"url\":\"https:\\\/\\\/naturalpoland.com\\\/fi\\\/tuotteet\\\/elintarviketeollisuuden-tuotteet\\\/aromit\\\/hedelmaaromit\\\/kirsikka-aromi\\\/\",\"name\":\"Kirsikka-aromi - Tukkudistribuutio\",\"isPartOf\":{\"@id\":\"https:\\\/\\\/naturalpoland.com\\\/fi\\\/#website\"},\"primaryImageOfPage\":{\"@id\":\"https:\\\/\\\/naturalpoland.com\\\/fi\\\/tuotteet\\\/elintarviketeollisuuden-tuotteet\\\/aromit\\\/hedelmaaromit\\\/kirsikka-aromi\\\/#primaryimage\"},\"image\":{\"@id\":\"https:\\\/\\\/naturalpoland.com\\\/fi\\\/tuotteet\\\/elintarviketeollisuuden-tuotteet\\\/aromit\\\/hedelmaaromit\\\/kirsikka-aromi\\\/#primaryimage\"},\"thumbnailUrl\":\"https:\\\/\\\/naturalpoland.com\\\/wp-content\\\/uploads\\\/aromat-wisniowy.webp\",\"datePublished\":\"2025-08-05T09:45:29+00:00\",\"dateModified\":\"2025-08-07T12:35:22+00:00\",\"description\":\"Kirsikka-aromi on monipuolinen ja eritt\u00e4in monivivahteinen tuoksu- ja makuprofiili, jota k\u00e4ytet\u00e4\u00e4n laajalti elintarviketeollisuudessa.\",\"breadcrumb\":{\"@id\":\"https:\\\/\\\/naturalpoland.com\\\/fi\\\/tuotteet\\\/elintarviketeollisuuden-tuotteet\\\/aromit\\\/hedelmaaromit\\\/kirsikka-aromi\\\/#breadcrumb\"},\"inLanguage\":\"fi\",\"potentialAction\":[{\"@type\":\"ReadAction\",\"target\":[\"https:\\\/\\\/naturalpoland.com\\\/fi\\\/tuotteet\\\/elintarviketeollisuuden-tuotteet\\\/aromit\\\/hedelmaaromit\\\/kirsikka-aromi\\\/\"]}]},{\"@type\":\"ImageObject\",\"inLanguage\":\"fi\",\"@id\":\"https:\\\/\\\/naturalpoland.com\\\/fi\\\/tuotteet\\\/elintarviketeollisuuden-tuotteet\\\/aromit\\\/hedelmaaromit\\\/kirsikka-aromi\\\/#primaryimage\",\"url\":\"https:\\\/\\\/naturalpoland.com\\\/wp-content\\\/uploads\\\/aromat-wisniowy.webp\",\"contentUrl\":\"https:\\\/\\\/naturalpoland.com\\\/wp-content\\\/uploads\\\/aromat-wisniowy.webp\",\"width\":1024,\"height\":1024,\"caption\":\"Aromat wi\u015bniowy w p\u0142ynie i w proszku\"},{\"@type\":\"BreadcrumbList\",\"@id\":\"https:\\\/\\\/naturalpoland.com\\\/fi\\\/tuotteet\\\/elintarviketeollisuuden-tuotteet\\\/aromit\\\/hedelmaaromit\\\/kirsikka-aromi\\\/#breadcrumb\",\"itemListElement\":[{\"@type\":\"ListItem\",\"position\":1,\"name\":\"Etusivu\",\"item\":\"https:\\\/\\\/naturalpoland.com\\\/fi\\\/\"},{\"@type\":\"ListItem\",\"position\":2,\"name\":\"Tuotteet\",\"item\":\"https:\\\/\\\/naturalpoland.com\\\/fi\\\/tuotteet\\\/\"},{\"@type\":\"ListItem\",\"position\":3,\"name\":\"Kirsikka-aromi\"}]},{\"@type\":\"WebSite\",\"@id\":\"https:\\\/\\\/naturalpoland.com\\\/fi\\\/#website\",\"url\":\"https:\\\/\\\/naturalpoland.com\\\/fi\\\/\",\"name\":\"NATURAL POLAND - RAAKA-AINEIDEN TUKKUJAKELIJA\",\"description\":\"Surowce dla przemys\u0142u spo\u017cywczego, kosmetycznego i farmaceutycznego\",\"publisher\":{\"@id\":\"https:\\\/\\\/naturalpoland.com\\\/fi\\\/#organization\"},\"potentialAction\":[{\"@type\":\"SearchAction\",\"target\":{\"@type\":\"EntryPoint\",\"urlTemplate\":\"https:\\\/\\\/naturalpoland.com\\\/fi\\\/?s={search_term_string}\"},\"query-input\":{\"@type\":\"PropertyValueSpecification\",\"valueRequired\":true,\"valueName\":\"search_term_string\"}}],\"inLanguage\":\"fi\"},{\"@type\":\"Organization\",\"@id\":\"https:\\\/\\\/naturalpoland.com\\\/fi\\\/#organization\",\"name\":\"Natural Poland\",\"url\":\"https:\\\/\\\/naturalpoland.com\\\/fi\\\/\",\"logo\":{\"@type\":\"ImageObject\",\"inLanguage\":\"fi\",\"@id\":\"https:\\\/\\\/naturalpoland.com\\\/fi\\\/#\\\/schema\\\/logo\\\/image\\\/\",\"url\":\"https:\\\/\\\/naturalpoland.com\\\/wp-content\\\/uploads\\\/2021\\\/05\\\/natural-poland-icon.png\",\"contentUrl\":\"https:\\\/\\\/naturalpoland.com\\\/wp-content\\\/uploads\\\/2021\\\/05\\\/natural-poland-icon.png\",\"width\":512,\"height\":512,\"caption\":\"Natural Poland\"},\"image\":{\"@id\":\"https:\\\/\\\/naturalpoland.com\\\/fi\\\/#\\\/schema\\\/logo\\\/image\\\/\"},\"sameAs\":[\"https:\\\/\\\/www.facebook.com\\\/naturalpoland.b2b\",\"https:\\\/\\\/pl.linkedin.com\\\/company\\\/natural-poland\",\"https:\\\/\\\/www.youtube.com\\\/channel\\\/UCgeGGkvOMahZo-xu_MSEWxg\"]}]}<\/script>\n<!-- \/ Yoast SEO plugin. -->","yoast_head_json":{"title":"Kirsikka-aromi - Tukkudistribuutio","description":"Kirsikka-aromi on monipuolinen ja eritt\u00e4in monivivahteinen tuoksu- ja makuprofiili, jota k\u00e4ytet\u00e4\u00e4n laajalti elintarviketeollisuudessa.","robots":{"index":"index","follow":"follow","max-snippet":"max-snippet:-1","max-image-preview":"max-image-preview:large","max-video-preview":"max-video-preview:-1"},"canonical":"https:\/\/naturalpoland.com\/fi\/tuotteet\/elintarviketeollisuuden-tuotteet\/aromit\/hedelmaaromit\/kirsikka-aromi\/","og_locale":"fi_FI","og_type":"article","og_title":"Kirsikka-aromi - Tukkudistribuutio","og_description":"Kirsikka-aromi on monipuolinen ja eritt\u00e4in monivivahteinen tuoksu- ja makuprofiili, jota k\u00e4ytet\u00e4\u00e4n laajalti elintarviketeollisuudessa.","og_url":"https:\/\/naturalpoland.com\/fi\/tuotteet\/elintarviketeollisuuden-tuotteet\/aromit\/hedelmaaromit\/kirsikka-aromi\/","og_site_name":"NATURAL POLAND - RAAKA-AINEIDEN TUKKUJAKELIJA","article_publisher":"https:\/\/www.facebook.com\/naturalpoland.b2b","article_modified_time":"2025-08-07T12:35:22+00:00","og_image":[{"width":1024,"height":1024,"url":"https:\/\/naturalpoland.com\/wp-content\/uploads\/aromat-wisniowy.webp","type":"image\/webp"}],"schema":{"@context":"https:\/\/schema.org","@graph":[{"@type":"WebPage","@id":"https:\/\/naturalpoland.com\/fi\/tuotteet\/elintarviketeollisuuden-tuotteet\/aromit\/hedelmaaromit\/kirsikka-aromi\/","url":"https:\/\/naturalpoland.com\/fi\/tuotteet\/elintarviketeollisuuden-tuotteet\/aromit\/hedelmaaromit\/kirsikka-aromi\/","name":"Kirsikka-aromi - Tukkudistribuutio","isPartOf":{"@id":"https:\/\/naturalpoland.com\/fi\/#website"},"primaryImageOfPage":{"@id":"https:\/\/naturalpoland.com\/fi\/tuotteet\/elintarviketeollisuuden-tuotteet\/aromit\/hedelmaaromit\/kirsikka-aromi\/#primaryimage"},"image":{"@id":"https:\/\/naturalpoland.com\/fi\/tuotteet\/elintarviketeollisuuden-tuotteet\/aromit\/hedelmaaromit\/kirsikka-aromi\/#primaryimage"},"thumbnailUrl":"https:\/\/naturalpoland.com\/wp-content\/uploads\/aromat-wisniowy.webp","datePublished":"2025-08-05T09:45:29+00:00","dateModified":"2025-08-07T12:35:22+00:00","description":"Kirsikka-aromi on monipuolinen ja eritt\u00e4in monivivahteinen tuoksu- ja makuprofiili, jota k\u00e4ytet\u00e4\u00e4n laajalti elintarviketeollisuudessa.","breadcrumb":{"@id":"https:\/\/naturalpoland.com\/fi\/tuotteet\/elintarviketeollisuuden-tuotteet\/aromit\/hedelmaaromit\/kirsikka-aromi\/#breadcrumb"},"inLanguage":"fi","potentialAction":[{"@type":"ReadAction","target":["https:\/\/naturalpoland.com\/fi\/tuotteet\/elintarviketeollisuuden-tuotteet\/aromit\/hedelmaaromit\/kirsikka-aromi\/"]}]},{"@type":"ImageObject","inLanguage":"fi","@id":"https:\/\/naturalpoland.com\/fi\/tuotteet\/elintarviketeollisuuden-tuotteet\/aromit\/hedelmaaromit\/kirsikka-aromi\/#primaryimage","url":"https:\/\/naturalpoland.com\/wp-content\/uploads\/aromat-wisniowy.webp","contentUrl":"https:\/\/naturalpoland.com\/wp-content\/uploads\/aromat-wisniowy.webp","width":1024,"height":1024,"caption":"Aromat wi\u015bniowy w p\u0142ynie i w proszku"},{"@type":"BreadcrumbList","@id":"https:\/\/naturalpoland.com\/fi\/tuotteet\/elintarviketeollisuuden-tuotteet\/aromit\/hedelmaaromit\/kirsikka-aromi\/#breadcrumb","itemListElement":[{"@type":"ListItem","position":1,"name":"Etusivu","item":"https:\/\/naturalpoland.com\/fi\/"},{"@type":"ListItem","position":2,"name":"Tuotteet","item":"https:\/\/naturalpoland.com\/fi\/tuotteet\/"},{"@type":"ListItem","position":3,"name":"Kirsikka-aromi"}]},{"@type":"WebSite","@id":"https:\/\/naturalpoland.com\/fi\/#website","url":"https:\/\/naturalpoland.com\/fi\/","name":"NATURAL POLAND - RAAKA-AINEIDEN TUKKUJAKELIJA","description":"Surowce dla przemys\u0142u spo\u017cywczego, kosmetycznego i farmaceutycznego","publisher":{"@id":"https:\/\/naturalpoland.com\/fi\/#organization"},"potentialAction":[{"@type":"SearchAction","target":{"@type":"EntryPoint","urlTemplate":"https:\/\/naturalpoland.com\/fi\/?s={search_term_string}"},"query-input":{"@type":"PropertyValueSpecification","valueRequired":true,"valueName":"search_term_string"}}],"inLanguage":"fi"},{"@type":"Organization","@id":"https:\/\/naturalpoland.com\/fi\/#organization","name":"Natural Poland","url":"https:\/\/naturalpoland.com\/fi\/","logo":{"@type":"ImageObject","inLanguage":"fi","@id":"https:\/\/naturalpoland.com\/fi\/#\/schema\/logo\/image\/","url":"https:\/\/naturalpoland.com\/wp-content\/uploads\/2021\/05\/natural-poland-icon.png","contentUrl":"https:\/\/naturalpoland.com\/wp-content\/uploads\/2021\/05\/natural-poland-icon.png","width":512,"height":512,"caption":"Natural Poland"},"image":{"@id":"https:\/\/naturalpoland.com\/fi\/#\/schema\/logo\/image\/"},"sameAs":["https:\/\/www.facebook.com\/naturalpoland.b2b","https:\/\/pl.linkedin.com\/company\/natural-poland","https:\/\/www.youtube.com\/channel\/UCgeGGkvOMahZo-xu_MSEWxg"]}]}},"_links":{"self":[{"href":"https:\/\/naturalpoland.com\/fi\/wp-json\/wp\/v2\/product\/42598","targetHints":{"allow":["GET"]}}],"collection":[{"href":"https:\/\/naturalpoland.com\/fi\/wp-json\/wp\/v2\/product"}],"about":[{"href":"https:\/\/naturalpoland.com\/fi\/wp-json\/wp\/v2\/types\/product"}],"wp:featuredmedia":[{"embeddable":true,"href":"https:\/\/naturalpoland.com\/fi\/wp-json\/wp\/v2\/media\/42480"}],"wp:attachment":[{"href":"https:\/\/naturalpoland.com\/fi\/wp-json\/wp\/v2\/media?parent=42598"}],"wp:term":[{"taxonomy":"product_brand","embeddable":true,"href":"https:\/\/naturalpoland.com\/fi\/wp-json\/wp\/v2\/product_brand?post=42598"},{"taxonomy":"product_cat","embeddable":true,"href":"https:\/\/naturalpoland.com\/fi\/wp-json\/wp\/v2\/product_cat?post=42598"},{"taxonomy":"product_tag","embeddable":true,"href":"https:\/\/naturalpoland.com\/fi\/wp-json\/wp\/v2\/product_tag?post=42598"}],"curies":[{"name":"wp","href":"https:\/\/api.w.org\/{rel}","templated":true}]}}