{"id":42618,"date":"2025-08-05T12:22:14","date_gmt":"2025-08-05T10:22:14","guid":{"rendered":"https:\/\/naturalpoland.com\/produkty\/Ei-luokiteltu\/banaaniaromi\/"},"modified":"2025-08-07T14:45:43","modified_gmt":"2025-08-07T12:45:43","slug":"banaaniaromi","status":"publish","type":"product","link":"https:\/\/naturalpoland.com\/fi\/tuotteet\/elintarviketeollisuuden-tuotteet\/aromit\/hedelmaaromit\/banaaniaromi\/","title":{"rendered":"Banaaniaromi"},"content":{"rendered":"<p><strong>Luonnolliset banaaniaromit<\/strong> tarjoavat puhtaan, kyps\u00e4n hedelm\u00e4profiilin. <strong>WONF<\/strong>-versiot (With Other Natural Flavors) ovat saatavilla <strong>nestem\u00e4isen\u00e4 ja jauheena<\/strong>, ja ne heijastavat banaanin makeaa ja kyps\u00e4\u00e4 luonnetta. Ne kest\u00e4v\u00e4t korkeita l\u00e4mp\u00f6tiloja, mink\u00e4 vuoksi ne soveltuvat hyvin l\u00e4mp\u00f6k\u00e4sittely\u00e4 vaativiin sovelluksiin, kuten leivonnaisiin, patukoihin sek\u00e4 kapseleihin ja tabletteihin.  <\/p>\n<p><strong>Nestem\u00e4isiss\u00e4 aromeissa<\/strong> hallitsee voimakas, raikas ja makea profiili. Sellaiset variantit kuin \u201d<strong>banaanin makeus<\/strong>\u201d ovat luonteeltaan paksuja ja siirappisia, antaen tuotteille syv\u00e4n, j\u00e4lkiruokamaisen luonteen. <strong>Tiivistetty<\/strong> versio s\u00e4ilytt\u00e4\u00e4 banaanin tuoreuden samalla kun se lis\u00e4\u00e4 maku- ja tuoksuel\u00e4myksen intensiteetti\u00e4. Yhdistelm\u00e4t kuten <strong>banaani-anis<\/strong> tuovat ep\u00e4tavallisen, yrttim\u00e4isen vivahteen klassiseen banaanin makuun, kun taas <strong>banaani-kerma<\/strong>-variantti yhdist\u00e4\u00e4 kermaisen pohjan hienovaraiseen mantelimaiseen makeuteen ja kyps\u00e4n hedelm\u00e4n vivahteeseen \u2013 ihanteellinen maito- ja leipomotuotteisiin.   <\/p>\n<p><strong>Jauhemaiset aromit<\/strong> ovat eritt\u00e4in stabiileja ja niit\u00e4 k\u00e4ytet\u00e4\u00e4n mielell\u00e4\u00e4n toiminnallisissa seoksissa, patukoissa, proteiineissa ja pikauotteissa. Ne eroavat intensiteetilt\u00e4\u00e4n \u2013 raikkaasta ja luonnollisesta vivahteesta paksun siirappimaiseen makeuteen. <\/p>\n<p>Valikoimaan kuuluu my\u00f6s <strong>peitt\u00e4vi\u00e4 aromeja<\/strong> \u2013 sek\u00e4 nestem\u00e4isin\u00e4 ett\u00e4 jauheina \u2013 jotka hy\u00f6dynt\u00e4v\u00e4t banaanin paksua, makeaa ja kyps\u00e4\u00e4 luonnetta peitt\u00e4m\u00e4\u00e4n ep\u00e4miellytt\u00e4vi\u00e4 j\u00e4lkimakuja ravintolisiss\u00e4 tai valmisteissa, joissa on korkea aktiivisten ainesosien pitoisuus.<\/p>\n","protected":false},"excerpt":{"rendered":"<p>Banaaniaromi on yksi tunnetuimmista ja pidetyimmist\u00e4 tuoksu- ja makuprofiileista, jota k\u00e4ytet\u00e4\u00e4n laajalti elintarvike-, ravintolis\u00e4- ja kosmetiikkateollisuudessa.<\/p>\n","protected":false},"featured_media":42494,"template":"","meta":{"_acf_changed":false},"product_brand":[],"product_cat":[7600],"product_tag":[],"class_list":{"0":"post-42618","1":"product","2":"type-product","3":"status-publish","4":"has-post-thumbnail","6":"product_cat-hedelmaaromit","8":"first","9":"instock","10":"shipping-taxable","11":"product-type-simple"},"acf":[],"yoast_head":"<!-- This site is optimized with the Yoast SEO plugin v27.5 - https:\/\/yoast.com\/product\/yoast-seo-wordpress\/ -->\n<title>Banaaniaromi - Tukkudistribuutio<\/title>\n<meta name=\"robots\" content=\"index, follow, max-snippet:-1, max-image-preview:large, max-video-preview:-1\" \/>\n<link rel=\"canonical\" href=\"https:\/\/naturalpoland.com\/fi\/tuotteet\/elintarviketeollisuuden-tuotteet\/aromit\/hedelmaaromit\/banaaniaromi\/\" \/>\n<meta property=\"og:locale\" content=\"fi_FI\" \/>\n<meta property=\"og:type\" content=\"article\" \/>\n<meta property=\"og:title\" content=\"Banaaniaromi - Tukkudistribuutio\" \/>\n<meta property=\"og:description\" content=\"Banaaniaromi on yksi tunnetuimmista ja pidetyimmist\u00e4 tuoksu- ja makuprofiileista, jota k\u00e4ytet\u00e4\u00e4n laajalti elintarvike-, ravintolis\u00e4- ja kosmetiikkateollisuudessa.\" \/>\n<meta property=\"og:url\" content=\"https:\/\/naturalpoland.com\/fi\/tuotteet\/elintarviketeollisuuden-tuotteet\/aromit\/hedelmaaromit\/banaaniaromi\/\" \/>\n<meta property=\"og:site_name\" content=\"NATURAL POLAND - RAAKA-AINEIDEN TUKKUJAKELIJA\" \/>\n<meta property=\"article:publisher\" content=\"https:\/\/www.facebook.com\/naturalpoland.b2b\" \/>\n<meta property=\"article:modified_time\" content=\"2025-08-07T12:45:43+00:00\" \/>\n<meta property=\"og:image\" content=\"https:\/\/naturalpoland.com\/wp-content\/uploads\/aromat-bananowy.webp\" \/>\n\t<meta property=\"og:image:width\" content=\"1024\" \/>\n\t<meta property=\"og:image:height\" content=\"1024\" \/>\n\t<meta property=\"og:image:type\" content=\"image\/webp\" \/>\n<script type=\"application\/ld+json\" class=\"yoast-schema-graph\">{\"@context\":\"https:\\\/\\\/schema.org\",\"@graph\":[{\"@type\":\"WebPage\",\"@id\":\"https:\\\/\\\/naturalpoland.com\\\/fi\\\/tuotteet\\\/elintarviketeollisuuden-tuotteet\\\/aromit\\\/hedelmaaromit\\\/banaaniaromi\\\/\",\"url\":\"https:\\\/\\\/naturalpoland.com\\\/fi\\\/tuotteet\\\/elintarviketeollisuuden-tuotteet\\\/aromit\\\/hedelmaaromit\\\/banaaniaromi\\\/\",\"name\":\"Banaaniaromi - Tukkudistribuutio\",\"isPartOf\":{\"@id\":\"https:\\\/\\\/naturalpoland.com\\\/fi\\\/#website\"},\"primaryImageOfPage\":{\"@id\":\"https:\\\/\\\/naturalpoland.com\\\/fi\\\/tuotteet\\\/elintarviketeollisuuden-tuotteet\\\/aromit\\\/hedelmaaromit\\\/banaaniaromi\\\/#primaryimage\"},\"image\":{\"@id\":\"https:\\\/\\\/naturalpoland.com\\\/fi\\\/tuotteet\\\/elintarviketeollisuuden-tuotteet\\\/aromit\\\/hedelmaaromit\\\/banaaniaromi\\\/#primaryimage\"},\"thumbnailUrl\":\"https:\\\/\\\/naturalpoland.com\\\/wp-content\\\/uploads\\\/aromat-bananowy.webp\",\"datePublished\":\"2025-08-05T10:22:14+00:00\",\"dateModified\":\"2025-08-07T12:45:43+00:00\",\"breadcrumb\":{\"@id\":\"https:\\\/\\\/naturalpoland.com\\\/fi\\\/tuotteet\\\/elintarviketeollisuuden-tuotteet\\\/aromit\\\/hedelmaaromit\\\/banaaniaromi\\\/#breadcrumb\"},\"inLanguage\":\"fi\",\"potentialAction\":[{\"@type\":\"ReadAction\",\"target\":[\"https:\\\/\\\/naturalpoland.com\\\/fi\\\/tuotteet\\\/elintarviketeollisuuden-tuotteet\\\/aromit\\\/hedelmaaromit\\\/banaaniaromi\\\/\"]}]},{\"@type\":\"ImageObject\",\"inLanguage\":\"fi\",\"@id\":\"https:\\\/\\\/naturalpoland.com\\\/fi\\\/tuotteet\\\/elintarviketeollisuuden-tuotteet\\\/aromit\\\/hedelmaaromit\\\/banaaniaromi\\\/#primaryimage\",\"url\":\"https:\\\/\\\/naturalpoland.com\\\/wp-content\\\/uploads\\\/aromat-bananowy.webp\",\"contentUrl\":\"https:\\\/\\\/naturalpoland.com\\\/wp-content\\\/uploads\\\/aromat-bananowy.webp\",\"width\":1024,\"height\":1024,\"caption\":\"aromat bananowy w p\u0142ynie i w proszku\"},{\"@type\":\"BreadcrumbList\",\"@id\":\"https:\\\/\\\/naturalpoland.com\\\/fi\\\/tuotteet\\\/elintarviketeollisuuden-tuotteet\\\/aromit\\\/hedelmaaromit\\\/banaaniaromi\\\/#breadcrumb\",\"itemListElement\":[{\"@type\":\"ListItem\",\"position\":1,\"name\":\"Etusivu\",\"item\":\"https:\\\/\\\/naturalpoland.com\\\/fi\\\/\"},{\"@type\":\"ListItem\",\"position\":2,\"name\":\"Tuotteet\",\"item\":\"https:\\\/\\\/naturalpoland.com\\\/fi\\\/tuotteet\\\/\"},{\"@type\":\"ListItem\",\"position\":3,\"name\":\"Banaaniaromi\"}]},{\"@type\":\"WebSite\",\"@id\":\"https:\\\/\\\/naturalpoland.com\\\/fi\\\/#website\",\"url\":\"https:\\\/\\\/naturalpoland.com\\\/fi\\\/\",\"name\":\"NATURAL POLAND - RAAKA-AINEIDEN TUKKUJAKELIJA\",\"description\":\"Surowce dla przemys\u0142u spo\u017cywczego, kosmetycznego i farmaceutycznego\",\"publisher\":{\"@id\":\"https:\\\/\\\/naturalpoland.com\\\/fi\\\/#organization\"},\"potentialAction\":[{\"@type\":\"SearchAction\",\"target\":{\"@type\":\"EntryPoint\",\"urlTemplate\":\"https:\\\/\\\/naturalpoland.com\\\/fi\\\/?s={search_term_string}\"},\"query-input\":{\"@type\":\"PropertyValueSpecification\",\"valueRequired\":true,\"valueName\":\"search_term_string\"}}],\"inLanguage\":\"fi\"},{\"@type\":\"Organization\",\"@id\":\"https:\\\/\\\/naturalpoland.com\\\/fi\\\/#organization\",\"name\":\"Natural Poland\",\"url\":\"https:\\\/\\\/naturalpoland.com\\\/fi\\\/\",\"logo\":{\"@type\":\"ImageObject\",\"inLanguage\":\"fi\",\"@id\":\"https:\\\/\\\/naturalpoland.com\\\/fi\\\/#\\\/schema\\\/logo\\\/image\\\/\",\"url\":\"https:\\\/\\\/naturalpoland.com\\\/wp-content\\\/uploads\\\/2021\\\/05\\\/natural-poland-icon.png\",\"contentUrl\":\"https:\\\/\\\/naturalpoland.com\\\/wp-content\\\/uploads\\\/2021\\\/05\\\/natural-poland-icon.png\",\"width\":512,\"height\":512,\"caption\":\"Natural Poland\"},\"image\":{\"@id\":\"https:\\\/\\\/naturalpoland.com\\\/fi\\\/#\\\/schema\\\/logo\\\/image\\\/\"},\"sameAs\":[\"https:\\\/\\\/www.facebook.com\\\/naturalpoland.b2b\",\"https:\\\/\\\/pl.linkedin.com\\\/company\\\/natural-poland\",\"https:\\\/\\\/www.youtube.com\\\/channel\\\/UCgeGGkvOMahZo-xu_MSEWxg\"]}]}<\/script>\n<!-- \/ Yoast SEO plugin. -->","yoast_head_json":{"title":"Banaaniaromi - Tukkudistribuutio","robots":{"index":"index","follow":"follow","max-snippet":"max-snippet:-1","max-image-preview":"max-image-preview:large","max-video-preview":"max-video-preview:-1"},"canonical":"https:\/\/naturalpoland.com\/fi\/tuotteet\/elintarviketeollisuuden-tuotteet\/aromit\/hedelmaaromit\/banaaniaromi\/","og_locale":"fi_FI","og_type":"article","og_title":"Banaaniaromi - Tukkudistribuutio","og_description":"Banaaniaromi on yksi tunnetuimmista ja pidetyimmist\u00e4 tuoksu- ja makuprofiileista, jota k\u00e4ytet\u00e4\u00e4n laajalti elintarvike-, ravintolis\u00e4- ja kosmetiikkateollisuudessa.","og_url":"https:\/\/naturalpoland.com\/fi\/tuotteet\/elintarviketeollisuuden-tuotteet\/aromit\/hedelmaaromit\/banaaniaromi\/","og_site_name":"NATURAL POLAND - RAAKA-AINEIDEN TUKKUJAKELIJA","article_publisher":"https:\/\/www.facebook.com\/naturalpoland.b2b","article_modified_time":"2025-08-07T12:45:43+00:00","og_image":[{"width":1024,"height":1024,"url":"https:\/\/naturalpoland.com\/wp-content\/uploads\/aromat-bananowy.webp","type":"image\/webp"}],"schema":{"@context":"https:\/\/schema.org","@graph":[{"@type":"WebPage","@id":"https:\/\/naturalpoland.com\/fi\/tuotteet\/elintarviketeollisuuden-tuotteet\/aromit\/hedelmaaromit\/banaaniaromi\/","url":"https:\/\/naturalpoland.com\/fi\/tuotteet\/elintarviketeollisuuden-tuotteet\/aromit\/hedelmaaromit\/banaaniaromi\/","name":"Banaaniaromi - Tukkudistribuutio","isPartOf":{"@id":"https:\/\/naturalpoland.com\/fi\/#website"},"primaryImageOfPage":{"@id":"https:\/\/naturalpoland.com\/fi\/tuotteet\/elintarviketeollisuuden-tuotteet\/aromit\/hedelmaaromit\/banaaniaromi\/#primaryimage"},"image":{"@id":"https:\/\/naturalpoland.com\/fi\/tuotteet\/elintarviketeollisuuden-tuotteet\/aromit\/hedelmaaromit\/banaaniaromi\/#primaryimage"},"thumbnailUrl":"https:\/\/naturalpoland.com\/wp-content\/uploads\/aromat-bananowy.webp","datePublished":"2025-08-05T10:22:14+00:00","dateModified":"2025-08-07T12:45:43+00:00","breadcrumb":{"@id":"https:\/\/naturalpoland.com\/fi\/tuotteet\/elintarviketeollisuuden-tuotteet\/aromit\/hedelmaaromit\/banaaniaromi\/#breadcrumb"},"inLanguage":"fi","potentialAction":[{"@type":"ReadAction","target":["https:\/\/naturalpoland.com\/fi\/tuotteet\/elintarviketeollisuuden-tuotteet\/aromit\/hedelmaaromit\/banaaniaromi\/"]}]},{"@type":"ImageObject","inLanguage":"fi","@id":"https:\/\/naturalpoland.com\/fi\/tuotteet\/elintarviketeollisuuden-tuotteet\/aromit\/hedelmaaromit\/banaaniaromi\/#primaryimage","url":"https:\/\/naturalpoland.com\/wp-content\/uploads\/aromat-bananowy.webp","contentUrl":"https:\/\/naturalpoland.com\/wp-content\/uploads\/aromat-bananowy.webp","width":1024,"height":1024,"caption":"aromat bananowy w p\u0142ynie i w proszku"},{"@type":"BreadcrumbList","@id":"https:\/\/naturalpoland.com\/fi\/tuotteet\/elintarviketeollisuuden-tuotteet\/aromit\/hedelmaaromit\/banaaniaromi\/#breadcrumb","itemListElement":[{"@type":"ListItem","position":1,"name":"Etusivu","item":"https:\/\/naturalpoland.com\/fi\/"},{"@type":"ListItem","position":2,"name":"Tuotteet","item":"https:\/\/naturalpoland.com\/fi\/tuotteet\/"},{"@type":"ListItem","position":3,"name":"Banaaniaromi"}]},{"@type":"WebSite","@id":"https:\/\/naturalpoland.com\/fi\/#website","url":"https:\/\/naturalpoland.com\/fi\/","name":"NATURAL POLAND - RAAKA-AINEIDEN TUKKUJAKELIJA","description":"Surowce dla przemys\u0142u spo\u017cywczego, kosmetycznego i farmaceutycznego","publisher":{"@id":"https:\/\/naturalpoland.com\/fi\/#organization"},"potentialAction":[{"@type":"SearchAction","target":{"@type":"EntryPoint","urlTemplate":"https:\/\/naturalpoland.com\/fi\/?s={search_term_string}"},"query-input":{"@type":"PropertyValueSpecification","valueRequired":true,"valueName":"search_term_string"}}],"inLanguage":"fi"},{"@type":"Organization","@id":"https:\/\/naturalpoland.com\/fi\/#organization","name":"Natural Poland","url":"https:\/\/naturalpoland.com\/fi\/","logo":{"@type":"ImageObject","inLanguage":"fi","@id":"https:\/\/naturalpoland.com\/fi\/#\/schema\/logo\/image\/","url":"https:\/\/naturalpoland.com\/wp-content\/uploads\/2021\/05\/natural-poland-icon.png","contentUrl":"https:\/\/naturalpoland.com\/wp-content\/uploads\/2021\/05\/natural-poland-icon.png","width":512,"height":512,"caption":"Natural Poland"},"image":{"@id":"https:\/\/naturalpoland.com\/fi\/#\/schema\/logo\/image\/"},"sameAs":["https:\/\/www.facebook.com\/naturalpoland.b2b","https:\/\/pl.linkedin.com\/company\/natural-poland","https:\/\/www.youtube.com\/channel\/UCgeGGkvOMahZo-xu_MSEWxg"]}]}},"_links":{"self":[{"href":"https:\/\/naturalpoland.com\/fi\/wp-json\/wp\/v2\/product\/42618","targetHints":{"allow":["GET"]}}],"collection":[{"href":"https:\/\/naturalpoland.com\/fi\/wp-json\/wp\/v2\/product"}],"about":[{"href":"https:\/\/naturalpoland.com\/fi\/wp-json\/wp\/v2\/types\/product"}],"wp:featuredmedia":[{"embeddable":true,"href":"https:\/\/naturalpoland.com\/fi\/wp-json\/wp\/v2\/media\/42494"}],"wp:attachment":[{"href":"https:\/\/naturalpoland.com\/fi\/wp-json\/wp\/v2\/media?parent=42618"}],"wp:term":[{"taxonomy":"product_brand","embeddable":true,"href":"https:\/\/naturalpoland.com\/fi\/wp-json\/wp\/v2\/product_brand?post=42618"},{"taxonomy":"product_cat","embeddable":true,"href":"https:\/\/naturalpoland.com\/fi\/wp-json\/wp\/v2\/product_cat?post=42618"},{"taxonomy":"product_tag","embeddable":true,"href":"https:\/\/naturalpoland.com\/fi\/wp-json\/wp\/v2\/product_tag?post=42618"}],"curies":[{"name":"wp","href":"https:\/\/api.w.org\/{rel}","templated":true}]}}