{"id":42969,"date":"2025-08-25T13:57:07","date_gmt":"2025-08-25T11:57:07","guid":{"rendered":"https:\/\/naturalpoland.com\/produkty\/Ei-luokiteltu\/galactomyces-kaymisuute\/"},"modified":"2025-08-26T10:38:15","modified_gmt":"2025-08-26T08:38:15","slug":"galactomyces-kaymisuute","status":"publish","type":"product","link":"https:\/\/naturalpoland.com\/fi\/tuotteet\/kosmetiikkateollisuuden-tuotteet\/fermentoidut-uutteet\/galactomyces-kaymisuute\/","title":{"rendered":"Galactomyces-k\u00e4ymisuute"},"content":{"rendered":"<h2>Ominaisuudet ja vaikutukset:<\/h2>\n<ul>\n<li>Kosteuttaa ihoa tehokkaasti parantaen sen elastisuutta ja pehmeytt\u00e4<\/li>\n<li>Kirkastaa ja tasoittaa ihon s\u00e4vy\u00e4 v\u00e4hent\u00e4en pigmenttil\u00e4iski\u00e4<\/li>\n<li>Vahvistaa ihon hydrolipidikalvoa ja v\u00e4hent\u00e4\u00e4 transepidermaalista veden haihtumista (TEWL)<\/li>\n<li>Toimii antioksidanttina neutraloiden vapaita radikaaleja ja suojaten ihosoluja<\/li>\n<li>Auttaa taistelemaan mustap\u00e4it\u00e4 ja liiallista talintuotantoa vastaan<\/li>\n<li>Antaa iholle hehkua ja terveen ulkon\u00e4\u00f6n<\/li>\n<\/ul>\n<h2>K\u00e4ytt\u00f6kohteet:<\/h2>\n<p>K\u00e4ytet\u00e4\u00e4n kuivuneelle, v\u00e4syneelle ja hehkuttomalle iholle tarkoitetuissa kosmetiikkatuotteissa sek\u00e4 ik\u00e4\u00e4ntymist\u00e4 ja aknea ehk\u00e4iseviss\u00e4 tuotteissa (kasvovedet, essenssit, seerumit, voiteet).<\/p>\n","protected":false},"excerpt":{"rendered":"<p><strong>Galactomyces-k\u00e4ymisuute<\/strong> on kosmetiikan raaka-aine, joka saadaan <em>Galactomyces<\/em>-sukuun kuuluvien hiivojen k\u00e4ymisprosessista. Se sis\u00e4lt\u00e4\u00e4 runsaasti aktiivisia aineita: B-ryhm\u00e4n vitamiineja (erityisesti <a href=\"https:\/\/naturalpoland.com\/fi\/tuotteet\/laaketeollisuuden-tuotteet\/vitamiinit\/witamina-b3\/\">niasiiniamidi \u2013 B3<\/a>), mineraaleja, aminohappoja, entsyymej\u00e4 ja antioksidantteja. <\/p>\n","protected":false},"featured_media":42905,"template":"","meta":[],"product_brand":[],"product_cat":[2692,10348],"product_tag":[],"class_list":{"0":"post-42969","1":"product","2":"type-product","3":"status-publish","4":"has-post-thumbnail","6":"product_cat-fermentoidut-uutteet","7":"product_cat-korealaiset-raaka-aineet","9":"first","10":"instock","11":"shipping-taxable","12":"product-type-simple"},"yoast_head":"<!-- This site is optimized with the Yoast SEO plugin v27.3 - https:\/\/yoast.com\/product\/yoast-seo-wordpress\/ -->\n<title>Galactomyces-k\u00e4ymisuute - Tukkudistribuutio<\/title>\n<meta name=\"description\" content=\"Galactomyces-k\u00e4ymisuute on eritt\u00e4in arvostettu kosmetiikan ainesosa, joka saadaan Galactomyces-sukuun kuuluvien hiivojen k\u00e4ymisprosessista.\" \/>\n<meta name=\"robots\" content=\"index, follow, max-snippet:-1, max-image-preview:large, max-video-preview:-1\" \/>\n<link rel=\"canonical\" href=\"https:\/\/naturalpoland.com\/fi\/tuotteet\/kosmetiikkateollisuuden-tuotteet\/fermentoidut-uutteet\/galactomyces-kaymisuute\/\" \/>\n<meta property=\"og:locale\" content=\"fi_FI\" \/>\n<meta property=\"og:type\" content=\"article\" \/>\n<meta property=\"og:title\" content=\"Galactomyces-k\u00e4ymisuute - Tukkudistribuutio\" \/>\n<meta property=\"og:description\" content=\"Galactomyces-k\u00e4ymisuute on eritt\u00e4in arvostettu kosmetiikan ainesosa, joka saadaan Galactomyces-sukuun kuuluvien hiivojen k\u00e4ymisprosessista.\" \/>\n<meta property=\"og:url\" content=\"https:\/\/naturalpoland.com\/fi\/tuotteet\/kosmetiikkateollisuuden-tuotteet\/fermentoidut-uutteet\/galactomyces-kaymisuute\/\" \/>\n<meta property=\"og:site_name\" content=\"NATURAL POLAND - RAAKA-AINEIDEN TUKKUJAKELIJA\" \/>\n<meta property=\"article:publisher\" content=\"https:\/\/www.facebook.com\/naturalpoland.b2b\" \/>\n<meta property=\"article:modified_time\" content=\"2025-08-26T08:38:15+00:00\" \/>\n<meta property=\"og:image\" content=\"https:\/\/naturalpoland.com\/wp-content\/uploads\/filtrat-fermentacyjny-galactomyces.webp\" \/>\n\t<meta property=\"og:image:width\" content=\"1024\" \/>\n\t<meta property=\"og:image:height\" content=\"1024\" \/>\n\t<meta property=\"og:image:type\" content=\"image\/webp\" \/>\n<script type=\"application\/ld+json\" class=\"yoast-schema-graph\">{\"@context\":\"https:\\\/\\\/schema.org\",\"@graph\":[{\"@type\":\"WebPage\",\"@id\":\"https:\\\/\\\/naturalpoland.com\\\/fi\\\/tuotteet\\\/kosmetiikkateollisuuden-tuotteet\\\/fermentoidut-uutteet\\\/galactomyces-kaymisuute\\\/\",\"url\":\"https:\\\/\\\/naturalpoland.com\\\/fi\\\/tuotteet\\\/kosmetiikkateollisuuden-tuotteet\\\/fermentoidut-uutteet\\\/galactomyces-kaymisuute\\\/\",\"name\":\"Galactomyces-k\u00e4ymisuute - Tukkudistribuutio\",\"isPartOf\":{\"@id\":\"https:\\\/\\\/naturalpoland.com\\\/fi\\\/#website\"},\"primaryImageOfPage\":{\"@id\":\"https:\\\/\\\/naturalpoland.com\\\/fi\\\/tuotteet\\\/kosmetiikkateollisuuden-tuotteet\\\/fermentoidut-uutteet\\\/galactomyces-kaymisuute\\\/#primaryimage\"},\"image\":{\"@id\":\"https:\\\/\\\/naturalpoland.com\\\/fi\\\/tuotteet\\\/kosmetiikkateollisuuden-tuotteet\\\/fermentoidut-uutteet\\\/galactomyces-kaymisuute\\\/#primaryimage\"},\"thumbnailUrl\":\"https:\\\/\\\/naturalpoland.com\\\/wp-content\\\/uploads\\\/filtrat-fermentacyjny-galactomyces.webp\",\"datePublished\":\"2025-08-25T11:57:07+00:00\",\"dateModified\":\"2025-08-26T08:38:15+00:00\",\"description\":\"Galactomyces-k\u00e4ymisuute on eritt\u00e4in arvostettu kosmetiikan ainesosa, joka saadaan Galactomyces-sukuun kuuluvien hiivojen k\u00e4ymisprosessista.\",\"breadcrumb\":{\"@id\":\"https:\\\/\\\/naturalpoland.com\\\/fi\\\/tuotteet\\\/kosmetiikkateollisuuden-tuotteet\\\/fermentoidut-uutteet\\\/galactomyces-kaymisuute\\\/#breadcrumb\"},\"inLanguage\":\"fi\",\"potentialAction\":[{\"@type\":\"ReadAction\",\"target\":[\"https:\\\/\\\/naturalpoland.com\\\/fi\\\/tuotteet\\\/kosmetiikkateollisuuden-tuotteet\\\/fermentoidut-uutteet\\\/galactomyces-kaymisuute\\\/\"]}]},{\"@type\":\"ImageObject\",\"inLanguage\":\"fi\",\"@id\":\"https:\\\/\\\/naturalpoland.com\\\/fi\\\/tuotteet\\\/kosmetiikkateollisuuden-tuotteet\\\/fermentoidut-uutteet\\\/galactomyces-kaymisuute\\\/#primaryimage\",\"url\":\"https:\\\/\\\/naturalpoland.com\\\/wp-content\\\/uploads\\\/filtrat-fermentacyjny-galactomyces.webp\",\"contentUrl\":\"https:\\\/\\\/naturalpoland.com\\\/wp-content\\\/uploads\\\/filtrat-fermentacyjny-galactomyces.webp\",\"width\":1024,\"height\":1024,\"caption\":\"Filtrat fermentacyjny Galactomyces\"},{\"@type\":\"BreadcrumbList\",\"@id\":\"https:\\\/\\\/naturalpoland.com\\\/fi\\\/tuotteet\\\/kosmetiikkateollisuuden-tuotteet\\\/fermentoidut-uutteet\\\/galactomyces-kaymisuute\\\/#breadcrumb\",\"itemListElement\":[{\"@type\":\"ListItem\",\"position\":1,\"name\":\"Etusivu\",\"item\":\"https:\\\/\\\/naturalpoland.com\\\/fi\\\/\"},{\"@type\":\"ListItem\",\"position\":2,\"name\":\"Tuotteet\",\"item\":\"https:\\\/\\\/naturalpoland.com\\\/fi\\\/tuotteet\\\/\"},{\"@type\":\"ListItem\",\"position\":3,\"name\":\"Galactomyces-k\u00e4ymisuute\"}]},{\"@type\":\"WebSite\",\"@id\":\"https:\\\/\\\/naturalpoland.com\\\/fi\\\/#website\",\"url\":\"https:\\\/\\\/naturalpoland.com\\\/fi\\\/\",\"name\":\"NATURAL POLAND - RAAKA-AINEIDEN TUKKUJAKELIJA\",\"description\":\"Surowce dla przemys\u0142u spo\u017cywczego, kosmetycznego i farmaceutycznego\",\"publisher\":{\"@id\":\"https:\\\/\\\/naturalpoland.com\\\/fi\\\/#organization\"},\"potentialAction\":[{\"@type\":\"SearchAction\",\"target\":{\"@type\":\"EntryPoint\",\"urlTemplate\":\"https:\\\/\\\/naturalpoland.com\\\/fi\\\/?s={search_term_string}\"},\"query-input\":{\"@type\":\"PropertyValueSpecification\",\"valueRequired\":true,\"valueName\":\"search_term_string\"}}],\"inLanguage\":\"fi\"},{\"@type\":\"Organization\",\"@id\":\"https:\\\/\\\/naturalpoland.com\\\/fi\\\/#organization\",\"name\":\"Natural Poland\",\"url\":\"https:\\\/\\\/naturalpoland.com\\\/fi\\\/\",\"logo\":{\"@type\":\"ImageObject\",\"inLanguage\":\"fi\",\"@id\":\"https:\\\/\\\/naturalpoland.com\\\/fi\\\/#\\\/schema\\\/logo\\\/image\\\/\",\"url\":\"https:\\\/\\\/naturalpoland.com\\\/wp-content\\\/uploads\\\/2021\\\/05\\\/natural-poland-icon.png\",\"contentUrl\":\"https:\\\/\\\/naturalpoland.com\\\/wp-content\\\/uploads\\\/2021\\\/05\\\/natural-poland-icon.png\",\"width\":512,\"height\":512,\"caption\":\"Natural Poland\"},\"image\":{\"@id\":\"https:\\\/\\\/naturalpoland.com\\\/fi\\\/#\\\/schema\\\/logo\\\/image\\\/\"},\"sameAs\":[\"https:\\\/\\\/www.facebook.com\\\/naturalpoland.b2b\",\"https:\\\/\\\/pl.linkedin.com\\\/company\\\/natural-poland\",\"https:\\\/\\\/www.youtube.com\\\/channel\\\/UCgeGGkvOMahZo-xu_MSEWxg\"]}]}<\/script>\n<!-- \/ Yoast SEO plugin. -->","yoast_head_json":{"title":"Galactomyces-k\u00e4ymisuute - Tukkudistribuutio","description":"Galactomyces-k\u00e4ymisuute on eritt\u00e4in arvostettu kosmetiikan ainesosa, joka saadaan Galactomyces-sukuun kuuluvien hiivojen k\u00e4ymisprosessista.","robots":{"index":"index","follow":"follow","max-snippet":"max-snippet:-1","max-image-preview":"max-image-preview:large","max-video-preview":"max-video-preview:-1"},"canonical":"https:\/\/naturalpoland.com\/fi\/tuotteet\/kosmetiikkateollisuuden-tuotteet\/fermentoidut-uutteet\/galactomyces-kaymisuute\/","og_locale":"fi_FI","og_type":"article","og_title":"Galactomyces-k\u00e4ymisuute - Tukkudistribuutio","og_description":"Galactomyces-k\u00e4ymisuute on eritt\u00e4in arvostettu kosmetiikan ainesosa, joka saadaan Galactomyces-sukuun kuuluvien hiivojen k\u00e4ymisprosessista.","og_url":"https:\/\/naturalpoland.com\/fi\/tuotteet\/kosmetiikkateollisuuden-tuotteet\/fermentoidut-uutteet\/galactomyces-kaymisuute\/","og_site_name":"NATURAL POLAND - RAAKA-AINEIDEN TUKKUJAKELIJA","article_publisher":"https:\/\/www.facebook.com\/naturalpoland.b2b","article_modified_time":"2025-08-26T08:38:15+00:00","og_image":[{"width":1024,"height":1024,"url":"https:\/\/naturalpoland.com\/wp-content\/uploads\/filtrat-fermentacyjny-galactomyces.webp","type":"image\/webp"}],"schema":{"@context":"https:\/\/schema.org","@graph":[{"@type":"WebPage","@id":"https:\/\/naturalpoland.com\/fi\/tuotteet\/kosmetiikkateollisuuden-tuotteet\/fermentoidut-uutteet\/galactomyces-kaymisuute\/","url":"https:\/\/naturalpoland.com\/fi\/tuotteet\/kosmetiikkateollisuuden-tuotteet\/fermentoidut-uutteet\/galactomyces-kaymisuute\/","name":"Galactomyces-k\u00e4ymisuute - Tukkudistribuutio","isPartOf":{"@id":"https:\/\/naturalpoland.com\/fi\/#website"},"primaryImageOfPage":{"@id":"https:\/\/naturalpoland.com\/fi\/tuotteet\/kosmetiikkateollisuuden-tuotteet\/fermentoidut-uutteet\/galactomyces-kaymisuute\/#primaryimage"},"image":{"@id":"https:\/\/naturalpoland.com\/fi\/tuotteet\/kosmetiikkateollisuuden-tuotteet\/fermentoidut-uutteet\/galactomyces-kaymisuute\/#primaryimage"},"thumbnailUrl":"https:\/\/naturalpoland.com\/wp-content\/uploads\/filtrat-fermentacyjny-galactomyces.webp","datePublished":"2025-08-25T11:57:07+00:00","dateModified":"2025-08-26T08:38:15+00:00","description":"Galactomyces-k\u00e4ymisuute on eritt\u00e4in arvostettu kosmetiikan ainesosa, joka saadaan Galactomyces-sukuun kuuluvien hiivojen k\u00e4ymisprosessista.","breadcrumb":{"@id":"https:\/\/naturalpoland.com\/fi\/tuotteet\/kosmetiikkateollisuuden-tuotteet\/fermentoidut-uutteet\/galactomyces-kaymisuute\/#breadcrumb"},"inLanguage":"fi","potentialAction":[{"@type":"ReadAction","target":["https:\/\/naturalpoland.com\/fi\/tuotteet\/kosmetiikkateollisuuden-tuotteet\/fermentoidut-uutteet\/galactomyces-kaymisuute\/"]}]},{"@type":"ImageObject","inLanguage":"fi","@id":"https:\/\/naturalpoland.com\/fi\/tuotteet\/kosmetiikkateollisuuden-tuotteet\/fermentoidut-uutteet\/galactomyces-kaymisuute\/#primaryimage","url":"https:\/\/naturalpoland.com\/wp-content\/uploads\/filtrat-fermentacyjny-galactomyces.webp","contentUrl":"https:\/\/naturalpoland.com\/wp-content\/uploads\/filtrat-fermentacyjny-galactomyces.webp","width":1024,"height":1024,"caption":"Filtrat fermentacyjny Galactomyces"},{"@type":"BreadcrumbList","@id":"https:\/\/naturalpoland.com\/fi\/tuotteet\/kosmetiikkateollisuuden-tuotteet\/fermentoidut-uutteet\/galactomyces-kaymisuute\/#breadcrumb","itemListElement":[{"@type":"ListItem","position":1,"name":"Etusivu","item":"https:\/\/naturalpoland.com\/fi\/"},{"@type":"ListItem","position":2,"name":"Tuotteet","item":"https:\/\/naturalpoland.com\/fi\/tuotteet\/"},{"@type":"ListItem","position":3,"name":"Galactomyces-k\u00e4ymisuute"}]},{"@type":"WebSite","@id":"https:\/\/naturalpoland.com\/fi\/#website","url":"https:\/\/naturalpoland.com\/fi\/","name":"NATURAL POLAND - RAAKA-AINEIDEN TUKKUJAKELIJA","description":"Surowce dla przemys\u0142u spo\u017cywczego, kosmetycznego i farmaceutycznego","publisher":{"@id":"https:\/\/naturalpoland.com\/fi\/#organization"},"potentialAction":[{"@type":"SearchAction","target":{"@type":"EntryPoint","urlTemplate":"https:\/\/naturalpoland.com\/fi\/?s={search_term_string}"},"query-input":{"@type":"PropertyValueSpecification","valueRequired":true,"valueName":"search_term_string"}}],"inLanguage":"fi"},{"@type":"Organization","@id":"https:\/\/naturalpoland.com\/fi\/#organization","name":"Natural Poland","url":"https:\/\/naturalpoland.com\/fi\/","logo":{"@type":"ImageObject","inLanguage":"fi","@id":"https:\/\/naturalpoland.com\/fi\/#\/schema\/logo\/image\/","url":"https:\/\/naturalpoland.com\/wp-content\/uploads\/2021\/05\/natural-poland-icon.png","contentUrl":"https:\/\/naturalpoland.com\/wp-content\/uploads\/2021\/05\/natural-poland-icon.png","width":512,"height":512,"caption":"Natural Poland"},"image":{"@id":"https:\/\/naturalpoland.com\/fi\/#\/schema\/logo\/image\/"},"sameAs":["https:\/\/www.facebook.com\/naturalpoland.b2b","https:\/\/pl.linkedin.com\/company\/natural-poland","https:\/\/www.youtube.com\/channel\/UCgeGGkvOMahZo-xu_MSEWxg"]}]}},"_links":{"self":[{"href":"https:\/\/naturalpoland.com\/fi\/wp-json\/wp\/v2\/product\/42969","targetHints":{"allow":["GET"]}}],"collection":[{"href":"https:\/\/naturalpoland.com\/fi\/wp-json\/wp\/v2\/product"}],"about":[{"href":"https:\/\/naturalpoland.com\/fi\/wp-json\/wp\/v2\/types\/product"}],"wp:featuredmedia":[{"embeddable":true,"href":"https:\/\/naturalpoland.com\/fi\/wp-json\/wp\/v2\/media\/42905"}],"wp:attachment":[{"href":"https:\/\/naturalpoland.com\/fi\/wp-json\/wp\/v2\/media?parent=42969"}],"wp:term":[{"taxonomy":"product_brand","embeddable":true,"href":"https:\/\/naturalpoland.com\/fi\/wp-json\/wp\/v2\/product_brand?post=42969"},{"taxonomy":"product_cat","embeddable":true,"href":"https:\/\/naturalpoland.com\/fi\/wp-json\/wp\/v2\/product_cat?post=42969"},{"taxonomy":"product_tag","embeddable":true,"href":"https:\/\/naturalpoland.com\/fi\/wp-json\/wp\/v2\/product_tag?post=42969"}],"curies":[{"name":"wp","href":"https:\/\/api.w.org\/{rel}","templated":true}]}}