{"id":42989,"date":"2025-08-25T13:06:32","date_gmt":"2025-08-25T11:06:32","guid":{"rendered":"https:\/\/naturalpoland.com\/produkty\/Ei-luokiteltu\/lactobacillus-fermentaatio\/"},"modified":"2025-08-26T10:39:35","modified_gmt":"2025-08-26T08:39:35","slug":"lactobacillus-fermentaatio","status":"publish","type":"product","link":"https:\/\/naturalpoland.com\/fi\/tuotteet\/kosmetiikkateollisuuden-tuotteet\/fermentoidut-uutteet\/lactobacillus-fermentaatio\/","title":{"rendered":"Lactobacillus-fermentaatio"},"content":{"rendered":"<p>Lactobacillus-fermentaatio on arvokas raaka-aine nykyaikaisessa kosmetologiassa, erityisesti herk\u00e4n, ongelmallisen ja ik\u00e4\u00e4ntymisen merkkej\u00e4 osoittavan ihon hoitoon tarkoitetuissa resepteiss\u00e4.<\/p>\n<p><strong>Koostumus:<\/strong> 1% fermentti\u00e4, muut ainesosat ovat puhdistettu vesi (86,95%), butyleeniglykoli (10%), 1,2-heksaanidioli (2%), etyylihekyylliglyseriini (0,05%)<\/p>\n<h2>Hoitavat ominaisuudet:<\/h2>\n<ul>\n<li>Prebioottinen ja probioottinen vaikutus \u2013 tukee ihon mikrobiomin tasapainoa, vahvistaa sen luonnollista suojakerrosta, auttaa rajoittamaan haitallisten mikro-organismien kolonisaatiota iholla.<\/li>\n<li>Rauhoittava ja tulehdusta ehk\u00e4isev\u00e4 vaikutus \u2013 v\u00e4hent\u00e4\u00e4 \u00e4rsytyst\u00e4, punoitusta ja oksidatiivisen stressin oireita.<\/li>\n<li>Ihon kosteuttaminen ja silottaminen \u2013 auttaa pid\u00e4tt\u00e4m\u00e4\u00e4n vett\u00e4 epidermiksess\u00e4, parantaa ihon sileytt\u00e4 ja elastisuutta.<\/li>\n<li>Vaikutus ongelmalliseen ihoon \u2013 voi auttaa v\u00e4hent\u00e4m\u00e4\u00e4n ep\u00e4puhtauksia ja parantamaan akneen ja atooppiseen ihottumaan taipuvaisen ihon kuntoa<\/li>\n<\/ul>\n<h2>K\u00e4ytt\u00f6 kosmetiikassa:<\/h2>\n<ul>\n<li>voiteet ja seerumit herk\u00e4lle ja reaktiiviselle iholle<\/li>\n<li>anti-aging-tuotteet uudistavalla vaikutuksella<\/li>\n<li>rauhoittavat kosmetiikkatuotteet dermatologisten hoitojen j\u00e4lkeen<\/li>\n<li>uudistavat naamiot ja emulsiot<\/li>\n<li>koostumukset akneen, atooppiseen tai ekseemaoireiseen ihoon<\/li>\n<\/ul>\n","protected":false},"excerpt":{"rendered":"<p><em>Lactobacillus<\/em>-sukuun kuuluvien bakteerien fermentaatiosta syntynyt Lactobacillus-fermentti on kirkas, vaaleankeltainen neste, jolla on tyypillinen, neutraali tuoksu, pH-arvo v\u00e4lill\u00e4 4,0\u20136,0, ja joka on hyvin siedetty iholla ja yhteensopiva erilaisten kosmeettisten koostumusten kanssa.<\/p>\n","protected":false},"featured_media":42891,"template":"","meta":[],"product_brand":[],"product_cat":[2692,10348],"product_tag":[],"class_list":{"0":"post-42989","1":"product","2":"type-product","3":"status-publish","4":"has-post-thumbnail","6":"product_cat-fermentoidut-uutteet","7":"product_cat-korealaiset-raaka-aineet","9":"first","10":"instock","11":"shipping-taxable","12":"product-type-simple"},"yoast_head":"<!-- This site is optimized with the Yoast SEO plugin v27.3 - https:\/\/yoast.com\/product\/yoast-seo-wordpress\/ -->\n<title>Lactobacillus-fermentaatio - Tukkudistribuutio<\/title>\n<meta name=\"description\" content=\"Lactobacillus-fermentti on uuden sukupolven aktiivinen ainesosa, joka sopii luonnollisten, probioottisten ja dermokosmetiikan trendeihin.\" \/>\n<meta name=\"robots\" content=\"index, follow, max-snippet:-1, max-image-preview:large, max-video-preview:-1\" \/>\n<link rel=\"canonical\" href=\"https:\/\/naturalpoland.com\/fi\/tuotteet\/kosmetiikkateollisuuden-tuotteet\/fermentoidut-uutteet\/lactobacillus-fermentaatio\/\" \/>\n<meta property=\"og:locale\" content=\"fi_FI\" \/>\n<meta property=\"og:type\" content=\"article\" \/>\n<meta property=\"og:title\" content=\"Lactobacillus-fermentaatio - Tukkudistribuutio\" \/>\n<meta property=\"og:description\" content=\"Lactobacillus-fermentti on uuden sukupolven aktiivinen ainesosa, joka sopii luonnollisten, probioottisten ja dermokosmetiikan trendeihin.\" \/>\n<meta property=\"og:url\" content=\"https:\/\/naturalpoland.com\/fi\/tuotteet\/kosmetiikkateollisuuden-tuotteet\/fermentoidut-uutteet\/lactobacillus-fermentaatio\/\" \/>\n<meta property=\"og:site_name\" content=\"NATURAL POLAND - RAAKA-AINEIDEN TUKKUJAKELIJA\" \/>\n<meta property=\"article:publisher\" content=\"https:\/\/www.facebook.com\/naturalpoland.b2b\" \/>\n<meta property=\"article:modified_time\" content=\"2025-08-26T08:39:35+00:00\" \/>\n<meta property=\"og:image\" content=\"https:\/\/naturalpoland.com\/wp-content\/uploads\/lactobacillus-ferment.webp\" \/>\n\t<meta property=\"og:image:width\" content=\"1024\" \/>\n\t<meta property=\"og:image:height\" content=\"1024\" \/>\n\t<meta property=\"og:image:type\" content=\"image\/webp\" \/>\n<script type=\"application\/ld+json\" class=\"yoast-schema-graph\">{\"@context\":\"https:\\\/\\\/schema.org\",\"@graph\":[{\"@type\":\"WebPage\",\"@id\":\"https:\\\/\\\/naturalpoland.com\\\/fi\\\/tuotteet\\\/kosmetiikkateollisuuden-tuotteet\\\/fermentoidut-uutteet\\\/lactobacillus-fermentaatio\\\/\",\"url\":\"https:\\\/\\\/naturalpoland.com\\\/fi\\\/tuotteet\\\/kosmetiikkateollisuuden-tuotteet\\\/fermentoidut-uutteet\\\/lactobacillus-fermentaatio\\\/\",\"name\":\"Lactobacillus-fermentaatio - Tukkudistribuutio\",\"isPartOf\":{\"@id\":\"https:\\\/\\\/naturalpoland.com\\\/fi\\\/#website\"},\"primaryImageOfPage\":{\"@id\":\"https:\\\/\\\/naturalpoland.com\\\/fi\\\/tuotteet\\\/kosmetiikkateollisuuden-tuotteet\\\/fermentoidut-uutteet\\\/lactobacillus-fermentaatio\\\/#primaryimage\"},\"image\":{\"@id\":\"https:\\\/\\\/naturalpoland.com\\\/fi\\\/tuotteet\\\/kosmetiikkateollisuuden-tuotteet\\\/fermentoidut-uutteet\\\/lactobacillus-fermentaatio\\\/#primaryimage\"},\"thumbnailUrl\":\"https:\\\/\\\/naturalpoland.com\\\/wp-content\\\/uploads\\\/lactobacillus-ferment.webp\",\"datePublished\":\"2025-08-25T11:06:32+00:00\",\"dateModified\":\"2025-08-26T08:39:35+00:00\",\"description\":\"Lactobacillus-fermentti on uuden sukupolven aktiivinen ainesosa, joka sopii luonnollisten, probioottisten ja dermokosmetiikan trendeihin.\",\"breadcrumb\":{\"@id\":\"https:\\\/\\\/naturalpoland.com\\\/fi\\\/tuotteet\\\/kosmetiikkateollisuuden-tuotteet\\\/fermentoidut-uutteet\\\/lactobacillus-fermentaatio\\\/#breadcrumb\"},\"inLanguage\":\"fi\",\"potentialAction\":[{\"@type\":\"ReadAction\",\"target\":[\"https:\\\/\\\/naturalpoland.com\\\/fi\\\/tuotteet\\\/kosmetiikkateollisuuden-tuotteet\\\/fermentoidut-uutteet\\\/lactobacillus-fermentaatio\\\/\"]}]},{\"@type\":\"ImageObject\",\"inLanguage\":\"fi\",\"@id\":\"https:\\\/\\\/naturalpoland.com\\\/fi\\\/tuotteet\\\/kosmetiikkateollisuuden-tuotteet\\\/fermentoidut-uutteet\\\/lactobacillus-fermentaatio\\\/#primaryimage\",\"url\":\"https:\\\/\\\/naturalpoland.com\\\/wp-content\\\/uploads\\\/lactobacillus-ferment.webp\",\"contentUrl\":\"https:\\\/\\\/naturalpoland.com\\\/wp-content\\\/uploads\\\/lactobacillus-ferment.webp\",\"width\":1024,\"height\":1024,\"caption\":\"Fermentacja Lactobacillus\"},{\"@type\":\"BreadcrumbList\",\"@id\":\"https:\\\/\\\/naturalpoland.com\\\/fi\\\/tuotteet\\\/kosmetiikkateollisuuden-tuotteet\\\/fermentoidut-uutteet\\\/lactobacillus-fermentaatio\\\/#breadcrumb\",\"itemListElement\":[{\"@type\":\"ListItem\",\"position\":1,\"name\":\"Etusivu\",\"item\":\"https:\\\/\\\/naturalpoland.com\\\/fi\\\/\"},{\"@type\":\"ListItem\",\"position\":2,\"name\":\"Tuotteet\",\"item\":\"https:\\\/\\\/naturalpoland.com\\\/fi\\\/tuotteet\\\/\"},{\"@type\":\"ListItem\",\"position\":3,\"name\":\"Lactobacillus-fermentaatio\"}]},{\"@type\":\"WebSite\",\"@id\":\"https:\\\/\\\/naturalpoland.com\\\/fi\\\/#website\",\"url\":\"https:\\\/\\\/naturalpoland.com\\\/fi\\\/\",\"name\":\"NATURAL POLAND - RAAKA-AINEIDEN TUKKUJAKELIJA\",\"description\":\"Surowce dla przemys\u0142u spo\u017cywczego, kosmetycznego i farmaceutycznego\",\"publisher\":{\"@id\":\"https:\\\/\\\/naturalpoland.com\\\/fi\\\/#organization\"},\"potentialAction\":[{\"@type\":\"SearchAction\",\"target\":{\"@type\":\"EntryPoint\",\"urlTemplate\":\"https:\\\/\\\/naturalpoland.com\\\/fi\\\/?s={search_term_string}\"},\"query-input\":{\"@type\":\"PropertyValueSpecification\",\"valueRequired\":true,\"valueName\":\"search_term_string\"}}],\"inLanguage\":\"fi\"},{\"@type\":\"Organization\",\"@id\":\"https:\\\/\\\/naturalpoland.com\\\/fi\\\/#organization\",\"name\":\"Natural Poland\",\"url\":\"https:\\\/\\\/naturalpoland.com\\\/fi\\\/\",\"logo\":{\"@type\":\"ImageObject\",\"inLanguage\":\"fi\",\"@id\":\"https:\\\/\\\/naturalpoland.com\\\/fi\\\/#\\\/schema\\\/logo\\\/image\\\/\",\"url\":\"https:\\\/\\\/naturalpoland.com\\\/wp-content\\\/uploads\\\/2021\\\/05\\\/natural-poland-icon.png\",\"contentUrl\":\"https:\\\/\\\/naturalpoland.com\\\/wp-content\\\/uploads\\\/2021\\\/05\\\/natural-poland-icon.png\",\"width\":512,\"height\":512,\"caption\":\"Natural Poland\"},\"image\":{\"@id\":\"https:\\\/\\\/naturalpoland.com\\\/fi\\\/#\\\/schema\\\/logo\\\/image\\\/\"},\"sameAs\":[\"https:\\\/\\\/www.facebook.com\\\/naturalpoland.b2b\",\"https:\\\/\\\/pl.linkedin.com\\\/company\\\/natural-poland\",\"https:\\\/\\\/www.youtube.com\\\/channel\\\/UCgeGGkvOMahZo-xu_MSEWxg\"]}]}<\/script>\n<!-- \/ Yoast SEO plugin. -->","yoast_head_json":{"title":"Lactobacillus-fermentaatio - Tukkudistribuutio","description":"Lactobacillus-fermentti on uuden sukupolven aktiivinen ainesosa, joka sopii luonnollisten, probioottisten ja dermokosmetiikan trendeihin.","robots":{"index":"index","follow":"follow","max-snippet":"max-snippet:-1","max-image-preview":"max-image-preview:large","max-video-preview":"max-video-preview:-1"},"canonical":"https:\/\/naturalpoland.com\/fi\/tuotteet\/kosmetiikkateollisuuden-tuotteet\/fermentoidut-uutteet\/lactobacillus-fermentaatio\/","og_locale":"fi_FI","og_type":"article","og_title":"Lactobacillus-fermentaatio - Tukkudistribuutio","og_description":"Lactobacillus-fermentti on uuden sukupolven aktiivinen ainesosa, joka sopii luonnollisten, probioottisten ja dermokosmetiikan trendeihin.","og_url":"https:\/\/naturalpoland.com\/fi\/tuotteet\/kosmetiikkateollisuuden-tuotteet\/fermentoidut-uutteet\/lactobacillus-fermentaatio\/","og_site_name":"NATURAL POLAND - RAAKA-AINEIDEN TUKKUJAKELIJA","article_publisher":"https:\/\/www.facebook.com\/naturalpoland.b2b","article_modified_time":"2025-08-26T08:39:35+00:00","og_image":[{"width":1024,"height":1024,"url":"https:\/\/naturalpoland.com\/wp-content\/uploads\/lactobacillus-ferment.webp","type":"image\/webp"}],"schema":{"@context":"https:\/\/schema.org","@graph":[{"@type":"WebPage","@id":"https:\/\/naturalpoland.com\/fi\/tuotteet\/kosmetiikkateollisuuden-tuotteet\/fermentoidut-uutteet\/lactobacillus-fermentaatio\/","url":"https:\/\/naturalpoland.com\/fi\/tuotteet\/kosmetiikkateollisuuden-tuotteet\/fermentoidut-uutteet\/lactobacillus-fermentaatio\/","name":"Lactobacillus-fermentaatio - Tukkudistribuutio","isPartOf":{"@id":"https:\/\/naturalpoland.com\/fi\/#website"},"primaryImageOfPage":{"@id":"https:\/\/naturalpoland.com\/fi\/tuotteet\/kosmetiikkateollisuuden-tuotteet\/fermentoidut-uutteet\/lactobacillus-fermentaatio\/#primaryimage"},"image":{"@id":"https:\/\/naturalpoland.com\/fi\/tuotteet\/kosmetiikkateollisuuden-tuotteet\/fermentoidut-uutteet\/lactobacillus-fermentaatio\/#primaryimage"},"thumbnailUrl":"https:\/\/naturalpoland.com\/wp-content\/uploads\/lactobacillus-ferment.webp","datePublished":"2025-08-25T11:06:32+00:00","dateModified":"2025-08-26T08:39:35+00:00","description":"Lactobacillus-fermentti on uuden sukupolven aktiivinen ainesosa, joka sopii luonnollisten, probioottisten ja dermokosmetiikan trendeihin.","breadcrumb":{"@id":"https:\/\/naturalpoland.com\/fi\/tuotteet\/kosmetiikkateollisuuden-tuotteet\/fermentoidut-uutteet\/lactobacillus-fermentaatio\/#breadcrumb"},"inLanguage":"fi","potentialAction":[{"@type":"ReadAction","target":["https:\/\/naturalpoland.com\/fi\/tuotteet\/kosmetiikkateollisuuden-tuotteet\/fermentoidut-uutteet\/lactobacillus-fermentaatio\/"]}]},{"@type":"ImageObject","inLanguage":"fi","@id":"https:\/\/naturalpoland.com\/fi\/tuotteet\/kosmetiikkateollisuuden-tuotteet\/fermentoidut-uutteet\/lactobacillus-fermentaatio\/#primaryimage","url":"https:\/\/naturalpoland.com\/wp-content\/uploads\/lactobacillus-ferment.webp","contentUrl":"https:\/\/naturalpoland.com\/wp-content\/uploads\/lactobacillus-ferment.webp","width":1024,"height":1024,"caption":"Fermentacja Lactobacillus"},{"@type":"BreadcrumbList","@id":"https:\/\/naturalpoland.com\/fi\/tuotteet\/kosmetiikkateollisuuden-tuotteet\/fermentoidut-uutteet\/lactobacillus-fermentaatio\/#breadcrumb","itemListElement":[{"@type":"ListItem","position":1,"name":"Etusivu","item":"https:\/\/naturalpoland.com\/fi\/"},{"@type":"ListItem","position":2,"name":"Tuotteet","item":"https:\/\/naturalpoland.com\/fi\/tuotteet\/"},{"@type":"ListItem","position":3,"name":"Lactobacillus-fermentaatio"}]},{"@type":"WebSite","@id":"https:\/\/naturalpoland.com\/fi\/#website","url":"https:\/\/naturalpoland.com\/fi\/","name":"NATURAL POLAND - RAAKA-AINEIDEN TUKKUJAKELIJA","description":"Surowce dla przemys\u0142u spo\u017cywczego, kosmetycznego i farmaceutycznego","publisher":{"@id":"https:\/\/naturalpoland.com\/fi\/#organization"},"potentialAction":[{"@type":"SearchAction","target":{"@type":"EntryPoint","urlTemplate":"https:\/\/naturalpoland.com\/fi\/?s={search_term_string}"},"query-input":{"@type":"PropertyValueSpecification","valueRequired":true,"valueName":"search_term_string"}}],"inLanguage":"fi"},{"@type":"Organization","@id":"https:\/\/naturalpoland.com\/fi\/#organization","name":"Natural Poland","url":"https:\/\/naturalpoland.com\/fi\/","logo":{"@type":"ImageObject","inLanguage":"fi","@id":"https:\/\/naturalpoland.com\/fi\/#\/schema\/logo\/image\/","url":"https:\/\/naturalpoland.com\/wp-content\/uploads\/2021\/05\/natural-poland-icon.png","contentUrl":"https:\/\/naturalpoland.com\/wp-content\/uploads\/2021\/05\/natural-poland-icon.png","width":512,"height":512,"caption":"Natural Poland"},"image":{"@id":"https:\/\/naturalpoland.com\/fi\/#\/schema\/logo\/image\/"},"sameAs":["https:\/\/www.facebook.com\/naturalpoland.b2b","https:\/\/pl.linkedin.com\/company\/natural-poland","https:\/\/www.youtube.com\/channel\/UCgeGGkvOMahZo-xu_MSEWxg"]}]}},"_links":{"self":[{"href":"https:\/\/naturalpoland.com\/fi\/wp-json\/wp\/v2\/product\/42989","targetHints":{"allow":["GET"]}}],"collection":[{"href":"https:\/\/naturalpoland.com\/fi\/wp-json\/wp\/v2\/product"}],"about":[{"href":"https:\/\/naturalpoland.com\/fi\/wp-json\/wp\/v2\/types\/product"}],"wp:featuredmedia":[{"embeddable":true,"href":"https:\/\/naturalpoland.com\/fi\/wp-json\/wp\/v2\/media\/42891"}],"wp:attachment":[{"href":"https:\/\/naturalpoland.com\/fi\/wp-json\/wp\/v2\/media?parent=42989"}],"wp:term":[{"taxonomy":"product_brand","embeddable":true,"href":"https:\/\/naturalpoland.com\/fi\/wp-json\/wp\/v2\/product_brand?post=42989"},{"taxonomy":"product_cat","embeddable":true,"href":"https:\/\/naturalpoland.com\/fi\/wp-json\/wp\/v2\/product_cat?post=42989"},{"taxonomy":"product_tag","embeddable":true,"href":"https:\/\/naturalpoland.com\/fi\/wp-json\/wp\/v2\/product_tag?post=42989"}],"curies":[{"name":"wp","href":"https:\/\/api.w.org\/{rel}","templated":true}]}}