{"id":43012,"date":"2025-08-25T15:38:59","date_gmt":"2025-08-25T13:38:59","guid":{"rendered":"https:\/\/naturalpoland.com\/produkty\/Ei-luokiteltu\/aureobasidium-pullulans-kayte\/"},"modified":"2025-08-26T10:41:08","modified_gmt":"2025-08-26T08:41:08","slug":"aureobasidium-pullulans-kayte","status":"publish","type":"product","link":"https:\/\/naturalpoland.com\/fi\/tuotteet\/kosmetiikkateollisuuden-tuotteet\/fermentoidut-uutteet\/aureobasidium-pullulans-kayte\/","title":{"rendered":"Aureobasidium pullulans -k\u00e4yte"},"content":{"rendered":"<h2>Ominaisuudet ja vaikutukset:<\/h2>\n<ul>\n<li>Muodostaa suojaavan kalvon, joka suojaa ihoa ep\u00e4puhtauksilta ja kuivumiselta<\/li>\n<li>Toimii silottavasti ja kiinteytt\u00e4v\u00e4sti, parantaa ihon kimmoisuutta<\/li>\n<li>Osoittaa voimakasta antioksidanttista vaikutusta \u2013 suojaa soluja oksidatiiviselta stressilt\u00e4<\/li>\n<li>Voi parantaa ihon yleist\u00e4 ulkon\u00e4k\u00f6\u00e4 ja rakennetta<\/li>\n<\/ul>\n<h2>K\u00e4ytt\u00f6kohteet:<\/h2>\n<p>K\u00e4ytet\u00e4\u00e4n silottavissa ja kiinteytt\u00e4viss\u00e4 tuotteissa sek\u00e4 kasvoille ett\u00e4 vartalolle. Erityisesti suositellaan luonnollisiin, clean beauty -tuotteisiin ja ik\u00e4\u00e4ntymisen merkkej\u00e4 ehk\u00e4iseviin kosmetiikkatuotteisiin. <\/p>\n","protected":false},"excerpt":{"rendered":"<p><em>Aureobasidium pullulans<\/em> -hiivasienest\u00e4 saatava k\u00e4yte tunnetaan sen kyvyst\u00e4 muodostaa iholle tuntuvaa, suojaavaa kalvoa, jolla on kiinteytt\u00e4v\u00e4 ja silottava vaikutus. Sen luonnollinen alkuper\u00e4 ja hell\u00e4varainen vaikutus tekev\u00e4t siit\u00e4 monipuolisen aktiivisen ainesosan. <\/p>\n","protected":false},"featured_media":42947,"template":"","meta":[],"product_brand":[],"product_cat":[2692,10348],"product_tag":[],"class_list":{"0":"post-43012","1":"product","2":"type-product","3":"status-publish","4":"has-post-thumbnail","6":"product_cat-fermentoidut-uutteet","7":"product_cat-korealaiset-raaka-aineet","9":"first","10":"instock","11":"shipping-taxable","12":"product-type-simple"},"yoast_head":"<!-- This site is optimized with the Yoast SEO plugin v27.3 - https:\/\/yoast.com\/product\/yoast-seo-wordpress\/ -->\n<title>Aureobasidium pullulans -k\u00e4yte - Tukkudistribuutio<\/title>\n<meta name=\"description\" content=\"Aureobasidium pullulans -k\u00e4yte saadaan Aureobasidium pullulans -hiivasienest\u00e4. Sill\u00e4 on luonnollinen alkuper\u00e4 ja hell\u00e4varainen vaikutus.\" \/>\n<meta name=\"robots\" content=\"index, follow, max-snippet:-1, max-image-preview:large, max-video-preview:-1\" \/>\n<link rel=\"canonical\" href=\"https:\/\/naturalpoland.com\/fi\/tuotteet\/kosmetiikkateollisuuden-tuotteet\/fermentoidut-uutteet\/aureobasidium-pullulans-kayte\/\" \/>\n<meta property=\"og:locale\" content=\"fi_FI\" \/>\n<meta property=\"og:type\" content=\"article\" \/>\n<meta property=\"og:title\" content=\"Aureobasidium pullulans -k\u00e4yte - Tukkudistribuutio\" \/>\n<meta property=\"og:description\" content=\"Aureobasidium pullulans -k\u00e4yte saadaan Aureobasidium pullulans -hiivasienest\u00e4. Sill\u00e4 on luonnollinen alkuper\u00e4 ja hell\u00e4varainen vaikutus.\" \/>\n<meta property=\"og:url\" content=\"https:\/\/naturalpoland.com\/fi\/tuotteet\/kosmetiikkateollisuuden-tuotteet\/fermentoidut-uutteet\/aureobasidium-pullulans-kayte\/\" \/>\n<meta property=\"og:site_name\" content=\"NATURAL POLAND - RAAKA-AINEIDEN TUKKUJAKELIJA\" \/>\n<meta property=\"article:publisher\" content=\"https:\/\/www.facebook.com\/naturalpoland.b2b\" \/>\n<meta property=\"article:modified_time\" content=\"2025-08-26T08:41:08+00:00\" \/>\n<meta property=\"og:image\" content=\"https:\/\/naturalpoland.com\/wp-content\/uploads\/ferment-aureobasidium-pullulans.webp\" \/>\n\t<meta property=\"og:image:width\" content=\"1024\" \/>\n\t<meta property=\"og:image:height\" content=\"1024\" \/>\n\t<meta property=\"og:image:type\" content=\"image\/webp\" \/>\n<script type=\"application\/ld+json\" class=\"yoast-schema-graph\">{\"@context\":\"https:\\\/\\\/schema.org\",\"@graph\":[{\"@type\":\"WebPage\",\"@id\":\"https:\\\/\\\/naturalpoland.com\\\/fi\\\/tuotteet\\\/kosmetiikkateollisuuden-tuotteet\\\/fermentoidut-uutteet\\\/aureobasidium-pullulans-kayte\\\/\",\"url\":\"https:\\\/\\\/naturalpoland.com\\\/fi\\\/tuotteet\\\/kosmetiikkateollisuuden-tuotteet\\\/fermentoidut-uutteet\\\/aureobasidium-pullulans-kayte\\\/\",\"name\":\"Aureobasidium pullulans -k\u00e4yte - Tukkudistribuutio\",\"isPartOf\":{\"@id\":\"https:\\\/\\\/naturalpoland.com\\\/fi\\\/#website\"},\"primaryImageOfPage\":{\"@id\":\"https:\\\/\\\/naturalpoland.com\\\/fi\\\/tuotteet\\\/kosmetiikkateollisuuden-tuotteet\\\/fermentoidut-uutteet\\\/aureobasidium-pullulans-kayte\\\/#primaryimage\"},\"image\":{\"@id\":\"https:\\\/\\\/naturalpoland.com\\\/fi\\\/tuotteet\\\/kosmetiikkateollisuuden-tuotteet\\\/fermentoidut-uutteet\\\/aureobasidium-pullulans-kayte\\\/#primaryimage\"},\"thumbnailUrl\":\"https:\\\/\\\/naturalpoland.com\\\/wp-content\\\/uploads\\\/ferment-aureobasidium-pullulans.webp\",\"datePublished\":\"2025-08-25T13:38:59+00:00\",\"dateModified\":\"2025-08-26T08:41:08+00:00\",\"description\":\"Aureobasidium pullulans -k\u00e4yte saadaan Aureobasidium pullulans -hiivasienest\u00e4. Sill\u00e4 on luonnollinen alkuper\u00e4 ja hell\u00e4varainen vaikutus.\",\"breadcrumb\":{\"@id\":\"https:\\\/\\\/naturalpoland.com\\\/fi\\\/tuotteet\\\/kosmetiikkateollisuuden-tuotteet\\\/fermentoidut-uutteet\\\/aureobasidium-pullulans-kayte\\\/#breadcrumb\"},\"inLanguage\":\"fi\",\"potentialAction\":[{\"@type\":\"ReadAction\",\"target\":[\"https:\\\/\\\/naturalpoland.com\\\/fi\\\/tuotteet\\\/kosmetiikkateollisuuden-tuotteet\\\/fermentoidut-uutteet\\\/aureobasidium-pullulans-kayte\\\/\"]}]},{\"@type\":\"ImageObject\",\"inLanguage\":\"fi\",\"@id\":\"https:\\\/\\\/naturalpoland.com\\\/fi\\\/tuotteet\\\/kosmetiikkateollisuuden-tuotteet\\\/fermentoidut-uutteet\\\/aureobasidium-pullulans-kayte\\\/#primaryimage\",\"url\":\"https:\\\/\\\/naturalpoland.com\\\/wp-content\\\/uploads\\\/ferment-aureobasidium-pullulans.webp\",\"contentUrl\":\"https:\\\/\\\/naturalpoland.com\\\/wp-content\\\/uploads\\\/ferment-aureobasidium-pullulans.webp\",\"width\":1024,\"height\":1024,\"caption\":\"Ferment Aureobasidium pullulans\"},{\"@type\":\"BreadcrumbList\",\"@id\":\"https:\\\/\\\/naturalpoland.com\\\/fi\\\/tuotteet\\\/kosmetiikkateollisuuden-tuotteet\\\/fermentoidut-uutteet\\\/aureobasidium-pullulans-kayte\\\/#breadcrumb\",\"itemListElement\":[{\"@type\":\"ListItem\",\"position\":1,\"name\":\"Etusivu\",\"item\":\"https:\\\/\\\/naturalpoland.com\\\/fi\\\/\"},{\"@type\":\"ListItem\",\"position\":2,\"name\":\"Tuotteet\",\"item\":\"https:\\\/\\\/naturalpoland.com\\\/fi\\\/tuotteet\\\/\"},{\"@type\":\"ListItem\",\"position\":3,\"name\":\"Aureobasidium pullulans -k\u00e4yte\"}]},{\"@type\":\"WebSite\",\"@id\":\"https:\\\/\\\/naturalpoland.com\\\/fi\\\/#website\",\"url\":\"https:\\\/\\\/naturalpoland.com\\\/fi\\\/\",\"name\":\"NATURAL POLAND - RAAKA-AINEIDEN TUKKUJAKELIJA\",\"description\":\"Surowce dla przemys\u0142u spo\u017cywczego, kosmetycznego i farmaceutycznego\",\"publisher\":{\"@id\":\"https:\\\/\\\/naturalpoland.com\\\/fi\\\/#organization\"},\"potentialAction\":[{\"@type\":\"SearchAction\",\"target\":{\"@type\":\"EntryPoint\",\"urlTemplate\":\"https:\\\/\\\/naturalpoland.com\\\/fi\\\/?s={search_term_string}\"},\"query-input\":{\"@type\":\"PropertyValueSpecification\",\"valueRequired\":true,\"valueName\":\"search_term_string\"}}],\"inLanguage\":\"fi\"},{\"@type\":\"Organization\",\"@id\":\"https:\\\/\\\/naturalpoland.com\\\/fi\\\/#organization\",\"name\":\"Natural Poland\",\"url\":\"https:\\\/\\\/naturalpoland.com\\\/fi\\\/\",\"logo\":{\"@type\":\"ImageObject\",\"inLanguage\":\"fi\",\"@id\":\"https:\\\/\\\/naturalpoland.com\\\/fi\\\/#\\\/schema\\\/logo\\\/image\\\/\",\"url\":\"https:\\\/\\\/naturalpoland.com\\\/wp-content\\\/uploads\\\/2021\\\/05\\\/natural-poland-icon.png\",\"contentUrl\":\"https:\\\/\\\/naturalpoland.com\\\/wp-content\\\/uploads\\\/2021\\\/05\\\/natural-poland-icon.png\",\"width\":512,\"height\":512,\"caption\":\"Natural Poland\"},\"image\":{\"@id\":\"https:\\\/\\\/naturalpoland.com\\\/fi\\\/#\\\/schema\\\/logo\\\/image\\\/\"},\"sameAs\":[\"https:\\\/\\\/www.facebook.com\\\/naturalpoland.b2b\",\"https:\\\/\\\/pl.linkedin.com\\\/company\\\/natural-poland\",\"https:\\\/\\\/www.youtube.com\\\/channel\\\/UCgeGGkvOMahZo-xu_MSEWxg\"]}]}<\/script>\n<!-- \/ Yoast SEO plugin. -->","yoast_head_json":{"title":"Aureobasidium pullulans -k\u00e4yte - Tukkudistribuutio","description":"Aureobasidium pullulans -k\u00e4yte saadaan Aureobasidium pullulans -hiivasienest\u00e4. Sill\u00e4 on luonnollinen alkuper\u00e4 ja hell\u00e4varainen vaikutus.","robots":{"index":"index","follow":"follow","max-snippet":"max-snippet:-1","max-image-preview":"max-image-preview:large","max-video-preview":"max-video-preview:-1"},"canonical":"https:\/\/naturalpoland.com\/fi\/tuotteet\/kosmetiikkateollisuuden-tuotteet\/fermentoidut-uutteet\/aureobasidium-pullulans-kayte\/","og_locale":"fi_FI","og_type":"article","og_title":"Aureobasidium pullulans -k\u00e4yte - Tukkudistribuutio","og_description":"Aureobasidium pullulans -k\u00e4yte saadaan Aureobasidium pullulans -hiivasienest\u00e4. Sill\u00e4 on luonnollinen alkuper\u00e4 ja hell\u00e4varainen vaikutus.","og_url":"https:\/\/naturalpoland.com\/fi\/tuotteet\/kosmetiikkateollisuuden-tuotteet\/fermentoidut-uutteet\/aureobasidium-pullulans-kayte\/","og_site_name":"NATURAL POLAND - RAAKA-AINEIDEN TUKKUJAKELIJA","article_publisher":"https:\/\/www.facebook.com\/naturalpoland.b2b","article_modified_time":"2025-08-26T08:41:08+00:00","og_image":[{"width":1024,"height":1024,"url":"https:\/\/naturalpoland.com\/wp-content\/uploads\/ferment-aureobasidium-pullulans.webp","type":"image\/webp"}],"schema":{"@context":"https:\/\/schema.org","@graph":[{"@type":"WebPage","@id":"https:\/\/naturalpoland.com\/fi\/tuotteet\/kosmetiikkateollisuuden-tuotteet\/fermentoidut-uutteet\/aureobasidium-pullulans-kayte\/","url":"https:\/\/naturalpoland.com\/fi\/tuotteet\/kosmetiikkateollisuuden-tuotteet\/fermentoidut-uutteet\/aureobasidium-pullulans-kayte\/","name":"Aureobasidium pullulans -k\u00e4yte - Tukkudistribuutio","isPartOf":{"@id":"https:\/\/naturalpoland.com\/fi\/#website"},"primaryImageOfPage":{"@id":"https:\/\/naturalpoland.com\/fi\/tuotteet\/kosmetiikkateollisuuden-tuotteet\/fermentoidut-uutteet\/aureobasidium-pullulans-kayte\/#primaryimage"},"image":{"@id":"https:\/\/naturalpoland.com\/fi\/tuotteet\/kosmetiikkateollisuuden-tuotteet\/fermentoidut-uutteet\/aureobasidium-pullulans-kayte\/#primaryimage"},"thumbnailUrl":"https:\/\/naturalpoland.com\/wp-content\/uploads\/ferment-aureobasidium-pullulans.webp","datePublished":"2025-08-25T13:38:59+00:00","dateModified":"2025-08-26T08:41:08+00:00","description":"Aureobasidium pullulans -k\u00e4yte saadaan Aureobasidium pullulans -hiivasienest\u00e4. Sill\u00e4 on luonnollinen alkuper\u00e4 ja hell\u00e4varainen vaikutus.","breadcrumb":{"@id":"https:\/\/naturalpoland.com\/fi\/tuotteet\/kosmetiikkateollisuuden-tuotteet\/fermentoidut-uutteet\/aureobasidium-pullulans-kayte\/#breadcrumb"},"inLanguage":"fi","potentialAction":[{"@type":"ReadAction","target":["https:\/\/naturalpoland.com\/fi\/tuotteet\/kosmetiikkateollisuuden-tuotteet\/fermentoidut-uutteet\/aureobasidium-pullulans-kayte\/"]}]},{"@type":"ImageObject","inLanguage":"fi","@id":"https:\/\/naturalpoland.com\/fi\/tuotteet\/kosmetiikkateollisuuden-tuotteet\/fermentoidut-uutteet\/aureobasidium-pullulans-kayte\/#primaryimage","url":"https:\/\/naturalpoland.com\/wp-content\/uploads\/ferment-aureobasidium-pullulans.webp","contentUrl":"https:\/\/naturalpoland.com\/wp-content\/uploads\/ferment-aureobasidium-pullulans.webp","width":1024,"height":1024,"caption":"Ferment Aureobasidium pullulans"},{"@type":"BreadcrumbList","@id":"https:\/\/naturalpoland.com\/fi\/tuotteet\/kosmetiikkateollisuuden-tuotteet\/fermentoidut-uutteet\/aureobasidium-pullulans-kayte\/#breadcrumb","itemListElement":[{"@type":"ListItem","position":1,"name":"Etusivu","item":"https:\/\/naturalpoland.com\/fi\/"},{"@type":"ListItem","position":2,"name":"Tuotteet","item":"https:\/\/naturalpoland.com\/fi\/tuotteet\/"},{"@type":"ListItem","position":3,"name":"Aureobasidium pullulans -k\u00e4yte"}]},{"@type":"WebSite","@id":"https:\/\/naturalpoland.com\/fi\/#website","url":"https:\/\/naturalpoland.com\/fi\/","name":"NATURAL POLAND - RAAKA-AINEIDEN TUKKUJAKELIJA","description":"Surowce dla przemys\u0142u spo\u017cywczego, kosmetycznego i farmaceutycznego","publisher":{"@id":"https:\/\/naturalpoland.com\/fi\/#organization"},"potentialAction":[{"@type":"SearchAction","target":{"@type":"EntryPoint","urlTemplate":"https:\/\/naturalpoland.com\/fi\/?s={search_term_string}"},"query-input":{"@type":"PropertyValueSpecification","valueRequired":true,"valueName":"search_term_string"}}],"inLanguage":"fi"},{"@type":"Organization","@id":"https:\/\/naturalpoland.com\/fi\/#organization","name":"Natural Poland","url":"https:\/\/naturalpoland.com\/fi\/","logo":{"@type":"ImageObject","inLanguage":"fi","@id":"https:\/\/naturalpoland.com\/fi\/#\/schema\/logo\/image\/","url":"https:\/\/naturalpoland.com\/wp-content\/uploads\/2021\/05\/natural-poland-icon.png","contentUrl":"https:\/\/naturalpoland.com\/wp-content\/uploads\/2021\/05\/natural-poland-icon.png","width":512,"height":512,"caption":"Natural Poland"},"image":{"@id":"https:\/\/naturalpoland.com\/fi\/#\/schema\/logo\/image\/"},"sameAs":["https:\/\/www.facebook.com\/naturalpoland.b2b","https:\/\/pl.linkedin.com\/company\/natural-poland","https:\/\/www.youtube.com\/channel\/UCgeGGkvOMahZo-xu_MSEWxg"]}]}},"_links":{"self":[{"href":"https:\/\/naturalpoland.com\/fi\/wp-json\/wp\/v2\/product\/43012","targetHints":{"allow":["GET"]}}],"collection":[{"href":"https:\/\/naturalpoland.com\/fi\/wp-json\/wp\/v2\/product"}],"about":[{"href":"https:\/\/naturalpoland.com\/fi\/wp-json\/wp\/v2\/types\/product"}],"wp:featuredmedia":[{"embeddable":true,"href":"https:\/\/naturalpoland.com\/fi\/wp-json\/wp\/v2\/media\/42947"}],"wp:attachment":[{"href":"https:\/\/naturalpoland.com\/fi\/wp-json\/wp\/v2\/media?parent=43012"}],"wp:term":[{"taxonomy":"product_brand","embeddable":true,"href":"https:\/\/naturalpoland.com\/fi\/wp-json\/wp\/v2\/product_brand?post=43012"},{"taxonomy":"product_cat","embeddable":true,"href":"https:\/\/naturalpoland.com\/fi\/wp-json\/wp\/v2\/product_cat?post=43012"},{"taxonomy":"product_tag","embeddable":true,"href":"https:\/\/naturalpoland.com\/fi\/wp-json\/wp\/v2\/product_tag?post=43012"}],"curies":[{"name":"wp","href":"https:\/\/api.w.org\/{rel}","templated":true}]}}