{"id":43092,"date":"2025-08-26T12:32:43","date_gmt":"2025-08-26T10:32:43","guid":{"rendered":"https:\/\/naturalpoland.com\/produkty\/Ei-luokiteltu\/dulce-de-leche-aromi\/"},"modified":"2025-08-27T12:52:16","modified_gmt":"2025-08-27T10:52:16","slug":"dulce-de-leche-aromi","status":"publish","type":"product","link":"https:\/\/naturalpoland.com\/fi\/tuotteet\/elintarviketeollisuuden-tuotteet\/aromit\/jalkiruoka-aromit\/dulce-de-leche-aromi\/","title":{"rendered":"Dulce de leche -aromi"},"content":{"rendered":"<p><strong>Luonnollinen nestem\u00e4inen dulce de leche -aromi<\/strong> omaa makean, l\u00e4mpim\u00e4n maidon profiilin kinuskin tyyliin. Se j\u00e4ljittelee t\u00e4ydellisesti perinteisen dulce de lechen makua ja tuoksua. <\/p>\n<ul>\n<li><strong>L\u00e4mp\u00f6tilarajoitus<\/strong>: ei suositella l\u00e4mp\u00f6k\u00e4sittelyyn<\/li>\n<li><strong>K\u00e4ytt\u00f6kohteet:<\/strong> kylm\u00e4tuotteet, maitotuotteet, j\u00e4lkiruoat, kakkut\u00e4ytteet, j\u00e4\u00e4tel\u00f6t, j\u00e4lkiruokatyyppiset ravintolis\u00e4t<\/li>\n<\/ul>\n<p><strong>Nestem\u00e4inen dulce de leche -aromi (kantaja: glykoli)<\/strong> on klassinen versio, jolla on intensiivinen, pehme\u00e4 maito-karamellinen profiili. Glykolin ansiosta se sekoittuu hyvin sek\u00e4 vesi- ett\u00e4 rasvapohjaisiin tuotteisiin. <\/p>\n<ul>\n<li><strong>K\u00e4ytt\u00f6kohteet:<\/strong> makeiset, j\u00e4\u00e4tel\u00f6t, t\u00e4ytteet, maitopohjaiset juomat, kasvipohjaiset maidot, proteiinivoiteet, patukat<\/li>\n<\/ul>\n<p>&nbsp;<\/p>\n<h2>Dulce de leche -aromin k\u00e4ytt\u00f6<\/h2>\n<ul>\n<li>Maitotuotteet: maustetut maidot, kefiirit, jogurtit, j\u00e4\u00e4tel\u00f6t<\/li>\n<li>J\u00e4lkiruoat ja leivonnaiset: t\u00e4ytteet, kinuskimassat, kuorrutteet, kakut, kreemit<\/li>\n<li>Lis\u00e4ravinteet ja ravintolis\u00e4t: proteiinijauheet, toiminnalliset jauheet, poretabletit<\/li>\n<li>Vegaaniset tuotteet: kasvipohjaiset juomat, j\u00e4lkiruoat ja kreemit kookos-, kaura- tai mantelimaidon pohjalta<\/li>\n<li>L\u00e4\u00e4keteollisuus ja ravintolis\u00e4t: aktiivisten ainesosien j\u00e4lkimaun peitt\u00e4minen<\/li>\n<\/ul>\n<p>&nbsp;<\/p>\n","protected":false},"excerpt":{"rendered":"<p><strong>Dulce de leche -aromi<\/strong> on eritt\u00e4in herkullinen ja kermainen sekoitus, joka on saanut inspiraationsa perinteisest\u00e4 etel\u00e4amerikkalaisesta herkusta &#8211; maitoisesta kinuskista. Sit\u00e4 luonnehtii syv\u00e4, makea, karamelli-maitoinen maku- ja tuoksuprofiili, joka her\u00e4tt\u00e4\u00e4 mielikuvia keitetyst\u00e4 tiivistetyst\u00e4 maidosta, vaniljasta ja hienoista voin vivahteista. <\/p>\n","protected":false},"featured_media":43057,"template":"","meta":[],"product_brand":[],"product_cat":[7597],"product_tag":[],"class_list":{"0":"post-43092","1":"product","2":"type-product","3":"status-publish","4":"has-post-thumbnail","6":"product_cat-jalkiruoka-aromit","8":"first","9":"instock","10":"shipping-taxable","11":"product-type-simple"},"yoast_head":"<!-- This site is optimized with the Yoast SEO plugin v27.3 - https:\/\/yoast.com\/product\/yoast-seo-wordpress\/ -->\n<title>Dulce de leche -aromi - Tukkudistribuutio<\/title>\n<meta name=\"description\" content=\"Dulce de leche -aromi on herkullinen sekoitus etel\u00e4amerikkalaisen maitokinuskin inspiroimana.\" \/>\n<meta name=\"robots\" content=\"index, follow, max-snippet:-1, max-image-preview:large, max-video-preview:-1\" \/>\n<link rel=\"canonical\" href=\"https:\/\/naturalpoland.com\/fi\/tuotteet\/elintarviketeollisuuden-tuotteet\/aromit\/jalkiruoka-aromit\/dulce-de-leche-aromi\/\" \/>\n<meta property=\"og:locale\" content=\"fi_FI\" \/>\n<meta property=\"og:type\" content=\"article\" \/>\n<meta property=\"og:title\" content=\"Dulce de leche -aromi - Tukkudistribuutio\" \/>\n<meta property=\"og:description\" content=\"Dulce de leche -aromi on herkullinen sekoitus etel\u00e4amerikkalaisen maitokinuskin inspiroimana.\" \/>\n<meta property=\"og:url\" content=\"https:\/\/naturalpoland.com\/fi\/tuotteet\/elintarviketeollisuuden-tuotteet\/aromit\/jalkiruoka-aromit\/dulce-de-leche-aromi\/\" \/>\n<meta property=\"og:site_name\" content=\"NATURAL POLAND - RAAKA-AINEIDEN TUKKUJAKELIJA\" \/>\n<meta property=\"article:publisher\" content=\"https:\/\/www.facebook.com\/naturalpoland.b2b\" \/>\n<meta property=\"article:modified_time\" content=\"2025-08-27T10:52:16+00:00\" \/>\n<meta property=\"og:image\" content=\"https:\/\/naturalpoland.com\/wp-content\/uploads\/aromat-dulce-de-leche.webp\" \/>\n\t<meta property=\"og:image:width\" content=\"1024\" \/>\n\t<meta property=\"og:image:height\" content=\"1024\" \/>\n\t<meta property=\"og:image:type\" content=\"image\/webp\" \/>\n<script type=\"application\/ld+json\" class=\"yoast-schema-graph\">{\"@context\":\"https:\\\/\\\/schema.org\",\"@graph\":[{\"@type\":\"WebPage\",\"@id\":\"https:\\\/\\\/naturalpoland.com\\\/fi\\\/tuotteet\\\/elintarviketeollisuuden-tuotteet\\\/aromit\\\/jalkiruoka-aromit\\\/dulce-de-leche-aromi\\\/\",\"url\":\"https:\\\/\\\/naturalpoland.com\\\/fi\\\/tuotteet\\\/elintarviketeollisuuden-tuotteet\\\/aromit\\\/jalkiruoka-aromit\\\/dulce-de-leche-aromi\\\/\",\"name\":\"Dulce de leche -aromi - Tukkudistribuutio\",\"isPartOf\":{\"@id\":\"https:\\\/\\\/naturalpoland.com\\\/fi\\\/#website\"},\"primaryImageOfPage\":{\"@id\":\"https:\\\/\\\/naturalpoland.com\\\/fi\\\/tuotteet\\\/elintarviketeollisuuden-tuotteet\\\/aromit\\\/jalkiruoka-aromit\\\/dulce-de-leche-aromi\\\/#primaryimage\"},\"image\":{\"@id\":\"https:\\\/\\\/naturalpoland.com\\\/fi\\\/tuotteet\\\/elintarviketeollisuuden-tuotteet\\\/aromit\\\/jalkiruoka-aromit\\\/dulce-de-leche-aromi\\\/#primaryimage\"},\"thumbnailUrl\":\"https:\\\/\\\/naturalpoland.com\\\/wp-content\\\/uploads\\\/aromat-dulce-de-leche.webp\",\"datePublished\":\"2025-08-26T10:32:43+00:00\",\"dateModified\":\"2025-08-27T10:52:16+00:00\",\"description\":\"Dulce de leche -aromi on herkullinen sekoitus etel\u00e4amerikkalaisen maitokinuskin inspiroimana.\",\"breadcrumb\":{\"@id\":\"https:\\\/\\\/naturalpoland.com\\\/fi\\\/tuotteet\\\/elintarviketeollisuuden-tuotteet\\\/aromit\\\/jalkiruoka-aromit\\\/dulce-de-leche-aromi\\\/#breadcrumb\"},\"inLanguage\":\"fi\",\"potentialAction\":[{\"@type\":\"ReadAction\",\"target\":[\"https:\\\/\\\/naturalpoland.com\\\/fi\\\/tuotteet\\\/elintarviketeollisuuden-tuotteet\\\/aromit\\\/jalkiruoka-aromit\\\/dulce-de-leche-aromi\\\/\"]}]},{\"@type\":\"ImageObject\",\"inLanguage\":\"fi\",\"@id\":\"https:\\\/\\\/naturalpoland.com\\\/fi\\\/tuotteet\\\/elintarviketeollisuuden-tuotteet\\\/aromit\\\/jalkiruoka-aromit\\\/dulce-de-leche-aromi\\\/#primaryimage\",\"url\":\"https:\\\/\\\/naturalpoland.com\\\/wp-content\\\/uploads\\\/aromat-dulce-de-leche.webp\",\"contentUrl\":\"https:\\\/\\\/naturalpoland.com\\\/wp-content\\\/uploads\\\/aromat-dulce-de-leche.webp\",\"width\":1024,\"height\":1024,\"caption\":\"Aromat p\u0142ynny Dulce de Leche\"},{\"@type\":\"BreadcrumbList\",\"@id\":\"https:\\\/\\\/naturalpoland.com\\\/fi\\\/tuotteet\\\/elintarviketeollisuuden-tuotteet\\\/aromit\\\/jalkiruoka-aromit\\\/dulce-de-leche-aromi\\\/#breadcrumb\",\"itemListElement\":[{\"@type\":\"ListItem\",\"position\":1,\"name\":\"Etusivu\",\"item\":\"https:\\\/\\\/naturalpoland.com\\\/fi\\\/\"},{\"@type\":\"ListItem\",\"position\":2,\"name\":\"Tuotteet\",\"item\":\"https:\\\/\\\/naturalpoland.com\\\/fi\\\/tuotteet\\\/\"},{\"@type\":\"ListItem\",\"position\":3,\"name\":\"Dulce de leche -aromi\"}]},{\"@type\":\"WebSite\",\"@id\":\"https:\\\/\\\/naturalpoland.com\\\/fi\\\/#website\",\"url\":\"https:\\\/\\\/naturalpoland.com\\\/fi\\\/\",\"name\":\"NATURAL POLAND - RAAKA-AINEIDEN TUKKUJAKELIJA\",\"description\":\"Surowce dla przemys\u0142u spo\u017cywczego, kosmetycznego i farmaceutycznego\",\"publisher\":{\"@id\":\"https:\\\/\\\/naturalpoland.com\\\/fi\\\/#organization\"},\"potentialAction\":[{\"@type\":\"SearchAction\",\"target\":{\"@type\":\"EntryPoint\",\"urlTemplate\":\"https:\\\/\\\/naturalpoland.com\\\/fi\\\/?s={search_term_string}\"},\"query-input\":{\"@type\":\"PropertyValueSpecification\",\"valueRequired\":true,\"valueName\":\"search_term_string\"}}],\"inLanguage\":\"fi\"},{\"@type\":\"Organization\",\"@id\":\"https:\\\/\\\/naturalpoland.com\\\/fi\\\/#organization\",\"name\":\"Natural Poland\",\"url\":\"https:\\\/\\\/naturalpoland.com\\\/fi\\\/\",\"logo\":{\"@type\":\"ImageObject\",\"inLanguage\":\"fi\",\"@id\":\"https:\\\/\\\/naturalpoland.com\\\/fi\\\/#\\\/schema\\\/logo\\\/image\\\/\",\"url\":\"https:\\\/\\\/naturalpoland.com\\\/wp-content\\\/uploads\\\/2021\\\/05\\\/natural-poland-icon.png\",\"contentUrl\":\"https:\\\/\\\/naturalpoland.com\\\/wp-content\\\/uploads\\\/2021\\\/05\\\/natural-poland-icon.png\",\"width\":512,\"height\":512,\"caption\":\"Natural Poland\"},\"image\":{\"@id\":\"https:\\\/\\\/naturalpoland.com\\\/fi\\\/#\\\/schema\\\/logo\\\/image\\\/\"},\"sameAs\":[\"https:\\\/\\\/www.facebook.com\\\/naturalpoland.b2b\",\"https:\\\/\\\/pl.linkedin.com\\\/company\\\/natural-poland\",\"https:\\\/\\\/www.youtube.com\\\/channel\\\/UCgeGGkvOMahZo-xu_MSEWxg\"]}]}<\/script>\n<!-- \/ Yoast SEO plugin. -->","yoast_head_json":{"title":"Dulce de leche -aromi - Tukkudistribuutio","description":"Dulce de leche -aromi on herkullinen sekoitus etel\u00e4amerikkalaisen maitokinuskin inspiroimana.","robots":{"index":"index","follow":"follow","max-snippet":"max-snippet:-1","max-image-preview":"max-image-preview:large","max-video-preview":"max-video-preview:-1"},"canonical":"https:\/\/naturalpoland.com\/fi\/tuotteet\/elintarviketeollisuuden-tuotteet\/aromit\/jalkiruoka-aromit\/dulce-de-leche-aromi\/","og_locale":"fi_FI","og_type":"article","og_title":"Dulce de leche -aromi - Tukkudistribuutio","og_description":"Dulce de leche -aromi on herkullinen sekoitus etel\u00e4amerikkalaisen maitokinuskin inspiroimana.","og_url":"https:\/\/naturalpoland.com\/fi\/tuotteet\/elintarviketeollisuuden-tuotteet\/aromit\/jalkiruoka-aromit\/dulce-de-leche-aromi\/","og_site_name":"NATURAL POLAND - RAAKA-AINEIDEN TUKKUJAKELIJA","article_publisher":"https:\/\/www.facebook.com\/naturalpoland.b2b","article_modified_time":"2025-08-27T10:52:16+00:00","og_image":[{"width":1024,"height":1024,"url":"https:\/\/naturalpoland.com\/wp-content\/uploads\/aromat-dulce-de-leche.webp","type":"image\/webp"}],"schema":{"@context":"https:\/\/schema.org","@graph":[{"@type":"WebPage","@id":"https:\/\/naturalpoland.com\/fi\/tuotteet\/elintarviketeollisuuden-tuotteet\/aromit\/jalkiruoka-aromit\/dulce-de-leche-aromi\/","url":"https:\/\/naturalpoland.com\/fi\/tuotteet\/elintarviketeollisuuden-tuotteet\/aromit\/jalkiruoka-aromit\/dulce-de-leche-aromi\/","name":"Dulce de leche -aromi - Tukkudistribuutio","isPartOf":{"@id":"https:\/\/naturalpoland.com\/fi\/#website"},"primaryImageOfPage":{"@id":"https:\/\/naturalpoland.com\/fi\/tuotteet\/elintarviketeollisuuden-tuotteet\/aromit\/jalkiruoka-aromit\/dulce-de-leche-aromi\/#primaryimage"},"image":{"@id":"https:\/\/naturalpoland.com\/fi\/tuotteet\/elintarviketeollisuuden-tuotteet\/aromit\/jalkiruoka-aromit\/dulce-de-leche-aromi\/#primaryimage"},"thumbnailUrl":"https:\/\/naturalpoland.com\/wp-content\/uploads\/aromat-dulce-de-leche.webp","datePublished":"2025-08-26T10:32:43+00:00","dateModified":"2025-08-27T10:52:16+00:00","description":"Dulce de leche -aromi on herkullinen sekoitus etel\u00e4amerikkalaisen maitokinuskin inspiroimana.","breadcrumb":{"@id":"https:\/\/naturalpoland.com\/fi\/tuotteet\/elintarviketeollisuuden-tuotteet\/aromit\/jalkiruoka-aromit\/dulce-de-leche-aromi\/#breadcrumb"},"inLanguage":"fi","potentialAction":[{"@type":"ReadAction","target":["https:\/\/naturalpoland.com\/fi\/tuotteet\/elintarviketeollisuuden-tuotteet\/aromit\/jalkiruoka-aromit\/dulce-de-leche-aromi\/"]}]},{"@type":"ImageObject","inLanguage":"fi","@id":"https:\/\/naturalpoland.com\/fi\/tuotteet\/elintarviketeollisuuden-tuotteet\/aromit\/jalkiruoka-aromit\/dulce-de-leche-aromi\/#primaryimage","url":"https:\/\/naturalpoland.com\/wp-content\/uploads\/aromat-dulce-de-leche.webp","contentUrl":"https:\/\/naturalpoland.com\/wp-content\/uploads\/aromat-dulce-de-leche.webp","width":1024,"height":1024,"caption":"Aromat p\u0142ynny Dulce de Leche"},{"@type":"BreadcrumbList","@id":"https:\/\/naturalpoland.com\/fi\/tuotteet\/elintarviketeollisuuden-tuotteet\/aromit\/jalkiruoka-aromit\/dulce-de-leche-aromi\/#breadcrumb","itemListElement":[{"@type":"ListItem","position":1,"name":"Etusivu","item":"https:\/\/naturalpoland.com\/fi\/"},{"@type":"ListItem","position":2,"name":"Tuotteet","item":"https:\/\/naturalpoland.com\/fi\/tuotteet\/"},{"@type":"ListItem","position":3,"name":"Dulce de leche -aromi"}]},{"@type":"WebSite","@id":"https:\/\/naturalpoland.com\/fi\/#website","url":"https:\/\/naturalpoland.com\/fi\/","name":"NATURAL POLAND - RAAKA-AINEIDEN TUKKUJAKELIJA","description":"Surowce dla przemys\u0142u spo\u017cywczego, kosmetycznego i farmaceutycznego","publisher":{"@id":"https:\/\/naturalpoland.com\/fi\/#organization"},"potentialAction":[{"@type":"SearchAction","target":{"@type":"EntryPoint","urlTemplate":"https:\/\/naturalpoland.com\/fi\/?s={search_term_string}"},"query-input":{"@type":"PropertyValueSpecification","valueRequired":true,"valueName":"search_term_string"}}],"inLanguage":"fi"},{"@type":"Organization","@id":"https:\/\/naturalpoland.com\/fi\/#organization","name":"Natural Poland","url":"https:\/\/naturalpoland.com\/fi\/","logo":{"@type":"ImageObject","inLanguage":"fi","@id":"https:\/\/naturalpoland.com\/fi\/#\/schema\/logo\/image\/","url":"https:\/\/naturalpoland.com\/wp-content\/uploads\/2021\/05\/natural-poland-icon.png","contentUrl":"https:\/\/naturalpoland.com\/wp-content\/uploads\/2021\/05\/natural-poland-icon.png","width":512,"height":512,"caption":"Natural Poland"},"image":{"@id":"https:\/\/naturalpoland.com\/fi\/#\/schema\/logo\/image\/"},"sameAs":["https:\/\/www.facebook.com\/naturalpoland.b2b","https:\/\/pl.linkedin.com\/company\/natural-poland","https:\/\/www.youtube.com\/channel\/UCgeGGkvOMahZo-xu_MSEWxg"]}]}},"_links":{"self":[{"href":"https:\/\/naturalpoland.com\/fi\/wp-json\/wp\/v2\/product\/43092","targetHints":{"allow":["GET"]}}],"collection":[{"href":"https:\/\/naturalpoland.com\/fi\/wp-json\/wp\/v2\/product"}],"about":[{"href":"https:\/\/naturalpoland.com\/fi\/wp-json\/wp\/v2\/types\/product"}],"wp:featuredmedia":[{"embeddable":true,"href":"https:\/\/naturalpoland.com\/fi\/wp-json\/wp\/v2\/media\/43057"}],"wp:attachment":[{"href":"https:\/\/naturalpoland.com\/fi\/wp-json\/wp\/v2\/media?parent=43092"}],"wp:term":[{"taxonomy":"product_brand","embeddable":true,"href":"https:\/\/naturalpoland.com\/fi\/wp-json\/wp\/v2\/product_brand?post=43092"},{"taxonomy":"product_cat","embeddable":true,"href":"https:\/\/naturalpoland.com\/fi\/wp-json\/wp\/v2\/product_cat?post=43092"},{"taxonomy":"product_tag","embeddable":true,"href":"https:\/\/naturalpoland.com\/fi\/wp-json\/wp\/v2\/product_tag?post=43092"}],"curies":[{"name":"wp","href":"https:\/\/api.w.org\/{rel}","templated":true}]}}