{"id":43347,"date":"2025-09-04T12:18:43","date_gmt":"2025-09-04T10:18:43","guid":{"rendered":"https:\/\/naturalpoland.com\/produkty\/Ei-luokiteltu\/mustikka-aromi\/"},"modified":"2025-09-26T11:14:30","modified_gmt":"2025-09-26T09:14:30","slug":"mustikka-aromi","status":"publish","type":"product","link":"https:\/\/naturalpoland.com\/fi\/tuotteet\/elintarviketeollisuuden-tuotteet\/aromit\/hedelmaaromit\/mustikka-aromi\/","title":{"rendered":"Mustikka-aromi"},"content":{"rendered":"<p>Mustikka-aromi on saatavilla nestem\u00e4isess\u00e4 ja jauhemaisessa muodossa, useissa eri varianteissa.<\/p>\n<p>Nestem\u00e4isess\u00e4 <strong>luonnollisessa<\/strong> versiossa aromille on ominaista syv\u00e4, raikas mustikan hedelm\u00e4n luonne, jossa on hienovarainen mets\u00e4npohjan vivahde. Se kest\u00e4\u00e4 korkeita l\u00e4mp\u00f6tiloja, joten sit\u00e4 voidaan menestyksekk\u00e4\u00e4sti k\u00e4ytt\u00e4\u00e4 leivonnaisissa, keitetyiss\u00e4 ja past\u00f6roiduissa tuotteissa. Ihanteellinen hilloihin, j\u00e4lkiruokiin, hedelm\u00e4valmisteisiin ja juomiin.  <\/p>\n<p><strong>Mustikka-jogurttiaromi<\/strong> on herkullinen yhdistelm\u00e4 tuoreita, makeita mustikoita ja luonnonjogurttia \u2013 tasapainoinen, hieman hapokas koostumus, jossa on miellytt\u00e4v\u00e4, maitomaisen hedelm\u00e4inen j\u00e4lkimaku. Sen sijaan <strong>mustikka-kermainen<\/strong> hurmaa kermaisella syvyydell\u00e4\u00e4n \u2013 se yhdist\u00e4\u00e4 t\u00e4ytel\u00e4isen, happaman kerman kyps\u00e4\u00e4n, makeaan mustikkaan, mik\u00e4 tekee siit\u00e4 ainutlaatuisen lis\u00e4n j\u00e4\u00e4tel\u00f6ihin, jogurtteihin ja maitotuotteisiin. <\/p>\n<p><strong>Jauhemaisena<\/strong> on saatavilla luonnollinen aromiversio, jolla on klassinen vastapoimittujen mustikoiden luonne ja hienovarainen mets\u00e4inen vivahde. Se sopii erinomaisesti irtoseoksiin, pikatuotteisiin ja jauhemaisiin lis\u00e4ravinteisiin. <strong>Aronia-mustikka<\/strong>-variantti tarjoaa ainutlaatuisen yhdistelm\u00e4n karvaan aroniamarjan mehua ja mustikoiden t\u00e4ytel\u00e4ist\u00e4 makua \u2013 ihanteellinen funktionaalisiin juomiin tai hedelm\u00e4patukoihin.  <\/p>\n<p><strong>Mustikkahillo<\/strong>-variantti on t\u00e4ytel\u00e4inen, makea mustikan inspiroima koostumus mets\u00e4isill\u00e4 vivahteilla, joka sopii makeisiin tuotteisiin. Saatavilla on my\u00f6s <strong>peitt\u00e4v\u00e4 versio<\/strong> \u2013 hienovarainen tuoreiden mustikoiden ja mets\u00e4npohjan aromi, joka on kehitetty neutraloimaan ei-toivottuja makuja funktionaalisissa tuotteissa ja ravintolisiss\u00e4. <\/p>\n","protected":false},"excerpt":{"rendered":"<p>Mustikka-aromi on monimutkainen ja moniulotteinen tuoksu- ja makuprofiili, joka vangitsee t\u00e4ydellisesti tuoreiden, kypsien eurooppalaisten mustikoiden luonteen.<\/p>\n","protected":false},"featured_media":43348,"template":"","meta":{"_acf_changed":false},"product_brand":[],"product_cat":[7600],"product_tag":[],"class_list":{"0":"post-43347","1":"product","2":"type-product","3":"status-publish","4":"has-post-thumbnail","6":"product_cat-hedelmaaromit","8":"first","9":"instock","10":"shipping-taxable","11":"product-type-simple"},"acf":[],"yoast_head":"<!-- This site is optimized with the Yoast SEO plugin v27.6 - https:\/\/yoast.com\/product\/yoast-seo-wordpress\/ -->\n<title>Mustikka-aromi - Tukkudistribuutio<\/title>\n<meta name=\"description\" content=\"Mustikka-aromi on rikas makuprofiili, joka vangitsee tuoreiden, kypsien eurooppalaisten mustikoiden luonteen.\" \/>\n<meta name=\"robots\" content=\"index, follow, max-snippet:-1, max-image-preview:large, max-video-preview:-1\" \/>\n<link rel=\"canonical\" href=\"https:\/\/naturalpoland.com\/fi\/tuotteet\/elintarviketeollisuuden-tuotteet\/aromit\/hedelmaaromit\/mustikka-aromi\/\" \/>\n<meta property=\"og:locale\" content=\"fi_FI\" \/>\n<meta property=\"og:type\" content=\"article\" \/>\n<meta property=\"og:title\" content=\"Mustikka-aromi - Tukkudistribuutio\" \/>\n<meta property=\"og:description\" content=\"Mustikka-aromi on rikas makuprofiili, joka vangitsee tuoreiden, kypsien eurooppalaisten mustikoiden luonteen.\" \/>\n<meta property=\"og:url\" content=\"https:\/\/naturalpoland.com\/fi\/tuotteet\/elintarviketeollisuuden-tuotteet\/aromit\/hedelmaaromit\/mustikka-aromi\/\" \/>\n<meta property=\"og:site_name\" content=\"NATURAL POLAND - RAAKA-AINEIDEN TUKKUJAKELIJA\" \/>\n<meta property=\"article:publisher\" content=\"https:\/\/www.facebook.com\/naturalpoland.b2b\" \/>\n<meta property=\"article:modified_time\" content=\"2025-09-26T09:14:30+00:00\" \/>\n<meta property=\"og:image\" content=\"https:\/\/naturalpoland.com\/wp-content\/uploads\/aromat-jagodowy.webp\" \/>\n\t<meta property=\"og:image:width\" content=\"1024\" \/>\n\t<meta property=\"og:image:height\" content=\"1024\" \/>\n\t<meta property=\"og:image:type\" content=\"image\/webp\" \/>\n<script type=\"application\/ld+json\" class=\"yoast-schema-graph\">{\"@context\":\"https:\\\/\\\/schema.org\",\"@graph\":[{\"@type\":\"WebPage\",\"@id\":\"https:\\\/\\\/naturalpoland.com\\\/fi\\\/tuotteet\\\/elintarviketeollisuuden-tuotteet\\\/aromit\\\/hedelmaaromit\\\/mustikka-aromi\\\/\",\"url\":\"https:\\\/\\\/naturalpoland.com\\\/fi\\\/tuotteet\\\/elintarviketeollisuuden-tuotteet\\\/aromit\\\/hedelmaaromit\\\/mustikka-aromi\\\/\",\"name\":\"Mustikka-aromi - Tukkudistribuutio\",\"isPartOf\":{\"@id\":\"https:\\\/\\\/naturalpoland.com\\\/fi\\\/#website\"},\"primaryImageOfPage\":{\"@id\":\"https:\\\/\\\/naturalpoland.com\\\/fi\\\/tuotteet\\\/elintarviketeollisuuden-tuotteet\\\/aromit\\\/hedelmaaromit\\\/mustikka-aromi\\\/#primaryimage\"},\"image\":{\"@id\":\"https:\\\/\\\/naturalpoland.com\\\/fi\\\/tuotteet\\\/elintarviketeollisuuden-tuotteet\\\/aromit\\\/hedelmaaromit\\\/mustikka-aromi\\\/#primaryimage\"},\"thumbnailUrl\":\"https:\\\/\\\/naturalpoland.com\\\/wp-content\\\/uploads\\\/aromat-jagodowy.webp\",\"datePublished\":\"2025-09-04T10:18:43+00:00\",\"dateModified\":\"2025-09-26T09:14:30+00:00\",\"description\":\"Mustikka-aromi on rikas makuprofiili, joka vangitsee tuoreiden, kypsien eurooppalaisten mustikoiden luonteen.\",\"breadcrumb\":{\"@id\":\"https:\\\/\\\/naturalpoland.com\\\/fi\\\/tuotteet\\\/elintarviketeollisuuden-tuotteet\\\/aromit\\\/hedelmaaromit\\\/mustikka-aromi\\\/#breadcrumb\"},\"inLanguage\":\"fi\",\"potentialAction\":[{\"@type\":\"ReadAction\",\"target\":[\"https:\\\/\\\/naturalpoland.com\\\/fi\\\/tuotteet\\\/elintarviketeollisuuden-tuotteet\\\/aromit\\\/hedelmaaromit\\\/mustikka-aromi\\\/\"]}]},{\"@type\":\"ImageObject\",\"inLanguage\":\"fi\",\"@id\":\"https:\\\/\\\/naturalpoland.com\\\/fi\\\/tuotteet\\\/elintarviketeollisuuden-tuotteet\\\/aromit\\\/hedelmaaromit\\\/mustikka-aromi\\\/#primaryimage\",\"url\":\"https:\\\/\\\/naturalpoland.com\\\/wp-content\\\/uploads\\\/aromat-jagodowy.webp\",\"contentUrl\":\"https:\\\/\\\/naturalpoland.com\\\/wp-content\\\/uploads\\\/aromat-jagodowy.webp\",\"width\":1024,\"height\":1024,\"caption\":\"mustikka-aromi\"},{\"@type\":\"BreadcrumbList\",\"@id\":\"https:\\\/\\\/naturalpoland.com\\\/fi\\\/tuotteet\\\/elintarviketeollisuuden-tuotteet\\\/aromit\\\/hedelmaaromit\\\/mustikka-aromi\\\/#breadcrumb\",\"itemListElement\":[{\"@type\":\"ListItem\",\"position\":1,\"name\":\"Etusivu\",\"item\":\"https:\\\/\\\/naturalpoland.com\\\/fi\\\/\"},{\"@type\":\"ListItem\",\"position\":2,\"name\":\"Tuotteet\",\"item\":\"https:\\\/\\\/naturalpoland.com\\\/fi\\\/tuotteet\\\/\"},{\"@type\":\"ListItem\",\"position\":3,\"name\":\"Mustikka-aromi\"}]},{\"@type\":\"WebSite\",\"@id\":\"https:\\\/\\\/naturalpoland.com\\\/fi\\\/#website\",\"url\":\"https:\\\/\\\/naturalpoland.com\\\/fi\\\/\",\"name\":\"NATURAL POLAND - RAAKA-AINEIDEN TUKKUJAKELIJA\",\"description\":\"Surowce dla przemys\u0142u spo\u017cywczego, kosmetycznego i farmaceutycznego\",\"publisher\":{\"@id\":\"https:\\\/\\\/naturalpoland.com\\\/fi\\\/#organization\"},\"potentialAction\":[{\"@type\":\"SearchAction\",\"target\":{\"@type\":\"EntryPoint\",\"urlTemplate\":\"https:\\\/\\\/naturalpoland.com\\\/fi\\\/?s={search_term_string}\"},\"query-input\":{\"@type\":\"PropertyValueSpecification\",\"valueRequired\":true,\"valueName\":\"search_term_string\"}}],\"inLanguage\":\"fi\"},{\"@type\":\"Organization\",\"@id\":\"https:\\\/\\\/naturalpoland.com\\\/fi\\\/#organization\",\"name\":\"Natural Poland\",\"url\":\"https:\\\/\\\/naturalpoland.com\\\/fi\\\/\",\"logo\":{\"@type\":\"ImageObject\",\"inLanguage\":\"fi\",\"@id\":\"https:\\\/\\\/naturalpoland.com\\\/fi\\\/#\\\/schema\\\/logo\\\/image\\\/\",\"url\":\"https:\\\/\\\/naturalpoland.com\\\/wp-content\\\/uploads\\\/2021\\\/05\\\/natural-poland-icon.png\",\"contentUrl\":\"https:\\\/\\\/naturalpoland.com\\\/wp-content\\\/uploads\\\/2021\\\/05\\\/natural-poland-icon.png\",\"width\":512,\"height\":512,\"caption\":\"Natural Poland\"},\"image\":{\"@id\":\"https:\\\/\\\/naturalpoland.com\\\/fi\\\/#\\\/schema\\\/logo\\\/image\\\/\"},\"sameAs\":[\"https:\\\/\\\/www.facebook.com\\\/naturalpoland.b2b\",\"https:\\\/\\\/pl.linkedin.com\\\/company\\\/natural-poland\",\"https:\\\/\\\/www.youtube.com\\\/channel\\\/UCgeGGkvOMahZo-xu_MSEWxg\"]}]}<\/script>\n<!-- \/ Yoast SEO plugin. -->","yoast_head_json":{"title":"Mustikka-aromi - Tukkudistribuutio","description":"Mustikka-aromi on rikas makuprofiili, joka vangitsee tuoreiden, kypsien eurooppalaisten mustikoiden luonteen.","robots":{"index":"index","follow":"follow","max-snippet":"max-snippet:-1","max-image-preview":"max-image-preview:large","max-video-preview":"max-video-preview:-1"},"canonical":"https:\/\/naturalpoland.com\/fi\/tuotteet\/elintarviketeollisuuden-tuotteet\/aromit\/hedelmaaromit\/mustikka-aromi\/","og_locale":"fi_FI","og_type":"article","og_title":"Mustikka-aromi - Tukkudistribuutio","og_description":"Mustikka-aromi on rikas makuprofiili, joka vangitsee tuoreiden, kypsien eurooppalaisten mustikoiden luonteen.","og_url":"https:\/\/naturalpoland.com\/fi\/tuotteet\/elintarviketeollisuuden-tuotteet\/aromit\/hedelmaaromit\/mustikka-aromi\/","og_site_name":"NATURAL POLAND - RAAKA-AINEIDEN TUKKUJAKELIJA","article_publisher":"https:\/\/www.facebook.com\/naturalpoland.b2b","article_modified_time":"2025-09-26T09:14:30+00:00","og_image":[{"width":1024,"height":1024,"url":"https:\/\/naturalpoland.com\/wp-content\/uploads\/aromat-jagodowy.webp","type":"image\/webp"}],"schema":{"@context":"https:\/\/schema.org","@graph":[{"@type":"WebPage","@id":"https:\/\/naturalpoland.com\/fi\/tuotteet\/elintarviketeollisuuden-tuotteet\/aromit\/hedelmaaromit\/mustikka-aromi\/","url":"https:\/\/naturalpoland.com\/fi\/tuotteet\/elintarviketeollisuuden-tuotteet\/aromit\/hedelmaaromit\/mustikka-aromi\/","name":"Mustikka-aromi - Tukkudistribuutio","isPartOf":{"@id":"https:\/\/naturalpoland.com\/fi\/#website"},"primaryImageOfPage":{"@id":"https:\/\/naturalpoland.com\/fi\/tuotteet\/elintarviketeollisuuden-tuotteet\/aromit\/hedelmaaromit\/mustikka-aromi\/#primaryimage"},"image":{"@id":"https:\/\/naturalpoland.com\/fi\/tuotteet\/elintarviketeollisuuden-tuotteet\/aromit\/hedelmaaromit\/mustikka-aromi\/#primaryimage"},"thumbnailUrl":"https:\/\/naturalpoland.com\/wp-content\/uploads\/aromat-jagodowy.webp","datePublished":"2025-09-04T10:18:43+00:00","dateModified":"2025-09-26T09:14:30+00:00","description":"Mustikka-aromi on rikas makuprofiili, joka vangitsee tuoreiden, kypsien eurooppalaisten mustikoiden luonteen.","breadcrumb":{"@id":"https:\/\/naturalpoland.com\/fi\/tuotteet\/elintarviketeollisuuden-tuotteet\/aromit\/hedelmaaromit\/mustikka-aromi\/#breadcrumb"},"inLanguage":"fi","potentialAction":[{"@type":"ReadAction","target":["https:\/\/naturalpoland.com\/fi\/tuotteet\/elintarviketeollisuuden-tuotteet\/aromit\/hedelmaaromit\/mustikka-aromi\/"]}]},{"@type":"ImageObject","inLanguage":"fi","@id":"https:\/\/naturalpoland.com\/fi\/tuotteet\/elintarviketeollisuuden-tuotteet\/aromit\/hedelmaaromit\/mustikka-aromi\/#primaryimage","url":"https:\/\/naturalpoland.com\/wp-content\/uploads\/aromat-jagodowy.webp","contentUrl":"https:\/\/naturalpoland.com\/wp-content\/uploads\/aromat-jagodowy.webp","width":1024,"height":1024,"caption":"mustikka-aromi"},{"@type":"BreadcrumbList","@id":"https:\/\/naturalpoland.com\/fi\/tuotteet\/elintarviketeollisuuden-tuotteet\/aromit\/hedelmaaromit\/mustikka-aromi\/#breadcrumb","itemListElement":[{"@type":"ListItem","position":1,"name":"Etusivu","item":"https:\/\/naturalpoland.com\/fi\/"},{"@type":"ListItem","position":2,"name":"Tuotteet","item":"https:\/\/naturalpoland.com\/fi\/tuotteet\/"},{"@type":"ListItem","position":3,"name":"Mustikka-aromi"}]},{"@type":"WebSite","@id":"https:\/\/naturalpoland.com\/fi\/#website","url":"https:\/\/naturalpoland.com\/fi\/","name":"NATURAL POLAND - RAAKA-AINEIDEN TUKKUJAKELIJA","description":"Surowce dla przemys\u0142u spo\u017cywczego, kosmetycznego i farmaceutycznego","publisher":{"@id":"https:\/\/naturalpoland.com\/fi\/#organization"},"potentialAction":[{"@type":"SearchAction","target":{"@type":"EntryPoint","urlTemplate":"https:\/\/naturalpoland.com\/fi\/?s={search_term_string}"},"query-input":{"@type":"PropertyValueSpecification","valueRequired":true,"valueName":"search_term_string"}}],"inLanguage":"fi"},{"@type":"Organization","@id":"https:\/\/naturalpoland.com\/fi\/#organization","name":"Natural Poland","url":"https:\/\/naturalpoland.com\/fi\/","logo":{"@type":"ImageObject","inLanguage":"fi","@id":"https:\/\/naturalpoland.com\/fi\/#\/schema\/logo\/image\/","url":"https:\/\/naturalpoland.com\/wp-content\/uploads\/2021\/05\/natural-poland-icon.png","contentUrl":"https:\/\/naturalpoland.com\/wp-content\/uploads\/2021\/05\/natural-poland-icon.png","width":512,"height":512,"caption":"Natural Poland"},"image":{"@id":"https:\/\/naturalpoland.com\/fi\/#\/schema\/logo\/image\/"},"sameAs":["https:\/\/www.facebook.com\/naturalpoland.b2b","https:\/\/pl.linkedin.com\/company\/natural-poland","https:\/\/www.youtube.com\/channel\/UCgeGGkvOMahZo-xu_MSEWxg"]}]}},"_links":{"self":[{"href":"https:\/\/naturalpoland.com\/fi\/wp-json\/wp\/v2\/product\/43347","targetHints":{"allow":["GET"]}}],"collection":[{"href":"https:\/\/naturalpoland.com\/fi\/wp-json\/wp\/v2\/product"}],"about":[{"href":"https:\/\/naturalpoland.com\/fi\/wp-json\/wp\/v2\/types\/product"}],"wp:featuredmedia":[{"embeddable":true,"href":"https:\/\/naturalpoland.com\/fi\/wp-json\/wp\/v2\/media\/43348"}],"wp:attachment":[{"href":"https:\/\/naturalpoland.com\/fi\/wp-json\/wp\/v2\/media?parent=43347"}],"wp:term":[{"taxonomy":"product_brand","embeddable":true,"href":"https:\/\/naturalpoland.com\/fi\/wp-json\/wp\/v2\/product_brand?post=43347"},{"taxonomy":"product_cat","embeddable":true,"href":"https:\/\/naturalpoland.com\/fi\/wp-json\/wp\/v2\/product_cat?post=43347"},{"taxonomy":"product_tag","embeddable":true,"href":"https:\/\/naturalpoland.com\/fi\/wp-json\/wp\/v2\/product_tag?post=43347"}],"curies":[{"name":"wp","href":"https:\/\/api.w.org\/{rel}","templated":true}]}}