{"id":43369,"date":"2025-09-04T11:58:05","date_gmt":"2025-09-04T09:58:05","guid":{"rendered":"https:\/\/naturalpoland.com\/produkty\/Ei-luokiteltu\/inkivaarin-aromi\/"},"modified":"2025-09-26T11:19:08","modified_gmt":"2025-09-26T09:19:08","slug":"inkivaarin-aromi","status":"publish","type":"product","link":"https:\/\/naturalpoland.com\/fi\/tuotteet\/elintarviketeollisuuden-tuotteet\/aromit\/mauste-aromit\/inkivaarin-aromi\/","title":{"rendered":"Inkiv\u00e4\u00e4rin aromi"},"content":{"rendered":"<p><strong>Luonnollinen nestem\u00e4inen versio (FTNF)<\/strong> j\u00e4ljittelee uskollisesti tuoreen kuoritun inkiv\u00e4\u00e4rin makua ja tuoksua. Sen etuna on korkeiden l\u00e4mp\u00f6tilojen kest\u00e4vyys, mik\u00e4 mahdollistaa turvallisen k\u00e4yt\u00f6n l\u00e4mp\u00f6k\u00e4sittelyprosesseissa, kuten paistamisessa, keitt\u00e4misess\u00e4 tai past\u00f6roinnissa. Se sopii erinomaisesti siirappeihin, teejuomiin, kastikkeisiin ja makeistuotteisiin.  <\/p>\n<p><strong>Luonnollinen inkiv\u00e4\u00e4rin aromi jauheena (FTNF)<\/strong> tarjoaa puhtaan, intensiivisen tuoreen raastetun inkiv\u00e4\u00e4rijuuren luonteen. Jauhemuoto helpottaa sen k\u00e4ytt\u00f6\u00e4 kuivaseoksissa, pikajuomissa ja jauhe- tai kapselimuotoisissa ravintolisiss\u00e4. <\/p>\n<p>Niille, jotka etsiv\u00e4t hieman monimutkaisempaa makuprofiilia, on saatavilla <strong>appelsiini-inkiv\u00e4\u00e4ri jauheversio<\/strong> \u2013 herkullinen yhdistelm\u00e4 mehev\u00e4n appelsiinin makeutta ja tuoreen inkiv\u00e4\u00e4rin l\u00e4mmitt\u00e4v\u00e4\u00e4 vivahteita. Ihanteellinen toiminnallisiin juomiin, maustettuihin teeihin, makeistuotteisiin ja hyvinvointituotteisiin. <\/p>\n","protected":false},"excerpt":{"rendered":"<p><strong>Inkiv\u00e4\u00e4rin aromi<\/strong> on tarkoitettu elintarvikkeiden, juomien ja ravintolisien tuotantoon. Sill\u00e4 on intensiivinen, l\u00e4mmitt\u00e4v\u00e4 makuprofiili, joka on saanut inspiraationsa tuoreesta inkiv\u00e4\u00e4rijuuresta. Se erottuu selke\u00e4ll\u00e4, luonnollisella luonteellaan ja on saatavilla useissa eri versioissa.  <\/p>\n","protected":false},"featured_media":43370,"template":"","meta":{"_acf_changed":false},"product_brand":[],"product_cat":[7598],"product_tag":[],"class_list":{"0":"post-43369","1":"product","2":"type-product","3":"status-publish","4":"has-post-thumbnail","6":"product_cat-mauste-aromit","8":"first","9":"instock","10":"shipping-taxable","11":"product-type-simple"},"acf":[],"yoast_head":"<!-- This site is optimized with the Yoast SEO plugin v27.6 - https:\/\/yoast.com\/product\/yoast-seo-wordpress\/ -->\n<title>Inkiv\u00e4\u00e4rin aromi - Tukkudistribuutio<\/title>\n<meta name=\"description\" content=\"Inkiv\u00e4\u00e4rin aromi on erinomainen valinta intensiiviseen, l\u00e4mmitt\u00e4v\u00e4\u00e4n makuprofiiliin, inspiroituna tuoreesta inkiv\u00e4\u00e4rist\u00e4.\" \/>\n<meta name=\"robots\" content=\"index, follow, max-snippet:-1, max-image-preview:large, max-video-preview:-1\" \/>\n<link rel=\"canonical\" href=\"https:\/\/naturalpoland.com\/fi\/tuotteet\/elintarviketeollisuuden-tuotteet\/aromit\/mauste-aromit\/inkivaarin-aromi\/\" \/>\n<meta property=\"og:locale\" content=\"fi_FI\" \/>\n<meta property=\"og:type\" content=\"article\" \/>\n<meta property=\"og:title\" content=\"Inkiv\u00e4\u00e4rin aromi - Tukkudistribuutio\" \/>\n<meta property=\"og:description\" content=\"Inkiv\u00e4\u00e4rin aromi on erinomainen valinta intensiiviseen, l\u00e4mmitt\u00e4v\u00e4\u00e4n makuprofiiliin, inspiroituna tuoreesta inkiv\u00e4\u00e4rist\u00e4.\" \/>\n<meta property=\"og:url\" content=\"https:\/\/naturalpoland.com\/fi\/tuotteet\/elintarviketeollisuuden-tuotteet\/aromit\/mauste-aromit\/inkivaarin-aromi\/\" \/>\n<meta property=\"og:site_name\" content=\"NATURAL POLAND - RAAKA-AINEIDEN TUKKUJAKELIJA\" \/>\n<meta property=\"article:publisher\" content=\"https:\/\/www.facebook.com\/naturalpoland.b2b\" \/>\n<meta property=\"article:modified_time\" content=\"2025-09-26T09:19:08+00:00\" \/>\n<meta property=\"og:image\" content=\"https:\/\/naturalpoland.com\/wp-content\/uploads\/aromat-imbirowy.webp\" \/>\n\t<meta property=\"og:image:width\" content=\"1024\" \/>\n\t<meta property=\"og:image:height\" content=\"1024\" \/>\n\t<meta property=\"og:image:type\" content=\"image\/webp\" \/>\n<script type=\"application\/ld+json\" class=\"yoast-schema-graph\">{\"@context\":\"https:\\\/\\\/schema.org\",\"@graph\":[{\"@type\":\"WebPage\",\"@id\":\"https:\\\/\\\/naturalpoland.com\\\/fi\\\/tuotteet\\\/elintarviketeollisuuden-tuotteet\\\/aromit\\\/mauste-aromit\\\/inkivaarin-aromi\\\/\",\"url\":\"https:\\\/\\\/naturalpoland.com\\\/fi\\\/tuotteet\\\/elintarviketeollisuuden-tuotteet\\\/aromit\\\/mauste-aromit\\\/inkivaarin-aromi\\\/\",\"name\":\"Inkiv\u00e4\u00e4rin aromi - Tukkudistribuutio\",\"isPartOf\":{\"@id\":\"https:\\\/\\\/naturalpoland.com\\\/fi\\\/#website\"},\"primaryImageOfPage\":{\"@id\":\"https:\\\/\\\/naturalpoland.com\\\/fi\\\/tuotteet\\\/elintarviketeollisuuden-tuotteet\\\/aromit\\\/mauste-aromit\\\/inkivaarin-aromi\\\/#primaryimage\"},\"image\":{\"@id\":\"https:\\\/\\\/naturalpoland.com\\\/fi\\\/tuotteet\\\/elintarviketeollisuuden-tuotteet\\\/aromit\\\/mauste-aromit\\\/inkivaarin-aromi\\\/#primaryimage\"},\"thumbnailUrl\":\"https:\\\/\\\/naturalpoland.com\\\/wp-content\\\/uploads\\\/aromat-imbirowy.webp\",\"datePublished\":\"2025-09-04T09:58:05+00:00\",\"dateModified\":\"2025-09-26T09:19:08+00:00\",\"description\":\"Inkiv\u00e4\u00e4rin aromi on erinomainen valinta intensiiviseen, l\u00e4mmitt\u00e4v\u00e4\u00e4n makuprofiiliin, inspiroituna tuoreesta inkiv\u00e4\u00e4rist\u00e4.\",\"breadcrumb\":{\"@id\":\"https:\\\/\\\/naturalpoland.com\\\/fi\\\/tuotteet\\\/elintarviketeollisuuden-tuotteet\\\/aromit\\\/mauste-aromit\\\/inkivaarin-aromi\\\/#breadcrumb\"},\"inLanguage\":\"fi\",\"potentialAction\":[{\"@type\":\"ReadAction\",\"target\":[\"https:\\\/\\\/naturalpoland.com\\\/fi\\\/tuotteet\\\/elintarviketeollisuuden-tuotteet\\\/aromit\\\/mauste-aromit\\\/inkivaarin-aromi\\\/\"]}]},{\"@type\":\"ImageObject\",\"inLanguage\":\"fi\",\"@id\":\"https:\\\/\\\/naturalpoland.com\\\/fi\\\/tuotteet\\\/elintarviketeollisuuden-tuotteet\\\/aromit\\\/mauste-aromit\\\/inkivaarin-aromi\\\/#primaryimage\",\"url\":\"https:\\\/\\\/naturalpoland.com\\\/wp-content\\\/uploads\\\/aromat-imbirowy.webp\",\"contentUrl\":\"https:\\\/\\\/naturalpoland.com\\\/wp-content\\\/uploads\\\/aromat-imbirowy.webp\",\"width\":1024,\"height\":1024,\"caption\":\"inkiv\u00e4\u00e4rin aromi\"},{\"@type\":\"BreadcrumbList\",\"@id\":\"https:\\\/\\\/naturalpoland.com\\\/fi\\\/tuotteet\\\/elintarviketeollisuuden-tuotteet\\\/aromit\\\/mauste-aromit\\\/inkivaarin-aromi\\\/#breadcrumb\",\"itemListElement\":[{\"@type\":\"ListItem\",\"position\":1,\"name\":\"Etusivu\",\"item\":\"https:\\\/\\\/naturalpoland.com\\\/fi\\\/\"},{\"@type\":\"ListItem\",\"position\":2,\"name\":\"Tuotteet\",\"item\":\"https:\\\/\\\/naturalpoland.com\\\/fi\\\/tuotteet\\\/\"},{\"@type\":\"ListItem\",\"position\":3,\"name\":\"Inkiv\u00e4\u00e4rin aromi\"}]},{\"@type\":\"WebSite\",\"@id\":\"https:\\\/\\\/naturalpoland.com\\\/fi\\\/#website\",\"url\":\"https:\\\/\\\/naturalpoland.com\\\/fi\\\/\",\"name\":\"NATURAL POLAND - RAAKA-AINEIDEN TUKKUJAKELIJA\",\"description\":\"Surowce dla przemys\u0142u spo\u017cywczego, kosmetycznego i farmaceutycznego\",\"publisher\":{\"@id\":\"https:\\\/\\\/naturalpoland.com\\\/fi\\\/#organization\"},\"potentialAction\":[{\"@type\":\"SearchAction\",\"target\":{\"@type\":\"EntryPoint\",\"urlTemplate\":\"https:\\\/\\\/naturalpoland.com\\\/fi\\\/?s={search_term_string}\"},\"query-input\":{\"@type\":\"PropertyValueSpecification\",\"valueRequired\":true,\"valueName\":\"search_term_string\"}}],\"inLanguage\":\"fi\"},{\"@type\":\"Organization\",\"@id\":\"https:\\\/\\\/naturalpoland.com\\\/fi\\\/#organization\",\"name\":\"Natural Poland\",\"url\":\"https:\\\/\\\/naturalpoland.com\\\/fi\\\/\",\"logo\":{\"@type\":\"ImageObject\",\"inLanguage\":\"fi\",\"@id\":\"https:\\\/\\\/naturalpoland.com\\\/fi\\\/#\\\/schema\\\/logo\\\/image\\\/\",\"url\":\"https:\\\/\\\/naturalpoland.com\\\/wp-content\\\/uploads\\\/2021\\\/05\\\/natural-poland-icon.png\",\"contentUrl\":\"https:\\\/\\\/naturalpoland.com\\\/wp-content\\\/uploads\\\/2021\\\/05\\\/natural-poland-icon.png\",\"width\":512,\"height\":512,\"caption\":\"Natural Poland\"},\"image\":{\"@id\":\"https:\\\/\\\/naturalpoland.com\\\/fi\\\/#\\\/schema\\\/logo\\\/image\\\/\"},\"sameAs\":[\"https:\\\/\\\/www.facebook.com\\\/naturalpoland.b2b\",\"https:\\\/\\\/pl.linkedin.com\\\/company\\\/natural-poland\",\"https:\\\/\\\/www.youtube.com\\\/channel\\\/UCgeGGkvOMahZo-xu_MSEWxg\"]}]}<\/script>\n<!-- \/ Yoast SEO plugin. -->","yoast_head_json":{"title":"Inkiv\u00e4\u00e4rin aromi - Tukkudistribuutio","description":"Inkiv\u00e4\u00e4rin aromi on erinomainen valinta intensiiviseen, l\u00e4mmitt\u00e4v\u00e4\u00e4n makuprofiiliin, inspiroituna tuoreesta inkiv\u00e4\u00e4rist\u00e4.","robots":{"index":"index","follow":"follow","max-snippet":"max-snippet:-1","max-image-preview":"max-image-preview:large","max-video-preview":"max-video-preview:-1"},"canonical":"https:\/\/naturalpoland.com\/fi\/tuotteet\/elintarviketeollisuuden-tuotteet\/aromit\/mauste-aromit\/inkivaarin-aromi\/","og_locale":"fi_FI","og_type":"article","og_title":"Inkiv\u00e4\u00e4rin aromi - Tukkudistribuutio","og_description":"Inkiv\u00e4\u00e4rin aromi on erinomainen valinta intensiiviseen, l\u00e4mmitt\u00e4v\u00e4\u00e4n makuprofiiliin, inspiroituna tuoreesta inkiv\u00e4\u00e4rist\u00e4.","og_url":"https:\/\/naturalpoland.com\/fi\/tuotteet\/elintarviketeollisuuden-tuotteet\/aromit\/mauste-aromit\/inkivaarin-aromi\/","og_site_name":"NATURAL POLAND - RAAKA-AINEIDEN TUKKUJAKELIJA","article_publisher":"https:\/\/www.facebook.com\/naturalpoland.b2b","article_modified_time":"2025-09-26T09:19:08+00:00","og_image":[{"width":1024,"height":1024,"url":"https:\/\/naturalpoland.com\/wp-content\/uploads\/aromat-imbirowy.webp","type":"image\/webp"}],"schema":{"@context":"https:\/\/schema.org","@graph":[{"@type":"WebPage","@id":"https:\/\/naturalpoland.com\/fi\/tuotteet\/elintarviketeollisuuden-tuotteet\/aromit\/mauste-aromit\/inkivaarin-aromi\/","url":"https:\/\/naturalpoland.com\/fi\/tuotteet\/elintarviketeollisuuden-tuotteet\/aromit\/mauste-aromit\/inkivaarin-aromi\/","name":"Inkiv\u00e4\u00e4rin aromi - Tukkudistribuutio","isPartOf":{"@id":"https:\/\/naturalpoland.com\/fi\/#website"},"primaryImageOfPage":{"@id":"https:\/\/naturalpoland.com\/fi\/tuotteet\/elintarviketeollisuuden-tuotteet\/aromit\/mauste-aromit\/inkivaarin-aromi\/#primaryimage"},"image":{"@id":"https:\/\/naturalpoland.com\/fi\/tuotteet\/elintarviketeollisuuden-tuotteet\/aromit\/mauste-aromit\/inkivaarin-aromi\/#primaryimage"},"thumbnailUrl":"https:\/\/naturalpoland.com\/wp-content\/uploads\/aromat-imbirowy.webp","datePublished":"2025-09-04T09:58:05+00:00","dateModified":"2025-09-26T09:19:08+00:00","description":"Inkiv\u00e4\u00e4rin aromi on erinomainen valinta intensiiviseen, l\u00e4mmitt\u00e4v\u00e4\u00e4n makuprofiiliin, inspiroituna tuoreesta inkiv\u00e4\u00e4rist\u00e4.","breadcrumb":{"@id":"https:\/\/naturalpoland.com\/fi\/tuotteet\/elintarviketeollisuuden-tuotteet\/aromit\/mauste-aromit\/inkivaarin-aromi\/#breadcrumb"},"inLanguage":"fi","potentialAction":[{"@type":"ReadAction","target":["https:\/\/naturalpoland.com\/fi\/tuotteet\/elintarviketeollisuuden-tuotteet\/aromit\/mauste-aromit\/inkivaarin-aromi\/"]}]},{"@type":"ImageObject","inLanguage":"fi","@id":"https:\/\/naturalpoland.com\/fi\/tuotteet\/elintarviketeollisuuden-tuotteet\/aromit\/mauste-aromit\/inkivaarin-aromi\/#primaryimage","url":"https:\/\/naturalpoland.com\/wp-content\/uploads\/aromat-imbirowy.webp","contentUrl":"https:\/\/naturalpoland.com\/wp-content\/uploads\/aromat-imbirowy.webp","width":1024,"height":1024,"caption":"inkiv\u00e4\u00e4rin aromi"},{"@type":"BreadcrumbList","@id":"https:\/\/naturalpoland.com\/fi\/tuotteet\/elintarviketeollisuuden-tuotteet\/aromit\/mauste-aromit\/inkivaarin-aromi\/#breadcrumb","itemListElement":[{"@type":"ListItem","position":1,"name":"Etusivu","item":"https:\/\/naturalpoland.com\/fi\/"},{"@type":"ListItem","position":2,"name":"Tuotteet","item":"https:\/\/naturalpoland.com\/fi\/tuotteet\/"},{"@type":"ListItem","position":3,"name":"Inkiv\u00e4\u00e4rin aromi"}]},{"@type":"WebSite","@id":"https:\/\/naturalpoland.com\/fi\/#website","url":"https:\/\/naturalpoland.com\/fi\/","name":"NATURAL POLAND - RAAKA-AINEIDEN TUKKUJAKELIJA","description":"Surowce dla przemys\u0142u spo\u017cywczego, kosmetycznego i farmaceutycznego","publisher":{"@id":"https:\/\/naturalpoland.com\/fi\/#organization"},"potentialAction":[{"@type":"SearchAction","target":{"@type":"EntryPoint","urlTemplate":"https:\/\/naturalpoland.com\/fi\/?s={search_term_string}"},"query-input":{"@type":"PropertyValueSpecification","valueRequired":true,"valueName":"search_term_string"}}],"inLanguage":"fi"},{"@type":"Organization","@id":"https:\/\/naturalpoland.com\/fi\/#organization","name":"Natural Poland","url":"https:\/\/naturalpoland.com\/fi\/","logo":{"@type":"ImageObject","inLanguage":"fi","@id":"https:\/\/naturalpoland.com\/fi\/#\/schema\/logo\/image\/","url":"https:\/\/naturalpoland.com\/wp-content\/uploads\/2021\/05\/natural-poland-icon.png","contentUrl":"https:\/\/naturalpoland.com\/wp-content\/uploads\/2021\/05\/natural-poland-icon.png","width":512,"height":512,"caption":"Natural Poland"},"image":{"@id":"https:\/\/naturalpoland.com\/fi\/#\/schema\/logo\/image\/"},"sameAs":["https:\/\/www.facebook.com\/naturalpoland.b2b","https:\/\/pl.linkedin.com\/company\/natural-poland","https:\/\/www.youtube.com\/channel\/UCgeGGkvOMahZo-xu_MSEWxg"]}]}},"_links":{"self":[{"href":"https:\/\/naturalpoland.com\/fi\/wp-json\/wp\/v2\/product\/43369","targetHints":{"allow":["GET"]}}],"collection":[{"href":"https:\/\/naturalpoland.com\/fi\/wp-json\/wp\/v2\/product"}],"about":[{"href":"https:\/\/naturalpoland.com\/fi\/wp-json\/wp\/v2\/types\/product"}],"wp:featuredmedia":[{"embeddable":true,"href":"https:\/\/naturalpoland.com\/fi\/wp-json\/wp\/v2\/media\/43370"}],"wp:attachment":[{"href":"https:\/\/naturalpoland.com\/fi\/wp-json\/wp\/v2\/media?parent=43369"}],"wp:term":[{"taxonomy":"product_brand","embeddable":true,"href":"https:\/\/naturalpoland.com\/fi\/wp-json\/wp\/v2\/product_brand?post=43369"},{"taxonomy":"product_cat","embeddable":true,"href":"https:\/\/naturalpoland.com\/fi\/wp-json\/wp\/v2\/product_cat?post=43369"},{"taxonomy":"product_tag","embeddable":true,"href":"https:\/\/naturalpoland.com\/fi\/wp-json\/wp\/v2\/product_tag?post=43369"}],"curies":[{"name":"wp","href":"https:\/\/api.w.org\/{rel}","templated":true}]}}