{"id":43433,"date":"2025-09-04T14:34:28","date_gmt":"2025-09-04T12:34:28","guid":{"rendered":"https:\/\/naturalpoland.com\/produkty\/Ei-luokiteltu\/basilikaoljy\/"},"modified":"2025-09-26T11:23:09","modified_gmt":"2025-09-26T09:23:09","slug":"basilikaoljy","status":"publish","type":"product","link":"https:\/\/naturalpoland.com\/fi\/tuotteet\/kosmetiikkateollisuuden-tuotteet\/eteeriset-oljyt\/basilikaoljy\/","title":{"rendered":"Basilika\u00f6ljy"},"content":{"rendered":"<p>Basilika\u00f6ljy sis\u00e4lt\u00e4\u00e4 runsaasti aktiivisia aineita, kuten linalolia, metyylikavikolia (estragolia), eugenolia tai sineolia, kemotyypist\u00e4 riippuen. Sit\u00e4 on saatavilla useina tuoksu-kemiallisina lajikkeina. <\/p>\n<h2>Basilika\u00f6ljyn k\u00e4ytt\u00f6kohteet:<\/h2>\n<p>Luonnonkosmetiikassa ja dermokosmetiikassa basilika\u00f6ljy\u00e4 k\u00e4ytet\u00e4\u00e4n <strong>puhdistavana, detoksifioivana ja virkist\u00e4v\u00e4n\u00e4 ainesosana<\/strong>. Antiseptisten ja virkist\u00e4vien ominaisuuksiensa ansiosta sit\u00e4 k\u00e4ytet\u00e4\u00e4n rasvaisen ja sekaihon valmisteissa, kasvovesiss\u00e4, puhdistusgeeleiss\u00e4, voiteissa ja hieronta\u00f6ljyiss\u00e4. Aromaterapiassa sit\u00e4 hy\u00f6dynnet\u00e4\u00e4n tilojen tuoksuttamiseen, mik\u00e4 edist\u00e4\u00e4 henkist\u00e4 ja luovaa ty\u00f6t\u00e4 \u2013 se parantaa keskittymist\u00e4, tukee kognitiivisia prosesseja ja v\u00e4hent\u00e4\u00e4 stressi\u00e4.  <\/p>\n<p>Ravintolisiss\u00e4 basilika\u00f6ljy\u00e4 voidaan k\u00e4ytt\u00e4\u00e4 aktiivisena ainesosana immuunij\u00e4rjestelm\u00e4\u00e4, hengityselimi\u00e4, ruoansulatusta ja yleist\u00e4 kehon palautumista tukevissa valmisteissa. Sen antibakteeriset ja kouristuksia ehk\u00e4isev\u00e4t ominaisuudet tekev\u00e4t siit\u00e4 hy\u00f6dyllisen my\u00f6s funktionaalisissa resepteiss\u00e4. <\/p>\n<h2>Basilikan eteerisen \u00f6ljyn variantit:<\/h2>\n<p>Teknologisista tarpeista ja toivotusta aistinvaraisesta vaikutuksesta riippuen saatavilla on erilaisia \u00f6ljytyyppej\u00e4:<\/p>\n<ul>\n<li><strong>Klassinen basilika\u00f6ljy<\/strong> \u2013 raikas, yrttinen, yleismaailmallinen aromaattinen profiili, suositellaan kosmetiikkaan ja hyvinvointituotteisiin.<\/li>\n<li><strong>Linaloolibasilika\u00f6ljy (Grand Vert)<\/strong> \u2013 hienostuneempi tuoksu, hallitseva linaloolin s\u00e4vy, suositellaan rauhoittaviin ja hoitaviin valmisteisiin.<\/li>\n<li><strong>Trooppinen basilika\u00f6ljy<\/strong> \u2013 intensiivisempi, mausteinen aromi selke\u00e4ll\u00e4 estragolin s\u00e4vyll\u00e4, suositellaan aromaterapiaan ja hierontoihin.<\/li>\n<li><strong>Trooppinen basilika\u00f6ljy ct. metyylikavikoli <\/strong>  \u2013 korkea metyylikavikolipitoisuus, tarkoitettu erikoisvalmisteisiin.<\/li>\n<\/ul>\n<p>&nbsp;<\/p>\n<p>&nbsp;<\/p>\n","protected":false},"excerpt":{"rendered":"<p><strong>Basilika\u00f6ljy<\/strong> (INCI: <em>Ocimum Basilicum Oil<\/em>) on 100 % luonnollinen eteerinen \u00f6ljy, joka saadaan h\u00f6yrytislaamalla basilikan lehdist\u00e4 ja kukista. Tuotteella on korkea biologinen aktiivisuus sek\u00e4 voimakkaat aromaattiset ja funktionaaliset ominaisuudet. <\/p>\n","protected":false},"featured_media":43434,"template":"","meta":[],"product_brand":[],"product_cat":[6264],"product_tag":[],"class_list":{"0":"post-43433","1":"product","2":"type-product","3":"status-publish","4":"has-post-thumbnail","6":"product_cat-eteeriset-oljyt","7":"pa_czesc-rosliny-lehdet","9":"first","10":"instock","11":"shipping-taxable","12":"product-type-simple"},"yoast_head":"<!-- This site is optimized with the Yoast SEO plugin v27.3 - https:\/\/yoast.com\/product\/yoast-seo-wordpress\/ -->\n<title>Basilika\u00f6ljy - Tukkudistribuutio<\/title>\n<meta name=\"description\" content=\"Basilika\u00f6ljy on korkealaatuinen luonnollinen eteerinen \u00f6ljy, joka saadaan h\u00f6yrytislaamalla tavallisen basilikan lehdist\u00e4 ja kukista.\" \/>\n<meta name=\"robots\" content=\"index, follow, max-snippet:-1, max-image-preview:large, max-video-preview:-1\" \/>\n<link rel=\"canonical\" href=\"https:\/\/naturalpoland.com\/fi\/tuotteet\/kosmetiikkateollisuuden-tuotteet\/eteeriset-oljyt\/basilikaoljy\/\" \/>\n<meta property=\"og:locale\" content=\"fi_FI\" \/>\n<meta property=\"og:type\" content=\"article\" \/>\n<meta property=\"og:title\" content=\"Basilika\u00f6ljy - Tukkudistribuutio\" \/>\n<meta property=\"og:description\" content=\"Basilika\u00f6ljy on korkealaatuinen luonnollinen eteerinen \u00f6ljy, joka saadaan h\u00f6yrytislaamalla tavallisen basilikan lehdist\u00e4 ja kukista.\" \/>\n<meta property=\"og:url\" content=\"https:\/\/naturalpoland.com\/fi\/tuotteet\/kosmetiikkateollisuuden-tuotteet\/eteeriset-oljyt\/basilikaoljy\/\" \/>\n<meta property=\"og:site_name\" content=\"NATURAL POLAND - RAAKA-AINEIDEN TUKKUJAKELIJA\" \/>\n<meta property=\"article:publisher\" content=\"https:\/\/www.facebook.com\/naturalpoland.b2b\" \/>\n<meta property=\"article:modified_time\" content=\"2025-09-26T09:23:09+00:00\" \/>\n<meta property=\"og:image\" content=\"https:\/\/naturalpoland.com\/wp-content\/uploads\/olejek-bazyliowy.webp\" \/>\n\t<meta property=\"og:image:width\" content=\"1024\" \/>\n\t<meta property=\"og:image:height\" content=\"1024\" \/>\n\t<meta property=\"og:image:type\" content=\"image\/webp\" \/>\n<script type=\"application\/ld+json\" class=\"yoast-schema-graph\">{\"@context\":\"https:\\\/\\\/schema.org\",\"@graph\":[{\"@type\":\"WebPage\",\"@id\":\"https:\\\/\\\/naturalpoland.com\\\/fi\\\/tuotteet\\\/kosmetiikkateollisuuden-tuotteet\\\/eteeriset-oljyt\\\/basilikaoljy\\\/\",\"url\":\"https:\\\/\\\/naturalpoland.com\\\/fi\\\/tuotteet\\\/kosmetiikkateollisuuden-tuotteet\\\/eteeriset-oljyt\\\/basilikaoljy\\\/\",\"name\":\"Basilika\u00f6ljy - Tukkudistribuutio\",\"isPartOf\":{\"@id\":\"https:\\\/\\\/naturalpoland.com\\\/fi\\\/#website\"},\"primaryImageOfPage\":{\"@id\":\"https:\\\/\\\/naturalpoland.com\\\/fi\\\/tuotteet\\\/kosmetiikkateollisuuden-tuotteet\\\/eteeriset-oljyt\\\/basilikaoljy\\\/#primaryimage\"},\"image\":{\"@id\":\"https:\\\/\\\/naturalpoland.com\\\/fi\\\/tuotteet\\\/kosmetiikkateollisuuden-tuotteet\\\/eteeriset-oljyt\\\/basilikaoljy\\\/#primaryimage\"},\"thumbnailUrl\":\"https:\\\/\\\/naturalpoland.com\\\/wp-content\\\/uploads\\\/olejek-bazyliowy.webp\",\"datePublished\":\"2025-09-04T12:34:28+00:00\",\"dateModified\":\"2025-09-26T09:23:09+00:00\",\"description\":\"Basilika\u00f6ljy on korkealaatuinen luonnollinen eteerinen \u00f6ljy, joka saadaan h\u00f6yrytislaamalla tavallisen basilikan lehdist\u00e4 ja kukista.\",\"breadcrumb\":{\"@id\":\"https:\\\/\\\/naturalpoland.com\\\/fi\\\/tuotteet\\\/kosmetiikkateollisuuden-tuotteet\\\/eteeriset-oljyt\\\/basilikaoljy\\\/#breadcrumb\"},\"inLanguage\":\"fi\",\"potentialAction\":[{\"@type\":\"ReadAction\",\"target\":[\"https:\\\/\\\/naturalpoland.com\\\/fi\\\/tuotteet\\\/kosmetiikkateollisuuden-tuotteet\\\/eteeriset-oljyt\\\/basilikaoljy\\\/\"]}]},{\"@type\":\"ImageObject\",\"inLanguage\":\"fi\",\"@id\":\"https:\\\/\\\/naturalpoland.com\\\/fi\\\/tuotteet\\\/kosmetiikkateollisuuden-tuotteet\\\/eteeriset-oljyt\\\/basilikaoljy\\\/#primaryimage\",\"url\":\"https:\\\/\\\/naturalpoland.com\\\/wp-content\\\/uploads\\\/olejek-bazyliowy.webp\",\"contentUrl\":\"https:\\\/\\\/naturalpoland.com\\\/wp-content\\\/uploads\\\/olejek-bazyliowy.webp\",\"width\":1024,\"height\":1024,\"caption\":\"basilika\u00f6ljy\"},{\"@type\":\"BreadcrumbList\",\"@id\":\"https:\\\/\\\/naturalpoland.com\\\/fi\\\/tuotteet\\\/kosmetiikkateollisuuden-tuotteet\\\/eteeriset-oljyt\\\/basilikaoljy\\\/#breadcrumb\",\"itemListElement\":[{\"@type\":\"ListItem\",\"position\":1,\"name\":\"Etusivu\",\"item\":\"https:\\\/\\\/naturalpoland.com\\\/fi\\\/\"},{\"@type\":\"ListItem\",\"position\":2,\"name\":\"Tuotteet\",\"item\":\"https:\\\/\\\/naturalpoland.com\\\/fi\\\/tuotteet\\\/\"},{\"@type\":\"ListItem\",\"position\":3,\"name\":\"Basilika\u00f6ljy\"}]},{\"@type\":\"WebSite\",\"@id\":\"https:\\\/\\\/naturalpoland.com\\\/fi\\\/#website\",\"url\":\"https:\\\/\\\/naturalpoland.com\\\/fi\\\/\",\"name\":\"NATURAL POLAND - RAAKA-AINEIDEN TUKKUJAKELIJA\",\"description\":\"Surowce dla przemys\u0142u spo\u017cywczego, kosmetycznego i farmaceutycznego\",\"publisher\":{\"@id\":\"https:\\\/\\\/naturalpoland.com\\\/fi\\\/#organization\"},\"potentialAction\":[{\"@type\":\"SearchAction\",\"target\":{\"@type\":\"EntryPoint\",\"urlTemplate\":\"https:\\\/\\\/naturalpoland.com\\\/fi\\\/?s={search_term_string}\"},\"query-input\":{\"@type\":\"PropertyValueSpecification\",\"valueRequired\":true,\"valueName\":\"search_term_string\"}}],\"inLanguage\":\"fi\"},{\"@type\":\"Organization\",\"@id\":\"https:\\\/\\\/naturalpoland.com\\\/fi\\\/#organization\",\"name\":\"Natural Poland\",\"url\":\"https:\\\/\\\/naturalpoland.com\\\/fi\\\/\",\"logo\":{\"@type\":\"ImageObject\",\"inLanguage\":\"fi\",\"@id\":\"https:\\\/\\\/naturalpoland.com\\\/fi\\\/#\\\/schema\\\/logo\\\/image\\\/\",\"url\":\"https:\\\/\\\/naturalpoland.com\\\/wp-content\\\/uploads\\\/2021\\\/05\\\/natural-poland-icon.png\",\"contentUrl\":\"https:\\\/\\\/naturalpoland.com\\\/wp-content\\\/uploads\\\/2021\\\/05\\\/natural-poland-icon.png\",\"width\":512,\"height\":512,\"caption\":\"Natural Poland\"},\"image\":{\"@id\":\"https:\\\/\\\/naturalpoland.com\\\/fi\\\/#\\\/schema\\\/logo\\\/image\\\/\"},\"sameAs\":[\"https:\\\/\\\/www.facebook.com\\\/naturalpoland.b2b\",\"https:\\\/\\\/pl.linkedin.com\\\/company\\\/natural-poland\",\"https:\\\/\\\/www.youtube.com\\\/channel\\\/UCgeGGkvOMahZo-xu_MSEWxg\"]}]}<\/script>\n<!-- \/ Yoast SEO plugin. -->","yoast_head_json":{"title":"Basilika\u00f6ljy - Tukkudistribuutio","description":"Basilika\u00f6ljy on korkealaatuinen luonnollinen eteerinen \u00f6ljy, joka saadaan h\u00f6yrytislaamalla tavallisen basilikan lehdist\u00e4 ja kukista.","robots":{"index":"index","follow":"follow","max-snippet":"max-snippet:-1","max-image-preview":"max-image-preview:large","max-video-preview":"max-video-preview:-1"},"canonical":"https:\/\/naturalpoland.com\/fi\/tuotteet\/kosmetiikkateollisuuden-tuotteet\/eteeriset-oljyt\/basilikaoljy\/","og_locale":"fi_FI","og_type":"article","og_title":"Basilika\u00f6ljy - Tukkudistribuutio","og_description":"Basilika\u00f6ljy on korkealaatuinen luonnollinen eteerinen \u00f6ljy, joka saadaan h\u00f6yrytislaamalla tavallisen basilikan lehdist\u00e4 ja kukista.","og_url":"https:\/\/naturalpoland.com\/fi\/tuotteet\/kosmetiikkateollisuuden-tuotteet\/eteeriset-oljyt\/basilikaoljy\/","og_site_name":"NATURAL POLAND - RAAKA-AINEIDEN TUKKUJAKELIJA","article_publisher":"https:\/\/www.facebook.com\/naturalpoland.b2b","article_modified_time":"2025-09-26T09:23:09+00:00","og_image":[{"width":1024,"height":1024,"url":"https:\/\/naturalpoland.com\/wp-content\/uploads\/olejek-bazyliowy.webp","type":"image\/webp"}],"schema":{"@context":"https:\/\/schema.org","@graph":[{"@type":"WebPage","@id":"https:\/\/naturalpoland.com\/fi\/tuotteet\/kosmetiikkateollisuuden-tuotteet\/eteeriset-oljyt\/basilikaoljy\/","url":"https:\/\/naturalpoland.com\/fi\/tuotteet\/kosmetiikkateollisuuden-tuotteet\/eteeriset-oljyt\/basilikaoljy\/","name":"Basilika\u00f6ljy - Tukkudistribuutio","isPartOf":{"@id":"https:\/\/naturalpoland.com\/fi\/#website"},"primaryImageOfPage":{"@id":"https:\/\/naturalpoland.com\/fi\/tuotteet\/kosmetiikkateollisuuden-tuotteet\/eteeriset-oljyt\/basilikaoljy\/#primaryimage"},"image":{"@id":"https:\/\/naturalpoland.com\/fi\/tuotteet\/kosmetiikkateollisuuden-tuotteet\/eteeriset-oljyt\/basilikaoljy\/#primaryimage"},"thumbnailUrl":"https:\/\/naturalpoland.com\/wp-content\/uploads\/olejek-bazyliowy.webp","datePublished":"2025-09-04T12:34:28+00:00","dateModified":"2025-09-26T09:23:09+00:00","description":"Basilika\u00f6ljy on korkealaatuinen luonnollinen eteerinen \u00f6ljy, joka saadaan h\u00f6yrytislaamalla tavallisen basilikan lehdist\u00e4 ja kukista.","breadcrumb":{"@id":"https:\/\/naturalpoland.com\/fi\/tuotteet\/kosmetiikkateollisuuden-tuotteet\/eteeriset-oljyt\/basilikaoljy\/#breadcrumb"},"inLanguage":"fi","potentialAction":[{"@type":"ReadAction","target":["https:\/\/naturalpoland.com\/fi\/tuotteet\/kosmetiikkateollisuuden-tuotteet\/eteeriset-oljyt\/basilikaoljy\/"]}]},{"@type":"ImageObject","inLanguage":"fi","@id":"https:\/\/naturalpoland.com\/fi\/tuotteet\/kosmetiikkateollisuuden-tuotteet\/eteeriset-oljyt\/basilikaoljy\/#primaryimage","url":"https:\/\/naturalpoland.com\/wp-content\/uploads\/olejek-bazyliowy.webp","contentUrl":"https:\/\/naturalpoland.com\/wp-content\/uploads\/olejek-bazyliowy.webp","width":1024,"height":1024,"caption":"basilika\u00f6ljy"},{"@type":"BreadcrumbList","@id":"https:\/\/naturalpoland.com\/fi\/tuotteet\/kosmetiikkateollisuuden-tuotteet\/eteeriset-oljyt\/basilikaoljy\/#breadcrumb","itemListElement":[{"@type":"ListItem","position":1,"name":"Etusivu","item":"https:\/\/naturalpoland.com\/fi\/"},{"@type":"ListItem","position":2,"name":"Tuotteet","item":"https:\/\/naturalpoland.com\/fi\/tuotteet\/"},{"@type":"ListItem","position":3,"name":"Basilika\u00f6ljy"}]},{"@type":"WebSite","@id":"https:\/\/naturalpoland.com\/fi\/#website","url":"https:\/\/naturalpoland.com\/fi\/","name":"NATURAL POLAND - RAAKA-AINEIDEN TUKKUJAKELIJA","description":"Surowce dla przemys\u0142u spo\u017cywczego, kosmetycznego i farmaceutycznego","publisher":{"@id":"https:\/\/naturalpoland.com\/fi\/#organization"},"potentialAction":[{"@type":"SearchAction","target":{"@type":"EntryPoint","urlTemplate":"https:\/\/naturalpoland.com\/fi\/?s={search_term_string}"},"query-input":{"@type":"PropertyValueSpecification","valueRequired":true,"valueName":"search_term_string"}}],"inLanguage":"fi"},{"@type":"Organization","@id":"https:\/\/naturalpoland.com\/fi\/#organization","name":"Natural Poland","url":"https:\/\/naturalpoland.com\/fi\/","logo":{"@type":"ImageObject","inLanguage":"fi","@id":"https:\/\/naturalpoland.com\/fi\/#\/schema\/logo\/image\/","url":"https:\/\/naturalpoland.com\/wp-content\/uploads\/2021\/05\/natural-poland-icon.png","contentUrl":"https:\/\/naturalpoland.com\/wp-content\/uploads\/2021\/05\/natural-poland-icon.png","width":512,"height":512,"caption":"Natural Poland"},"image":{"@id":"https:\/\/naturalpoland.com\/fi\/#\/schema\/logo\/image\/"},"sameAs":["https:\/\/www.facebook.com\/naturalpoland.b2b","https:\/\/pl.linkedin.com\/company\/natural-poland","https:\/\/www.youtube.com\/channel\/UCgeGGkvOMahZo-xu_MSEWxg"]}]}},"_links":{"self":[{"href":"https:\/\/naturalpoland.com\/fi\/wp-json\/wp\/v2\/product\/43433","targetHints":{"allow":["GET"]}}],"collection":[{"href":"https:\/\/naturalpoland.com\/fi\/wp-json\/wp\/v2\/product"}],"about":[{"href":"https:\/\/naturalpoland.com\/fi\/wp-json\/wp\/v2\/types\/product"}],"wp:featuredmedia":[{"embeddable":true,"href":"https:\/\/naturalpoland.com\/fi\/wp-json\/wp\/v2\/media\/43434"}],"wp:attachment":[{"href":"https:\/\/naturalpoland.com\/fi\/wp-json\/wp\/v2\/media?parent=43433"}],"wp:term":[{"taxonomy":"product_brand","embeddable":true,"href":"https:\/\/naturalpoland.com\/fi\/wp-json\/wp\/v2\/product_brand?post=43433"},{"taxonomy":"product_cat","embeddable":true,"href":"https:\/\/naturalpoland.com\/fi\/wp-json\/wp\/v2\/product_cat?post=43433"},{"taxonomy":"product_tag","embeddable":true,"href":"https:\/\/naturalpoland.com\/fi\/wp-json\/wp\/v2\/product_tag?post=43433"}],"curies":[{"name":"wp","href":"https:\/\/api.w.org\/{rel}","templated":true}]}}