{"id":43598,"date":"2025-10-06T13:55:55","date_gmt":"2025-10-06T11:55:55","guid":{"rendered":"https:\/\/naturalpoland.com\/produkty\/Ei-luokiteltu\/tiikeripahkinaoljy-tigernut-oil\/"},"modified":"2025-10-22T10:05:48","modified_gmt":"2025-10-22T08:05:48","slug":"tiikeripahkinaoljy-tigernut-oil","status":"publish","type":"product","link":"https:\/\/naturalpoland.com\/fi\/tuotteet\/kosmetiikkateollisuuden-tuotteet\/kosmeettiset-oljyt\/tiikeripahkinaoljy-tigernut-oil\/","title":{"rendered":"Tiikerip\u00e4hkin\u00e4\u00f6ljy (Tigernut Oil)"},"content":{"rendered":"<h2>Ominaisuudet ja vaikutukset<\/h2>\n<p><em>Cyperus esculentus<\/em> -\u00f6ljy sis\u00e4lt\u00e4\u00e4 runsaasti <strong>\u00f6ljyhappoa<\/strong> sek\u00e4 <strong>linolihappoa ja palmitiinihappoa<\/strong>. T\u00e4m\u00e4n ansiosta sill\u00e4 on seuraavat ominaisuudet: <\/p>\n<ul>\n<li><strong>ravitsevat ja uudistavat<\/strong> \u2013 tukee ihon lipidikerroksen uudelleenrakennusta, lis\u00e4\u00e4 sen joustavuutta ja pehmeytt\u00e4,<\/li>\n<li><strong>kosteuttavat ja suojaavat<\/strong> \u2013 v\u00e4hent\u00e4\u00e4 veden haihtumista (TEWL) muodostaen ohuen suojakalvon,<\/li>\n<li><strong>antioksidanttiset<\/strong> \u2013 tyydyttym\u00e4tt\u00f6mien rasvahappojen pitoisuus tukee vapaiden radikaalien neutralointia,<\/li>\n<li><strong>rauhoittavat ja hoitavat<\/strong> \u2013 \u00f6ljy on hyvin siedetty jopa kuivalla ja herk\u00e4ll\u00e4 iholla.<\/li>\n<\/ul>\n<p>Alhaisen happamuuden (n. 0,54 %) ja hapettumiskest\u00e4vyyden (peroksidiarvo 7 meq O\u2082\/kg) ansiosta \u00f6ljy s\u00e4ilytt\u00e4\u00e4 kest\u00e4vyytens\u00e4 ja fysikaalis-kemiallisen puhtautensa, mik\u00e4 tekee siit\u00e4 erinomaisen komponentin korkealaatuisia kasviper\u00e4isi\u00e4 lipidej\u00e4 vaativiin koostumuksiin.<\/p>\n<h2>K\u00e4ytt\u00f6 kosmetiikassa<\/h2>\n<p>Tigernut Oil soveltuu rasvafaasin ainesosaksi seuraavissa koostumuksissa:<\/p>\n<ul>\n<li>vartalovoiteisiin ja -balsameihin,<\/li>\n<li>kasvojen ja kaulan hoitotuotteisiin,<\/li>\n<li>hieronta\u00f6ljyihin ja kuivan ihon hoitoon,<\/li>\n<li>hiusten ja hiuspohjan hoitotuotteisiin \u2013 parantaa kiiltoa, pehmeytt\u00e4 ja kosteutusta,<\/li>\n<li>luonnonkosmetiikkaan ja vegaanisiin kosmetiikkatuotteisiin, joissa halutaan v\u00e4h\u00e4n k\u00e4sitelty\u00e4 raaka-ainetta.<\/li>\n<\/ul>\n<p>\u00d6ljy\u00e4 voidaan k\u00e4ytt\u00e4\u00e4 my\u00f6s <strong>aktiiviaineiden kantajana<\/strong> anti-aging-valmisteissa, \u00e4rsytyst\u00e4 lievitt\u00e4viss\u00e4 tuotteissa tai O\/W-emulsioissa.<\/p>\n","protected":false},"excerpt":{"rendered":"<p>Orgaaninen <strong>tiikerip\u00e4hkin\u00e4\u00f6ljy<\/strong> (Tigernut Oil) saadaan puristamalla <em>Cyperus esculentus<\/em> -kasvin juurista \u2013 kasvin, joka tunnetaan my\u00f6s nimill\u00e4 &#8221;maamanteli&#8221; tai &#8221;chufa&#8221;. Se on kasviper\u00e4inen raaka-aine, jolla on ainutlaatuinen lipidiprofiili ja jota k\u00e4ytet\u00e4\u00e4n luonnonkosmetiikassa ja premium-tason hoitotuotteissa. <\/p>\n","protected":false},"featured_media":43602,"template":"","meta":{"_acf_changed":false},"product_brand":[],"product_cat":[542],"product_tag":[],"class_list":{"0":"post-43598","1":"product","2":"type-product","3":"status-publish","4":"has-post-thumbnail","6":"product_cat-kosmeettiset-oljyt","7":"pa_metoda-pozyskiwania-kylmapuristus","9":"first","10":"instock","11":"shipping-taxable","12":"product-type-simple"},"acf":[],"yoast_head":"<!-- This site is optimized with the Yoast SEO plugin v27.5 - https:\/\/yoast.com\/product\/yoast-seo-wordpress\/ -->\n<title>Tiikerip\u00e4hkin\u00e4\u00f6ljy \u2013 Tukkujakelija<\/title>\n<meta name=\"description\" content=\"Orgaaninen tiikerip\u00e4hkin\u00e4\u00f6ljy (INCI: Cyperus esculentus Root Oil) \u2013 luonnollinen kosmeettinen raaka-aine, jossa on korkea \u00f6ljyhapon pitoisuus.\" \/>\n<meta name=\"robots\" content=\"index, follow, max-snippet:-1, max-image-preview:large, max-video-preview:-1\" \/>\n<link rel=\"canonical\" href=\"https:\/\/naturalpoland.com\/fi\/tuotteet\/kosmetiikkateollisuuden-tuotteet\/kosmeettiset-oljyt\/tiikeripahkinaoljy-tigernut-oil\/\" \/>\n<meta property=\"og:locale\" content=\"fi_FI\" \/>\n<meta property=\"og:type\" content=\"article\" \/>\n<meta property=\"og:title\" content=\"Tiikerip\u00e4hkin\u00e4\u00f6ljy \u2013 Tukkujakelija\" \/>\n<meta property=\"og:description\" content=\"Orgaaninen tiikerip\u00e4hkin\u00e4\u00f6ljy (INCI: Cyperus esculentus Root Oil) \u2013 luonnollinen kosmeettinen raaka-aine, jossa on korkea \u00f6ljyhapon pitoisuus.\" \/>\n<meta property=\"og:url\" content=\"https:\/\/naturalpoland.com\/fi\/tuotteet\/kosmetiikkateollisuuden-tuotteet\/kosmeettiset-oljyt\/tiikeripahkinaoljy-tigernut-oil\/\" \/>\n<meta property=\"og:site_name\" content=\"NATURAL POLAND - RAAKA-AINEIDEN TUKKUJAKELIJA\" \/>\n<meta property=\"article:publisher\" content=\"https:\/\/www.facebook.com\/naturalpoland.b2b\" \/>\n<meta property=\"article:modified_time\" content=\"2025-10-22T08:05:48+00:00\" \/>\n<meta property=\"og:image\" content=\"https:\/\/naturalpoland.com\/wp-content\/uploads\/tigernut-oil.webp\" \/>\n\t<meta property=\"og:image:width\" content=\"1024\" \/>\n\t<meta property=\"og:image:height\" content=\"1024\" \/>\n\t<meta property=\"og:image:type\" content=\"image\/webp\" \/>\n<script type=\"application\/ld+json\" class=\"yoast-schema-graph\">{\"@context\":\"https:\\\/\\\/schema.org\",\"@graph\":[{\"@type\":\"WebPage\",\"@id\":\"https:\\\/\\\/naturalpoland.com\\\/fi\\\/tuotteet\\\/kosmetiikkateollisuuden-tuotteet\\\/kosmeettiset-oljyt\\\/tiikeripahkinaoljy-tigernut-oil\\\/\",\"url\":\"https:\\\/\\\/naturalpoland.com\\\/fi\\\/tuotteet\\\/kosmetiikkateollisuuden-tuotteet\\\/kosmeettiset-oljyt\\\/tiikeripahkinaoljy-tigernut-oil\\\/\",\"name\":\"Tiikerip\u00e4hkin\u00e4\u00f6ljy \u2013 Tukkujakelija\",\"isPartOf\":{\"@id\":\"https:\\\/\\\/naturalpoland.com\\\/fi\\\/#website\"},\"primaryImageOfPage\":{\"@id\":\"https:\\\/\\\/naturalpoland.com\\\/fi\\\/tuotteet\\\/kosmetiikkateollisuuden-tuotteet\\\/kosmeettiset-oljyt\\\/tiikeripahkinaoljy-tigernut-oil\\\/#primaryimage\"},\"image\":{\"@id\":\"https:\\\/\\\/naturalpoland.com\\\/fi\\\/tuotteet\\\/kosmetiikkateollisuuden-tuotteet\\\/kosmeettiset-oljyt\\\/tiikeripahkinaoljy-tigernut-oil\\\/#primaryimage\"},\"thumbnailUrl\":\"https:\\\/\\\/naturalpoland.com\\\/wp-content\\\/uploads\\\/tigernut-oil.webp\",\"datePublished\":\"2025-10-06T11:55:55+00:00\",\"dateModified\":\"2025-10-22T08:05:48+00:00\",\"description\":\"Orgaaninen tiikerip\u00e4hkin\u00e4\u00f6ljy (INCI: Cyperus esculentus Root Oil) \u2013 luonnollinen kosmeettinen raaka-aine, jossa on korkea \u00f6ljyhapon pitoisuus.\",\"breadcrumb\":{\"@id\":\"https:\\\/\\\/naturalpoland.com\\\/fi\\\/tuotteet\\\/kosmetiikkateollisuuden-tuotteet\\\/kosmeettiset-oljyt\\\/tiikeripahkinaoljy-tigernut-oil\\\/#breadcrumb\"},\"inLanguage\":\"fi\",\"potentialAction\":[{\"@type\":\"ReadAction\",\"target\":[\"https:\\\/\\\/naturalpoland.com\\\/fi\\\/tuotteet\\\/kosmetiikkateollisuuden-tuotteet\\\/kosmeettiset-oljyt\\\/tiikeripahkinaoljy-tigernut-oil\\\/\"]}]},{\"@type\":\"ImageObject\",\"inLanguage\":\"fi\",\"@id\":\"https:\\\/\\\/naturalpoland.com\\\/fi\\\/tuotteet\\\/kosmetiikkateollisuuden-tuotteet\\\/kosmeettiset-oljyt\\\/tiikeripahkinaoljy-tigernut-oil\\\/#primaryimage\",\"url\":\"https:\\\/\\\/naturalpoland.com\\\/wp-content\\\/uploads\\\/tigernut-oil.webp\",\"contentUrl\":\"https:\\\/\\\/naturalpoland.com\\\/wp-content\\\/uploads\\\/tigernut-oil.webp\",\"width\":1024,\"height\":1024,\"caption\":\"Tigernut Oil\"},{\"@type\":\"BreadcrumbList\",\"@id\":\"https:\\\/\\\/naturalpoland.com\\\/fi\\\/tuotteet\\\/kosmetiikkateollisuuden-tuotteet\\\/kosmeettiset-oljyt\\\/tiikeripahkinaoljy-tigernut-oil\\\/#breadcrumb\",\"itemListElement\":[{\"@type\":\"ListItem\",\"position\":1,\"name\":\"Etusivu\",\"item\":\"https:\\\/\\\/naturalpoland.com\\\/fi\\\/\"},{\"@type\":\"ListItem\",\"position\":2,\"name\":\"Tuotteet\",\"item\":\"https:\\\/\\\/naturalpoland.com\\\/fi\\\/tuotteet\\\/\"},{\"@type\":\"ListItem\",\"position\":3,\"name\":\"Tiikerip\u00e4hkin\u00e4\u00f6ljy (Tigernut Oil)\"}]},{\"@type\":\"WebSite\",\"@id\":\"https:\\\/\\\/naturalpoland.com\\\/fi\\\/#website\",\"url\":\"https:\\\/\\\/naturalpoland.com\\\/fi\\\/\",\"name\":\"NATURAL POLAND - RAAKA-AINEIDEN TUKKUJAKELIJA\",\"description\":\"Surowce dla przemys\u0142u spo\u017cywczego, kosmetycznego i farmaceutycznego\",\"publisher\":{\"@id\":\"https:\\\/\\\/naturalpoland.com\\\/fi\\\/#organization\"},\"potentialAction\":[{\"@type\":\"SearchAction\",\"target\":{\"@type\":\"EntryPoint\",\"urlTemplate\":\"https:\\\/\\\/naturalpoland.com\\\/fi\\\/?s={search_term_string}\"},\"query-input\":{\"@type\":\"PropertyValueSpecification\",\"valueRequired\":true,\"valueName\":\"search_term_string\"}}],\"inLanguage\":\"fi\"},{\"@type\":\"Organization\",\"@id\":\"https:\\\/\\\/naturalpoland.com\\\/fi\\\/#organization\",\"name\":\"Natural Poland\",\"url\":\"https:\\\/\\\/naturalpoland.com\\\/fi\\\/\",\"logo\":{\"@type\":\"ImageObject\",\"inLanguage\":\"fi\",\"@id\":\"https:\\\/\\\/naturalpoland.com\\\/fi\\\/#\\\/schema\\\/logo\\\/image\\\/\",\"url\":\"https:\\\/\\\/naturalpoland.com\\\/wp-content\\\/uploads\\\/2021\\\/05\\\/natural-poland-icon.png\",\"contentUrl\":\"https:\\\/\\\/naturalpoland.com\\\/wp-content\\\/uploads\\\/2021\\\/05\\\/natural-poland-icon.png\",\"width\":512,\"height\":512,\"caption\":\"Natural Poland\"},\"image\":{\"@id\":\"https:\\\/\\\/naturalpoland.com\\\/fi\\\/#\\\/schema\\\/logo\\\/image\\\/\"},\"sameAs\":[\"https:\\\/\\\/www.facebook.com\\\/naturalpoland.b2b\",\"https:\\\/\\\/pl.linkedin.com\\\/company\\\/natural-poland\",\"https:\\\/\\\/www.youtube.com\\\/channel\\\/UCgeGGkvOMahZo-xu_MSEWxg\"]}]}<\/script>\n<!-- \/ Yoast SEO plugin. -->","yoast_head_json":{"title":"Tiikerip\u00e4hkin\u00e4\u00f6ljy \u2013 Tukkujakelija","description":"Orgaaninen tiikerip\u00e4hkin\u00e4\u00f6ljy (INCI: Cyperus esculentus Root Oil) \u2013 luonnollinen kosmeettinen raaka-aine, jossa on korkea \u00f6ljyhapon pitoisuus.","robots":{"index":"index","follow":"follow","max-snippet":"max-snippet:-1","max-image-preview":"max-image-preview:large","max-video-preview":"max-video-preview:-1"},"canonical":"https:\/\/naturalpoland.com\/fi\/tuotteet\/kosmetiikkateollisuuden-tuotteet\/kosmeettiset-oljyt\/tiikeripahkinaoljy-tigernut-oil\/","og_locale":"fi_FI","og_type":"article","og_title":"Tiikerip\u00e4hkin\u00e4\u00f6ljy \u2013 Tukkujakelija","og_description":"Orgaaninen tiikerip\u00e4hkin\u00e4\u00f6ljy (INCI: Cyperus esculentus Root Oil) \u2013 luonnollinen kosmeettinen raaka-aine, jossa on korkea \u00f6ljyhapon pitoisuus.","og_url":"https:\/\/naturalpoland.com\/fi\/tuotteet\/kosmetiikkateollisuuden-tuotteet\/kosmeettiset-oljyt\/tiikeripahkinaoljy-tigernut-oil\/","og_site_name":"NATURAL POLAND - RAAKA-AINEIDEN TUKKUJAKELIJA","article_publisher":"https:\/\/www.facebook.com\/naturalpoland.b2b","article_modified_time":"2025-10-22T08:05:48+00:00","og_image":[{"width":1024,"height":1024,"url":"https:\/\/naturalpoland.com\/wp-content\/uploads\/tigernut-oil.webp","type":"image\/webp"}],"schema":{"@context":"https:\/\/schema.org","@graph":[{"@type":"WebPage","@id":"https:\/\/naturalpoland.com\/fi\/tuotteet\/kosmetiikkateollisuuden-tuotteet\/kosmeettiset-oljyt\/tiikeripahkinaoljy-tigernut-oil\/","url":"https:\/\/naturalpoland.com\/fi\/tuotteet\/kosmetiikkateollisuuden-tuotteet\/kosmeettiset-oljyt\/tiikeripahkinaoljy-tigernut-oil\/","name":"Tiikerip\u00e4hkin\u00e4\u00f6ljy \u2013 Tukkujakelija","isPartOf":{"@id":"https:\/\/naturalpoland.com\/fi\/#website"},"primaryImageOfPage":{"@id":"https:\/\/naturalpoland.com\/fi\/tuotteet\/kosmetiikkateollisuuden-tuotteet\/kosmeettiset-oljyt\/tiikeripahkinaoljy-tigernut-oil\/#primaryimage"},"image":{"@id":"https:\/\/naturalpoland.com\/fi\/tuotteet\/kosmetiikkateollisuuden-tuotteet\/kosmeettiset-oljyt\/tiikeripahkinaoljy-tigernut-oil\/#primaryimage"},"thumbnailUrl":"https:\/\/naturalpoland.com\/wp-content\/uploads\/tigernut-oil.webp","datePublished":"2025-10-06T11:55:55+00:00","dateModified":"2025-10-22T08:05:48+00:00","description":"Orgaaninen tiikerip\u00e4hkin\u00e4\u00f6ljy (INCI: Cyperus esculentus Root Oil) \u2013 luonnollinen kosmeettinen raaka-aine, jossa on korkea \u00f6ljyhapon pitoisuus.","breadcrumb":{"@id":"https:\/\/naturalpoland.com\/fi\/tuotteet\/kosmetiikkateollisuuden-tuotteet\/kosmeettiset-oljyt\/tiikeripahkinaoljy-tigernut-oil\/#breadcrumb"},"inLanguage":"fi","potentialAction":[{"@type":"ReadAction","target":["https:\/\/naturalpoland.com\/fi\/tuotteet\/kosmetiikkateollisuuden-tuotteet\/kosmeettiset-oljyt\/tiikeripahkinaoljy-tigernut-oil\/"]}]},{"@type":"ImageObject","inLanguage":"fi","@id":"https:\/\/naturalpoland.com\/fi\/tuotteet\/kosmetiikkateollisuuden-tuotteet\/kosmeettiset-oljyt\/tiikeripahkinaoljy-tigernut-oil\/#primaryimage","url":"https:\/\/naturalpoland.com\/wp-content\/uploads\/tigernut-oil.webp","contentUrl":"https:\/\/naturalpoland.com\/wp-content\/uploads\/tigernut-oil.webp","width":1024,"height":1024,"caption":"Tigernut Oil"},{"@type":"BreadcrumbList","@id":"https:\/\/naturalpoland.com\/fi\/tuotteet\/kosmetiikkateollisuuden-tuotteet\/kosmeettiset-oljyt\/tiikeripahkinaoljy-tigernut-oil\/#breadcrumb","itemListElement":[{"@type":"ListItem","position":1,"name":"Etusivu","item":"https:\/\/naturalpoland.com\/fi\/"},{"@type":"ListItem","position":2,"name":"Tuotteet","item":"https:\/\/naturalpoland.com\/fi\/tuotteet\/"},{"@type":"ListItem","position":3,"name":"Tiikerip\u00e4hkin\u00e4\u00f6ljy (Tigernut Oil)"}]},{"@type":"WebSite","@id":"https:\/\/naturalpoland.com\/fi\/#website","url":"https:\/\/naturalpoland.com\/fi\/","name":"NATURAL POLAND - RAAKA-AINEIDEN TUKKUJAKELIJA","description":"Surowce dla przemys\u0142u spo\u017cywczego, kosmetycznego i farmaceutycznego","publisher":{"@id":"https:\/\/naturalpoland.com\/fi\/#organization"},"potentialAction":[{"@type":"SearchAction","target":{"@type":"EntryPoint","urlTemplate":"https:\/\/naturalpoland.com\/fi\/?s={search_term_string}"},"query-input":{"@type":"PropertyValueSpecification","valueRequired":true,"valueName":"search_term_string"}}],"inLanguage":"fi"},{"@type":"Organization","@id":"https:\/\/naturalpoland.com\/fi\/#organization","name":"Natural Poland","url":"https:\/\/naturalpoland.com\/fi\/","logo":{"@type":"ImageObject","inLanguage":"fi","@id":"https:\/\/naturalpoland.com\/fi\/#\/schema\/logo\/image\/","url":"https:\/\/naturalpoland.com\/wp-content\/uploads\/2021\/05\/natural-poland-icon.png","contentUrl":"https:\/\/naturalpoland.com\/wp-content\/uploads\/2021\/05\/natural-poland-icon.png","width":512,"height":512,"caption":"Natural Poland"},"image":{"@id":"https:\/\/naturalpoland.com\/fi\/#\/schema\/logo\/image\/"},"sameAs":["https:\/\/www.facebook.com\/naturalpoland.b2b","https:\/\/pl.linkedin.com\/company\/natural-poland","https:\/\/www.youtube.com\/channel\/UCgeGGkvOMahZo-xu_MSEWxg"]}]}},"_links":{"self":[{"href":"https:\/\/naturalpoland.com\/fi\/wp-json\/wp\/v2\/product\/43598","targetHints":{"allow":["GET"]}}],"collection":[{"href":"https:\/\/naturalpoland.com\/fi\/wp-json\/wp\/v2\/product"}],"about":[{"href":"https:\/\/naturalpoland.com\/fi\/wp-json\/wp\/v2\/types\/product"}],"wp:featuredmedia":[{"embeddable":true,"href":"https:\/\/naturalpoland.com\/fi\/wp-json\/wp\/v2\/media\/43602"}],"wp:attachment":[{"href":"https:\/\/naturalpoland.com\/fi\/wp-json\/wp\/v2\/media?parent=43598"}],"wp:term":[{"taxonomy":"product_brand","embeddable":true,"href":"https:\/\/naturalpoland.com\/fi\/wp-json\/wp\/v2\/product_brand?post=43598"},{"taxonomy":"product_cat","embeddable":true,"href":"https:\/\/naturalpoland.com\/fi\/wp-json\/wp\/v2\/product_cat?post=43598"},{"taxonomy":"product_tag","embeddable":true,"href":"https:\/\/naturalpoland.com\/fi\/wp-json\/wp\/v2\/product_tag?post=43598"}],"curies":[{"name":"wp","href":"https:\/\/api.w.org\/{rel}","templated":true}]}}