{"id":43975,"date":"2025-12-09T11:38:11","date_gmt":"2025-12-09T10:38:11","guid":{"rendered":"https:\/\/naturalpoland.com\/produkty\/Ei-luokiteltu\/cica-pdrn\/"},"modified":"2025-12-09T12:26:07","modified_gmt":"2025-12-09T11:26:07","slug":"cica-pdrn","status":"publish","type":"product","link":"https:\/\/naturalpoland.com\/fi\/tuotteet\/kosmetiikkateollisuuden-tuotteet\/vaikuttavat-aineet\/cica-pdrn\/","title":{"rendered":"CICA PDRN"},"content":{"rendered":"<p>CICA PDRN on moderni, premium-luokan uudistava raaka-aine, joka on kehitetty Etel\u00e4-Koreassa \u2013 yhdess\u00e4 maailman kosmetiikkainnovaatioiden keskuksista. Koostumus on suunniteltu tarjoamaan samanaikaisesti Centella asiaticalle ominaisen rauhoittavan vaikutuksen sek\u00e4 natriumDNA:n (Sodium DNA) korkean uudistavan aktiivisuuden. <\/p>\n<p>T\u00e4m\u00e4n raaka-aineen koostumus sis\u00e4lt\u00e4\u00e4 vett\u00e4, Centella asiatica -uutetta (5%), natriumDNA:ta (0,0005% \/ 5 ppm) sek\u00e4 1,2-heksanediolia mietona kosteuttajana ja stabiloivana aineosana. T\u00e4llainen koostumus tarjoaa synergistisen uudistavan, tulehdusta ehk\u00e4isev\u00e4n ja ihon paranemista edist\u00e4v\u00e4n vaikutuksen. <\/p>\n<h2>CICA PDRN:n ominaisuudet ja vaikutusmekanismi<\/h2>\n<p><strong>1. Kudosten uudistuminen ja vaurioiden paraneminen<\/strong><\/p>\n<p>PDRN on DNA-polymeeri, jonka molekyylipaino on 65\u2013325 kDa, ja se aktivoi ihosolujen pinnalla olevan <strong>adenosiini A2A -reseptorin<\/strong>. T\u00e4m\u00e4n reseptorin stimulointi k\u00e4ynnist\u00e4\u00e4 korjausprosessit, nopeuttaa fibroblastien lis\u00e4\u00e4ntymist\u00e4 ja tukee kudosten luonnollista uudistumista. <\/p>\n<p>Ainesosa osoittaa my\u00f6s kudosten hapenpuutetta ehk\u00e4isev\u00e4\u00e4 vaikutusta, <strong>tukee verisuonten muodostumista<\/strong> ja <strong>stimuloi kollageenin synteesi\u00e4<\/strong>, mik\u00e4 on t\u00e4rke\u00e4\u00e4 ik\u00e4\u00e4ntymist\u00e4 ehk\u00e4iseviss\u00e4 tuotteissa ja ihonhoitotoimenpiteiden j\u00e4lkeen.<\/p>\n<p><strong>2. Tulehdusta ehk\u00e4isev\u00e4 ja rauhoittava vaikutus<\/strong><\/p>\n<p>Centella asiatica on rikas triterpenoideista, kuten <strong>asiatikosiidista<\/strong> ja <strong>madekassosiidista<\/strong>, jotka tunnetaan voimakkaasta tulehdusta ehk\u00e4isev\u00e4st\u00e4 vaikutuksestaan. Yhdistettyn\u00e4 PDRN:\u00e4\u00e4n raaka-aine v\u00e4hent\u00e4\u00e4 tehokkaasti tulehdusreaktioita ja auttaa lievitt\u00e4m\u00e4\u00e4n ymp\u00e4rist\u00f6n stressin, UV-s\u00e4teilyn tai kosmeettisten toimenpiteiden aiheuttamia \u00e4rsytyksi\u00e4. <\/p>\n<p><strong>Tulehdusmarkkereiden ilmentymisen v\u00e4hent\u00e4minen<\/strong> (NF-\u03baB, IL-1, TNF-\u03b1, COX-2) sek\u00e4 <strong>MMP:n aktiivisuuden alentaminen<\/strong> johtaa kollageenin suojaamiseen hajoamiselta ja ihon elastisuuden paranemiseen.<\/p>\n<p><strong>3. Ihon elastisuuden, kosteuden ja rakenteen parantaminen<\/strong><\/p>\n<p>Raaka-aine parantaa ihon kosteustasapainoa <strong>Centella asiatica -uutteen<\/strong> ja <strong>kosteuttavien ainesosien<\/strong> ansiosta. Samalla se stimuloi kollageenin ja elastiinin synteesi\u00e4 lis\u00e4\u00e4m\u00e4ll\u00e4 SOD:n aktiivisuutta ja v\u00e4hent\u00e4m\u00e4ll\u00e4 NADPH-oksidaasin aktiivisuutta, mink\u00e4 ohella se my\u00f6s v\u00e4hent\u00e4\u00e4 melaniinin synteesi\u00e4. <\/p>\n<p>Ainesosan k\u00e4yt\u00f6n tuloksena on ihon parantunut elastisuus, hienojen ryppyjen tasoittuminen ja huokosten n\u00e4kyvyyden v\u00e4heneminen.<\/p>\n<p><strong>4. Arpien ja pigmenttimuutosten v\u00e4hent\u00e4misen tukeminen<\/strong><\/p>\n<p>Uudistavien ominaisuuksiensa ja tulehdusprosessien moduloinnin ansiosta CICA PDRN soveltuu tuotteisiin, jotka tukevat <strong>arpien, tulehduksen j\u00e4lkeisten pigmenttimuutosten ja aknearven n\u00e4kyvyyden v\u00e4hent\u00e4mist\u00e4<\/strong>. T\u00e4m\u00e4 mekanismi perustuu <strong>MITF:n ilmentymisen s\u00e4\u00e4telyyn<\/strong> ja <strong>tyrosinaasin aktiivisuuteen<\/strong> \u2013 ihon pigmentaatioprosessien avaintekij\u00f6ihin. <\/p>\n<h2>CICA PDRN:n k\u00e4ytt\u00f6 kosmetiikassa<\/h2>\n<p>CICA PDRN on monipuolinen ainesosa, jota suositellaan seuraaviin tuotteisiin:<\/p>\n<ul>\n<li><strong>uudistavat kosmetiikkatuotteet<\/strong> \u2013 ihon suojakerrosta korjaavat seerumit, korjaavat voiteet, ihonhoitotoimenpiteiden j\u00e4lkeiset hoidot,<\/li>\n<li><strong>ik\u00e4\u00e4ntymist\u00e4 ehk\u00e4isev\u00e4t kosmetiikkatuotteet<\/strong> \u2013 ryppyj\u00e4 v\u00e4hent\u00e4v\u00e4t, kiinteytt\u00e4 ja elastisuutta parantavat koostumukset,<\/li>\n<li><strong>herk\u00e4n ihon kosmetiikkatuotteet<\/strong> \u2013 rauhoittavat voiteet ja emulsiot, punoitusta lievitt\u00e4v\u00e4t tuotteet,<\/li>\n<li><strong>ongelmallisen ihon hoitotuotteet<\/strong> \u2013 muutosten paranemisen tukeminen, arpien ja pigmenttimuutosten v\u00e4hent\u00e4minen,<\/li>\n<li><strong>dermatologiset ja ammattilaistuotteet<\/strong> \u2013 toimenpiteiden j\u00e4lkeiset naamiot, ampullit, ammattik\u00e4ytt\u00f6\u00f6n tarkoitetut tuotteet,<\/li>\n<li><strong>vartalonhoito<\/strong> \u2013 uudistavat voiteet, \u00e4rtyneen ihon tuotteet.<\/li>\n<\/ul>\n<p>Laajan vaikutusspektrin ja aktiivisen DNA:n eritt\u00e4in alhaisen pitoisuuden (5 ppm) ansiosta raaka-aine sopii hyvin sek\u00e4 kevyisiin emulsioihin ett\u00e4 runsaampiin voidekoostumuksiin.<\/p>\n<p>&nbsp;<\/p>\n","protected":false},"excerpt":{"rendered":"<p><strong>CICA PDRN<\/strong> on edistynyt bioaktiivinen kompleksi, joka yhdist\u00e4\u00e4 <a href=\"https:\/\/naturalpoland.com\/fi\/tuotteet\/laaketeollisuuden-tuotteet\/ravintolisien-ainesosat\/extract-from-vacrota-asiatic\/\"><strong>Centella asiatica -uutteen<\/strong><\/a> samasta kasvista saatuihin <strong>polideoksiribonukleotideihin<\/strong> (PDRN).<\/p>\n","protected":false},"featured_media":43976,"template":"","meta":{"_acf_changed":false},"product_brand":[],"product_cat":[10348,1503],"product_tag":[],"class_list":{"0":"post-43975","1":"product","2":"type-product","3":"status-publish","4":"has-post-thumbnail","6":"product_cat-korealaiset-raaka-aineet","7":"product_cat-vaikuttavat-aineet","8":"pa_skladnik-aktywny-centella-asiatica-uute","9":"pa_skladnik-aktywny-sodium-dna","11":"first","12":"instock","13":"shipping-taxable","14":"product-type-simple"},"acf":[],"yoast_head":"<!-- This site is optimized with the Yoast SEO plugin v27.4 - https:\/\/yoast.com\/product\/yoast-seo-wordpress\/ -->\n<title>CICA PDRN - Tukkudistribuutio<\/title>\n<meta name=\"description\" content=\"CICA PDRN \u2013 korealainen uudistava raaka-aine, joka yhdist\u00e4\u00e4 Centella asiatican ja PDRN:n. Tukee ihon paranemista, parantaa elastisuutta ja v\u00e4hent\u00e4\u00e4 tulehdusta.\" \/>\n<meta name=\"robots\" content=\"index, follow, max-snippet:-1, max-image-preview:large, max-video-preview:-1\" \/>\n<link rel=\"canonical\" href=\"https:\/\/naturalpoland.com\/fi\/tuotteet\/kosmetiikkateollisuuden-tuotteet\/vaikuttavat-aineet\/cica-pdrn\/\" \/>\n<meta property=\"og:locale\" content=\"fi_FI\" \/>\n<meta property=\"og:type\" content=\"article\" \/>\n<meta property=\"og:title\" content=\"CICA PDRN - Tukkudistribuutio\" \/>\n<meta property=\"og:description\" content=\"CICA PDRN \u2013 korealainen uudistava raaka-aine, joka yhdist\u00e4\u00e4 Centella asiatican ja PDRN:n. Tukee ihon paranemista, parantaa elastisuutta ja v\u00e4hent\u00e4\u00e4 tulehdusta.\" \/>\n<meta property=\"og:url\" content=\"https:\/\/naturalpoland.com\/fi\/tuotteet\/kosmetiikkateollisuuden-tuotteet\/vaikuttavat-aineet\/cica-pdrn\/\" \/>\n<meta property=\"og:site_name\" content=\"NATURAL POLAND - RAAKA-AINEIDEN TUKKUJAKELIJA\" \/>\n<meta property=\"article:publisher\" content=\"https:\/\/www.facebook.com\/naturalpoland.b2b\" \/>\n<meta property=\"article:modified_time\" content=\"2025-12-09T11:26:07+00:00\" \/>\n<meta property=\"og:image\" content=\"https:\/\/naturalpoland.com\/wp-content\/uploads\/cica-pdrn.webp\" \/>\n\t<meta property=\"og:image:width\" content=\"1024\" \/>\n\t<meta property=\"og:image:height\" content=\"1024\" \/>\n\t<meta property=\"og:image:type\" content=\"image\/webp\" \/>\n<script type=\"application\/ld+json\" class=\"yoast-schema-graph\">{\"@context\":\"https:\\\/\\\/schema.org\",\"@graph\":[{\"@type\":\"WebPage\",\"@id\":\"https:\\\/\\\/naturalpoland.com\\\/fi\\\/tuotteet\\\/kosmetiikkateollisuuden-tuotteet\\\/vaikuttavat-aineet\\\/cica-pdrn\\\/\",\"url\":\"https:\\\/\\\/naturalpoland.com\\\/fi\\\/tuotteet\\\/kosmetiikkateollisuuden-tuotteet\\\/vaikuttavat-aineet\\\/cica-pdrn\\\/\",\"name\":\"CICA PDRN - Tukkudistribuutio\",\"isPartOf\":{\"@id\":\"https:\\\/\\\/naturalpoland.com\\\/fi\\\/#website\"},\"primaryImageOfPage\":{\"@id\":\"https:\\\/\\\/naturalpoland.com\\\/fi\\\/tuotteet\\\/kosmetiikkateollisuuden-tuotteet\\\/vaikuttavat-aineet\\\/cica-pdrn\\\/#primaryimage\"},\"image\":{\"@id\":\"https:\\\/\\\/naturalpoland.com\\\/fi\\\/tuotteet\\\/kosmetiikkateollisuuden-tuotteet\\\/vaikuttavat-aineet\\\/cica-pdrn\\\/#primaryimage\"},\"thumbnailUrl\":\"https:\\\/\\\/naturalpoland.com\\\/wp-content\\\/uploads\\\/cica-pdrn.webp\",\"datePublished\":\"2025-12-09T10:38:11+00:00\",\"dateModified\":\"2025-12-09T11:26:07+00:00\",\"description\":\"CICA PDRN \u2013 korealainen uudistava raaka-aine, joka yhdist\u00e4\u00e4 Centella asiatican ja PDRN:n. Tukee ihon paranemista, parantaa elastisuutta ja v\u00e4hent\u00e4\u00e4 tulehdusta.\",\"breadcrumb\":{\"@id\":\"https:\\\/\\\/naturalpoland.com\\\/fi\\\/tuotteet\\\/kosmetiikkateollisuuden-tuotteet\\\/vaikuttavat-aineet\\\/cica-pdrn\\\/#breadcrumb\"},\"inLanguage\":\"fi\",\"potentialAction\":[{\"@type\":\"ReadAction\",\"target\":[\"https:\\\/\\\/naturalpoland.com\\\/fi\\\/tuotteet\\\/kosmetiikkateollisuuden-tuotteet\\\/vaikuttavat-aineet\\\/cica-pdrn\\\/\"]}]},{\"@type\":\"ImageObject\",\"inLanguage\":\"fi\",\"@id\":\"https:\\\/\\\/naturalpoland.com\\\/fi\\\/tuotteet\\\/kosmetiikkateollisuuden-tuotteet\\\/vaikuttavat-aineet\\\/cica-pdrn\\\/#primaryimage\",\"url\":\"https:\\\/\\\/naturalpoland.com\\\/wp-content\\\/uploads\\\/cica-pdrn.webp\",\"contentUrl\":\"https:\\\/\\\/naturalpoland.com\\\/wp-content\\\/uploads\\\/cica-pdrn.webp\",\"width\":1024,\"height\":1024,\"caption\":\"CICA PDRN\"},{\"@type\":\"BreadcrumbList\",\"@id\":\"https:\\\/\\\/naturalpoland.com\\\/fi\\\/tuotteet\\\/kosmetiikkateollisuuden-tuotteet\\\/vaikuttavat-aineet\\\/cica-pdrn\\\/#breadcrumb\",\"itemListElement\":[{\"@type\":\"ListItem\",\"position\":1,\"name\":\"Etusivu\",\"item\":\"https:\\\/\\\/naturalpoland.com\\\/fi\\\/\"},{\"@type\":\"ListItem\",\"position\":2,\"name\":\"Tuotteet\",\"item\":\"https:\\\/\\\/naturalpoland.com\\\/fi\\\/tuotteet\\\/\"},{\"@type\":\"ListItem\",\"position\":3,\"name\":\"CICA PDRN\"}]},{\"@type\":\"WebSite\",\"@id\":\"https:\\\/\\\/naturalpoland.com\\\/fi\\\/#website\",\"url\":\"https:\\\/\\\/naturalpoland.com\\\/fi\\\/\",\"name\":\"NATURAL POLAND - RAAKA-AINEIDEN TUKKUJAKELIJA\",\"description\":\"Surowce dla przemys\u0142u spo\u017cywczego, kosmetycznego i farmaceutycznego\",\"publisher\":{\"@id\":\"https:\\\/\\\/naturalpoland.com\\\/fi\\\/#organization\"},\"potentialAction\":[{\"@type\":\"SearchAction\",\"target\":{\"@type\":\"EntryPoint\",\"urlTemplate\":\"https:\\\/\\\/naturalpoland.com\\\/fi\\\/?s={search_term_string}\"},\"query-input\":{\"@type\":\"PropertyValueSpecification\",\"valueRequired\":true,\"valueName\":\"search_term_string\"}}],\"inLanguage\":\"fi\"},{\"@type\":\"Organization\",\"@id\":\"https:\\\/\\\/naturalpoland.com\\\/fi\\\/#organization\",\"name\":\"Natural Poland\",\"url\":\"https:\\\/\\\/naturalpoland.com\\\/fi\\\/\",\"logo\":{\"@type\":\"ImageObject\",\"inLanguage\":\"fi\",\"@id\":\"https:\\\/\\\/naturalpoland.com\\\/fi\\\/#\\\/schema\\\/logo\\\/image\\\/\",\"url\":\"https:\\\/\\\/naturalpoland.com\\\/wp-content\\\/uploads\\\/2021\\\/05\\\/natural-poland-icon.png\",\"contentUrl\":\"https:\\\/\\\/naturalpoland.com\\\/wp-content\\\/uploads\\\/2021\\\/05\\\/natural-poland-icon.png\",\"width\":512,\"height\":512,\"caption\":\"Natural Poland\"},\"image\":{\"@id\":\"https:\\\/\\\/naturalpoland.com\\\/fi\\\/#\\\/schema\\\/logo\\\/image\\\/\"},\"sameAs\":[\"https:\\\/\\\/www.facebook.com\\\/naturalpoland.b2b\",\"https:\\\/\\\/pl.linkedin.com\\\/company\\\/natural-poland\",\"https:\\\/\\\/www.youtube.com\\\/channel\\\/UCgeGGkvOMahZo-xu_MSEWxg\"]}]}<\/script>\n<!-- \/ Yoast SEO plugin. -->","yoast_head_json":{"title":"CICA PDRN - Tukkudistribuutio","description":"CICA PDRN \u2013 korealainen uudistava raaka-aine, joka yhdist\u00e4\u00e4 Centella asiatican ja PDRN:n. Tukee ihon paranemista, parantaa elastisuutta ja v\u00e4hent\u00e4\u00e4 tulehdusta.","robots":{"index":"index","follow":"follow","max-snippet":"max-snippet:-1","max-image-preview":"max-image-preview:large","max-video-preview":"max-video-preview:-1"},"canonical":"https:\/\/naturalpoland.com\/fi\/tuotteet\/kosmetiikkateollisuuden-tuotteet\/vaikuttavat-aineet\/cica-pdrn\/","og_locale":"fi_FI","og_type":"article","og_title":"CICA PDRN - Tukkudistribuutio","og_description":"CICA PDRN \u2013 korealainen uudistava raaka-aine, joka yhdist\u00e4\u00e4 Centella asiatican ja PDRN:n. Tukee ihon paranemista, parantaa elastisuutta ja v\u00e4hent\u00e4\u00e4 tulehdusta.","og_url":"https:\/\/naturalpoland.com\/fi\/tuotteet\/kosmetiikkateollisuuden-tuotteet\/vaikuttavat-aineet\/cica-pdrn\/","og_site_name":"NATURAL POLAND - RAAKA-AINEIDEN TUKKUJAKELIJA","article_publisher":"https:\/\/www.facebook.com\/naturalpoland.b2b","article_modified_time":"2025-12-09T11:26:07+00:00","og_image":[{"width":1024,"height":1024,"url":"https:\/\/naturalpoland.com\/wp-content\/uploads\/cica-pdrn.webp","type":"image\/webp"}],"schema":{"@context":"https:\/\/schema.org","@graph":[{"@type":"WebPage","@id":"https:\/\/naturalpoland.com\/fi\/tuotteet\/kosmetiikkateollisuuden-tuotteet\/vaikuttavat-aineet\/cica-pdrn\/","url":"https:\/\/naturalpoland.com\/fi\/tuotteet\/kosmetiikkateollisuuden-tuotteet\/vaikuttavat-aineet\/cica-pdrn\/","name":"CICA PDRN - Tukkudistribuutio","isPartOf":{"@id":"https:\/\/naturalpoland.com\/fi\/#website"},"primaryImageOfPage":{"@id":"https:\/\/naturalpoland.com\/fi\/tuotteet\/kosmetiikkateollisuuden-tuotteet\/vaikuttavat-aineet\/cica-pdrn\/#primaryimage"},"image":{"@id":"https:\/\/naturalpoland.com\/fi\/tuotteet\/kosmetiikkateollisuuden-tuotteet\/vaikuttavat-aineet\/cica-pdrn\/#primaryimage"},"thumbnailUrl":"https:\/\/naturalpoland.com\/wp-content\/uploads\/cica-pdrn.webp","datePublished":"2025-12-09T10:38:11+00:00","dateModified":"2025-12-09T11:26:07+00:00","description":"CICA PDRN \u2013 korealainen uudistava raaka-aine, joka yhdist\u00e4\u00e4 Centella asiatican ja PDRN:n. Tukee ihon paranemista, parantaa elastisuutta ja v\u00e4hent\u00e4\u00e4 tulehdusta.","breadcrumb":{"@id":"https:\/\/naturalpoland.com\/fi\/tuotteet\/kosmetiikkateollisuuden-tuotteet\/vaikuttavat-aineet\/cica-pdrn\/#breadcrumb"},"inLanguage":"fi","potentialAction":[{"@type":"ReadAction","target":["https:\/\/naturalpoland.com\/fi\/tuotteet\/kosmetiikkateollisuuden-tuotteet\/vaikuttavat-aineet\/cica-pdrn\/"]}]},{"@type":"ImageObject","inLanguage":"fi","@id":"https:\/\/naturalpoland.com\/fi\/tuotteet\/kosmetiikkateollisuuden-tuotteet\/vaikuttavat-aineet\/cica-pdrn\/#primaryimage","url":"https:\/\/naturalpoland.com\/wp-content\/uploads\/cica-pdrn.webp","contentUrl":"https:\/\/naturalpoland.com\/wp-content\/uploads\/cica-pdrn.webp","width":1024,"height":1024,"caption":"CICA PDRN"},{"@type":"BreadcrumbList","@id":"https:\/\/naturalpoland.com\/fi\/tuotteet\/kosmetiikkateollisuuden-tuotteet\/vaikuttavat-aineet\/cica-pdrn\/#breadcrumb","itemListElement":[{"@type":"ListItem","position":1,"name":"Etusivu","item":"https:\/\/naturalpoland.com\/fi\/"},{"@type":"ListItem","position":2,"name":"Tuotteet","item":"https:\/\/naturalpoland.com\/fi\/tuotteet\/"},{"@type":"ListItem","position":3,"name":"CICA PDRN"}]},{"@type":"WebSite","@id":"https:\/\/naturalpoland.com\/fi\/#website","url":"https:\/\/naturalpoland.com\/fi\/","name":"NATURAL POLAND - RAAKA-AINEIDEN TUKKUJAKELIJA","description":"Surowce dla przemys\u0142u spo\u017cywczego, kosmetycznego i farmaceutycznego","publisher":{"@id":"https:\/\/naturalpoland.com\/fi\/#organization"},"potentialAction":[{"@type":"SearchAction","target":{"@type":"EntryPoint","urlTemplate":"https:\/\/naturalpoland.com\/fi\/?s={search_term_string}"},"query-input":{"@type":"PropertyValueSpecification","valueRequired":true,"valueName":"search_term_string"}}],"inLanguage":"fi"},{"@type":"Organization","@id":"https:\/\/naturalpoland.com\/fi\/#organization","name":"Natural Poland","url":"https:\/\/naturalpoland.com\/fi\/","logo":{"@type":"ImageObject","inLanguage":"fi","@id":"https:\/\/naturalpoland.com\/fi\/#\/schema\/logo\/image\/","url":"https:\/\/naturalpoland.com\/wp-content\/uploads\/2021\/05\/natural-poland-icon.png","contentUrl":"https:\/\/naturalpoland.com\/wp-content\/uploads\/2021\/05\/natural-poland-icon.png","width":512,"height":512,"caption":"Natural Poland"},"image":{"@id":"https:\/\/naturalpoland.com\/fi\/#\/schema\/logo\/image\/"},"sameAs":["https:\/\/www.facebook.com\/naturalpoland.b2b","https:\/\/pl.linkedin.com\/company\/natural-poland","https:\/\/www.youtube.com\/channel\/UCgeGGkvOMahZo-xu_MSEWxg"]}]}},"_links":{"self":[{"href":"https:\/\/naturalpoland.com\/fi\/wp-json\/wp\/v2\/product\/43975","targetHints":{"allow":["GET"]}}],"collection":[{"href":"https:\/\/naturalpoland.com\/fi\/wp-json\/wp\/v2\/product"}],"about":[{"href":"https:\/\/naturalpoland.com\/fi\/wp-json\/wp\/v2\/types\/product"}],"wp:featuredmedia":[{"embeddable":true,"href":"https:\/\/naturalpoland.com\/fi\/wp-json\/wp\/v2\/media\/43976"}],"wp:attachment":[{"href":"https:\/\/naturalpoland.com\/fi\/wp-json\/wp\/v2\/media?parent=43975"}],"wp:term":[{"taxonomy":"product_brand","embeddable":true,"href":"https:\/\/naturalpoland.com\/fi\/wp-json\/wp\/v2\/product_brand?post=43975"},{"taxonomy":"product_cat","embeddable":true,"href":"https:\/\/naturalpoland.com\/fi\/wp-json\/wp\/v2\/product_cat?post=43975"},{"taxonomy":"product_tag","embeddable":true,"href":"https:\/\/naturalpoland.com\/fi\/wp-json\/wp\/v2\/product_tag?post=43975"}],"curies":[{"name":"wp","href":"https:\/\/api.w.org\/{rel}","templated":true}]}}