{"id":44173,"date":"2025-12-16T13:28:39","date_gmt":"2025-12-16T12:28:39","guid":{"rendered":"https:\/\/naturalpoland.com\/produkty\/Ei-luokiteltu\/oreganouute\/"},"modified":"2025-12-18T13:31:14","modified_gmt":"2025-12-18T12:31:14","slug":"oreganouute","status":"publish","type":"product","link":"https:\/\/naturalpoland.com\/fi\/tuotteet\/kasviuutteet\/oreganouute\/","title":{"rendered":"Oreganouute"},"content":{"rendered":"<h2>Oreganouutteen ominaisuudet ja vaikutus<\/h2>\n<p>Oreganouutteelle on ominaista <strong>polyfenolien<\/strong>, <strong>flavonoidien<\/strong> ja <strong>fenoliyhdisteiden<\/strong> sis\u00e4lt\u00f6, jotka vastaavat sen <strong>antioksidanttisesta ja suojaavasta<\/strong> vaikutuksesta. N\u00e4m\u00e4 yhdisteet auttavat neutraloimaan vapaita radikaaleja ja v\u00e4hent\u00e4v\u00e4t ymp\u00e4rist\u00f6tekij\u00f6iden haitallisia vaikutuksia iholle. <\/p>\n<p>Kosmeettisissa koostumuksissa oreganouute osoittaa:<\/p>\n<ul>\n<li>puhdistava ja ihoa tasapainottava vaikutus,<\/li>\n<li>s\u00e4\u00e4televi\u00e4 ominaisuuksia, jotka ovat erityisen t\u00e4rkeit\u00e4 rasvaisen ja sekaihon tuotteissa,<\/li>\n<li>tukea ihon ja hiuspohjan normaalin mikroymp\u00e4rist\u00f6n yll\u00e4pit\u00e4misess\u00e4,<\/li>\n<li>tukevaa vaikutusta ongelmaihon hoitoon tarkoitetuissa kosmetiikkatuotteissa.<\/li>\n<\/ul>\n<p>Biologisesti aktiivisten luonnollisten kasviyhdisteiden ansiosta oreganouutetta k\u00e4ytet\u00e4\u00e4n my\u00f6s monitoimisena ainesosana, joka tukee koostumusten stabiilisuutta ja toimivuutta.<\/p>\n<h2>Oreganouutteen k\u00e4ytt\u00f6<\/h2>\n<p>Oreganouutetta k\u00e4ytet\u00e4\u00e4n laajasti kosmeettisena raaka-aineena tuotteissa, kuten:<\/p>\n<ul>\n<li>kasvojen ja vartalon hoitovoiteet ja -emulsiot,<\/li>\n<li>puhdistavat kasvovedet, hydrolaattit ja esanssit,<\/li>\n<li>seerumit ja tiivisteet ongelmaiholle,<\/li>\n<li>hiuspohjan ja hiusten hoitotuotteet (shampoot, hiusvedet, naamiot),<\/li>\n<li>kosmetiikka ulkoisille haittatekij\u00f6ille altistuvan ihon hoitoon.<\/li>\n<\/ul>\n<p>Uutteen vesipohjaisen luonteen vuoksi raaka-aine sekoittuu hyvin vesipohjaisiin koostumuksiin ja sit\u00e4 voidaan k\u00e4ytt\u00e4\u00e4 luonnollisissa ja minimalistisissa tuotteissa.<\/p>\n","protected":false},"excerpt":{"rendered":"<p><strong>Oreganouute<\/strong> on luonnollinen kasviraaka-aine, joka saadaan oreganon (<em>Origanum vulgare L.<\/em>) lehdist\u00e4 ja kukista. Se on yksi tunnetuimmista aromaattisista kasvilajeista, jota k\u00e4ytet\u00e4\u00e4n sek\u00e4 fytoterapiassa ett\u00e4 kosmetiikkateollisuudessa.<\/p>\n","protected":false},"featured_media":44174,"template":"","meta":{"_acf_changed":false},"product_brand":[],"product_cat":[528],"product_tag":[],"class_list":{"0":"post-44173","1":"product","2":"type-product","3":"status-publish","4":"has-post-thumbnail","6":"product_cat-kasviuutteet","7":"pa_czesc-rosliny-kukka","8":"pa_czesc-rosliny-lehdet","10":"first","11":"instock","12":"shipping-taxable","13":"product-type-simple"},"acf":[],"yoast_head":"<!-- This site is optimized with the Yoast SEO plugin v27.5 - https:\/\/yoast.com\/product\/yoast-seo-wordpress\/ -->\n<title>Oreganouute - Tukkudistribuutio<\/title>\n<meta name=\"description\" content=\"Oreganouute on luonnollinen kosmeettinen raaka-aine, jolla on antioksidanttisia ja puhdistavia vaikutuksia, ja se sopii voiteisiin, kasvovesiin sek\u00e4 ongelmaihon tuotteisiin.\" \/>\n<meta name=\"robots\" content=\"index, follow, max-snippet:-1, max-image-preview:large, max-video-preview:-1\" \/>\n<link rel=\"canonical\" href=\"https:\/\/naturalpoland.com\/fi\/tuotteet\/kasviuutteet\/oreganouute\/\" \/>\n<meta property=\"og:locale\" content=\"fi_FI\" \/>\n<meta property=\"og:type\" content=\"article\" \/>\n<meta property=\"og:title\" content=\"Oreganouute - Tukkudistribuutio\" \/>\n<meta property=\"og:description\" content=\"Oreganouute on luonnollinen kosmeettinen raaka-aine, jolla on antioksidanttisia ja puhdistavia vaikutuksia, ja se sopii voiteisiin, kasvovesiin sek\u00e4 ongelmaihon tuotteisiin.\" \/>\n<meta property=\"og:url\" content=\"https:\/\/naturalpoland.com\/fi\/tuotteet\/kasviuutteet\/oreganouute\/\" \/>\n<meta property=\"og:site_name\" content=\"NATURAL POLAND - RAAKA-AINEIDEN TUKKUJAKELIJA\" \/>\n<meta property=\"article:publisher\" content=\"https:\/\/www.facebook.com\/naturalpoland.b2b\" \/>\n<meta property=\"article:modified_time\" content=\"2025-12-18T12:31:14+00:00\" \/>\n<meta property=\"og:image\" content=\"https:\/\/naturalpoland.com\/wp-content\/uploads\/ekstrakt-z-oregano.webp\" \/>\n\t<meta property=\"og:image:width\" content=\"1024\" \/>\n\t<meta property=\"og:image:height\" content=\"1024\" \/>\n\t<meta property=\"og:image:type\" content=\"image\/webp\" \/>\n<script type=\"application\/ld+json\" class=\"yoast-schema-graph\">{\"@context\":\"https:\\\/\\\/schema.org\",\"@graph\":[{\"@type\":\"WebPage\",\"@id\":\"https:\\\/\\\/naturalpoland.com\\\/fi\\\/tuotteet\\\/kasviuutteet\\\/oreganouute\\\/\",\"url\":\"https:\\\/\\\/naturalpoland.com\\\/fi\\\/tuotteet\\\/kasviuutteet\\\/oreganouute\\\/\",\"name\":\"Oreganouute - Tukkudistribuutio\",\"isPartOf\":{\"@id\":\"https:\\\/\\\/naturalpoland.com\\\/fi\\\/#website\"},\"primaryImageOfPage\":{\"@id\":\"https:\\\/\\\/naturalpoland.com\\\/fi\\\/tuotteet\\\/kasviuutteet\\\/oreganouute\\\/#primaryimage\"},\"image\":{\"@id\":\"https:\\\/\\\/naturalpoland.com\\\/fi\\\/tuotteet\\\/kasviuutteet\\\/oreganouute\\\/#primaryimage\"},\"thumbnailUrl\":\"https:\\\/\\\/naturalpoland.com\\\/wp-content\\\/uploads\\\/ekstrakt-z-oregano.webp\",\"datePublished\":\"2025-12-16T12:28:39+00:00\",\"dateModified\":\"2025-12-18T12:31:14+00:00\",\"description\":\"Oreganouute on luonnollinen kosmeettinen raaka-aine, jolla on antioksidanttisia ja puhdistavia vaikutuksia, ja se sopii voiteisiin, kasvovesiin sek\u00e4 ongelmaihon tuotteisiin.\",\"breadcrumb\":{\"@id\":\"https:\\\/\\\/naturalpoland.com\\\/fi\\\/tuotteet\\\/kasviuutteet\\\/oreganouute\\\/#breadcrumb\"},\"inLanguage\":\"fi\",\"potentialAction\":[{\"@type\":\"ReadAction\",\"target\":[\"https:\\\/\\\/naturalpoland.com\\\/fi\\\/tuotteet\\\/kasviuutteet\\\/oreganouute\\\/\"]}]},{\"@type\":\"ImageObject\",\"inLanguage\":\"fi\",\"@id\":\"https:\\\/\\\/naturalpoland.com\\\/fi\\\/tuotteet\\\/kasviuutteet\\\/oreganouute\\\/#primaryimage\",\"url\":\"https:\\\/\\\/naturalpoland.com\\\/wp-content\\\/uploads\\\/ekstrakt-z-oregano.webp\",\"contentUrl\":\"https:\\\/\\\/naturalpoland.com\\\/wp-content\\\/uploads\\\/ekstrakt-z-oregano.webp\",\"width\":1024,\"height\":1024,\"caption\":\"oreganouute\"},{\"@type\":\"BreadcrumbList\",\"@id\":\"https:\\\/\\\/naturalpoland.com\\\/fi\\\/tuotteet\\\/kasviuutteet\\\/oreganouute\\\/#breadcrumb\",\"itemListElement\":[{\"@type\":\"ListItem\",\"position\":1,\"name\":\"Etusivu\",\"item\":\"https:\\\/\\\/naturalpoland.com\\\/fi\\\/\"},{\"@type\":\"ListItem\",\"position\":2,\"name\":\"Tuotteet\",\"item\":\"https:\\\/\\\/naturalpoland.com\\\/fi\\\/tuotteet\\\/\"},{\"@type\":\"ListItem\",\"position\":3,\"name\":\"Oreganouute\"}]},{\"@type\":\"WebSite\",\"@id\":\"https:\\\/\\\/naturalpoland.com\\\/fi\\\/#website\",\"url\":\"https:\\\/\\\/naturalpoland.com\\\/fi\\\/\",\"name\":\"NATURAL POLAND - RAAKA-AINEIDEN TUKKUJAKELIJA\",\"description\":\"Surowce dla przemys\u0142u spo\u017cywczego, kosmetycznego i farmaceutycznego\",\"publisher\":{\"@id\":\"https:\\\/\\\/naturalpoland.com\\\/fi\\\/#organization\"},\"potentialAction\":[{\"@type\":\"SearchAction\",\"target\":{\"@type\":\"EntryPoint\",\"urlTemplate\":\"https:\\\/\\\/naturalpoland.com\\\/fi\\\/?s={search_term_string}\"},\"query-input\":{\"@type\":\"PropertyValueSpecification\",\"valueRequired\":true,\"valueName\":\"search_term_string\"}}],\"inLanguage\":\"fi\"},{\"@type\":\"Organization\",\"@id\":\"https:\\\/\\\/naturalpoland.com\\\/fi\\\/#organization\",\"name\":\"Natural Poland\",\"url\":\"https:\\\/\\\/naturalpoland.com\\\/fi\\\/\",\"logo\":{\"@type\":\"ImageObject\",\"inLanguage\":\"fi\",\"@id\":\"https:\\\/\\\/naturalpoland.com\\\/fi\\\/#\\\/schema\\\/logo\\\/image\\\/\",\"url\":\"https:\\\/\\\/naturalpoland.com\\\/wp-content\\\/uploads\\\/2021\\\/05\\\/natural-poland-icon.png\",\"contentUrl\":\"https:\\\/\\\/naturalpoland.com\\\/wp-content\\\/uploads\\\/2021\\\/05\\\/natural-poland-icon.png\",\"width\":512,\"height\":512,\"caption\":\"Natural Poland\"},\"image\":{\"@id\":\"https:\\\/\\\/naturalpoland.com\\\/fi\\\/#\\\/schema\\\/logo\\\/image\\\/\"},\"sameAs\":[\"https:\\\/\\\/www.facebook.com\\\/naturalpoland.b2b\",\"https:\\\/\\\/pl.linkedin.com\\\/company\\\/natural-poland\",\"https:\\\/\\\/www.youtube.com\\\/channel\\\/UCgeGGkvOMahZo-xu_MSEWxg\"]}]}<\/script>\n<!-- \/ Yoast SEO plugin. -->","yoast_head_json":{"title":"Oreganouute - Tukkudistribuutio","description":"Oreganouute on luonnollinen kosmeettinen raaka-aine, jolla on antioksidanttisia ja puhdistavia vaikutuksia, ja se sopii voiteisiin, kasvovesiin sek\u00e4 ongelmaihon tuotteisiin.","robots":{"index":"index","follow":"follow","max-snippet":"max-snippet:-1","max-image-preview":"max-image-preview:large","max-video-preview":"max-video-preview:-1"},"canonical":"https:\/\/naturalpoland.com\/fi\/tuotteet\/kasviuutteet\/oreganouute\/","og_locale":"fi_FI","og_type":"article","og_title":"Oreganouute - Tukkudistribuutio","og_description":"Oreganouute on luonnollinen kosmeettinen raaka-aine, jolla on antioksidanttisia ja puhdistavia vaikutuksia, ja se sopii voiteisiin, kasvovesiin sek\u00e4 ongelmaihon tuotteisiin.","og_url":"https:\/\/naturalpoland.com\/fi\/tuotteet\/kasviuutteet\/oreganouute\/","og_site_name":"NATURAL POLAND - RAAKA-AINEIDEN TUKKUJAKELIJA","article_publisher":"https:\/\/www.facebook.com\/naturalpoland.b2b","article_modified_time":"2025-12-18T12:31:14+00:00","og_image":[{"width":1024,"height":1024,"url":"https:\/\/naturalpoland.com\/wp-content\/uploads\/ekstrakt-z-oregano.webp","type":"image\/webp"}],"schema":{"@context":"https:\/\/schema.org","@graph":[{"@type":"WebPage","@id":"https:\/\/naturalpoland.com\/fi\/tuotteet\/kasviuutteet\/oreganouute\/","url":"https:\/\/naturalpoland.com\/fi\/tuotteet\/kasviuutteet\/oreganouute\/","name":"Oreganouute - Tukkudistribuutio","isPartOf":{"@id":"https:\/\/naturalpoland.com\/fi\/#website"},"primaryImageOfPage":{"@id":"https:\/\/naturalpoland.com\/fi\/tuotteet\/kasviuutteet\/oreganouute\/#primaryimage"},"image":{"@id":"https:\/\/naturalpoland.com\/fi\/tuotteet\/kasviuutteet\/oreganouute\/#primaryimage"},"thumbnailUrl":"https:\/\/naturalpoland.com\/wp-content\/uploads\/ekstrakt-z-oregano.webp","datePublished":"2025-12-16T12:28:39+00:00","dateModified":"2025-12-18T12:31:14+00:00","description":"Oreganouute on luonnollinen kosmeettinen raaka-aine, jolla on antioksidanttisia ja puhdistavia vaikutuksia, ja se sopii voiteisiin, kasvovesiin sek\u00e4 ongelmaihon tuotteisiin.","breadcrumb":{"@id":"https:\/\/naturalpoland.com\/fi\/tuotteet\/kasviuutteet\/oreganouute\/#breadcrumb"},"inLanguage":"fi","potentialAction":[{"@type":"ReadAction","target":["https:\/\/naturalpoland.com\/fi\/tuotteet\/kasviuutteet\/oreganouute\/"]}]},{"@type":"ImageObject","inLanguage":"fi","@id":"https:\/\/naturalpoland.com\/fi\/tuotteet\/kasviuutteet\/oreganouute\/#primaryimage","url":"https:\/\/naturalpoland.com\/wp-content\/uploads\/ekstrakt-z-oregano.webp","contentUrl":"https:\/\/naturalpoland.com\/wp-content\/uploads\/ekstrakt-z-oregano.webp","width":1024,"height":1024,"caption":"oreganouute"},{"@type":"BreadcrumbList","@id":"https:\/\/naturalpoland.com\/fi\/tuotteet\/kasviuutteet\/oreganouute\/#breadcrumb","itemListElement":[{"@type":"ListItem","position":1,"name":"Etusivu","item":"https:\/\/naturalpoland.com\/fi\/"},{"@type":"ListItem","position":2,"name":"Tuotteet","item":"https:\/\/naturalpoland.com\/fi\/tuotteet\/"},{"@type":"ListItem","position":3,"name":"Oreganouute"}]},{"@type":"WebSite","@id":"https:\/\/naturalpoland.com\/fi\/#website","url":"https:\/\/naturalpoland.com\/fi\/","name":"NATURAL POLAND - RAAKA-AINEIDEN TUKKUJAKELIJA","description":"Surowce dla przemys\u0142u spo\u017cywczego, kosmetycznego i farmaceutycznego","publisher":{"@id":"https:\/\/naturalpoland.com\/fi\/#organization"},"potentialAction":[{"@type":"SearchAction","target":{"@type":"EntryPoint","urlTemplate":"https:\/\/naturalpoland.com\/fi\/?s={search_term_string}"},"query-input":{"@type":"PropertyValueSpecification","valueRequired":true,"valueName":"search_term_string"}}],"inLanguage":"fi"},{"@type":"Organization","@id":"https:\/\/naturalpoland.com\/fi\/#organization","name":"Natural Poland","url":"https:\/\/naturalpoland.com\/fi\/","logo":{"@type":"ImageObject","inLanguage":"fi","@id":"https:\/\/naturalpoland.com\/fi\/#\/schema\/logo\/image\/","url":"https:\/\/naturalpoland.com\/wp-content\/uploads\/2021\/05\/natural-poland-icon.png","contentUrl":"https:\/\/naturalpoland.com\/wp-content\/uploads\/2021\/05\/natural-poland-icon.png","width":512,"height":512,"caption":"Natural Poland"},"image":{"@id":"https:\/\/naturalpoland.com\/fi\/#\/schema\/logo\/image\/"},"sameAs":["https:\/\/www.facebook.com\/naturalpoland.b2b","https:\/\/pl.linkedin.com\/company\/natural-poland","https:\/\/www.youtube.com\/channel\/UCgeGGkvOMahZo-xu_MSEWxg"]}]}},"_links":{"self":[{"href":"https:\/\/naturalpoland.com\/fi\/wp-json\/wp\/v2\/product\/44173","targetHints":{"allow":["GET"]}}],"collection":[{"href":"https:\/\/naturalpoland.com\/fi\/wp-json\/wp\/v2\/product"}],"about":[{"href":"https:\/\/naturalpoland.com\/fi\/wp-json\/wp\/v2\/types\/product"}],"wp:featuredmedia":[{"embeddable":true,"href":"https:\/\/naturalpoland.com\/fi\/wp-json\/wp\/v2\/media\/44174"}],"wp:attachment":[{"href":"https:\/\/naturalpoland.com\/fi\/wp-json\/wp\/v2\/media?parent=44173"}],"wp:term":[{"taxonomy":"product_brand","embeddable":true,"href":"https:\/\/naturalpoland.com\/fi\/wp-json\/wp\/v2\/product_brand?post=44173"},{"taxonomy":"product_cat","embeddable":true,"href":"https:\/\/naturalpoland.com\/fi\/wp-json\/wp\/v2\/product_cat?post=44173"},{"taxonomy":"product_tag","embeddable":true,"href":"https:\/\/naturalpoland.com\/fi\/wp-json\/wp\/v2\/product_tag?post=44173"}],"curies":[{"name":"wp","href":"https:\/\/api.w.org\/{rel}","templated":true}]}}